{"id":55813,"date":"2022-02-14T15:59:36","date_gmt":"2022-02-14T23:59:36","guid":{"rendered":"https:\/\/www.squareone.ca\/panne-de-courant"},"modified":"2026-03-18T13:34:42","modified_gmt":"2026-03-18T20:34:42","slug":"panne-de-courant","status":"publish","type":"page","link":"https:\/\/www.squareone.ca\/fr\/centres-ressources\/securite-domiciliaire-personnelle\/panne-de-courant","title":{"rendered":"Pannes de courant : causes, pr\u00e9paration et ce qu\u2019il faut faire pendant et apr\u00e8s"},"content":{"rendered":"<section id='intro' class=\"bg-shape-split bg-sub-page-hero\">\r\n    <div class=\"bg-position\">\r\n        <div class=\"container-fluid\">\r\n            <div class=\"row align-items-center\">\r\n                <div class=\"col-12 col-lg-8\">\r\n\t\t\t\t\t<h1>Pannes de courant\u00a0: causes, pr\u00e9paration et ce qu\u2019il faut faire pendant et apr\u00e8s<\/h1>\r\n  <strong>Article r\u00e9dig\u00e9 par <a href=\"\/fr\/a-propos-de-nous\/contributeurs#anthony-michael\" title=\"Auteur : Anthony Michael\">Anthony Michael<\/a><\/strong>\r\n\t\t\t\t\t<div style=\"margin-top:48px;\"><p class=\"pb-4\" style=\"margin-top:-24px\">Mis \u00e0 jour le 24 juin 2024<\/p><\/div>\r\n                <\/div>\r\n            <\/div>\r\n\r\n            <div class=\"row\">\r\n                <div class=\"col-lg-8\">            \t\t\t\t\t\r\n                \r\n<p class=\"display-4\">Les pannes de courant subites sont emb\u00eatantes. Ce n\u2019est pas une partie de plaisir de fouiller dans le noir avec une torche \u00e9lectrique ou de perdre votre service Internet pendant quelques heures.<\/p>\r\n\r\n                <p class=\"display-4\">Mais les pannes de courant prolong\u00e9es posent \u00e9galement des risques sanitaires et s\u00e9curitaires graves, surtout pendant les \u00e9v\u00e9nements m\u00e9t\u00e9orologiques violents. G\u00e9n\u00e9ralement, une panne de courant ne dure pas longtemps, mais dans certains cas, elle peut durer quelques jours. Lisez la suite pour d\u00e9couvrir les causes des pannes de courant, ce que vous pouvez faire pour vous pr\u00e9parer et ce que vous devez faire pendant et apr\u00e8s.<\/p>\r\n                <p class=\"pt-2\"><img loading=\"lazy\" decoding=\"async\" src=\"https:\/\/cdn.squareone.ca\/wp-content\/uploads\/2022\/02\/14171820\/pannes-de-courant.jpg\" alt=\"un technicien d\u2019Hydro dans un camion nacelle r\u00e9pare des c\u00e2bles sous un ciel clair\" title=\"un technicien d\u2019Hydro r\u00e9pare des c\u00e2bles apr\u00e8s une panne de courant\" width=\"248\" height=\"165\" class=\"img-fluid\" rel=\"noopener noreferrer\"><\/p>\r\n             <\/div>\r\n\r\n             <div class=\"col-lg-3 offset-lg-1\">\r\n                    <p class=\"mb-2 display-4 pt-4 pt-lg-0 pt-mb-0\"><strong>Th\u00e8mes<\/strong><\/p>\r\n                    <ul class=\"list-unstyled link-list display-4\">\r\n\t\t\t<li><a href='#causes'>Causes des pannes de courant<\/a><\/li>\r\n\t\t\t<li><a href='#preparation'>Pr\u00e9paration<\/a><\/li>\r\n\r\n<ul class=\"link-list display-6\">\r\n<li type=\"disc\" style=\"font-size:18px\"><a href=\"#sump-pumps\">Pr\u00e9paration de votre pompe \u00e0 puisard<\/a><\/li>\r\n<\/ul>\r\n\r\n\t\t\t<li><a href='#ce-quil-faut-faire'>Ce qu\u2019il faut faire pendant une panne de courant<\/a><\/li>\r\n\t\t\t<li><a href='#apres'>Ce qu\u2019il faut faire apr\u00e8s une panne de courant<\/a><\/li>\t\r\n                        <li><a href='#considerations-assurance'>Consid\u00e9rations en assurance habitation<\/a><\/li>\t\t\t\r\n\t\t\t<li><a href='#FAQ'>Questions fr\u00e9quemment pos\u00e9es<\/a><\/li>\t\t\t\r\n                    <\/ul>\r\n                <\/div>\r\n            <\/div>  \r\n        <\/div>\r\n    <\/div>\r\n    <div class=\"bg-bottom\"><\/div>\r\n<\/section>    \t\t\r\n\r\n<section>\r\n<div class=\"container-fluid py-6\">\r\n    <div class=\"row\">\r\n        <div class=\"col-12 col-lg-8\">       \r\n\r\n\t\t<h2 id=\"causes\">Quelles sont les causes des pannes de courant?<\/h2>\r\n\r\n\t\t\t<p>Il existe deux types de panne de courant\u00a0: planifi\u00e9e et non planifi\u00e9e. Les pannes de courant planifi\u00e9es sont programm\u00e9es par votre fournisseur d\u2019\u00e9lectricit\u00e9 pour entretenir le r\u00e9seau et pour prot\u00e9ger leurs techniciens pendant qu\u2019ils ex\u00e9cutent les travaux, comme le d\u00e9coupage des branches d\u2019arbres pr\u00e8s d\u2019un poteau \u00e9lectrique. Le fournisseur d\u2019\u00e9lectricit\u00e9 informe les clients des pannes de courant planifi\u00e9es.<\/p>\r\n\r\n\t\t\t<p>La majorit\u00e9 des pannes de courant ne sont pas planifi\u00e9es. Voici certaines des causes des pannes de courant\u00a0:<\/p>\r\n\r\n\t\t\t<ul>\r\n\t\t\t\t<li>\u00c9v\u00e9nements m\u00e9t\u00e9orologiques extr\u00eames (orages, temp\u00eates de verglas, inondations, tremblements de terre et les <a href=\"https:\/\/www.squareone.ca\/resource-centres\/home-personal-safety\/preparing-for-tornados\" title=\"Comment vous prot\u00e9ger contre les tornades, les temp\u00eates de vent et les temp\u00eates d\u2019hiver - Square One\">tornades<\/a>)<\/li>\r\n\t\t\t\t<li>Accidents (une auto qui frappe un poteau \u00e9lectrique ou un arbre tombe sur des installations \u00e9lectriques)<\/li>\r\n\t\t\t\t<li>Animaux (un \u00e9cureuil ou un raton laveur ronge un c\u00e2ble)<\/li>\r\n\t\t\t\t<li>Surcharge d\u2019utilisation (le r\u00e9seau \u00e9lectrique est surcharg\u00e9 en raison d\u2019une utilisation plus \u00e9lev\u00e9e que normale)<\/li>\r\n\t\t\t<\/ul>\r\n\r\n\t\t<h2 id=\"preparation\">Pr\u00e9paration pour une panne de courant<\/h2>\r\n\r\n\t\t\t<img decoding=\"async\" src=\"https:\/\/cdn.squareone.ca\/wp-content\/uploads\/2022\/02\/14171829\/bougies-horloge-numerique.jpg\" alt=\"Deux bougies d'urgence \u00e0 c\u00f4t\u00e9 d'une horloge num\u00e9rique dans un milieu sombre\" title=\"Pr\u00e9paration pour une panne de courant\" width=\"800\" height=\"533\" class=\"img-fluid\" loading=\"lazy\"\/>\r\n\t\t\t<div class=\"mb-3\">\r\n\t\t\t<small><a href=\"https:\/\/www.wallpaperflare.com\/candlelight-timer-power-outage-flame-fire-burning-fire-natural-phenomenon-wallpaper-wakkl\" title=\"Comment rem\u00e9dier \u00e0 une coupure d\u2019\u00e9lectricit\u00e9 ?\" rel=\"noopener noreferrer nofollow\" target=\"_blank\">Source<\/a><\/small>\r\n\t\t\t<\/div>\r\n\r\n\t\t\t<p>\u00c9tant donn\u00e9 qu\u2019une panne de courant peut survenir en tout temps, il est important que vous soyez pr\u00e9par\u00e9. Il est envisageable d\u2019avoir les articles suivants \u00e0 port\u00e9e de main\u00a0:<\/p>\r\n\r\n\t\t\t<ul>\r\n\t\t\t\t<li>Une lampe de poche et des piles<\/li>\r\n\t\t\t\t<li>Une radio \u00e0 piles<\/li>\r\n\t\t\t\t<li>Des bougies<\/li>\r\n\t\t\t\t<li>Un ensemble de fondue et du carburant<\/li>\r\n\t\t\t\t<li>Un briquet et\/ou des allumettes<\/li>\r\n\t\t\t\t<li>Des couvertures chaudes<\/li>\r\n\t\t\t\t<li>Du bois si vous avez un po\u00eale ou un foyer<\/li>\r\n\t\t\t<\/ul>\r\n\r\n\t\t\t<p>Si vous utilisez un syst\u00e8me de chauffage \u00e0 combustion dans votre maison, comme un foyer \u00e0 gaz ou un <a href=\"https:\/\/www.squareone.ca\/fr\/centres-ressources\/securite-domiciliaire-personnelle\/conseils-securite-poele-a-bois-a-la-maison\" title=\"Conseils de s\u00e9curit\u00e9 pour un po\u00eale \u00e0 bois - Square One\">po\u00eale \u00e0 bois<\/a>, assurez-vous d\u2019installer un d\u00e9tecteur de monoxyde de carbone et apprenez comment reconna\u00eetre les sympt\u00f4mes de l\u2019empoisonnement au monoxyde de carbone.<\/p>\r\n\r\n<h3 id=\"sump-pumps\">Pannes de courant et pompes \u00e0 puisard<\/h3>\r\n\r\n<p>Si votre maison a une pompe \u00e0 puisard, il est crucial qu\u2019elle puisse continuer \u00e0 fonctionner pendant une panne de courant prolong\u00e9e. \u00c9tant donn\u00e9 que bon nombre de pannes de courant sont caus\u00e9es par des ph\u00e9nom\u00e8nes m\u00e9t\u00e9orologiques violents et la pluie abondante, vous avez int\u00e9r\u00eat \u00e0 avoir une pompe \u00e0 puisard qui peut fonctionner sans courant.<\/p>\r\n\r\n<p>De nombreuses pompes \u00e0 puisard sont \u00e9quip\u00e9es d\u2019une batterie auxiliaire. D\u2019habitude, une batterie auxiliaire ne dure que quelques heures. Dans cette optique, une g\u00e9n\u00e9ratrice de secours est une solution plus viable. Vous pouvez vous procurer une petite g\u00e9n\u00e9ratrice de secours qui n\u2019exploite que la pompe \u00e0 puisard. Certains propri\u00e9taires occupants installent une g\u00e9n\u00e9ratrice de r\u00e9serve qui peut alimenter la maison enti\u00e8re pendant une panne de courant.<\/p>\r\n\r\n<p>Une g\u00e9n\u00e9ratrice de secours peut s\u2019av\u00e9rer co\u00fbteuse (elle est souvent estim\u00e9e \u00e0 au moins 5\u2009000 $, plus les frais d\u2019installation), mais elle peut vous prot\u00e9ger contre les inondations sous-sol. Bien que <a href=\"\/fr\/habitation\/eau\" title=\"Assurance contre les d\u00e9g\u00e2ts d\u2019eau\">l\u2019assurance contre les d\u00e9g\u00e2ts d\u2019eau<\/a> puisse couvrir les dommages d\u00e9coulant d\u2019une pompe \u00e0 puisard, un sous-sol inond\u00e9 n\u2019est pas une exp\u00e9rience agr\u00e9able.<\/p>\r\n\r\n\r\n\t\t<h2 id=\"ce-quil-faut-faire\">Ce qu\u2019il faut faire pendant une panne de courant<\/h2>\r\n\r\n\t\t\t<p>Le fournisseur d\u2019\u00e9lectricit\u00e9 local fera des mises \u00e0 jour sur l\u2019\u00e9tat de la panne de courant. Vous pouvez vous tenir au courant en appelant la compagnie, en consultant son site Web ou en \u00e9coutant les derni\u00e8res nouvelles \u00e0 l\u2019aide d\u2019une radio \u00e0 piles.<\/p>\r\n\r\n\t\t\t<p>\u00c9vitez d\u2019ouvrir constamment le frigo ou le cong\u00e9lateur afin de pr\u00e9server vos aliments le plus longtemps possible. Si vous avez des voisins vuln\u00e9rables, faites un tour pour voir s\u2019ils ont besoin d\u2019aide.<\/p>\r\n\r\n\t\t\t<p>N\u2019utilisez pas des appareils comme un barbecue \u00e0 charbon ou \u00e0 propane \u00e0 l\u2019int\u00e9rieur. Non seulement ces appareils repr\u00e9sentent un risque d\u2019incendie, ils d\u00e9gagent du monoxyde de carbone, un gaz sans odeur et sans couleur qui peut causer des maladies et m\u00eame la mort. Si vous utilisez des bougies pour allumer votre maison, faites-le de mani\u00e8re s\u00e9curitaire, car elles sont un risque d\u2019incendie.<\/p>\r\n\r\n\t\t\t<p>Si la panne durera plusieurs jours, il est possible que vous deviez quitter votre maison, surtout pendant les mois d\u2019hiver. Si vous ne trouvez pas d\u2019h\u00e9bergement ailleurs, votre municipalit\u00e9 vous donnera de l\u2019information sur les abris temporaires. Avant de partir, \u00e9teignez le disjoncteur d\u2019alimentation principal et le syst\u00e8me de chauffage d\u2019urgence si vous en avez. De plus, fermez le robinet automatique de d\u00e9bit d\u2019eau et drainez les tuyaux pour r\u00e9duire le risque du gel et de <a href=\"https:\/\/www.squareone.ca\/resource-centres\/insurance-basics\/frozen-pipes-dont-have-to-spell-disaster\" title=\"Les tuyaux gel\u00e9s et votre assurance habitation\">tuyaux \u00e9clat\u00e9s<\/a>. Versez de l\u2019antigel dans les r\u00e9servoirs et les cuvettes des toilettes, et dans tous les tuyaux des lavabos.<\/p>\r\n\r\n\t\t\t<\/div>\r\n        <\/div>\r\n    <\/div>\r\n<\/section>\r\n\r\n\t<section class=\"bg-transparent\">\n\t\t<img decoding=\"async\" src=\"\/sales\/images\/bgs\/bg-mid-page-cta-general-top.svg\" style=\"width: 100%; vertical-align: bottom; position: relative; top: 1px\"\/>\n\t\t\n\t\t<div class=\"bg-darkTeal py-3\">\t\t\t\n\t\t\t<div class=\"container-fluid\">\n\t\t\t\t<div class=\"row d-flex align-items-center pb-5\">\n\t\t\t\t\t<div class=\"col-12 col-md-8 offset-md-2 px-lg-5 pb-5 pb-lg-0\">\n\t\t\t\t\t\t<div class=\"h6 mb-4 text-primary text-uppercase text-center\">\n\t\t\t\t\t\t\tCela ne prend que 5\u00a0minutes \n\t\t\t\t\t\t<\/div>\t\t\n\t\t\t\t\t\t\t\t\t\t\t\n\t\t\t\t\t\t<p class=\"lead px-lg-5 text-white\">\n\t\t\t\t\t\t\t<strong class=\"d-inline-block text-uc-first\">Pr\u00eat \u00e0 obtenir une soumission en ligne? <\/strong> Votre temps est aussi pr\u00e9cieux que vos possessions. Obtenez une soumission d'assurance habitation en <strong>5 minutes<\/strong>. C\u2019est moins de temps qu\u2019il n\u2019en faut pour faire la file pour un caf\u00e9.\n\t\t\t\t\t\t<\/p>\t\t\t\n\t\n\t\t\t\t\t\t<div id=\"sq1-qw-7a8088c3d100\" class=\"sq1-quote-widget mb-4 text-white\" data-quote-widget-type=\"HOME\" data-has-custom-text=\"true\">\n\t\t\t\t\t\t\t<div class=\"input-group input-group-focus-within bg-white my-4\">\n\t\t\t\t\t\t\t\t<div>\n\t\t\t\t\t\t\t\t\t<div class=\"input-group-text\">\n\t\t\t\t\t\t\t\t\t\t<i class=\"fa fa-map-marker d-block text-black\"><\/i>\n\t\t\t\t\t\t\t\t\t<\/div>\n\t\t\t\t\t\t\t\t<\/div>\n\t\t\t\t\t\t\t\t<input type=\"text\" class=\"form-control\" style=\"padding: 10px;\" placeholder=\"Enter an address\" aria-label=\"Inscrivez votre adresse pour obtenir une soumission\"\/>\n\t\t\t\t\t\t\t\t<div>\n\t\t\t\t\t\t\t\t\t<button class=\"btn btn-primary\">Obtenir une soumission en ligne d\u00e8s maintenant<\/button>\n\t\t\t\t\t\t\t\t<\/div>\n\t\t\t\t\t\t\t<\/div>\n\t\t\t\t\t\t<\/div>\n\t\t\t\t\t\t\n\t\t\t\t\t\t<p class=\"small text-white\">Avant de commencer, veuillez lire notre <a href=\"https:\/\/www.squareone.ca\/fr\/politique-confidentialite\" target=\"_blank\" rel=\"noreferrer noopener\">Politique de confidentialit\u00e9<\/a> et nos <a href=\"https:\/\/www.squareone.ca\/fr\/conditions-utilisation\" target=\"_blank\" rel=\"noreferrer noopener\">Conditions d\u2019utilisation<\/a>.<\/p>\t\n\t\n\t\t\t\t\t\t<script type=\"text\/javascript\">\n\t\t\t\t\t\t(function() {\n\t\t\t\t\t\t\tdocument.addEventListener('soiMiscJsLoaded', function() {\n\t\t\t\t\t\t        $(document).ready(function() {\n\t\t\t\t\t\t\t\t\tsoiQuoteWidget.processFormWidget('\/sales\/index.php\/json_quote_widget?rand=' +Math.random(), 'qwContainer'); \/\/populate quoting widget with content from symfony.\n\t\t\t\t\t\t\t\t});\n\t\t\t\t\t\t\t});\n\t\t\t\t\t\t})();\n\t\t\t\t\t\t<\/script>\n\t\t\t\t\t<\/div>\n\t\t\t\t<\/div>\n\t\t\t<\/div>\n\t\t<\/div>\n\t\t\n\t\t<img decoding=\"async\" src=\"\/sales\/images\/bgs\/bg-mid-page-cta-general-bottom.svg\" style=\"width: 100%; vertical-align: top\"\/>\t\t\n\t<\/section>\r\n\r\n<section>\r\n    <div class=\"container-fluid py-6\">\r\n        <div class=\"row\">\r\n            <div class=\"col-12 col-lg-8\">\r\n\r\n\t\t\t<h2 id=\"apres\">Ce qu\u2019il faut faire apr\u00e8s une panne de courant<\/h2>\r\n\r\n\t\t\t\t<p>Lorsque le courant sera r\u00e9tabli, tout ce qui \u00e9tait allum\u00e9 au moment de la panne de courant sera allum\u00e9 \u00e0 nouveau. Assurez-vous que les luminaires, les \u00e9lectrom\u00e9nagers et les produits \u00e9lectroniques sont \u00e9teints afin d\u2019\u00e9viter le gaspillage d\u2019\u00e9lectricit\u00e9 ou une surtension de courant. N\u2019oubliez pas que ces appareils consomment de l\u2019\u00e9nergie, m\u00eame en veille.<\/p>\r\n\r\n\t\t\t\t<p>Remettez les pendules \u00e9lectriques \u00e0 l\u2019heure. Si la panne de courant \u00e9tait de courte dur\u00e9e, les aliments dans votre frigo ou cong\u00e9lateur devraient \u00eatre toujours bons, mais examinez-les quand m\u00eame pour des signes de d\u00e9t\u00e9rioration. En outre, ne prenez pas de m\u00e9dicaments qui doivent \u00eatre gard\u00e9s dans un endroit frais.<\/p>\r\n\r\n\t\t\t\t<p>Si vous deviez quitter votre maison, il vaut mieux rentrer pendant le jour pour mieux rep\u00e9rer les dommages ou les dangers. Assurez-vous que le chauffe-eau est plein avant de r\u00e9tablir le courant.<\/p>\r\n\r\n\t\t\t\t<p>Apr\u00e8s avoir \u00e9teint le disjoncteur d\u2019alimentation principal, allumez les appareils \u00e9lectriques un par un. Ouvrez le robinet automatique de d\u00e9bit d\u2019eau et les autres robinets. Si vous utilisez un syst\u00e8me de chauffage \u00e0 gaz, il faut qu\u2019un sp\u00e9cialiste le r\u00e9tablisse. Vous aurez \u00e0 jeter les aliments p\u00e9rissables dans le frigo ou dans le cong\u00e9lateur.<\/p>\r\n\r\n<h2 id=\"considerations-assurance\">Pannes de courant et l\u2019assurance habitation<\/h2>\r\n\r\n        <p>G\u00e9n\u00e9ralement, une panne de courant n\u2019endommagera pas votre habitation, mais il y a un aspect \u00e0 retenir dans le cadre de <a href=\"https:\/\/www.squareone.ca\/home\" title=\"Assurance habitation - Square One\">l\u2019assurance habitation<\/a>\u00a0: l\u2019alimentation avari\u00e9e.<\/p>\r\n        <p>Si la panne de courant s\u2019\u00e9tend sur une p\u00e9riode de 24 \u00e0 48\u00a0heures, les aliments dans le frigo et le cong\u00e9lateur pourraient se d\u00e9t\u00e9riorer. Si vous devez les jeter, il est possible que votre assurance habitation vous rembourse le co\u00fbt de les remplacer. Apr\u00e8s tout, le co\u00fbt de remplacer vos aliments peut rapidement monter.<\/p>\r\n        <p>Le montant de couverture pour aliments avari\u00e9s varie selon l\u2019assureur. Souvent, les polices n\u2019offrent qu\u2019une <a href=\"https:\/\/www.squareone.ca\/resource-centres\/insurance-glossary\/limit\" title=\"D\u00e9finition : limitation\">couverture limit\u00e9e<\/a> pour les aliments avari\u00e9s (un maximum de 500\u00a0$ \u00e0 1\u00a0000\u00a0$, par exemple). L\u2019admissibilit\u00e9 \u00e0 la couverture d\u00e9pend \u00e9galement de l\u2019origine de la panne de courant. Vous pourriez \u00eatre admissible \u00e0 la couverture si une temp\u00eate \u00e9tait \u00e0 l\u2019origine de la panne, mais si votre compagnie d\u2019Hydro a coup\u00e9 le courant, car vous n\u2019aviez pas r\u00e9gl\u00e9 votre facture, votre r\u00e9clamation serait probablement refus\u00e9e.<\/p>\r\n\r\n\r\n\t\t\t<h2 id=\"FAQ\">Questions fr\u00e9quemment pos\u00e9es<\/h2>\r\n\r\n\t\t\t\t<h3>Les pannes de courant peuvent-elles endommager les appareils \u00e9lectriques?<\/h3>\r\n\r\n\t\t\t\t<p>Les pannes de courant r\u00e9p\u00e9t\u00e9es peuvent endommager des appareils \u00e9lectroniques et les \u00e9lectrom\u00e9nagers, comme les t\u00e9l\u00e9s, les ordinateurs et les machines \u00e0 laver. Heureusement, il y a quelques mesures que vous pouvez prendre pour prolonger la vie de ces appareils et r\u00e9duire votre facture d\u2019Hydro\u00a0:<\/p>\r\n\r\n\t\t\t\t<ul>\r\n\t\t\t\t\t<li>D\u00e9branchez r\u00e9guli\u00e8rement les appareils \u00e9lectroniques lorsque vous ne les utilisez pas, surtout quand vous \u00eates absent de la maison.<\/li>\r\n\t\t\t\t\t<li>Apr\u00e8s une panne de courant, allumez ces appareils progressivement et non tous \u00e0 la fois afin d\u2019\u00e9viter une surtension de courant.<\/li>\r\n\t\t\t\t\t<li>\u00c9vitez de brancher plusieurs appareils au m\u00eame circuit ou \u00e0 la m\u00eame prise de courant.<\/li>\r\n\t\t\t\t\t<li>Branchez vos appareils \u00e0 un parasurtenseur.<\/li>\r\n\t\t\t\t<\/ul>\r\n\r\n\t\t\t\t<h3>Quelle est la dur\u00e9e normale d\u2019une panne de courant?<\/h3>\r\n\r\n\t\t\t\t<p>La majorit\u00e9 des pannes de courant sont de courte dur\u00e9e, surtout les pannes de courant planifi\u00e9es. Cependant, une panne de courant peut durer plusieurs heures, voire jours, selon la gravit\u00e9 de l\u2019\u00e9v\u00e9nement. Vous pouvez communiquer avec votre fournisseur d\u2019\u00e9lectricit\u00e9 pour obtenir de l\u2019information sur le progr\u00e8s des travaux et l\u2019heure de r\u00e9tablissement estim\u00e9e.<\/p>\r\n\r\n\t\t\t\t<h3>Pourquoi les maisons voisines ont toujours du courant?<\/h3>\r\n\r\n\t\t\t\t<p>Une rue peut \u00eatre desservie par deux <a href=\"http:\/\/www.hydroquebec.com\/comprendre\/transport\/parcours.html\" title=\"De la centrale \u00e0 la maison - Hydro-Qu\u00e9bec\" rel=\"noopener noreferrer\" target=\"_blank\">lignes de distribution<\/a>, circuits ou postes \u00e9lectriques. Il est possible que les circuits desservant les maisons de l\u2019autre c\u00f4t\u00e9 de la rue n\u2019aient pas \u00e9t\u00e9 endommag\u00e9s.<\/p>\r\n\r\n\t\t\t\t<p><strong>Vous voulez en savoir plus?<\/strong> Consultez notre <a href=\"\/fr\/centres-ressources\/securite-domiciliaire-personnelle\" title=\"Centre de ressources : s\u00e9curit\u00e9 domiciliaire et personnelle\">Centre de ressources&nbsp;: s\u00e9curit\u00e9 domiciliaire et personnelle<\/a> pour d\u00e9couvriri comment prot\u00e9ger votre famille et votre domicile. Ensuite, <a href=\"\/fr\/soumission-assurance-habitation-en-ligne\" title=\"Obtenir une soumission d\u2019assurance habitation en ligne\">obtenez une soumission d'assurance habitation en ligne<\/a> en moins de 5\u00a0minutes et d\u00e9couvrez \u00e0 quel point l\u2019assurance habitation personnalis\u00e9e peut \u00eatre abordable.<\/p>\r\n\r\n        <\/div>\r\n    <\/div>\r\n<\/div>\r\n<\/section>\r\n<script type=\"application\/ld+json\">\r\n{\r\n  \"@context\": \"https:\/\/schema.org\",\r\n  \"@type\": \"FAQPage\",\r\n  \"mainEntity\": [{\r\n    \"@type\": \"Question\",\r\n    \"name\": \"Quelles sont les causes des pannes de courant?\",\r\n    \"acceptedAnswer\": {\r\n      \"@type\": \"Answer\",\r\n      \"text\": \"<p>La majorit\u00e9 des pannes de courant ne sont pas planifi\u00e9es. Voici certaines des causes des pannes de courant\u00a0: \u00e9v\u00e9nements m\u00e9t\u00e9orologiques extr\u00eames (orages, temp\u00eates de verglas, inondations, tremblements de terre et les tornades; accidents (une auto qui frappe un poteau \u00e9lectrique ou un arbre tombe sur des installations \u00e9lectriques); animaux (un \u00e9cureuil ou un raton laveur ronge un c\u00e2ble); surcharge d\u2019utilisation (le r\u00e9seau \u00e9lectrique est surcharg\u00e9 en raison d\u2019une utilisation plus \u00e9lev\u00e9e que normale).\"\r\n    }\r\n  },{\r\n    \"@type\": \"Question\",\r\n    \"name\": \"Les pannes de courant peuvent-elles endommager les appareils \u00e9lectriques?\",\r\n    \"acceptedAnswer\": {\r\n      \"@type\": \"Answer\",\r\n      \"text\": \"Les pannes de courant r\u00e9p\u00e9t\u00e9es peuvent endommager les appareils \u00e9lectroniques et les \u00e9lectrom\u00e9nagers, comme les t\u00e9l\u00e9s, les ordinateurs et les machines \u00e0 laver. Heureusement, il y a quelques mesures que vous pouvez prendre pour prolonger la vie de ces appareils et r\u00e9duire votre facture d\u2019Hydro\u00a0: d\u00e9branchez r\u00e9guli\u00e8rement les appareils \u00e9lectroniques lorsque vous ne les utilisez pas, surtout quand vous \u00eates absent de la maison; apr\u00e8s une panne de courant, allumez ces appareils progressivement et non tous \u00e0 la fois afin d\u2019\u00e9viter une surtension de courant; \u00e9vitez de brancher plusieurs appareils au m\u00eame circuit ou \u00e0 la m\u00eame prise de courant; branchez vos appareils \u00e0 un parasurtenseur.\"\r\n    }\r\n  },{\r\n    \"@type\": \"Question\",\r\n    \"name\": \"Quelle est la dur\u00e9e normale d\u2019une panne de courant?\",\r\n    \"acceptedAnswer\": {\r\n      \"@type\": \"Answer\",\r\n      \"text\": \"La majorit\u00e9 des pannes de courant sont de courte dur\u00e9e, surtout les pannes de courant planifi\u00e9es. Cependant, une panne de courant peut durer plusieurs heures, voire jours, selon la gravit\u00e9 de l\u2019\u00e9v\u00e9nement. Vous pouvez communiquer avec votre fournisseur d\u2019\u00e9lectricit\u00e9 pour obtenir de l\u2019information sur les travaux et l\u2019heure de r\u00e9tablissement estim\u00e9e.\"\r\n    }\r\n  },{\r\n    \"@type\": \"Question\",\r\n    \"name\": \"Pourquoi les maisons voisines ont toujours du courant?\",\r\n    \"acceptedAnswer\": {\r\n      \"@type\": \"Answer\",\r\n      \"text\": \"Une rue peut \u00eatre desservie par deux lignes de distribution, circuits ou postes \u00e9lectriques. Il est possible que les circuits desservant les maisons de l\u2019autre c\u00f4t\u00e9 de la rue n\u2019aient pas \u00e9t\u00e9 endommag\u00e9s.\"\r\n    }\r\n  }]\r\n}\r\n<\/script>\r\n<script type=\"application\/ld+json\">\r\n{\r\n  \"@context\": \"https:\/\/schema.org\",\r\n  \"@type\": \"WebPage\",\r\n  \"mainEntityOfPage\": {\r\n    \"@type\": \"Article\",\r\n    \"@id\": \"https:\/\/www.squareone.ca\/fr\/centres-ressources\/securite-domiciliaire-personnelle\/panne-de-courant\"\r\n  },\r\n  \"author\": [\r\n    {\r\n      \"@type\": \"Person\",\r\n      \"name\": \"Anthony Michael\",\r\n      \"url\": \"https:\/\/www.squareone.ca\/fr\/a-propos-de-nous\/membres-equipe#anthony-michael\"\r\n    }\r\n  ],\r\n  \"headline\": \"Pannes de courant : causes, pr\u00e9paration et ce qu\u2019il faut faire pendant et apr\u00e8s\",\r\n  \"datePublished\": \"\",\r\n  \"dateModified\": \"\",\r\n  \"inLanguage\": \"fr-CA\",\r\n  \"isAccessibleForFree\": true\r\n}\r\n<\/script>","protected":false},"excerpt":{"rendered":"<p>Pannes de courant\u00a0: causes, pr\u00e9paration et ce qu\u2019il faut faire pendant et apr\u00e8s Les pannes de courant subites sont emb\u00eatantes. Ce n\u2019est pas une partie de plaisir de fouiller dans le noir avec une torche \u00e9lectrique ou de perdre votre service Internet pendant quelques heures. Mais les pannes de courant prolong\u00e9es posent \u00e9galement des risques [&hellip;]<\/p>\n","protected":false},"author":20,"featured_media":55823,"parent":51337,"menu_order":0,"comment_status":"closed","ping_status":"closed","template":"page-article-new.php","meta":{"_acf_changed":false,"footnotes":""},"class_list":["post-55813","page","type-page","status-publish","has-post-thumbnail","hentry"],"acf":[],"_links":{"self":[{"href":"https:\/\/www.squareone.ca\/fr\/wp-json\/wp\/v2\/pages\/55813","targetHints":{"allow":["GET"]}}],"collection":[{"href":"https:\/\/www.squareone.ca\/fr\/wp-json\/wp\/v2\/pages"}],"about":[{"href":"https:\/\/www.squareone.ca\/fr\/wp-json\/wp\/v2\/types\/page"}],"author":[{"embeddable":true,"href":"https:\/\/www.squareone.ca\/fr\/wp-json\/wp\/v2\/users\/20"}],"replies":[{"embeddable":true,"href":"https:\/\/www.squareone.ca\/fr\/wp-json\/wp\/v2\/comments?post=55813"}],"version-history":[{"count":30,"href":"https:\/\/www.squareone.ca\/fr\/wp-json\/wp\/v2\/pages\/55813\/revisions"}],"predecessor-version":[{"id":78562,"href":"https:\/\/www.squareone.ca\/fr\/wp-json\/wp\/v2\/pages\/55813\/revisions\/78562"}],"up":[{"embeddable":true,"href":"https:\/\/www.squareone.ca\/fr\/wp-json\/wp\/v2\/pages\/51337"}],"wp:featuredmedia":[{"embeddable":true,"href":"https:\/\/www.squareone.ca\/fr\/wp-json\/wp\/v2\/media\/55823"}],"wp:attachment":[{"href":"https:\/\/www.squareone.ca\/fr\/wp-json\/wp\/v2\/media?parent=55813"}],"curies":[{"name":"wp","href":"https:\/\/api.w.org\/{rel}","templated":true}]}}