{"id":55900,"date":"2022-02-17T10:58:18","date_gmt":"2022-02-17T18:58:18","guid":{"rendered":"https:\/\/www.squareone.ca\/soutien\/bases-assurance-conseils\/proprietaires-maisons-et-coproprietes\/quebec-arpentage"},"modified":"2025-09-29T09:49:15","modified_gmt":"2025-09-29T16:49:15","slug":"quebec-arpentage","status":"publish","type":"page","link":"https:\/\/www.squareone.ca\/fr\/centres-ressources\/proprietaire-occupant\/quebec-arpentage","title":{"rendered":"L\u2019arpentage au Qu\u00e9bec : qu\u2019est-ce qu\u2019un certificat de localisation et pourquoi en a-t-on besoin?"},"content":{"rendered":"<section id='intro' class=\"bg-shape-split bg-sub-page-hero\">\r\n    <div class=\"bg-position\">\r\n        <div class=\"container-fluid\">\r\n            <div class=\"row align-items-center\">\r\n                <div class=\"col-12 col-lg-8\">\r\n\t\t\t\t\t<h1>L\u2019arpentage au Qu\u00e9bec\u00a0: qu\u2019est-ce qu\u2019un certificat de localisation et pourquoi en a-t-on besoin?<\/h1>\r\n<strong>Article r\u00e9dig\u00e9 par <a href=\"\/fr\/a-propos-de-nous\/contributeurs#anthony-michael\" title=\"Auteur : Anthony Michael\">Anthony Michael<\/a><\/strong>\r\n<p><\/p>\r\n\t\t\t\t\t<p class=\"pb-4\" style=\"margin-top:-24px\">Mis \u00e0 jour le 18 juin 2024<\/p>\r\n                <\/div>\r\n            <\/div>\r\n\r\n            <div class=\"row\">\r\n                <div class=\"col-lg-8\">\r\n\t\t<p class=\"display-4\">Vous \u00eates-vous jamais demand\u00e9 qui c\u2019est ce type en casque sur le trottoir qui monte un tr\u00e9pied \u00e9quip\u00e9 d\u2019une cam\u00e9ra \u00e9trange? Il est un arpenteur-g\u00e9om\u00e8tre, un professionnel responsable de l&rsquo;ex\u00e9cution et de la r\u00e9daction d\u2019un certificat de localisation, l\u2019un des documents requis pour l\u2019achat, la vente ou la construction d\u2019une maison ou d\u2019un immeuble. Mais, qu\u2019est-ce que ce document indispensable, pourquoi et quand en a-t-on besoin et o\u00f9 peut-on l&rsquo;obtenir?<\/p>\r\n               <p class=\"display-4\">Lisez la suite pour d\u00e9couvrir la profession d&rsquo;arpenteur-g\u00e9om\u00e8tre.<\/p>\r\n               <p class=\"pt-2\"><img loading=\"lazy\" decoding=\"async\" src=\"https:\/\/cdn.squareone.ca\/wp-content\/uploads\/2022\/02\/17113439\/arpenteur-geometre.jpg\" alt=\"Un arpenteur-g\u00e9om\u00e8tre utilise un th\u00e9odolite dans un terrain de stationnement\" title=\"L'arpentage au Qu\u00e9bec\" width=\"248\" height=\"185\" class=\"img-fluid\" rel=\"noopener noreferrer\"><\/p>\r\n             <\/div>\r\n\r\n             <div class=\"col-lg-3 offset-lg-1\">\r\n                    <p class=\"mb-2 display-4 pt-4 pt-lg-0 pt-mb-0\"><strong>Th\u00e8mes<\/strong><\/p>\r\n                    <ul class=\"list-unstyled link-list display-4\">\r\n\t\t      <li><a href='#quest-ce-que'>Qu\u2019est qu\u2019un certificat de localisation?<\/a><\/li>\r\n\t\t      <li><a href='#pourquoi'>Pourquoi et quand a-t-on besoin d\u2019un certificat de localisation?<\/a><\/li>\r\n\t\t      <li><a href='#qui'>Qui ex\u00e9cute et r\u00e9dige un certificat de localisation?<\/a><\/li>\r\n\t\t      <li><a href='#FAQ'>Questions fr\u00e9quemment pos\u00e9es<\/a><\/li>\t\t\t\r\n                    <\/ul>\r\n                <\/div>\r\n            <\/div>  \r\n        <\/div>\r\n    <\/div>\r\n    <div class=\"bg-bottom\"><\/div>\r\n<\/section>    \t\t\r\n\r\n<section>\r\n<div class=\"container-fluid py-6\">\r\n    <div class=\"row\">\r\n        <div class=\"col-12 col-lg-8\">       \r\n\r\n<div class=\"row pb-6\">\r\n                <div class=\"col-12\">\r\n                    <div class=\"card review\" style='background-color:#FFE0C9'>\r\n                        <div class=\"card-body\">\r\n                            <p class=\"h3\">L&rsquo;essentiel<\/p>\r\n                            <ul class='mb-0'>\r\n                                <li>Un certificat de localisation \u00e9tablit les limites d&rsquo;un terrain immobilier ainsi que les dimensions et les emplacements des structures.<\/li>\r\n                                <li>Un certificat de localisation peut \u00eatre requis \u00e0 des fins hypoth\u00e9caires, pour confirmer les limites de la propri\u00e9t\u00e9 ou pour rep\u00e9rer des lignes de services public souterraines.<\/li>\r\n                                <li>Au Q\u00e9ebec, les arpenteurs-g\u00e9om\u00e8tres sont r\u00e9gis par l&rsquo;Ordre des Arpenteurs-G\u00e9om\u00e8tres du Qu\u00e9bec.<\/li>\r\n                            <\/ul>\r\n                        <\/div>\r\n                    <\/div>\r\n                <\/div>\r\n            <\/div>\t       \r\n\r\n\t\t\t<h2 id=\"quest-ce-que\">Qu\u2019est qu\u2019un certificat de localisation?<\/h2>\r\n\r\n\t\t\t\t<p>Un certificat de localisation est un dessin indiquant les limites et la superficie d\u2019un terrain, ainsi que les dimensions et l\u2019emplacement des b\u00e2timents ou des servitudes sur la propri\u00e9t\u00e9. Ces limites aident \u00e0 \u00e9tablir la propri\u00e9t\u00e9 du terrain et peuvent servir \u00e0 r\u00e9gler des litiges entre propri\u00e9taires occupants.<\/p>\r\n\r\n\t\t\t\t<p>L\u2019arpentage remonte \u00e0 <a href=\"https:\/\/fr.wikipedia.org\/wiki\/Tendeur_de_corde\" title=\"Le tendeur de corde dans l'\u00c9gypte antique\" rel=\"noopener noreferrer\" target=\"_blank\">l\u2019\u00c9gypte antique<\/a>. Les autorit\u00e9s \u00e9gyptiennes utilisaient l\u2019arpentage pour r\u00e9tablir les limites agricoles suivant les crues annuelles du Nil. Alors que les \u00c9gyptiens utilisaient un simple tendeur de corde pour mesurer les dimensions, l\u2019arpenteur-g\u00e9om\u00e8tre moderne utilise de l\u2019\u00e9quipement \u00e0 la fine pointe de la technologie, comme les GPS et les num\u00e9riseurs 3D.<\/p>\r\n\r\n\t\t\t\t<p>Au Qu\u00e9bec, la profession d\u2019arpenteur-g\u00e9om\u00e8tre est r\u00e9gie par <a href=\"https:\/\/oagq.qc.ca\/\" title=\"OAGQ (French)\" rel=\"noopener noreferrer\" target=\"_blank\">l&rsquo;Ordre des Arpenteurs-G\u00e9om\u00e8tres du Qu\u00e9bec<\/a> (OAGQ). Pour exercer au Qu\u00e9bec, un arpenteur-g\u00e9om\u00e8tre doit \u00eatre membre de cette association.<\/p>\r\n\r\n\t\t\t\t<h2 id=\"pourquoi\">Pourquoi et quand a-t-on besoin d\u2019un certificat de localisation?<\/h2>\r\n\r\n\t\t\t\t<p>Voici certaines des raisons pour obtenir un certificat de localisation\u00a0:<\/p>\r\n\r\n\t\t\t\t<ol>\r\n\t\t\t\t\t<li><strong>Conditions de pr\u00eat hypoth\u00e9caire <\/strong>\u00a0: Si vous faites la demande de pr\u00eat hypoth\u00e9caire ou souhaitez <a href=\"\/fr\/centres-ressources\/achat-vente-demenagement-habitation\/refinancement-hypothecaire\" title=\"Refinancement hypoth\u00e9caire\">refinancer votre hypoth\u00e8que existante<\/a>, vous aurez besoin d\u2019un certificat de localisation. Il s\u2019agit d\u2019un document juridique par lequel un arpenteur-g\u00e9om\u00e8tre exprime son opinion professionnelle sur l\u2019\u00e9tat du terrain. Dans le cadre d\u2019une op\u00e9ration immobili\u00e8re, le certificat de localisation d\u00e9montre au pr\u00eateur que le terrain se conforme aux lois et aux r\u00e8glements applicables en plus de garantir le financement de votre propri\u00e9t\u00e9. L\u2019article\u00a01719 du Code civil du Qu\u00e9bec indique que le vendeur doit fournir \u00e0 l\u2019acheteur une copie du certificat de localisation.<\/li>\r\n\t\t\t\t\t<li><strong>\u00c9tablissement des limites du terrain<\/strong>\u00a0: Si vous comptez construire une nouvelle structure sur votre terrain, comme une cl\u00f4ture, vous devez vous assurer que vous ne construisez pas sur le terrain d\u2019un voisin ou d\u2019une servitude. Un certificat de localisation indiquera les limites du terrain et vous aidera \u00e0 \u00e9viter un litige d\u00e9sagr\u00e9able et co\u00fbteux. Qui plus est, ce document vous prot\u00e9gera dans un litige avec un voisin ou un service public qui construit une structure d\u00e9passant les limites du terrain.<\/li>\r\n\t\t\t\t\t<li><strong>Localisation des tuyaux de gaz et d\u2019eau<\/strong>\u00a0: Ceci est tr\u00e8s important si vous devez creuser pour installer une cl\u00f4ture ou \u00e0 des fins d\u2019am\u00e9nagement paysager. Un certificat de localisation \u00e0 jour montrera l\u2019emplacement des installations publiques, comme un tuyau de gaz. Avant de creuser, communiquez avec votre fournisseur de services publics. Celui-ci enverra un technicien sur les lieux pour marquer l\u2019emplacement des services publics.<\/li>\r\n\t\t\t\t<\/ol>\r\n\r\n\t\t\t<\/div>\r\n        <\/div>\r\n    <\/div>\r\n<\/section>\r\n\r\n\t<section class=\"bg-transparent\">\n\t\t<img decoding=\"async\" src=\"\/sales\/images\/bgs\/bg-mid-page-cta-general-top.svg\" style=\"width: 100%; vertical-align: bottom; position: relative; top: 1px\"\/>\n\t\t\n\t\t<div class=\"bg-darkTeal py-3\">\t\t\t\n\t\t\t<div class=\"container-fluid\">\n\t\t\t\t<div class=\"row d-flex align-items-center pb-5\">\n\t\t\t\t\t<div class=\"col-12 col-md-8 offset-md-2 px-lg-5 pb-5 pb-lg-0\">\n\t\t\t\t\t\t<div class=\"h6 mb-4 text-primary text-uppercase text-center\">\n\t\t\t\t\t\t\tCela ne prend que 5\u00a0minutes \n\t\t\t\t\t\t<\/div>\t\t\n\t\t\t\t\t\t\t\t\t\t\t\n\t\t\t\t\t\t<p class=\"lead px-lg-5 text-white\">\n\t\t\t\t\t\t\t<strong class=\"d-inline-block text-uc-first\">Pr\u00eat \u00e0 obtenir une soumission en ligne? <\/strong> Votre temps est aussi pr\u00e9cieux que vos possessions. Obtenez une soumission d'assurance habitation en <strong>5 minutes<\/strong>. C\u2019est moins de temps qu\u2019il n\u2019en faut pour faire la file pour un caf\u00e9.\n\t\t\t\t\t\t<\/p>\t\t\t\n\t\n\t\t\t\t\t\t<div id=\"sq1-qw-4a50dab2f442\" class=\"sq1-quote-widget mb-4 text-white\" data-quote-widget-type=\"HOME\" data-has-custom-text=\"true\">\n\t\t\t\t\t\t\t<div class=\"input-group input-group-focus-within bg-white my-4\">\n\t\t\t\t\t\t\t\t<div>\n\t\t\t\t\t\t\t\t\t<div class=\"input-group-text\">\n\t\t\t\t\t\t\t\t\t\t<i class=\"fa fa-map-marker d-block text-black\"><\/i>\n\t\t\t\t\t\t\t\t\t<\/div>\n\t\t\t\t\t\t\t\t<\/div>\n\t\t\t\t\t\t\t\t<input type=\"text\" class=\"form-control\" style=\"padding: 10px;\" placeholder=\"Enter an address\" aria-label=\"Inscrivez votre adresse pour obtenir une soumission\"\/>\n\t\t\t\t\t\t\t\t<div>\n\t\t\t\t\t\t\t\t\t<button class=\"btn btn-primary\">Obtenir une soumission en ligne d\u00e8s maintenant<\/button>\n\t\t\t\t\t\t\t\t<\/div>\n\t\t\t\t\t\t\t<\/div>\n\t\t\t\t\t\t<\/div>\n\t\t\t\t\t\t\n\t\t\t\t\t\t<p class=\"small text-white\">Avant de commencer, veuillez lire notre <a href=\"https:\/\/www.squareone.ca\/fr\/politique-confidentialite\" target=\"_blank\" rel=\"noreferrer noopener\">Politique de confidentialit\u00e9<\/a> et nos <a href=\"https:\/\/www.squareone.ca\/fr\/conditions-utilisation\" target=\"_blank\" rel=\"noreferrer noopener\">Conditions d\u2019utilisation<\/a>.<\/p>\t\n\t\n\t\t\t\t\t\t<script type=\"text\/javascript\">\n\t\t\t\t\t\t(function() {\n\t\t\t\t\t\t\tdocument.addEventListener('soiMiscJsLoaded', function() {\n\t\t\t\t\t\t        $(document).ready(function() {\n\t\t\t\t\t\t\t\t\tsoiQuoteWidget.processFormWidget('\/sales\/index.php\/json_quote_widget?rand=' +Math.random(), 'qwContainer'); \/\/populate quoting widget with content from symfony.\n\t\t\t\t\t\t\t\t});\n\t\t\t\t\t\t\t});\n\t\t\t\t\t\t})();\n\t\t\t\t\t\t<\/script>\n\t\t\t\t\t<\/div>\n\t\t\t\t<\/div>\n\t\t\t<\/div>\n\t\t<\/div>\n\t\t\n\t\t<img decoding=\"async\" src=\"\/sales\/images\/bgs\/bg-mid-page-cta-general-bottom.svg\" style=\"width: 100%; vertical-align: top\"\/>\t\t\n\t<\/section>\r\n\r\n<section>\r\n    <div class=\"container-fluid py-6\">\r\n        <div class=\"row\">\r\n            <div class=\"col-12 col-lg-8\">\r\n\r\n\t\t\t<h2 id=\"qui\">Qui ex\u00e9cute et r\u00e9dige un certificat de localisation?<\/h2>\r\n\r\n\t\t\t\t<img decoding=\"async\" src=\"https:\/\/cdn.squareone.ca\/wp-content\/uploads\/2022\/02\/17113443\/equipement-arpentage.jpg\" alt=\"Un th\u00e9odolite sur un tr\u00e9pied pour l'arpentage d'un chantier de construction ext\u00e9rieur\" title=\"Qui ex\u00e9cute et r\u00e9dige un certificat de localisation?\" width=\"800\" height=\"480\" class=\"img-fluid\" loading=\"lazy\"\/>\r\n\t\t\t\t<div class=\"mb-3\">\r\n\t\t\t\t<small><a href=\"https:\/\/www.arpentagemontreal.com\/\" title=\"Roger Simard Arpenteur-G\u00e9om\u00e8tre INC\" rel=\"noopener noreferrer nofollow\" target=\"_blank\">Source<\/a><\/small>\r\n\t\t\t\t<\/div>\r\n\r\n\t\t\t\t<p>Au Qu\u00e9bec, les arpenteurs-g\u00e9om\u00e8tres sont des agents publics qui sont les seuls professionnels autoris\u00e9s \u00e0 fournir un certificat de localisation, en vertu de la <a href=\"https:\/\/www.legisquebec.gouv.qc.ca\/fr\/document\/lc\/A-23\" title=\"Loi sur les arpenteurs-g\u00e9om\u00e8tres du Qu\u00e9bec\" rel=\"noopener noreferrer\" target=\"_blank\">Loi sur les arpenteurs-g\u00e9om\u00e8tres<\/a>. En outre, un arpenteur-g\u00e9om\u00e8tre doit \u00eatre membre de l\u2019Ordre des Arpenteurs-G\u00e9om\u00e8tres du Qu\u00e9bec.<\/p>\r\n\r\n\t\t\t\t<p>Un arpenteur-g\u00e9om\u00e8tre est un expert en limites de terrain et en <a href=\"https:\/\/ressources-naturelles.canada.ca\/science-et-donnees\/science-et-recherche\/geomatique\/10793\" title=\"Gouvernement du Canada : la g\u00e9omatique\" rel=\"noopener noreferrer\" target=\"_blank\">g\u00e9omatique<\/a>, une discipline moderne qui int\u00e8gre la collecte, le stockage, le traitement, la mod\u00e9lisation, l\u2019analyse et la diffusion de donn\u00e9es spatiales et d\u2019information de localisation.<\/p>\r\n\r\n\t\t\t\t<p>Un arpenteur-g\u00e9om\u00e8tre a beaucoup de responsabilit\u00e9s importantes, entre autres\u00a0:<\/p>\r\n\r\n\t\t\t\t<ul>\r\n\t\t\t\t\t<li>Effectuer des op\u00e9rations de lev\u00e9s sur les terrains publics, priv\u00e9s et commerciaux.<\/li>\r\n\t\t\t\t\t<li>Examiner et analyser les titres de propri\u00e9t\u00e9 et autres documents relatifs \u00e0 la propri\u00e9t\u00e9 fonci\u00e8re.<\/li>\r\n\t\t\t\t\t<li>Exprimer, sous la forme d\u2019un certificat de localisation, son opinion sur la situation et la condition actuelle d\u2019un bien-fonds par rapport aux titres de propri\u00e9t\u00e9, au cadastre, ainsi qu\u2019aux lois et r\u00e8glements pouvant l\u2019affecter.<\/li>\r\n\t\t\t\t\t<li>Marquer les limites de terrain.<\/li>\r\n\t\t\t\t\t<li>Pr\u00e9parer des descriptions techniques pour des parcelles de terrain devant faire l\u2019objet de droits particuliers\u00a0: territoires miniers, fronti\u00e8res, limites administratives, servitudes, limites du zonage agricole, etc.<\/li>\r\n\t\t\t\t\t<li>V\u00e9rifier et calibrer les divers types d\u2019instruments utilis\u00e9s en g\u00e9od\u00e9sie et en arpentage : rubans, t\u00e9l\u00e9m\u00e8tres, niveaux, th\u00e9odolites, gyroscopes.<\/li>\r\n\t\t\t\t<\/ul>\r\n\r\n\t\t\t<h2 id=\"FAQ\">Questions fr\u00e9quemment pos\u00e9es<\/h2>\r\n\r\n\t\t\t\t<h3>Combien co\u00fbte un certificat de localisation?<\/h3>\r\n\r\n\t\t\t\t<p>L\u2019Ordre des Arpenteurs-G\u00e9om\u00e8tres du Qu\u00e9bec recommande un tarif de 1\u00a0405\u00a0$ pour un certificat de localisation pour une maison unifamiliale isol\u00e9e en milieu urbain (taxes en sus). Les tarifs varient selon le type de terrain et la r\u00e9gion.<\/p>\r\n\r\n\t\t\t\t<h3>Ai-je besoin d\u2019un certificat de localisation pour souscrire une assurance habitation?<\/h3>\r\n\t\t\t\t<p>Un certificat de localisation n\u2019est pas obligatoire pour souscrire une <a href=\"\/fr\/habitation\/quebec\" title=\"Assurance habitation\">police d\u2019assurance habitation au Qu\u00e9bec<\/a>. Votre fournisseur d\u2019assurance habitation n\u2019a besoin de savoir que l\u2019adresse de votre domicile\u00a0: la police couvre les <a href=\"\/fr\/centres-ressources\/lexique-assurance\/lieux-assures\" title=\"D\u00e9finition : lieux assur\u00e9s\">lieux assur\u00e9s<\/a> \u00e0 cette adresse, en effet. Les probl\u00e8mes relativement \u00e0 la mesure des limites du terrain n\u2019ont rien \u00e0 voir avec l\u2019assurance habitation, de toute fa\u00e7on.<\/p>\r\n\t\t\t\t<p>Au Qu\u00e9bec, le vendeur doit fournir \u00e0 l\u2019acheteur une copie du certificat de localisation, conform\u00e9ment \u00e0 l\u2019article 1719 du Code civil du Qu\u00e9bec. M\u00eame si vous souscrivez une assurance titre, il est possible que les probl\u00e8mes d\u00e9coulant de la mesure erron\u00e9e des lignes du terrain ne soient pas couverts.<\/p>\r\n\r\n\t\t\t\t<h3>J\u2019installe une cl\u00f4ture sur mon terrain. Dois-je obtenir un nouveau certificat de localisation?<\/h3>\r\n\r\n\t\t\t\t<p>Votre certificat de localisation devient invalide si vous effectuez des changements sur votre terrain, comme la construction d\u2019un <a href=\"\/fr\/centres-ressources\/lexique-assurance\/dependances\" title=\"D\u00e9finition : d\u00e9pendances\">un cabanon<\/a> ou l\u2019installation d\u2019une cl\u00f4ture. Le document peut \u00e9galement \u00eatre invalid\u00e9 par un changement aux r\u00e8glements municipaux ou m\u00eame un changement de num\u00e9ro de lotissement. Si vous avez des doutes au sujet de la validit\u00e9 de votre certificat, consultez un notaire ou un arpenteur-g\u00e9om\u00e8tre.<\/p>\r\n\r\n\t\t\t\t<h3>Ai-je besoin d\u2019un certificat de localisation pour une copropri\u00e9t\u00e9?<\/h3>\r\n\r\n\t\t\t\t<p>Oui. Un certificat de localisation est requis pour la vente ou l\u2019hypoth\u00e8que d\u2019une copropri\u00e9t\u00e9. Il y a certaines diff\u00e9rences pour l\u2019arpentage d\u2019une copropri\u00e9t\u00e9, mais un arpenteur-g\u00e9om\u00e8tre devra tout de m\u00eame se rendre sur les lieux.<\/p>\r\n\r\n\t\t\t\t<p><strong>Vous voulez en savoir plus?<\/strong> Consultez notre <a href=\"\/fr\/centres-ressources\/proprietaire-occupant\" title=\"Centre de ressources : propri\u00e9taire occupant\">Centre de ressources&nbsp;: propri\u00e9taire occupant<\/a> pour acc\u00e9der \u00e0 des articles pour vous guider sur la vie de propri\u00e9taire. Ensuite, <a href=\"\/fr\/soumission-assurance-habitation-en-ligne\" title=\"Obtenir une soumission d\u2019assurance habitation en ligne\">obtenez une soumission d'assurance habitation en ligne<\/a> en moins de 5\u00a0minutes et d\u00e9couvrez \u00e0 quel point l\u2019assurance habitation personnalis\u00e9e peut \u00eatre abordable.<\/p>\r\n\r\n        <\/div>\r\n    <\/div>\r\n<\/div>\r\n<\/section>\r\n<script type=\"application\/ld+json\">\r\n{\r\n  \"@context\": \"https:\/\/schema.org\",\r\n   \"@type\": \"WebPage\",\r\n  \"mainEntityOfPage\": {\r\n    \"@type\": \"Article\",\r\n    \"@id\": \"https:\/\/www.squareone.ca\/fr\/centres-ressources\/proprietaire-occupant\/quebec-arpentage\"\r\n  },\r\n  \"author\": [\r\n    {\r\n      \"@type\": \"Person\",\r\n      \"name\": \"Anthony Michael\",\r\n      \"url\": \"https:\/\/www.squareone.ca\/fr\/a-propos-de-nous\/membres-equipe#anthony-michael\"\r\n    }\r\n  ],\r\n  \"headline\": \"L\u2019arpentage au Qu\u00e9bec : qu\u2019est-ce qu\u2019un certificat de localisation et pourquoi en a-t-on besoin?\",\r\n  \"datePublished\": \"\",\r\n  \"dateModified\": \"\",\r\n  \"inLanguage\": \"fr-CA\",\r\n  \"isAccessibleForFree\": true\r\n}\r\n<\/script>\r\n<script type=\"application\/ld+json\">\r\n{\r\n  \"@context\": \"https:\/\/schema.org\",\r\n  \"@type\": \"FAQPage\",\r\n  \"mainEntity\": [{\r\n    \"@type\": \"Question\",\r\n    \"name\": \"Combien co\u00fbte un certificat de localisation?\",\r\n    \"acceptedAnswer\": {\r\n      \"@type\": \"Answer\",\r\n      \"text\": \"L\u2019Ordre des Arpenteurs-G\u00e9om\u00e8tres du Qu\u00e9bec recommande un tarif de 1 405 $ pour un certificat de localisation pour une maison unifamiliale isol\u00e9e en milieu urbain (taxes en sus). Les tarifs varient selon le type de terrain et la r\u00e9gion.\"\r\n    }\r\n  },{\r\n    \"@type\": \"Question\",\r\n    \"name\": \"Ai-je besoin d\u2019un certificat de localisation pour souscrire une assurance habitation?\",\r\n    \"acceptedAnswer\": {\r\n      \"@type\": \"Answer\",\r\n      \"text\": \"Un certificat de localisation n\u2019est pas obligatoire pour souscrire une police d\u2019assurance habitation. Votre fournisseur d\u2019assurance habitation n\u2019a besoin de savoir que l\u2019adresse de votre domicile : la police couvre les lieux assur\u00e9s \u00e0 cette adresse, en effet. Les probl\u00e8mes relativement \u00e0 la mesure des limites du terrain n\u2019ont rien \u00e0 voir avec l\u2019assurance habitation, de toute fa\u00e7on. Au Qu\u00e9bec, le vendeur doit fournir \u00e0 l\u2019acheteur une copie du certificat de localisation, conform\u00e9ment \u00e0 l\u2019article 1719 du Code civil du Qu\u00e9bec. M\u00eame si vous souscrivez une assurance titre, il est possible que les probl\u00e8mes d\u00e9coulant de la mesure erron\u00e9e des lignes du terrain ne soient pas couverts.\"\r\n    }\r\n  },{\r\n    \"@type\": \"Question\",\r\n    \"name\": \"J\u2019installe une cl\u00f4ture sur mon terrain. Dois-je obtenir un nouveau certificat de localisation?\",\r\n    \"acceptedAnswer\": {\r\n      \"@type\": \"Answer\",\r\n      \"text\": \"Votre certificat de localisation devient invalide si vous effectuez des changements sur votre terrain, comme la construction d\u2019un <a href='https:\/\/www.squareone.ca\/fr\/centres-ressources\/lexique-assurance\/dependances'>un cabanon<\/a> ou l\u2019installation d\u2019une cl\u00f4ture. Le document peut \u00e9galement \u00eatre invalid\u00e9 par un changement aux r\u00e8glements municipaux ou m\u00eame un changement de num\u00e9ro de lotissement. Si vous avez des doutes au sujet de la validit\u00e9 de votre certificat, consultez un notaire ou un arpenteur-g\u00e9om\u00e8tre.\"\r\n    }\r\n  },{\r\n    \"@type\": \"Question\",\r\n    \"name\": \"Ai-je besoin d\u2019un certificat de localisation pour une copropri\u00e9t\u00e9?\",\r\n    \"acceptedAnswer\": {\r\n      \"@type\": \"Answer\",\r\n      \"text\": \"Oui. Un certificat de localisation est requis pour la vente ou l\u2019hypoth\u00e8que d\u2019une copropri\u00e9t\u00e9. Il y a certaines diff\u00e9rences pour l\u2019arpentage d\u2019une copropri\u00e9t\u00e9, mais un arpenteur-g\u00e9om\u00e8tre devra tout de m\u00eame se rendre sur les lieux.\"\r\n    }\r\n  }]\r\n}\r\n<\/script>\r\n","protected":false},"excerpt":{"rendered":"<p>L\u2019arpentage au Qu\u00e9bec\u00a0: qu\u2019est-ce qu\u2019un certificat de localisation et pourquoi en a-t-on besoin? Vous \u00eates-vous jamais demand\u00e9 qui c\u2019est ce type en casque sur le trottoir qui monte un tr\u00e9pied \u00e9quip\u00e9 d\u2019une cam\u00e9ra \u00e9trange? Il est un arpenteur-g\u00e9om\u00e8tre, un professionnel responsable de l&rsquo;ex\u00e9cution et de la r\u00e9daction d\u2019un certificat de localisation, l\u2019un des documents requis [&hellip;]<\/p>\n","protected":false},"author":20,"featured_media":55907,"parent":48241,"menu_order":0,"comment_status":"closed","ping_status":"closed","template":"page-article-new.php","meta":{"_acf_changed":false,"footnotes":""},"class_list":["post-55900","page","type-page","status-publish","has-post-thumbnail","hentry"],"acf":[],"_links":{"self":[{"href":"https:\/\/www.squareone.ca\/fr\/wp-json\/wp\/v2\/pages\/55900","targetHints":{"allow":["GET"]}}],"collection":[{"href":"https:\/\/www.squareone.ca\/fr\/wp-json\/wp\/v2\/pages"}],"about":[{"href":"https:\/\/www.squareone.ca\/fr\/wp-json\/wp\/v2\/types\/page"}],"author":[{"embeddable":true,"href":"https:\/\/www.squareone.ca\/fr\/wp-json\/wp\/v2\/users\/20"}],"replies":[{"embeddable":true,"href":"https:\/\/www.squareone.ca\/fr\/wp-json\/wp\/v2\/comments?post=55900"}],"version-history":[{"count":24,"href":"https:\/\/www.squareone.ca\/fr\/wp-json\/wp\/v2\/pages\/55900\/revisions"}],"predecessor-version":[{"id":77042,"href":"https:\/\/www.squareone.ca\/fr\/wp-json\/wp\/v2\/pages\/55900\/revisions\/77042"}],"up":[{"embeddable":true,"href":"https:\/\/www.squareone.ca\/fr\/wp-json\/wp\/v2\/pages\/48241"}],"wp:featuredmedia":[{"embeddable":true,"href":"https:\/\/www.squareone.ca\/fr\/wp-json\/wp\/v2\/media\/55907"}],"wp:attachment":[{"href":"https:\/\/www.squareone.ca\/fr\/wp-json\/wp\/v2\/media?parent=55900"}],"curies":[{"name":"wp","href":"https:\/\/api.w.org\/{rel}","templated":true}]}}