{"id":55914,"date":"2022-02-17T12:19:27","date_gmt":"2022-02-17T20:19:27","guid":{"rendered":"https:\/\/www.squareone.ca\/comparaison-concurrence"},"modified":"2025-04-07T15:11:54","modified_gmt":"2025-04-07T22:11:54","slug":"comparaison-concurrence","status":"publish","type":"page","link":"https:\/\/www.squareone.ca\/fr\/habitation\/comparaisons\/canada\/soumission","title":{"rendered":"Comparaison de la concurrence"},"content":{"rendered":"<main>\r\n\r\n<section id=\"intro\" class=\"bg-shape sub-page-jumbotron xwide-mobile mb-6\">\r\n<div class=\"container-fluid\">\r\n<h1>Comparaison des fournisseurs d\u2019assurance habitation au Canada<\/h1>\r\n<p class=\"display-4\">Toutes les polices d\u2019assurance ne sont pas \u00e9gales. Dans cette optique, il est important de comparer les produits offerts par les divers fournisseurs d\u2019assurance habitation. Pour vous aider \u00e0 faire la comparaison, nous avons compil\u00e9 des donn\u00e9es sur cinq fournisseurs canadiens typiques. La comparaison pr\u00e9sente de l\u2019information sur le niveau de personnalisation, le type de protection et les \u00e9conomies offertes par chaque fournisseur.<\/p>\r\n<p class=\"display-4\">Bien que nous mettions \u00e0 jour ce tableau assid\u00fbment, les donn\u00e9es peuvent changer sans pr\u00e9avis. Veuillez communiquer avec votre fournisseur d\u2019assurance habitation si vous avez des questions sp\u00e9cifiques au sujet de votre police. Vous pouvez \u00e9galement composer le <a class=\"strong tel sq1-phone-number\" href=\"tel:1-855-331-6933\" style=\"text-decoration:none\">1.855.331.6933<\/a> pour parler avec un agent de Square One. Nos heures de bureau sont du <span class='office-hours-include-days'>8 h \u00e0 17 h (lundi \u00e0 vendredi)<\/span>.<\/p>\r\n<\/div>\r\n<\/section>\r\n\r\n<section id=\"personalize\" class=\"mb-6 xwide-mobile\">\r\n<div class=\"container-fluid\">\r\n<h2>Personnalisez votre police en fonction de vos besoins<\/h2>\r\n<p>La plupart des fournisseurs d\u2019assurance habitation proposent des polices pr\u00e9emball\u00e9es qui prot\u00e8gent une vaste gamme de biens. Par exemple, vous recevez automatiquement 10 % de la limitation pour b\u00e2timent pour les d\u00e9pendances (que vous en aviez ou non). D\u2019autres fournisseurs, comme Square One, vous permettent de choisir les biens \u00e0 assurer. R\u00e9sultat : vous ne payez que pour ce dont vous avez besoin.<\/p>\r\n<p>Vous trouverez ci-dessous une comparaison des types de biens assur\u00e9s et les limitations d\u2019assurance offertes par chaque fournisseur important au Canada. <b>Cette comparaison est bas\u00e9e sur une maison avec une valeur \u00e0 neuf de 500&nbsp;000&nbsp;$.<\/b> Apr\u00e8s avoir \u00e9valu\u00e9 la comparaison, vous serez mieux plac\u00e9 pour d\u00e9terminer si une police pr\u00e9emball\u00e9e ou personnalis\u00e9e vous conviendra.<\/p>\r\n\r\n<table width=\"100%\" class=\"table-hover table-striped\" cellpadding=\"5\" border=\"1\">\r\n\t<thead class=\"thead-dark\">\r\n\t\t<tr>\r\n\t\t\t<td><\/td>\r\n\t\t\t<td width=\"15%\" class=\"text-center\"><strong>Square One<\/strong><\/td>\r\n\t\t\t<td width=\"15%\" class=\"text-center\"><strong>Aviva<\/strong><\/td>\r\n\t\t\t<td width=\"15%\" class=\"text-center\"><strong>Intact<\/strong><\/td>\r\n\t\t\t<td Width=\"15%\" class=\"text-center\"><strong>RBC<\/strong><\/td>\r\n\t\t\t<td Width=\"15%\" class=\"text-center\"><strong>RSA<\/strong><\/td>\r\n\t\t<\/tr>\r\n\t<\/thead>\r\n\t<tbody>\r\n\t\t<tr valign=\"top\" align=\"center\">\r\n\t\t\t<td align=\"left\"><strong>D\u00e9pendances<\/strong><\/td>\r\n\t\t\t<td>Facultatif<\/td>\r\n\t\t\t<td>75&nbsp;000&nbsp;$<\/td>\r\n\t\t\t<td>50&nbsp;000&nbsp;$<\/td>\r\n\t\t\t<td>75&nbsp;000&nbsp;$<\/td>\r\n\t\t\t<td>1&nbsp;250&nbsp;000&nbsp;$ (montant unique)<\/td>\r\n\t\t<\/tr>\r\n\r\n\t\t<tr valign=\"top\" align=\"center\">\r\n\t\t<td align=\"left\"><strong>Biens meubles<\/strong><\/td>\r\n\t\t<td>25&nbsp;000&nbsp;$&nbsp;+<\/td>\r\n\t\t<td>400&nbsp;000&nbsp;$<\/td>\r\n\t\t<td>400&nbsp;000&nbsp;$<\/td>\r\n\t\t<td>400&nbsp;000&nbsp;$<\/td>\r\n\t\t<td>1&nbsp;250&nbsp;000&nbsp;$ (montant unique)<\/td>\r\n\t\t<\/tr>\r\n\r\n\t\t<tr valign=\"top\" align=\"center\">\r\n\t\t<td align=\"left\"><strong>Biens sp\u00e9ciaux<\/strong><\/td>\r\n\t\t<td><\/td>\r\n\t\t<td><\/td>\r\n\t\t<td><\/td>\r\n\t\t<td><\/td>\r\n\t\t<td><\/td>\r\n\t\t<\/tr>\r\n\r\n\t\t<tr valign=\"top\" align=\"center\">\r\n\t\t<td align=\"left\">Audio + multim\u00e9dia vid\u00e9o<\/td>\r\n\t\t<td>Biens meubles<\/td>\r\n\t\t<td>1&nbsp;000&nbsp;$<\/td>\r\n\t\t<td>3&nbsp;000&nbsp;$<\/td>\r\n\t\t<td>1&nbsp;000&nbsp;$<\/td>\r\n\t\t<td>Biens meubles<\/td>\r\n\t\t<\/tr>\r\n\r\n\t\t<tr valign=\"top\" align=\"center\">\r\n\t\t<td align=\"left\">Bicyclettes<\/td>\r\n\t\t<td>Facultatif<\/td>\r\n\t\t<td>1&nbsp;000&nbsp;$<\/td>\r\n\t\t<td>3&nbsp;000&nbsp;$<\/td>\r\n\t\t<td>1&nbsp;000&nbsp;$<\/td>\r\n\t\t<td>1&nbsp;500&nbsp;$<\/td>\r\n\t\t<\/tr>\r\n\r\n\t\t<tr valign=\"top\" align=\"center\">\r\n\t\t<td align=\"left\">Biens \u00e0 usage professionnel<\/td>\r\n\t\t<td>Facultatif<\/td>\r\n\t\t<td>2&nbsp;000&nbsp;$<\/td>\r\n\t\t<td>2&nbsp;000&nbsp;$<\/td>\r\n\t\t<td>2&nbsp;000&nbsp;$<\/td>\r\n\t\t<td>5&nbsp;000&nbsp;$<\/td>\r\n\t\t<\/tr>\r\n\r\n\t\t<tr valign=\"top\" align=\"center\">\r\n\t\t<td align=\"left\">Porcelaine<\/td>\r\n\t\t<td>Facultatif<\/td>\r\n\t\t<td>10&nbsp;000&nbsp;$<\/td>\r\n\t\t<td>6&nbsp;000&nbsp;$<\/td>\r\n\t\t<td>10&nbsp;000&nbsp;$<\/td>\r\n\t\t<td>Biens meubles<\/td>\r\n\t\t<\/tr>\r\n\r\n\t\t<tr valign=\"top\" align=\"center\">\r\n\t\t<td align=\"left\">Collections de cartes<\/td>\r\n\t\t<td>Facultatif<\/td>\r\n\t\t<td>5&nbsp;000&nbsp;$<\/td>\r\n\t\t<td>8&nbsp;500&nbsp;$<\/td>\r\n\t\t<td>2&nbsp;500&nbsp;$<\/td>\r\n\t\t<td>10&nbsp;000&nbsp;$<\/td>\r\n\t\t<\/tr>\r\n\r\n\t\t<tr valign=\"top\" align=\"center\">\r\n\t\t<td align=\"left\">Collections de pi\u00e8ces de monnaie<\/td>\r\n\t\t<td>Facultatif<\/td>\r\n\t\t<td>5&nbsp;000&nbsp;$<\/td>\r\n\t\t<td>8&nbsp;500&nbsp;$<\/td>\r\n\t\t<td>2&nbsp;500&nbsp;$<\/td>\r\n\t\t<td>1&nbsp;000&nbsp;$<\/td>\r\n\t\t<\/tr>\r\n\r\n\t\t<tr valign=\"top\" align=\"center\">\r\n\t\t<td align=\"left\">Ordinateurs<\/td>\r\n\t\t<td>Biens meubles<\/td>\r\n\t\t<td>5&nbsp;000&nbsp;$<\/td>\r\n\t\t<td>8&nbsp;500&nbsp;$<\/td>\r\n\t\t<td>2&nbsp;500&nbsp;$<\/td>\r\n\t\t<td>Biens meubles<\/td>\r\n\t\t<\/tr>\r\n\r\n\t\t<tr valign=\"top\" align=\"center\">\r\n\t\t<td align=\"left\">Objets d\u2019art<\/td>\r\n\t\t<td>Facultatif<\/td>\r\n\t\t<td>Biens meubles<\/td>\r\n\t\t<td>Biens meubles<\/td>\r\n\t\t<td>10&nbsp;000&nbsp;$<\/td>\r\n\t\t<td>Biens meubles<\/td>\r\n\t\t<\/tr>\r\n\r\n\t\t<tr valign=\"top\" align=\"center\">\r\n\t\t<td align=\"left\">Tracteurs de jardin<\/td>\r\n\t\t<td>Biens meubles<\/td>\r\n\t\t<td>5&nbsp;000&nbsp;$<\/td>\r\n\t\t<td>2&nbsp;500&nbsp;$<\/td>\r\n\t\t<td>2&nbsp;500&nbsp;$<\/td>\r\n\t\t<td>10&nbsp;000&nbsp;$<\/td>\r\n\t\t<\/tr>\r\n\r\n\t\t<tr valign=\"top\" align=\"center\">\r\n\t\t<td align=\"left\">Bijoux + montres<\/td>\r\n\t\t<td>Facultatif<\/td>\r\n\t\t<td>6&nbsp;000&nbsp;$<\/td>\r\n\t\t<td>7&nbsp;500&nbsp;$<\/td>\r\n\t\t<td>6&nbsp;000&nbsp;$<\/td>\r\n\t\t<td>7&nbsp;000&nbsp;$<\/td>\r\n\t\t<\/tr>\r\n\r\n\t\t<tr valign=\"top\" align=\"center\">\r\n\t\t<td align=\"left\">Manuscrits + collections de timbres<\/td>\r\n\t\t<td>Facultatif<\/td>\r\n\t\t<td>Biens meubles<\/td>\r\n\t\t<td>10&nbsp;000&nbsp;$<\/td>\r\n\t\t<td>Biens meubles<\/td>\r\n\t\t<td>2&nbsp;000&nbsp;$<\/td>\r\n\t\t<\/tr>\r\n\r\n\t\t<tr valign=\"top\" align=\"center\" style=\"background-color:#f9f8f7\">\r\n\t\t<td align=\"left\">Argent (y compris les cartes de paiement)<\/td>\r\n\t\t<td>Inadmissible<\/td>\r\n\t\t<td>Biens meubles<\/td>\r\n\t\t<td>10&nbsp;000&nbsp;$<\/td>\r\n\t\t<td>Biens meubles<\/td>\r\n\t\t<td>10&nbsp;000&nbsp;$<\/td>\r\n\t\t<\/tr>\r\n\r\n\t\t<tr valign=\"top\" align=\"center\">\r\n\t\t<td align=\"left\">Tapis d\u2019Orient<\/td>\r\n\t\t<td>Facultatif<\/td>\r\n\t\t<td>Biens meubles<\/td>\r\n\t\t<td>10&nbsp;000&nbsp;$<\/td>\r\n\t\t<td>Biens meubles<\/td>\r\n\t\t<td>Biens meubles<\/td>\r\n\t\t<\/tr>\r\n\r\n\t\t<tr valign=\"top\" align=\"center\">\r\n\t\t<td align=\"left\">Argenterie<\/td>\r\n\t\t<td>Facultatif<\/td>\r\n\t\t<td>Biens meubles<\/td>\r\n\t\t<td>10&nbsp;000&nbsp;$<\/td>\r\n\t\t<td>Biens meubles<\/td>\r\n\t\t<td>Biens meubles<\/td>\r\n\t\t<\/tr>\r\n\r\n\t\t<tr valign=\"top\" align=\"center\">\r\n\t\t<td align=\"left\">\u00c9quipement sportif<\/td>\r\n\t\t<td>Facultatif<\/td>\r\n\t\t<td>Biens meubles<\/td>\r\n\t\t<td>Biens meubles<\/td>\r\n\t\t<td>Biens meubles<\/td>\r\n\t\t<td>Biens meubles<\/td>\r\n\t\t<\/tr>\r\n\r\n\t\t<tr valign=\"top\" align=\"center\">\r\n\t\t<td align=\"left\">Biens d\u2019\u00e9tudiant<\/td>\r\n\t\t<td>Biens meubles<\/td>\r\n\t\t<td>10&nbsp;000&nbsp;$<\/td>\r\n\t\t<td>1&nbsp;000&nbsp;$<\/td>\r\n\t\t<td>1&nbsp;000&nbsp;$<\/td>\r\n\t\t<td>Biens meubles<\/td>\r\n\t\t<\/tr>\r\n\r\n\t\t<tr valign=\"top\" align=\"center\">\r\n\t\t<td align=\"left\">Embarcations<\/td>\r\n\t\t<td>Facultatif<\/td>\r\n\t\t<td>2&nbsp;000&nbsp;$<\/td>\r\n\t\t<td>1&nbsp;000&nbsp;$<\/td>\r\n\t\t<td>3&nbsp;000&nbsp;$<\/td>\r\n\t\t<td>3&nbsp;000&nbsp;$<\/td>\r\n\t\t<\/tr>\r\n\r\n\t\t<tr valign=\"top\" align=\"center\">\r\n\t\t<td align=\"left\"><strong>Frais de subsistance suppl\u00e9mentaires<\/strong><\/td>\r\n\t\t<td>10&nbsp;000&nbsp;$&nbsp;+<\/td>\r\n\t\t<td>125&nbsp;000&nbsp;$<\/td>\r\n\t\t<td>100&nbsp;000&nbsp;$<\/td>\r\n\t\t<td>125&nbsp;000&nbsp;$<\/td>\r\n\t\t<td>1&nbsp;250&nbsp;000&nbsp;$ (montant unique)<\/td>\r\n\t\t<\/tr>\r\n\r\n\t\t<tr valign=\"top\" align=\"center\">\r\n\t\t<td align=\"left\"><strong>Responsabilit\u00e9 civile et Responsabilit\u00e9 du fait des lieux<\/strong><\/td>\r\n\t\t<td>500&nbsp;000&nbsp;$&nbsp;+<\/td>\r\n\t\t<td>1&nbsp;000&nbsp;000&nbsp;$&nbsp;+<\/td>\r\n\t\t<td>1&nbsp;000&nbsp;000&nbsp;$&nbsp;+<\/td>\r\n\t\t<td>1&nbsp;000&nbsp;000&nbsp;$&nbsp;+<\/td>\r\n\t\t<td>1&nbsp;000&nbsp;000&nbsp;$&nbsp;+<\/td>\r\n\t\t<\/tr>\r\n\t<\/tbody>\r\n\t<thead class=\"thead-dark\">\r\n\t\t<tr>\r\n\t\t\t<td><\/td>\r\n\t\t\t<td width=\"15%\" class=\"text-center\"><strong>Square One<\/strong><\/td>\r\n\t\t\t<td width=\"15%\" class=\"text-center\"><strong>Aviva<\/strong><\/td>\r\n\t\t\t<td width=\"15%\" class=\"text-center\"><strong>Intact<\/strong><\/td>\r\n\t\t\t<td Width=\"15%\" class=\"text-center\"><strong>RBC<\/strong><\/td>\r\n\t\t\t<td Width=\"15%\" class=\"text-center\"><strong>RSA<\/strong><\/td>\r\n\t\t<\/tr>\r\n\t<\/thead>\r\n<\/table>\r\n\t\t\r\n<p class=\"mt-5\">Les fournisseurs ne cat\u00e9gorisent pas les biens sp\u00e9ciaux de la m\u00eame fa\u00e7on. Certains fournisseurs regroupent certains types de biens sp\u00e9ciaux dans la cat\u00e9gorie Biens meubles, alors que d\u2019autres n\u2019offrent aucune couverture du tout pour certains types de biens sp\u00e9ciaux. Finalement, la limitation pour biens sp\u00e9ciaux ne s\u2019applique qu\u2019aux pertes d\u00e9coulant du cambriolage, de la disparition myst\u00e9rieuse et du vol, etc. Pour de plus amples renseignements, veuillez consulter le libell\u00e9 de la police de chaque fournisseur.<\/p>\r\n\r\n<h2>Prot\u00e9gez-vous contre les effractions, les ruptures de tuyaux, les incendies et bien plus<\/h2>\r\n<p>Lorsque vous souscrivez une assurance habitation, il est important de distinguer entre les types de polices offerts. Les trois types de polices offertes sont les suivantes :<\/p>\r\n<p><b>1. Compr\u00e9hensive :<\/b> une protection contre tous les types de sinistres \u00e0 l\u2019exception de ceux sp\u00e9cifiquement exclus de la police.<\/p>\r\n<p><b>2. Risques d\u00e9sign\u00e9s :<\/b> une protection contre certains types de sinistres sp\u00e9cifiquement \u00e9num\u00e9r\u00e9s dans la police.<\/p>\r\n<p><b>3. Formule \u00e9tendue&nbsp;:<\/b> une protection compr\u00e9hensive pour b\u00e2timent et une protection contre les risques d\u00e9sign\u00e9s pour les biens meubles.<\/p>\r\n<p>Les polices compr\u00e9hensives offrent la meilleure protection, alors que les polices contre les risques d\u00e9sign\u00e9s, elles, proposent une protection faible. Cela dit, les polices compr\u00e9hensives ne sont pas toutes identiques. Dans certaines polices de ce genre, vous devez payer plus pour souscrire une protection critique contre certains types de sinistres. Le tableau ci-dessous compare les types de polices et les sinistres couverts par chaque fournisseur.<\/p>\r\n\r\n\r\n<table width=\"100%\" class=\"table-hover table-striped\" cellpadding=\"5\" border=\"1\">\r\n\t<thead class=\"thead-dark\">\r\n\t\t<tr>\r\n\t\t\t<td><\/td>\r\n\t\t\t<td width=\"15%\" class=\"text-center\"><strong>Square One<\/strong><\/td>\r\n\t\t\t<td width=\"15%\" class=\"text-center\"><strong>Aviva<\/strong><\/td>\r\n\t\t\t<td width=\"15%\" class=\"text-center\"><strong>Intact<\/strong><\/td>\r\n\t\t\t<td Width=\"15%\" class=\"text-center\"><strong>RBC<\/strong><\/td>\r\n\t\t\t<td Width=\"15%\" class=\"text-center\"><strong>RSA<\/strong><\/td>\r\n\t\t<\/tr>\r\n\t<\/thead>\r\n\t<tbody>\r\n\r\n\t\t<tr valign=\"top\" align=\"center\">\r\n\t\t<td align=\"left\"><strong>Type de police<\/strong><\/td>\r\n\t\t<td><\/td>\r\n\t\t<td><\/td>\r\n\t\t<td><\/td>\r\n\t\t<td><\/td>\r\n\t\t<td><\/td>\r\n\t\t<\/tr>\r\n\r\n\t\t<tr valign=\"top\" align=\"center\">\r\n\t\t<td align=\"left\">Compr\u00e9hensive (meilleure)<\/td>\r\n\t\t<td>Inclus<\/td>\r\n\t\t<td>Facultatif<\/td>\r\n\t\t<td>Facultatif<\/td>\r\n\t\t<td>Inclus<\/td>\r\n\t\t<td>Facultatif<\/td>\r\n\t\t<\/tr>\r\n\r\n\t\t<tr valign=\"top\" align=\"center\">\r\n\t\t<td align=\"left\">Formule \u00e9tendue<\/td>\r\n\t\t<td>Non offert<\/td>\r\n\t\t<td>Facultatif<\/td>\r\n\t\t<td>Facultatif<\/td>\r\n\t\t<td>Non offert<\/td>\r\n\t\t<td>Facultatif<\/td>\r\n\t\t<\/tr>\r\n\r\n\t\t<tr valign=\"top\" align=\"center\">\r\n\t\t<td align=\"left\">Risques d\u00e9sign\u00e9s (pire)<\/td>\r\n\t\t<td>Non offert<\/td>\r\n\t\t<td>Facultatif<\/td>\r\n\t\t<td>Facultatif<\/td>\r\n\t\t<td>Non offert<\/td>\r\n\t\t<td>Non offert<\/td>\r\n\t\t<\/tr>\r\n\r\n\t\t<tr valign=\"top\" align=\"center\">\r\n\t\t<td align=\"left\"><strong>Type de sinistre<\/strong><\/td>\r\n\t\t<td><\/td>\r\n\t\t<td><\/td>\r\n\t\t<td><\/td>\r\n\t\t<td><\/td>\r\n\t\t<td><\/td>\r\n\t\t<\/tr>\r\n\r\n\t\t<tr valign=\"top\" align=\"center\">\r\n\t\t<td align=\"left\">Tremblement de terre<\/td>\r\n\t\t<td>Facultatif<\/td>\r\n\t\t<td>Facultatif<\/td>\r\n\t\t<td>Facultatif<\/td>\r\n\t\t<td>Facultatif<\/td>\r\n\t\t<td>Facultatif<\/td>\r\n\t\t<\/tr>\r\n\r\n\t\t<tr valign=\"top\" align=\"center\">\r\n\t\t<td align=\"left\">Inondation fluviale (eau douce)<\/td>\r\n\t\t<td>Inclus<\/td>\r\n\t\t<td>Facultatif<\/td>\r\n\t\t<td>Facultatif<\/td>\r\n\t\t<td>Non offert<\/td>\r\n\t\t<td>Facultatif<\/td>\r\n\t\t<\/tr>\r\n\r\n\t\t<tr valign=\"top\" align=\"center\">\r\n\t\t<td align=\"left\">Refoulement d\u2019eau<\/td>\r\n\t\t<td>Inclus<\/td>\r\n\t\t<td>Facultatif<\/td>\r\n\t\t<td>Facultatif<\/td>\r\n\t\t<td>Facultatif<\/td>\r\n\t\t<td>Facultatif<\/td>\r\n\t\t<\/tr>\r\n\r\n\t\t<tr valign=\"top\" align=\"center\">\r\n\t\t<td align=\"left\">Eau de drainage externe<\/td>\r\n\t\t<td>Inclus<\/td>\r\n\t\t<td>Inclus<\/td>\r\n\t\t<td>Inclus<\/td>\r\n\t\t<td>Inclus<\/td>\r\n\t\t<td>Facultatif<\/td>\r\n\t\t<\/tr>\r\n\r\n\t\t<tr valign=\"top\" align=\"center\">\r\n\t\t<td align=\"left\">Gr\u00eale<\/td>\r\n\t\t<td>Inclus<\/td>\r\n\t\t<td>Inclus<\/td>\r\n\t\t<td>Inclus<\/td>\r\n\t\t<td>Inclus<\/td>\r\n\t\t<td>Inclus<\/td>\r\n\t\t<\/tr>\r\n\t<\/tbody>\r\n\t<thead class=\"thead-dark\">\r\n\t\t<tr>\r\n\t\t\t<td><\/td>\r\n\t\t\t<td width=\"15%\" class=\"text-center\"><strong>Square One<\/strong><\/td>\r\n\t\t\t<td width=\"15%\" class=\"text-center\"><strong>Aviva<\/strong><\/td>\r\n\t\t\t<td width=\"15%\" class=\"text-center\"><strong>Intact<\/strong><\/td>\r\n\t\t\t<td Width=\"15%\" class=\"text-center\"><strong>RBC<\/strong><\/td>\r\n\t\t\t<td Width=\"15%\" class=\"text-center\"><strong>RSA<\/strong><\/td>\r\n\t\t<\/tr>\r\n\t<\/thead>\r\n<\/table>\r\n\r\n\r\n<p class=\"mt-5\">La protection contre l\u2019inondation fluviale (eau douce) n\u2019est pas offerte dans certaines r\u00e9gions du pays. Dans les r\u00e9gions o\u00f9 cette protection est offerte, certains fournisseurs la proposent automatiquement, alors que d\u2019autres le font \u00e0 titre facultatif. Par ailleurs, il est important de noter qu\u2019aucun fournisseur d\u2019assurance habitation au Canada n\u2019offre une protection contre l\u2019inondation c\u00f4ti\u00e8re (eau marine).<\/p>\r\n\r\n<h2>\u00c9conomisez \u00e0 l\u2019aide des rabais et franchises<\/h2>\r\n<p>Vous trouverez ci-dessous les rabais les plus courants offerts par les fournisseurs d\u2019assurance habitation. Certains fournisseurs indiquent les montants de rabais dans la police, alors que d\u2019autres les int\u00e8grent \u00e0 la prime finale, tout simplement. Dans tous les cas, vous recevez les m\u00eames \u00e9conomies.<\/p>\r\n<p>Vous pouvez \u00e9galement faire des \u00e9conomies en choisissant une franchise plus \u00e9lev\u00e9e. Dans le cas o\u00f9 surviendrait un sinistre, une franchise est le montant du r\u00e8glement non indemnis\u00e9 par votre police.  Chez certains fournisseurs, vous pouvez \u00e9conomiser jusqu\u2019\u00e0 30 % en choisissant une franchise plus \u00e9lev\u00e9e.<\/p>\r\n\r\n<table width=\"100%\" class=\"table-hover table-striped\" cellpadding=\"5\" border=\"1\">\r\n\t<thead class=\"thead-dark\">\r\n\t\t<tr>\r\n\t\t\t<td><\/td>\r\n\t\t\t<td width=\"15%\" class=\"text-center\"><strong>Square One<\/strong><\/td>\r\n\t\t\t<td width=\"15%\" class=\"text-center\"><strong>Aviva<\/strong><\/td>\r\n\t\t\t<td width=\"15%\" class=\"text-center\"><strong>Intact<\/strong><\/td>\r\n\t\t\t<td Width=\"15%\" class=\"text-center\"><strong>RBC<\/strong><\/td>\r\n\t\t\t<td Width=\"15%\" class=\"text-center\"><strong>RSA<\/strong><\/td>\r\n\t\t<\/tr>\r\n\t<\/thead>\r\n\t<tbody>\r\n\t\t<tr valign=\"top\" align=\"center\">\r\n\t\t<td align=\"left\"><strong>Rabais<\/strong><\/td>\r\n\t\t<td><\/td>\r\n\t\t<td><\/td>\r\n\t\t<td><\/td>\r\n\t\t<td><\/td>\r\n\t\t<td><\/td>\r\n\t\t<\/tr>\r\n\r\n\t\t<tr valign=\"top\" align=\"center\">\r\n\t\t<td align=\"left\">\u00c2ge<\/td>\r\n\t\t<td>45 ans&nbsp;+<\/td>\r\n\t\t<td>26 ans&nbsp;+<\/td>\r\n\t\t<td>50 ans&nbsp;+<\/td>\r\n\t\t<td>Inclus<\/td>\r\n\t\t<td>45 ans&nbsp;+<\/td>\r\n\t\t<\/tr>\r\n\r\n\t\t<tr valign=\"top\" align=\"center\">\r\n\t\t<td align=\"left\">Dossier sans sinistre<\/td>\r\n\t\t<td>3 ans&nbsp;+<\/td>\r\n\t\t<td>3 ans&nbsp;+<\/td>\r\n\t\t<td>Variable<\/td>\r\n\t\t<td>Inclus<\/td>\r\n\t\t<td>3 ans&nbsp;+<\/td>\r\n\t\t<\/tr>\r\n\r\n\t\t<tr valign=\"top\" align=\"center\">\r\n\t\t<td align=\"left\">\u00c2ge de l\u2019habitation<\/td>\r\n\t\t<td>Inclus<\/td>\r\n\t\t<td>Variable<\/td>\r\n\t\t<td>Variable<\/td>\r\n\t\t<td>Inclus<\/td>\r\n\t\t<td>Inclus<\/td>\r\n\t\t<\/tr>\r\n\r\n\t\t<tr valign=\"top\" align=\"center\">\r\n\t\t<td align=\"left\">Alarme contr\u00f4l\u00e9e<\/td>\r\n\t\t<td>Inclus<\/td>\r\n\t\t<td>Variable<\/td>\r\n\t\t<td>Variable<\/td>\r\n\t\t<td>Variable<\/td>\r\n\t\t<td>Variable<\/td>\r\n\t\t<\/tr>\r\n\r\n\t\t<tr valign=\"top\" align=\"center\">\r\n\t\t<td align=\"left\">Sans hypoth\u00e8que<\/td>\r\n\t\t<td>Inclus<\/td>\r\n\t\t<td>Variable<\/td>\r\n\t\t<td>Variable<\/td>\r\n\t\t<td>Variable<\/td>\r\n\t\t<td>Variable<\/td>\r\n\t\t<\/tr>\r\n\r\n\t\t<tr valign=\"top\" align=\"center\">\r\n\t\t<td align=\"left\"><strong>Franchise (normale)<\/strong><\/td>\r\n\t\t<td>500 $ \u00e0 5&nbsp;000&nbsp;$<\/td>\r\n\t\t<td>500 $ \u00e0 2&nbsp;500&nbsp;$<\/td>\r\n\t\t<td>500 $ \u00e0 2&nbsp;500&nbsp;$<\/td>\r\n\t\t<td>500 $ \u00e0 5&nbsp;000&nbsp;$<\/td>\r\n\t\t<td>500 $ \u00e0 5&nbsp;000&nbsp;$<\/td>\r\n\t\t<\/tr>\r\n\t<\/tbody>\r\n\t<thead class=\"thead-dark\">\r\n\t\t<tr>\r\n\t\t\t<td><\/td>\r\n\t\t\t<td width=\"15%\" class=\"text-center\"><strong>Square One<\/strong><\/td>\r\n\t\t\t<td width=\"15%\" class=\"text-center\"><strong>Aviva<\/strong><\/td>\r\n\t\t\t<td width=\"15%\" class=\"text-center\"><strong>Intact<\/strong><\/td>\r\n\t\t\t<td Width=\"15%\" class=\"text-center\"><strong>RBC<\/strong><\/td>\r\n\t\t\t<td Width=\"15%\" class=\"text-center\"><strong>RSA<\/strong><\/td>\r\n\t\t<\/tr>\r\n\t<\/thead>\r\n<\/table>\r\n\r\n\r\n<p class=\"mt-5\">En plus de la franchise normale indiqu\u00e9e ci-dessus, il est possible que votre police soit assujettie \u00e0 plusieurs autres franchises. Par exemple, il peut y avoir des franchises sp\u00e9cifiques pour les pertes d\u00e9coulant des activit\u00e9s criminelles, du refoulement d\u2019eau et de la gr\u00eale. Il peut \u00e9galement y avoir des franchises pour les pertes provoqu\u00e9es par le syst\u00e8me \u00e9lectrique ou l\u2019installation de plomberie de votre maison.<\/p>\r\n<\/section>\r\n\r\n<\/main>","protected":false},"excerpt":{"rendered":"<p>Comparaison des fournisseurs d\u2019assurance habitation au Canada Toutes les polices d\u2019assurance ne sont pas \u00e9gales. Dans cette optique, il est important de comparer les produits offerts par les divers fournisseurs d\u2019assurance habitation. Pour vous aider \u00e0 faire la comparaison, nous avons compil\u00e9 des donn\u00e9es sur cinq fournisseurs canadiens typiques. La comparaison pr\u00e9sente de l\u2019information sur [&hellip;]<\/p>\n","protected":false},"author":2,"featured_media":0,"parent":0,"menu_order":0,"comment_status":"closed","ping_status":"closed","template":"","meta":{"_acf_changed":false,"footnotes":""},"class_list":["post-55914","page","type-page","status-publish","hentry"],"acf":[],"_links":{"self":[{"href":"https:\/\/www.squareone.ca\/fr\/wp-json\/wp\/v2\/pages\/55914","targetHints":{"allow":["GET"]}}],"collection":[{"href":"https:\/\/www.squareone.ca\/fr\/wp-json\/wp\/v2\/pages"}],"about":[{"href":"https:\/\/www.squareone.ca\/fr\/wp-json\/wp\/v2\/types\/page"}],"author":[{"embeddable":true,"href":"https:\/\/www.squareone.ca\/fr\/wp-json\/wp\/v2\/users\/2"}],"replies":[{"embeddable":true,"href":"https:\/\/www.squareone.ca\/fr\/wp-json\/wp\/v2\/comments?post=55914"}],"version-history":[{"count":3,"href":"https:\/\/www.squareone.ca\/fr\/wp-json\/wp\/v2\/pages\/55914\/revisions"}],"predecessor-version":[{"id":55979,"href":"https:\/\/www.squareone.ca\/fr\/wp-json\/wp\/v2\/pages\/55914\/revisions\/55979"}],"wp:attachment":[{"href":"https:\/\/www.squareone.ca\/fr\/wp-json\/wp\/v2\/media?parent=55914"}],"curies":[{"name":"wp","href":"https:\/\/api.w.org\/{rel}","templated":true}]}}