{"id":56268,"date":"2022-03-04T11:51:33","date_gmt":"2022-03-04T19:51:33","guid":{"rendered":"https:\/\/www.squareone.ca\/telephones-cellulaires"},"modified":"2025-06-19T14:46:56","modified_gmt":"2025-06-19T21:46:56","slug":"assurance-telephone-intelligent","status":"publish","type":"page","link":"https:\/\/www.squareone.ca\/fr\/centres-ressources\/bases-assurance\/telephone-cellulaire-portable-montre-intelligente","title":{"rendered":"Comment assurer les t\u00e9l\u00e9phones cellulaires, les portables et les montres intelligentes?"},"content":{"rendered":"<section id='intro' class=\"bg-shape-split bg-sub-page-hero\">\r\n    <div class=\"bg-position\">\r\n        <div class=\"container-fluid\">\r\n            <div class=\"row align-items-center\">\r\n                <div class=\"col-12 col-lg-8\">\r\n                    <h1>Comment assurer les t\u00e9l\u00e9phones cellulaires, les portables et les montres intelligentes?<\/h1>\r\n <strong>Article r\u00e9dig\u00e9 par l'\u00e9quipe de Square One<\/strong>\r\n                    <p><strong>Article \u00e9valu\u00e9 par <a href=\"\/fr\/a-propos-de-nous\/experts\/rena-novotny\" title=\"Experte : Rena Novotny\">Rena Novotny<\/a><\/strong><\/p>\r\n                    <p class=\"pb-4\" style=\"margin-top:-24px\">Mis \u00e0 jour le 18 juin 2024<\/p>\r\n                <\/div>\r\n            <\/div>\r\n\r\n            <div class=\"row\">\r\n                <div class=\"col-lg-8\">\r\n\r\n                    <p class=\"display-4\">L\u2019assurance habitation et votre t\u00e9l\u00e9phone cellulaire\u00a0: voici deux choses que vous ne voudriez pas vous passer. \u00c9tant donn\u00e9 que les t\u00e9l\u00e9phones intelligents haut de gamme co\u00fbtent aux alentours de 2\u00a0000\u00a0$, les consommateurs sont plus nombreux \u00e0 les assurer. Il en est de m\u00eame pour les portables, les tablettes, les montres intelligentes et tous les autres appareils techno dernier cri. Pourtant, il n\u2019est pas \u00e9vident de d\u00e9chiffrer les diff\u00e9rentes solutions de couverture sur le march\u00e9\u00a0: assurance, garantie, etc. O\u00f9 commencer?<\/p>\r\n                    <p class=\"display-4\">Voici tout ce qu\u2019il faut savoir sur l\u2019assurance de vos appareils \u00e9lectroniques personnels.<\/p>\r\n                    <p class=\"pt-2\"><img loading=\"lazy\" decoding=\"async\" src=\"https:\/\/cdn.squareone.ca\/wp-content\/uploads\/2022\/06\/17145206\/telephone-cellulaire-portable-montre-intelligente-1.png\" title=\"Comment assurer les t\u00e9l\u00e9phones cellulaires, les portables et les montres intelligentes?\" alt=\"Un t\u00e9l\u00e9phone, un iPad et un MacBook\" width=\"248\" height=\"186\" class=\"img-fluid\" rel=\"noopener noreferrer\" \/><\/p>\r\n                <\/div>\r\n\r\n                <div class=\"col-lg-3 offset-lg-1\">\r\n                    <p class=\"mb-2 display-4 pt-4 pt-lg-0 pt-mb-0\"><strong>Th\u00e8mes<\/strong><\/p>\r\n                    <ul class=\"list-unstyled link-list display-4\">\r\n                      <li><a href=\"#solutions\">Protection de vos appareils<\/a><\/li>\r\n                      <li><a href=\"#necessaire\">Quelles couvertures sont n\u00e9cessaires?<\/a><\/li>\r\n                      <li><a href=\"#couverture\">Couverture pour biens meubles<\/a><\/li>\r\n                      <li><a href=\"#FAQ\">Questions fr\u00e9quemment pos\u00e9es<\/a><\/li>\r\n                    <\/ul>\r\n                <\/div>\r\n            <\/div>  \r\n        <\/div>\r\n    <\/div>\r\n    <div class=\"bg-bottom\"><\/div>\r\n<\/section>\r\n\r\n<section>\r\n<div class=\"container-fluid py-6\">\r\n    <div class=\"row\">\r\n        <div class=\"col-12 col-lg-8\">\r\n\r\n  <div class=\"row pb-6\">\r\n                    <div class=\"col-12\">\r\n                        <div class=\"card review\" style='background-color:#FFE0C9'>\r\n                            <div class=\"card-body\">\r\n                                <p class=\"h3\">L&rsquo;essentiel<\/p>\r\n                                <ul class='mb-0'>\r\n                                    <li>Il existe plusieurs fa\u00e7ons de prot\u00e9ger des produits \u00e9lectroniques, comme les t\u00e9l\u00e9phones cellulaires, des garanties du fabricant \u00e0 l&rsquo;assurance habitation.<\/li>\r\n                                    <li>G\u00e9n\u00e9ralement, les garanties couvrent les d\u00e9fauts du fabricant pendant une p\u00e9riode limit\u00e9e, alors que l&rsquo;assurance habitation, elle, couvre les dommages involontaires \u00e0 condition que la police soit active.<\/li>\r\n                                <\/ul>\r\n                            <\/div>\r\n                        <\/div>\r\n                    <\/div>\r\n                <\/div>        \t\r\n\r\n            <h2 id=\"solutions\">Solutions pour prot\u00e9ger vos appareils<\/h2>\r\n\r\n              <p>Vous venez d\u2019acheter un t\u00e9l\u00e9phone cellulaire flambant neuf. Il s\u2019agit du dernier mod\u00e8le haut de gamme qui vous a co\u00fbt\u00e9 les yeux de la t\u00eate. Mais, comment le prot\u00e9ger? <\/p>\r\n\r\n              <p>En toute probabilit\u00e9, on vous a propos\u00e9 une protection suppl\u00e9mentaire lors de l\u2019achat de l\u2019appareil. Des termes comme \u00ab\u00a0garantie prolong\u00e9e\u00a0\u00bb, \u00ab\u00a0plan de protection\u00a0\u00bb et \u00ab\u00a0assurance responsabilit\u00e9 civile\u00a0\u00bb sont monnaie courante, mais mal compris. En outre, le type de protection dont vous avez besoin d\u00e9pend du type de perte qui vous pr\u00e9occupe.<\/p> \r\n\r\n              <p>Examinons les diff\u00e9rentes solutions et couvertures propos\u00e9es.<\/p>\r\n\r\n              <h3>Garanties<\/h3>\r\n\r\n              <p>Il existe une confusion entre les termes <a href=\"https:\/\/fr.wikipedia.org\/wiki\/Garantie\" title=\"Garantie - Wikipedia\" target=\"_blank\" rel=\"noopener noreferrer\">garantie et engagement formel<\/a> et il est facile de voir pourquoi. Tout simplement, une garantie est une promesse \u00e9crite. Un engagement formel constitue les d\u00e9tails de la promesse dans le cadre de la garantie.<\/p>\r\n\r\n              <p>Le mot \u00ab\u00a0garantie\u00a0\u00bb a plusieurs d\u00e9finitions selon le contexte. Par exemple, dans le secteur de l\u2019assurance, il faut que certains faits importants soient exacts, ou que certaines conditions soient remplies.<\/p>\r\n\r\n              <p>Dans le commerce de d\u00e9tail, en revanche, la d\u00e9finition de garantie est plut\u00f4t une assurance de qualit\u00e9. Une garantie est plus comme une promesse du fabricant que son produit respecte certaines normes. Si le produit fait d\u00e9faut pendant une p\u00e9riode donn\u00e9e, le fabricant accepte de r\u00e9parer ou de remplacer le produit si l\u2019on peut d\u00e9montrer que le d\u00e9faut n\u2019a pas \u00e9t\u00e9 provoqu\u00e9 par l\u2019utilisateur.<\/p>\r\n\r\n              <p>\u00c9mises par le fabricant, les garanties comportent souvent des limites de port\u00e9e et de temps. Par exemple, il est possible que votre nouveau t\u00e9l\u00e9phone ait une garantie d\u2019un an qui exclut les dommages \u00e0 l\u2019\u00e9cran. Si votre t\u00e9l\u00e9phone ne peut plus se charger, votre portable ne s\u2019allume pas ou votre montre intelligente a un bogue, il est possible que le fabricant accepte la responsabilit\u00e9 de les r\u00e9parer. Pour que ce soit possible, il faut que l\u2019appareil comprenne une garantie toujours en vigueur. De plus, le client doit prouver qu\u2019il n\u2019a pas provoqu\u00e9 le probl\u00e8me avec l\u2019appareil.<\/p>\r\n\r\n              <h3>Garantie prolong\u00e9e<\/h3>\r\n\r\n              <p>Ce type de garantie est offerte par le fabricant (AppleCare ou Samsung Premium Care).<\/p> \r\n\r\n              <p>Essentiellement, ces plans prolongent la dur\u00e9e de la garantie de votre appareil. Certains fabricants offrent plusieurs niveaux de protection, mais m\u00eame les plans les plus compr\u00e9hensifs ne vous prot\u00e8gent pas forc\u00e9ment contre les dommages provoqu\u00e9s par la n\u00e9gligence. Vous trouverez de l\u2019information suppl\u00e9mentaire sur les garanties pour t\u00e9l\u00e9phone cellulaire dans <a href=\"https:\/\/www.lapresse.ca\/affaires\/finances-personnelles\/201606\/22\/01-4994487-quelle-garantie-pour-votre-cellulaire.php\" title=\"Quelle garantie pour votre cellulaire?\" ref=\"noopener\" target=\"_blank\" rel=\"noopener noreferrer\">cet article de La Presse.<\/a><\/p> \r\n\r\n              <h3>Plans de protection<\/h3>\r\n\r\n              <p>G\u00e9n\u00e9ralement, les plans de protection sont offerts par l\u2019interm\u00e9diaire de votre fournisseurs de service\u00a0: Rogers, Bell, Telus, etc.<\/p> \r\n\r\n              <p>Moyennant des frais mensuels, vous pouvez prot\u00e9ger votre appareil contre les dommages involontaires. R\u00e9sultat\u00a0: en cas de t\u00e9l\u00e9phone perdu ou vol\u00e9, vous pourrez le remplacer par un appareil neuf. Mais attention\u00a0: il peut y avoir des conditions. Bon nombre de plans de protection limitent le nombre de r\u00e9clamations que vous pouvez pr\u00e9senter. Et n\u2019oubliez pas de bien lire les petits caract\u00e8res; en cas de r\u00e9clamation, il est possible que vous deviez r\u00e9gler une franchise de quelques centaines de dollars.<\/p>\r\n\r\n              <h3>Assurance habitation<\/h3>\r\n\r\n              <p>La plupart des polices d\u2019assurance habitation comprennent une couverture pour <a href=\"\/fr\/biens-meubles\" title=\"Assurance biens meubles\">les biens meubles<\/a>. Les t\u00e9l\u00e9phones cellulaires, les portables et certaines montres intelligentes sont normalement inclus. Donc, si vous avez une assurance habitation, il est probable que vos appareils sont admissibles \u00e0 cette couverture en vertu de votre police.<\/p>\r\n\r\n              <p>Par contre, si vous pr\u00e9sentez une r\u00e9clamation aupr\u00e8s de votre fournisseur d\u2019assurance, vous aurez \u00e0 payer une <a href=\"\/fr\/centres-ressources\/lexique-assurance\/franchise\">franchise<\/a>, en toute probabilit\u00e9. Si votre franchise est \u00e9lev\u00e9e, pr\u00e9senter une r\u00e9clamation pour un seul t\u00e9l\u00e9phone cellulaire ne vaut pas le coup. De plus, certains fournisseurs imposent des limites sur les r\u00e8glements pour les appareils \u00e9lectroniques. Dans ce cas, vous n\u2019avez pas forc\u00e9ment int\u00e9r\u00eat \u00e0 pr\u00e9senter une r\u00e9clamation.<\/p>\r\n\r\n              <h2 id=\"necessaire\">Quelles couvertures sont n\u00e9cessaires?<\/h2>\r\n\r\n              <p>Maintenant que vous savez qu\u2019il existe diverses couvertures pour votre t\u00e9l\u00e9phone intelligent, comment choisir?<\/p>\r\n\r\n              <p>Malheureusement, il n\u2019y a pas de r\u00e9ponse unique. Cela d\u00e9pend du montant que vous voulez payer vous-m\u00eame. Les garanties, les plans de protection et l\u2019assurance habitation couvrent des sinistres diff\u00e9rents.<\/p> \r\n\r\n              <p>La garantie du fabricant est importante, car elle vous aidera si le t\u00e9l\u00e9phone est d\u00e9fectueux. L\u2019assurance habitation ne couvre pas les d\u00e9ficiences m\u00e9caniques ou les pannes. En revanche, votre assurance habitation pourrait vous d\u00e9panner en cas de vol, \u00e0 la diff\u00e9rence de la garantie du fabricant.<\/p>\r\n\r\n              <p>Les dommages provoqu\u00e9s par les chutes, les \u00e9raflures ou les liquides sont particuli\u00e8rement pr\u00e9occupants, car ils ne sont pas admissibles \u00e0 la garantie du farbricant. Un plan de protection pourrait vous couvrir, selon le type de plan. Tout comme les autres couvertures de votre assurance habitation, les dommages involontaires sont admissibles.<\/p>\r\n\r\n              <p>Si vous avez d\u00e9j\u00e0 une police d\u2019assurance habitation qui couvre ad\u00e9quatement les appareils \u00e9lectroniques, il est possible que vous n\u2019ayez pas besoin d\u2019un plan de protection suppl\u00e9mentaire si votre t\u00e9l\u00e9phone est sous garantie. Vous devriez comparer votre police d\u2019assurance habitation avec les options et les primes des plans de protection.<\/p>\r\n\r\n              <h2 id=\"couverture\">Comment assurer vos appareils \u00e9lectroniques chez Square One<\/h2>\r\n\r\n              <p>Chez Square One, nous comprenons l\u2019importance des produits \u00e9lectroniques dans le monde moderne. Nous traitons votre t\u00e9l\u00e9phone et votre portable comme le reste de vos biens meubles, sans imposer des sous-limitations pour les appareils \u00e9lectroniques. Vous pouvez choisir vos propres limitations pour les biens meubles; nous proposons une vaste gamme de solutions pour tous les go\u00fbts et styles de vie.<\/p>\r\n\r\n              <p>Notre police prot\u00e8ge vos biens meubles selon la <a href=\"\/fr\/centres-ressources\/bases-assurance\/remplacement-biens-meubles\" title=\"Comment remplacer mes biens meubles?\">valeur \u00e0 neuf<\/a> et non selon la valeur au jour du sinistre. Autrement dit, si quelqu\u2019un vole votre t\u00e9l\u00e9phone, nous le remplacerons par un appareil neuf de type et de qualit\u00e9 semblables, sans d\u00e9duction pour la d\u00e9pr\u00e9ciation.<\/p>\r\n\r\n              <p>Vous paierez toujours une franchise, par contre. Chez Square One, le choix de franchise est facile; vous s\u00e9lectionnez une franchise convenable au moment de souscrire votre police.<\/p>\r\n\r\n              <p>Et le meilleur de tout cela? En plus de la couverture pour vos biens meubles, Square One vous offre une <a href=\"\/fr\/habitation\/comprehensive\" title=\"Assurance habitation compr\u00e9hensive\">protection compr\u00e9hensive<\/a> qui comprend l\u2019assurance responsabilit\u00e9 civile.<\/p>\r\n      \r\n            <\/div>\r\n        <\/div>\r\n    <\/div>\r\n<\/section>\r\n\r\n\t<section class=\"bg-transparent\">\n\t\t<img decoding=\"async\" src=\"\/sales\/images\/bgs\/bg-mid-page-cta-general-top.svg\" style=\"width: 100%; vertical-align: bottom; position: relative; top: 1px\"\/>\n\t\t\n\t\t<div class=\"bg-darkTeal py-3\">\t\t\t\n\t\t\t<div class=\"container-fluid\">\n\t\t\t\t<div class=\"row d-flex align-items-center pb-5\">\n\t\t\t\t\t<div class=\"col-12 col-md-8 offset-md-2 px-lg-5 pb-5 pb-lg-0\">\n\t\t\t\t\t\t<div class=\"h6 mb-4 text-primary text-uppercase text-center\">\n\t\t\t\t\t\t\tCela ne prend que 5\u00a0minutes \n\t\t\t\t\t\t<\/div>\t\t\n\t\t\t\t\t\t\t\t\t\t\t\n\t\t\t\t\t\t<p class=\"lead px-lg-5 text-white\">\n\t\t\t\t\t\t\t<strong class=\"d-inline-block text-uc-first\">Pr\u00eat \u00e0 obtenir une soumission en ligne? <\/strong> Votre temps est aussi pr\u00e9cieux que vos possessions. Obtenez une soumission d'assurance habitation en <strong>5 minutes<\/strong>. C\u2019est moins de temps qu\u2019il n\u2019en faut pour faire la file pour un caf\u00e9.\n\t\t\t\t\t\t<\/p>\t\t\t\n\t\n\t\t\t\t\t\t<div id=\"sq1-qw-992641621c2e\" class=\"sq1-quote-widget mb-4 text-white\" data-quote-widget-type=\"HOME\" data-has-custom-text=\"true\">\n\t\t\t\t\t\t\t<div class=\"input-group input-group-focus-within bg-white my-4\">\n\t\t\t\t\t\t\t\t<div>\n\t\t\t\t\t\t\t\t\t<div class=\"input-group-text\">\n\t\t\t\t\t\t\t\t\t\t<i class=\"fa fa-map-marker d-block text-black\"><\/i>\n\t\t\t\t\t\t\t\t\t<\/div>\n\t\t\t\t\t\t\t\t<\/div>\n\t\t\t\t\t\t\t\t<input type=\"text\" class=\"form-control\" style=\"padding: 10px;\" placeholder=\"Enter an address\" aria-label=\"Inscrivez votre adresse pour obtenir une soumission\"\/>\n\t\t\t\t\t\t\t\t<div>\n\t\t\t\t\t\t\t\t\t<button class=\"btn btn-primary\">Obtenir une soumission en ligne d\u00e8s maintenant<\/button>\n\t\t\t\t\t\t\t\t<\/div>\n\t\t\t\t\t\t\t<\/div>\n\t\t\t\t\t\t<\/div>\n\t\t\t\t\t\t\n\t\t\t\t\t\t<p class=\"small text-white\">Avant de commencer, veuillez lire notre <a href=\"https:\/\/www.squareone.ca\/fr\/politique-confidentialite\" target=\"_blank\" rel=\"noreferrer noopener\">Politique de confidentialit\u00e9<\/a> et nos <a href=\"https:\/\/www.squareone.ca\/fr\/conditions-utilisation\" target=\"_blank\" rel=\"noreferrer noopener\">Conditions d\u2019utilisation<\/a>.<\/p>\t\n\t\n\t\t\t\t\t\t<script type=\"text\/javascript\">\n\t\t\t\t\t\t(function() {\n\t\t\t\t\t\t\tdocument.addEventListener('soiMiscJsLoaded', function() {\n\t\t\t\t\t\t        $(document).ready(function() {\n\t\t\t\t\t\t\t\t\tsoiQuoteWidget.processFormWidget('\/sales\/index.php\/json_quote_widget?rand=' +Math.random(), 'qwContainer'); \/\/populate quoting widget with content from symfony.\n\t\t\t\t\t\t\t\t});\n\t\t\t\t\t\t\t});\n\t\t\t\t\t\t})();\n\t\t\t\t\t\t<\/script>\n\t\t\t\t\t<\/div>\n\t\t\t\t<\/div>\n\t\t\t<\/div>\n\t\t<\/div>\n\t\t\n\t\t<img decoding=\"async\" src=\"\/sales\/images\/bgs\/bg-mid-page-cta-general-bottom.svg\" style=\"width: 100%; vertical-align: top\"\/>\t\t\n\t<\/section>\r\n\r\n<section>\r\n    <div class=\"container-fluid py-6\">\r\n        <div class=\"row\">\r\n            <div class=\"col-12 col-lg-8\">\r\n\r\n              <h2 id=\"FAQ\">Questions fr\u00e9quemment pos\u00e9es<\/h2>\r\n\r\n              <h3>Ma montre intelligente est-elle couverte dans le cadre de mon assurance habitation?<\/h3>\r\n\r\n              <p>Cela d\u00e9pend de la montre et de la police. Chez certains fournisseurs, les montres intelligentes s\u2019inscrivent dans la cat\u00e9gorie des bijoux, alors que chez d\u2019autres fournisseurs, elles s\u2019inscrivent dans la cat\u00e9gorie des appareils \u00e9lectroniques. Votre montre intelligente est assujettie aux limitations et aux couvertures de la police selon la cat\u00e9gorisation de votre assureur.<\/p> \r\n\r\n              <p>Chez Square One, tout article destin\u00e9 \u00e0 la parure du corps se trouve dans la cat\u00e9gorie des bijoux et cela comprend les montres intelligentes. Chez Square One, la couverture pour bijoux n\u2019est pas incluse par d\u00e9faut, mais vous pouvez l\u2019ajouter \u00e0 votre police si vous en avez besoin. En revanche, des appareils simples que vous portez autour du poignet (comme les montres Fitbit ou les moniteurs de pas) se trouvent dans la cat\u00e9gorie des Biens meubles et sont automatiquement compris dans le cadre de la couverture pour Biens meubles.<\/p>\r\n              \r\n              <h3>Le portable de mon enfant est-il couvert en vertu de mon assurance habitation? <\/h3>\r\n\r\n              <p>Si vos enfants ont toujours besoin de votre appui financier pour assurer leur bien-\u00eatre, ils sont couverts en vertu de votre police, en toute probabilit\u00e9. Par exemple, si vous payez leurs factures durant leur s\u00e9jour universitaire ou au c\u00e9gep, ils sont probablement couverts. Si vous n\u2019\u00eates pas certain, consultez votre fournisseur d\u2019assurance habitation. La police de Square One couvre automatiquement les enfants d\u00e9pendants \u00e0 l\u2019universit\u00e9 ou au c\u00e9gep; ce n\u2019est pas toujours le cas chez les autres fournisseurs d\u2019assurance habitation.<\/p>\r\n              \r\n              <h3>Puis-je assurer mon portable si je l\u2019utilise pour le travail? <\/h3>\r\n\r\n              <p>Oui, \u00e0 condition que vous ayez indiqu\u00e9 que vous utilisez le portable pour le travail et que l\u2019assureur l\u2019ait approuv\u00e9.<\/p>\r\n\r\n              <p>La majorit\u00e9 des employ\u00e9s qui utilisent un portable issu de leur employeur n\u2019ont pas besoin de souscrire une assurance suppl\u00e9mentaire, m\u00eame s\u2019ils l\u2019apportent la maison tous les jours. Dans ce cas de figure, c\u2019est l\u2019employeur qui est responsable d\u2019assurer son \u00e9quipement. Par contre, si vous avez achet\u00e9 le portable \u00e0 vos frais, c\u2019est vous le responsable. Une police d\u2019assurance biens meubles ne r\u00e9glera une perte que si la police couvre sp\u00e9cifiquement les biens \u00e0 usage professionnel. Si la police ne comprend pas automatiquement les biens \u00e0 usage professionnel, vous pouvez les assurer moyennant des frais suppl\u00e9mentaires. D\u00e9couvrez comment nous aidons les clients par l\u2019entremise de <a href=\"\/fr\/habitation\/entreprise\" title=\"Assurance entreprise \u00e0 domicile\">l\u2019assurance entreprise \u00e0 domicile<\/a>.<\/p>\r\n        \t  \r\n              <p><strong>Vous voulez en savoir plus?<\/strong> Consultez notre <a href=\"\/fr\/centres-ressources\/bases-assurance\" title=\"Centre de ressources : bases de l\u2019assurance habitation\">Centre de ressources&nbsp;: bases de l\u2019assurance habitation<\/a> pour acc\u00e9der \u00e0 des dizaines d\u2019articles pratiques pour vous guider sur les tenants et aboutissants de l\u2019assurance habitation. Ensuite, <a href=\"\/fr\/soumission-assurance-habitation-en-ligne\" title=\"Obtenir une soumission d\u2019assurance habitation en ligne\">obtenez une soumission d'assurance habitation en ligne<\/a> en moins de 5\u00a0minutes et d\u00e9couvrez \u00e0 quel point l\u2019assurance habitation personnalis\u00e9e peut \u00eatre abordable.<\/p>\r\n\r\n              <div class=\"row py-3\">\r\n<div class=\"col-12\">\r\n<div class=\"card review\" style=\"box-shadow: 0 2px 4px rgba(0,0,0,0.07);background-color:#f4f4f4;\">\r\n<div class=\"card-body\">\r\n\t<p class=\"text-primary h4\">\u00c0 propos de l\u2019experte&nbsp;: Rena Novotny<\/p>\r\n\t<p>Rena a commenc\u00e9 sa carri\u00e8re de 23&nbsp;ans \u00e0 titre d\u2019experte en sinistres ind\u00e9pendante o\u00f9 elle s\u2019est sp\u00e9cialis\u00e9e dans les sinistres complexes, de responsabilit\u00e9 civile et de risque sp\u00e9cial. \u00c0 titre de gestionnaire de succursale, Rena embauchait, formait, encadrait et entra\u00eenait plusieurs experts en sinistres. Elle poursuit des \u00e9tudes sup\u00e9rieures \u00e0 temps partiel en neuro-psychologie et traumatisme dans le but d\u2019apprendre comment les deux conditions pourraient toucher l\u2019engagement de l\u2019assur\u00e9 quant aux sinistres catastrophiques. Titulaire d\u2019une ma\u00eetrise en analyse et gestion de conflits, Rena est munie des d\u00e9signations CRM, PAA et d\u2019un certificat en expertise en r\u00e8glement de sinistres, niveau&nbsp;3.<\/p>\r\n<\/div>\r\n<\/div>\r\n<\/div>\r\n<\/div>\r\n\r\n        <\/div>\r\n    <\/div>\r\n<\/div>\r\n<\/section>\r\n<script type=\"application\/ld+json\">\r\n{\r\n  \"@context\": \"https:\/\/schema.org\",\r\n  \"@type\": \"WebPage\",\r\n  \"mainEntityOfPage\": {\r\n    \"@type\": \"Article\",\r\n    \"@id\": \"https:\/\/www.squareone.ca\/fr\/centres-ressources\/bases-assurance\/telephone-cellulaire-portable-montre-intelligente\"\r\n  },\r\n  \"author\": [\r\n    {\r\n      \"@type\": \"Person\",\r\n      \"name\": \"Square One team\"\r\n    }\r\n  ],\r\n  \"reviewedBy\": [\r\n    {\r\n      \"@type\": \"Person\",\r\n      \"name\": \"Rena Novotny\",\r\n      \"url\": \"https:\/\/www.squareone.ca\/fr\/a-propos-de-nous\/experts\/rena-novotny\"\r\n    }\r\n  ],\r\n  \"headline\": \"Comment assurer les t\u00e9l\u00e9phones cellulaires, les portables et les montres intelligentes\",\r\n  \"datePublished\": \"\",\r\n  \"dateModified\": \"\",\r\n  \"inLanguage\": \"fr-CA\",\r\n  \"isAccessibleForFree\": true\r\n}\r\n<\/script>\r\n<script type=\"application\/ld+json\">\r\n{\r\n  \"@context\": \"https:\/\/schema.org\",\r\n  \"@type\": \"FAQPage\",\r\n  \"mainEntity\": [{\r\n    \"@type\": \"Question\",\r\n    \"name\": \"Ma montre intelligente est-elle couverte dans le cadre de mon assurance habitation?\",\r\n    \"acceptedAnswer\": {\r\n      \"@type\": \"Answer\",\r\n      \"text\": \"Cela d\u00e9pend de la montre et de la police. Chez certains fournisseurs, les montres intelligentes s\u2019inscrivent dans la cat\u00e9gorie des bijoux, alors que chez d\u2019autres fournisseurs, elles s\u2019inscrivent dans la cat\u00e9gorie des appareils \u00e9lectroniques. Votre montre intelligente est assujettie aux limitations et aux couvertures de la police selon la cat\u00e9gorisation de votre assureur.\"\r\n    }\r\n  },{\r\n    \"@type\": \"Question\",\r\n    \"name\": \"Le portable de mon enfant est-il couvert en vertu de mon assurance habitation?\",\r\n    \"acceptedAnswer\": {\r\n      \"@type\": \"Answer\",\r\n      \"text\": \"Si vos enfants ont toujours besoin de votre appui financier pour assurer leur bien-\u00eatre, ils sont couverts en vertu de votre police, en toute probabilit\u00e9. Par exemple, si vous payez leurs factures durant leur s\u00e9jour universitaire ou au c\u00e9gep, ils sont probablement couverts. Si vous n\u2019\u00eates pas certain, consultez votre fournisseur d\u2019assurance habitation.\"\r\n    }\r\n  },{\r\n    \"@type\": \"Question\",\r\n    \"name\": \"Puis-je assurer mon portable si je l\u2019utilise pour le travail?\",\r\n    \"acceptedAnswer\": {\r\n      \"@type\": \"Answer\",\r\n      \"text\": \"Oui, \u00e0 condition que vous ayez indiqu\u00e9 que vous utilisez le portable pour le travail et que l\u2019assureur l\u2019ait approuv\u00e9. La majorit\u00e9 des employ\u00e9s qui utilisent un portable issu de leur employeur n\u2019ont pas besoin de souscrire une assurance suppl\u00e9mentaire, m\u00eame s\u2019ils l\u2019apportent la maison tous les jours. Dans ce cas de figure, c\u2019est l\u2019employeur qui est responsable d\u2019assurer son \u00e9quipement. Par contre, si vous avez achet\u00e9 le portable \u00e0 vos frais, c\u2019est vous le responsable. Une police d\u2019assurance biens meubles ne r\u00e9glera une perte que si la police couvre sp\u00e9cifiquement les biens \u00e0 usage professionnel. Si la police ne comprend pas automatiquement les biens \u00e0 usage professionnel, vous pouvez les assurer moyennant des frais suppl\u00e9mentaires.\"\r\n    }\r\n  }]\r\n}\r\n<\/script>\r\n","protected":false},"excerpt":{"rendered":"<p>Comment assurer les t\u00e9l\u00e9phones cellulaires, les portables et les montres intelligentes? Article \u00e9valu\u00e9 par Rena Novotny L\u2019assurance habitation et votre t\u00e9l\u00e9phone cellulaire\u00a0: voici deux choses que vous ne voudriez pas vous passer. \u00c9tant donn\u00e9 que les t\u00e9l\u00e9phones intelligents haut de gamme co\u00fbtent aux alentours de 2\u00a0000\u00a0$, les consommateurs sont plus nombreux \u00e0 les assurer. Il [&hellip;]<\/p>\n","protected":false},"author":2,"featured_media":58086,"parent":50045,"menu_order":30,"comment_status":"open","ping_status":"closed","template":"page-article-new.php","meta":{"_acf_changed":false,"footnotes":""},"class_list":["post-56268","page","type-page","status-publish","has-post-thumbnail","hentry"],"acf":[],"_links":{"self":[{"href":"https:\/\/www.squareone.ca\/fr\/wp-json\/wp\/v2\/pages\/56268","targetHints":{"allow":["GET"]}}],"collection":[{"href":"https:\/\/www.squareone.ca\/fr\/wp-json\/wp\/v2\/pages"}],"about":[{"href":"https:\/\/www.squareone.ca\/fr\/wp-json\/wp\/v2\/types\/page"}],"author":[{"embeddable":true,"href":"https:\/\/www.squareone.ca\/fr\/wp-json\/wp\/v2\/users\/2"}],"replies":[{"embeddable":true,"href":"https:\/\/www.squareone.ca\/fr\/wp-json\/wp\/v2\/comments?post=56268"}],"version-history":[{"count":24,"href":"https:\/\/www.squareone.ca\/fr\/wp-json\/wp\/v2\/pages\/56268\/revisions"}],"predecessor-version":[{"id":75659,"href":"https:\/\/www.squareone.ca\/fr\/wp-json\/wp\/v2\/pages\/56268\/revisions\/75659"}],"up":[{"embeddable":true,"href":"https:\/\/www.squareone.ca\/fr\/wp-json\/wp\/v2\/pages\/50045"}],"wp:featuredmedia":[{"embeddable":true,"href":"https:\/\/www.squareone.ca\/fr\/wp-json\/wp\/v2\/media\/58086"}],"wp:attachment":[{"href":"https:\/\/www.squareone.ca\/fr\/wp-json\/wp\/v2\/media?parent=56268"}],"curies":[{"name":"wp","href":"https:\/\/api.w.org\/{rel}","templated":true}]}}