{"id":56316,"date":"2022-03-08T12:59:16","date_gmt":"2022-03-08T20:59:16","guid":{"rendered":"https:\/\/www.squareone.ca\/soutien\/bases-assurance-conseils\/achat-vente-demenagement-habitation\/refinancement-hypothecaire"},"modified":"2025-06-19T15:57:55","modified_gmt":"2025-06-19T22:57:55","slug":"refinancement-hypothecaire","status":"publish","type":"page","link":"https:\/\/www.squareone.ca\/fr\/centres-ressources\/achat-vente-demenagement-habitation\/refinancement-hypothecaire","title":{"rendered":"Refinancement hypoth\u00e9caire"},"content":{"rendered":"<section id='intro' class=\"bg-shape-split bg-sub-page-hero\">\r\n    <div class=\"bg-position\">\r\n        <div class=\"container-fluid\">\r\n            <div class=\"row align-items-center\">\r\n                <div class=\"col-12 col-lg-8\">\r\n                    <h1>Refinancement hypoth\u00e9caire<\/h1>\r\n  <strong>Article r\u00e9dig\u00e9 par <a href=\"\/fr\/a-propos-de-nous\/contributeurs#seamus-mckale\" title=\"Auteur : Seamus McKale\">Seamus McKale<\/a><\/strong>\r\n                    <div style=\"margin-top:48px;\"><p class=\"pb-4\" style=\"margin-top:-24px\">Mis \u00e0 jour le 24 juin 2024<\/p><\/div>\r\n                <\/div>\r\n            <\/div>\r\n\r\n            <div class=\"row\">\r\n                <div class=\"col-lg-8\">\r\n                    <p class=\"display-4\">Les pr\u00eats hypoth\u00e9caires doivent \u00eatre renouvel\u00e9s tous les cinq ans environ. Le refinancement hypoth\u00e9caire n\u2019est pas la m\u00eame chose que le renouvellement d\u2019un pr\u00eat hypoth\u00e9caire; il s\u2019agit plut\u00f4t de la ren\u00e9gociation des conditions de votre contrat de pr\u00eat.<\/p>\r\n                    <p class=\"display-4\">Pourquoi refinancer votre hypoth\u00e8que? Il y a quelques raisons\u00a0: lisez la suite pour obtenir tous les d\u00e9tails.<\/p>\r\n                    <p class=\"pt-2\"><img loading=\"lazy\" decoding=\"async\" src=\"https:\/\/cdn.squareone.ca\/wp-content\/uploads\/2022\/03\/08141129\/refinancement-hypothecaire.jpg\" alt=\"5 petites maisons\" title=\"Refinancement hypoth\u00e9caire\" width=\"248\" height=\"186\" class=\"img-fluid\" rel=\"noopener noreferrer\"\/><\/p>\r\n\t\t<\/div>\r\n\r\n                <div class=\"col-lg-3 offset-lg-1\">          \r\n                    <p class=\"mb-2 display-4 pt-4 pt-lg-0 pt-mb-0\"><strong>Th\u00e8mes<\/strong><\/p>\r\n                        <ul class=\"list-unstyled link-list display-4\">\r\n                            <li><a href='#quest-ce-que'>Qu\u2019est-ce que le refinancement hypoth\u00e9caire?<\/a><\/li>\r\n                            <li><a href='#quand-refinancer'>Quand refinancer?<\/a><\/li>\r\n                            <li><a href='#frais'>Les frais du refinancement<\/a><\/li>\r\n                        <\/ul>\r\n                <\/div>\r\n            <\/div>  \r\n        <\/div>\r\n    <\/div>\r\n    <div class=\"bg-bottom\"><\/div>\r\n<\/section>\r\n\r\n<section>\r\n    <div class=\"container-fluid py-6\">\r\n        <div class=\"row\">\r\n            <div class=\"col-12 col-lg-8\">\r\n\r\n\t\t\t\t<h2 id=\"quest-ce-que\">Qu\u2019est-ce que le refinancement hypoth\u00e9caire?<\/h2>\r\n\r\n\t\t\t\t\t<p>Une hypoth\u00e8que comprend deux p\u00e9riodes importantes \u00e0 retenir\u00a0: l\u2019amortissement et le terme.<\/p>\r\n\r\n\t\t\t\t\t<p>La <strong>p\u00e9riode d\u2019amortissement<\/strong> est le temps requis pour r\u00e9gler le pr\u00eat. Au Canada, la p\u00e9riode d\u2019amortissement est de 30\u00a0ans au maximum.<\/p>\r\n\r\n\t\t\t\t\t<p>Le <strong>terme de l&rsquo;hypoth\u00e8que<\/strong> est une p\u00e9riode d\u00e9termin\u00e9e pendant laquelle le taux d\u2019int\u00e9r\u00eat (qu\u2019il s\u2019agisse d\u2019un <a href=\"\/fr\/centres-ressources\/achat-vente-demenagement-habitation\/hypotheques-taux-fixe-et-variable\" title=\"Hypoth\u00e8que \u00e0 taux fixe vs taux variable\">taux fixe ou variable<\/a>) et les modalit\u00e9s de paiement sont en vigueur. G\u00e9n\u00e9ralement, le terme est de cinq ans. \u00c0 la fin de chaque terme, l\u2019emprunteur doit renouveler son pr\u00eat hypoth\u00e9caire. Cela signifie qu\u2019il obtiendra de nouveaux taux d\u2019int\u00e9r\u00eat et de modalit\u00e9s de paiement pour le prochain quinquennat.<\/p>\r\n\r\n\t\t\t\t\t<p><strong>Le refinancement hypoth\u00e9caire<\/strong>, en revanche, signifie le remplacement de l\u2019hypoth\u00e8que au complet par une nouvelle hypoth\u00e8que comprenant de nouvelles conditions, un nouveau taux d\u2019int\u00e9r\u00eat, un nouveau principal et ainsi de suite. Effectivement, vous utilisez la nouvelle hypoth\u00e8que pour r\u00e9gler l\u2019ancienne.<\/p>\r\n\r\n\t\t\t\t\t<p>R\u00e9sultat\u00a0: le refinancement hypoth\u00e9caire vous permet d\u2019acc\u00e9der \u00e0 une partie de la valeur nette de votre habitation, que vous avez accumul\u00e9e au fil des ans en r\u00e9glant votre ancienne hypoth\u00e8que.<\/p>\r\n\r\n\t\t\t\t<h2 id=\"quand-refinancer\">Quand devez-vous refinancez votre pr\u00eat hypoth\u00e9caire?<\/h2>\r\n\r\n\t\t\t\t\t<p>Le refinancement hypoth\u00e9caire est une d\u00e9cision financi\u00e8re importante \u00e0 ne pas prendre \u00e0 la l\u00e9g\u00e8re. Il existe plusieurs raisons pour lesquelles quelqu\u2019un voudrait refinancer son hypoth\u00e8que.<\/p>\r\n\r\n\t\t\t\t<h3>Obtenir un taux d&rsquo;int\u00e9r\u00eat plus bas<\/h3>\r\n\r\n\t\t\t\t\t<p>Les taux d&rsquo;int\u00e9r\u00eat changent toujours. Si les taux d&rsquo;int\u00e9r\u00eat ont baiss\u00e9 depuis le d\u00e9but de votre pr\u00eat hypoth\u00e9caire, il est possible que vous puissiez faire des \u00e9conomies en refinan\u00e7ant votre hypoth\u00e8que. Vous pouvez \u00e9galement acc\u00e9der aux nouveaux taux d&rsquo;int\u00e9r\u00eat en attendant la fin de votre terme.<\/p>\r\n\r\n\t\t\t\t\t<p>Avant d\u2019opter pour le refinancement, il faut faire des calculs. Vous devez d\u00e9terminer si les \u00e9conomies offertes par le nouveau taux d\u2019int\u00e9r\u00eat d\u00e9passeront les frais de remboursement anticip\u00e9. Ces frais comprennent des p\u00e9nalit\u00e9s pour le remboursement anticip\u00e9 et les frais juridiques.<\/p>\r\n\r\n\t\t\t\t\t<p>Vous pouvez \u00e9galement avoir recours \u00e0 une <a href=\"https:\/\/www.nesto.ca\/fr\/calculatrices\/refinancement-hypothecaire\/?region=qc\" title=\"Nesto : Calculatrice de refinancement hypoth\u00e9caire\" rel=\"noopener noreferrer\" target=\"_blank\">calculatrice de refinancement hypoth\u00e9caire<\/a> pour vous aider.<\/p>\r\n\r\n\t\t\t\t<h3>R\u00e9duire la p\u00e9riode d\u2019amortissement<\/h3>\r\n\r\n\t\t\t\t\t<p>Si votre situation financi\u00e8re a am\u00e9lior\u00e9 depuis le d\u00e9but de votre pr\u00eat hypoth\u00e9caire, vous pouvez acc\u00e9l\u00e9rer le rythme de vos paiements.<\/p>\r\n\t\t\t\t\t<p>Vous pouvez choisir une p\u00e9riode d\u2019amortissement r\u00e9duite pour la nouvelle hypoth\u00e8que. Si la p\u00e9riode d\u2019amortissement de votre hypoth\u00e8que existante est de 30\u00a0ans, vous pouvez la refinancer avec une p\u00e9riode d\u2019amortissement de 15\u00a0ans, par exemple.<\/p>\r\n\r\n\t\t\t\t<h3>Acc\u00e9der \u00e0 la valeur nette de votre habitation<\/h3>\r\n\r\n\t\t\t\t\t<p>Parmi les raisons les plus int\u00e9ressantes de refinancement hypoth\u00e9caire c\u2019est le fait de pouvoir acc\u00e9der \u00e0 la valeur nette de votre habitation. La valeur nette est <a href=\"\/fr\/centres-ressources\/lexique-assurance\/interet-assurable\" title=\"d\u00e9finition : int\u00e9r\u00eat assurable\">l\u2019int\u00e9r\u00eat<\/a> que vous avez accumul\u00e9 dans votre habitation. Il s\u2019agit de la <a href=\"\/fr\/centres-ressources\/lexique-assurance\/valeur-marchande\" title=\"d\u00e9finition : valeur marchande\">valeur marchande<\/a> de l\u2019habitation moins le solde impay\u00e9 de votre hypoth\u00e8que (ou toute autre dette contre votre propri\u00e9t\u00e9). \u00c0 mesure que vous payez votre hypoth\u00e8que, la valeur nette de votre habitation augmente.<\/p>\r\n\r\n\t\t\t\t\t<p>Vous pouvez toucher la valeur nette en refinan\u00e7ant votre hypoth\u00e8que. Au moment du refinancement, vous pouvez contracter un pr\u00eat hypoth\u00e9caire dont le solde est sup\u00e9rieur au solde qu\u2019il vous reste \u00e0 payer. La diff\u00e9rence est le montant que vous pouvez toucher.<\/p>\r\n\r\n\t\t\t\t\t<p>Toutefois, il ne s\u2019agit pas d\u2019argent gratuit; vous devrez toujours r\u00e9gler la nouvelle hypoth\u00e8que. Il s\u2019agit plut\u00f4t d\u2019un moyen d\u2019obtenir un pr\u00eat important \u00e0 un taux d\u2019int\u00e9r\u00eat raisonnable.<\/p>\r\n\r\n\t\t\t\t\t<p>Les gens refinancent leur hypoth\u00e8que pour obtenir des fonds pour les raisons suivantes :\r\n\r\n\t\t\t\t\t<ul>\r\n\t\t\t\t\t\t<li>L\u2019\u00e9ducation de leurs enfants<\/li>\r\n\t\t\t\t\t\t<li>Des r\u00e9novations majeures<\/li>\r\n\t\t\t\t\t\t<li>Des occasions d\u2019investissement consid\u00e9rables<\/li>\r\n\t\t\t\t\t\t<li>Des achats importants<\/li>\r\n\t\t\t\t\t<\/ul>\r\n\r\n\t\t\t\t\t<p>N\u2019oubliez pas\u00a0:<\/p>\r\n\r\n\t\t\t\t\t<p>Typiquement, vous devez avoir pay\u00e9 au moins 20\u00a0% de la valeur nette de votre habitation pour \u00eatre admissible \u00e0 ce genre de refinancement. Souvent, le montant que vous pouvez retirer est limit\u00e9 \u00e0 80\u00a0% de la valeur \u00e9valu\u00e9e de votre habitation, \u00e0 condition que vous disposiez de suffisamment de fonds.<\/p>\r\n\r\n\t\t\t\t<h3>La consolidation des dettes<\/h3>\r\n\r\n\t\t\t\t\t<p>Semblable au refinancement avec retrait de la valeur nette, il existe la possibilit\u00e9 de refinancer son hypoth\u00e8que dans le but de consolider diverses dettes en un seul pr\u00eat hypoth\u00e9caire. Ce type de refinancement est un moyen de r\u00e9gler rapidement des dettes \u00e0 taux d\u2019int\u00e9r\u00eat \u00e9lev\u00e9.<\/p>\r\n\r\n\t\t\t\t\t<p>La consolidation des dettes dans un pr\u00eat hypoth\u00e9caire constitue une autre mani\u00e8re de profiter de la valeur nette de l\u2019habitation. Pourtant, au lieu d\u2019empocher la valeur nette, le client utilise les fonds pour payer des pr\u00eats \u00e0 taux d\u2019int\u00e9r\u00eat \u00e9lev\u00e9, comme les <a href=\"https:\/\/www.equifax.ca\/fr\/personnel\/education\/cote-de-credit\/articles\/-\/learn\/qu-est-ce-qui-est-une-bonne-cote-de-credit\/\" title=\"L'importance d'un bon score de cr\u00e9dit\" rel=\"noopener noreferrer\" target=\"_blank\">cartes de cr\u00e9dit<\/a>.<\/p>\r\n\t\t\t\t\t<p>\u00c9tant donn\u00e9 que les dettes sont r\u00e9unies dans un seul pr\u00eat hypoth\u00e9caire, on n\u2019a plus besoin d\u2019effectuer des paiements multiples tous les mois.<\/p>\r\n\r\n\t\t\t\t\t<p>Gr\u00e2ce \u00e0 la consolidation des dettes, vous pouvez plus facilement ma\u00eetriser les divers paiements et faire des progr\u00e8s contre les taux d&rsquo;int\u00e9r\u00eat \u00e9lev\u00e9s.<\/p>\r\n\r\n\t\t\t\t\t<p>Cependant\u00a0:<\/p>\r\n\r\n\t\t\t\t\t<p>Cette solution n\u2019est pas une exon\u00e9ration de vos dettes. Si vous prenez en consid\u00e9ration l\u2019id\u00e9e de consolider vos dettes, nous vous recommandons de consulter un conseiller financier. \u00c7a ne sert \u00e0 rien de consolider vos dettes pour ensuite en accumuler d\u2019autres.<\/p>\r\n\r\n\t\t\t\t<h2 id=\"frais\">Combien co\u00fbte le refinancement hypoth\u00e9caire?<\/h2>\r\n\r\n\t\t\t\t\t<p>Les frais de refinancement hypoth\u00e9caire varient grandement. Voici quelques-uns des frais \u00e0 prendre en consid\u00e9ration\u00a0:<\/p>\r\n\r\n\t\t\t\t\t<ul>\r\n\t\t\t\t\t\t<li><strong>P\u00e9nalit\u00e9 pour remboursement anticip\u00e9. <\/strong>La plupart des pr\u00eats hypoth\u00e9caires comprennent une p\u00e9nalit\u00e9 pour le remboursement anticip\u00e9, ce qui fait partie du processus de refinancement. Il s\u2019agit des frais les plus importants du refinancement, bien que le montant pr\u00e9cis d\u00e9pende des conditions du pr\u00eat hypoth\u00e9caire. Une p\u00e9nalit\u00e9 courante est l\u2019\u00e9quivalent des frais d\u2019int\u00e9r\u00eat de 3\u00a0mois du solde impay\u00e9.<\/li>\r\n\t\t\t\t\t\t<li><strong>Frais d\u2019\u00e9valuation.<\/strong> Il est possible que votre pr\u00eateur hypoth\u00e9caire exige une nouvelle \u00e9valuation de votre habitation. Ces frais forfaitaires peuvent s\u2019\u00e9lever \u00e0 500\u00a0$.<\/li>\r\n\t\t\t\t\t\t<li><strong>Frais de transfert d\u2019hypoth\u00e8que\/Frais de mainlev\u00e9e.<\/strong> Si vous transf\u00e9rez votre hypoth\u00e8que \u00e0 un autre pr\u00eateur hypoth\u00e9caire, vous devrez payer des frais de transfert ou frais de mainlev\u00e9e, typiquement aux alentours de 300\u00a0$.<\/li>\r\n\t\t\t\t\t\t<li><strong>Frais juridiques et d\u2019enregistrement. <\/strong>Vous aurez \u00e9galement besoin des services d\u2019un avocat immobilier. Celui-ci fera une recherche de titre et enregistrera la nouvelle hypoth\u00e8que, entre autres. Ces frais peuvent s\u2019\u00e9lever \u00e0 1\u00a0000\u00a0$. Pas de panique! Si le solde de votre hypoth\u00e8que d\u00e9passe les 200\u00a0000\u00a0$, il est possible que votre pr\u00eateur hypoth\u00e9caire r\u00e8gle les frais juridiques.<\/li> \r\n\t\t\t\t\t<\/ul>\r\n\r\n                <p><strong>Vous voulez en savoir plus?<\/strong> Consultez notre <a href=\"\/fr\/centres-ressources\/achat-vente-demenagement-habitation\" title=\"Centre de ressources : achat, vente et d\u00e9m\u00e9nagement d\u2019habitation\">Centre de ressources&nbsp;: achat, vente et d\u00e9m\u00e9nagement d\u2019habitation<\/a> pour d\u00e9couvrir tout ce qu'il faut savoir sur l'immobilier, l'achat d'habitation ou le d\u00e9m\u00e9nagement. Ensuite, <a href=\"\/fr\/soumission-assurance-habitation-en-ligne\" title=\"Obtenir une soumission d\u2019assurance habitation en ligne\">obtenez une soumission d'assurance habitation en ligne<\/a> en moins de 5\u00a0minutes et d\u00e9couvrez \u00e0 quel point l\u2019assurance habitation personnalis\u00e9e peut \u00eatre abordable.<\/p>\r\n\r\n\t\t<\/div>\r\n    <\/div>\r\n<\/div>\r\n<\/section>\r\n<script type=\"application\/ld+json\">\r\n{\r\n  \"@context\": \"https:\/\/schema.org\",\r\n  \"@type\": \"FAQPage\",\r\n  \"mainEntity\": [{\r\n    \"@type\": \"Question\",\r\n    \"name\": \"Qu\u2019est-ce que le refinancement hypoth\u00e9caire?\",\r\n    \"acceptedAnswer\": {\r\n      \"@type\": \"Answer\",\r\n      \"text\": \"Le refinancement du pr\u00eat hypoth\u00e9caire signifie le remplacement de l\u2019hypoth\u00e8que au complet par une nouvelle hypoth\u00e8que comprenant de nouvelles conditions, un nouveau taux d\u2019int\u00e9r\u00eat, un nouveau principal et ainsi de suite. Effectivement, vous utilisez une nouvelle hypoth\u00e8que pour r\u00e9gler l\u2019ancien pr\u00eat hypoth\u00e9caire. R\u00e9sultat : le refinancement hypoth\u00e9caire vous permet d\u2019acc\u00e9der \u00e0 une partie de la valeur nette de votre habitation, que vous avez accumul\u00e9e au fil des ans en r\u00e9glant votre ancienne hypoth\u00e8que.\"\r\n    }\r\n  },{\r\n    \"@type\": \"Question\",\r\n    \"name\": \"Quand devez-vous refinancer votre pr\u00eat hypoth\u00e9caire?\",\r\n    \"acceptedAnswer\": {\r\n      \"@type\": \"Answer\",\r\n      \"text\": \"<ul>\r\n<li>Obtenir un taux d'int\u00e9r\u00eat r\u00e9duit : Si les taux d'int\u00e9r\u00eat ont baiss\u00e9 depuis le d\u00e9but de votre pr\u00eat hypoth\u00e9caire, il est possible que vous puissiez en profiter en refinan\u00e7ant votre hypoth\u00e8que.<\/li>\r\n<li>R\u00e9duire la p\u00e9riode d\u2019amortissement : Si votre situation financi\u00e8re a am\u00e9lior\u00e9 depuis le d\u00e9but de votre pr\u00eat hypoth\u00e9caire, vous pouvez acc\u00e9l\u00e9rer la rythme de vos paiements.<\/li>\r\n<li>Acc\u00e9der \u00e0 la valeur nette de votre habitation : Parmi les raisons les plus int\u00e9ressantes de refinancement hypoth\u00e9caire c\u2019est le fait de pouvoir acc\u00e9der \u00e0 la valeur nette de votre habitation. La valeur nette est <a href='https:\/\/www.squareone.ca\/fr\/centres-ressources\/lexique-assurance\/interet-assurable'>l'int\u00e9r\u00eat assurable<\/a> que vous avez accumul\u00e9 dans votre habitation. Il s\u2019agit de la <a href='https:\/\/www.squareone.ca\/fr\/centres-ressources\/lexique-assurance\/valeur-marchande'>valeur marchande<\/a> de l\u2019habitation moins le solde impay\u00e9 de votre hypoth\u00e8que (ou toute autre dette contre votre propri\u00e9t\u00e9). \u00c0 mesure que vous payez votre hypoth\u00e8que, la valeur nette de votre habitation augmente.<\/li>\r\n<li>Consolidation des dettes : Semblable au refinancement avec retrait de la valeur nette, il existe la possibilit\u00e9 de refinancer son hypoth\u00e8que dans le but de consolider diverses dettes en un seul pr\u00eat hypoth\u00e9caire. Ce type de refinancement est un moyen de r\u00e9gler rapidement des dettes \u00e0 taux d\u2019int\u00e9r\u00eat \u00e9lev\u00e9.<\/li>\r\n<\/ul>\"\r\n    }\r\n  },{\r\n    \"@type\": \"Question\",\r\n    \"name\": \"Combien co\u00fbte le refinancement hypoth\u00e9caire?\",\r\n    \"acceptedAnswer\": {\r\n      \"@type\": \"Answer\",\r\n      \"text\": \"<p>Les frais de refinancement hypoth\u00e9caire varient grandement. Voici quelques-uns des frais \u00e0 prendre en consid\u00e9ration :<\/p>\r\n<ul>\r\n<li>P\u00e9nalit\u00e9 pour remboursement anticip\u00e9. La plupart des pr\u00eats hypoth\u00e9caires comprennent une p\u00e9nalit\u00e9 pour le remboursement anticip\u00e9, ce qui fait partie du processus de refinancement. Il s\u2019agit des frais les plus importants du refinancement, bien que le montant pr\u00e9cis d\u00e9pende des conditions du pr\u00eat hypoth\u00e9caire. Une p\u00e9nalit\u00e9 courante est l\u2019\u00e9quivalent des frais d\u2019int\u00e9r\u00eat de 3 mois du solde impay\u00e9.<\/li>\r\n<li>Frais d'\u00e9valuation. Il est possible que votre pr\u00eateur hypoth\u00e9caire exige une nouvelle \u00e9valuation de votre habitation. Ces frais forfaitaires peuvent s\u2019\u00e9lever \u00e0 500 $.<\/li>\r\n<li>Frais de transfert d\u2019hypoth\u00e8que\/Frais de mainlev\u00e9e. Si vous transf\u00e9rez votre hypoth\u00e8que \u00e0 un autre pr\u00eateur hypoth\u00e9caire, vous devrez payer des frais de transfert ou frais de mainlev\u00e9e, typiquement aux alentours de 300 $.<\/li>\r\n<li>Frais juridiques et d\u2019enregistrement. Vous aurez \u00e9galement besoin des services d\u2019un avocat immobilier. Celui-ci fera une recherche de titre et enregistrera la nouvelle hypoth\u00e8que, entre autres. Ces frais peuvent s\u2019\u00e9lever \u00e0 1 000 $. Pas de panique! Si le solde de votre hypoth\u00e8que d\u00e9passe les 200 000 $, il est possible que votre pr\u00eateur hypoth\u00e9caire r\u00e8gle les frais juridiques.<\/li>\r\n<\/ul>\"\r\n    }\r\n  }]\r\n}\r\n<\/script>\r\n<script type=\"application\/ld+json\">\r\n{\r\n     \"@context\": \"https:\/\/schema.org\",\r\n    \"@type\": \"WebPage\",\r\n    \"mainEntityOfPage\": {\r\n        \"@type\": \"Article\",\r\n        \"@id\": \"https:\/\/www.squareone.ca\/fr\/centres-ressources\/achat-vente-demenagement-habitation\/refinancement-hypothecaire\"\r\n    },\r\n    \"author\": [\r\n        {\r\n            \"name\": \"Seamus McKale\",\r\n            \"url\": \"https:\/\/www.squareone.ca\/fr\/a-propos-de-nous\/membres-equipe#seamus-mckale\"\r\n        }\r\n    ],\r\n    \"headline\": \"Refinancement hypoth\u00e9caire\",\r\n  \"datePublished\": \"\",\r\n  \"dateModified\": \"\",\r\n    \"inLanguage\": \"fr-CA\",\r\n    \"isAccessibleForFree\": true\r\n}\r\n<\/script>","protected":false},"excerpt":{"rendered":"<p>Refinancement hypoth\u00e9caire Les pr\u00eats hypoth\u00e9caires doivent \u00eatre renouvel\u00e9s tous les cinq ans environ. Le refinancement hypoth\u00e9caire n\u2019est pas la m\u00eame chose que le renouvellement d\u2019un pr\u00eat hypoth\u00e9caire; il s\u2019agit plut\u00f4t de la ren\u00e9gociation des conditions de votre contrat de pr\u00eat. Pourquoi refinancer votre hypoth\u00e8que? Il y a quelques raisons\u00a0: lisez la suite pour obtenir tous [&hellip;]<\/p>\n","protected":false},"author":20,"featured_media":56319,"parent":51359,"menu_order":0,"comment_status":"closed","ping_status":"closed","template":"page-article-new.php","meta":{"_acf_changed":false,"footnotes":""},"class_list":["post-56316","page","type-page","status-publish","has-post-thumbnail","hentry"],"acf":[],"_links":{"self":[{"href":"https:\/\/www.squareone.ca\/fr\/wp-json\/wp\/v2\/pages\/56316","targetHints":{"allow":["GET"]}}],"collection":[{"href":"https:\/\/www.squareone.ca\/fr\/wp-json\/wp\/v2\/pages"}],"about":[{"href":"https:\/\/www.squareone.ca\/fr\/wp-json\/wp\/v2\/types\/page"}],"author":[{"embeddable":true,"href":"https:\/\/www.squareone.ca\/fr\/wp-json\/wp\/v2\/users\/20"}],"replies":[{"embeddable":true,"href":"https:\/\/www.squareone.ca\/fr\/wp-json\/wp\/v2\/comments?post=56316"}],"version-history":[{"count":16,"href":"https:\/\/www.squareone.ca\/fr\/wp-json\/wp\/v2\/pages\/56316\/revisions"}],"predecessor-version":[{"id":75708,"href":"https:\/\/www.squareone.ca\/fr\/wp-json\/wp\/v2\/pages\/56316\/revisions\/75708"}],"up":[{"embeddable":true,"href":"https:\/\/www.squareone.ca\/fr\/wp-json\/wp\/v2\/pages\/51359"}],"wp:featuredmedia":[{"embeddable":true,"href":"https:\/\/www.squareone.ca\/fr\/wp-json\/wp\/v2\/media\/56319"}],"wp:attachment":[{"href":"https:\/\/www.squareone.ca\/fr\/wp-json\/wp\/v2\/media?parent=56316"}],"curies":[{"name":"wp","href":"https:\/\/api.w.org\/{rel}","templated":true}]}}