{"id":56529,"date":"2022-03-18T10:26:22","date_gmt":"2022-03-18T17:26:22","guid":{"rendered":"https:\/\/www.squareone.ca\/soutien\/bases-assurance-conseils\/lexique-assurance\/definition-risque"},"modified":"2025-11-20T10:23:56","modified_gmt":"2025-11-20T18:23:56","slug":"definition-risque","status":"publish","type":"page","link":"https:\/\/www.squareone.ca\/fr\/centres-ressources\/lexique-assurance\/risque","title":{"rendered":"D\u00e9finition : risque"},"content":{"rendered":"<section id='intro' class=\"bg-shape-split bg-sub-page-hero\">\r\n    <div class=\"bg-position\">\r\n        <div class=\"container-fluid\">\r\n            <div class=\"row align-items-center\">\r\n                <div class=\"col-12 col-lg-8\">   \r\n\r\n                    <h1>Risque<\/h1>\r\n\r\n                    <strong>Article r\u00e9dig\u00e9 par <a href=\"\/fr\/a-propos-de-nous\/contributeurs#seamus-mckale\" title=\"Auteur : Seamus McKale\">Seamus McKale<\/a><\/strong>\r\n                    <p class=\"pb-3\"><strong>Article \u00e9valu\u00e9 par <a href=\"\/fr\/a-propos-de-nous\/experts\/daniel-mirkovic\" title=\"Expert : Daniel Mirkovic\">Daniel Mirkovic<\/a><\/strong><\/p> \r\n\r\n                    <p class=\"pb-4\" style=\"margin-top:-24px\">Mis \u00e0 jour le 18 septembre 2025<\/p>\r\n\r\n                <\/div>\r\n            <\/div>\r\n\r\n            <div class=\"row\">\r\n                <div class=\"col-lg-8\">\r\n                    <p class='mb-0'>Nom<\/p>\r\n\r\n                    <p>risque | \u0281isk<\/p>\r\n\r\n                    <p class=\"display-4\"><strong><span class='text-orange'>D\u00e9finition\u00a0:<\/span> un danger qui pourrait d\u00e9truire ou endommager les biens.<\/strong><\/p>\r\n\r\n                    <p class=\"display-4\"><i>Le libell\u00e9 de la police pr\u00e9cise si l\u2019inondation constitue un <strong>risque<\/strong> couvert.<\/i><\/p>\r\n                   \r\n                <\/div>\r\n\r\n                <div class=\"col-lg-3 offset-lg-1\">          \r\n                    <p class=\"mb-2 display-4 pt-4 pt-lg-0 pt-mb-0\"><strong>Th\u00e8mes<\/strong><\/p>\r\n\r\n                    <ul class=\"list-unstyled link-list display-4\">\r\n                        <li><a href='#peril'>Qu\u2019est-ce qu\u2019un risque?<\/a><\/li>\r\n                        <li><a href='#assurance-habitation'>Risques en assurance habitation<\/a><\/li>\r\n                        <li><a href='#assurance-auto'>Risques en assurance auto<\/a><\/li>\r\n                    <\/ul>\r\n                <\/div>\r\n            <\/div>  \r\n        <\/div>\r\n    <\/div>\r\n    <div class=\"bg-bottom\"><\/div>\r\n<\/section>\r\n\r\n<section>\r\n    <div class=\"container-fluid py-6\">\r\n        <div class=\"row\">\r\n            <div class=\"col-12 col-lg-8\">\r\n                <div class=\"row pb-6\">\r\n                    <div class=\"col-12\">\r\n                        <div class=\"card review\" style='background-color:#FFE0C9'>\r\n                            <div class=\"card-body\">\r\n                                <p class=\"h3\">L\u2019essentiel<\/p>\r\n                                <ul class='mb-0'>\r\n                                      <li>Les risques sont des \u00e9v\u00e9nements ou dangers qui d\u00e9truisent ou endommager des biens.<\/li>\r\n                                      <li>Chaque police d\u2019assurance habitation d\u00e9crit les risques couverts et exclus.<\/li>\r\n                                      <li>Les risques en assurance auto (au moins ceux causant les pertes ou dommages au v\u00e9hicule) sont g\u00e9n\u00e9ralement divis\u00e9s entre les collisions et le reste.<\/li>\r\n                                <\/ul>\r\n                            <\/div>\r\n                        <\/div>\r\n                    <\/div>\r\n                <\/div>\r\n\r\n                <h2 id=\"peril\">Qu\u2019est-ce qu\u2019un risque?<\/h2>\r\n\r\n                    <p>En assurance, <strong>un risque<\/strong> signifie un \u00e9v\u00e9nement qui cause des pertes ou dommages \u00e0 des biens. L\u2019incendie, l\u2019inondation ou le choc de v\u00e9hicules sont tous des exemples de risques.<\/p>\r\n\r\n                    <p>Dans le cadre de l\u2019assurance habitation, les risques sont nombreux et constituent tous une <a href='\/fr\/centres-ressources\/lexique-assurance\/menace-imminente' title=\"D\u00e9finition : menace imminente\">menance imminente<\/a> \u00e0 l\u2019habitation, au terrain sur lequel celle-ci est situ\u00e9e ou aux biens \u00e0 l\u2019int\u00e9rieur. Les catastrophes naturelles, comme les tremblements de terre, les tsunamis ou les \u00e9ruptions volcaniques, constituent une cat\u00e9gorie de risques. Il existe \u00e9galement des risques m\u00e9t\u00e9orologiques, comme les temp\u00eates de gr\u00eale, les temp\u00eates de vent et la foudre. Certains gestes humains, comme le vol ou le vandalisme, constituent eux aussi un risque. Finalement, il existe toute une gamme de risques, comme l\u2019incendie, les catastrophes nucl\u00e9aires, la guerre, l\u2019explosion et ainsi de suite.<\/p>\r\n\r\n                    <p>Une police d\u2019assurance d\u00e9crit les risques, les pertes et les dommages couverts. Il n\u2019existe aucune police d\u2019assurance qui couvre tous les risques; si c\u2019\u00e9tait le cas, les assureurs feraient rapidement faillite! Or, les polices d\u2019assurance font la distinction entre les risques couverts et exclus.<\/p>\r\n\r\n                <h2 id=\"home-insurance\">Quels risques sont couverts dans le cadre d\u2019une police d\u2019assurance propri\u00e9taire occupant?<\/h2>\r\n\r\n                    <p>Lorsqu\u2019il s\u2019agit de risques couverts, il y a effectivement deux types de police d\u2019assurance habitation : risques d\u00e9sign\u00e9s et tout risque\u00a0: l\u2019assurance <strong>risques d\u00e9sign\u00e9s<\/strong> et <strong>compr\u00e9hensive<\/strong>.<\/p>\r\n\r\n                    <p>Les polices d\u2019assurance habitation risques d\u00e9sign\u00e9s comprennent une liste de risques couverts. Seuls les risques inscrits \u00e0 la police sont admissibles.<\/p>\r\n\r\n                    <p>Les polices compr\u00e9hensives en revanche comprennent une liste de risques qui sont exclus. Tout risque qui n\u2019est pas exclu est couvert.<\/p>\r\n\r\n                    \r\n                    <p>Il n\u2019existe aucune liste uniforme de risques couverts et exclus; chaque compagnie d\u2019assurance a sa propre liste.<\/p>\r\n\r\n                    <p>Cependant, il y a quelques risques que presque toutes les polices d\u2019assurance habitation couvrent, qu\u2019il s\u2019agisse d\u2019une police risques d\u00e9sign\u00e9s ou d\u2019une police tout risque\u00a0\r\n\r\n                    <ul>\r\n                        <li>Dommages provoqu\u00e9s par l\u2019incendie et la fum\u00e9e<\/li>\r\n                        <li>Les temp\u00eates de vent et de gr\u00eale<\/li>\r\n                        <li>Le vol<\/li>\r\n                        <li>Le vandalisme<\/li>\r\n                        <li>Le choc de v\u00e9hicules<\/li>\r\n                        <li>Le poids de la glace ou de la neige<\/li>\r\n                        <li>Les dommages accidentels caus\u00e9s par la fuite subite et accidentelle de l\u2019eau<\/li>\r\n                    <\/ul>\r\n\r\n                    <p>Remarquez que certains risques sont g\u00e9n\u00e9ralement exclus, peu importe le type de police\u00a0:<\/p>\r\n\r\n                    <ul>\r\n                        <li>Animaux nuisibles (rongeurs, punaises de lit, etc.)<\/li>\r\n                        <li>L\u2019usure<\/li>\r\n                        <li>Les fuites lentes de la tuyauterie<\/li>\r\n                        <li>La guerre ou le terrorisme<\/li>\r\n                        <li>Les incidents nucl\u00e9aires<\/li>\r\n                        <li>Les mouvements du terrain (tremblements de terre ou glissements de terrain)<\/li>\r\n                        <li>L\u2019inondation (tsunamis ou inondations fluviales)<\/li>\r\n                    <\/ul>\r\n\r\n                    <p>Chaque police comporte des risques diff\u00e9rents. <p>La plupart des polices propos\u00e9es par Square One <a href='\/fr\/habitation\/tremblement-terre' title=\"Square One : assurance tremblement de terre\">comprennent une garantie pour tremblement de terre<\/a> ou pour inondation fluviale.<\/p>\r\n\r\n                    <p>Si vous n\u2019\u00eates pas certain des risques couverts en vertu de votre police d\u2019assurance habitation, jetez un \u0153il \u00e0 votre police. Vous ne devriez jamais tenir pour acquis que votre police couvre un risque quelconque.<\/p>\r\n\r\n                <h2 id=\"car-insurance\">Quels risques sont couverts en assurance auto?<\/h2>\r\n\r\n                    <p>La notion de risque est un peu diff\u00e9rente en assurance auto. G\u00e9n\u00e9ralement, les risques en assurance auto qui peuvent endommager un v\u00e9hicule sont regroup\u00e9s en deux cat\u00e9gories\u00a0: les collisions et le reste.<\/p>\r\n\r\n                    <p>Bien s\u00fbr, l\u2019un des risques les plus importants c\u2019est une auto qui rentre dans un autre v\u00e9hicule\/objet (ou la terre) ou une auto qui est frapp\u00e9e par une autre auto. Il faut \u00e9galement d\u00e9terminer le responsable de la collision, ce qui n\u2019est pas toujours \u00e9vident. Dans cette optique, il existe plusieurs autres couvertures selon la nature de la collision et la personne responsable de l\u2019accident. Consultez nos pages sur la <a href=\"\/fr\/centres-ressources\/assurance-auto\/couverture-collision\" title=\"Initiation \u00e0 la garantie Collision\">garantie Collision<\/a>, la <a href=\"\/fr\/centres-ressources\/assurance-auto\/cid-quebec\" title=\"DCPD guide\">Convention d\u2019indemnisation directe (CID)<\/a> et la <a href=\"\/fr\/centres-ressources\/assurance-auto\/responsabilite-civile\" title=\"Responsabilit\u00e9 civile en assurance auto\">responsabilit\u00e9 civile en assurance auto<\/a> pour de plus amples renseignements.<\/p>\r\n\r\n                    <p>La plus grande partie des risques qui peuvent endommager un v\u00e9hicule s\u2019inscrivent dans le cadre de la <a href=\"\/fr\/centres-ressources\/assurance-auto\/garantie-comprehensive\" title=\"Initiation \u00e0 l\u2019assurance compr\u00e9hensive\">garantie Compr\u00e9hensive<\/a>. Cela couvre les risques comme l\u2019incendie, le vol, le vandalisme et la frappe des animaux vivants\u00a0: la plupart des sources des dommages physiques qui ne sont pas des collisions.<\/p>\r\n\r\n                    <p>L\u2019assurance auto comprend \u00e9galement la possibilit\u00e9 de souscrire la <a href=\"\/fr\/centres-ressources\/assurance-auto\/risques-specifies\" title=\"couverture risques sp\u00e9cifi\u00e9s en assurance auto\">garantie Risques sp\u00e9cifi\u00e9s<\/a> ou la <a href=\"\/fr\/centres-ressources\/assurance-auto\/tous-les-risques\" title=\"garantie Tous les risques\">garantie Tous les risques<\/a>. La couverture risques sp\u00e9cifi\u00e9s est une version r\u00e9duite de la couverture compr\u00e9hensive\u00a0: elle prot\u00e8ge contre une courte liste de risques. L\u2019assurance tous les risques couvre, effectivement, tous les risques. Cette couverture r\u00e9unit les garanties collision et compr\u00e9hensive, et offre une couverture accrue pour le vol par-dessus le march\u00e9.<\/p>\r\n\r\n                    <p>Au Canada, l\u2019assurance auto est r\u00e9gie par les gouvernements provinciaux. Par cons\u00e9quent, les risques couverts d\u00e9pendent de la r\u00e9gion dans laquelle vous vivez (et parfois de votre fournisseur).<\/p>\r\n\r\n                    <p><strong>Vous recherchez une d\u00e9finition en assurance?<\/strong> Consultez notre <a href=\"\/fr\/centres-ressources\/lexique-assurance\" title=\"Centre de ressources : lexique de l'assurance\">Centre de ressources&nbsp;: lexique de l\u2019assurance<\/a> pour acc\u00e9der \u00e0 des d\u00e9finitions faciles \u00e0 comprendre des termes les plus courants de l'assurance. Ensuite, <a href=\"\/fr\/soumission-assurance-habitation-en-ligne\" title=\"Obtenir une soumission d\u2019assurance habitation en ligne\">obtenez une soumission d'assurance habitation en ligne<\/a> en moins de 5\u00a0minutes et d\u00e9couvrez \u00e0 quel point l\u2019assurance habitation personnalis\u00e9e peut \u00eatre abordable.<\/p>\r\n\r\n                    <div class=\"row py-3\">\r\n<div class=\"col-12\">\r\n<div class=\"card review\" style=\"box-shadow: 0 2px 4px rgba(0,0,0,0.07);background-color:#f4f4f4;\">\r\n<div class=\"card-body\">\r\n\t<p class=\"text-primary h4\">\u00c0 propos de l\u2019expert&nbsp;: Daniel Mirkovic<\/p>\r\n\t<p>Cofondateur de Square One comptant plus de 25&nbsp;ans dans le secteur de l\u2019assurance, Daniel \u00e9tait vice-pr\u00e9sident des services d\u2019assurance et de voyage de la British Columbia Automobile Association (BCAA). Daniel est titulaire d'un baccalaur\u00e9at \u00e8s commerce et d'une ma\u00eetrise \u00e8s administration des affaires, tous deux obtenus \u00e0 la Sauder School of Business de l'universit\u00e9 de la Colombie-Britannique. Daniel est muni de la d\u00e9signation CAAC et d\u2019un certificat en assurance de dommages niveau&nbsp;3 en Colombie-Britannique, en Alberta, en Saskatchewan, au Manitoba et en Ontario.<\/p>\r\n<\/div>\r\n<\/div>\r\n<\/div>\r\n<\/div>\r\n\r\n            <\/div>\r\n        <\/div>\r\n    <\/div>\r\n<\/section>\r\n<script type=\"application\/ld+json\">\r\n{\r\n  \"@context\": \"https:\/\/schema.org\",\r\n  \"@graph\": [\r\n    {\r\n      \"@type\": [\"WebPage\", \"DefinedTerm\"],\r\n      \"@id\": \"https:\/\/www.squareone.ca\/fr\/centres-ressources\/lexique-assurance\/risque\",\r\n      \"url\": \"https:\/\/www.squareone.ca\/fr\/centres-ressources\/lexique-assurance\/risque\",\r\n      \"inLanguage\": \"fr-CA\",\r\n      \"isAccessibleForFree\": true,\r\n      \"name\": \"Risque\",\r\n      \"description\": \"Un danger qui pourrait d\u00e9truire ou endommager les biens.\",\r\n      \"inDefinedTermSet\": {\r\n        \"@type\": \"DefinedTermSet\",\r\n        \"name\": \"Lexique de l\u2019assurance de Square One\",\r\n        \"url\": \"https:\/\/www.squareone.ca\/fr\/centres-ressources\/lexique-assurance\"\r\n      },\r\n      \"publisher\": {\r\n        \"@id\": \"https:\/\/www.squareone.ca\/fr\"\r\n      },\r\n      \"author\": {\r\n        \"@id\": \"#seamus-mckale\"\r\n      },\r\n      \"reviewedBy\": {\r\n        \"@id\": \"https:\/\/www.squareone.ca\/fr\/a-propos-de-nous\/experts\/daniel-mirkovic\"\r\n      }\r\n    },\r\n    {\r\n      \"@type\": \"InsuranceAgency\",\r\n      \"@id\": \"https:\/\/www.squareone.ca\/fr\",\r\n      \"name\": \"Assurances Square One\",\r\n      \"url\": \"https:\/\/www.squareone.ca\/fr\",\r\n      \"logo\": \"https:\/\/cdn.squareone.ca\/wp-content\/uploads\/2021\/04\/09094743\/square-one-logomark-default-md-1.png\",\r\n      \"address\": {\r\n        \"@type\": \"PostalAddress\",\r\n        \"streetAddress\": \"1410-650 W Georgia St\",\r\n        \"addressLocality\": \"Vancouver\",\r\n        \"addressRegion\": \"BC\",\r\n        \"postalCode\": \"V6B 4N8\",\r\n        \"addressCountry\": \"CA\"\r\n      },\r\n      \"telephone\": \"+1-855-331-6933\",\r\n      \"areaServed\": [\"BC\", \"AB\", \"SK\", \"MB\", \"ON\", \"QC\"],\r\n      \"feesAndCommissionsSpecification\": \"https:\/\/www.squareone.ca\/fr\/transparence\"\r\n    },\r\n    {\r\n      \"@type\": \"Person\",\r\n      \"@id\": \"#seamus-mckale\",\r\n      \"name\": \"Seamus McKale\",\r\n      \"url\": \"https:\/\/www.squareone.ca\/fr\/a-propos-de-nous\/membres-equipe#seamus-mckale\",\r\n      \"description\": \"Seamus a 15 ans d\u2019exp\u00e9rience en marketing, avec sp\u00e9cialisation en publicit\u00e9 multim\u00e9dia, r\u00e9daction technique et contenu sur l\u2019assurance personnelle.\",\r\n      \"jobTitle\": \"Sp\u00e9cialiste de marketing de contenu\",\r\n      \"worksFor\": {\r\n        \"@id\": \"https:\/\/www.squareone.ca\/fr\"\r\n      },\r\n      \"hasCredential\": [\r\n        {\r\n          \"@type\": \"EducationalOccupationalCredential\",\r\n          \"name\": \"Certificat en assurance de dommages de la C.-B., niveau 1\"\r\n        },\r\n        {\r\n          \"@type\": \"EducationalOccupationalCredential\",\r\n          \"name\": \"Certificat en assurance de dommages de l\u2019Ontario\"\r\n        }\r\n      ],\r\n      \"knowsAbout\": [\r\n        \"Marketing\",\r\n        \"Publicit\u00e9 multim\u00e9dia\",\r\n        \"R\u00e9daction technique\",\r\n        \"Assurance des particuliers\"\r\n      ],\r\n      \"sameAs\": [\r\n        \"https:\/\/www.linkedin.com\/in\/seamus-m-83801a2b\/\"\r\n      ]\r\n    },\r\n    {\r\n      \"@type\": \"Person\",\r\n      \"@id\": \"https:\/\/www.squareone.ca\/fr\/a-propos-de-nous\/experts\/daniel-mirkovic\",\r\n      \"name\": \"Daniel Mirkovic\",\r\n      \"url\": \"https:\/\/www.squareone.ca\/fr\/a-propos-de-nous\/experts\/daniel-mirkovic\",\r\n      \"description\": \"Daniel poss\u00e8de de vastes connaissances en assurance, acquises au cours de plus de 25 ans d\u2019exprience dans le secteur.\",\r\n      \"jobTitle\": \"Cofondateur et PDG\",\r\n      \"worksFor\": {\r\n        \"@id\": \"https:\/\/www.squareone.ca\/fr\"\r\n      },\r\n      \"alumniOf\": {\r\n        \"@type\": \"CollegeOrUniversity\",\r\n        \"name\": \"Sauder School of Business at the University of British Columbia\"\r\n      },\r\n      \"hasCredential\": [\r\n        {\r\n          \"@type\": \"EducationalOccupationalCredential\",\r\n          \"name\": \"Courtier d\u2019assurance agr\u00e9\u00e9 du Canada (CAAC)\"\r\n        },\r\n        {\r\n          \"@type\": \"EducationalOccupationalCredential\",\r\n          \"name\": \"Certificat en assurance de dommages, niveau 3 (BC, AB, SK, MB, ON)\"\r\n        }\r\n      ],\r\n      \"knowsAbout\": [\r\n        \"Assurance propri\u00e9taire occupant\",\r\n        \"Assurance locataire\",\r\n        \"Assurance copropri\u00e9taire\",\r\n        \"Assurance auto\",\r\n        \"Assurance automobile de collection\",\r\n        \"Assurance maladie\",\r\n        \"Assurance-vie\",\r\n        \"L\u2019assurance invalidit\u00e9 de longue dur\u00e9e\",\r\n        \"Assurance v\u00e9t\u00e9rinaire\",\r\n        \"Assurance-voyage\",\r\n        \"Planification d\u2019affaires et strat\u00e9gique\",\r\n        \"Publicit\u00e9 s'adressant directement aux consommateurs\",\r\n        \"D\u00e9veloppement des produits\",\r\n        \"Conception de l\u2019exp\u00e9rience des utilisateurs\"\r\n      ],\r\n      \"sameAs\": [\r\n        \"https:\/\/www.linkedin.com\/in\/danielmirkovic\"\r\n      ]\r\n    },\r\n    {\r\n      \"@type\": \"FAQPage\",\r\n      \"mainEntity\": [\r\n        {\r\n          \"@type\": \"Question\",\r\n          \"name\": \"Qu\u2019est-ce qu\u2019un risque?\",\r\n          \"acceptedAnswer\": {\r\n            \"@type\": \"Answer\",\r\n            \"text\": \"Un risque est un \u00e9v\u00e9nement qui peut d\u00e9truire ou endommager les biens. L\u2019incendie, l\u2019inondation ou le choc de v\u00e9hicules sont tous des exemples de risques. Dans le cadre de l\u2019assurance habitation, les risques sont nombreux et constituent tous une menace \u00e0 l\u2019habitation, au terrain sur lequel celle-ci est situ\u00e9e ou aux biens \u00e0 l\u2019int\u00e9rieur. Les catastrophes naturelles, comme les tremblements de terre, les tsunamis ou les \u00e9ruptions volcaniques, constituent une cat\u00e9gorie de risques. Il existe \u00e9galement des risques m\u00e9t\u00e9orologiques, comme les temp\u00eates de gr\u00eale, les temp\u00eates de vent et le foudre. Certains gestes humains, comme le vol ou le vandalisme, constituent eux aussi un risque. Finalement, il existe toute une liste de risques, comme l\u2019incendie, les catastrophes nucl\u00e9aires, la guerre, l\u2019explosion et ainsi de suite.\"\r\n          }\r\n        },\r\n        {\r\n          \"@type\": \"Question\",\r\n          \"name\": \"Quels risques sont couverts dans le cadre d\u2019une police d\u2019assurance propri\u00e9taire occupant?\",\r\n          \"acceptedAnswer\": {\r\n            \"@type\": \"Answer\",\r\n            \"text\": \"Il n\u2019existe aucune liste uniforme de risques couverts et exclus; chaque compagnie d\u2019assurance a sa propre liste. Cependant, il y a quelques risques qui sont couverts par presque toutes les polices d\u2019assurance habitation, que ce soit un risque d\u00e9sign\u00e9 ou une police compr\u00e9hensive : les dommages caus\u00e9s par l\u2019incendie ou la fum\u00e9e, les temp\u00eates de vent et de gr\u00eale, le vol, le vandalisme, l\u2019impact des v\u00e9hicules, le poids de la glace ou de la neige, les dommages accidentels caus\u00e9s par la fuite d\u2019eau subite et accidentelle.\"\r\n          }\r\n        }\r\n      ]\r\n    }\r\n  ]\r\n}\r\n<\/script>","protected":false},"excerpt":{"rendered":"<p>Risque Article \u00e9valu\u00e9 par Daniel Mirkovic Nom risque | \u0281isk D\u00e9finition\u00a0: un danger qui pourrait d\u00e9truire ou endommager les biens. Le libell\u00e9 de la police pr\u00e9cise si l\u2019inondation constitue un risque couvert. Th\u00e8mes Qu\u2019est-ce qu\u2019un risque? Risques en assurance habitation Risques en assurance auto L\u2019essentiel Les risques sont des \u00e9v\u00e9nements ou dangers qui d\u00e9truisent ou [&hellip;]<\/p>\n","protected":false},"author":2,"featured_media":0,"parent":53157,"menu_order":0,"comment_status":"closed","ping_status":"closed","template":"page-article-new.php","meta":{"_acf_changed":false,"footnotes":""},"class_list":["post-56529","page","type-page","status-publish","hentry"],"acf":[],"_links":{"self":[{"href":"https:\/\/www.squareone.ca\/fr\/wp-json\/wp\/v2\/pages\/56529","targetHints":{"allow":["GET"]}}],"collection":[{"href":"https:\/\/www.squareone.ca\/fr\/wp-json\/wp\/v2\/pages"}],"about":[{"href":"https:\/\/www.squareone.ca\/fr\/wp-json\/wp\/v2\/types\/page"}],"author":[{"embeddable":true,"href":"https:\/\/www.squareone.ca\/fr\/wp-json\/wp\/v2\/users\/2"}],"replies":[{"embeddable":true,"href":"https:\/\/www.squareone.ca\/fr\/wp-json\/wp\/v2\/comments?post=56529"}],"version-history":[{"count":17,"href":"https:\/\/www.squareone.ca\/fr\/wp-json\/wp\/v2\/pages\/56529\/revisions"}],"predecessor-version":[{"id":77464,"href":"https:\/\/www.squareone.ca\/fr\/wp-json\/wp\/v2\/pages\/56529\/revisions\/77464"}],"up":[{"embeddable":true,"href":"https:\/\/www.squareone.ca\/fr\/wp-json\/wp\/v2\/pages\/53157"}],"wp:attachment":[{"href":"https:\/\/www.squareone.ca\/fr\/wp-json\/wp\/v2\/media?parent=56529"}],"curies":[{"name":"wp","href":"https:\/\/api.w.org\/{rel}","templated":true}]}}