{"id":56590,"date":"2022-03-21T10:13:50","date_gmt":"2022-03-21T17:13:50","guid":{"rendered":"https:\/\/www.squareone.ca\/soutien\/bases-assurance-conseils\/centres-ressources-connaitre-votre-habitation\/quebec-fosse-septique"},"modified":"2025-09-29T11:29:21","modified_gmt":"2025-09-29T18:29:21","slug":"quebec-fosse-septique","status":"publish","type":"page","link":"https:\/\/www.squareone.ca\/fr\/centres-ressources\/connaitre-votre-habitation\/fosse-septique-quebec","title":{"rendered":"Initiation aux fosses septiques au Qu\u00e9bec"},"content":{"rendered":"<section id='intro' class=\"bg-shape-split bg-sub-page-hero\">\r\n    <div class=\"bg-position\">\r\n        <div class=\"container-fluid\">\r\n            <div class=\"row align-items-center\">\r\n                <div class=\"col-12 col-lg-8\">\r\n                    <h1>Tout ce qu\u2019il faut savoir au sujet des fosses septiques au Qu\u00e9bec<\/h1>\r\n <strong>Article r\u00e9dig\u00e9 par <a href=\"\/fr\/a-propos-de-nous\/contributeurs#anthony-michael\" title=\"Auteur : Anthony Michael\">Anthony Michael<\/a><\/strong>\r\n                    <div style=\"margin-top:48px;\"><p class=\"pb-4\" style=\"margin-top:-24px\">Mis \u00e0 jour le 18 juin 2024<\/p><\/div>\r\n                <\/div>\r\n            <\/div>\r\n\r\n            <div class=\"row\">\r\n                <div class=\"col-lg-8\">\r\n\r\n                <p class=\"display-4\">Les maisons et les installations dans les r\u00e9gions rurales et \u00e9loign\u00e9es ne sont pas branch\u00e9es \u00e0 des r\u00e9seaux d\u2019\u00e9gout municipaux. Vous \u00eates-vous jamais demand\u00e9 comment traite-t-on les eaux us\u00e9es dans ces r\u00e9gions?<\/p>\r\n               <p class=\"display-4\">Il faut installer et entretenir une fosse septique, ce qui est effectivement un syst\u00e8me de traitement des eaux us\u00e9es sur place. Si votre maison au <a href='\/fr\/habitation\/quebec' title='Assurance habitation au Qu\u00e9bec'>Qu\u00e9bec<\/a> est \u00e9quip\u00e9e d\u2019une fosse septique ou vous envisagez d\u2019en installer, lisez la suite! Vous d\u00e9couvrirez comment elles fonctionnent, les diff\u00e9rents types de fosses septiques, les prix, l\u2019entretien et les consid\u00e9rations en assurance habitation.<\/p>\r\n               <p class=\"pt-2\"><img loading=\"lazy\" decoding=\"async\" src=\"https:\/\/cdn.squareone.ca\/wp-content\/uploads\/2022\/03\/21102851\/fosse-septique-en-beton.jpg\" alt=\"Fosse septique en b\u00e9ton avec deux couvercles d'acc\u00e8s. partiellement enterr\u00e9e\" title=\"Fosse septique au Qu\u00e9bec\" width=\"248\" height=\"186\" class=\"img-fluid\" rel=\"noopener noreferrer\"><\/p>\r\n             <\/div>\r\n\r\n             <div class=\"col-lg-3 offset-lg-1\">\r\n                    <p class=\"mb-2 display-4 pt-4 pt-lg-0 pt-mb-0\"><strong>Th\u00e8mes<\/strong><\/p>\r\n                    <ul class=\"list-unstyled link-list display-4\">\r\n                          <li><a href='#quest-ce-que'>Qu\u2019est-ce qu\u2019une fosse septique?<\/a><\/li>\r\n                          <li><a href='#comment-fonctionnent'>Comment fonctionnent-elles?<\/a><\/li>\r\n                          <li><a href='#types'>Types de fosses septiques<\/a><\/li>\r\n                          <li><a href='#prix'>Prix<\/a><\/li>\r\n                          <li><a href='#installation'>Installation<\/a><\/li>\r\n                          <li><a href='#vidanger'>Quand faut-il vidanger la fosse septique?<\/a><\/li>\r\n                          <li><a href='#considerations-assurance'>Condid\u00e9rations en assurance<\/a><\/li>\r\n                          <li><a href='#FAQ'>Questions fr\u00e9quemment pos\u00e9es<\/a><\/li>         \r\n                    <\/ul>\r\n                <\/div>\r\n            <\/div>  \r\n        <\/div>\r\n    <\/div>\r\n    <div class=\"bg-bottom\"><\/div>\r\n<\/section>          \r\n\r\n<section>\r\n<div class=\"container-fluid py-6\">\r\n    <div class=\"row\">\r\n        <div class=\"col-12 col-lg-8\">       \r\n\r\n        <h2 id=\"quest-ce-que\">Qu\u2019est-ce qu\u2019une fosse septique?<\/h2>\r\n\r\n            <p>Une fosse septique est un syst\u00e8me de traitement des eaux us\u00e9es situ\u00e9 sur votre propri\u00e9t\u00e9. Ce syst\u00e8me comprend un r\u00e9servoir, des tuyaux et un champ d\u2019\u00e9puration. De capacit\u00e9 variable, les fosses septiques sont faites de mat\u00e9riaux comme le b\u00e9ton, le poly\u00e9thyl\u00e8ne, la fibre de verre et l\u2019acier. G\u00e9n\u00e9ralement, les fosses septiques r\u00e9sidentielles ont une capacit\u00e9 d\u2019entre 3\u00a0000 et 7\u00a0500\u00a0litres et \u00e9liminent 60\u00a0% des d\u00e9chets solides.<\/p>\r\n\r\n        <h2 id=\"comment-fonctionnent\">Comment fonctionne une fosse septique?<\/h2>\r\n\r\n            <p>Les eaux us\u00e9es des toilettes, des lavabos et des autres drains de votre r\u00e9sidence se dirigent \u00e0 la fosse septique \u00e0 travers la tuyauterie.<\/p>\r\n\r\n            <p class=\"mb-0\">La fosse retient les eaux us\u00e9es jusqu\u2019\u00e0 ce que les d\u00e9chets solides se d\u00e9posent au fond. Ceci s\u2019appelle \u00ab\u00a0boue\u00a0\u00bb. Entre-temps, les huiles et la graisse remontent \u00e0 la surface pour former une couche d\u2019\u00e9cume qui emp\u00eache les fuites et qui permet aux enzymes de d\u00e9composer les d\u00e9chets organiques en de plus petites mol\u00e9cules qui sont consomm\u00e9es par des <a href=\"https:\/\/fr.wikipedia.org\/wiki\/Ana%C3%A9robie\" title=\"Organismes ana\u00e9robies\" rel=\"noopener noreferrer\" target=\"_blank\">bact\u00e9ries ana\u00e9robies<\/a>.<\/p>\r\n\r\n            <div class=\"row py-6 mb-0\">\r\n                <div class=\"col-12\">\r\n                    <div class=\"card review\" style=\"background-color:#ffe0c9\">\r\n                        <div class=\"card-body\">\r\n                            <p class=\"display-4\"><strong>Fait divers<\/strong><\/p>\r\n                                <p><i>Le mot septique provient du grec ancien \u03c3\u03b7\u03c0\u03c4\u03b9\u03ba\u03cc\u03c2 (s\u0113ptik\u00f3s), qui signifie \u00ab\u00a0caract\u00e9ris\u00e9 par la putridit\u00e9\u00a0\u00bb. Autrement dit, la fosse septique est un r\u00e9servoir rempli de bact\u00e9ries qui d\u00e9composent les mati\u00e8res organiques.<\/i><\/p>                       \r\n                        <\/div>\r\n                    <\/div>\r\n                <\/div>\r\n            <\/div>\r\n\r\n            <p>Le processus septique permet aux d\u00e9chets de se liqu\u00e9fier et de passer \u00e0 travers un tuyau d\u2019\u00e9vacuation vers le champ d\u2019\u00e9puration. Ensuite, l\u2019eau passe par des tuyaux perfor\u00e9s dans la pierre concass\u00e9e. L\u2019eau s\u2019infiltre et percole dans la terre o\u00f9 des microorganismes \u00e9liminent ce qui reste des substances nocives dans les eaux us\u00e9es. L\u2019eau trait\u00e9e se rend lentement jusqu\u2019aux eaux souterraines pour boucler le cycle d\u2019eau.<\/p>\r\n\r\n            <img decoding=\"async\" src=\"https:\/\/cdn.squareone.ca\/wp-content\/uploads\/2022\/03\/21102848\/systeme-septique.jpg\" alt=\"Un syst\u00e8me septique avec r\u00e9servoir enterr\u00e9 et tuyaux de drainage\" title=\"Exemple de syst\u00e8me septique\" width=\"400\" height=\"400\" class=\"img-fluid\" loading=\"lazy\"\/>\r\n            <div class=\"mb-3\">\r\n            <small><a href=\"https:\/\/commons.wikimedia.org\/wiki\/File:Septic-system.jpg\" title=\"WikiMedia\" rel=\"noopener noreferrer nofollow\" target=\"_blank\">Source<\/a><\/small>\r\n            <\/div>\r\n\r\n\r\n        <h2 id=\"types\">Types de fosse septique<\/h2>\r\n\r\n            <ul>\r\n                <li>Les fosses septiques en <strong>b\u00e9ton<\/strong> sont les plus convoit\u00e9es en raison de leur co\u00fbt abordable et de leur durabilit\u00e9. D\u2019habitude, elles sont pr\u00e9fabriqu\u00e9es pour faciliter l\u2019installation. Malgr\u00e9 leur solidit\u00e9, les fosses septiques en b\u00e9ton peuvent se fissurer et se corroder. Les bact\u00e9ries dans les fosses septiques produisent du sulfure d\u2019hydrog\u00e8ne. Les <a href=\"https:\/\/fr.ezgardentips.com\/how-do-thiobacillus-bacteria-get-into-household-34396\" title=\"bact\u00e9ries Thiobacillus\" rel=\"noopener noreferrer\" target=\"_blank\">bact\u00e9ries Thiobacillus<\/a> \u00e0 leur tour le convertit en acide hydrosulfurique. Il va sans dire, l\u2019acide peut corroder le b\u00e9ton.<\/li>\r\n                <li>Les fosses septiques en <strong>poly\u00e9thyl\u00e8ne<\/strong> sont plus l\u00e9g\u00e8res que les syst\u00e8mes en b\u00e9ton et r\u00e9sistantes \u00e0 la corrosion. Plus minces que les fosses septiques en b\u00e9ton, elles sont vuln\u00e9rables aux dommages structurels, cependant. Bien que les fosses septiques en poly\u00e9thyl\u00e8ne soient plus faciles \u00e0 transporter en raison de leur poids plus l\u00e9ger, elles sont plus d\u00e9licates et doivent \u00eatre manipul\u00e9es avec soin. Elles peuvent \u00e9galement se fissurer sous pression.<\/li>\r\n                <li>Les fosses septiques en <strong>fibre de verre<\/strong> sont l\u00e9g\u00e8res, et facile \u00e0 transporter et \u00e0 installer. Bien qu\u2019elles soient plus durables que les fosses septiques en poly\u00e9thyl\u00e8ne, les syst\u00e8mes en fibre de verre repr\u00e9sentent la solution la plus dispendieuse en raison des co\u00fbts d\u2019exploitation et d\u2019entretien plus \u00e9lev\u00e9s.<\/li>\r\n            <\/ul>\r\n\r\n        <h2 id=\"prix\">Prix<\/h2>\r\n\r\n            <p>Les frais d\u2019installation d\u2019une fosse septique varient selon le mat\u00e9riel, la superficie de la r\u00e9sidence et la qualit\u00e9 de la terre, entre autres. Un syst\u00e8me normal co\u00fbtera de 3\u00a0000\u00a0$ \u00e0 12\u00a0500\u00a0$. Si votre terre n\u2019est pas tr\u00e8s percolante ou la nappe phr\u00e9atique est trop \u00e9lev\u00e9e, vous avez besoin de faire installer un syst\u00e8me avanc\u00e9, qui co\u00fbte entre 15\u00a0000\u00a0$ \u00e0 30\u00a0000\u00a0$.<\/p>\r\n\r\n        <h2 id=\"installation\">Installation<\/h2>\r\n\r\n            <p>Avant de concevoir et d\u2019installer une nouvelle fosse septique, un ing\u00e9nieur agr\u00e9\u00e9 doit \u00e9valuer votre propri\u00e9t\u00e9. Celui-ci analysera la terre et d\u00e9terminera la capacit\u00e9 du syst\u00e8me en fonction du nombre de chambres \u00e0 coucher de votre maison.<\/p>\r\n\r\n            <p>La compagnie que vous embauchez pour effectuer l\u2019installation doit se conformer aux normes \u00e9tablies par le <a href=\"https:\/\/www.environnement.gouv.qc.ca\/index.asp\" title=\"MELCC\" rel=\"noopener noreferrer\" target=\"_blank\">minist\u00e8re de l&rsquo;Environnement et de la Lutte contre les changements climatiques (MELCC)<\/a><strong>.<\/strong> Au Qu\u00e9bec, les propri\u00e9taires occupants n\u2019ont pas le droit de construire leur propre syst\u00e8me septique. Toutefois, ils peuvent remplacer ou r\u00e9parer un syst\u00e8me existant moyennant un permis municipal.<\/p>\r\n\r\n        <h2 id=\"vidanger\">Quand faut-il vidanger la fosse septique?<\/h2>\r\n\r\n            <p>Au Qu\u00e9bec, l\u2019entretien des fosses septiques est r\u00e9gi par l\u2019\u00e9tat. <a href=\"https:\/\/www.legisquebec.gouv.qc.ca\/fr\/document\/rc\/Q-2,%20r.%2022\" title=\"R\u00e8glement sur l\u2019\u00e9vacuation et le traitement des eaux us\u00e9es des r\u00e9sidences isol\u00e9es\" rel=\"noopener noreferrer\" target=\"_blank\">Les lois au Qu\u00e9bec<\/a> stipulent que les fosses septiques doivent \u00eatre vidang\u00e9es tous les deux ans, exception faite des r\u00e9sidences secondaires, dont les fosses septiques devraient \u00eatre vidang\u00e9es tous les quatre ans.<\/p>\r\n\r\n            <p>Cette tache doit \u00eatre ex\u00e9cut\u00e9e par des professionnels agr\u00e9\u00e9s, car les fosses septiques produisent des gaz nocifs contenant des bact\u00e9ries pathog\u00e8nes.<\/p>\r\n\r\n        <h2 id=\"considerations-assurance\">Consid\u00e9rations en assurance habitation<\/h2>\r\n\r\n            <p>Bon nombre de fournisseurs d\u2019assurance habitation offrent une couverture pour le refoulement d\u2019eau (ce qui comprend typiquement le refoulement d\u2019eau issu d\u2019un syst\u00e8me septique). Toutefois, vous devrez la souscrire sp\u00e9cifiquement et payer un suppl\u00e9ment.<\/p>\r\n\r\n            <p>Chez Square One, chaque police comprend la couverture pour refoulement d&rsquo;eau et d\u2019\u00e9gouts.<\/p>\r\n\r\n            <p>Pourtant, si le refoulement d\u2019eau est provoqu\u00e9 par la pluie intense ou un autre \u00e9v\u00e9nement m\u00e9t\u00e9orologique, il est possible que votre assureur le traite \u00e0 titre d\u2019inondation. Cela signifie que la couverture pour inondation de votre police s\u2019applique, ce qui comprend une <a href=\"\/fr\/centres-ressources\/lexique-assurance\/franchise\" title=\"D\u00e9finition : franchise\">franchise<\/a> plus \u00e9lev\u00e9e.<\/p> \r\n\r\n<p>Remarquez que les villes et les r\u00e9gions qui pr\u00e9sentent un risque d\u2019inondation \u00e9lev\u00e9 pourraient \u00eatre exclues.<\/p>\r\n\r\n            <p>Certains fournisseurs d\u2019assurance habitation offrent des rabais si votre maison est \u00e9quip\u00e9e d\u2019un clapet anti-refoulement sur le conduit des eaux us\u00e9es. Pour la plupart, on retrouve ces dispositifs dans les maisons branch\u00e9es aux syst\u00e8mes d\u2019\u00e9gout municipaux, mais ils peuvent \u00e9galement emp\u00eacher le refoulement d\u2019eau issu des fosses septiques.<\/p>\r\n\r\n            <p>V\u00e9rifiez le libell\u00e9 de votre police ou communiquez avec votre fournisseur si vous avez des doutes au sujet de votre fosse septique ou de refoulement d\u2019eau.<\/p>\r\n\r\n        <h2 id=\"FAQ\">Questions fr\u00e9quemment pos\u00e9es<\/h2>\r\n\r\n            <h3>Comment puis-je savoir si ma maison est \u00e9quip\u00e9e d\u2019une fosse septique?<\/h3>\r\n\r\n                <p>Si votre maison est situ\u00e9e \u00e0 l\u2019ext\u00e9rieur de la ville ou dans une r\u00e9gion rurale ou \u00e9loign\u00e9e, o\u00f9 la construction et l\u2019entretien d\u2019un syst\u00e8me d\u2019\u00e9gout municipal seraient trop dispendieux, il est tr\u00e8s probable que votre r\u00e9sidence est \u00e9quip\u00e9e d\u2019une fosse septique.<\/p>\r\n\r\n                <p>Une autre fa\u00e7on de savoir si vous avez une fosse septique c\u2019est de rechercher des couvercles cylindriques ou des mottes de terre inhabituelles sur votre propri\u00e9t\u00e9. Il s\u2019agit des indices que votre propri\u00e9t\u00e9 est \u00e9quip\u00e9e d\u2019un syst\u00e8me septique.<\/p>\r\n\r\n                <p>Finalement, jetez un \u0153il sur votre compte de taxes municipales. Si vous y voyez des frais pour l\u2019\u00e9gout municipal, cela signifie que vous \u00eates branch\u00e9 au r\u00e9seau municipal.<\/p>\r\n\r\n            <h3>Comment savoir quelle capacit\u00e9 de fosse septique choisir?<\/h3>\r\n\r\n                <p>La capacit\u00e9 de votre fosse septique d\u00e9pend du nombre chambres \u00e0 coucher dans votre maison.<\/p>\r\n\r\n                <p>Une maison de cinq chambres \u00e0 coucher n\u00e9cessiterait une fosse septique de 3\u00a0000\u00a0litres environ. Le professionnel agr\u00e9\u00e9 que vous embauchez pour \u00e9valuer votre terrain pourra d\u00e9terminer la capacit\u00e9 de fosse septique dont vous avez besoin en fonction des caract\u00e9ristiques de votre propri\u00e9t\u00e9.<\/p>\r\n\r\n            <h3>Quels produits devrais-je ne pas jeter dans la toilette dans une maison \u00e9quip\u00e9e d\u2019un syst\u00e8me septique?<\/h3>\r\n\r\n                <p>\u00c9tant donn\u00e9 qu\u2019une fosse septique d\u00e9pend des enzymes et des bact\u00e9ries pour d\u00e9composer les d\u00e9chets organiques, il y a certains produits m\u00e9nagers et industriels que vous ne pouvez pas jeter dans la toilette. Parmi ceux-ci, on retrouve les produits antibact\u00e9riens, la liti\u00e8re de chat, les m\u00e9gots, les produits cosm\u00e9tiques, les m\u00e9dicaments expir\u00e9s, la soie dentaire, les pr\u00e9servatifs en latex, l\u2019essuie-tout, le plastique, les serviettes hygi\u00e9niques, le papier hygi\u00e9nique et les lingettes humides, entre autres.<\/p>\r\n\r\n                <p>En plus de nuire aux bact\u00e9ries, ces produits peuvent endommager la fosse septique et vous co\u00fbter une fortune en r\u00e9parations. Si vous recevez ou louez votre propri\u00e9t\u00e9, il est envisageable d\u2019afficher un avis \u00e0 ce sujet dans les salles de bain.<\/p>\r\n\r\n            <p><strong>Vous voulez en savoir plus?<\/strong> Consultez notre <a href=\"\/fr\/centres-ressources\/connaitre-votre-habitation\" title=\"Centre de ressources : conna\u00eetre votre habitation\">Centre de ressources&nbsp;: conna\u00eetre votre habitation<\/a> pour tout savoir sur les syst\u00e8mes et fonctionnalit\u00e9s de votre habitation. Ensuite, <a href=\"\/fr\/soumission-assurance-habitation-en-ligne\" title=\"Obtenir une soumission d\u2019assurance habitation en ligne\">obtenez une soumission d'assurance habitation en ligne<\/a> en moins de 5\u00a0minutes et d\u00e9couvrez \u00e0 quel point l\u2019assurance habitation personnalis\u00e9e peut \u00eatre abordable.<\/p>\r\n\r\n        <\/div>\r\n    <\/div>\r\n<\/div>\r\n<\/section>\r\n<script type=\"application\/ld+json\">\r\n{\r\n  \"@context\": \"https:\/\/schema.org\",\r\n  \"@type\": \"FAQPage\",\r\n  \"mainEntity\": [{\r\n    \"@type\": \"Question\",\r\n    \"name\": \"Comment puis-je savoir si ma maison est \u00e9quip\u00e9e d\u2019une fosse septique?\",\r\n    \"acceptedAnswer\": {\r\n      \"@type\": \"Answer\",\r\n      \"text\": \"<p>Si votre maison est situ\u00e9e \u00e0 l\u2019ext\u00e9rieur de la ville ou dans une r\u00e9gion rurale ou \u00e9loign\u00e9e, o\u00f9 la construction et l\u2019entretien d\u2019un syst\u00e8me d\u2019\u00e9gout municipal seraient trop dispendieux, il est tr\u00e8s probable que votre r\u00e9sidence est \u00e9quip\u00e9e d\u2019une fosse septique.<\/p>\r\n<p>Une autre fa\u00e7on de savoir si vous avez une fosse septique c\u2019est de rechercher des couvercles cylindriques ou des mottes de terre inhabituelles sur votre propri\u00e9t\u00e9. Il s\u2019agit des indices que votre propri\u00e9t\u00e9 est \u00e9quip\u00e9e d\u2019un syst\u00e8me septique.<\/p>\r\n<p>Finalement, jetez un \u0153il sur votre compte de taxes municipales. Si vous y voyez des frais pour l\u2019\u00e9gout municipal, cela signifie que vous \u00eates branch\u00e9 au r\u00e9seau municipal.<\/p>\"\r\n    }\r\n  },{\r\n    \"@type\": \"Question\",\r\n    \"name\": \"Comment savoir quelle capacit\u00e9 de fosse septique choisir?\",\r\n    \"acceptedAnswer\": {\r\n      \"@type\": \"Answer\",\r\n      \"text\": \"La capacit\u00e9 de votre fosse septique d\u00e9pend du nombre chambres \u00e0 coucher dans votre maison.<\/p>\r\n<p>Une maison de cinq chambres \u00e0 coucher n\u00e9cessiterait une fosse septique de 3 000 litres environ. Le professionnel agr\u00e9\u00e9 que vous embauchez pour \u00e9valuer votre terrain pourra d\u00e9terminer la capacit\u00e9 de fosse septique dont vous avez besoin en fonction des caract\u00e9ristiques de votre propri\u00e9t\u00e9.\"\r\n    }\r\n  },{\r\n    \"@type\": \"Question\",\r\n    \"name\": \"Quels produits devrais-je ne pas jeter dans la toilette dans une maison \u00e9quip\u00e9e d\u2019un syst\u00e8me septique?\",\r\n    \"acceptedAnswer\": {\r\n      \"@type\": \"Answer\",\r\n      \"text\": \"\u00c9tant donn\u00e9 qu\u2019une fosse septique d\u00e9pend des enzymes et des bact\u00e9ries pour d\u00e9composer les d\u00e9chets organiques, il y a certains produits m\u00e9nagers et industriels que vous ne pouvez pas jeter dans la toilette. Parmi ceux-ci, on retrouve les produits antibact\u00e9riens, la liti\u00e8re de chat, les m\u00e9gots, les produits cosm\u00e9tiques, les m\u00e9dicaments expir\u00e9s, la soie dentaire, les pr\u00e9servatifs en latex, l\u2019essuie-tout, le plastique, les serviettes hygi\u00e9niques, le papier hygi\u00e9nique et les lingettes humides, entre autres.<\/p>\r\n<p>En plus de nuire aux bact\u00e9ries, ces produits peuvent endommager la fosse septique et vous co\u00fbter une fortune en r\u00e9parations. Si vous recevez ou louez votre propri\u00e9t\u00e9, il est envisageable d\u2019afficher un avis \u00e0 ce sujet dans les salles de bain.\"\r\n    }\r\n  }]\r\n}\r\n<\/script>\r\n<\/script>\r\n<script type=\"application\/ld+json\">\r\n{\r\n  \"@context\": \"https:\/\/schema.org\",\r\n  \"@type\": \"WebPage\",\r\n  \"mainEntityOfPage\": {\r\n    \"@type\": \"Article\",\r\n    \"@id\": \"https:\/\/www.squareone.ca\/fr\/centres-ressources\/connaitre-votre-habitation\/fosse-septique-quebec\"\r\n  },\r\n  \"author\": [\r\n    {\r\n      \"@type\": \"Person\",\r\n      \"name\": \"Anthony Michael\",\r\n      \"url\": \"https:\/\/www.squareone.ca\/fr\/a-propos-de-nous\/membres-equipe#anthony-michael\"\r\n    }\r\n  ],\r\n  \"headline\": \"Initiation aux fosses septiques au Qu\u00e9bec\",\r\n  \"datePublished\": \"\",\r\n  \"dateModified\": \"\",\r\n  \"inLanguage\": \"fr-CA\",\r\n  \"isAccessibleForFree\": true\r\n}\r\n<\/script>","protected":false},"excerpt":{"rendered":"<p>Tout ce qu\u2019il faut savoir au sujet des fosses septiques au Qu\u00e9bec Les maisons et les installations dans les r\u00e9gions rurales et \u00e9loign\u00e9es ne sont pas branch\u00e9es \u00e0 des r\u00e9seaux d\u2019\u00e9gout municipaux. Vous \u00eates-vous jamais demand\u00e9 comment traite-t-on les eaux us\u00e9es dans ces r\u00e9gions? Il faut installer et entretenir une fosse septique, ce qui est [&hellip;]<\/p>\n","protected":false},"author":20,"featured_media":56594,"parent":52967,"menu_order":0,"comment_status":"closed","ping_status":"closed","template":"page-article-new.php","meta":{"_acf_changed":false,"footnotes":""},"class_list":["post-56590","page","type-page","status-publish","has-post-thumbnail","hentry"],"acf":[],"_links":{"self":[{"href":"https:\/\/www.squareone.ca\/fr\/wp-json\/wp\/v2\/pages\/56590","targetHints":{"allow":["GET"]}}],"collection":[{"href":"https:\/\/www.squareone.ca\/fr\/wp-json\/wp\/v2\/pages"}],"about":[{"href":"https:\/\/www.squareone.ca\/fr\/wp-json\/wp\/v2\/types\/page"}],"author":[{"embeddable":true,"href":"https:\/\/www.squareone.ca\/fr\/wp-json\/wp\/v2\/users\/20"}],"replies":[{"embeddable":true,"href":"https:\/\/www.squareone.ca\/fr\/wp-json\/wp\/v2\/comments?post=56590"}],"version-history":[{"count":16,"href":"https:\/\/www.squareone.ca\/fr\/wp-json\/wp\/v2\/pages\/56590\/revisions"}],"predecessor-version":[{"id":77048,"href":"https:\/\/www.squareone.ca\/fr\/wp-json\/wp\/v2\/pages\/56590\/revisions\/77048"}],"up":[{"embeddable":true,"href":"https:\/\/www.squareone.ca\/fr\/wp-json\/wp\/v2\/pages\/52967"}],"wp:featuredmedia":[{"embeddable":true,"href":"https:\/\/www.squareone.ca\/fr\/wp-json\/wp\/v2\/media\/56594"}],"wp:attachment":[{"href":"https:\/\/www.squareone.ca\/fr\/wp-json\/wp\/v2\/media?parent=56590"}],"curies":[{"name":"wp","href":"https:\/\/api.w.org\/{rel}","templated":true}]}}