{"id":56838,"date":"2022-04-04T15:57:30","date_gmt":"2022-04-04T22:57:30","guid":{"rendered":"https:\/\/www.squareone.ca\/conseils-securite-poele-a-bois-a-la-maison"},"modified":"2025-09-25T15:49:31","modified_gmt":"2025-09-25T22:49:31","slug":"conseils-securite-poele-a-bois-a-la-maison","status":"publish","type":"page","link":"https:\/\/www.squareone.ca\/fr\/centres-ressources\/securite-domiciliaire-personnelle\/conseils-securite-poele-a-bois-a-la-maison","title":{"rendered":"Conseils de s\u00e9curit\u00e9 pour un po\u00eale \u00e0 bois"},"content":{"rendered":"<section id='intro' class=\"bg-shape-split bg-sub-page-hero\">\r\n    <div class=\"bg-position\">\r\n        <div class=\"container-fluid\">\r\n            <div class=\"row align-items-center\">\r\n                <div class=\"col-12 col-lg-8\">\r\n                    <h1>Conseils de s\u00e9curit\u00e9 pour un po\u00eale \u00e0 bois<\/h1>\r\n <strong>Article r\u00e9dig\u00e9 par l'\u00e9quipe de Square One<\/strong>\r\n                    <p><strong>\u00c9valu\u00e9 par <a title=\"Expert : George Baral\" href=\"\/fr\/a-propos-de-nous\/experts\">George Baral<\/a><\/strong><\/p> \r\n                    <p class=\"pb-4\" style=\"margin-top:-24px\">Mis \u00e0 jour le 24 juin 2024<\/p>\r\n                <\/div>\r\n            <\/div>\r\n\r\n            <div class=\"row\">\r\n                <div class=\"col-lg-8\">\r\n                    <p class=\"display-4\">Alors que les temp\u00e9ratures hivernales persistent et que <a href=\"\/fr\/centres-ressources\/ameliorations-domiciliaires\/preparation-maison-hiver\" title=\"Pr\u00e9paration de votre maison pour l\u2019hiver : Square One\">la neige continue \u00e0 tomber<\/a>, on a tendance \u00e0 se blottir \u00e0 l\u2019int\u00e9rieur, \u00e0 la recherche de la chaleur. Une mani\u00e8re de cr\u00e9er une ambiance chaleureuse et douillette dans votre domicile c\u2019est d\u2019installer un po\u00eale \u00e0 bois. Le spectacle, le son et l\u2019ar\u00f4me d\u2019un feu \u00e0 bois \u00e9voquent des images des espaces naturels du Canada, en plus d\u2019offrir un sanctuaire contre le froid. Les po\u00eales \u00e0 bois constituent aussi une <a href=\"\/fr\/centres-ressources\/connaitre-votre-habitation\/thermopompe\" title=\"Initiation aux thermopompes - Square One\">solution de chauffage \u00e9conomique<\/a>.<\/p>\r\n                    <p class=\"pt-2\"><img loading=\"lazy\" decoding=\"async\" src=\"https:\/\/cdn.squareone.ca\/wp-content\/uploads\/2022\/04\/04180439\/poele-a-bois.jpg\" title=\"Conseils de s\u00e9curit\u00e9 pour un po\u00eale \u00e0 bois\" alt=\"Un po\u00eale \u00e0 bois \u00e0 c\u00f4t\u00e9 d'un salon chaleureux avec sofa et objets d\u00e9coratifs\" width=\"248\" height=\"200\" class=\"img-fluid\" rel=\"noopener noreferrer\" \/><\/p>\r\n                <\/div>\r\n\r\n                <div class=\"col-lg-3 offset-lg-1\">          \r\n                    <p class=\"mb-2 display-4 pt-4 pt-lg-0 pt-mb-0\"><strong>Th\u00e8mes<\/strong><\/p>\r\n                        <ul class=\"list-unstyled link-list display-4\">\r\n                            <li><a href='#popularite'>Popularit\u00e9 des po\u00eales \u00e0 bois<\/a><\/li>\r\n                            <li><a href='#bon-bois'>Le bon bois<\/a><\/li>\r\n                            <li><a href='#ventilation'>Ventilation<\/a><\/li>\r\n                            <li><a href='#ecran-coupe-chaleur'>\u00c9cran coupe-chaleur<\/a><\/li>\r\n                            <li><a href='#conduit'>Conduit de po\u00eale \u00e0 bois<\/a><\/li>\r\n                            <li><a href='#cheminee'>Nettoyage de la chemin\u00e9e<\/a><\/li>\r\n                            <li><a href='#etincelles'>Contr\u00f4le des \u00e9tincelles<\/a><\/li>\r\n                            <li><a href='#FAQ'>Questions fr\u00e9quemment pos\u00e9es<\/a><\/li>\r\n                        <\/ul>\r\n                <\/div>\r\n            <\/div>  \r\n        <\/div>\r\n    <\/div>\r\n    <div class=\"bg-bottom\"><\/div>\r\n<\/section>\r\n\r\n<section>\r\n    <div class=\"container-fluid py-6\">\r\n        <div class=\"row\">\r\n            <div class=\"col-12 col-lg-8\">\r\n            \r\n            \r\n            <h2 id=\"popularite\">Popularit\u00e9 des po\u00eales \u00e0 bois<\/h2>\r\n            <p>Peu importe la raison, les po\u00eales \u00e0 bois ont toujours s\u00e9duit les propri\u00e9taires occupants. Six pour cent des man\u00e8ges canadiens utilisent les po\u00eales \u00e0 bois comme principale source de chauffage et nombreux sont les maisons qui les utilisent \u00e0 titre de source de chauffage secondaire. Les po\u00eales \u00e0 bois peuvent \u00eatre autoportants ou encastr\u00e9s dans le foyer. La fum\u00e9e des po\u00eales \u00e0 bois encastr\u00e9s passe \u00e0 travers la chemin\u00e9e, alors que les po\u00eales autoportants sont branch\u00e9s \u00e0 la chemin\u00e9e au moyen d\u2019un conduit de raccordement.<\/p>\r\n\r\n            <p>Si vous comptez installer un po\u00eale \u00e0 bois ou acheter une maison \u00e9quip\u00e9e de celui-ci, consultez votre assureur pour d\u00e9terminer si une <a href=\"\/fr\/centres-ressources\/achat-vente-demenagement-habitation\/inspection-en-batiments\" title=\"L\u2019inspection en b\u00e2timents : mieux vaut pr\u00e9venir que gu\u00e9rir - Square One\">inspection en b\u00e2timents est requise<\/a>. Un po\u00eale \u00e0 bois mal install\u00e9 peut causer un incendie ou l\u2019intoxication au monoxyde de carbone.<\/p>\r\n\r\n            <p>Toutefois, il n\u2019y a rien \u00e0 craindre si vous suivez les consignes de s\u00e9curit\u00e9. \u00c9tant donn\u00e9 la diversit\u00e9 des po\u00eales \u00e0 bois sur le march\u00e9, il faut savoir les exploiter de mani\u00e8re s\u00e9curitaire. De plus, l\u2019inspecteur en b\u00e2timents peut vous montrer comment exploiter votre po\u00eale. Entre-temps, vous trouverez ci-dessous des conseils de s\u00e9curit\u00e9 qui vous aideront \u00e0 profiter de votre source de chaleur \u00e0 bois.<\/p>\r\n\r\n            <h2 id=\"bon-bois\">Le bois appropri\u00e9 pour votre po\u00eale \u00e0 bois<\/h2>\r\n\r\n                <img decoding=\"async\" loading=\"lazy\" src=\"https:\/\/cdn.squareone.ca\/wp-content\/uploads\/2018\/01\/25064716\/wood-for-wood-stove.jpg\" title=\"Bois pour un po\u00eale \u00e0 bois\" alt=\"Un panier de bois d\u00e9coup\u00e9 \u00e0 c\u00f4t\u00e9 d\u2019un po\u00eale \u00e0 bois avec des flammes visibles\" width=\"800\" height=\"533\" class=\"img-fluid mb-5\" \/>\r\n\r\n            <p>Le bois franc. Choisissez les bois francs, comme l\u2019\u00e9rable, le ch\u00eane, le fr\u00eane, le caryer ou le h\u00eatre pour chauffer votre po\u00eale. Ce genre de bois <a href=\"https:\/\/www.bois-de-chauffage.net\/faq\/choisir\/meilleur-bois.php\" title=\"Quel est le meilleur bois de chauffage ? - Bois-de-chauffage.NET\" rel=\"noopener noreferrer\" target=\"_blank\">br\u00fble plus lentement et g\u00e9n\u00e8re plus de chaleur<\/a>.<\/p>\r\n\r\n            <p>Le bois vert. Vous avez besoin du bois sec pour chauffer votre po\u00eale. L\u2019eau compte pour 50\u00a0% du bois vert. R\u00e9sultat\u00a0: ce type de bois ne br\u00fble pas bien. Si vous tenez \u00e0 utiliser le bois vert, il faut le laisser s\u00e9cher pendant un an au moins. Mais comment savoir si les b\u00fbches de bois franc sont pr\u00eates \u00e0 br\u00fbler? Elles sont pr\u00eates \u00e0 br\u00fbler si les bouts des graines pr\u00e9sentent des fissures \u00e9videntes et si elles produisent un son creux lorsque vous les tapez l\u2019une contre l\u2019autre.<\/p>\r\n\r\n            <p>Sinon, vous pouvez faire appel \u00e0 un fournisseur de bois fiable; il existe des organisations agr\u00e9\u00e9es qui peuvent attester de la qualit\u00e9 du bois du fournisseur. Une solution plus dispendieuse, mais convenable, est d\u2019utiliser du bois du s\u00e9choir ou des briquettes s\u00e9ch\u00e9es, qui ont de l\u2019\u00e9nergie ajout\u00e9e.<\/p>\r\n\r\n            <h2 id=\"ventilation\">Ventilation<\/h2>\r\n\r\n            <p>Conduit d\u2019a\u00e9ration. Non, on ne parle pas d\u2019a\u00e9rer un vin, mais de la bonne ventilation de votre po\u00eale \u00e0 bois. Les tuyaux du conduit d\u2019a\u00e9ration doivent d\u00e9passer le sommet de votre maison d\u2019un m\u00e8tre minimum.<\/p>\r\n\r\n            <p>L\u2019installation s\u00e9curitaire est importante\u00a0: il ne faut pas installer le po\u00eale sur une surface combustible, comme un plancher de bois, ni le brancher \u00e0 un conduit de chemin\u00e9e utilis\u00e9 par un autre appareil, que ce soit un autre po\u00eale, une chaudi\u00e8re ou une fournaise. Ceci peut provoquer la d\u00e9charge des vapeurs mortelles de monoxyde de carbone.<\/p>\r\n\r\n            <h3>Installation d\u2019un alarme d\u2019incendie\/d\u00e9tecteur de fum\u00e9e essay\u00e9 r\u00e9guli\u00e8rement \u00e0 proximit\u00e9 de votre po\u00eale \u00e0 bois<\/h3>\r\n\r\n            <p>Si vous utilisez un po\u00eale \u00e0 bois, <a href=\"\/fr\/incendie\" title=\"Assurance incendie - Square One\">l\u2019incendie est un risque constant<\/a>. Vous devriez installer des alarmes d\u2019incendie\/d\u00e9tecteurs de fum\u00e9e dans chaque pi\u00e8ce de la maison et les tester r\u00e9guli\u00e8rement; on recommande \u00e9galement d\u2019installer des d\u00e9tecteurs de monoxyde de carbone dans la maison. Un d\u00e9tecteur de fum\u00e9e et un d\u00e9tecteur de monoxyde de carbone devraient \u00eatre install\u00e9s \u00e0 proximit\u00e9 du po\u00eale \u00e0 bois. Qui plus est, assurez-vous de pr\u00e9parer un plan d\u2019\u00e9vacuation de la maison en cas d\u2019incendie et de le pratiquer au moins une fois par an.<\/p> \r\n\r\n            <h2 id=\"ecran-coupe-chaleur\">\u00c9cran coupe-chaleur<\/h2>\r\n\r\n                <img decoding=\"async\" loading=\"lazy\" src=\"https:\/\/cdn.squareone.ca\/wp-content\/uploads\/2018\/01\/25064804\/wood-burning-stove-shield.jpg\" title=\"\u00c9cran coupe-chaleur\" alt=\"Po\u00eale \u00e0 bois \u00e9quipp\u00e9 d'un \u00e9cran coupe-chaleur dans un salon chaleureux\" width=\"800\" height=\"533\" class=\"img-fluid mb-5\" \/>\r\n\r\n            <p>Les po\u00eales \u00e0 bois \u00e9mettent beaucoup de chaleur et peuvent endommager les murs de l\u2019int\u00e9rieur de la maison. Vous pouvez installer un \u00e9cran coupe-chaleur pour prot\u00e9ger les murs. Certains mod\u00e8les comprennent un \u00e9cran coupe-chaleur. Il faut d\u00e9gager l\u2019espace autour du po\u00eale, alors gardez les meubles de bois ainsi que les articles inflammables \u00e0 l\u2019\u00e9cart. En cas de doute, suivez les recommandations du fabricant.<\/p>\r\n            <\/div>\r\n        <\/div>\r\n    <\/div>\r\n<\/section>\r\n\r\n\t<section class=\"bg-transparent\">\n\t\t<img decoding=\"async\" src=\"\/sales\/images\/bgs\/bg-mid-page-cta-general-top.svg\" style=\"width: 100%; vertical-align: bottom; position: relative; top: 1px\"\/>\n\t\t\n\t\t<div class=\"bg-darkTeal py-3\">\t\t\t\n\t\t\t<div class=\"container-fluid\">\n\t\t\t\t<div class=\"row d-flex align-items-center pb-5\">\n\t\t\t\t\t<div class=\"col-12 col-md-8 offset-md-2 px-lg-5 pb-5 pb-lg-0\">\n\t\t\t\t\t\t<div class=\"h6 mb-4 text-primary text-uppercase text-center\">\n\t\t\t\t\t\t\tCela ne prend que 5\u00a0minutes \n\t\t\t\t\t\t<\/div>\t\t\n\t\t\t\t\t\t\t\t\t\t\t\n\t\t\t\t\t\t<p class=\"lead px-lg-5 text-white\">\n\t\t\t\t\t\t\t<strong class=\"d-inline-block text-uc-first\">Pr\u00eat \u00e0 obtenir une soumission en ligne? <\/strong> Votre temps est aussi pr\u00e9cieux que vos possessions. Obtenez une soumission d'assurance habitation en <strong>5 minutes<\/strong>. C\u2019est moins de temps qu\u2019il n\u2019en faut pour faire la file pour un caf\u00e9.\n\t\t\t\t\t\t<\/p>\t\t\t\n\t\n\t\t\t\t\t\t<div id=\"sq1-qw-880ee4dd5610\" class=\"sq1-quote-widget mb-4 text-white\" data-quote-widget-type=\"HOME\" data-has-custom-text=\"true\">\n\t\t\t\t\t\t\t<div class=\"input-group input-group-focus-within bg-white my-4\">\n\t\t\t\t\t\t\t\t<div>\n\t\t\t\t\t\t\t\t\t<div class=\"input-group-text\">\n\t\t\t\t\t\t\t\t\t\t<i class=\"fa fa-map-marker d-block text-black\"><\/i>\n\t\t\t\t\t\t\t\t\t<\/div>\n\t\t\t\t\t\t\t\t<\/div>\n\t\t\t\t\t\t\t\t<input type=\"text\" class=\"form-control\" style=\"padding: 10px;\" placeholder=\"Enter an address\" aria-label=\"Inscrivez votre adresse pour obtenir une soumission\"\/>\n\t\t\t\t\t\t\t\t<div>\n\t\t\t\t\t\t\t\t\t<button class=\"btn btn-primary\">Obtenir une soumission en ligne d\u00e8s maintenant<\/button>\n\t\t\t\t\t\t\t\t<\/div>\n\t\t\t\t\t\t\t<\/div>\n\t\t\t\t\t\t<\/div>\n\t\t\t\t\t\t\n\t\t\t\t\t\t<p class=\"small text-white\">Avant de commencer, veuillez lire notre <a href=\"https:\/\/www.squareone.ca\/fr\/politique-confidentialite\" target=\"_blank\" rel=\"noreferrer noopener\">Politique de confidentialit\u00e9<\/a> et nos <a href=\"https:\/\/www.squareone.ca\/fr\/conditions-utilisation\" target=\"_blank\" rel=\"noreferrer noopener\">Conditions d\u2019utilisation<\/a>.<\/p>\t\n\t\n\t\t\t\t\t\t<script type=\"text\/javascript\">\n\t\t\t\t\t\t(function() {\n\t\t\t\t\t\t\tdocument.addEventListener('soiMiscJsLoaded', function() {\n\t\t\t\t\t\t        $(document).ready(function() {\n\t\t\t\t\t\t\t\t\tsoiQuoteWidget.processFormWidget('\/sales\/index.php\/json_quote_widget?rand=' +Math.random(), 'qwContainer'); \/\/populate quoting widget with content from symfony.\n\t\t\t\t\t\t\t\t});\n\t\t\t\t\t\t\t});\n\t\t\t\t\t\t})();\n\t\t\t\t\t\t<\/script>\n\t\t\t\t\t<\/div>\n\t\t\t\t<\/div>\n\t\t\t<\/div>\n\t\t<\/div>\n\t\t\n\t\t<img decoding=\"async\" src=\"\/sales\/images\/bgs\/bg-mid-page-cta-general-bottom.svg\" style=\"width: 100%; vertical-align: top\"\/>\t\t\n\t<\/section>\r\n\r\n<section>\r\n    <div class=\"container-fluid py-6\">\r\n        <div class=\"row\">\r\n            <div class=\"col-12 col-lg-8\">\r\n\r\n\r\n            <h2 id=\"conduit\">Assurez-vous d\u2019ouvrir le clapet du conduit de la chemin\u00e9e pendant que le po\u00eale est allum\u00e9<\/h2>\r\n\r\n            <p>Assurez-vous que le clapet est enti\u00e8rement ouvert quand vous utilisez le po\u00eale \u00e0 bois. Ce petit appareil permet aux vapeurs toxiques issues du po\u00eale de s\u2019\u00e9chapper. On ferme le clapet quand le po\u00eale est \u00e9teint afin d\u2019emp\u00eacher que l\u2019air chaud monte dans la chemin\u00e9e. Il est tr\u00e8s important de l&rsquo;ouvrir enti\u00e8rement quand vous allumez le po\u00eale, sinon la pi\u00e8ce se remplira rapidement de fum\u00e9e.<\/p>\r\n\r\n            <p>Retirez les cendres. Retirez r\u00e9guli\u00e8rement les cendres du po\u00eale et jettez-les dans un contenant m\u00e9tallique avec couvercle. Laissez-les refroidir pendant deux jours avant de les jeter; ils peuvent toujours contenir des braises qui peuvent d\u00e9clencher un incendie. Rangez le contenant des cendres \u00e0 environ trois m\u00e8tres des b\u00e2timents ou des v\u00e9hicules.<\/p>\r\n\r\n            <h2 id=\"cheminee\">Faites nettoyer r\u00e9guli\u00e8rement votre chemin\u00e9e<\/h2>\r\n\r\n                <img decoding=\"async\" loading=\"lazy\" src=\"https:\/\/cdn.squareone.ca\/wp-content\/uploads\/2018\/01\/25064847\/chimney-cleaner-wood-stove.jpg\" title=\"Nettoyage de la chemin\u00e9e\" alt=\"Un ramoneur sur le toit nettoie une chemin\u00e9e \u00e0 l'aide d'une brosse\" width=\"800\" height=\"533\" class=\"img-fluid mb-5\" \/>\r\n\r\n            <p>Au dix-neuvi\u00e8me si\u00e8cle, des jeunes gar\u00e7ons servaient de ramoneurs pour d\u00e9gager la mati\u00e8re accumul\u00e9e dans la chemin\u00e9e, appel\u00e9e <a href=\"https:\/\/fr.wikipedia.org\/wiki\/Cr%C3%A9osote\" rel=\"noopener noreferrer\" title=\"Cr\u00e9osote - Wikip\u00e9dia\" target=\"_blank\">cr\u00e9osote<\/a>. Heureusement ce n\u2019est plus le cas et vous pouvez faire appel \u00e0 des professionnels pour nettoyer votre chemin\u00e9e.<\/p>\r\n\r\n            <p>L\u2019accumulation de cette mati\u00e8re dans la chemin\u00e9e peut provoquer un incendie destructeur. Vous pouvez enlever une partie de la mati\u00e8re accumul\u00e9e du tuyau du po\u00eale \u00e0 l\u2019aide d\u2019une brosse m\u00e9tallique.  Si vous utilisez souvent votre po\u00eale, on recommande que vous fassiez inspecter et nettoyer la chemin\u00e9e tous les ans.<\/p>\r\n\r\n            <h2 id=\"etincelles\">Contr\u00f4lez les \u00e9tincelles<\/h2>\r\n\r\n            <p>Assurez-vous que l\u2019ext\u00e9rieur entourant votre maison est \u00e9galement \u00e0 l\u2019abri des risques d\u2019incendie caus\u00e9s par le bois br\u00fbl\u00e9. Taillez les broussailles et les branches d\u2019arbres pr\u00e8s de la chemin\u00e9e. <\/p>\r\n\r\n            <p><a href=\"\/fr\/centres-ressources\/ameliorations-domiciliaires\/types-de-toiture\" title=\"Initiation aux types de toiture - Square One\">D\u00e9gagez du toit<\/a> les d\u00e9chets inflammables, les feuilles et les aiguilles de pin. Placez votre tas de bois \u00e0 au moins 10\u00a0m\u00e8tres de la maison afin de supprimer le risque d\u2019incendie. Placez une grille maill\u00e9e pare-\u00e9tincelles au sommet de la chemin\u00e9e pour emp\u00eacher que les \u00e9tincelles tombent sur le toit. V\u00e9rifiez les r\u00e8glements locaux pour ce qui est de la taille de grille maill\u00e9e.<\/p>\r\n\r\n            <p>Si vous suivez ces tuyaux pratiques, vous pouvez profiter de la belle chaleur de votre po\u00eale \u00e0 bois sans craindre que votre maison prenne feu.<\/p>\r\n\r\n\r\n            <h2 id=\"FAQ\">Questions fr\u00e9quemment pos\u00e9es<\/h2>\r\n             \r\n            <h3>Comment puis-je m\u2019assurer que mon po\u00eale \u00e0 bois est s\u00e9curitaire?<\/h3>\r\n            <p>Pour privil\u00e9gier un po\u00eale \u00e0 bois s\u00e9curitaire, \u00e9cartez les surfaces combustibles\u00a0: les tapis, les rideaux, etc. Installez un \u00e9cran coupe-chaleur derri\u00e8re ou autour du po\u00eale pour prot\u00e9ger les murs \u00e0 proximit\u00e9. Contr\u00f4lez la taille du feu et ayez un extincteur \u00e0 port\u00e9e de main.<\/p>\r\n\r\n            <h3>Existe-t-il des r\u00e8glements pour les po\u00eales \u00e0 bois?<\/h3>\r\n            <p>Typiquement, les po\u00eales \u00e0 bois sont r\u00e9gis par les r\u00e8glements et les codes du b\u00e2timent locaux en fonction de votre r\u00e9gion. Consultez votre municipalit\u00e9 locale pour de plus amples renseignements. <\/p>\r\n\r\n            <h3>Quel est le meilleur combustible pour mon po\u00eale \u00e0 bois?<\/h3>\r\n            <p>Le meilleur combustible pour un po\u00eale \u00e0 bois est un bois tr\u00e8s sec, surtout le bois franc. Choisissez un bois qui a une teneur en eau de 20\u00a0% ou moins, car le bois sec g\u00e9n\u00e8re beaucoup moins de fum\u00e9e.<\/p>\r\n\r\n<h3>L&rsquo;assurance habitation couvre-t-elle les po\u00eales \u00e0 bois?<\/h3>\r\n\r\n            <p>Bon nombre de fournisseurs <a href=\"\/fr\/maison\" title=\"Assurance maison de Square One\">d&rsquo;assurance maison<\/a> assureront des maisons avec des po\u00eales \u00e0 bois. Toutefois, il est possible que vous deviez pr\u00e9senter certaines certifications ou d&rsquo;autres renseignements avant qu&rsquo;un fournisseur offre la couverture.<\/p>\r\n\r\n            <p><strong>Vous voulez en savoir plus?<\/strong> Consultez notre <a href=\"\/fr\/centres-ressources\/securite-domiciliaire-personnelle\" title=\"Centre de ressources : s\u00e9curit\u00e9 domiciliaire et personnelle\">Centre de ressources&nbsp;: s\u00e9curit\u00e9 domiciliaire et personnelle<\/a> pour d\u00e9couvriri comment prot\u00e9ger votre famille et votre domicile. Ensuite, <a href=\"\/fr\/soumission-assurance-habitation-en-ligne\" title=\"Obtenir une soumission d\u2019assurance habitation en ligne\">obtenez une soumission d'assurance habitation en ligne<\/a> en moins de 5\u00a0minutes et d\u00e9couvrez \u00e0 quel point l\u2019assurance habitation personnalis\u00e9e peut \u00eatre abordable.<\/p>\r\n\r\n            <div class=\"row py-3\">\r\n<div class=\"col-12\">\r\n<div class=\"card review\" style=\"box-shadow: 0 2px 4px rgba(0,0,0,0.07);background-color:#f4f4f4;\">\r\n<div class=\"card-body\">\r\n\t<p class=\"text-primary h4\">\u00c0 propos de l\u2019expert&nbsp;: George Baral<\/p>\r\n\t<p>George Baral est titulaire d\u2019une ma\u00eetrise en administration des affaires et d\u2019une ma\u00eetrise en chimie. Maintenant a la retraite, il inspectait et \u00e9valuait des syst\u00e8mes de chauffage et de climatisation pendant un peu moins de 35&nbsp;ans. Titulaire d\u2019un certificat d\u2019entrepreneur g\u00e9n\u00e9ral en Californie, il a lanc\u00e9 une compagnie sp\u00e9cialisant dans la construction \u00e9co\u00e9nerg\u00e9tique. Pendant ses \u00e9tudes, il a obtenu les certificats de leadership en conception \u00e9co\u00e9nerg\u00e9tique LEED AP et NATE, des programmes de formation pouss\u00e9e destin\u00e9s aux techniciens CVCA.<\/p>\r\n<\/div>\r\n<\/div>\r\n<\/div>\r\n<\/div>\r\n\r\n        <\/div>\r\n    <\/div>\r\n<\/div>\r\n<\/section>\r\n<script type=\"application\/ld+json\">\r\n{\r\n  \"@context\": \"https:\/\/schema.org\",\r\n  \"@type\": \"FAQPage\",\r\n  \"mainEntity\": [{\r\n    \"@type\": \"Question\",\r\n    \"name\": \"Comment puis-je m\u2019assurer que mon po\u00eale \u00e0 bois est s\u00e9curitaire?\",\r\n    \"acceptedAnswer\": {\r\n      \"@type\": \"Answer\",\r\n      \"text\": \"Pour privil\u00e9gier un po\u00eale \u00e0 bois s\u00e9curitaire, \u00e9cartez les surfaces combustibles : les tapis, les rideaux, etc. Installez un \u00e9cran coupe-chaleur derri\u00e8re ou autour du po\u00eale pour prot\u00e9ger les murs \u00e0 proximit\u00e9. Contr\u00f4lez la taille du feu et ayez un extincteur \u00e0 port\u00e9e de main.\"\r\n    }\r\n  },{\r\n    \"@type\": \"Question\",\r\n    \"name\": \"Existe-t-il des r\u00e8glements pour les po\u00eales \u00e0 bois?\",\r\n    \"acceptedAnswer\": {\r\n      \"@type\": \"Answer\",\r\n      \"text\": \"Typiquement, les po\u00eales \u00e0 bois sont r\u00e9gis par les r\u00e8glements et les codes du b\u00e2timent locaux en fonction de votre r\u00e9gion. Consultez votre municipalit\u00e9 locale pour de plus amples renseignements.\"\r\n    }\r\n  },{\r\n    \"@type\": \"Question\",\r\n    \"name\": \"Quel est le meilleur combustible pour mon po\u00eale \u00e0 bois?\",\r\n    \"acceptedAnswer\": {\r\n      \"@type\": \"Answer\",\r\n      \"text\": \"Le meilleur combustible pour un po\u00eale \u00e0 bois est un bois tr\u00e8s sec, surtout le bois franc. Choisissez un bois qui a une teneur en eau de 20\u00a0:% ou moins, car le bois sec g\u00e9n\u00e8re beaucoup moins de fum\u00e9e.\"\r\n    }\r\n  }]\r\n}\r\n<\/script>\r\n<script type=\"application\/ld+json\">\r\n{\r\n  \"@context\": \"https:\/\/schema.org\",\r\n  \"@type\": \"WebPage\",\r\n  \"mainEntityOfPage\": {\r\n    \"@type\": \"Article\",\r\n    \"@id\": \"https:\/\/www.squareone.ca\/fr\/centres-ressources\/securite-domiciliaire-personnelle\/conseils-securite-poele-a-bois-a-la-maison\"\r\n  },\r\n  \"author\": [\r\n    {\r\n      \"@type\": \"Person\",\r\n      \"name\": \"Square One team\"\r\n    }\r\n  ],\r\n \"reviewedBy\": [\r\n    {\r\n      \"@type\": \"Person\",\r\n      \"name\": \"George Baral\",\r\n      \"url\": \"https:\/\/www.squareone.ca\/fr\/a-propos-de-nous\/experts#HVAC\"\r\n    }\r\n  ],\r\n  \"headline\": \"Conseils de s\u00e9curit\u00e9 pour un po\u00eale \u00e0 bois\",\r\n  \"datePublished\": \"\",\r\n  \"dateModified\": \"\",\r\n  \"inLanguage\": \"fr-CA\",\r\n  \"isAccessibleForFree\": true\r\n}\r\n<\/script>\r\n","protected":false},"excerpt":{"rendered":"<p>Conseils de s\u00e9curit\u00e9 pour un po\u00eale \u00e0 bois \u00c9valu\u00e9 par George Baral Alors que les temp\u00e9ratures hivernales persistent et que la neige continue \u00e0 tomber, on a tendance \u00e0 se blottir \u00e0 l\u2019int\u00e9rieur, \u00e0 la recherche de la chaleur. Une mani\u00e8re de cr\u00e9er une ambiance chaleureuse et douillette dans votre domicile c\u2019est d\u2019installer un po\u00eale [&hellip;]<\/p>\n","protected":false},"author":2,"featured_media":56857,"parent":51337,"menu_order":0,"comment_status":"closed","ping_status":"closed","template":"page-article-new.php","meta":{"_acf_changed":false,"footnotes":""},"class_list":["post-56838","page","type-page","status-publish","has-post-thumbnail","hentry"],"acf":[],"_links":{"self":[{"href":"https:\/\/www.squareone.ca\/fr\/wp-json\/wp\/v2\/pages\/56838","targetHints":{"allow":["GET"]}}],"collection":[{"href":"https:\/\/www.squareone.ca\/fr\/wp-json\/wp\/v2\/pages"}],"about":[{"href":"https:\/\/www.squareone.ca\/fr\/wp-json\/wp\/v2\/types\/page"}],"author":[{"embeddable":true,"href":"https:\/\/www.squareone.ca\/fr\/wp-json\/wp\/v2\/users\/2"}],"replies":[{"embeddable":true,"href":"https:\/\/www.squareone.ca\/fr\/wp-json\/wp\/v2\/comments?post=56838"}],"version-history":[{"count":17,"href":"https:\/\/www.squareone.ca\/fr\/wp-json\/wp\/v2\/pages\/56838\/revisions"}],"predecessor-version":[{"id":77019,"href":"https:\/\/www.squareone.ca\/fr\/wp-json\/wp\/v2\/pages\/56838\/revisions\/77019"}],"up":[{"embeddable":true,"href":"https:\/\/www.squareone.ca\/fr\/wp-json\/wp\/v2\/pages\/51337"}],"wp:featuredmedia":[{"embeddable":true,"href":"https:\/\/www.squareone.ca\/fr\/wp-json\/wp\/v2\/media\/56857"}],"wp:attachment":[{"href":"https:\/\/www.squareone.ca\/fr\/wp-json\/wp\/v2\/media?parent=56838"}],"curies":[{"name":"wp","href":"https:\/\/api.w.org\/{rel}","templated":true}]}}