{"id":57312,"date":"2022-05-02T16:02:00","date_gmt":"2022-05-02T23:02:00","guid":{"rendered":"https:\/\/www.squareone.ca\/soutien\/bases-assurance-conseils\/lexique-assurance\/definition-indemnite"},"modified":"2026-03-18T13:40:33","modified_gmt":"2026-03-18T20:40:33","slug":"definition-indemnite","status":"publish","type":"page","link":"https:\/\/www.squareone.ca\/fr\/centres-ressources\/lexique-assurance\/indemnite","title":{"rendered":"D\u00e9finition : indemnit\u00e9"},"content":{"rendered":"<section id='intro' class=\"bg-shape-split bg-sub-page-hero\">\r\n\t<div class=\"bg-position\">\r\n\t\t<div class=\"container-fluid\">\r\n\t\t\t<div class=\"row align-items-center\">\r\n\t\t\t\t<div class=\"col-12 col-lg-8\">                \r\n\t\t\t\t\t<h1>Indemnit\u00e9<\/h1>\r\n\t\t\t\t\t<strong>Article r\u00e9dig\u00e9 par <a href=\"\/fr\/a-propos-de-nous\/contributeurs#seamus-mckale\" title=\"Auteur : Seamus McKale\">Seamus McKale<\/a><\/strong>\r\n                                        <p class=\"pb-3\"><strong>Article \u00e9valu\u00e9 par <a href=\"https:\/\/www.squareone.ca\/about-us\/experts\/daniel-mirkovic\" title=\"Expert : Daniel Mirkovic\">Daniel Mirkovic<\/a><\/strong><\/p> \r\n\t\t\t\t\t<p class=\"pb-4\" style=\"margin-top:-24px\">Mis \u00e0 jour le 18 ao\u00fbt 2025<\/p>\r\n\t\t\t\t<\/div>\r\n\t\t\t<\/div>\r\n\r\n\t\t\t<div class=\"row\">\r\n\t\t\t\t<div class=\"col-lg-8\">\r\n\t\t\t\t\t<p class='mb-0'>Nom<\/p>\r\n\t\t\t\t\t<p>in\u00b7dem\u00b7ni\u00b7t\u00e9 | \u025b\u0303d\u025bmnite<\/p>\r\n\t\t\t\t\t<p class=\"display-4\"><strong><span class='text-orange'>D\u00e9finition\u00a0:<\/span> une protection contre les pertes ou fardeaux financiers futurs.<\/strong><\/p>\r\n\t\t\t\t\t<p class=\"display-4\"><i>Si St\u00e9phane subit une perte assur\u00e9e, son fournisseur d\u2019assurance lui fournira une <strong>indemnit\u00e9<\/strong>.<\/i><\/p> \r\n\t\t\t\t\t<\/div>\r\n\t\t\t\t<div class=\"col-lg-3 offset-lg-1\">          \r\n\t\t\t\t\t<p class=\"mb-2 display-4 pt-4 pt-lg-0 pt-mb-0\"><strong>Th\u00e8mes<\/strong><\/p>\r\n\t\t\t\t\t<ul class=\"list-unstyled link-list display-4\">\r\n\t\t\t\t\t\t<li><a href='#What-it-is'>Qu\u2019est-ce qu\u2019une indemnit\u00e9?<\/a><\/li>\r\n\t\t\t\t\t\t<li><a href='#Indemnify'>Exemples<\/a><\/li>\t\t\t\t\t\t\r\n\t\t\t\t\t<\/ul>\r\n\t\t\t\t<\/div>\r\n\t\t\t<\/div>  \r\n\t\t<\/div>\r\n\t<\/div>\r\n\t<div class=\"bg-bottom\"><\/div>\r\n<\/section>\r\n\r\n<section>\r\n    <div class=\"container-fluid py-6\">\r\n        <div class=\"row\">\r\n            <div class=\"col-12 col-lg-8\">\r\n                <div class=\"row pb-6\">\r\n                    <div class=\"col-12\">\r\n                        <div class=\"card review\" style='background-color:#FFE0C9'>\r\n                            <div class=\"card-body\">\r\n                                <p class=\"h3\">L\u2019essentiel<\/p>\r\n                                <ul class='mb-0'>\r\n\t\t\t\t\t<li>L\u2019indemnit\u00e9 est une promesse d\u2019une partie \u00e0 une autre d\u2019indemniser les pertes de la partie souffrante.<\/li>\r\n\t\t\t\t\t<li>L\u2019indemnisation est la principale fonction des contrats d\u2019assurance.<\/li>\r\n\t\t\t\t\t<li>Les polices d\u2019assurance limitent d\u2019habitude le montant de l\u2019indemnisation que l\u2019assureur verse \u00e0 l\u2019assur\u00e9.<\/li>\r\n                                <\/ul>\r\n                            <\/div>\r\n                        <\/div>\r\n                    <\/div>\r\n                <\/div>\r\n\t\t\t\t<h2 id=\"What-it-is\">Qu\u2019est-ce qu\u2019une indemnit\u00e9?<\/h2>\r\n\t\t\t\t<p>L\u2019indemnit\u00e9 est courante dans les contrats juridiques, surtout les contrats en assurance. L\u2019indemnit\u00e9 est une promesse d\u2019une partie \u00e0 une autre\u00a0: Partie\u00a0A accepte de rembourser financi\u00e8rement Partie\u00a0B si Partie\u00a0B souffre une perte financi\u00e8re.<\/p>\r\n\t\t\t\t\r\n\t\t\t\t<p>L\u2019indemnit\u00e9 peut \u00e9galement repr\u00e9senter le remboursement lui-m\u00eame.<\/p>\r\n\t\t\t\t\r\n\t\t\t\t<p>Indemniser quelqu\u2019un c\u2019est de le rembourser, ou de le reconstituer financi\u00e8rement, apr\u00e8s une perte. L\u2019indemnisation est la principale fonction de l\u2019assurance\u00a0: la compagnie d\u2019assurance indemnise <a href=\"https:\/\/www.squareone.ca\/resource-centres\/insurance-glossary\/insured\" title=\"D\u00e9inition : assur\u00e9\">l\u2019assur\u00e9<\/a> lorsque l\u2019assur\u00e9 subit un sinistre.<\/p> \r\n\t\t\t\t\r\n\t\t\t\t<p>Bon nombre de contrats comprennent des dispositions sur l\u2019indemnisation. Dans cet article, nous pencherons sur la notion d\u2019indemnisation pour ce qui est de l\u2019assurance.<\/p>\r\n\r\n\r\n\t\t\t\t<h2 id=\"Indemnify\">Qu\u2019est-ce que cela signifie, indemniser quelqu\u2019un?<\/h2>\r\n\r\n\t\t\t\t<p>On l\u2019a mentionn\u00e9 ci-dessus, l\u2019assurance a pour objectif de faciliter une entente entre assur\u00e9 et assureur\u00a0:\r\n\t\t\t\t<ul>\r\n\t\t\t\t\t<li>L\u2019assur\u00e9 accepte de verser une prime \u00e0 l\u2019assureur<\/li>\r\n\t\t\t\t\t<li>L\u2019assureur accepte d\u2019indemniser l\u2019assur\u00e9 en cas de sinistre couvert<\/li>\r\n\t\t\t\t<\/ul>\r\n\t\t\t\t\r\n\t\t\t\t<p>Afin d\u2019indemniser un assur\u00e9, la compagnie d\u2019assurance r\u00e8gle la valeur au jour du sinistre du bien perdu ou d\u00e9truit, ou r\u00e8gle les frais de r\u00e9paration ou de reconstruction de la propri\u00e9t\u00e9 endommag\u00e9e. Dans les deux cas, l\u2019assureur r\u00e9tablit l\u2019\u00e9tat financier de l\u2019assur\u00e9 \u00e0 ce qu\u2019il \u00e9tait avant la survenance du sinistre.<\/p>\r\n\t\t\t\t\r\n\t\t\t\t<p class=\"mb-0\">C\u2019est cela l\u2019indemnisation. Voici un exemple d\u2019un assureur qui indemnise un assur\u00e9\u00a0:<\/p>\r\n\r\n\t\t\t\t<div class=\"row py-6\">\r\n\t\t\t\t\t<div class=\"col-12\">\r\n\t\t\t\t\t\t<div class=\"card review\" style='background-color:#B5E0EB'>\r\n\t\t\t\t\t\t\t<div class=\"card-body\">\r\n\t\t\t\t\t\t\t\t<p class=\"display-4\"><strong>Exemple<\/strong><\/p>\r\n\t\t\t\t\t\t\t\t<p><i>Une puissante temp\u00eate de vent a consid\u00e9rablement endommag\u00e9 la maison de Colette. La temp\u00eate a arrach\u00e9 des bardeaux et le bardage de sa maison et un arbre est tomb\u00e9 sur son cabanon. Les frais de r\u00e9paration s\u2019\u00e9l\u00e8vent \u00e0 12\u00a0000\u00a0$. Bien qu\u2019elle n\u2019ait rien r\u00e9gl\u00e9 pour les travaux, Colette a souffert des dommages de 12\u00a0000\u00a0$. Elle pr\u00e9sente une r\u00e9clamation aupr\u00e8s de sa compagnie d\u2019assurance et un expert en sinistres d\u00e9termine rapidement que sa police couvrira le sinistre.<\/i><\/p>\r\n\r\n\t\t\t\t\t\t\t\t<p><i>Pour indemniser Colette de sa perte de 12\u00a0000\u00a0$, la compagnie d\u2019assurance d\u00e9cide de r\u00e9parer sa maison et son cabanon. Colette n&rsquo;a rien \u00e0 r\u00e9gler (\u00e0 l\u2019exception de sa franchise). R\u00e9sultat\u00a0: toute la propri\u00e9t\u00e9 endommag\u00e9e a \u00e9t\u00e9 restaur\u00e9e \u00e0 son \u00e9tat d\u2019avant la temp\u00eate de vent. L&rsquo;assureur de Colette l\u2019a indemnis\u00e9e.<\/i><\/p>\r\n\t\t\t\t\t\t\t<\/div>\r\n\t\t\t\t\t\t<\/div>\r\n\t\t\t\t\t<\/div>\r\n\t\t\t\t<\/div>\r\n\r\n\r\n\t\t\t\t<p>Lorsqu\u2019une compagnie d\u2019assurance indemnise un assur\u00e9, elle d\u00e9cide de r\u00e9parer ou de remplacer les biens endommag\u00e9s. Si l\u2019assur\u00e9 ne souhaite pas r\u00e9parer ou remplacer ses affaires, il peut demander un r\u00e8glement en esp\u00e8ces. G\u00e9n\u00e9ralement, les r\u00e8glements en esp\u00e8ces sont effectu\u00e9s selon la valeur au jour du sinistre du bien et non selon la valeur \u00e0 neuf.<\/p> \r\n\t\t\t\t\r\n\t\t\t\t<p>Cela signifie que le montant d\u2019un r\u00e8glement effectu\u00e9 selon la valeur au jour du sinistre est souvent inf\u00e9rieur \u00e0 un r\u00e8glement selon la valeur \u00e0 neuf. Toutefois, il s\u2019agit d\u2019une indemnisation compl\u00e8te.<\/p>\r\n\t\t\t\t\r\n\t\t\t\t<p>Il existe deux principales limitations sur l\u2019indemnisation\u00a0:<\/p>\r\n\t\t\t\t<ol>\r\n\t\t\t\t\t<li>D\u2019habitude, l\u2019assur\u00e9 verse une franchise avant que l\u2019assureur r\u00e8gle le montant restant du sinistre.<\/li>\r\n\t\t\t\t\t<li>Il y a typiquement un <a href=\"https:\/\/www.squareone.ca\/resource-centres\/insurance-glossary\/limit\" title=\"D\u00e9finition : montant de r\u00e8glement maximum\">montant de r\u00e8glement maximum<\/a> que l\u2019assureur r\u00e9glera, peu importe le co\u00fbt r\u00e9el des dommages.<\/li> \r\n\t\t\t\t<\/ol>\r\n\t\t\t\t<p>Les franchises et les limitations s\u2019inscrivent dans le cadre de toutes les polices d\u2019assurance habitation. Les montants de chacune varient selon la police. Jetez un \u0153il au libell\u00e9 de votre police pour voir vos limitations. Vous trouverez ces donn\u00e9es vers le d\u00e9but de votre police.<\/p>\r\n\t\t\t\t\r\n\t\t\t\t<p>Une exception aux limitations normales que l\u2019on retrouve dans de nombreuses polices d\u2019assurance habitation c\u2019est le co\u00fbt de r\u00e9paration ou de reconstruction garanti. Cette couverture importante signifie que la compagnie d\u2019assurance accepte d\u2019indemniser l\u2019assur\u00e9 le co\u00fbt total de r\u00e9paration ou de reconstruction de son habitation, m\u00eame si le co\u00fbt d\u00e9passe la limitation de la police.<\/p>\r\n\r\n\t\t\t\t<p><strong>Vous recherchez une d\u00e9finition en assurance?<\/strong> Consultez notre <a href=\"\/fr\/centres-ressources\/lexique-assurance\" title=\"Centre de ressources : lexique de l'assurance\">Centre de ressources&nbsp;: lexique de l\u2019assurance<\/a> pour acc\u00e9der \u00e0 des d\u00e9finitions faciles \u00e0 comprendre des termes les plus courants de l'assurance. Ensuite, <a href=\"\/fr\/soumission-assurance-habitation-en-ligne\" title=\"Obtenir une soumission d\u2019assurance habitation en ligne\">obtenez une soumission d'assurance habitation en ligne<\/a> en moins de 5\u00a0minutes et d\u00e9couvrez \u00e0 quel point l\u2019assurance habitation personnalis\u00e9e peut \u00eatre abordable.<\/p>\r\n\r\n\t\t\t\t<div class=\"row py-3\">\r\n<div class=\"col-12\">\r\n<div class=\"card review\" style=\"box-shadow: 0 2px 4px rgba(0,0,0,0.07);background-color:#f4f4f4;\">\r\n<div class=\"card-body\">\r\n\t<p class=\"text-primary h4\">\u00c0 propos de l\u2019expert&nbsp;: Daniel Mirkovic<\/p>\r\n\t<p>Cofondateur de Square One comptant plus de 25&nbsp;ans dans le secteur de l\u2019assurance, Daniel \u00e9tait vice-pr\u00e9sident des services d\u2019assurance et de voyage de la British Columbia Automobile Association (BCAA). Daniel est titulaire d'un baccalaur\u00e9at \u00e8s commerce et d'une ma\u00eetrise \u00e8s administration des affaires, tous deux obtenus \u00e0 la Sauder School of Business de l'universit\u00e9 de la Colombie-Britannique. Daniel est muni de la d\u00e9signation CAAC et d\u2019un certificat en assurance de dommages niveau&nbsp;3 en Colombie-Britannique, en Alberta, en Saskatchewan, au Manitoba et en Ontario.<\/p>\r\n<\/div>\r\n<\/div>\r\n<\/div>\r\n<\/div>\r\n\r\n\t\t\t<\/div>\r\n\t\t<\/div>\r\n\t<\/div>\r\n<\/section>\r\n<script type=\"application\/ld+json\">\r\n{\r\n  \"@context\": \"https:\/\/schema.org\",\r\n  \"@graph\": [\r\n    {\r\n      \"@type\": [\"WebPage\", \"DefinedTerm\"],\r\n      \"@id\": \"https:\/\/www.squareone.ca\/fr\/centres-ressources\/lexique-assurance\/indemnite\",\r\n      \"url\": \"https:\/\/www.squareone.ca\/fr\/centres-ressources\/lexique-assurance\/indemnite\",\r\n      \"inLanguage\": \"fr-CA\",\r\n      \"isAccessibleForFree\": true,\r\n      \"name\": \"Indemnit\u00e9\",\r\n      \"description\": \"Une protection contre les pertes ou fardeaux financiers futurs.\",\r\n      \"video\": {\r\n        \"@id\": \"https:\/\/www.youtube.com\/watch?v=oN8hQCSE4Kk#videoobject\"\r\n      },\r\n      \"inDefinedTermSet\": {\r\n        \"@type\": \"DefinedTermSet\",\r\n        \"name\": \"Lexique de l\u2019assurance de Square One\",\r\n        \"url\": \"https:\/\/www.squareone.ca\/fr\/centres-ressources\/lexique-assurance\"\r\n      },\r\n      \"publisher\": {\r\n        \"@id\": \"https:\/\/www.squareone.ca\/fr\"\r\n      },\r\n      \"author\": {\r\n        \"@id\": \"#seamus-mckale\"\r\n      },\r\n      \"reviewedBy\": {\r\n        \"@id\": \"https:\/\/www.squareone.ca\/fr\/a-propos-de-nous\/experts\/daniel-mirkovic\"\r\n      }\r\n    },\r\n    {\r\n      \"@type\": \"InsuranceAgency\",\r\n      \"@id\": \"https:\/\/www.squareone.ca\/fr\",\r\n      \"name\": \"Assurances Square One\",\r\n      \"url\": \"https:\/\/www.squareone.ca\/fr\",\r\n      \"logo\": \"https:\/\/cdn.squareone.ca\/wp-content\/uploads\/2021\/04\/09094743\/square-one-logomark-default-md-1.png\",\r\n      \"address\": {\r\n        \"@type\": \"PostalAddress\",\r\n        \"streetAddress\": \"1410-650 W Georgia St\",\r\n        \"addressLocality\": \"Vancouver\",\r\n        \"addressRegion\": \"BC\",\r\n        \"postalCode\": \"V6B 4N8\",\r\n        \"addressCountry\": \"CA\"\r\n      },\r\n      \"telephone\": \"+1-855-331-6933\",\r\n      \"areaServed\": [\"BC\", \"AB\", \"SK\", \"MB\", \"ON\", \"QC\"],\r\n      \"feesAndCommissionsSpecification\": \"https:\/\/www.squareone.ca\/fr\/transparence\"\r\n    },\r\n    {\r\n      \"@type\": \"Person\",\r\n      \"@id\": \"#seamus-mckale\",\r\n      \"name\": \"Seamus McKale\",\r\n      \"url\": \"https:\/\/www.squareone.ca\/fr\/a-propos-de-nous\/membres-equipe#seamus-mckale\",\r\n      \"description\": \"Seamus a 15 ans d\u2019exp\u00e9rience en marketing, avec sp\u00e9cialisation en publicit\u00e9 multim\u00e9dia, r\u00e9daction technique et contenu sur l\u2019assurance personnelle.\",\r\n      \"jobTitle\": \"Sp\u00e9cialiste de marketing de contenu\",\r\n      \"worksFor\": {\r\n        \"@id\": \"https:\/\/www.squareone.ca\/fr\"\r\n      },\r\n      \"hasCredential\": [\r\n        {\r\n          \"@type\": \"EducationalOccupationalCredential\",\r\n          \"name\": \"Certificat en assurance de dommages de la C.-B., niveau 1\"\r\n        },\r\n        {\r\n          \"@type\": \"EducationalOccupationalCredential\",\r\n          \"name\": \"Certificat en assurance de dommages de l\u2019Ontario\"\r\n        }\r\n      ],\r\n      \"knowsAbout\": [\r\n        \"Marketing\",\r\n        \"Publicit\u00e9 multim\u00e9dia\",\r\n        \"R\u00e9daction technique\",\r\n        \"Assurance des particuliers\"\r\n      ],\r\n      \"sameAs\": [\r\n        \"https:\/\/www.linkedin.com\/in\/seamus-m-83801a2b\/\"\r\n      ]\r\n    },\r\n    {\r\n      \"@type\": \"Person\",\r\n      \"@id\": \"https:\/\/www.squareone.ca\/fr\/a-propos-de-nous\/experts\/daniel-mirkovic\",\r\n      \"name\": \"Daniel Mirkovic\",\r\n      \"url\": \"https:\/\/www.squareone.ca\/fr\/a-propos-de-nous\/experts\/daniel-mirkovic\",\r\n      \"description\": \"Daniel poss\u00e8de de vastes connaissances en assurance, acquises au cours de plus de 25 ans d\u2019exprience dans le secteur.\",\r\n      \"jobTitle\": \"Cofondateur et PDG\",\r\n      \"worksFor\": {\r\n        \"@id\": \"https:\/\/www.squareone.ca\/fr\"\r\n      },\r\n      \"alumniOf\": {\r\n        \"@type\": \"CollegeOrUniversity\",\r\n        \"name\": \"Sauder School of Business at the University of British Columbia\"\r\n      },\r\n      \"hasCredential\": [\r\n        {\r\n          \"@type\": \"EducationalOccupationalCredential\",\r\n          \"name\": \"Courtier d\u2019assurance agr\u00e9\u00e9 du Canada (CAAC)\"\r\n        },\r\n        {\r\n          \"@type\": \"EducationalOccupationalCredential\",\r\n          \"name\": \"Certificat en assurance de dommages, niveau 3 (BC, AB, SK, MB, ON)\"\r\n        }\r\n      ],\r\n      \"knowsAbout\": [\r\n        \"Assurance propri\u00e9taire occupant\",\r\n        \"Assurance locataire\",\r\n        \"Assurance copropri\u00e9taire\",\r\n        \"Assurance auto\",\r\n        \"Assurance automobile de collection\",\r\n        \"Assurance maladie\",\r\n        \"Assurance-vie\",\r\n        \"L\u2019assurance invalidit\u00e9 de longue dur\u00e9e\",\r\n        \"Assurance v\u00e9t\u00e9rinaire\",\r\n        \"Assurance-voyage\",\r\n        \"Planification d\u2019affaires et strat\u00e9gique\",\r\n        \"Publicit\u00e9 s'adressant directement aux consommateurs\",\r\n        \"D\u00e9veloppement des produits\",\r\n        \"Conception de l\u2019exp\u00e9rience des utilisateurs\"\r\n      ],\r\n      \"sameAs\": [\r\n        \"https:\/\/www.linkedin.com\/in\/danielmirkovic\"\r\n      ]\r\n    },\r\n    {\r\n    },\r\n    {\r\n      \"@type\": \"FAQPage\",\r\n      \"mainEntity\": [\r\n        {\r\n          \"@type\": \"Question\",\r\n          \"name\": \"Qu\u2019est que l\u2019indemnit\u00e9?\",\r\n          \"acceptedAnswer\": {\r\n            \"@type\": \"Answer\",\r\n            \"text\": \"L\u2019indemnit\u00e9 est courante dans les contrats juridiques, surtout les contrats en assurance. L\u2019indemnit\u00e9 est une promesse d\u2019une partie \u00e0 une autre\u00a0: Partie A accepte de rembourser financi\u00e8rement Partie B si Partie B souffre une perte financi\u00e8re. L\u2019indemnit\u00e9 peut \u00e9galement repr\u00e9senter le remboursement lui-m\u00eame.\"\r\n          }\r\n        },\r\n        {\r\n          \"@type\": \"Question\",\r\n          \"name\": \"Qu\u2019est-ce que cela signifie, indemniser quelqu\u2019un?\",\r\n          \"acceptedAnswer\": {\r\n            \"@type\": \"Answer\",\r\n            \"text\": \"L\u2019assurance a pour objectif de faciliter une entente entre assur\u00e9 et assureur : L\u2019assur\u00e9 accepte de verser une prime \u00e0 l\u2019assureur. L\u2019assureur accepte d\u2019indemniser l\u2019assur\u00e9 en cas de sinistre couvert. Afin d\u2019indemniser un assur\u00e9, la compagnie d\u2019assurance r\u00e8gle la valeur au jour du sinistre du bien perdu ou d\u00e9truit, ou r\u00e8gle les frais de r\u00e9paration ou de reconstruction de la propri\u00e9t\u00e9 endommag\u00e9e. Dans les deux cas, l\u2019assureur r\u00e9tablit l\u2019\u00e9tat financier de l\u2019assur\u00e9 \u00e0 ce qu\u2019il \u00e9tait avant la survenance du sinistre.\"\r\n          }\r\n        }\r\n      ]\r\n    }\r\n  ]\r\n}\r\n<\/script>\r\n","protected":false},"excerpt":{"rendered":"<p>Indemnit\u00e9 Article \u00e9valu\u00e9 par Daniel Mirkovic Nom in\u00b7dem\u00b7ni\u00b7t\u00e9 | \u025b\u0303d\u025bmnite D\u00e9finition\u00a0: une protection contre les pertes ou fardeaux financiers futurs. Si St\u00e9phane subit une perte assur\u00e9e, son fournisseur d\u2019assurance lui fournira une indemnit\u00e9. Th\u00e8mes Qu\u2019est-ce qu\u2019une indemnit\u00e9? Exemples L\u2019essentiel L\u2019indemnit\u00e9 est une promesse d\u2019une partie \u00e0 une autre d\u2019indemniser les pertes de la partie souffrante. [&hellip;]<\/p>\n","protected":false},"author":2,"featured_media":0,"parent":53157,"menu_order":0,"comment_status":"closed","ping_status":"closed","template":"page-article-new.php","meta":{"_acf_changed":false,"footnotes":""},"class_list":["post-57312","page","type-page","status-publish","hentry"],"acf":[],"_links":{"self":[{"href":"https:\/\/www.squareone.ca\/fr\/wp-json\/wp\/v2\/pages\/57312","targetHints":{"allow":["GET"]}}],"collection":[{"href":"https:\/\/www.squareone.ca\/fr\/wp-json\/wp\/v2\/pages"}],"about":[{"href":"https:\/\/www.squareone.ca\/fr\/wp-json\/wp\/v2\/types\/page"}],"author":[{"embeddable":true,"href":"https:\/\/www.squareone.ca\/fr\/wp-json\/wp\/v2\/users\/2"}],"replies":[{"embeddable":true,"href":"https:\/\/www.squareone.ca\/fr\/wp-json\/wp\/v2\/comments?post=57312"}],"version-history":[{"count":17,"href":"https:\/\/www.squareone.ca\/fr\/wp-json\/wp\/v2\/pages\/57312\/revisions"}],"predecessor-version":[{"id":78563,"href":"https:\/\/www.squareone.ca\/fr\/wp-json\/wp\/v2\/pages\/57312\/revisions\/78563"}],"up":[{"embeddable":true,"href":"https:\/\/www.squareone.ca\/fr\/wp-json\/wp\/v2\/pages\/53157"}],"wp:attachment":[{"href":"https:\/\/www.squareone.ca\/fr\/wp-json\/wp\/v2\/media?parent=57312"}],"curies":[{"name":"wp","href":"https:\/\/api.w.org\/{rel}","templated":true}]}}