{"id":57338,"date":"2022-05-03T10:34:51","date_gmt":"2022-05-03T17:34:51","guid":{"rendered":"https:\/\/www.squareone.ca\/soutien\/bases-assurance-conseils\/lexique-assurance\/definition-titulaire-de-police"},"modified":"2025-11-27T10:27:20","modified_gmt":"2025-11-27T18:27:20","slug":"definition-titulaire-de-police","status":"publish","type":"page","link":"https:\/\/www.squareone.ca\/fr\/centres-ressources\/lexique-assurance\/titulaire-de-police","title":{"rendered":"D\u00e9finition : titulaire de police"},"content":{"rendered":"<section id='intro' class=\"bg-shape-split bg-sub-page-hero\">\r\n\t<div class=\"bg-position\">\r\n\t\t<div class=\"container-fluid\">\r\n\t\t\t<div class=\"row align-items-center\">\r\n\t\t\t\t<div class=\"col-12 col-lg-8\">                \r\n\t\t\t\t\t<h1>Titulaire de police<\/h1>\r\n\t\t\t\t\t<strong>Article r\u00e9dig\u00e9 par <a href=\"\/fr\/a-propos-de-nous\/contributeurs#seamus-mckale\" title=\"Auteur : Seamus McKale\">Seamus McKale<\/a><\/strong>\r\n                                        <p class=\"pb-3\"><strong>Article \u00e9valu\u00e9 par <a href=\"\/fr\/a-propos-de-nous\/experts\/daniel-mirkovic\" title=\"Expert : Daniel Mirkovic\">Daniel Mirkovic<\/a><\/strong><\/p> \r\n\t\t\t\t\t<p class=\"pb-4\" style=\"margin-top:-24px\">Mis \u00e0 jour le 6 novembre 2025<\/p>\r\n\t\t\t\t<\/div>\r\n\t\t\t<\/div>\r\n\r\n\t\t\t<div class=\"row\">\r\n\t\t\t\t<div class=\"col-lg-8\">\r\n\t\t\t\t\t<p class='mb-0'>Nom<\/p>\r\n\t\t\t\t\t<p>tit-u-laire-de-po-lice | tityl\u025b\u0281 d\u0259 p\u0254lis<\/p>\r\n\t\t\t\t\t<p class=\"display-4\"><strong><span class='text-orange'>D\u00e9finition&nbsp;:<\/span> le d\u00e9tenteur d\u2019une police d\u2019assurance.<\/strong><\/p> \r\n<p class=\"display-4\"><i>L\u2019agent a demand\u00e9 de parler avec le <strong>titulaire de la police<\/strong>.<\/i><\/p>      \r\n\t\t\t\t<\/div>\r\n\r\n\t\t\t\t<div class=\"col-lg-3 offset-lg-1\">          \r\n\t\t\t\t\t<p class=\"mb-2 display-4 pt-4 pt-lg-0 pt-mb-0\"><strong>Th\u00e8mes<\/strong><\/p>\r\n\t\t\t\t\t<ul class=\"list-unstyled link-list display-4\">\r\n\t\t\t\t\t\t<li><a href='#policyholder'>Qu\u2019est-ce qu\u2019un titulaire de police?<\/a><\/li>\r\n\t\t\t\t\t\t<li><a href='#insured'>Titulaire de police vs assur\u00e9<\/a><\/li>\r\n\t\t\t\t\t<\/ul>\r\n\t\t\t\t<\/div>\r\n\t\t\t<\/div>  \r\n\t\t<\/div>\r\n\t<\/div>\r\n\t<div class=\"bg-bottom\"><\/div>\r\n<\/section>\r\n\r\n<section>\r\n    <div class=\"container-fluid py-6\">\r\n        <div class=\"row\">\r\n            <div class=\"col-12 col-lg-8\">\r\n                <div class=\"row pb-6\">\r\n                    <div class=\"col-12\">\r\n                        <div class=\"card review\" style='background-color:#FFE0C9'>\r\n                            <div class=\"card-body\">\r\n                                <p class=\"h3\">L\u2019essentiel<\/p>\r\n                                <ul class='mb-0'>\r\n\t\t\t\t\t<li>Un titulaire de police d\u2019assurance habitation ou auto est la personne qui souscrit une police d\u2019assurance. Cette personne s\u2019appelle \u00e9galement assur\u00e9 d\u00e9sign\u00e9.<\/li>\r\n\t\t\t\t\t<li>Le titulaire de police est la seule personne qui a le droit de modifier ou de r\u00e9silier une police d\u2019assurance, quoique d\u2019autres personnes puissent \u00eatre admissibles \u00e0 la couverture offerte dans le cadre de la police.<\/li>\r\n                                <\/ul>\r\n                            <\/div>\r\n                        <\/div>\r\n                    <\/div>\r\n                <\/div>\r\n\r\n\t\t\t\t<h2 id=\"policyholder\">Qu\u2019est-ce qu\u2019un titulaire de police?<\/h2>\r\n\t\t\t\t<p>Titulaire de police est une autre fa\u00e7on de dire \u00ab&nbsp;d\u00e9tenteur de police&nbps;\u00bb. Si vous souscrivez une <a href='\/fr\/centres-ressources\/lexique-assurance\/police' title='D\u00e9finition : police'>police<\/a> d\u2019assurance en votre nom dans le but d\u2019assurer vos possessions, vous \u00eates le d\u00e9tenteur, ou titulaire, de cette police.<\/p> \r\n\t\t\t\t<p>Un titulaire de police est l\u2019\u00e9quivalent d\u2019un <a href='\/fr\/centres-ressources\/lexique-assurance\/assure-designe' title='D\u00e9finition : assur\u00e9 d\u00e9sign\u00e9'>assur\u00e9 d\u00e9sign\u00e9<\/a>.<\/p> \r\n\t\t\t\t<p>Voici une d\u00e9finition plus d\u00e9taill\u00e9e de titulaire de police&nbsp;:<\/p>\r\n\t\t\t\t<p>Le titulaire de police est la personne qui souscrit la police et qui re\u00e7oit tous les avantages d\u00e9crits dans la police. Le titulaire a le droit de modifier ou de r\u00e9silier la police. Il a \u00e9galement la possibilit\u00e9 de d\u00e9signer d\u2019autres assur\u00e9s dans la police. Ceux-ci seraient admissibles \u00e0 la couverture propos\u00e9e par la police.<\/p>\r\n\r\n\r\n\r\n\r\n\t\t\t\t<h2 id=\"insured\">Quelle est la diff\u00e9rence entre un titulaire de police et un assur\u00e9?<\/h2>\r\n\t\t\t\t<p>Pour l\u2019assurance habitation ou auto, le titulaire de police est \u00e9galement le d\u00e9tenteur de la police, ou l\u2019assur\u00e9 d\u00e9sign\u00e9. Celui-ci b\u00e9n\u00e9ficie de tous les avantages de la police. Dans le cadre de l\u2019assurance habitation, cela signifie que le titulaire de police est le propri\u00e9taire occupant de l\u2019habitation assur\u00e9e (ou le signataire du contrat de bail dans le cas de l\u2019assurance locataire).<\/p>\r\n\t\t\t\t<p class=\"mb-0\">Un assur\u00e9, en revanche, est quelqu\u2019un admissible \u00e0 la couverture en vertu de la police&nbsp;:<\/p>\r\n\r\n\r\n\t\t\t\t<div class=\"row py-6\">\r\n\t\t\t\t\t<div class=\"col-12\">\r\n\t\t\t\t\t\t<div class=\"card review\" style='background-color:#B5E0EB'>\r\n\t\t\t\t\t\t\t<div class=\"card-body\">\r\n\t\t\t\t\t\t\t\t<p class=\"display-4\"><strong>Exemple<\/strong><\/p>\r\n\t\t\t\t\t\t\t\t<p><i>Cassandre souscrit une police d\u2019assurance pour sa maison neuve. Elle est propri\u00e9taire occupant de la maison. \u00c9tant donn\u00e9 que ce fut elle qui a souscrit la police d\u2019assurance, elle est le titulaire de la police ainsi qu\u2019un assur\u00e9. Selon les conditions de son contrat d\u2019assurance, son \u00e9poux et ses d\u00e9pendants sont \u00e9galement admissibles \u00e0 la couverture propos\u00e9e par la police. Par cons\u00e9quent, son conjoint et sa fille sont \u00e9galement des assur\u00e9s. Par contre, ceux-ci ne sont pas titulaires de police, car leurs noms ne figurent pas sur le contrat d\u2019assurance.<\/i><\/p>\r\n\t\t\t\t\t\t\t<\/div>\r\n\t\t\t\t\t\t<\/div>\r\n\t\t\t\t\t<\/div>\r\n\t\t\t\t<\/div>\r\n\r\n\t\t\t\t<p><strong>Vous recherchez une d\u00e9finition en assurance?<\/strong> Consultez notre <a href=\"\/fr\/centres-ressources\/lexique-assurance\" title=\"Centre de ressources : lexique de l'assurance\">Centre de ressources&nbsp;: lexique de l\u2019assurance<\/a> pour acc\u00e9der \u00e0 des d\u00e9finitions faciles \u00e0 comprendre des termes les plus courants de l'assurance. Ensuite, <a href=\"\/fr\/soumission-assurance-habitation-en-ligne\" title=\"Obtenir une soumission d\u2019assurance habitation en ligne\">obtenez une soumission d'assurance habitation en ligne<\/a> en moins de 5\u00a0minutes et d\u00e9couvrez \u00e0 quel point l\u2019assurance habitation personnalis\u00e9e peut \u00eatre abordable.<\/p>\r\n\r\n\t\t\t\t<div class=\"row py-3\">\r\n<div class=\"col-12\">\r\n<div class=\"card review\" style=\"box-shadow: 0 2px 4px rgba(0,0,0,0.07);background-color:#f4f4f4;\">\r\n<div class=\"card-body\">\r\n\t<p class=\"text-primary h4\">\u00c0 propos de l\u2019expert&nbsp;: Daniel Mirkovic<\/p>\r\n\t<p>Cofondateur de Square One comptant plus de 25&nbsp;ans dans le secteur de l\u2019assurance, Daniel \u00e9tait vice-pr\u00e9sident des services d\u2019assurance et de voyage de la British Columbia Automobile Association (BCAA). Daniel est titulaire d'un baccalaur\u00e9at \u00e8s commerce et d'une ma\u00eetrise \u00e8s administration des affaires, tous deux obtenus \u00e0 la Sauder School of Business de l'universit\u00e9 de la Colombie-Britannique. Daniel est muni de la d\u00e9signation CAAC et d\u2019un certificat en assurance de dommages niveau&nbsp;3 en Colombie-Britannique, en Alberta, en Saskatchewan, au Manitoba et en Ontario.<\/p>\r\n<\/div>\r\n<\/div>\r\n<\/div>\r\n<\/div>\r\n\r\n\t\t\t<\/div>\r\n\t\t<\/div>\r\n\t<\/div>\r\n<\/section>\r\n<script type=\"application\/ld+json\">\r\n{\r\n  \"@context\": \"https:\/\/schema.org\",\r\n  \"@graph\": [\r\n    {\r\n      \"@type\": [\"WebPage\", \"DefinedTerm\"],\r\n      \"@id\": \"https:\/\/www.squareone.ca\/fr\/centres-ressources\/lexique-assurance\/titulaire-de-police\",\r\n      \"url\": \"https:\/\/www.squareone.ca\/fr\/centres-ressources\/lexique-assurance\/titulaire-de-police\",\r\n      \"inLanguage\": \"fr-CA\",\r\n      \"isAccessibleForFree\": true,\r\n      \"name\": \"Titulaire de police\",\r\n      \"description\": \"Le d\u00e9tenteur d\u2019une police d\u2019assurance.\",\r\n      \"inDefinedTermSet\": {\r\n        \"@type\": \"DefinedTermSet\",\r\n        \"name\": \"Lexique de l\u2019assurance de Square One\",\r\n        \"url\": \"https:\/\/www.squareone.ca\/fr\/centres-ressources\/lexique-assurance\"\r\n      },\r\n      \"publisher\": {\r\n        \"@id\": \"https:\/\/www.squareone.ca\/fr\"\r\n      },\r\n      \"author\": {\r\n        \"@id\": \"#seamus-mckale\"\r\n      },\r\n      \"reviewedBy\": {\r\n        \"@id\": \"https:\/\/www.squareone.ca\/fr\/a-propos-de-nous\/experts\/daniel-mirkovic\"\r\n      }\r\n    },\r\n    {\r\n      \"@type\": \"InsuranceAgency\",\r\n      \"@id\": \"https:\/\/www.squareone.ca\/fr\",\r\n      \"name\": \"Assurances Square One\",\r\n      \"url\": \"https:\/\/www.squareone.ca\/fr\",\r\n      \"logo\": \"https:\/\/cdn.squareone.ca\/wp-content\/uploads\/2021\/04\/09094743\/square-one-logomark-default-md-1.png\",\r\n      \"address\": {\r\n        \"@type\": \"PostalAddress\",\r\n        \"streetAddress\": \"1410-650 W Georgia St\",\r\n        \"addressLocality\": \"Vancouver\",\r\n        \"addressRegion\": \"BC\",\r\n        \"postalCode\": \"V6B 4N8\",\r\n        \"addressCountry\": \"CA\"\r\n      },\r\n      \"telephone\": \"+1-855-331-6933\",\r\n      \"areaServed\": [\"BC\", \"AB\", \"SK\", \"MB\", \"ON\", \"QC\"],\r\n      \"feesAndCommissionsSpecification\": \"https:\/\/www.squareone.ca\/fr\/transparence\"\r\n    },\r\n    {\r\n      \"@type\": \"Person\",\r\n      \"@id\": \"#seamus-mckale\",\r\n      \"name\": \"Seamus McKale\",\r\n      \"url\": \"https:\/\/www.squareone.ca\/fr\/a-propos-de-nous\/membres-equipe#seamus-mckale\",\r\n      \"description\": \"Seamus a 15 ans d\u2019exp\u00e9rience en marketing, avec sp\u00e9cialisation en publicit\u00e9 multim\u00e9dia, r\u00e9daction technique et contenu sur l\u2019assurance personnelle.\",\r\n      \"jobTitle\": \"Sp\u00e9cialiste de marketing de contenu\",\r\n      \"worksFor\": {\r\n        \"@id\": \"https:\/\/www.squareone.ca\/fr\"\r\n      },\r\n      \"hasCredential\": [\r\n        {\r\n          \"@type\": \"EducationalOccupationalCredential\",\r\n          \"name\": \"Certificat en assurance de dommages de la C.-B., niveau 1\"\r\n        },\r\n        {\r\n          \"@type\": \"EducationalOccupationalCredential\",\r\n          \"name\": \"Certificat en assurance de dommages de l\u2019Ontario\"\r\n        }\r\n      ],\r\n      \"knowsAbout\": [\r\n        \"Marketing\",\r\n        \"Publicit\u00e9 multim\u00e9dia\",\r\n        \"R\u00e9daction technique\",\r\n        \"Assurance des particuliers\"\r\n      ],\r\n      \"sameAs\": [\r\n        \"https:\/\/www.linkedin.com\/in\/seamus-m-83801a2b\/\"\r\n      ]\r\n    },\r\n    {\r\n      \"@type\": \"Person\",\r\n      \"@id\": \"https:\/\/www.squareone.ca\/fr\/a-propos-de-nous\/experts\/daniel-mirkovic\",\r\n      \"name\": \"Daniel Mirkovic\",\r\n      \"url\": \"https:\/\/www.squareone.ca\/fr\/a-propos-de-nous\/experts\/daniel-mirkovic\",\r\n      \"description\": \"Daniel poss\u00e8de de vastes connaissances en assurance, acquises au cours de plus de 25 ans d\u2019exprience dans le secteur.\",\r\n      \"jobTitle\": \"Cofondateur et PDG\",\r\n      \"worksFor\": {\r\n        \"@id\": \"https:\/\/www.squareone.ca\/fr\"\r\n      },\r\n      \"alumniOf\": {\r\n        \"@type\": \"CollegeOrUniversity\",\r\n        \"name\": \"Sauder School of Business at the University of British Columbia\"\r\n      },\r\n      \"hasCredential\": [\r\n        {\r\n          \"@type\": \"EducationalOccupationalCredential\",\r\n          \"name\": \"Courtier d\u2019assurance agr\u00e9\u00e9 du Canada (CAAC)\"\r\n        },\r\n        {\r\n          \"@type\": \"EducationalOccupationalCredential\",\r\n          \"name\": \"Certificat en assurance de dommages, niveau 3 (BC, AB, SK, MB, ON)\"\r\n        }\r\n      ],\r\n      \"knowsAbout\": [\r\n        \"Assurance propri\u00e9taire occupant\",\r\n        \"Assurance locataire\",\r\n        \"Assurance copropri\u00e9taire\",\r\n        \"Assurance auto\",\r\n        \"Assurance automobile de collection\",\r\n        \"Assurance maladie\",\r\n        \"Assurance-vie\",\r\n        \"L\u2019assurance invalidit\u00e9 de longue dur\u00e9e\",\r\n        \"Assurance v\u00e9t\u00e9rinaire\",\r\n        \"Assurance-voyage\",\r\n        \"Planification d\u2019affaires et strat\u00e9gique\",\r\n        \"Publicit\u00e9 s'adressant directement aux consommateurs\",\r\n        \"D\u00e9veloppement des produits\",\r\n        \"Conception de l\u2019exp\u00e9rience des utilisateurs\"\r\n      ],\r\n      \"sameAs\": [\r\n        \"https:\/\/www.linkedin.com\/in\/danielmirkovic\"\r\n      ]\r\n    },\r\n    {\r\n      \"@type\": \"FAQPage\",\r\n      \"mainEntity\": [\r\n        {\r\n          \"@type\": \"Question\",\r\n          \"name\": \"Qu\u2019est-ce qu\u2019un titulaire de police?\",\r\n          \"acceptedAnswer\": {\r\n            \"@type\": \"Answer\",\r\n            \"text\": \"Titulaire de police est une autre fa\u00e7on de dire \u00ab&nbsp;d\u00e9tenteur de police&nbps.\u201d Si vous souscrivez une police d\u2019assurance en votre nom dans le but d\u2019assurer vos possessions, vous \u00eates le d\u00e9tenteur, ou le titulaire de la police.\"\r\n          }\r\n        },\r\n        {\r\n          \"@type\": \"Question\",\r\n          \"name\": \"Quelle est la diff\u00e9rence entre un titulaire de police et un assur\u00e9?\",\r\n          \"acceptedAnswer\": {\r\n            \"@type\": \"Answer\",\r\n            \"text\": \"Le titulaire de police est \u00e9galement le d\u00e9tenteur de la police, ou l\u2019assur\u00e9 d\u00e9sign\u00e9. Celui-ci b\u00e9n\u00e9ficie de tous les avantages de la police. Un assur\u00e9, en revanche, est quelqu\u2019un admissible \u00e0 la couverture en vertu de la police.\"\r\n          }\r\n        }\r\n      ]\r\n    }\r\n  ]\r\n}\r\n<\/script>\r\n","protected":false},"excerpt":{"rendered":"<p>Titulaire de police Article \u00e9valu\u00e9 par Daniel Mirkovic Nom tit-u-laire-de-po-lice | tityl\u025b\u0281 d\u0259 p\u0254lis D\u00e9finition&nbsp;: le d\u00e9tenteur d\u2019une police d\u2019assurance. L\u2019agent a demand\u00e9 de parler avec le titulaire de la police. Th\u00e8mes Qu\u2019est-ce qu\u2019un titulaire de police? Titulaire de police vs assur\u00e9 L\u2019essentiel Un titulaire de police d\u2019assurance habitation ou auto est la personne qui [&hellip;]<\/p>\n","protected":false},"author":11,"featured_media":0,"parent":53157,"menu_order":0,"comment_status":"closed","ping_status":"closed","template":"page-article-new.php","meta":{"_acf_changed":false,"footnotes":""},"class_list":["post-57338","page","type-page","status-publish","hentry"],"acf":[],"_links":{"self":[{"href":"https:\/\/www.squareone.ca\/fr\/wp-json\/wp\/v2\/pages\/57338","targetHints":{"allow":["GET"]}}],"collection":[{"href":"https:\/\/www.squareone.ca\/fr\/wp-json\/wp\/v2\/pages"}],"about":[{"href":"https:\/\/www.squareone.ca\/fr\/wp-json\/wp\/v2\/types\/page"}],"author":[{"embeddable":true,"href":"https:\/\/www.squareone.ca\/fr\/wp-json\/wp\/v2\/users\/11"}],"replies":[{"embeddable":true,"href":"https:\/\/www.squareone.ca\/fr\/wp-json\/wp\/v2\/comments?post=57338"}],"version-history":[{"count":13,"href":"https:\/\/www.squareone.ca\/fr\/wp-json\/wp\/v2\/pages\/57338\/revisions"}],"predecessor-version":[{"id":77547,"href":"https:\/\/www.squareone.ca\/fr\/wp-json\/wp\/v2\/pages\/57338\/revisions\/77547"}],"up":[{"embeddable":true,"href":"https:\/\/www.squareone.ca\/fr\/wp-json\/wp\/v2\/pages\/53157"}],"wp:attachment":[{"href":"https:\/\/www.squareone.ca\/fr\/wp-json\/wp\/v2\/media?parent=57338"}],"curies":[{"name":"wp","href":"https:\/\/api.w.org\/{rel}","templated":true}]}}