{"id":57365,"date":"2022-05-04T13:43:04","date_gmt":"2022-05-04T20:43:04","guid":{"rendered":"https:\/\/www.squareone.ca\/soutien\/bases-assurance-conseils\/lexique-assurance\/definition-assure-designe"},"modified":"2025-12-19T09:27:03","modified_gmt":"2025-12-19T17:27:03","slug":"definition-assure-designe","status":"publish","type":"page","link":"https:\/\/www.squareone.ca\/fr\/centres-ressources\/lexique-assurance\/assure-designe","title":{"rendered":"D\u00e9finition : assur\u00e9 d\u00e9sign\u00e9"},"content":{"rendered":"<section id='intro' class=\"bg-shape-split bg-sub-page-hero\">\r\n\t<div class=\"bg-position\">\r\n\t\t<div class=\"container-fluid\">\r\n\t\t\t<div class=\"row align-items-center\">\r\n\t\t\t\t<div class=\"col-12 col-lg-8\">                \r\n\t\t\t\t\t<h1>Assur\u00e9 d\u00e9sign\u00e9<\/h1>\r\n\t\t\t\t\t<strong>Article r\u00e9dig\u00e9 par <a href=\"\/fr\/a-propos-de-nous\/contributeurs#seamus-mckale\" title=\"Auteur : Seamus McKale\">Seamus McKale<\/a><\/strong>\r\n                                        <p class=\"pb-3\"><strong>Article \u00e9valu\u00e9 par <a href=\"\/fr\/a-propos-de-nous\/experts\/daniel-mirkovic\" title=\"Expert : Daniel Mirkovic\">Daniel Mirkovic<\/a><\/strong><\/p> \r\n\t\t\t\t\t<p class=\"pb-4\" style=\"margin-top:-24px\">Mis \u00e0 jour le 6 novembre 2025<\/p>\r\n\t\t\t\t<\/div>\r\n\t\t\t<\/div>\r\n\r\n\t\t\t<div class=\"row\">\r\n\t\t\t\t<div class=\"col-lg-8\">\r\n\t\t\t\t\t<p class='mb-0'>Nom<\/p>\r\n\t\t\t\t\t<p>ass-u-r\u00e9 d\u00e9s-i-gn\u00e9 | asy\u0281e dezi\u0272e<\/p>\r\n\t\t\t\t\t<p class=\"display-4\"><strong><span class='text-orange'>Definition\u00a0:<\/span> la personne ou l\u2019organisation d\u00e9sign\u00e9e nomm\u00e9ment sur une police d\u2019assurance et admissible \u00e0 la couverture de la police.<\/strong><\/p>\r\n\t\t\t\t\t<p class=\"display-4\"><i>Seul <strong>l\u2019assur\u00e9 d\u00e9sign\u00e9<\/strong> a le droit de modifier la pr\u00e9sente police.<\/i><\/p>                   \r\n\t\t\t\t<\/div>\r\n\r\n\t\t\t\t<div class=\"col-lg-3 offset-lg-1\">          \r\n\t\t\t\t\t<p class=\"mb-2 display-4 pt-4 pt-lg-0 pt-mb-0\"><strong>Th\u00e8mes<\/strong><\/p>\r\n\t\t\t\t\t<ul class=\"list-unstyled link-list display-4\">\r\n\t\t\t\t\t\t<li><a href='#What-is-it'>Qu\u2019est-ce qu\u2019un assur\u00e9 d\u00e9sign\u00e9?<\/a><\/li>\r\n\t\t\t\t\t\t<li><a href='#Named-additional'>Assur\u00e9 d\u00e9sign\u00e9 vs assur\u00e9 suppl\u00e9mentaire<\/a><\/li>\r\n\t\t\t\t\t<\/ul>\r\n\t\t\t\t<\/div>\r\n\t\t\t<\/div>  \r\n\t\t<\/div>\r\n\t<\/div>\r\n\t<div class=\"bg-bottom\"><\/div>\r\n<\/section>\r\n\r\n<section>\r\n    <div class=\"container-fluid py-6\">\r\n        <div class=\"row\">\r\n            <div class=\"col-12 col-lg-8\">\r\n                <div class=\"row pb-6\">\r\n                    <div class=\"col-12\">\r\n                        <div class=\"card review\" style='background-color:#FFE0C9'>\r\n                            <div class=\"card-body\">\r\n                                <p class=\"h3\">L\u2019essentiel<\/p>\r\n                                <ul class='mb-0'>\r\n\t\t\t\t\t<li><p>L\u2019assur\u00e9 d\u00e9sign\u00e9 est express\u00e9ment nomm\u00e9 dans le cadre de la police d\u2019assurance. Celui-ci est le seul assur\u00e9 ayant le droit de modifier ou de r\u00e9silier la police.<\/p><\/li>\r\n\t\t\t\t\t<li><p>D\u2019habitude, l\u2019assur\u00e9 d\u00e9sign\u00e9 est le seul assur\u00e9 admissible aux couvertures de chaque article de la police d\u2019assurance.<\/p><\/li>\r\n\t\t\t\t\t<li><p>La plupart des polices d\u2019assurance offrent une couverture \u00e0 certains types de personnes qui ne sont pas express\u00e9ment d\u00e9sign\u00e9s dans le libell\u00e9 de la police; on les appelle \u00ab\u00a0assur\u00e9s\u00a0\u00bb tout simplement.<\/p><\/li>\r\n                                <\/ul>\r\n                            <\/div>\r\n                        <\/div>\r\n                    <\/div>\r\n                <\/div>\r\n\r\n\t\t\t\t<h2 id=\"What-is-it\">Qu\u2019est-ce qu\u2019un assur\u00e9 d\u00e9sign\u00e9 dans le cadre d\u2019une police d\u2019assurance habitation?<\/h2>\r\n\t\t\t\t\r\n\t\t\t\t<p>Un <a href=\"\/fr\/centres-ressources\/lexique-assurance\/assure\" title=\"D\u00e9finition : assur\u00e9\">assur\u00e9<\/a> est toute personne couverte en vertu d\u2019une police d\u2019assurance. Un assur\u00e9 d\u00e9sign\u00e9 est l\u2019assur\u00e9 nomm\u00e9 express\u00e9ment par la police. Autrement dit, l\u2019assur\u00e9 d\u00e9sign\u00e9 est le d\u00e9tenteur d\u2019une police d\u2019assurance\u00a0: c\u2019est celui qui la souscrit, qui choisit les couvertures et qui a le droit de la modifier ou de la r\u00e9silier.<\/p>\r\n\t\t\t\t\r\n\t\t\t\t<p>Toutefois, la plupart des polices d\u2019assurance couvrent \u00e9galement certaines personnes dont les noms ne figurent pas dans la police. Au lieu de les d\u00e9signer, la police les d\u00e9crit\u00a0: l\u2019\u00e9poux de l\u2019assur\u00e9 d\u00e9sign\u00e9, les personnes \u00e0 charge de l\u2019assur\u00e9 d\u00e9sign\u00e9 et ainsi de suite.<\/p>\r\n\t\t\t\t\r\n\t\t\t\t<p class=\"mb-0\">Ces personnes non d\u00e9sign\u00e9es s\u2019appellent \u00ab\u00a0assur\u00e9s&nbsp;\u00bb tout simplement. Elles sont admissibles \u00e0 certaines couvertures en vertu de la police, mais elles n\u2019ont pas le droit de la modifier. En outre, elles n\u2019ont pas forc\u00e9ment de couverture dans chaque partie de la police. G\u00e9n\u00e9ralement, seul l\u2019assur\u00e9 d\u00e9sign\u00e9 est admissible \u00e0 toutes les couvertures de la police. Les assur\u00e9s suppl\u00e9mentaires pourraient \u00eatre admissibles \u00e0 des couvertures dans certains articles de la police, mais pas dans d\u2019autres\u00a0:<\/p>\r\n\t\t\t\t\r\n\t\t\t\t<div class=\"row py-6\">\r\n\t\t\t\t\t<div class=\"col-12\">\r\n\t\t\t\t\t\t<div class=\"card review\" style='background-color:#B5E0EB'>\r\n\t\t\t\t\t\t\t<div class=\"card-body\">\r\n\t\t\t\t\t\t\t\t<p class=\"display-4\"><strong>Exemple<\/strong><\/p>\r\n\t\t\t\t\t\t\t\t<p><i>Rashida est propri\u00e9taire occupante dont la fille vit \u00e0 l\u2019ext\u00e9rieur pendant qu\u2019elle assiste \u00e0 l\u2019universit\u00e9. \u00c0 titre d\u2019assur\u00e9e d\u00e9sign\u00e9e de sa police d\u2019assurance habitation, Rashida est admissible \u00e0 toutes les couvertures de la police\u00a0:: b\u00e2timent, responsabilit\u00e9 civile, biens meubles et frais de subsistance suppl\u00e9mentaires. Coverage E\u00a0\u00bb>liability<\/a>, personal property, and additional living expenses. Les frais de subsistance suppl\u00e9mentaires aident \u00e0 d\u00e9frayer les co\u00fbts engag\u00e9s par Rashida si elle est oblig\u00e9e d\u2019abandonner temporairement son habitation en raison d\u2019incendie, d\u2019inondation ou de tout autre sinistre assur\u00e9.<\/i><\/p>\r\n\r\n\t\t\t\t\t\t\t\t<p><i>Les \u00ab\u00a0personnes \u00e0 charge de l\u2019assur\u00e9 d\u00e9sign\u00e9 pendant qu\u2019elles assistent \u00e0 un c\u00e9gep ou \u00e0 une universit\u00e9\u00a0\u00bb sont admissibles \u00e0 la plupart de ces couvertures. \u00c0 titre de personne \u00e0 charge, la fille de Rashida est admissible \u00e0 la couverture pour ses possessions personnelles pendant son s\u00e9jour universitaire, bien que son nom ne figure pas dans la police.<\/i><\/p>\r\n\r\n\t\t\t\t\t\t\t\t<p><i>Cependant, la police ne comprend pas de couverture pour les <a href=\"\/fr\/centres-ressources\/lexique-assurance\/frais-de-subsistance-supplementaires\" title=\"D\u00e9finition : frais de subsistance suppl\u00e9mentaires\">frais de subsistance suppl\u00e9mentaires<\/a> des personnes \u00e0 charge vivant \u00e0 l\u2019ext\u00e9rieur de la maison. Si l\u2019appartement lou\u00e9 par la fille de Rashida prend feu, la police d\u2019assurance ne couvrira pas les frais engag\u00e9s \u00e0 trouver un nouveau logement.<\/i><\/p>\t\t\t\t\t\t\t\t\t\t\t\t\t\t\t\r\n\t\t\t\t\t\t\t<\/div>\r\n\t\t\t\t\t\t<\/div>\r\n\t\t\t\t\t<\/div>\r\n\t\t\t\t<\/div>\r\n\r\n\t\t\t\t<p>Dans certains cas, il peut y avoir plus d\u2019un assur\u00e9 d\u00e9sign\u00e9 dans une police. Par exemple, il est possible que les deux membres d\u2019un couple souhaitent \u00eatre d\u00e9sign\u00e9s sur la police d\u2019assurance habitation afin de pouvoir effectuer des changements.<\/p>\r\n\r\n\r\n\t\t\t\t<h2 id=\"Named-additional\">Est-ce que assur\u00e9 d\u00e9sign\u00e9 signifie la m\u00eame chose qu\u2019assur\u00e9 suppl\u00e9mentaire?<\/h2>\r\n\t\t\t\t\r\n\t\t\t\t<p>Il existe un autre type d\u2019assur\u00e9\u00a0: l\u2019assur\u00e9 suppl\u00e9mentaire. Nous avons d\u00e9j\u00e0 abord\u00e9 les notions d\u2019assur\u00e9 d\u00e9sign\u00e9 et d\u2019assur\u00e9 non d\u00e9sign\u00e9 dans le cadre d\u2019une police d\u2019assurance. <\/p>\r\n\t\t\t\t\r\n\t\t\t\t<p>Le troisi\u00e8me type d\u2019assur\u00e9 est l\u2019assur\u00e9 suppl\u00e9mentaire.<\/p>\r\n\t\t\t\t\r\n\t\t\t\t<p>\u00c9trangement, les polices d\u2019assurance d\u00e9signent \u00e9galement des assur\u00e9s suppl\u00e9mentaires. Normalement, un assur\u00e9 suppl\u00e9mentaire n\u2019est pas admissible \u00e0 toute la couverture de la police et n\u2019a pas le droit de modifier ou de r\u00e9silier la police.<\/p>\r\n\t\t\t\t\r\n\t\t\t\t<p>D\u2019habitude, les assur\u00e9s suppl\u00e9mentaires sont des propri\u00e9taires partiels d\u2019une propri\u00e9t\u00e9 assur\u00e9e. Par exemple, un pr\u00eateur hypoth\u00e9caire demandera au propri\u00e9taire occupant de le d\u00e9signer \u00e0 titre d\u2019assur\u00e9 suppl\u00e9mentaire dans le cadre d\u2019une police d\u2019assurance habitation. N\u2019oubliez pas que le pr\u00eateur hypoth\u00e9caire a un int\u00e9r\u00eat financier dans l\u2019habitation. Celui-ci ne peut pas modifier la police, mais il recevrait sa part du r\u00e8glement si l\u2019habitation \u00e9tait compl\u00e8tement d\u00e9truite. Le pr\u00eateur hypoth\u00e9caire serait \u00e9galement inform\u00e9 si l\u2019assur\u00e9 d\u00e9sign\u00e9 ou la compagnie d\u2019assurance r\u00e9silie la police.<\/p>\r\n\t\t\t\t\r\n\t\t\t\t<p><strong>Vous recherchez une d\u00e9finition en assurance?<\/strong> Consultez notre <a href=\"\/fr\/centres-ressources\/lexique-assurance\" title=\"Centre de ressources : lexique de l'assurance\">Centre de ressources&nbsp;: lexique de l\u2019assurance<\/a> pour acc\u00e9der \u00e0 des d\u00e9finitions faciles \u00e0 comprendre des termes les plus courants de l'assurance. Ensuite, <a href=\"\/fr\/soumission-assurance-habitation-en-ligne\" title=\"Obtenir une soumission d\u2019assurance habitation en ligne\">obtenez une soumission d'assurance habitation en ligne<\/a> en moins de 5\u00a0minutes et d\u00e9couvrez \u00e0 quel point l\u2019assurance habitation personnalis\u00e9e peut \u00eatre abordable.<\/p>\r\n\r\n\t\t\t\t<div class=\"row py-3\">\r\n<div class=\"col-12\">\r\n<div class=\"card review\" style=\"box-shadow: 0 2px 4px rgba(0,0,0,0.07);background-color:#f4f4f4;\">\r\n<div class=\"card-body\">\r\n\t<p class=\"text-primary h4\">\u00c0 propos de l\u2019expert&nbsp;: Daniel Mirkovic<\/p>\r\n\t<p>Cofondateur de Square One comptant plus de 25&nbsp;ans dans le secteur de l\u2019assurance, Daniel \u00e9tait vice-pr\u00e9sident des services d\u2019assurance et de voyage de la British Columbia Automobile Association (BCAA). Daniel est titulaire d'un baccalaur\u00e9at \u00e8s commerce et d'une ma\u00eetrise \u00e8s administration des affaires, tous deux obtenus \u00e0 la Sauder School of Business de l'universit\u00e9 de la Colombie-Britannique. Daniel est muni de la d\u00e9signation CAAC et d\u2019un certificat en assurance de dommages niveau&nbsp;3 en Colombie-Britannique, en Alberta, en Saskatchewan, au Manitoba et en Ontario.<\/p>\r\n<\/div>\r\n<\/div>\r\n<\/div>\r\n<\/div>\r\n\r\n\t\t\t<\/div>\r\n\t\t<\/div>\r\n\t<\/div>\r\n<\/section>\r\n<script type=\"application\/ld+json\">\r\n{\r\n  \"@context\": \"https:\/\/schema.org\",\r\n  \"@graph\": [\r\n    {\r\n      \"@type\": [\"WebPage\", \"DefinedTerm\"],\r\n      \"@id\": \"https:\/\/www.squareone.ca\/fr\/centres-ressources\/lexique-assurance\/assure-designe\",\r\n      \"url\": \"https:\/\/www.squareone.ca\/fr\/centres-ressources\/lexique-assurance\/assure-designe\",\r\n      \"inLanguage\": \"fr-CA\",\r\n      \"isAccessibleForFree\": true,\r\n      \"name\": \"Assur\u00e9 d\u00e9sign\u00e9\",\r\n      \"description\": \"La personne ou l\u2019organisation d\u00e9sign\u00e9e nomm\u00e9ment sur une police d\u2019assurance et admissible \u00e0 la couverture de la police.\",\r\n      \"inDefinedTermSet\": {\r\n        \"@type\": \"DefinedTermSet\",\r\n        \"name\": \"Lexique de l\u2019assurance de Square One\",\r\n        \"url\": \"https:\/\/www.squareone.ca\/fr\/centres-ressources\/lexique-assurance\"\r\n      },\r\n      \"publisher\": {\r\n        \"@id\": \"https:\/\/www.squareone.ca\/fr\"\r\n      },\r\n      \"author\": {\r\n        \"@id\": \"#seamus-mckale\"\r\n      },\r\n      \"reviewedBy\": {\r\n        \"@id\": \"https:\/\/www.squareone.ca\/fr\/a-propos-de-nous\/experts\/daniel-mirkovic\"\r\n      }\r\n    },\r\n    {\r\n      \"@type\": \"InsuranceAgency\",\r\n      \"@id\": \"https:\/\/www.squareone.ca\/fr\",\r\n      \"name\": \"Assurances Square One\",\r\n      \"url\": \"https:\/\/www.squareone.ca\/fr\",\r\n      \"logo\": \"https:\/\/cdn.squareone.ca\/wp-content\/uploads\/2021\/04\/09094743\/square-one-logomark-default-md-1.png\",\r\n      \"address\": {\r\n        \"@type\": \"PostalAddress\",\r\n        \"streetAddress\": \"1410-650 W Georgia St\",\r\n        \"addressLocality\": \"Vancouver\",\r\n        \"addressRegion\": \"BC\",\r\n        \"postalCode\": \"V6B 4N8\",\r\n        \"addressCountry\": \"CA\"\r\n      },\r\n      \"telephone\": \"+1-855-331-6933\",\r\n      \"areaServed\": [\"BC\", \"AB\", \"SK\", \"MB\", \"ON\", \"QC\"],\r\n      \"feesAndCommissionsSpecification\": \"https:\/\/www.squareone.ca\/fr\/transparence\"\r\n    },\r\n    {\r\n      \"@type\": \"Person\",\r\n      \"@id\": \"#seamus-mckale\",\r\n      \"name\": \"Seamus McKale\",\r\n      \"url\": \"https:\/\/www.squareone.ca\/fr\/a-propos-de-nous\/membres-equipe#seamus-mckale\",\r\n      \"description\": \"Seamus a 15 ans d\u2019exp\u00e9rience en marketing, avec sp\u00e9cialisation en publicit\u00e9 multim\u00e9dia, r\u00e9daction technique et contenu sur l\u2019assurance personnelle.\",\r\n      \"jobTitle\": \"Sp\u00e9cialiste de marketing de contenu\",\r\n      \"worksFor\": {\r\n        \"@id\": \"https:\/\/www.squareone.ca\/fr\"\r\n      },\r\n      \"hasCredential\": [\r\n        {\r\n          \"@type\": \"EducationalOccupationalCredential\",\r\n          \"name\": \"Certificat en assurance de dommages de la C.-B., niveau 1\"\r\n        },\r\n        {\r\n          \"@type\": \"EducationalOccupationalCredential\",\r\n          \"name\": \"Certificat en assurance de dommages de l\u2019Ontario\"\r\n        }\r\n      ],\r\n      \"knowsAbout\": [\r\n        \"Marketing\",\r\n        \"Publicit\u00e9 multim\u00e9dia\",\r\n        \"R\u00e9daction technique\",\r\n        \"Assurance des particuliers\"\r\n      ],\r\n      \"sameAs\": [\r\n        \"https:\/\/www.linkedin.com\/in\/seamus-m-83801a2b\/\"\r\n      ]\r\n    },\r\n    {\r\n      \"@type\": \"Person\",\r\n      \"@id\": \"https:\/\/www.squareone.ca\/fr\/a-propos-de-nous\/experts\/daniel-mirkovic\",\r\n      \"name\": \"Daniel Mirkovic\",\r\n      \"url\": \"https:\/\/www.squareone.ca\/fr\/a-propos-de-nous\/experts\/daniel-mirkovic\",\r\n      \"description\": \"Daniel poss\u00e8de de vastes connaissances en assurance, acquises au cours de plus de 25 ans d\u2019exprience dans le secteur.\",\r\n      \"jobTitle\": \"Cofondateur et PDG\",\r\n      \"worksFor\": {\r\n        \"@id\": \"https:\/\/www.squareone.ca\/fr\"\r\n      },\r\n      \"alumniOf\": {\r\n        \"@type\": \"CollegeOrUniversity\",\r\n        \"name\": \"Sauder School of Business at the University of British Columbia\"\r\n      },\r\n      \"hasCredential\": [\r\n        {\r\n          \"@type\": \"EducationalOccupationalCredential\",\r\n          \"name\": \"Courtier d\u2019assurance agr\u00e9\u00e9 du Canada (CAAC)\"\r\n        },\r\n        {\r\n          \"@type\": \"EducationalOccupationalCredential\",\r\n          \"name\": \"Certificat en assurance de dommages, niveau 3 (BC, AB, SK, MB, ON)\"\r\n        }\r\n      ],\r\n      \"knowsAbout\": [\r\n        \"Assurance propri\u00e9taire occupant\",\r\n        \"Assurance locataire\",\r\n        \"Assurance copropri\u00e9taire\",\r\n        \"Assurance auto\",\r\n        \"Assurance automobile de collection\",\r\n        \"Assurance maladie\",\r\n        \"Assurance-vie\",\r\n        \"L\u2019assurance invalidit\u00e9 de longue dur\u00e9e\",\r\n        \"Assurance v\u00e9t\u00e9rinaire\",\r\n        \"Assurance-voyage\",\r\n        \"Planification d\u2019affaires et strat\u00e9gique\",\r\n        \"Publicit\u00e9 s'adressant directement aux consommateurs\",\r\n        \"D\u00e9veloppement des produits\",\r\n        \"Conception de l\u2019exp\u00e9rience des utilisateurs\"\r\n      ],\r\n      \"sameAs\": [\r\n        \"https:\/\/www.linkedin.com\/in\/danielmirkovic\"\r\n      ]\r\n    },\r\n    {\r\n      \"@type\": \"FAQPage\",\r\n      \"mainEntity\": [\r\n        {\r\n          \"@type\": \"Question\",\r\n          \"name\": \"Qu\u2019est-ce qu\u2019un assur\u00e9 d\u00e9sign\u00e9 dans le cadre d\u2019une police d\u2019assurance habitation?\",\r\n          \"acceptedAnswer\": {\r\n            \"@type\": \"Answer\",\r\n            \"text\": \"Un assur\u00e9 est toute personne couverte en vertu d\u2019une police d\u2019assurance. Un assur\u00e9 d\u00e9sign\u00e9 est l\u2019assur\u00e9 nomm\u00e9 express\u00e9ment par la police. Autrement dit, l\u2019assur\u00e9 d\u00e9sign\u00e9 est le d\u00e9tenteur d\u2019une police d\u2019assurance\u00a0: c\u2019est celui qui la souscrit, qui choisit les couvertures et qui a le droit de la modifier ou de la r\u00e9silier.\"\r\n          }\r\n        },\r\n        {\r\n          \"@type\": \"Question\",\r\n          \"name\": \"Est-ce que assur\u00e9 d\u00e9sign\u00e9 signifie la m\u00eame chose qu\u2019assur\u00e9 suppl\u00e9mentaire?\",\r\n          \"acceptedAnswer\": {\r\n            \"@type\": \"Answer\",\r\n            \"text\": \"\u00c9trangement, les polices d\u2019assurance d\u00e9signent \u00e9galement des assur\u00e9s suppl\u00e9mentaires. Normalement, un assur\u00e9 suppl\u00e9mentaire n\u2019est pas admissible \u00e0 toute la couverture de la police et n\u2019a pas le droit de modifier ou de r\u00e9silier la police. D\u2019habitude, les assur\u00e9s suppl\u00e9mentaires sont des propri\u00e9taires partiels d\u2019une propri\u00e9t\u00e9 assur\u00e9e. Par exemple, un pr\u00eateur hypoth\u00e9caire demandera au propri\u00e9taire occupant de le d\u00e9signer \u00e0 titre d\u2019assur\u00e9 suppl\u00e9mentaire dans le cadre de la police d\u2019assurance habitation. N\u2019oubliez pas que le pr\u00eateur hypoth\u00e9caire a un int\u00e9r\u00eat financier dans l\u2019habitation. Celui-ci ne peut pas modifier la police, mais il recevra sa part du r\u00e8glement si l\u2019habitation \u00e9tait compl\u00e8tement d\u00e9truite. Le pr\u00eateur hypoth\u00e9caire serait \u00e9galement inform\u00e9 si l\u2019assur\u00e9 d\u00e9sign\u00e9 ou la compagnie d\u2019assurance r\u00e9silie la police.\"\r\n          }\r\n        }\r\n      ]\r\n    }\r\n  ]\r\n}\r\n<\/script>\r\n","protected":false},"excerpt":{"rendered":"<p>Assur\u00e9 d\u00e9sign\u00e9 Article \u00e9valu\u00e9 par Daniel Mirkovic Nom ass-u-r\u00e9 d\u00e9s-i-gn\u00e9 | asy\u0281e dezi\u0272e Definition\u00a0: la personne ou l\u2019organisation d\u00e9sign\u00e9e nomm\u00e9ment sur une police d\u2019assurance et admissible \u00e0 la couverture de la police. Seul l\u2019assur\u00e9 d\u00e9sign\u00e9 a le droit de modifier la pr\u00e9sente police. Th\u00e8mes Qu\u2019est-ce qu\u2019un assur\u00e9 d\u00e9sign\u00e9? Assur\u00e9 d\u00e9sign\u00e9 vs assur\u00e9 suppl\u00e9mentaire L\u2019essentiel L\u2019assur\u00e9 [&hellip;]<\/p>\n","protected":false},"author":2,"featured_media":0,"parent":53157,"menu_order":0,"comment_status":"closed","ping_status":"closed","template":"page-article-new.php","meta":{"_acf_changed":false,"footnotes":""},"class_list":["post-57365","page","type-page","status-publish","hentry"],"acf":[],"_links":{"self":[{"href":"https:\/\/www.squareone.ca\/fr\/wp-json\/wp\/v2\/pages\/57365","targetHints":{"allow":["GET"]}}],"collection":[{"href":"https:\/\/www.squareone.ca\/fr\/wp-json\/wp\/v2\/pages"}],"about":[{"href":"https:\/\/www.squareone.ca\/fr\/wp-json\/wp\/v2\/types\/page"}],"author":[{"embeddable":true,"href":"https:\/\/www.squareone.ca\/fr\/wp-json\/wp\/v2\/users\/2"}],"replies":[{"embeddable":true,"href":"https:\/\/www.squareone.ca\/fr\/wp-json\/wp\/v2\/comments?post=57365"}],"version-history":[{"count":17,"href":"https:\/\/www.squareone.ca\/fr\/wp-json\/wp\/v2\/pages\/57365\/revisions"}],"predecessor-version":[{"id":77827,"href":"https:\/\/www.squareone.ca\/fr\/wp-json\/wp\/v2\/pages\/57365\/revisions\/77827"}],"up":[{"embeddable":true,"href":"https:\/\/www.squareone.ca\/fr\/wp-json\/wp\/v2\/pages\/53157"}],"wp:attachment":[{"href":"https:\/\/www.squareone.ca\/fr\/wp-json\/wp\/v2\/media?parent=57365"}],"curies":[{"name":"wp","href":"https:\/\/api.w.org\/{rel}","templated":true}]}}