{"id":57640,"date":"2022-05-11T16:12:36","date_gmt":"2022-05-11T23:12:36","guid":{"rendered":"https:\/\/www.squareone.ca\/soutien\/bases-assurance-conseils\/lexique-assurance\/definition-souscription"},"modified":"2025-09-24T11:53:59","modified_gmt":"2025-09-24T18:53:59","slug":"definition-souscription","status":"publish","type":"page","link":"https:\/\/www.squareone.ca\/fr\/centres-ressources\/lexique-assurance\/souscription","title":{"rendered":"D\u00e9finition : souscription"},"content":{"rendered":"<section id='intro' class=\"bg-shape-split bg-sub-page-hero\">\r\n\t<div class=\"bg-position\">\r\n\t\t<div class=\"container-fluid\">\r\n\t\t\t<div class=\"row align-items-center\">\r\n\t\t\t\t<div class=\"col-12 col-lg-8\"> \r\n\r\n\t\t\t\t\t<h1>Souscription<\/h1>\r\n\r\n\t\t\t\t\t<strong>Article r\u00e9dig\u00e9 par <a href=\"\/fr\/a-propos-de-nous\/contributeurs#seamus-mckale\" title=\"Auteur : Seamus McKale\">Seamus McKale<\/a><\/strong>\r\n                                        <p class=\"pb-3\"><strong>Article \u00e9valu\u00e9 par <a href=\"\/fr\/a-propos-de-nous\/experts\/daniel-mirkovic\" title=\"Expert : Daniel Mirkovic\">Daniel Mirkovic<\/a><\/strong><\/p> \r\n\r\n\t\t\t\t\t<p class=\"pb-4\" style=\"margin-top:-24px\">Mis \u00e0 jour le 18 ao\u00fbt 2025<\/p>\r\n\t\t\t\t\t\r\n\t\t\t\t<\/div>\r\n\t\t\t<\/div>\r\n\r\n\t\t\t<div class=\"row\">\r\n\t\t\t\t<div class=\"col-lg-8\">\r\n\t\t\t\t\t<p class='mb-0'>Nom<\/p>\r\n\t\t\t\t\t<p>sou-scrip-tion | susk\u0281ipsj\u0254\u0303<\/p>\r\n\t\t\t\t\t<p class=\"display-4\"><strong><span class='text-orange'>D\u00e9finition\u00a0:<\/span> le processus d\u2019analyser et de d\u00e9terminer les risques qu\u2019une compagnie d\u2019assurance acceptera et \u00e0 quel prix.<\/strong><\/p>\r\n\t\t\t\t\t<p class=\"display-4\"><i>La demande d\u2019assurance d\u2019Emma a \u00e9t\u00e9 transf\u00e9r\u00e9e \u00e0 la <strong>souscription<\/strong> en raison du toit vieillissant de sa maison.<\/i><\/p>\r\n\t\t\t\t\t<\/div>\r\n\t\t\t\t\r\n\t\t\t\t<div class=\"col-lg-3 offset-lg-1\">          \r\n\t\t\t\t\t<p class=\"mb-2 display-4 pt-4 pt-lg-0 pt-mb-0\"><strong>Th\u00e8mes<\/strong><\/p>\r\n\t\t\t\t\t<ul class=\"list-unstyled link-list display-4\">\r\n\t\t\t\t\t\t<li><a href='#underwriting'>Qu\u2019est-ce que la souscription en assurance?<\/a><\/li>\r\n\t\t\t\t\t\t<li><a href=\"#how-underwriting-works\">Explication de la souscription<\/a><\/li>\t\r\n\t\t\t\t\t<\/ul>\r\n\t\t\t\t<\/div>\r\n\t\t\t<\/div>  \r\n\t\t<\/div>\r\n\t<\/div>\r\n\t<div class=\"bg-bottom\"><\/div>\r\n<\/section>\r\n\r\n<section>\r\n    <div class=\"container-fluid py-6\">\r\n        <div class=\"row\">\r\n            <div class=\"col-12 col-lg-8\">\r\n                <div class=\"row pb-6\">\r\n                    <div class=\"col-12\">\r\n                        <div class=\"card review\" style='background-color:#FFE0C9'>\r\n                            <div class=\"card-body\">\r\n                                <p class=\"h3\">L\u2019essentiel<\/p>\r\n                                <ul class='mb-0'>\r\n\t\t\t\t\t<li>La souscription est la fonction au sein d\u2019une compagnie d\u2019assurance qui d\u00e9termine les risques que la compagnie acceptera ou non.<\/li>\r\n\t\t\t\t\t<li>Le service de la souscription r\u00e9dige les lignes directrices en ce qui concerne la souscription de l\u2019assureur. Ces lignes directrices \u00e9noncent le type de risque acceptable.<\/li>\r\n\t\t\t\t\t<li>Le cas \u00e9ch\u00e9ant, le souscripteur passe en revue la demande du client pour d\u00e9terminer si la propri\u00e9t\u00e9 du client repr\u00e9sente un risque acceptable pour la compagnie d\u2019assurance.<\/li>\r\n                                <\/ul>\r\n                            <\/div>\r\n                        <\/div>\r\n                    <\/div>\r\n                <\/div>\r\n\r\n\t\t\t\t<h2 id=\"underwriting\">Qu\u2019est-ce que la souscription en assurance?<\/h2>\r\n\r\n\t\t\t\t\t<p>Le service de souscription d\u2019une compagnie d\u2019assurance d\u00e9termine les risques que la compagnie devrait prendre et le <a href='\/fr\/centres-ressources\/lexique-assurance\/prime' title=\"D\u00e9finition : prime\">montant des primes \u00e0 imposer<\/a> pour combler les risques. L\u2019essence d\u2019une compagnie d\u2019assurance, apr\u00e8s tout, est de prendre des risques calcul\u00e9s.<\/p>\r\n\r\n\t\t\t\t\t<p>Chaque police souscrite repr\u00e9sente un nouveau risque pour l\u2019assureur.<\/p>\r\n\r\n\t\t\t\t\t<p>N\u2019oubliez pas que la compagnie d\u2019assurance doit r\u00e9gler toutes les r\u00e9clamations pr\u00e9sent\u00e9es par leurs clients, \u00e0 condition que la r\u00e9clamation soit admissible aux couvertures de la police. C\u2019est \u00e7a la notion de risque\u00a0: si une compagnie d\u2019assurance verse \u00e0 ses clients plus en r\u00e8glements qu\u2019elle ne per\u00e7oit en primes, la compagnie perd de l\u2019argent. Ceci est normal et in\u00e9vitable dans bon nombre de cas; apr\u00e8s tout, l\u2019assurance existe pour aider les clients \u00e0 r\u00e9gler des pertes majeures et inattendues.<\/p>\r\n\r\n\t\t\t\t\t<p>Toutefois, si cela se produit trop souvent, la compagnie serait \u00e9ventuellement \u00e0 court de fonds (en raison d\u2019un mauvais rapport des sinistres aux primes) et ferait faillite. Voici la raison d\u2019\u00eatre de la souscription\u00a0: aider la compagnie \u00e0 prendre les risques appropri\u00e9s et de s\u2019assurer qu\u2019elle per\u00e7oit suffisamment de primes pour couvrir les risques pris.<\/p>\r\n\r\n\t\t\t\t\t<p>Le terme souscripteur signifie le service de souscription au sein d\u2019une compagnie d\u2019assurance, ou une compagnie \u00e0 part.  <a href=\"\/fr\/centres-ressources\/lexique-assurance\/souscripteur\" title=\"D\u00e9finition : souscripteur\">Souscripteur<\/a> peut \u00e9galement signifier quelqu\u2019un qui travaille au sein d\u2019un service de souscription. Le souscripteur d\u2019une police est la compagnie qui accepte le risque et qui r\u00e8gle les r\u00e9clamations. Par exemple, la Compagnie mutuelle d\u2019assurance incendie de la Colombie-Britannique souscrit les polices d\u2019assurance habitation vendues par Assurances Square One, alors que la Zurich Compagnie d\u2019Assurances SA souscrit les polices d\u2019assurance auto. Bon nombre de compagnies d\u2019assurance d\u2019envergure souscrivent leurs propres polices.<\/p>\r\n\r\n\t\t\t\t<h2 id=\"how-underwriting-works\">Comment fonctionne-t-elle la souscription en assurance?<\/h2>\r\n\r\n\t\t\t\t\t<p>Le service de souscription d\u00e9termine quels risques accepter et quelles primes imposer en \u00e9change des risques. Toutefois, ce service ne prend pas de d\u00e9cisions arbitraires sur chaque soumission d\u2019assurance re\u00e7ue.  \u00c0 la place, les assureurs \u00e9tablissent des <strong> lignes directrices de la souscription<\/strong>. Les lignes directrices de la souscription sont des caract\u00e9ristiques g\u00e9n\u00e9rales qui aident le service de la souscription \u00e0 d\u00e9terminer si les risques sont appropri\u00e9s.<\/p>\r\n\r\n\t\t\t\t\t<p>Pour ce qui est de l\u2019assurance habitation, les lignes directrices de la compagnie d\u2019assurance indiquent les types d\u2019habitation que la compagnie d\u2019assurance voudrait assurer. Les habitations qui respectent les lignes directrices peuvent \u00eatre assur\u00e9es. Chaque fournisseur d\u2019assurance a ses propres lignes directrices pour la souscription. Cependant, il y a quelques facteurs communs qui figurent dans les lignes directrices de presque tous les souscripteurs d\u2019assurance habitation\u00a0:<\/p>\r\n\r\n\t                <ul>\r\n\t                    <li><p><strong>L\u2019\u00e2ge, l\u2019emplacement et la construction de l\u2019habitation assur\u00e9e.<\/strong> un souscripteur pourrait d\u00e9cider que les habitations \u00e2g\u00e9es de plus de 50 \u00e0 60\u00a0ans pr\u00e9sentent trop de risque. Il est possible que leurs lignes directrices excluent les habitations situ\u00e9es dans des zones inondables ou des copropri\u00e9t\u00e9s dans des immeubles qui ont des probl\u00e8mes avec les d\u00e9g\u00e2ts d\u2019eau. Des facteurs comme ceux-ci (et des centaines d\u2019autres) aident les souscripteurs \u00e0 \u00e9viter d\u2019assurer trop d\u2019habitations \u00e0 haut risque de sinistre.<\/p><\/li>\r\n\t                    <li><p><strong>Caract\u00e9ristiques et syst\u00e8mes de l\u2019habitation.<\/strong> Un souscripteur pourrait refuser de souscrire une habitation \u00e9quip\u00e9e de syst\u00e8mes d\u00e9suets, comme le c\u00e2blage sur les boutons et tubes ou les tuyaux en polybutyl\u00e8ne. En outre, les maisons dot\u00e9es de r\u00e9servoirs \u00e0 mazout et de po\u00eales \u00e0 bois pr\u00e9sentent plus de risques et souvent ne respectent pas les lignes directrices de la souscription.<\/p><\/li>\r\n\t                    <li><p><strong>Probl\u00e8mes relativement \u00e0 la responsabilit\u00e9 civile.<\/strong> \u00c9tant donn\u00e9 que les polices d\u2019assurance habitation couvrent <a href='\/fr\/centres-ressources\/lexique-assurance\/responsabilite' title=\"D\u00e9finition : responsabilit\u00e9\">la responsabilit\u00e9 civile et la responsabilit\u00e9 du fait des lieux<\/a>, le souscripteur examine \u00e9galement les aspects qui pourraient donner lieu \u00e0 une poursuite contre le client. Des marches sans balustrades, des vieux balcons avec des planches \u00e0 parquet pourrissantes, ou des races de chien agressives, sont tous des aspects d\u2019une maison qu\u2019un souscripteur pourrait juger trop risqu\u00e9s.<\/p><\/li>\r\n\t                <\/ul>\r\n\r\n\t                <p>Si une habitation ne s\u2019inscrit pas dans le cadre des lignes directrices de la souscription, cela ne signifie pas que la demande d\u2019assurance sera automatiquement refus\u00e9e. \u00c0 la place, la souscription examine la demande et d\u00e9termine si elle veut assurer l\u2019habitation du demandeur. Par exemple, il est possible qu\u2019une compagnie d\u2019assurance n\u2019assure pas les maisons qui se trouvent dans une zone inondable. Toutefois, elle pourrait assurer une propri\u00e9t\u00e9 dans une zone inondable si l\u2019habitation respecte autrement les lignes directrices. L\u2019assureur peut tenir compte du risque d\u2019inondation en imposant une <a href=\"\/fr\/centres-ressources\/lexique-assurance\/franchise\" title=\"D\u00e9finition : franchise\">franchise<\/a> plus \u00e9lev\u00e9e ou en excluant la couverture pour inondation. De cette mani\u00e8re, l\u2019assureur peut toujours offrir une police et gagner un nouveau client.<\/p>\r\n\r\n\t                <p>Ce n\u2019est pas toujours le cas, mais les assureurs pr\u00e9f\u00e8rent g\u00e9n\u00e9ralement avoir plus de clients. La souscription peut souvent accepter des exceptions raisonnables pour b\u00e2tir un plus grand portefeuille d\u2019affaires.<\/p>\r\n\r\n\t\t\t\t\t<p><strong>Vous recherchez une d\u00e9finition en assurance?<\/strong> Consultez notre <a href=\"\/fr\/centres-ressources\/lexique-assurance\" title=\"Centre de ressources : lexique de l'assurance\">Centre de ressources&nbsp;: lexique de l\u2019assurance<\/a> pour acc\u00e9der \u00e0 des d\u00e9finitions faciles \u00e0 comprendre des termes les plus courants de l'assurance. Ensuite, <a href=\"\/fr\/soumission-assurance-habitation-en-ligne\" title=\"Obtenir une soumission d\u2019assurance habitation en ligne\">obtenez une soumission d'assurance habitation en ligne<\/a> en moins de 5\u00a0minutes et d\u00e9couvrez \u00e0 quel point l\u2019assurance habitation personnalis\u00e9e peut \u00eatre abordable.<\/p>\r\n\r\n\t\t\t\t\t<div class=\"row py-3\">\r\n<div class=\"col-12\">\r\n<div class=\"card review\" style=\"box-shadow: 0 2px 4px rgba(0,0,0,0.07);background-color:#f4f4f4;\">\r\n<div class=\"card-body\">\r\n\t<p class=\"text-primary h4\">\u00c0 propos de l\u2019expert&nbsp;: Daniel Mirkovic<\/p>\r\n\t<p>Cofondateur de Square One comptant plus de 25&nbsp;ans dans le secteur de l\u2019assurance, Daniel \u00e9tait vice-pr\u00e9sident des services d\u2019assurance et de voyage de la British Columbia Automobile Association (BCAA). Daniel est titulaire d'un baccalaur\u00e9at \u00e8s commerce et d'une ma\u00eetrise \u00e8s administration des affaires, tous deux obtenus \u00e0 la Sauder School of Business de l'universit\u00e9 de la Colombie-Britannique. Daniel est muni de la d\u00e9signation CAAC et d\u2019un certificat en assurance de dommages niveau&nbsp;3 en Colombie-Britannique, en Alberta, en Saskatchewan, au Manitoba et en Ontario.<\/p>\r\n<\/div>\r\n<\/div>\r\n<\/div>\r\n<\/div>\r\n\r\n\t\t\t<\/div>\r\n\t\t<\/div>\r\n\t<\/div>\r\n<\/section>\r\n<script type=\"application\/ld+json\">\r\n{\r\n  \"@context\": \"https:\/\/schema.org\",\r\n  \"@graph\": [\r\n    {\r\n      \"@type\": [\"WebPage\", \"DefinedTerm\"],\r\n      \"@id\": \"https:\/\/www.squareone.ca\/fr\/centres-ressources\/lexique-assurance\/souscription\",\r\n      \"url\": \"https:\/\/www.squareone.ca\/fr\/centres-ressources\/lexique-assurance\/souscription\",\r\n      \"inLanguage\": \"fr-CA\",\r\n      \"isAccessibleForFree\": true,\r\n      \"name\": \"Souscription\",\r\n      \"description\": \"Le processus d\u2019analyser et de d\u00e9terminer les risques qu\u2019une compagnie d\u2019assurance acceptera et \u00e0 quel prix.\",\r\n      \"inDefinedTermSet\": {\r\n        \"@type\": \"DefinedTermSet\",\r\n        \"name\": \"Lexique de l\u2019assurance de Square One\",\r\n        \"url\": \"https:\/\/www.squareone.ca\/fr\/centres-ressources\/lexique-assurance\"\r\n      },\r\n      \"publisher\": {\r\n        \"@id\": \"https:\/\/www.squareone.ca\/fr\"\r\n      },\r\n      \"author\": {\r\n        \"@id\": \"#seamus-mckale\"\r\n      },\r\n      \"reviewedBy\": {\r\n        \"@id\": \"https:\/\/www.squareone.ca\/fr\/a-propos-de-nous\/experts\/daniel-mirkovic\"\r\n      }\r\n    },\r\n    {\r\n      \"@type\": \"InsuranceAgency\",\r\n      \"@id\": \"https:\/\/www.squareone.ca\/fr\",\r\n      \"name\": \"Assurances Square One\",\r\n      \"url\": \"https:\/\/www.squareone.ca\/fr\",\r\n      \"logo\": \"https:\/\/cdn.squareone.ca\/wp-content\/uploads\/2021\/04\/09094743\/square-one-logomark-default-md-1.png\",\r\n      \"address\": {\r\n        \"@type\": \"PostalAddress\",\r\n        \"streetAddress\": \"1410-650 W Georgia St\",\r\n        \"addressLocality\": \"Vancouver\",\r\n        \"addressRegion\": \"BC\",\r\n        \"postalCode\": \"V6B 4N8\",\r\n        \"addressCountry\": \"CA\"\r\n      },\r\n      \"telephone\": \"+1-855-331-6933\",\r\n      \"areaServed\": [\"BC\", \"AB\", \"SK\", \"MB\", \"ON\", \"QC\"],\r\n      \"feesAndCommissionsSpecification\": \"https:\/\/www.squareone.ca\/fr\/transparence\"\r\n    },\r\n    {\r\n      \"@type\": \"Person\",\r\n      \"@id\": \"#seamus-mckale\",\r\n      \"name\": \"Seamus McKale\",\r\n      \"url\": \"https:\/\/www.squareone.ca\/fr\/a-propos-de-nous\/membres-equipe#seamus-mckale\",\r\n      \"description\": \"Seamus a 15 ans d\u2019exp\u00e9rience en marketing, avec sp\u00e9cialisation en publicit\u00e9 multim\u00e9dia, r\u00e9daction technique et contenu sur l\u2019assurance personnelle.\",\r\n      \"jobTitle\": \"Sp\u00e9cialiste de marketing de contenu\",\r\n      \"worksFor\": {\r\n        \"@id\": \"https:\/\/www.squareone.ca\/fr\"\r\n      },\r\n      \"hasCredential\": [\r\n        {\r\n          \"@type\": \"EducationalOccupationalCredential\",\r\n          \"name\": \"Certificat en assurance de dommages de la C.-B., niveau 1\"\r\n        },\r\n        {\r\n          \"@type\": \"EducationalOccupationalCredential\",\r\n          \"name\": \"Certificat en assurance de dommages de l\u2019Ontario\"\r\n        }\r\n      ],\r\n      \"knowsAbout\": [\r\n        \"Marketing\",\r\n        \"Publicit\u00e9 multim\u00e9dia\",\r\n        \"R\u00e9daction technique\",\r\n        \"Assurance des particuliers\"\r\n      ],\r\n      \"sameAs\": [\r\n        \"https:\/\/www.linkedin.com\/in\/seamus-m-83801a2b\/\"\r\n      ]\r\n    },\r\n    {\r\n      \"@type\": \"Person\",\r\n      \"@id\": \"https:\/\/www.squareone.ca\/fr\/a-propos-de-nous\/experts\/daniel-mirkovic\",\r\n      \"name\": \"Daniel Mirkovic\",\r\n      \"url\": \"https:\/\/www.squareone.ca\/fr\/a-propos-de-nous\/experts\/daniel-mirkovic\",\r\n      \"description\": \"Daniel poss\u00e8de de vastes connaissances en assurance, acquises au cours de plus de 25 ans d\u2019exprience dans le secteur.\",\r\n      \"jobTitle\": \"Cofondateur et PDG\",\r\n      \"worksFor\": {\r\n        \"@id\": \"https:\/\/www.squareone.ca\/fr\"\r\n      },\r\n      \"alumniOf\": {\r\n        \"@type\": \"CollegeOrUniversity\",\r\n        \"name\": \"Sauder School of Business at the University of British Columbia\"\r\n      },\r\n      \"hasCredential\": [\r\n        {\r\n          \"@type\": \"EducationalOccupationalCredential\",\r\n          \"name\": \"Courtier d\u2019assurance agr\u00e9\u00e9 du Canada (CAAC)\"\r\n        },\r\n        {\r\n          \"@type\": \"EducationalOccupationalCredential\",\r\n          \"name\": \"Certificat en assurance de dommages, niveau 3 (BC, AB, SK, MB, ON)\"\r\n        }\r\n      ],\r\n      \"knowsAbout\": [\r\n        \"Assurance propri\u00e9taire occupant\",\r\n        \"Assurance locataire\",\r\n        \"Assurance copropri\u00e9taire\",\r\n        \"Assurance auto\",\r\n        \"Assurance automobile de collection\",\r\n        \"Assurance maladie\",\r\n        \"Assurance-vie\",\r\n        \"L\u2019assurance invalidit\u00e9 de longue dur\u00e9e\",\r\n        \"Assurance v\u00e9t\u00e9rinaire\",\r\n        \"Assurance-voyage\",\r\n        \"Planification d\u2019affaires et strat\u00e9gique\",\r\n        \"Publicit\u00e9 s'adressant directement aux consommateurs\",\r\n        \"D\u00e9veloppement des produits\",\r\n        \"Conception de l\u2019exp\u00e9rience des utilisateurs\"\r\n      ],\r\n      \"sameAs\": [\r\n        \"https:\/\/www.linkedin.com\/in\/danielmirkovic\"\r\n      ]\r\n    },\r\n    {\r\n      \"@type\": \"FAQPage\",\r\n      \"mainEntity\": [\r\n        {\r\n          \"@type\": \"Question\",\r\n          \"name\": \"Qu\u2019est-ce que la souscription?\",\r\n          \"acceptedAnswer\": {\r\n            \"@type\": \"Answer\",\r\n            \"text\": \"Le service de souscription d\u2019une compagnie d\u2019assurance d\u00e9cide quels risques la compagnie devrait prendre et le montant des primes \u00e0 imposer pour combler les risques. N\u2019oubliez pas que la compagnie d\u2019assurance doit r\u00e9gler toutes les r\u00e9clamations pr\u00e9sent\u00e9es par leurs clients, \u00e0 condition que la r\u00e9clamation soit admissible aux couvertures de la police. C\u2019est \u00e7a la notion de risque : si une compagnie d\u2019assurance verse \u00e0 ses clients plus en r\u00e8glements qu\u2019elle ne per\u00e7oit en primes, la compagnie perd de l\u2019argent. Ceci est normal et in\u00e9vitable dans bon nombre de cas; apr\u00e8s tout, l\u2019assurance existe pour aider les clients \u00e0 r\u00e9gler des pertes majeures et inattendues. Toutefois, si cela se produit trop souvent, la compagnie serait \u00e9ventuellement \u00e0 court de fonds (en raison d\u2019un mauvais rapport des sinistres aux primes) et ferait faillite. Voici la raison d\u2019\u00eatre de la souscription : aider la compagnie \u00e0 prendre les risques appropri\u00e9s et s\u2019assurer qu\u2019elle per\u00e7oit suffisamment de primes pour couvrir les risques pris.\"\r\n          }\r\n        },\r\n        {\r\n          \"@type\": \"Question\",\r\n          \"name\": \"Quelles sont les fonctions d\u2019un souscripteur?\",\r\n          \"acceptedAnswer\": {\r\n            \"@type\": \"Answer\",\r\n            \"text\": \"Le souscripteur a plusieurs responsabilit\u00e9s dans le but d\u2019analyser les risques et de s\u2019assurer que la compagnie d\u2019assurance devient rentable. Premi\u00e8rement, il r\u00e9dige les lignes directrices de la souscription de la compagnie. Il s\u2019agit des r\u00e8gles g\u00e9n\u00e9rales que les nouveaux clients doivent respecter pour souscrire une police d'assurance de la part de la compagnie. Pour ce qui est de l\u2019assurance habitation, les lignes directrices de la compagnie d\u2019assurance indiquent les types d\u2019habitation que la compagnie d\u2019assurance voudrait assurer. Les habitations qui respectent les lignes directrices peuvent \u00eatre assur\u00e9es. Chaque fournisseur d\u2019assurance a ses propres lignes directrices pour la souscription. Toutefois, il existe quelques facteurs communs que presque tous les souscripteurs en assurance habitation \u00e9noncent dans leurs lignes directrices : l\u2019\u00e2ge, l\u2019emplacement et le type de construction de l\u2019habitation assur\u00e9e; les fonctionnalit\u00e9s et syst\u00e8mes; les inqui\u00e9tudes en ce qui concerne la responsabilit\u00e9 civile.\"\r\n          }\r\n        }\r\n      ]\r\n    }\r\n  ]\r\n}\r\n<\/script>\r\n","protected":false},"excerpt":{"rendered":"<p>Souscription Article \u00e9valu\u00e9 par Daniel Mirkovic Nom sou-scrip-tion | susk\u0281ipsj\u0254\u0303 D\u00e9finition\u00a0: le processus d\u2019analyser et de d\u00e9terminer les risques qu\u2019une compagnie d\u2019assurance acceptera et \u00e0 quel prix. La demande d\u2019assurance d\u2019Emma a \u00e9t\u00e9 transf\u00e9r\u00e9e \u00e0 la souscription en raison du toit vieillissant de sa maison. Th\u00e8mes Qu\u2019est-ce que la souscription en assurance? Explication de la [&hellip;]<\/p>\n","protected":false},"author":11,"featured_media":0,"parent":53157,"menu_order":0,"comment_status":"closed","ping_status":"closed","template":"page-article-new.php","meta":{"_acf_changed":false,"footnotes":""},"class_list":["post-57640","page","type-page","status-publish","hentry"],"acf":[],"_links":{"self":[{"href":"https:\/\/www.squareone.ca\/fr\/wp-json\/wp\/v2\/pages\/57640","targetHints":{"allow":["GET"]}}],"collection":[{"href":"https:\/\/www.squareone.ca\/fr\/wp-json\/wp\/v2\/pages"}],"about":[{"href":"https:\/\/www.squareone.ca\/fr\/wp-json\/wp\/v2\/types\/page"}],"author":[{"embeddable":true,"href":"https:\/\/www.squareone.ca\/fr\/wp-json\/wp\/v2\/users\/11"}],"replies":[{"embeddable":true,"href":"https:\/\/www.squareone.ca\/fr\/wp-json\/wp\/v2\/comments?post=57640"}],"version-history":[{"count":20,"href":"https:\/\/www.squareone.ca\/fr\/wp-json\/wp\/v2\/pages\/57640\/revisions"}],"predecessor-version":[{"id":76946,"href":"https:\/\/www.squareone.ca\/fr\/wp-json\/wp\/v2\/pages\/57640\/revisions\/76946"}],"up":[{"embeddable":true,"href":"https:\/\/www.squareone.ca\/fr\/wp-json\/wp\/v2\/pages\/53157"}],"wp:attachment":[{"href":"https:\/\/www.squareone.ca\/fr\/wp-json\/wp\/v2\/media?parent=57640"}],"curies":[{"name":"wp","href":"https:\/\/api.w.org\/{rel}","templated":true}]}}