{"id":57735,"date":"2022-05-18T15:49:59","date_gmt":"2022-05-18T22:49:59","guid":{"rendered":"https:\/\/www.squareone.ca\/types-police\/risques-couvertures-facultatives\/couverture-conduite-branchement"},"modified":"2025-01-14T10:01:49","modified_gmt":"2025-01-14T18:01:49","slug":"couverture-conduite-branchement","status":"publish","type":"page","link":"https:\/\/www.squareone.ca\/fr\/habitation\/conduite-branchement","title":{"rendered":"Couverture pour conduite de branchement"},"content":{"rendered":"<section class=\"bg-shape-split bg-sub-page-hero\">\r\n\t<div class=\"bg-position\">\r\n<div class=\"container-fluid\">\r\n\t<h1>Protection pour conduite de branchement<\/h1>\r\n\t<p class=\"display-4\">Les conduites de branchement sont les lignes d\u2019eau, d\u2019\u00e9gout, \u00e9lectriques, de gaz et de t\u00e9l\u00e9communications branch\u00e9es aux services publics. D\u2019habitude, les conduites publiques passent sous la rue ou le trottoir. Les conduites de branchement sont \u00e9galement souterraines et relient votre maison aux services publics.<\/p>\r\n\t<p class=\"display-4\">Les fournisseurs des services publics sont responsables des lignes publiques sous la rue. Toutefois, les conduites de branchement situ\u00e9es sur la propri\u00e9t\u00e9 priv\u00e9e sont l\u2019unique responsabilit\u00e9 du propri\u00e9taire\u00a0: la r\u00e9paration de ces conduites peut \u00eatre co\u00fbteuse.<\/p>\r\n\t<p class=\"display-4\">Pour cette raison, Square One offre une couverture pour conduite de branchement dans le cadre de la plupart de ses polices <a href=\"\/fr\/habitation\" title=\"Assurance habitation\">d\u2019assurance habitation<\/a>. Si votre habitation est admissible, vous pouvez facilement ajouter cette couverture abordable lorsque vous souscrivez une police d\u2019assurance habitation. Cette couverture vous prot\u00e9gera si vos conduites de branchement sont endommag\u00e9es.<\/p>\r\n\t<p class=\"display-4\">Vous trouverez ici certains des renseignements les plus importants au sujet de la protection pour conduite de branchement.<\/p>\r\n\t<\/div>\r\n\t<\/div>\r\n\t<div class=\"bg-bottom\"><\/div>\r\n<\/section>\r\n\r\n<section id=\"body\" class=\"mb-3 xwide-mobile py-6\">\r\n\t<div class=\"container-fluid\">\r\n\r\n\t\t<table width=\"100%\">\r\n\t\t<tbody valign=\"top\">\r\n\t\t<tr>\r\n\t\t<td width=\"28%\">\r\n\t\t<h3>L\u2019assurance habitation couvre-t-elle les conduites de branchement?<\/h3>\r\n\t\t<\/td>\r\n\t\t<td width=\"2%\"><\/td>\r\n\t\t<td class=\"pb-6\">\r\n\t\t<p>La plupart des polices d\u2019assurance habitation, comme les polices de Square One, couvrent les conduites de branchement dans le cadre des sinistres touchant le b\u00e2timent.<\/p>\r\n\t\t<p>Par exemple, dans le cas d&rsquo;une maison endommag\u00e9e par l&rsquo;incendie, les dommages aux conduites de branchement seraient couverts normalement. En revanche, les dommages aux conduites ou \u00e0 la maison caus\u00e9s par des risques exclus, comme la rouille ou l&rsquo;usure, ne seraient pas couverts. \u00c9tant donn\u00e9 que les conduites de branchement sont sous terre, elles sont difficiles \u00e0 entretenir et susceptibles \u00e0 ce genre de dommages progressifs. Si une conduite de branchement est d\u00e9truite par un risque exclu, le propri\u00e9taire doit r\u00e9gler les frais de remplacement lui-m\u00eame.<\/p>\r\n\t\t<p>Vous ne pourrez pas tout simplement aller \u00e0 la quincaillerie locale chercher un tron\u00e7on de tuyau. Il y a les frais de creuser dans la cour et de remplir la terre apr\u00e8s. De plus, vous devrez embaucher des professionnels; que ce soit des conduites d\u2019eau pressuris\u00e9e, des fils sous tension ou des lignes de gaz dangereuses, la plupart des r\u00e9parations des conduites de branchement ne sont pas des petits projets de bricolage. Le co\u00fbt moyen de r\u00e9parer une conduite de branchement d\u2019\u00e9gout peut s\u2019\u00e9lever \u00e0 6\u00a0000\u00a0$.<\/p>\r\n\t\t\r\n\t\t<\/td>\r\n\t\t<\/tr>\r\n\r\n\t\t<tr>\r\n\t\t<td>\r\n\t\t<h3>Qu\u2019est-ce que la protection pour conduite de branchement comprend?<\/h3>\r\n\t\t<\/td>\r\n\t\t<td><\/td>\r\n\t\t<td class=\"pb-6\">\r\n\r\n<p>Par d\u00e9faut, les polices de Square One couvrent ce qui suit\u00a0:<\/p>\r\n\r\n\t\t\r\n\t\t<ul>\r\n\t\t\t<li>Les conduites d\u2019\u00e9gout branch\u00e9es \u00e0 un syst\u00e8me municipal<\/li>\r\n\t\t\t<li>Les conduites d\u2019eau branch\u00e9es \u00e0 un syst\u00e8me municipal ou \u00e0 un puits priv\u00e9<\/li>\r\n\t\t\t<li>Les fils \u00e9lectriques et de t\u00e9l\u00e9communications actifs<\/li>\r\n\t\t\t<li>Les conduites de gaz naturel branch\u00e9es \u00e0 un syst\u00e8me r\u00e9gional<\/li>\r\n\t\t<\/ul>\r\n\r\n\t\t<p>En cas de dommages \u00e0 ces conduites, la police aidera \u00e0 r\u00e9gler les frais des r\u00e9parations, sous r\u00e9serve des exclusions de la police.<\/p>\r\n\t\t<p>Les exclusions dans la plupart des polices d&rsquo;assurance habitation comprennent l&rsquo;usure et les dommages caus\u00e9s par les animaux nuisibles, entre autres. Toutefois, la protection pour conduite de branchement de Square One offre une couverture pour certains types de dommages qui sont normalement exclus.<\/p>\r\n\t\t<p>Chez Square One, vous \u00eates admissible \u00e0 la protection pour conduite de branchement, m\u00eame si vos conduites de branchement sont endommag\u00e9s par ce qui suit\u00a0:<\/p>\r\n\r\n\t\t<ul>\r\n\t\t\t<li>L\u2019usure<\/li>\r\n\t\t\t<li>La d\u00e9faillance m\u00e9canique<\/li>\r\n\t\t\t<li>La rouille ou la corrosion<\/li>\r\n\t\t\t<li>Le tassement, l\u2019affaissement, le d\u00e9placement, le bouclement, etc.<\/li>\r\n\t\t\t<li>Les mat\u00e9riaux d\u00e9fectueux ou la qualit\u00e9 de travail d\u00e9fectueuse<\/li>\r\n\t\t\t<li>Les animaux nuisibles (ratons laveurs, rongeurs, insectes, etc.)<\/li>\r\n\t\t<\/ul>\r\n\r\n\t\t<p>Plus les couvertures typiques de votre police, \u00e0 concurrence de la limitation de couverture pour b\u00e2timent.<\/p>\r\n\r\n\t\t<\/td>\r\n\t\t<\/tr>\r\n\r\n\t\t<tr>\r\n\t\t<td>\r\n\t\t<h3>Combien co\u00fbte-t-elle la couverture pour conduite de branchement?<\/h3>\r\n\t\t<\/td>\r\n\t\t<td><\/td>\r\n\t\t<td class=\"pb-6\">\r\n\t\t<p>La couverture pour conduite de branchement n\u2019est pas offerte par tous les fournisseurs d\u2019assurance habitation. Parmi ceux qui l\u2019offrent, la prime est entre 35\u00a0$ et 50\u00a0$\/an.<\/p>\r\n\t\t<p><strong>La couverture pour conduite de branchement chez Square One commence \u00e0 partir de 25\u00a0$\/an seulement.<\/strong><\/p>\r\n\t\t<\/td>\r\n\t\t<\/tr>\r\n\r\n\t\t<tr>\r\n\t\t<td>\r\n\t\t<h3>Quelle est la franchise de la couverture pour conduite de branchement?<\/h3>\r\n\t\t<\/td>\r\n\t\t<td><\/td>\r\n\t\t<td>\r\n\t\t<p>Tout comme la plupart des assurances, la protection pour conduite de branchement comprend \u00e9galement une franchise, ce qui est la portion d\u2019une r\u00e9clamation vers\u00e9e par le titulaire de police avant que le fournisseur d\u2019assurance r\u00e8gle le montant restant.<\/p>\r\n\t\t<p>Chez Square One, la franchise normale de la police s\u2019applique \u00e0 la couverture pour conduite de branchement; il n\u2019y a pas de franchise sp\u00e9ciale pour cette couverture.<\/p>\r\n\t\t<\/td>\r\n\t\t<\/tr>\r\n\t<\/tbody>\r\n<\/table>\r\n<\/div>\r\n<\/section>\r\n\r\n\t<section class=\"cta-with-illustration bg-shape py-lg-0 bg-transparent\">\n\t\t<img decoding=\"async\" src=\"\/sales\/images\/bgs\/bg-mid-page-cta-top.svg\" style=\"width: 100%; max-height: 80px; position: relative; top: 1px;\" \/>\n\t\t\n\t\t<div class=\"w-100 bg-darkTeal\">\n\t\t\t<div class=\"container-fluid h-100\">\n\t\t\t\t<div class=\"row d-flex align-items-center h-100\">\n\t\t\t\t\t<div class=\"col-12 col-md-5 col-lg-6 col-xl-5 illustration text-center text-lg-left\">\n\t\t\t\t\t\t<img decoding=\"async\" src=\"\/sales\/images\/illustrations\/illustration-working-at-computer.png\" class=\"mw-100\" width=\"398\" loading=\"lazy\" alt=\"Illustration d\u2019une personne travaillant devant un ordinateur\">\n\t\t\t\t\t<\/div>\n\t\n\t\t\t\t\t<div class=\"col-12 col-md-7 col-lg-6 col-xl-7 pb-5 pb-lg-0\">\n\t\t\t\t\t\t<div class=\"h6 mb-4 text-primary text-uppercase\">Cela ne prend que 5\u00a0minutes <\/div>\n\t\t\t\t\t\t<div class=\"h3 text-uc-first text-white\">Pr\u00eat \u00e0 obtenir une soumission en ligne?<\/div>\n\t\t\t\t\t\t<p class=\"mw-lg-80 text-uc-first text-white\">Votre temps est aussi pr\u00e9cieux que vos possessions. Obtenez une soumission d'assurance habitation en <strong>5 minutes<\/strong>. C\u2019est moins de temps qu\u2019il n\u2019en faut pour faire la file pour un caf\u00e9.<\/p>\n\t\t\t\t\t\t<div id=\"sq1-qw-d503cf9d1afb\" class=\"sq1-quote-widget text-white\" data-quote-widget-type=\"HOME\" data-has-custom-text=\"true\">\n\t\t\t\t\t\t\t<div class=\"input-group input-group-focus-within bg-white my-4\">\n\t\t\t\t\t\t\t\t<div>\n\t\t\t\t\t\t\t\t\t<div class=\"input-group-text\"><i class=\"fa fa-map-marker text-black\"><\/i><\/div>\n\t\t\t\t\t\t\t\t<\/div>\n\t\t\t\t\t\t\t\t<input type=\"text\" class=\"form-control\" placeholder=\"Inscrire votre adresse \" aria-label=\"Inscrire votre adresse \">\n\t\t\t\t\t\t\t\t<div>\n\t\t\t\t\t\t\t\t\t<button class=\"btn btn-primary\" type=\"button\">Obtenir une soumission <\/button>\n\t\t\t\t\t\t\t\t<\/div>\n\t\t\t\t\t\t\t<\/div>\n\t\t\t\t\t\t<\/div>\n\t\t\t\t\t\t<p class=\"small text-white\">Avant de commencer, veuillez lire notre <a href=\"https:\/\/www.squareone.ca\/fr\/politique-confidentialite\" target=\"_blank\" rel=\"noreferrer noopener\">Politique de confidentialit\u00e9<\/a> et nos <a href=\"https:\/\/www.squareone.ca\/fr\/conditions-utilisation\" target=\"_blank\" rel=\"noreferrer noopener\">Conditions d\u2019utilisation<\/a>.<\/p>\t\t\t\t\t\n\t\t\t\t\t<\/div>\n\t\t\t\t<\/div>\n\t\t\t<\/div>\n\t\t<\/div>\t\t\t\n\t\t\n\t\t<img decoding=\"async\" src=\"\/sales\/images\/bgs\/bg-mid-page-cta-bottom.svg\" style=\"width: 100%; max-height: 80px\" \/>\n\t<\/section>\r\n\t<section id=\"populate_recent_reviews\" class=\"reviews bg-shape overflow-hidden\">\n\t    <div class=\"container-fluid\">\n\t        <div v-show=\"showLoader\" class=\"text-center mt-6 mb-0\">\n                <div class=\"spinner-border text-primary\" role=\"status\">\n                    <span class=\"visually-hidden\">Loading...<\/span>\n                <\/div>\n            <\/div>\n\t        <div class=\"row\" v-show=\"!showLoader\">\n\t            <div class=\"col-12 col-lg-3 offset-lg-1\">\n\t                <div class=\"h6 mb-3 text-secondary-alt text-uppercase\">\n\t                \tCe que disent nos clients \n                    <\/div>\n\t                <div class=\"mb-4\">\n\t                \t<span class=\"display-1\">{{ totalReviews }}<\/span>\n\t                \t<div class=\"small\">\u00c9valuations v\u00e9rifi\u00e9es <\/div>\n                    <\/div>\n\t                <p>Ne nous croyez pas sur parole. Voici un aper\u00e7u des \u00e9valuations qui alimentent notre cote moyenne de {{ avgScore }} \u00e9toiles sur 5. Vous voulez en lire plus?\nConsulter notre <a href=\"https:\/\/www.squareone.ca\/fr\/evaluations\">page d\u2019\u00e9valuations<\/a>.<\/p>\n\t            <\/div>\n\t            <div class=\"col-12 col-lg-8 pt-4\">\n\t                <div class=\"reviews-carousel w-100\" aria-label=\"Glissez pour voir plus d\u2019\u00e9valuations\">\n\t                    <div class=\"carousel-cell col-12 col-lg-6\" v-for=\"(review,index) in reviews\" :key=\"index\">\n                            <div class=\"card review mb-4\">\n                                <div class=\"card-body\">\n                                    <div class=\"h3\">{{ review.ReviewTitle }}<\/div>\n                                      <div class=\"rating small mb-3\" v-if=\"review.ReviewRating\">\n                                            <span v-for=\"n in 5\">\n                                                <i v-if=\"n <= review.ReviewRating\" class=\"fa fa-star\"><\/i>\n                                                <i v-else class=\"fa fa-star-o\"><\/i>\n                                            <\/span>\n                                    <\/div>\n                                    <div class=\"rating small mb-3\" v-else>\n                                            <span v-for=\"n in 5\">\n                                              <i class=\"fa fa-star-o\"><\/i>\n                                            <\/span>\n                                    <\/div>\n                                    <p>{{ review.SummaryText }}<\/p>\n                                    <div class=\"review-footer\">\n                                        <div class=\"date small text-muted float-end pt-1\">{{ review.ReviewedAt }}<\/div>\n                                        <span class=\"fw-bold me-3\">{{ review.ReviewerName }}<\/span>\n                                        <span class=\"text-muted\">{{ review.ReviewerCity }}, {{ review.ProvinceId }}<\/span>\n                                    <\/div>\n                                   \n                                <\/div>\n                            <\/div>\n                        <\/div>\n                    <\/div>\n                <\/div>\n                <div class=\"col-12 flickity-custom-buttons\"><\/div>\n            <\/div>\n        <\/div>\n\t<\/section>\n\n    <script src=\"https:\/\/cdn.jsdelivr.net\/npm\/vue@2.6.11\/dist\/vue.min.js\"\n        integrity=\"sha384-OZmxTjkv7EQo5XDMPAmIkkvywVeXw59YyYh6zq8UKfkbor13jS+5p8qMTBSA1q+F\"\n        crossorigin=\"anonymous\"><\/script>\n    <script src=\"https:\/\/cdn.jsdelivr.net\/npm\/axios@1.8.4\/dist\/axios.min.js\" \n        integrity=\"sha384-06w+raHvkSL3+E7mbQ2X6DZwI5A3veU8Ba+NLrAPxxRGw4Xy78sihHDHQMustMM4\" \n        crossorigin=\"anonymous\"><\/script>\n\n<script type=\"text\/javascript\">\n    new Vue({\n        el: '#populate_recent_reviews',\n        data: {\n            reviews: [],\n            totalReviews: 0,\n            avgScore: 0,         \n            showLoader: false,\n        },\n     \n        methods: {\n            getReviews : function() {\n                var self = this;\n                var url = '\/sales\/index.php\/customerReview\/getHighlightedReviews';\n                \n                self.reviews = [];\n                self.showLoader = true;\n\n                axios.get(url, {\n                    params: {\n                        culture: \"fr_CA\",                        \n                    }\n                })\n                .then(response => {\n                    self.totalReviews = response.data.totalReviews;\n                    self.avgScore = response.data.avgScore;\n                  \n                    if (response.data.results.length) {\n                        self.reviews = response.data.results;\n                    }\n                    self.showLoader = false;\n                })\n                .catch(error => {\n                    self.showLoader = false;\n                    console.log(error);\n                });\n            }          \n        },\n        mounted: function () {\n            this.getReviews();\n        }\n    });\n<\/script>\r\n\t<section class=\"footer-cta bg-shape mt-6\">\n\t    <div class=\"container-fluid\">\n\t        <div class=\"row\">\n\t            <div class=\"col-10 offset-1 col-lg-8 offset-lg-2 text-center\">\n\t                <div class=\"h6 text-secondary-alt text-uppercase mb-4\">vous \u00eates en bonne compagnie <\/div>\n\t                <div class=\"h2 text-uc-first mb-4\">Joignez-vous \u00e0 plus de 3 000 000 de clients qui ont re\u00e7u une soumission en assurance habitation de notre part.<\/div>\n\t\t\t\t\t<div id=\"sq1-qw-443b789d1dcd\" class=\"sq1-quote-widget\" data-quote-widget-type=\"HOME\" data-has-custom-text=\"true\" style=\"min-height: 68px; height: auto\"><\/div>\n\t                <p class=\"text-uc-first\">D\u00e9couvrez \u00e0 quel point l'assurance habitation est abordable \u00e0 l'aide d'une soumission en ligne en 5 minutes.<\/p>\n\t                <p class=\"text-light small text-uc-first\">Avant de commencer, veuillez lire notre <a href=\"https:\/\/www.squareone.ca\/fr\/politique-confidentialite\" target=\"_blank\" rel=\"noreferrer noopener\">Politique de confidentialit\u00e9<\/a> et nos <a href=\"https:\/\/www.squareone.ca\/fr\/conditions-utilisation\" target=\"_blank\" rel=\"noreferrer noopener\">Conditions d\u2019utilisation<\/a>.<\/p>\n\t            <\/div>\n\t        <\/div>\n\t    <\/div>\n\t    <div class=\"locations position-absolute fw-bold w-100 text-center pb-6 px-3\">Une compagnie canadienne exploit\u00e9e par des Canadiens. Nous offrons nos services au <a href=\"\/fr\/habitation\/quebec\" class=\"text-grey-900 text-decoration-none\">Qu\u00e9bec<\/a>, en Colombie-Britannique, en Alberta, en Saskatchewan, au Manitoba et en Ontario.<\/div>\n\t<\/section>\r\n<script type=\"application\/ld+json\">\r\n{\r\n  \"@context\": \"https:\/\/schema.org\",\r\n  \"@type\": \"FAQPage\",\r\n  \"mainEntity\": [{\r\n    \"@type\": \"Question\",\r\n    \"name\": \"L\u2019assurance habitation couvre-t-elle les conduites de branchement?\",\r\n    \"acceptedAnswer\": {\r\n      \"@type\": \"Answer\",\r\n      \"text\": \"La plupart des polices d\u2019assurance habitation, comme les polices de Square One, couvrent les conduites de branchement dans le cadre des sinistres touchant le b\u00e2timent.\"\r\n    }\r\n  },{\r\n    \"@type\": \"Question\",\r\n    \"name\": \"Qu\u2019est-ce que la protection pour conduite de branchement comprend?\",\r\n    \"acceptedAnswer\": {\r\n      \"@type\": \"Answer\",\r\n      \"text\": \"Par d\u00e9faut, les polices de Square One couvrent ce qui suit\u00a0: les conduites d\u2019\u00e9gout branch\u00e9es \u00e0 un syst\u00e8me municipal, les conduites d\u2019eau branch\u00e9es \u00e0 un syst\u00e8me municipal ou \u00e0 un puits priv\u00e9, les fils \u00e9lectriques et de t\u00e9l\u00e9communications actifs et les conduites de gaz naturel branch\u00e9es \u00e0 un syst\u00e8me r\u00e9gional. En cas de dommages \u00e0 ces conduites, la police aidera \u00e0 r\u00e9gler les frais des r\u00e9parations, sous r\u00e9serve des exclusions de la police.\"\r\n    }\r\n  },{\r\n    \"@type\": \"Question\",\r\n    \"name\": \"Combien co\u00fbte-t-elle la couverture pour conduite de branchement?\",\r\n    \"acceptedAnswer\": {\r\n      \"@type\": \"Answer\",\r\n      \"text\": \"La couverture pour conduite de branchement n\u2019est pas offerte par tous les fournisseurs d\u2019assurance habitation. Parmi ceux qui l\u2019offrent, la prime est entre 35\u00a0$ et 50\u00a0$\/an.\"\r\n    }\r\n  },{\r\n    \"@type\": \"Question\",\r\n    \"name\": \"Quelle est la franchise de la couverture pour conduite de branchement?\",\r\n    \"acceptedAnswer\": {\r\n      \"@type\": \"Answer\",\r\n      \"text\": \"Tout comme la plupart des assurances, la protection pour conduite de branchement comprend \u00e9galement une franchise, ce qui est la portion d\u2019une r\u00e9clamation vers\u00e9e par le titulaire de police avant que le fournisseur d\u2019assurance r\u00e8gle le montant restant.\"\r\n    }\r\n  }]\r\n}\r\n<\/script>","protected":false},"excerpt":{"rendered":"<p>Protection pour conduite de branchement Les conduites de branchement sont les lignes d\u2019eau, d\u2019\u00e9gout, \u00e9lectriques, de gaz et de t\u00e9l\u00e9communications branch\u00e9es aux services publics. D\u2019habitude, les conduites publiques passent sous la rue ou le trottoir. Les conduites de branchement sont \u00e9galement souterraines et relient votre maison aux services publics. Les fournisseurs des services publics sont [&hellip;]<\/p>\n","protected":false},"author":11,"featured_media":0,"parent":48133,"menu_order":0,"comment_status":"closed","ping_status":"closed","template":"","meta":{"_acf_changed":false,"footnotes":""},"class_list":["post-57735","page","type-page","status-publish","hentry"],"acf":[],"_links":{"self":[{"href":"https:\/\/www.squareone.ca\/fr\/wp-json\/wp\/v2\/pages\/57735","targetHints":{"allow":["GET"]}}],"collection":[{"href":"https:\/\/www.squareone.ca\/fr\/wp-json\/wp\/v2\/pages"}],"about":[{"href":"https:\/\/www.squareone.ca\/fr\/wp-json\/wp\/v2\/types\/page"}],"author":[{"embeddable":true,"href":"https:\/\/www.squareone.ca\/fr\/wp-json\/wp\/v2\/users\/11"}],"replies":[{"embeddable":true,"href":"https:\/\/www.squareone.ca\/fr\/wp-json\/wp\/v2\/comments?post=57735"}],"version-history":[{"count":7,"href":"https:\/\/www.squareone.ca\/fr\/wp-json\/wp\/v2\/pages\/57735\/revisions"}],"predecessor-version":[{"id":74273,"href":"https:\/\/www.squareone.ca\/fr\/wp-json\/wp\/v2\/pages\/57735\/revisions\/74273"}],"up":[{"embeddable":true,"href":"https:\/\/www.squareone.ca\/fr\/wp-json\/wp\/v2\/pages\/48133"}],"wp:attachment":[{"href":"https:\/\/www.squareone.ca\/fr\/wp-json\/wp\/v2\/media?parent=57735"}],"curies":[{"name":"wp","href":"https:\/\/api.w.org\/{rel}","templated":true}]}}