{"id":57795,"date":"2022-05-30T14:57:01","date_gmt":"2022-05-30T21:57:01","guid":{"rendered":"https:\/\/www.squareone.ca\/saison-de-tornades"},"modified":"2026-02-23T09:41:06","modified_gmt":"2026-02-23T17:41:06","slug":"tempetes-de-vent","status":"publish","type":"page","link":"https:\/\/www.squareone.ca\/fr\/centres-ressources\/securite-domiciliaire-personnelle\/preparations-pour-tornades","title":{"rendered":"Pr\u00e9paration pour les temp\u00eates de vent, les ouragans et les tornades"},"content":{"rendered":"<section id='intro' class=\"bg-shape-split bg-sub-page-hero\">\r\n    <div class=\"bg-position\">\r\n        <div class=\"container-fluid\">\r\n            <div class=\"row align-items-center\">\r\n                <div class=\"col-12 col-lg-8\">\r\n\r\n                    <h1>Pr\u00e9paration pour les temp\u00eates de vent, les ouragans et les tornades<\/h1>\r\n<strong>Article r\u00e9dig\u00e9 par l'\u00e9quipe de Square One<\/strong>\r\n                    <!--<p><strong>Article \u00e9valu\u00e9 par <a title=\"Experte : Jackie Kloosterboer\" href=\"https:\/\/www.squareone.ca\/fr\/a-propos-de-nous\/experts#disaster\">Jackie Kloosterboer<\/a><\/strong><\/p>--> \r\n\r\n                     <div style=\"margin-top:48px;\"><p class=\"pb-4\" style=\"margin-top:-24px\">Mis \u00e0 jour le 17 juin 2024<\/p><\/div>\r\n\r\n                <\/div>\r\n            <\/div>\r\n\r\n            <div class=\"row\">\r\n                <div class=\"col-lg-8\">\r\n\r\n                    <p class=\"display-4\">Le vent a plusieurs visages, d\u2019une douce brise \u00e0 un ouragan de cat\u00e9gorie\u00a05. \u00c9tant donn\u00e9 que les diff\u00e9rents types de temp\u00eates apportent des vents violents, il est important de prot\u00e9ger votre maison.<\/p>\r\n\r\n                    <p class=\"display-4\">Des cyclones de la c\u00f4te ouest aux ouragans de l\u2019Atlantique, en passant par les tornades des Prairies, le Canada n\u2019est pas \u00e0 l\u2019abri des temp\u00eates de vent.<\/p>\r\n\r\n                    <p class=\"display-4\">Pour cette raison, nous avons cr\u00e9\u00e9 ce guide de pr\u00e9paration de votre maison pour les temp\u00eates de vent.<\/p>\r\n\r\n                    <p class=\"pt-2\"><img decoding=\"async\" src=\"https:\/\/cdn.squareone.ca\/wp-content\/uploads\/2012\/07\/30071345\/article-tornado-e1561140855868.jpg\" alt=\"Tornade se formant dans un ciel orageux pr\u00e8s d'une maison \" width=\"248px\"  class=\"img-fluid\" rel=\"noopener noreferrer\" \/><\/p>\r\n                <\/div>\r\n\r\n                <div class=\"col-lg-3 offset-lg-1\">          \r\n                    <p class=\"mb-2 display-4 pt-4 pt-lg-0 pt-mb-0\"><strong>Th\u00e8mes<\/strong><\/p>\r\n                        <ul class=\"list-unstyled link-list display-4\">\r\n                            <li><a href='#storm-warning-signs'>Signes de temp\u00eate imminente<\/a><\/li>\r\n                            <li><a href='#preparing-your-home'>Pr\u00e9paration de votre maison<\/a><\/li>\r\n                            <li><a href='#approaching-storm'>Approche d\u2019une temp\u00eate de vent<\/a><\/li>\r\n                            <li><a href='#during-storms'>Pendant la temp\u00eate<\/a><\/li>\r\n                            <li><a href='#after-a-storm'>Apr\u00e8s la temp\u00eate<\/a><\/li>\r\n                            <li><a href='#storms-insurance'>Les temp\u00eates de vent et l\u2019assurance habitation<\/a><\/li>\r\n                        <\/ul>\r\n                <\/div>\r\n            <\/div>  \r\n        <\/div>\r\n    <\/div>\r\n    <div class=\"bg-bottom\"><\/div>\r\n<\/section>\r\n\r\n<section>\r\n    <div class=\"container-fluid py-6\">\r\n        <div class=\"row\">\r\n            <div class=\"col-12 col-lg-8\">\r\n\r\n                <h2 id=\"storm-warning-signs\">Signes de temp\u00eate imminente<\/h2>\r\n\r\n                    <p>Les temp\u00eates de vent font partie de la vie au Canada. Les ouragans ou les temp\u00eates post-tropiques frappent la c\u00f4te atlantique tous les ans, tout comme les <a href=\"https:\/\/www.nationalgeographic.fr\/environnement\/typhons-ouragans-cyclones-quelle-difference\" title=\"Typhons, ouragans, cyclones : quelle diff\u00e9rence\" rel=\"noopener noreferrer\" target=\"_blank\">cyclones<\/a> de la c\u00f4te Pacifique. Bien que les tornades soient g\u00e9n\u00e9ralement associ\u00e9es au <a href=\"https:\/\/www.leprogres.fr\/environnement\/2021\/12\/12\/qu-est-ce-que-la-tornado-alley-le-couloir-des-tornades-aux-etats-unis\" title=\"couloir des tornades\" rel=\"noopener noreferrer\" target=\"_blank\">couloir des tornades<\/a> aux \u00c9tats-Unis, <a href=\"https:\/\/www.meteomedia.com\/fr\/nouvelles\/meteo\/meteo-extreme\/saison-des-tornades-une-annee-unique-au-canada\" title=\"Saison des tornades au Canada\" rel=\"noopener noreferrer\" target=\"_blank\">81\u00a0tornades<\/a> ont touch\u00e9 terre au Canada depuis 2021.<\/p>\r\n\r\n                    <p>De nombreuses temp\u00eates de vent frappent rapidement, sans avertissement. La plupart du temps, par contre, les pr\u00e9visions m\u00e9t\u00e9orologiques offrent au public assez de temps pour se pr\u00e9parer. Les services m\u00e9t\u00e9orologiques peuvent pr\u00e9voir les mouvements des ouragans.<\/p>\r\n\r\n                    <p>Les bulletins m\u00e9t\u00e9orologiques repr\u00e9sentent votre premi\u00e8re d\u00e9fense contre les temp\u00eates graves.<\/p>\r\n\r\n                    <p>Toutefois, les tornades peuvent appara\u00eetre subitement et se d\u00e9placent rapidement, souvent en faisant des ravages. Peu importe leur taille, les tornades d\u00e9racinent les arbres, d\u00e9molissent les maisons, d\u00e9truisent les biens meubles, les cabanons et les piscines, et renversent les autos. La puissance d\u2019une tornade est effrayante et \u00e9tonnante.<\/p>\r\n\r\n                    <p>Les signes d\u2019une tornade imminente comprennent ce qui suit\u00a0:<\/p>\r\n\r\n                    <ul>\r\n                        <li>des orages  violents, avec tonnerre et foudre fr\u00e9quents<\/li>\r\n                        <li>un ciel obscur, souvent avec des nuages verts ou jaunes<\/li>\r\n                        <li>un grondement qui dure plus longtemps qu\u2019un coup de tonnerre normal<\/li>\r\n                        <li>un nuage en entonnoir, souvent accompagn\u00e9 par la pluie ou la gr\u00eale abondante<\/li>\r\n                        <li>un nuage de d\u00e9chets, m\u00eame s\u2019il n\u2019y a aucun entonnoir visible.<\/li>\r\n                        <li>la gr\u00eale abondante, souvent sans pluie<\/li>\r\n                    <\/ul>\r\n\r\n                <h2 id=\"preparing-your-home\">Pr\u00e9paration de votre maison pour les temp\u00eates de vent<\/h2>\r\n\r\n                    <p>Il y a beaucoup de choses que vous pouvez faire pour pr\u00e9parer votre maison et votre famille pour les temp\u00eates de vent. Il vaut mieux vous pr\u00e9parer afin d\u2019\u00e9viter la panique quand les m\u00e9t\u00e9orologues annoncent une temp\u00eate imminente.<\/p>\r\n\r\n                    <p>N\u2019oubliez pas que bon nombre de temp\u00eates apportent de la <a href=\"https:\/\/www.squareone.ca\/fr\/centres-ressources\/securite-domiciliaire-personnelle\/preparation-temps-pluvieux\" title=\"Comment pr\u00e9parer pour le temps pluvieux et minimiser les d\u00e9g\u00e2ts caus\u00e9s par les crues d\u2019eau\">pluie abondante<\/a>.<\/p> \r\n\r\n                <h3>Entretien du toit<\/h3>\r\n\r\n                    <p>Lorsque les vents forts frappent une maison, c\u2019est souvent le toit qui subit la majeure partie des dommages. En fonction du type de toiture, la <a href=\"https:\/\/www.squareone.ca\/fr\/centres-ressources\/ameliorations-domiciliaires\/types-de-toiture\" title=\"Initiation aux types de toiture\">vie utile<\/a> du toit est de 20 \u00e0 30\u00a0ans. Les toits plus \u00e2g\u00e9s risquent de subir des dommages graves en cas de vents violents.<\/p>\r\n\r\n                    <p>Vous devriez faire r\u00e9guli\u00e8rement inspecter le toit par un professionnel agr\u00e9\u00e9, surtout lorsque le toit est en fin de vie utile.<\/p>\r\n\r\n                    <p>Si vous remarquez des bardeaux manquants ou desserr\u00e9s, il faut les r\u00e9parer imm\u00e9diatement\u00a0: vous ne voulez pas le faire \u00e0 la derni\u00e8re minute au moment o\u00f9 la temp\u00eate de vent \u00e9clate.<\/p>\r\n\r\n                <h3>Arbres et am\u00e9nagement paysager<\/h3>\r\n\r\n                    <p>Si vous avez des arbres sur vos lieux, pr\u00eatez attention aux branches mortes ou mourantes. Il faut les enlever imm\u00e9diatement, car elles peuvent tomber sur quelqu\u2019un ou devenir des projectiles dangereux pouss\u00e9s par le vent.<\/p>\r\n\r\n                    <p>Si un arbre meurt sur vos lieux, il faudrait l\u2019enlever. Si vous n\u2019\u00eates pas \u00e0 l\u2019aise de le faire vous-m\u00eame, vous pouvez embaucher un arboriculteur qualifi\u00e9.<\/p>\r\n\r\n                <h3>Pr\u00e9paration d&rsquo;un plan de s\u00e9curit\u00e9 et d&rsquo;une trousse d\u2019urgence<\/h3>\r\n\r\n                    <p>Les temp\u00eates de vent sont chaotiques et dangereuses; vous ne voulez pas \u00eatre pris au d\u00e9pourvu pendant que des vents d\u2019ouragan descendent sur votre maison. Cr\u00e9ez un <a href=\"https:\/\/www.preparez-vous.gc.ca\/cnt\/rsrcs\/pblctns\/yprprdnssgd\/index-fr.aspx\" title=\"Votre guide de pr\u00e9paration aux urgences\" rel=\"noopener noreferrer\" target=\"_blank\">plan de s\u00e9curit\u00e9 domiciliaire<\/a> que vous pouvez suivre pendant une catastrophe.<\/p>\r\n\r\n                    <p>Votre plan de s\u00e9curit\u00e9 doit comprendre entre autres les routes d\u2019\u00e9vacuation possibles, des points de r\u00e9union pour les membres de votre famille et une explication de comment s\u2019y rendre, ainsi que les moyens de communication pendant une urgence. Vous devriez \u00e9galement compter sur la possibilit\u00e9 que vous passiez plusieurs jours sans courant, car les temp\u00eates de vent causent des pannes de courant massives d\u2019habitude.<\/p>\r\n\r\n                    <p>Vous devriez \u00e9galement avoir \u00e0 la maison une <a href=\"https:\/\/www.quebec.ca\/securite-situations-urgence\/urgences-sinistres-risques-naturels\/comment-se-preparer-a-la-maison\" title=\"Faire son plan familial d\u2019urgence et sa trousse d\u2019urgence\" rel=\"noopener noreferrer\" target=\"_blank\">trousse d\u2019urgence<\/a> avec des fournitures de base, comme une trousse de premiers soins, des torches \u00e9lectriques, des piles, une radio et d\u2019autre \u00e9quipement pratique.<\/p>\r\n\r\n            <\/div>\r\n        <\/div>\r\n    <\/div>\r\n<\/section>\r\n\r\n\t<section class=\"bg-transparent\">\n\t\t<img decoding=\"async\" src=\"\/sales\/images\/bgs\/bg-mid-page-cta-general-top.svg\" style=\"width: 100%; vertical-align: bottom; position: relative; top: 1px\"\/>\n\t\t\n\t\t<div class=\"bg-darkTeal py-3\">\t\t\t\n\t\t\t<div class=\"container-fluid\">\n\t\t\t\t<div class=\"row d-flex align-items-center pb-5\">\n\t\t\t\t\t<div class=\"col-12 col-md-8 offset-md-2 px-lg-5 pb-5 pb-lg-0\">\n\t\t\t\t\t\t<div class=\"h6 mb-4 text-primary text-uppercase text-center\">\n\t\t\t\t\t\t\tCela ne prend que 5\u00a0minutes \n\t\t\t\t\t\t<\/div>\t\t\n\t\t\t\t\t\t\t\t\t\t\t\n\t\t\t\t\t\t<p class=\"lead px-lg-5 text-white\">\n\t\t\t\t\t\t\t<strong class=\"d-inline-block text-uc-first\">Pr\u00eat \u00e0 obtenir une soumission en ligne? <\/strong> Votre temps est aussi pr\u00e9cieux que vos possessions. Obtenez une soumission d'assurance habitation en <strong>5 minutes<\/strong>. C\u2019est moins de temps qu\u2019il n\u2019en faut pour faire la file pour un caf\u00e9.\n\t\t\t\t\t\t<\/p>\t\t\t\n\t\n\t\t\t\t\t\t<div id=\"sq1-qw-710ea9e0c338\" class=\"sq1-quote-widget mb-4 text-white\" data-quote-widget-type=\"HOME\" data-has-custom-text=\"true\">\n\t\t\t\t\t\t\t<div class=\"input-group input-group-focus-within bg-white my-4\">\n\t\t\t\t\t\t\t\t<div>\n\t\t\t\t\t\t\t\t\t<div class=\"input-group-text\">\n\t\t\t\t\t\t\t\t\t\t<i class=\"fa fa-map-marker d-block text-black\"><\/i>\n\t\t\t\t\t\t\t\t\t<\/div>\n\t\t\t\t\t\t\t\t<\/div>\n\t\t\t\t\t\t\t\t<input type=\"text\" class=\"form-control\" style=\"padding: 10px;\" placeholder=\"Enter an address\" aria-label=\"Inscrivez votre adresse pour obtenir une soumission\"\/>\n\t\t\t\t\t\t\t\t<div>\n\t\t\t\t\t\t\t\t\t<button class=\"btn btn-primary\">Obtenir une soumission en ligne d\u00e8s maintenant<\/button>\n\t\t\t\t\t\t\t\t<\/div>\n\t\t\t\t\t\t\t<\/div>\n\t\t\t\t\t\t<\/div>\n\t\t\t\t\t\t\n\t\t\t\t\t\t<p class=\"small text-white\">Avant de commencer, veuillez lire notre <a href=\"https:\/\/www.squareone.ca\/fr\/politique-confidentialite\" target=\"_blank\" rel=\"noreferrer noopener\">Politique de confidentialit\u00e9<\/a> et nos <a href=\"https:\/\/www.squareone.ca\/fr\/conditions-utilisation\" target=\"_blank\" rel=\"noreferrer noopener\">Conditions d\u2019utilisation<\/a>.<\/p>\t\n\t\n\t\t\t\t\t\t<script type=\"text\/javascript\">\n\t\t\t\t\t\t(function() {\n\t\t\t\t\t\t\tdocument.addEventListener('soiMiscJsLoaded', function() {\n\t\t\t\t\t\t        $(document).ready(function() {\n\t\t\t\t\t\t\t\t\tsoiQuoteWidget.processFormWidget('\/sales\/index.php\/json_quote_widget?rand=' +Math.random(), 'qwContainer'); \/\/populate quoting widget with content from symfony.\n\t\t\t\t\t\t\t\t});\n\t\t\t\t\t\t\t});\n\t\t\t\t\t\t})();\n\t\t\t\t\t\t<\/script>\n\t\t\t\t\t<\/div>\n\t\t\t\t<\/div>\n\t\t\t<\/div>\n\t\t<\/div>\n\t\t\n\t\t<img decoding=\"async\" src=\"\/sales\/images\/bgs\/bg-mid-page-cta-general-bottom.svg\" style=\"width: 100%; vertical-align: top\"\/>\t\t\n\t<\/section>\r\n\r\n<section>\r\n    <div class=\"container-fluid py-6\">\r\n        <div class=\"row\">\r\n            <div class=\"col-12 col-lg-8\">\r\n\r\n                <h2 id=\"approaching-storm\">Lorsqu\u2019une temp\u00eate de vent est imminente<\/h2>\r\n\r\n                    <p>Heureusement, vous aurez au moins un jour ou deux d\u2019avis avant l\u2019arriv\u00e9e d\u2019une temp\u00eate de vent ou d\u2019un ouragan. Si vous savez qu&rsquo;une temp\u00eate est imminente, vous devez vous pr\u00e9parer imm\u00e9diatement.<\/p>\r\n\r\n                    <ul>\r\n                        <li><strong>Faites le tour de votre maison et rep\u00e9rez des probl\u00e8mes.<\/strong> Esp\u00e9rons que vous ayez fait l\u2019entretien n\u00e9cessaire. Faites le tour de la maison \u00e0 la recherche de branches mortes ou d\u00e9tach\u00e9es, de bardeaux desserr\u00e9s et d\u2019autres probl\u00e8mes. Stationnez les v\u00e9hicules dans le garage si vous en avez ou \u00e0 l\u2019\u00e9cart des arbres ou lignes de courant si vous devez les stationner \u00e0 l\u2019ext\u00e9rieur.<\/li>\r\n                        <li><strong>Rangez les objets mobiliers.<\/strong> La puissance du vent peut facilement transformer vos possessions en projectiles. Vous devrez s\u00e9curiser les objets ext\u00e9rieurs ou les ranger \u00e0 l\u2019int\u00e9rieur. Cela comprend les meubles de patio, les barbecues, les bouteilles de propane, les poubelles, les plantes en pot, les filets de hockey ou tout objet qui n\u2019est pas fix\u00e9 au sol. Si vous pouvez soulever l\u2019objet vous-m\u00eame, la temp\u00eate peut le faire aussi.<\/li>\r\n                        <li><strong>Fermez les portes et les fen\u00eatres.<\/strong> Verrouillez les portes et fermez les fen\u00eatres. Les portes de garage sont particuli\u00e8rement susceptibles au vent\u00a0: si vous avez des soucis, n\u2019h\u00e9sitez pas \u00e0 les renforcer \u00e0 l\u2019int\u00e9rieur. Si la temp\u00eate s\u2019annonce catastrophique, vous pouvez m\u00eame barricader les fen\u00eatres si vous n\u2019avez pas de volets.<\/li>\r\n                        <li><strong>V\u00e9rifiez vos fournitures et votre \u00e9quipement. <\/strong>Vous devriez disposer d\u2019assez d\u2019eau potable et de nourriture pour quelques jours, y compris de la nourriture que vous pouvez pr\u00e9parer en cas de panne de courant. Si vous avez une g\u00e9n\u00e9ratrice, assurez-vous qu\u2019elle fonctionne et que vous avez assez de combustible. Il en est de m\u00eame pour vos v\u00e9hicules\u00a0: assurez-vous que vos r\u00e9servoirs sont pleins, surtout si une \u00e9vacuation est imminente. Assurez-vous que votre trousse d\u2019urgence est bien stock\u00e9e avec tous les m\u00e9dicaments dont vous avez besoin.<\/li>\r\n                    <\/ul>\r\n\r\n                <h2 id=\"during-storms\">Que faire pendant la temp\u00eate<\/h2>\r\n\r\n                    <p>Pendant une temp\u00eate de vent, un ouragan ou une tornade, mettez-vous \u00e0 l\u2019abri et restez l\u00e0 jusqu\u2019\u00e0 ce que la temp\u00eate passe. Restez dans le sous-sol ou dans une pi\u00e8ce int\u00e9rieure \u00e0 l\u2019\u00e9cart des fen\u00eatres ou portes. Si les autorit\u00e9s d\u00e9clarent une ordonnance d\u2019\u00e9vacuation, suivez rapidement les directives en toute s\u00e9curit\u00e9.<\/p>\r\n\r\n                    <p>R\u00e9sistez \u00e0 la tentation de regarder la temp\u00eate\u00a0: les temp\u00eates de vent sont spectaculaires et emballantes, mais elles sont \u00e9galement hautement impr\u00e9visibles et dangereuses. Si vous vivez pr\u00e8s de la c\u00f4te, vous devez rester loin de l\u2019eau en raison des surcotes m\u00e9t\u00e9orologiques.<\/p>\r\n\r\n                    <p>Restez au courant de la situation en surveillant les alertes <a href=\"https:\/\/meteo.gc.ca\/index_f.html\" title=\"Environnement Canada\" rel=\"noopener noreferrer\" target=\"_blank\">d\u2019Environnement Canada<\/a> ou d\u2019un poste de radio local. Il est envisageable de mettre des piles ou une radio manuelle dans votre trousse d\u2019urgence en cas de panne de courant ou d\u2019Internet.<\/p>\r\n\r\n                <h2 id=\"after-a-storm\">Apr\u00e8s le passage de la temp\u00eate<\/h2>\r\n\r\n                    <p>Une fois que les ventes se calment, vous pouvez \u00e9valuer les dommages. N\u2019oubliez pas que les ouragans et certains d\u2019autres types de temp\u00eates ont un \u00ab\u00a0\u0153il\u00a0\u00bb au centre des vents tourbillonnants. Pendant que l\u2019\u0153il de la temp\u00eate passe, il est facile d\u2019avoir l\u2019impression que la temp\u00eate est pass\u00e9e, mais attention! Les pr\u00e9visions m\u00e9t\u00e9orologiques officielles sont la meilleure source pour confirmer la fin de la temp\u00eate.<\/p>\r\n\r\n                    <p>Une fois que la temp\u00eate sera pass\u00e9e, vous pourrez \u00e9valuer les dommages \u00e0 votre maison. Quand vous \u00eates dehors, faites attention \u00e0 des lignes \u00e9lectriques tomb\u00e9es. Si vous en voyez, restez bien \u00e0 l\u2019\u00e9cart et informez votre service d\u2019Hydro local.<\/p>\r\n\r\n                    <p>Faites le tour et examinez la maison pour des dommages au bardage ou au toit. S\u2019il y a des dommages graves, comme une fen\u00eatre bris\u00e9e, un toit d\u00e9chir\u00e9 ou un mur effondr\u00e9, essayez <a href=\"https:\/\/www.croixrouge.ca\/nos-champs-d-action\/urgences-et-catastrophes-au-canada\/types-d-urgence\/ouragan\" title=\"Quoi faire avant, pendant et apr\u00e8s un ouragan\" rel=\"noopener noreferrer\" target=\"_blank\">d\u2019att\u00e9nuer les d\u00e9g\u00e2ts<\/a> dans la mesure du possible. Couvrez les dommages avec du bois ou une b\u00e2che afin de prot\u00e9ger la maison contre les \u00e9l\u00e9ments\u00a0: n\u2019oubliez pas que les services de restauration seront super charg\u00e9s apr\u00e8s une temp\u00eate majeure.<\/p>\r\n\r\n                    <p>Si votre maison subit des dommages, vous devriez informer votre fournisseur d\u2019assurance habitation.<\/p>\r\n\r\n                <h2 id=\"storms-insurance\">Les temp\u00eates de vent et l\u2019assurance habitation<\/h2>\r\n\r\n                    <p>G\u00e9n\u00e9ralement, les dommages provoqu\u00e9s par le vent sont couverts par les polices d\u2019assurance habitation, quoique la couverture sp\u00e9cifique varie.<\/p>\r\n\r\n                    <p>Remarquez que certaines compagnies offrent diff\u00e9rents niveaux de couverture en fonction des s\u00e9lections du client. Si vous avez une police risques d\u00e9sign\u00e9s, vous devez consulter la liste de risques couverts dans le libell\u00e9 de la police pour d\u00e9terminer si les dommages provoqu\u00e9s par le vent sont admissibles \u00e0 la couverture. Si vous avez une police tous risques, tous les risques sont couverts \u00e0 l\u2019exception de quelques exclusions. Il suffit de consulter la <a href=\"https:\/\/www.squareone.ca\/resource-centres\/insurance-basics\/home-insurance-policy-exclusions\" title=\"Initiation aux exclusions d\u2019une police d\u2019assurance habitation\">liste d\u2019exclusions<\/a> pour d\u00e9terminer si les dommages caus\u00e9s par le vent sont couverts (ce qui est probablement le cas).<\/p>\r\n\r\n                    <p>Cependant, les dommages provoqu\u00e9s par le vent \u00e0 des objets \u00e0 l\u2019ext\u00e9rieur de votre maison, comme les arbres, les buissons, les antennes et les antennes paraboliques orientables, sont g\u00e9n\u00e9ralement exclus.<\/p>\r\n\r\n                    <p>Dans tous les cas, vous avez int\u00e9r\u00eat \u00e0 communiquer avec votre fournisseur d\u2019assurance habitation pour parler de votre couverture. Si les dommages sont couverts, celui-ci vous aidera \u00e0 organiser une \u00e9quipe de restauration pour commencer les r\u00e9parations. Si les dommages sont particuli\u00e8rement graves, la couverture pour les <a href=\"https:\/\/www.squareone.ca\/resource-centres\/insurance-glossary\/loss-of-use\" title=\"D\u00e9inition : frais de subsistance suppl\u00e9mentaires\">frais de subsistance suppl\u00e9mentaires<\/a> pourrait vous aider \u00e0 payer les frais de d\u00e9m\u00e9nagement pendant les r\u00e9parations. N\u2019oubliez pas que vous serez toujours responsable de payer <a href=\"https:\/\/www.squareone.ca\/resource-centres\/insurance-basics\/choosing-the-right-deductible\" title=\"Qu\u2019est-ce qu\u2019une franchise et quelles sont les solutions propos\u00e9es?\">une franchise<\/a> si les dommages sont admissibles \u00e0 la couverture.<\/p>                    \r\n\r\n                    <p><strong>Vous voulez en savoir plus?<\/strong> Consultez notre <a href=\"\/fr\/centres-ressources\/securite-domiciliaire-personnelle\" title=\"Centre de ressources : s\u00e9curit\u00e9 domiciliaire et personnelle\">Centre de ressources&nbsp;: s\u00e9curit\u00e9 domiciliaire et personnelle<\/a> pour d\u00e9couvriri comment prot\u00e9ger votre famille et votre domicile. Ensuite, <a href=\"\/fr\/soumission-assurance-habitation-en-ligne\" title=\"Obtenir une soumission d\u2019assurance habitation en ligne\">obtenez une soumission d'assurance habitation en ligne<\/a> en moins de 5\u00a0minutes et d\u00e9couvrez \u00e0 quel point l\u2019assurance habitation personnalis\u00e9e peut \u00eatre abordable.<\/p>\r\n\r\n            <\/div>\r\n        <\/div>\r\n    <\/div>\r\n<\/section>\r\n<script type=\"application\/ld+json\">\r\n{\r\n  \"@context\": \"https:\/\/schema.org\",\r\n  \"@type\": \"WebPage\",\r\n  \"mainEntityOfPage\": {\r\n    \"@type\": \"Article\",\r\n    \"@id\": \"https:\/\/www.squareone.ca\/fr\/centres-ressources\/securite-domiciliaire-personnelle\/preparations-pour-tornades\"\r\n  },\r\n  \"author\": [\r\n    {\r\n      \"@type\": \"Person\",\r\n      \"name\": \"Square One team\"\r\n    }\r\n  ],\r\n  \"headline\": \"Pr\u00e9paration pour les temp\u00eates de vent, les ouragans et les tornades\",\r\n  \"datePublished\": \"\",\r\n  \"dateModified\": \"\",\r\n  \"inLanguage\": \"fr-CA\",\r\n  \"isAccessibleForFree\": true\r\n}\r\n<\/script>","protected":false},"excerpt":{"rendered":"<p>Pr\u00e9paration pour les temp\u00eates de vent, les ouragans et les tornades Le vent a plusieurs visages, d\u2019une douce brise \u00e0 un ouragan de cat\u00e9gorie\u00a05. \u00c9tant donn\u00e9 que les diff\u00e9rents types de temp\u00eates apportent des vents violents, il est important de prot\u00e9ger votre maison. Des cyclones de la c\u00f4te ouest aux ouragans de l\u2019Atlantique, en passant [&hellip;]<\/p>\n","protected":false},"author":2,"featured_media":57813,"parent":51337,"menu_order":0,"comment_status":"open","ping_status":"closed","template":"page-article-new.php","meta":{"_acf_changed":false,"footnotes":""},"class_list":["post-57795","page","type-page","status-publish","has-post-thumbnail","hentry"],"acf":[],"_links":{"self":[{"href":"https:\/\/www.squareone.ca\/fr\/wp-json\/wp\/v2\/pages\/57795","targetHints":{"allow":["GET"]}}],"collection":[{"href":"https:\/\/www.squareone.ca\/fr\/wp-json\/wp\/v2\/pages"}],"about":[{"href":"https:\/\/www.squareone.ca\/fr\/wp-json\/wp\/v2\/types\/page"}],"author":[{"embeddable":true,"href":"https:\/\/www.squareone.ca\/fr\/wp-json\/wp\/v2\/users\/2"}],"replies":[{"embeddable":true,"href":"https:\/\/www.squareone.ca\/fr\/wp-json\/wp\/v2\/comments?post=57795"}],"version-history":[{"count":20,"href":"https:\/\/www.squareone.ca\/fr\/wp-json\/wp\/v2\/pages\/57795\/revisions"}],"predecessor-version":[{"id":78308,"href":"https:\/\/www.squareone.ca\/fr\/wp-json\/wp\/v2\/pages\/57795\/revisions\/78308"}],"up":[{"embeddable":true,"href":"https:\/\/www.squareone.ca\/fr\/wp-json\/wp\/v2\/pages\/51337"}],"wp:featuredmedia":[{"embeddable":true,"href":"https:\/\/www.squareone.ca\/fr\/wp-json\/wp\/v2\/media\/57813"}],"wp:attachment":[{"href":"https:\/\/www.squareone.ca\/fr\/wp-json\/wp\/v2\/media?parent=57795"}],"curies":[{"name":"wp","href":"https:\/\/api.w.org\/{rel}","templated":true}]}}