{"id":58563,"date":"2022-07-20T10:46:14","date_gmt":"2022-07-20T17:46:14","guid":{"rendered":"https:\/\/www.squareone.ca\/types-police\/risques-couvertures-facultatives\/protection-locataire"},"modified":"2025-11-12T12:13:16","modified_gmt":"2025-11-12T20:13:16","slug":"protection-locataire","status":"publish","type":"page","link":"https:\/\/www.squareone.ca\/fr\/locataire\/protection-locataire","title":{"rendered":"Garantie pour locataires"},"content":{"rendered":"<section class=\"bg-shape-split bg-sub-page-hero\">\r\n<div class=\"bg-position\">\r\n<div class=\"container-fluid\">\r\n\t<h1>Garantie pour locataires<\/h1>\r\n\t<p class=\"display-4\">\u00c0 titre de locataire, vous \u00eates responsable de vos possessions, et votre propri\u00e9taire est responsable de ses possessions, non?<\/p>\r\n\t<p class=\"display-4\">Dans les faits, il n\u2019est pas toujours si simple. Si un locataire endommage les biens du propri\u00e9taire bailleur, m\u00eame involontairement, il existe plusieurs sc\u00e9narios dans lesquels le propri\u00e9taire bailleur peut obliger le locataire de payer les r\u00e9parations. Remarquez que bon nombre de types de dommages ne sont pas couverts par l\u2019assurance locataire ou l\u2019assurance propri\u00e9taire bailleur. Dans ces cas, le locataire et le propri\u00e9taire bailleur doivent r\u00e9gler le diff\u00e9rend entre eux, ce qui peut donner lieu \u00e0 des conversations d\u00e9sagr\u00e9ables.<\/p>\r\n\t<p class=\"display-4\">Pour cette raison, Square One offre <strong>la Garantie pour locataires<\/strong> \u00e0 titre de couverture suppl\u00e9mentaire dans le cadre de nos polices <a href=\"\/fr\/locataire\" title=\"Assurance locataire\">assurance locataire<\/a>.<\/p>\r\n\t<p class=\"display-4\">Lisez la suite pour obtenir de plus amples renseignements.<\/p>\r\n\t<\/div>\r\n\t<\/div>\r\n\t<div class=\"bg-bottom\"><\/div>\r\n<\/section>\r\n\r\n<section id=\"body\" class=\"mb-3 xwide-mobile py-6\">\r\n\t<div class=\"container-fluid\">\r\n\r\n\t\t<table width=\"100%\">\r\n\t\t<tbody valign=\"top\">\r\n\t\t<tr>\r\n\t\t<td width=\"28%\">\r\n\t\t<h3>Qu\u2019est-ce que la Garantie pour locataires?<\/h3>\r\n\t\t<\/td>\r\n\t\t<td width=\"2%\"><\/td>\r\n\t\t<td class=\"pb-6\">\r\n\t\t<p>La Garantie pour locataires est une couverture unique qui aide les locataires et les propri\u00e9taires bailleurs.<\/p>\r\n\t\t<p>Cette assurance offre une protection contre des dommages soudains et involontaires caus\u00e9s par les locataires \u00e0 la propri\u00e9t\u00e9 locative. Gr\u00e2ce \u00e0 cette couverture, les propri\u00e9taires bailleurs ont la possibilit\u00e9 de pr\u00e9senter une r\u00e9clamation pour les dommages contre la police de leur locataire et de recevoir directement les r\u00e8glements.<\/p>\r\n\t\t<p>G\u00e9n\u00e9ralement, les polices d\u2019assurance locataire ne couvrent pas les dommages aux biens du propri\u00e9taire bailleur, \u00e0 moins que l\u2019on puisse prouver clairement la responsabilit\u00e9 du locataire. Cela dit, la couverture est limit\u00e9e aux dommages provoqu\u00e9s par l\u2019incendie ou l\u2019eau.<\/p>\r\n\t\t<p><strong>Gr\u00e2ce \u00e0 la Garantie pour locataires, les locataires peuvent dormir sur les deux oreilles en sachant qu\u2019ils n\u2019auront pas \u00e0 payer les dommages involontaires aux biens de leur propri\u00e9taire bailleur.<\/strong> Cela comprend les dommages aux \u00e9lectrom\u00e9nagers, les d\u00e9g\u00e2ts caus\u00e9s par les enfants ou les autres types de dommages involontaires impr\u00e9visibles.<\/p>\r\n\t\t<\/td>\r\n\t\t<\/tr>\r\n\r\n\t\t<tr>\r\n\t\t<td>\r\n\t\t<h3>Comment fonctionne la Garantie pour locataires?<\/h3>\r\n\t\t<\/td>\r\n\t\t<td><\/td>\r\n\t\t<td class=\"pb-6\">\r\n\t\t<p>Il existe peu de solutions en assurance pour les locataires qui endommagent involontairement les biens de leur propri\u00e9taire bailleur.  Normalement, c\u2019est le locataire qui doit r\u00e9gler les r\u00e9parations.<\/p>\r\n\t\t<p>En vertu de la Garantie pour locataires, le propri\u00e9taire bailleur peut pr\u00e9senter une r\u00e9clamation contre la police d\u2019assurance locataire de son locataire. Si la r\u00e9clamation du propri\u00e9taire bailleur est approuv\u00e9e, le locataire ne paiera que la franchise et la police couvrira les frais de r\u00e9paration restants.<\/p>\r\n\t\t<p>Et le meilleur de tout cela?<\/p>\r\n\t\t<p>\u00c0 la diff\u00e9rence de la plupart des r\u00e9clamations en assurance, le fait de pr\u00e9senter une r\u00e9clamation en vertu de la Garantie pour locataires n\u2019aura aucune incidence sur les primes du locataire et du propri\u00e9taire bailleur chez Square One. Qui plus est, elle n\u2019aura aucune incidence sur la r\u00e9\u00e9valuation ou la demande d\u2019assurance chez nous.<\/p>\r\n\t\t<p>Il s\u2019agit d\u2019une couverture selon la valeur \u00e0 neuf&nbsp;: autrement dit, les frais de remplacer les biens endommag\u00e9s avec des biens de type et de qualit\u00e9 semblables. Cela comprend les frais d\u2019installation, qui peuvent \u00eatre consid\u00e9rables selon la nature des r\u00e9parations.<\/p>\r\n\r\n\t\t<\/td>\r\n\t\t<\/tr>\r\n\r\n\t\t<tr>\r\n\t\t<td>\r\n\t\t<h3>Combien co\u00fbte-t-elle la Garantie pour locataires?<\/h3>\r\n\t\t<\/td>\r\n\t\t<td><\/td>\r\n\t\t<td class=\"pb-6\">\r\n\t\t<p>La Garantie pour locataires est une couverture facultative et commence \u00e0 partir de <strong>2,50 $\/mois<\/strong> seulement. Les limitations de couverture commencent \u00e0 compter de 5 000 $, mais vous pouvez choisir une limitation de couverture plus \u00e9lev\u00e9e, jusqu\u2019\u00e0 50 000 $.<\/p>\r\n\t\t<\/td>\r\n\t\t<\/tr>\r\n\r\n\t\t<tr>\r\n\t\t<td>\r\n\t\t<h3>Quelle est la franchise de la Garantie pour locataires?<\/h3>\r\n\t\t<\/td>\r\n\t\t<td><\/td>\r\n\t\t<td>\r\n\t\t<p>Peu importe la limitation de couverture, la Garantie pour locataires comprend une <strong>franchise de 250 $<\/strong> (ind\u00e9pendamment de la franchise normale de la police).<\/p>\r\n\t\t<p>\u00c7a vous tente? Commencez votre soumission d\u2019assurance locataire en inscrivant votre adresse ci-dessous.<\/p>\r\n\t\t<\/td>\r\n\t\t<\/tr>\r\n\t<\/tbody>\r\n<\/table>\r\n<\/div>\r\n<\/section>\r\n\r\n\t<section class=\"cta-with-illustration bg-shape py-lg-0 bg-transparent\">\n\t\t<img decoding=\"async\" src=\"\/sales\/images\/bgs\/bg-mid-page-cta-top.svg\" style=\"width: 100%; max-height: 80px; position: relative; top: 1px;\" \/>\n\t\t\n\t\t<div class=\"w-100 bg-darkTeal\">\n\t\t\t<div class=\"container-fluid h-100\">\n\t\t\t\t<div class=\"row d-flex align-items-center h-100\">\n\t\t\t\t\t<div class=\"col-12 col-md-5 col-lg-6 col-xl-5 illustration text-center text-lg-left\">\n\t\t\t\t\t\t<img decoding=\"async\" src=\"\/sales\/images\/illustrations\/illustration-working-at-computer.png\" class=\"mw-100\" width=\"398\" loading=\"lazy\" alt=\"Illustration d\u2019une personne travaillant devant un ordinateur\">\n\t\t\t\t\t<\/div>\n\t\n\t\t\t\t\t<div class=\"col-12 col-md-7 col-lg-6 col-xl-7 pb-5 pb-lg-0\">\n\t\t\t\t\t\t<div class=\"h6 mb-4 text-primary text-uppercase\">Cela ne prend que 5\u00a0minutes <\/div>\n\t\t\t\t\t\t<div class=\"h3 text-uc-first text-white\">Pr\u00eat \u00e0 obtenir une soumission en ligne?<\/div>\n\t\t\t\t\t\t<p class=\"mw-lg-80 text-uc-first text-white\">Votre temps est aussi pr\u00e9cieux que vos possessions. Obtenez une soumission d'assurance locataire en <strong>5 minutes<\/strong>. C\u2019est moins de temps qu\u2019il n\u2019en faut pour faire la file pour un caf\u00e9.<\/p>\n\t\t\t\t\t\t<div id=\"sq1-qw-6c5a53621721\" class=\"sq1-quote-widget text-white\" data-quote-widget-type=\"HOME\" data-has-custom-text=\"true\">\n\t\t\t\t\t\t\t<div class=\"input-group input-group-focus-within bg-white my-4\">\n\t\t\t\t\t\t\t\t<div>\n\t\t\t\t\t\t\t\t\t<div class=\"input-group-text\"><i class=\"fa fa-map-marker text-black\"><\/i><\/div>\n\t\t\t\t\t\t\t\t<\/div>\n\t\t\t\t\t\t\t\t<input type=\"text\" class=\"form-control\" placeholder=\"Inscrire votre adresse \" aria-label=\"Inscrire votre adresse \">\n\t\t\t\t\t\t\t\t<div>\n\t\t\t\t\t\t\t\t\t<button class=\"btn btn-primary\" type=\"button\">Obtenir une soumission <\/button>\n\t\t\t\t\t\t\t\t<\/div>\n\t\t\t\t\t\t\t<\/div>\n\t\t\t\t\t\t<\/div>\n\t\t\t\t\t\t<p class=\"small text-white\">Avant de commencer, veuillez lire notre <a href=\"https:\/\/www.squareone.ca\/fr\/politique-confidentialite\" target=\"_blank\" rel=\"noreferrer noopener\">Politique de confidentialit\u00e9<\/a> et nos <a href=\"https:\/\/www.squareone.ca\/fr\/conditions-utilisation\" target=\"_blank\" rel=\"noreferrer noopener\">Conditions d\u2019utilisation<\/a>.<\/p>\t\t\t\t\t\n\t\t\t\t\t<\/div>\n\t\t\t\t<\/div>\n\t\t\t<\/div>\n\t\t<\/div>\t\t\t\n\t\t\n\t\t<img decoding=\"async\" src=\"\/sales\/images\/bgs\/bg-mid-page-cta-bottom.svg\" style=\"width: 100%; max-height: 80px\" \/>\n\t<\/section>\r\n\t<section id=\"populate_recent_reviews\" class=\"reviews bg-shape overflow-hidden\">\n\t    <div class=\"container-fluid\">\n\t        <div v-show=\"showLoader\" class=\"text-center mt-6 mb-0\">\n                <div class=\"spinner-border text-primary\" role=\"status\">\n                    <span class=\"visually-hidden\">Loading...<\/span>\n                <\/div>\n            <\/div>\n\t        <div class=\"row\" v-show=\"!showLoader\">\n\t            <div class=\"col-12 col-lg-3 offset-lg-1\">\n\t                <div class=\"h6 mb-3 text-secondary-alt text-uppercase\">\n\t                \tCe que disent nos clients \n                    <\/div>\n\t                <div class=\"mb-4\">\n\t                \t<span class=\"display-1\">{{ totalReviews }}<\/span>\n\t                \t<div class=\"small\">\u00c9valuations v\u00e9rifi\u00e9es <\/div>\n                    <\/div>\n\t                <p>Ne nous croyez pas sur parole. Voici un aper\u00e7u des \u00e9valuations qui alimentent notre cote moyenne de {{ avgScore }} \u00e9toiles sur 5. Vous voulez en lire plus?\nConsulter notre <a href=\"https:\/\/www.squareone.ca\/fr\/evaluations\">page d\u2019\u00e9valuations<\/a>.<\/p>\n\t            <\/div>\n\t            <div class=\"col-12 col-lg-8 pt-4\">\n\t                <div class=\"reviews-carousel w-100\" aria-label=\"Glissez pour voir plus d\u2019\u00e9valuations\">\n\t                    <div class=\"carousel-cell col-12 col-lg-6\" v-for=\"(review,index) in reviews\" :key=\"index\">\n                            <div class=\"card review mb-4\">\n                                <div class=\"card-body\">\n                                    <div class=\"h3\">{{ review.ReviewTitle }}<\/div>\n                                      <div class=\"rating small mb-3\" v-if=\"review.ReviewRating\">\n                                            <span v-for=\"n in 5\">\n                                                <i v-if=\"n <= review.ReviewRating\" class=\"fa fa-star\"><\/i>\n                                                <i v-else class=\"fa fa-star-o\"><\/i>\n                                            <\/span>\n                                    <\/div>\n                                    <div class=\"rating small mb-3\" v-else>\n                                            <span v-for=\"n in 5\">\n                                              <i class=\"fa fa-star-o\"><\/i>\n                                            <\/span>\n                                    <\/div>\n                                    <p>{{ review.SummaryText }}<\/p>\n                                    <div class=\"review-footer\">\n                                        <div class=\"date small text-muted float-end pt-1\">{{ review.ReviewedAt }}<\/div>\n                                        <span class=\"fw-bold me-3\">{{ review.ReviewerName }}<\/span>\n                                        <span class=\"text-muted\">{{ review.ReviewerCity }}, {{ review.ProvinceId }}<\/span>\n                                    <\/div>\n                                   \n                                <\/div>\n                            <\/div>\n                        <\/div>\n                    <\/div>\n                <\/div>\n                <div class=\"col-12 flickity-custom-buttons\"><\/div>\n            <\/div>\n        <\/div>\n\t<\/section>\n\n    <script src=\"https:\/\/cdn.jsdelivr.net\/npm\/vue@2.6.11\/dist\/vue.min.js\"\n        integrity=\"sha384-OZmxTjkv7EQo5XDMPAmIkkvywVeXw59YyYh6zq8UKfkbor13jS+5p8qMTBSA1q+F\"\n        crossorigin=\"anonymous\"><\/script>\n    <script src=\"https:\/\/cdn.jsdelivr.net\/npm\/axios@1.8.4\/dist\/axios.min.js\" \n        integrity=\"sha384-06w+raHvkSL3+E7mbQ2X6DZwI5A3veU8Ba+NLrAPxxRGw4Xy78sihHDHQMustMM4\" \n        crossorigin=\"anonymous\"><\/script>\n\n<script type=\"text\/javascript\">\n    new Vue({\n        el: '#populate_recent_reviews',\n        data: {\n            reviews: [],\n            totalReviews: 0,\n            avgScore: 0,         \n            showLoader: false,\n        },\n     \n        methods: {\n            getReviews : function() {\n                var self = this;\n                var url = '\/sales\/index.php\/customerReview\/getHighlightedReviews';\n                \n                self.reviews = [];\n                self.showLoader = true;\n\n                axios.get(url, {\n                    params: {\n                        culture: \"fr_CA\",                        \n                    }\n                })\n                .then(response => {\n                    self.totalReviews = response.data.totalReviews;\n                    self.avgScore = response.data.avgScore;\n                  \n                    if (response.data.results.length) {\n                        self.reviews = response.data.results;\n                    }\n                    self.showLoader = false;\n                })\n                .catch(error => {\n                    self.showLoader = false;\n                    console.log(error);\n                });\n            }          \n        },\n        mounted: function () {\n            this.getReviews();\n        }\n    });\n<\/script>\r\n\t<section class=\"footer-cta bg-shape mt-6\">\n\t    <div class=\"container-fluid\">\n\t        <div class=\"row\">\n\t            <div class=\"col-10 offset-1 col-lg-8 offset-lg-2 text-center\">\n\t                <div class=\"h6 text-secondary-alt text-uppercase mb-4\">vous \u00eates en bonne compagnie <\/div>\n\t                <div class=\"h2 text-uc-first mb-4\">Joignez-vous \u00e0 plus de 3 000 000 de clients qui ont re\u00e7u une soumission en assurance habitation de notre part.<\/div>\n\t\t\t\t\t<div id=\"sq1-qw-aa7b59fa7f68\" class=\"sq1-quote-widget\" data-quote-widget-type=\"HOME\" data-has-custom-text=\"true\" style=\"min-height: 68px; height: auto\"><\/div>\n\t                <p class=\"text-uc-first\">D\u00e9couvrez \u00e0 quel point l'assurance locataire est abordable \u00e0 l'aide d'une soumission en ligne en 5 minutes.<\/p>\n\t                <p class=\"text-light small text-uc-first\">Avant de commencer, veuillez lire notre <a href=\"https:\/\/www.squareone.ca\/fr\/politique-confidentialite\" target=\"_blank\" rel=\"noreferrer noopener\">Politique de confidentialit\u00e9<\/a> et nos <a href=\"https:\/\/www.squareone.ca\/fr\/conditions-utilisation\" target=\"_blank\" rel=\"noreferrer noopener\">Conditions d\u2019utilisation<\/a>.<\/p>\n\t            <\/div>\n\t        <\/div>\n\t    <\/div>\n\t    <div class=\"locations position-absolute fw-bold w-100 text-center pb-6 px-3\">Une compagnie canadienne exploit\u00e9e par des Canadiens. Nous offrons nos services au <a href=\"\/fr\/habitation\/quebec\" class=\"text-grey-900 text-decoration-none\">Qu\u00e9bec<\/a>, en Colombie-Britannique, en Alberta, en Saskatchewan, au Manitoba et en Ontario.<\/div>\n\t<\/section>","protected":false},"excerpt":{"rendered":"<p>Garantie pour locataires \u00c0 titre de locataire, vous \u00eates responsable de vos possessions, et votre propri\u00e9taire est responsable de ses possessions, non? Dans les faits, il n\u2019est pas toujours si simple. Si un locataire endommage les biens du propri\u00e9taire bailleur, m\u00eame involontairement, il existe plusieurs sc\u00e9narios dans lesquels le propri\u00e9taire bailleur peut obliger le locataire [&hellip;]<\/p>\n","protected":false},"author":20,"featured_media":0,"parent":48133,"menu_order":0,"comment_status":"closed","ping_status":"closed","template":"","meta":{"_acf_changed":false,"footnotes":""},"class_list":["post-58563","page","type-page","status-publish","hentry"],"acf":[],"_links":{"self":[{"href":"https:\/\/www.squareone.ca\/fr\/wp-json\/wp\/v2\/pages\/58563","targetHints":{"allow":["GET"]}}],"collection":[{"href":"https:\/\/www.squareone.ca\/fr\/wp-json\/wp\/v2\/pages"}],"about":[{"href":"https:\/\/www.squareone.ca\/fr\/wp-json\/wp\/v2\/types\/page"}],"author":[{"embeddable":true,"href":"https:\/\/www.squareone.ca\/fr\/wp-json\/wp\/v2\/users\/20"}],"replies":[{"embeddable":true,"href":"https:\/\/www.squareone.ca\/fr\/wp-json\/wp\/v2\/comments?post=58563"}],"version-history":[{"count":4,"href":"https:\/\/www.squareone.ca\/fr\/wp-json\/wp\/v2\/pages\/58563\/revisions"}],"predecessor-version":[{"id":77417,"href":"https:\/\/www.squareone.ca\/fr\/wp-json\/wp\/v2\/pages\/58563\/revisions\/77417"}],"up":[{"embeddable":true,"href":"https:\/\/www.squareone.ca\/fr\/wp-json\/wp\/v2\/pages\/48133"}],"wp:attachment":[{"href":"https:\/\/www.squareone.ca\/fr\/wp-json\/wp\/v2\/media?parent=58563"}],"curies":[{"name":"wp","href":"https:\/\/api.w.org\/{rel}","templated":true}]}}