{"id":58593,"date":"2022-07-22T13:04:42","date_gmt":"2022-07-22T20:04:42","guid":{"rendered":"https:\/\/www.squareone.ca\/types-assurance"},"modified":"2025-01-31T11:11:59","modified_gmt":"2025-01-31T19:11:59","slug":"types-assurance","status":"publish","type":"page","link":"https:\/\/www.squareone.ca\/fr\/centres-ressources\/bases-assurance\/types-assurance","title":{"rendered":"Initiation aux diff\u00e9rents types d&rsquo;assurance"},"content":{"rendered":"<section id=\"intro\" class=\"bg-shape sub-page-jumbotron xwide-mobile mb-6\">\r\n    <div class=\"container-fluid\">\r\n        <h1>Initiation aux diff\u00e9rents types d&rsquo;assurance<\/h1>\r\n        <p class=\"display-4\">Les polices d\u2019assurance sont class\u00e9es de plusieurs fa\u00e7ons. Les deux cat\u00e9gories g\u00e9n\u00e9rales sont l\u2019assurance-vie et l\u2019assurance dommages. Au sein de ces cat\u00e9gories, il existe plusieurs sous-cat\u00e9gories, certains desquels sont d\u00e9crites ci-dessous.<\/p>\r\n        <div class=\"row\">\r\n            <div class=\"col-12 col-lg-9 mb-3\">\r\n                <p class=\"mb-2 display-4\"><strong>Types d\u2019assurance<\/strong><\/p>\r\n                <ul class=\"list-unstyled link-list display-4\">\r\n                    <li><a href='#life'>Assurance-vie<\/a><\/li>\r\n                    <li><a href='#travel'>Assurance voyage<\/a><\/li>\r\n                    <li><a href='#auto'>Assurance automobile<\/a><\/li>\r\n                    <li><a href='#commercial'>Assurance commerciale<\/a><\/li>\r\n                    <li><a href='#home'>Assurance habitation<\/a><\/li>\r\n                <\/ul>\r\n            <\/div>\r\n            \r\n        <\/div>\r\n    <\/div>\r\n<\/section>\r\n\r\n<section>\r\n<div class=\"container-fluid pb-6\">\r\n    <div class=\"row\">\r\n        <div class=\"col-12 col-lg-10 offset-lg-1\">\r\n            <h2 id=\"life\">Assurance-vie<\/h2>\r\n            <p>Il s\u2019agit d\u2019une assurance qui prot\u00e8ge les particuliers ou leurs personnes \u00e0 charge contre les pertes financi\u00e8res d\u00e9coulant d\u2019une blessure, d\u2019une maladie ou d\u2019un d\u00e9c\u00e8s.  Selon vos besoins, vous pouvez choisir entre divers types d\u2019assurance-vie.<\/p>\r\n            <p><strong>L\u2019assurance-vie temporaire<\/strong> couvre une p\u00e9riode d\u00e9termin\u00e9e. \u00c0 la fin du terme, vous d\u00e9cidez de renouveler ou non la couverture.<\/p>\r\n            <p><strong>L\u2019assurance-vie enti\u00e8re ou permanente<\/strong> couvre la vie enti\u00e8re de l\u2019assur\u00e9 et garantit le versement d\u2019un capital aux ayants droit de celui-ci \u00e0 son d\u00e9c\u00e8s et dont une partie de la prime, apr\u00e8s un certain temps, donne lieu \u00e0 un placement correspondant \u00e0 la valeur de rachat du contrat. L\u2019assur\u00e9 peut emprunter des fonds contre ce placement.<\/p>\r\n            <p><strong>L\u2019assurance maladie ou invalidit\u00e9<\/strong> couvre les d\u00e9penses normales d\u2019un assur\u00e9 si celui-ci ne peut pas travailler en raison d\u2019une maladie ou d\u2019une invalidit\u00e9.<\/p>\r\n\r\n            <h2 id=\"travel\">Assurance voyage<\/h2>\r\n            <p>L\u2019assurance voyage prot\u00e8ge l\u2019assur\u00e9 lorsque celui-ci voyage \u00e0 l\u2019ext\u00e9rieur de sa province de r\u00e9sidence.<\/p>\r\n            <p>Le r\u00e9gime m\u00e9dical provincial r\u00e8gle une portion des pertes, alors que l\u2019assurance voyage r\u00e8gle le reste. L\u2019assurance voyage couvre \u00e9galement plusieurs types de pertes que le r\u00e9gime provincial ne couvre pas forc\u00e9ment. Ce type de couverture est recommand\u00e9 si l\u2019assur\u00e9 quitte sa province de r\u00e9sidence, qu\u2019il s\u2019agisse d\u2019un voyage en Europe d\u2019un mois, aux \u00c9tats-Unis une fin de semaine ou \u00e0 une autre province pour visiter la famille.<\/p>\r\n\r\n            <h2 id=\"auto\">Assurance automobile<\/h2>\r\n            <p>Au Canada, l\u2019assurance automobile diff\u00e8re de province en province. Les polices peuvent \u00eatre souscrites par des fournisseurs d\u2019assurance publics, des compagnies d\u2019assurance priv\u00e9es ou une combinaison des deux.<\/p>\r\n            <p>Pour de plus amples renseignements sur l\u2019assurance automobile dans votre province, nous vous recommandons de consulter un agent en assurance local.<\/p>\r\n\r\n            <h2 id=\"commercial\">Assurance commerciale<\/h2>\r\n            <p>Si vous exploitez votre propre entreprise, il est crucial que vous ayez une assurance commerciale ad\u00e9quate. Il existe plusieurs solutions, entre autres l\u2019assurance contre les pertes d\u2019exploitation, l\u2019assurance des biens \u00e0 usage commercial, l\u2019assurance responsabilit\u00e9 civile entreprise et l\u2019assurance maritime et fluviale.<\/p>\r\n            <p>Pour de plus amples renseignements sur l\u2019assurance commerciale, nous vous recommandons de consulter un agent en assurance local.<\/p>\r\n\r\n            <h2 id=\"home\">Assurance habitation<\/h2>\r\n            <p>Que vous soyez propri\u00e9taire occupant ou locataire, vous avez int\u00e9r\u00eat \u00e0 v\u00e9rifier que votre police couvre ce que vous pensez qu\u2019elle couvre. Il est important que vous compreniez les <a href=\"\/fr\/centres-ressources\/bases-assurance\/types-de-polices-assurance-habitation\" title=\"Initiation aux diff\u00e9rents types d\u2019assurance habitation\">types d\u2019assurance habitation<\/a> offertes.<\/p>\r\n            <p>D\u00e9couvrez tous les d\u00e9tails sur <a href=\"\/fr\/habitation\" title=\"Assurance habitation\">l\u2019assurance habitation<\/a><\/p>\r\n\r\n        <\/div>\r\n    <\/div>\r\n\r\n<\/div>\r\n<\/section>\r\n\r\n<section class=\"bg-shape-split shape-uuge-blue\">\r\n    <div class=\"bg-top\" style=\"max-height: 125px;\"><\/div>\r\n    <div class=\"bg-position py-8\">\r\n        <div class=\"container-fluid\">\r\n            <div class=\"row\">\r\n                <div class=\"col-12 col-md-4 mt-3\">\r\n                    <div class=\"p-0 p-sm-3 bg-white shadow-sm d-flex flex-column h-100\">\r\n                        <img decoding=\"async\" width=\"60px\" src=\"\/sales\/images\/icons\/icon-read.svg\" class=\"d-block align-items-center mx-auto m-2\" alt=\"Book\">\r\n                        <h2 class=\"text-center\">Lisez des articles connexes<\/h2>\r\n                        <p class=\"pb-0 mb-0\">Jetez un \u0153il \u00e0 ces articles connexes&nbsp;:<\/p>\r\n                        <ul>\r\n                            <li><a href=\"\/fr\/centres-ressources\/bases-assurance\/assurance-responsabilite-civile\">Qu\u2019est-ce que l\u2019assurance responsabilit\u00e9 civile?<\/a><\/li>\r\n                            <li><a href=\"\/fr\/centres-ressources\/bases-assurance\/types-assurance\">Quels types d\u2019assurance existe-t-il?<\/a><\/li>                   \r\n                        <\/ul>\r\n                    <\/div>\r\n                <\/div>\r\n\r\n                <div class=\"col-12 col-md-4 mt-3\">\r\n                    <div class=\"p-0 p-sm-3 bg-white shadow-sm d-flex flex-column h-100\">\r\n                        <img decoding=\"async\" width=\"60px\" src=\"\/sales\/images\/icons\/icon-computer.svg\" class=\"d-block align-items-center mx-auto m-2\" alt=\"Ordinateur\">\r\n                        <h2 class=\"text-center\">Obtenez gratuitement une soumission<\/h2>\r\n                        <p class=\"flex-grow-1\">Obtenez une soumission d\u2019assurance habitation en ligne et d\u00e9couvrez combien d\u2019argent vous pouvez \u00e9conomiser en transf\u00e9rant votre assurance \u00e0 Square One. Ou composez le <a class=\"strong tel\" href=\"tel:1-855-331-6933\" style=\"text-decoration:none\">1-855-331-6933<\/a> pour obtenir une soumission au t\u00e9l\u00e9phone. Dans les deux cas, vous pouvez obtenir une soumission personnalis\u00e9e en 5&nbsp;minutes.<\/p>\r\n                                                    <p class=\"text-center\"><a class=\"btn btn-primary forward-arrow\" href=\"\/fr\/soumission-assurance-habitation-en-ligne\">Obtenez une soumission en ligne<\/a><\/p>\r\n                    <\/div>\r\n                <\/div>\r\n\r\n                <div class=\"col-12 col-md-4 mt-3\">\r\n                    <div class=\"p-0 p-sm-3 bg-white shadow-sm d-flex flex-column h-100\">\r\n                        <img decoding=\"async\" width=\"60px\" src=\"\/sales\/images\/icons\/icon-people.svg\" class=\"d-block align-items-center mx-auto m-2\" alt=\"Gens\">\r\n                        <h2 class=\"text-center\">Prot\u00e9gez votre famille<\/h2>\r\n                        <p class=\"flex-grow-1\">\r\n                            M\u00eame si vous prenez des pr\u00e9cautions, les accidents peuvent toujours survenir. L\u2019assurance habitation est un moyen de prot\u00e9ger votre famille contre les pertes financi\u00e8res d\u00e9coulant d\u2019un accident. L\u2019assurance habitation peut commencer <strong>\u00e0 compter de <span class=\"display-ca\">15&nbsp;$<\/span>\/mois seulement<\/strong>.\r\n                        <\/p>\r\n\r\n                        <p class=\"text-center\"><a href=\"\/fr\/habitation\" class=\"btn-link\">Cliquez ici pour tous les d\u00e9tails<\/a><\/p>\r\n                    <\/div>\r\n                <\/div>\r\n            <\/div>\r\n        <\/div>\r\n    <\/div>\r\n<\/section>","protected":false},"excerpt":{"rendered":"<p>Initiation aux diff\u00e9rents types d&rsquo;assurance Les polices d\u2019assurance sont class\u00e9es de plusieurs fa\u00e7ons. Les deux cat\u00e9gories g\u00e9n\u00e9rales sont l\u2019assurance-vie et l\u2019assurance dommages. Au sein de ces cat\u00e9gories, il existe plusieurs sous-cat\u00e9gories, certains desquels sont d\u00e9crites ci-dessous. Types d\u2019assurance Assurance-vie Assurance voyage Assurance automobile Assurance commerciale Assurance habitation Assurance-vie Il s\u2019agit d\u2019une assurance qui prot\u00e8ge les [&hellip;]<\/p>\n","protected":false},"author":2,"featured_media":0,"parent":50045,"menu_order":0,"comment_status":"open","ping_status":"closed","template":"","meta":{"_acf_changed":false,"footnotes":""},"class_list":["post-58593","page","type-page","status-publish","hentry"],"acf":[],"_links":{"self":[{"href":"https:\/\/www.squareone.ca\/fr\/wp-json\/wp\/v2\/pages\/58593","targetHints":{"allow":["GET"]}}],"collection":[{"href":"https:\/\/www.squareone.ca\/fr\/wp-json\/wp\/v2\/pages"}],"about":[{"href":"https:\/\/www.squareone.ca\/fr\/wp-json\/wp\/v2\/types\/page"}],"author":[{"embeddable":true,"href":"https:\/\/www.squareone.ca\/fr\/wp-json\/wp\/v2\/users\/2"}],"replies":[{"embeddable":true,"href":"https:\/\/www.squareone.ca\/fr\/wp-json\/wp\/v2\/comments?post=58593"}],"version-history":[{"count":6,"href":"https:\/\/www.squareone.ca\/fr\/wp-json\/wp\/v2\/pages\/58593\/revisions"}],"predecessor-version":[{"id":74449,"href":"https:\/\/www.squareone.ca\/fr\/wp-json\/wp\/v2\/pages\/58593\/revisions\/74449"}],"up":[{"embeddable":true,"href":"https:\/\/www.squareone.ca\/fr\/wp-json\/wp\/v2\/pages\/50045"}],"wp:attachment":[{"href":"https:\/\/www.squareone.ca\/fr\/wp-json\/wp\/v2\/media?parent=58593"}],"curies":[{"name":"wp","href":"https:\/\/api.w.org\/{rel}","templated":true}]}}