{"id":58651,"date":"2022-07-26T10:38:05","date_gmt":"2022-07-26T17:38:05","guid":{"rendered":"https:\/\/www.squareone.ca\/assurance-inondation"},"modified":"2025-06-19T09:38:47","modified_gmt":"2025-06-19T16:38:47","slug":"assurance-inondation","status":"publish","type":"page","link":"https:\/\/www.squareone.ca\/fr\/centres-ressources\/bases-assurance\/assurance-inondation","title":{"rendered":"Assurance inondation au Canada"},"content":{"rendered":"<main>\r\n<section id='intro' class=\"bg-shape-split bg-sub-page-hero\">\r\n    <div class=\"bg-position\">\r\n        <div class=\"container-fluid\">\r\n            <div class=\"row align-items-center\">\r\n                <div class=\"col-12 col-lg-8\">\r\n                    <h1>Assurance inondation au Canada<\/h1>\r\n<strong>Article r\u00e9dig\u00e9 par l'\u00e9quipe de Square One<\/strong>\r\n\t\t\t\t\t<p><strong>Article \u00e9valu\u00e9 par <a href=\"\/fr\/a-propos-de-nous\/experts\/daniel-mirkovic\" title=\"Expert : Daniel Mirkovic\">Daniel Mirkovic<\/a><\/strong><\/p>\t\t\r\n<p class=\"pb-4\" style=\"margin-top:-24px\">Mis \u00e0 jour le 17 juin 2024<\/p>\r\n\r\n                <\/div>\r\n            <\/div>\r\n\r\n            <div class=\"row\">\r\n                <div class=\"col-lg-8\">\r\n                    <p class=\"display-4\">Les inondations sont des \u00e9v\u00e9nements destructeurs. \u00c0 mesure que les tendances m\u00e9t\u00e9orologiques \u00e9voluent, la pluie et la fonte de la neige impr\u00e9visible donneront lieu \u00e0 des inondations accrues aux quatre coins du Canada.<\/p>\r\n                    <p class=\"display-4\">Votre police d\u2019assurance habitation prot\u00e8ge-t-elle contre les dommages provoqu\u00e9s par une inondation? La r\u00e9ponse n\u2019est pas toujours simple; lisez la suite pour d\u00e9couvrir les options en assurance inondation au Canada.<\/p>\r\n                    <p class=\"pt-2\"><img loading=\"lazy\" decoding=\"async\" src=\"https:\/\/cdn.squareone.ca\/wp-content\/uploads\/2022\/06\/22213633\/article-flood.png\" title=\"Assurance inondation au Canada\" alt=\"Un camion passe \u00e0 travers une route inond\u00e9e\" width=\"248\" height=\"176\" class=\"img-fluid\" rel=\"noopener noreferrer\" \/><\/p>\r\n                <\/div>\r\n\r\n                <div class=\"col-lg-3 offset-lg-1\">          \r\n                    <p class=\"mb-2 display-4 pt-4 pt-lg-0 pt-mb-0\"><strong>Th\u00e8mes<\/strong><\/p>\r\n                        <ul class=\"list-unstyled link-list display-4\">\r\n                            <li><a href=\"#inondation\">L\u2019assurance inondation est-elle n\u00e9cessaire?<\/a><\/li>\r\n                            <li><a href=\"#couverture\">Couverture pour inondation fluviale<\/a><\/li>\r\n                            <li><a href=\"#comment-trouver\">Comment trouver une assurance inondation<\/a><\/li>\r\n                        <\/ul>\r\n                <\/div>\r\n            <\/div>  \r\n        <\/div>\r\n    <\/div>\r\n    <div class=\"bg-bottom\"><\/div>\r\n<\/section>\r\n\r\n<section>\r\n    <div class=\"container-fluid py-6\">\r\n        <div class=\"row\">\r\n            <div class=\"col-12 col-lg-8\">\r\n\r\n<div class=\"row pb-6\">\r\n                    <div class=\"col-12\">\r\n                        <div class=\"card review\" style='background-color:#FFE0C9'>\r\n                            <div class=\"card-body\">\r\n                                <p class=\"h3\">L&rsquo;essentiel<\/p>\r\n                                <ul class='mb-0'>\r\n                                    <li>Les types de d\u00e9g\u00e2ts d&rsquo;eau ne sont pas trait\u00e9s tous de la m\u00eame mani\u00e8re dans les polices d&rsquo;assurance habitation.<\/li>\r\n                                    <li>D&rsquo;habitude, les assureurs distinguent entre l&rsquo;inondation fluviale et l&rsquo;inondation c\u00f4ti\u00e8re; la premi\u00e8re est souvent assurable, alors que la deuxi\u00e8me, non.<\/li>\r\n                                    <li>La couverture pour inondation fluviale n&rsquo;est pas accessible \u00e0 tous les propri\u00e9taires occupants, quoique certains assureurs soient plus susceptibles \u00e0 l&rsquo;offrir.<\/li>\r\n                                <\/ul>\r\n                            <\/div>\r\n                        <\/div>\r\n                    <\/div>\r\n                <\/div>            \t\r\n\r\n            <h2 id=\"inondation\">L\u2019assurance inondation est-elle n\u00e9cessaire au Canada?<\/h2>\r\n\r\n            <p>Premi\u00e8rement, il est important de distinguer entre les d\u00e9g\u00e2ts d\u2019inondation et les <a href=\"\/fr\/centres-ressources\/bases-assurance\/degats-eau\" title=\"Peut-on souscrire une assurance contre les d\u00e9g\u00e2ts d\u2019eau?\">d\u00e9g\u00e2ts d&rsquo;eau<\/a>.<\/p> \r\n\r\n            <p>Alors que les dommages caus\u00e9s par l\u2019inondation d\u00e9coulent de l\u2019eau, le secteur de l\u2019assurance voit les sinistres provoqu\u00e9s par l\u2019inondation diff\u00e9remment que les sinistres d\u2019eau ordinaires. Plus pr\u00e9cis\u00e9ment, les dommages provoqu\u00e9s par l\u2019inondation sont les pertes ou dommages caus\u00e9s par les eaux de surface d\u00e9coulant de la pluie, de la neige, des fleuves, des rivi\u00e8res, des lacs et d\u2019autres nappes d\u2019eau.<\/p> \r\n\r\n            <p>Dans la plupart des polices d\u2019assurance habitation, l\u2019inondation ne fait pas partie des d\u00e9g\u00e2ts d\u2019eau couverts. Plut\u00f4t, il s\u2019agit des pertes ou dommages soudains et accidentels caus\u00e9s par la rupture des tuyaux, les chauffe-eau d\u00e9faillants, les baignoires ou les toilettes d\u00e9bordantes, etc. Remarquez que les dommages provoqu\u00e9s par l\u2019inondation <strong>ne sont pas<\/strong> inclus dans le cadre de la protection de base d\u2019une police d\u2019assurance habitation pour ce qui est des d\u00e9g\u00e2ts d\u2019eau.<\/p>\r\n\r\n            <p>Traditionnellement, il \u00e9tait presque impossible de souscrire une assurance pour l\u2019inondation r\u00e9sidentielle au Canada.<\/p>\r\n\r\n            <p>Ceci s\u2019explique par la notion de l\u2019antis\u00e9lection\u00a0: seuls les clients ayant un risque \u00e9lev\u00e9 de subir des dommages d\u2019inondation souscriraient cette assurance. Autrement dit, les clients souscrivant cette assurance seraient les m\u00eames qui pr\u00e9senteraient des r\u00e9clamations en cas d\u2019inondation. Par cons\u00e9quent, les primes de cette assurance seraient d\u00e9mesur\u00e9ment \u00e9lev\u00e9es pour cette fourchette de clients. Cependant, alors que les conditions m\u00e9t\u00e9orologiques continuent d\u2019\u00e9voluer et que l\u2019inondation fluviale devient plus fr\u00e9quente, il y a beaucoup plus de propri\u00e9taires occupants et locataires ayant besoin de cette couverture.<\/p> \r\n\r\n            <p>En cons\u00e9quence, de nombreux Canadiens sont admissibles \u00e0 souscrire une assurance inondation abordable et durable.<\/p>\r\n\r\n            <h2 id=\"couverture\">Couverture pour l&rsquo;inondation fluviale<\/h2>\r\n\r\n            <p>La plupart des polices d\u2019assurance habitation distinguent entre l\u2019inondation fluviale et l\u2019inondation c\u00f4ti\u00e8re.<\/p>\r\n\r\n            <p>L\u2019inondation fluviale a lieu lorsque l\u2019eau douce ou les eaux us\u00e9es d\u00e9bordent des confins normaux d\u2019un lac, d\u2019un fleuve, d\u2019une rivi\u00e8re, d\u2019un canal ou d\u2019une autre nappe d\u2019eau. C\u2019est souvent la cons\u00e9quence de la pluie abondante ou la fonte de la neige. L\u2019inondation c\u00f4ti\u00e8re, en revanche, est provoqu\u00e9e par l\u2019eau sal\u00e9e de l\u2019oc\u00e9an. Elle est souvent le r\u00e9sultat des tsunamis ou de la mar\u00e9e \u00e9lev\u00e9e. La couverture d\u2019assurance habitation pour l\u2019inondation c\u00f4ti\u00e8re est chose rare.<\/p>\r\n\r\n            <p>Pourtant, certains fournisseurs, comme Square One, offrent la <a href=\"\/fr\/habitation\/inondation\" title=\"Assurance inondation fluviale\">protection contre l\u2019inondation fluviale<\/a> \u00e0 titre de couverture suppl\u00e9mentaire dans la plupart des polices <a href=\"\/fr\/habitation\" title=\"Assurance habitation\">d\u2019assurance habitation<\/a>. 94\u00a0% des clients canadiens sont admissibles \u00e0 cette couverture.<\/p>\r\n\r\n            <p>Seules les maisons dans les zones les plus \u00e0 risque sont inadmissibles \u00e0 la protection contre l\u2019inondation. Heureusement, les propri\u00e9taires occupants et les locataires vivant dans ces zones peuvent acc\u00e9der aux <a href=\"https:\/\/www.securitepublique.gc.ca\/cnt\/mrgnc-mngmnt\/rcvr-dsstrs\/dsstr-fnncl-ssstnc-rrngmnts\/index-fr.aspx\" title=\"Accords d'aide financi\u00e8re en cas de catastrophe\" rel=\"noopener noreferrer\" target=\"_blank\">Accords d&rsquo;aide financi\u00e8re en cas de catastrophe<\/a> existants.<\/p>\r\n\r\n            <p>Bien qu\u2019il s\u2019agisse d\u2019un programme f\u00e9d\u00e9ral, chaque programme est administr\u00e9 \u00e0 l\u2019\u00e9chelle provinciale. Dans cette optique, les d\u00e9tails varient de province en province. Par exemple, au Qu\u00e9bec, il y a le <a href=\"https:\/\/www.quebec.ca\/securite-situations-urgence\/obtenir-aide-sinistre\/aide-financiere-municipalites-organismes\" target=\"_blank\" rel=\"noopener noreferrer\" title=\"Aide financi\u00e8re en cas de sinistre, gouvernement du Qu\u00e9bec\">Programme g\u00e9n\u00e9ral d\u2019indemnisation et d\u2019aide financi\u00e8re lors de sinistres r\u00e9els ou imminents<\/a>.<\/p> \r\n\r\n            <h2 id=\"comment-trouver\">Besoin d\u2019aide pour trouver une assurance inondation?<\/h2>\r\n                        \r\n            <p>La plupart des polices d\u2019assurance habitation offrent une protection contre d\u2019autres types de d\u00e9g\u00e2ts d\u2019eau, y compris des sinistres comme le refoulement d\u2019eau, la p\u00e9n\u00e9tration de l\u2019eau \u00e0 travers une ouverture dans le toit et une conduite ma\u00eetresse \u00e9clat\u00e9e, entre autres. Vous pouvez trouver de plus amples renseignements sur les d\u00e9g\u00e2ts d\u2019eau \u00e0 la page <a href=\"\/fr\/habitation\/eau\" title=\"Assurance contre les d\u00e9g\u00e2ts d\u2019eau\">d\u2019assurance contre les d\u00e9g\u00e2ts d\u2019eau<\/a> de Square One.<\/p>\r\n\t\t\t\r\n            <p><strong>Vous voulez en savoir plus?<\/strong> Consultez notre <a href=\"\/fr\/centres-ressources\/bases-assurance\" title=\"Centre de ressources : bases de l\u2019assurance habitation\">Centre de ressources&nbsp;: bases de l\u2019assurance habitation<\/a> pour acc\u00e9der \u00e0 des dizaines d\u2019articles pratiques pour vous guider sur les tenants et aboutissants de l\u2019assurance habitation. Ensuite, <a href=\"\/fr\/soumission-assurance-habitation-en-ligne\" title=\"Obtenir une soumission d\u2019assurance habitation en ligne\">obtenez une soumission d'assurance habitation en ligne<\/a> en moins de 5\u00a0minutes et d\u00e9couvrez \u00e0 quel point l\u2019assurance habitation personnalis\u00e9e peut \u00eatre abordable.<\/p>\r\n\r\n            <div class=\"row py-3\">\r\n<div class=\"col-12\">\r\n<div class=\"card review\" style=\"box-shadow: 0 2px 4px rgba(0,0,0,0.07);background-color:#f4f4f4;\">\r\n<div class=\"card-body\">\r\n\t<p class=\"text-primary h4\">\u00c0 propos de l\u2019expert&nbsp;: Daniel Mirkovic<\/p>\r\n\t<p>Cofondateur de Square One comptant plus de 25&nbsp;ans dans le secteur de l\u2019assurance, Daniel \u00e9tait vice-pr\u00e9sident des services d\u2019assurance et de voyage de la British Columbia Automobile Association (BCAA). Daniel est titulaire d'un baccalaur\u00e9at \u00e8s commerce et d'une ma\u00eetrise \u00e8s administration des affaires, tous deux obtenus \u00e0 la Sauder School of Business de l'universit\u00e9 de la Colombie-Britannique. Daniel est muni de la d\u00e9signation CAAC et d\u2019un certificat en assurance de dommages niveau&nbsp;3 en Colombie-Britannique, en Alberta, en Saskatchewan, au Manitoba et en Ontario.<\/p>\r\n<\/div>\r\n<\/div>\r\n<\/div>\r\n<\/div>\r\n\r\n        <\/div>\r\n    <\/div>\r\n<\/div>\r\n<\/section>\r\n<main>\r\n\r\n<script type=\"application\/ld+json\">\r\n{\r\n  \"@context\": \"https:\/\/schema.org\",\r\n  \"@type\": \"WebPage\",\r\n  \"mainEntityOfPage\": {\r\n    \"@type\": \"Article\",\r\n    \"@id\": \"https:\/\/www.squareone.ca\/fr\/centres-ressources\/bases-assurance\/assurance-inondation\"\r\n  },\r\n  \"author\": [\r\n    {\r\n      \"@type\": \"Person\",\r\n      \"name\": \"Square One team\"\r\n    }\r\n  ],\r\n  \"reviewedBy\": [\r\n    {\r\n      \"@type\": \"Person\",\r\n      \"name\": \"Daniel Mirkovic\",\r\n      \"url\": \"https:\/\/www.squareone.ca\/fr\/a-propos-de-nous\/experts\/daniel-mirkovic\"\r\n    }\r\n  ],\r\n  \"headline\": \"Assurance inondation au Canada\",\r\n  \"datePublished\": \"\",\r\n  \"dateModified\": \"\",\r\n  \"inLanguage\": \"fr-CA\",\r\n  \"isAccessibleForFree\": true\r\n}\r\n<\/script>","protected":false},"excerpt":{"rendered":"<p>Assurance inondation au Canada Article \u00e9valu\u00e9 par Daniel Mirkovic Les inondations sont des \u00e9v\u00e9nements destructeurs. \u00c0 mesure que les tendances m\u00e9t\u00e9orologiques \u00e9voluent, la pluie et la fonte de la neige impr\u00e9visible donneront lieu \u00e0 des inondations accrues aux quatre coins du Canada. Votre police d\u2019assurance habitation prot\u00e8ge-t-elle contre les dommages provoqu\u00e9s par une inondation? La [&hellip;]<\/p>\n","protected":false},"author":2,"featured_media":0,"parent":50045,"menu_order":20,"comment_status":"open","ping_status":"closed","template":"page-article-new.php","meta":{"_acf_changed":false,"footnotes":""},"class_list":["post-58651","page","type-page","status-publish","hentry"],"acf":[],"_links":{"self":[{"href":"https:\/\/www.squareone.ca\/fr\/wp-json\/wp\/v2\/pages\/58651","targetHints":{"allow":["GET"]}}],"collection":[{"href":"https:\/\/www.squareone.ca\/fr\/wp-json\/wp\/v2\/pages"}],"about":[{"href":"https:\/\/www.squareone.ca\/fr\/wp-json\/wp\/v2\/types\/page"}],"author":[{"embeddable":true,"href":"https:\/\/www.squareone.ca\/fr\/wp-json\/wp\/v2\/users\/2"}],"replies":[{"embeddable":true,"href":"https:\/\/www.squareone.ca\/fr\/wp-json\/wp\/v2\/comments?post=58651"}],"version-history":[{"count":17,"href":"https:\/\/www.squareone.ca\/fr\/wp-json\/wp\/v2\/pages\/58651\/revisions"}],"predecessor-version":[{"id":75588,"href":"https:\/\/www.squareone.ca\/fr\/wp-json\/wp\/v2\/pages\/58651\/revisions\/75588"}],"up":[{"embeddable":true,"href":"https:\/\/www.squareone.ca\/fr\/wp-json\/wp\/v2\/pages\/50045"}],"wp:attachment":[{"href":"https:\/\/www.squareone.ca\/fr\/wp-json\/wp\/v2\/media?parent=58651"}],"curies":[{"name":"wp","href":"https:\/\/api.w.org\/{rel}","templated":true}]}}