{"id":60078,"date":"2022-09-21T10:10:55","date_gmt":"2022-09-21T17:10:55","guid":{"rendered":"https:\/\/www.squareone.ca\/soutien\/bases-assurance-conseils\/couvertures-speciales\/entreprise-a-domicile"},"modified":"2025-04-07T15:08:43","modified_gmt":"2025-04-07T22:08:43","slug":"entreprise-a-domicile","status":"publish","type":"page","link":"https:\/\/www.squareone.ca\/fr\/centres-ressources\/bases-assurance\/assurance-entreprise-a-domicile","title":{"rendered":"Existe-t-il une assurance pour les entreprises \u00e0 domicile?"},"content":{"rendered":"<section id='intro' class=\"bg-shape-split bg-sub-page-hero\">\r\n    <div class=\"bg-position\">\r\n        <div class=\"container-fluid\">\r\n            <div class=\"row align-items-center\">\r\n                <div class=\"col-12 col-lg-8\">\r\n                    <h1>Existe-t-il une assurance pour les entreprises \u00e0 domicile?<\/h1>\r\n <strong>Article r\u00e9dig\u00e9 par l'\u00e9quipe de Square One<\/strong>\r\n                    <p><strong>\u00c9valu\u00e9 par <a href=\"\/fr\/a-propos-de-nous\/experts\/daniel-mirkovic\" title=\"Expert : Daniel Mirkovic\">Daniel Mirkovic<\/a><\/strong><\/p> \r\n                    <p class=\"pb-4\" style=\"margin-top:-24px\">Mis \u00e0 jour le 24 juin 2024<\/p>                    \r\n                <\/div>\r\n            <\/div>\r\n\r\n            <div class=\"row\">\r\n                <div class=\"col-lg-8\">\r\n                    <p class=\"display-4\">Exploitez-vous une petite entreprise depuis votre habitation? Envisagez-vous mettre sur pied votre propre entreprise \u00e0 l\u2019avenir? Pas besoin de vous dire que vous avez une longue liste de choses \u00e0 faire! Mais tout d\u2019abord, vous devriez communiquer avec votre fournisseur d\u2019assurance. Ceci est d\u2019une importance capitale\u00a0: nous vous invitons \u00e0 lire la suite pour savoir pourquoi.<\/p>\r\n                    <p class=\"pt-2\"><img loading=\"lazy\" decoding=\"async\" src=\"https:\/\/cdn.squareone.ca\/wp-content\/uploads\/2022\/03\/22172919\/home-based-business.jpg\" title=\"Entreprise \u00e0 domicile\" alt=\"Un homme au travail \u00e0 son bureau \u00e0 domicile\" width=\"248\" height=\"186\" class=\"img-fluid\" rel=\"noopener noreferrer\" \/><\/p>\r\n                <\/div>\r\n\r\n                <div class=\"col-lg-3 offset-lg-1\">          \r\n                    <p class=\"mb-2 display-4 pt-4 pt-lg-0 pt-mb-0\"><strong>Th\u00e8mes<\/strong><\/p>\r\n                        <ul class=\"list-unstyled link-list display-4\">\r\n                            <li><a href='#Risks-should-consider'>Quels sont les risques \u00e0 prendre en consid\u00e9ration?<\/a><\/li>\r\n                            <li><a href='#Insurance'>De quelle couverture avez-vous besoin?<\/a><\/li>\r\n                            <li><a href='#Square-One'>La diff\u00e9rence Square One<\/a><\/li>\r\n                        <\/ul>\r\n                <\/div>\r\n            <\/div>  \r\n        <\/div>\r\n    <\/div>\r\n    <div class=\"bg-bottom\"><\/div>\r\n<\/section>\r\n\r\n<section>\r\n    <div class=\"container-fluid py-6\">\r\n        <div class=\"row\">\r\n            <div class=\"col-12 col-lg-8\">\r\n\r\n<div class=\"row pb-6\">\r\n                    <div class=\"col-12\">\r\n                        <div class=\"card review\" style='background-color:#FFE0C9'>\r\n                            <div class=\"card-body\">\r\n                                <p class=\"h3\">L&rsquo;essentiel<\/p>\r\n                                <ul class='mb-0'>\r\n                                    <li>L&rsquo;assurance habitation couvre certaines des activit\u00e9s des entreprises \u00e0 domicile. Cependant, toute forme d&rsquo;entreprise \u00e0 domicile doit \u00eatre pr\u00e9alablement discut\u00e9e avec le fournisseur d&rsquo;assurance.<\/li>\r\n                                    <li>Les biens \u00e0 usage professionnel, la perte d&rsquo;exploitation et la responsabilit\u00e9 civile sont des garanties courantes del&rsquo;assurance entreprise \u00e0 domicile.<\/li>\r\n                                    <li>L&rsquo;assurance entreprise \u00e0 domicile de Square One vous permet de personnaliser les aspects de votre entreprise que vous d\u00e9sirez assurer.<\/li>\r\n                                <\/ul>\r\n                            <\/div>\r\n                        <\/div>\r\n                    <\/div>\r\n                <\/div>            \t\r\n\r\n<h2 id=\"Risks-should-consider\">Quels sont les risques \u00e0 prendre en consid\u00e9ration?<\/h2>\r\n            <ul>\r\n                <li><p>L\u2019incendie, les d\u00e9g\u00e2ts d\u2019eau ou les temp\u00eates de vent peuvent frapper votre habitation et endommager du m\u00eame coup vos biens \u00e0 usage professionnel. N\u2019oubliez pas que l\u2019assurance habitation ne couvre que vos biens meubles et non vos biens \u00e0 usage professionnel. Alors, vous risquez d\u2019avoir \u00e0 remplacer votre bureau, vos classeurs et vos ordinateurs, entre autres, \u00e0 vos frais.<\/p><\/li>\r\n                <li><p>Que faire si les dommages subits par votre habitation vous obligent de quitter les lieux pendant un mois ou plus pendant les r\u00e9parations? Pourrez-vous exploiter votre entreprise depuis une chambre d\u2019h\u00f4tel? Sinon, vous ne recevrez aucun revenu pendant ce temps. Serez-vous en mesure de supporter cette perte de revenu?<\/p><\/li>\r\n                <li><p>Avez-vous des stocks ou des biens d\u00e9tenus en vue de la vente? Remarquez que ceux-ci ne sont pas couverts dans le cadre d\u2019une police d\u2019assurance habitation normale. Vous avez besoin d\u2019une protection sp\u00e9ciale pour les stocks et biens.<\/p><\/li>\r\n                <li><p>Que feriez-vous si un client tombe dans votre escalier et vous <a href=\"\/fr\/centres-ressources\/bases-assurance\/assurance-responsabilite-civile\" title=\"Qu\u2019est-ce que l\u2019assurance responsabilit\u00e9 civile?\">poursuit pour des dommages-int\u00e9r\u00eats<\/a>? Une police d\u2019assurance vous prot\u00e9gera-t-elle dans ce cas? Si le client \u00e9tait l\u00e0 \u00e0 des fins professionnelles ou si vous utilisiez l\u2019habitation \u00e0 des fins professionnelles sans l\u2019autorisation de votre fournisseur d\u2019assurance, votre police ne vous prot\u00e9gera pas. La conception et les primes des polices d\u2019assurance habitation ne couvrent pas les risques suppl\u00e9mentaires pr\u00e9sent\u00e9s par les entreprises \u00e0 domicile.<\/p><\/li>\r\n                <li><p>Peut-\u00eatre l\u2019un de vos employ\u00e9s se d\u00e9place en auto pour chercher des fournitures au centre commercial. Que se passe-t-il si elle <a href=\"\/fr\/centres-ressources\/lexique-assurance\/dommages-corporels\" title=\"D\u00e9finition : dommages corporels\">blesse<\/a> un tiers en route? En toute probabilit\u00e9, l\u2019employ\u00e9e sera poursuivie \u00e0 titre de conductrice de son auto. Toutefois, vous ferez \u00e9galement l\u2019objet d\u2019un proc\u00e8s, car il s\u2019agit de votre employ\u00e9 en train d\u2019exercer ses fonctions au nom de votre entreprise.<\/p><\/li>\r\n            <\/ul>\r\n\r\n\r\n            <h2 id=\"Insurance\">De quelle couverture avez-vous besoin?<\/h2>\r\n            <p>Il faut parler avec votre fournisseur d\u2019assurance au sujet de l\u2019exploitation de votre entreprise \u00e0 domicile. Votre fournisseur d\u2019assurance saura vous informer des couvertures et des exclusions de votre police d\u2019assurance. Souvent, une couverture facultative suppl\u00e9mentaire peut \u00eatre ajout\u00e9e \u00e0 une police d\u2019assurance habitation afin de prot\u00e9ger une entreprise \u00e0 domicile. Dans certains cas, selon le type d\u2019entreprise, vous aurez \u00e9galement \u00e0 communiquer avec un courtier d\u2019assurance commerciale pour une couverture plus \u00e9tendue.<\/p>\r\n\r\n            <p>Voici un aper\u00e7u de certains des \u00e9l\u00e9ments courants de l\u2019assurance entreprise \u00e0 domicile\u00a0:<\/p>\r\n            <ul>\r\n                <li><p><strong>Biens \u00e0 usage professionnel.<\/strong> En toute probabilit\u00e9, votre police d\u2019assurance habitation offre une couverture limit\u00e9e pour les biens \u00e0 usage professionnel, pour de l\u2019\u00e9quipement comme un bureau ou un ordinateur, par exemple. Vous voulez vous assurer que vos biens \u00e0 usage professionnel sont prot\u00e9g\u00e9s selon <a href=\"\/fr\/centres-ressources\/bases-assurance\/remplacement-biens-meubles\" title=\"Comprendre la couverture pour le r\u00e8glement selon la valeur \u00e0 neuf\">la valeur \u00e0 neuf<\/a> et non selon la valeur d\u00e9pr\u00e9ci\u00e9e. De plus, si vous souhaitez assurer les stocks et les biens d\u00e9tenus en vue de la vente, vous devrez souscrire une assurance suppl\u00e9mentaire.<\/p><\/li>\r\n                <li><p><strong>Pertes d\u2019exploitation.<\/strong> En toute probabilit\u00e9, votre police d\u2019assurance habitation n\u2019offre aucune protection si vous perdez des revenus en raison des dommages \u00e0 votre habitation. Il s\u2019agit d\u2019un type d\u2019assurance habitation qui est tr\u00e8s importante, surtout si votre entreprise est votre unique source de revenu. Certaines polices d\u2019assurance habitation proposent cette couverture. Sinon, vous devrez consulter un courtier d\u2019assurance commerciale.<\/p><\/li>\r\n                <li><p><strong>Responsabilit\u00e9 civile.<\/strong> Ceci est un enjeu important. Nous avons donn\u00e9 l\u2019exemple du risque de poursuite si quelqu\u2019un se blesse sur vos lieux. Mais que feriez-vous si quelqu\u2019un se fait du mal en utilisant l\u2019un de vos produits? L\u2019assurance automobile responsabilit\u00e9 civile des non-propri\u00e9taires est importante si vos employ\u00e9s utilisent leurs v\u00e9hicules au nom de votre entreprise. L\u2019assurance contre le pr\u00e9judice personnel est offerte pour la calomnie ou la diffamation. L\u2019assurance responsabilit\u00e9 civile professionnelle est essentielle si dans votre travail vous pouviez faire du mal \u00e0 des tiers; par exemple, une coiffeuse qui br\u00fble involontairement la t\u00eate d\u2019un client avec de la solution pour permanente.<\/p><\/li>\r\n            <\/ul>\r\n\r\n            <p>Pour bon nombre de ces risques professionnels, vous devez consulter un fournisseur d\u2019assurance commerciale pour d\u00e9terminer la meilleure fa\u00e7on de vous prot\u00e9ger.<\/p>\r\n            \r\n                        <\/div>\r\n        <\/div>\r\n    <\/div>\r\n<\/section>\r\n\r\n\t<section class=\"bg-transparent\">\n\t\t<img decoding=\"async\" src=\"\/sales\/images\/bgs\/bg-mid-page-cta-general-top.svg\" style=\"width: 100%; vertical-align: bottom; position: relative; top: 1px\"\/>\n\t\t\n\t\t<div class=\"bg-darkTeal py-3\">\t\t\t\n\t\t\t<div class=\"container-fluid\">\n\t\t\t\t<div class=\"row d-flex align-items-center pb-5\">\n\t\t\t\t\t<div class=\"col-12 col-md-8 offset-md-2 px-lg-5 pb-5 pb-lg-0\">\n\t\t\t\t\t\t<div class=\"h6 mb-4 text-primary text-uppercase text-center\">\n\t\t\t\t\t\t\tCela ne prend que 5\u00a0minutes \n\t\t\t\t\t\t<\/div>\t\t\n\t\t\t\t\t\t\t\t\t\t\t\n\t\t\t\t\t\t<p class=\"lead px-lg-5 text-white\">\n\t\t\t\t\t\t\t<strong class=\"d-inline-block text-uc-first\">Pr\u00eat \u00e0 obtenir une soumission en ligne? <\/strong> Votre temps est aussi pr\u00e9cieux que vos possessions. Obtenez une soumission d'assurance habitation en <strong>5 minutes<\/strong>. C\u2019est moins de temps qu\u2019il n\u2019en faut pour faire la file pour un caf\u00e9.\n\t\t\t\t\t\t<\/p>\t\t\t\n\t\n\t\t\t\t\t\t<div id=\"sq1-qw-86164ca6db0a\" class=\"sq1-quote-widget mb-4 text-white\" data-quote-widget-type=\"HOME\" data-has-custom-text=\"true\">\n\t\t\t\t\t\t\t<div class=\"input-group input-group-focus-within bg-white my-4\">\n\t\t\t\t\t\t\t\t<div>\n\t\t\t\t\t\t\t\t\t<div class=\"input-group-text\">\n\t\t\t\t\t\t\t\t\t\t<i class=\"fa fa-map-marker d-block text-black\"><\/i>\n\t\t\t\t\t\t\t\t\t<\/div>\n\t\t\t\t\t\t\t\t<\/div>\n\t\t\t\t\t\t\t\t<input type=\"text\" class=\"form-control\" style=\"padding: 10px;\" placeholder=\"Enter an address\" aria-label=\"Inscrivez votre adresse pour obtenir une soumission\"\/>\n\t\t\t\t\t\t\t\t<div>\n\t\t\t\t\t\t\t\t\t<button class=\"btn btn-primary\">Obtenir une soumission en ligne d\u00e8s maintenant<\/button>\n\t\t\t\t\t\t\t\t<\/div>\n\t\t\t\t\t\t\t<\/div>\n\t\t\t\t\t\t<\/div>\n\t\t\t\t\t\t\n\t\t\t\t\t\t<p class=\"small text-white\">Avant de commencer, veuillez lire notre <a href=\"https:\/\/www.squareone.ca\/fr\/politique-confidentialite\" target=\"_blank\" rel=\"noreferrer noopener\">Politique de confidentialit\u00e9<\/a> et nos <a href=\"https:\/\/www.squareone.ca\/fr\/conditions-utilisation\" target=\"_blank\" rel=\"noreferrer noopener\">Conditions d\u2019utilisation<\/a>.<\/p>\t\n\t\n\t\t\t\t\t\t<script type=\"text\/javascript\">\n\t\t\t\t\t\t(function() {\n\t\t\t\t\t\t\tdocument.addEventListener('soiMiscJsLoaded', function() {\n\t\t\t\t\t\t        $(document).ready(function() {\n\t\t\t\t\t\t\t\t\tsoiQuoteWidget.processFormWidget('\/sales\/index.php\/json_quote_widget?rand=' +Math.random(), 'qwContainer'); \/\/populate quoting widget with content from symfony.\n\t\t\t\t\t\t\t\t});\n\t\t\t\t\t\t\t});\n\t\t\t\t\t\t})();\n\t\t\t\t\t\t<\/script>\n\t\t\t\t\t<\/div>\n\t\t\t\t<\/div>\n\t\t\t<\/div>\n\t\t<\/div>\n\t\t\n\t\t<img decoding=\"async\" src=\"\/sales\/images\/bgs\/bg-mid-page-cta-general-bottom.svg\" style=\"width: 100%; vertical-align: top\"\/>\t\t\n\t<\/section>\r\n\r\n<section>\r\n    <div class=\"container-fluid py-6\">\r\n        <div class=\"row\">\r\n            <div class=\"col-12 col-lg-8\">\r\n\r\n\r\n            <h2 id=\"Square-One\">Quelles solutions propose Square One pour aider les clients exploitant une entreprise \u00e0 domicile?<\/h2>\r\n\r\n            <p>Square One a pour objet de combler vos besoins en assurance. Certains types d\u2019entreprises \u00e0 domicile sont admissibles \u00e0 un certain niveau de couverture en vertu de notre police d\u2019assurance habitation normale. Qui plus est, nous offrons la seule assurance entreprise \u00e0 domicile personnalisable au Canada. R\u00e9sultat\u00a0: vous pouvez l\u2019ajouter \u00e0 votre police d\u2019assurance habitation existante ou la souscrire \u00e0 titre de police ind\u00e9pendante.<\/p>\r\n\r\n\t\t\t<p>L\u2019assurance entreprise \u00e0 domicile de Square One vous permet de choisir les aspects de votre entreprise que vous d\u00e9sirez assurer. Cela comprend des couvertures comme les biens \u00e0 usage professionnel, la perte d\u2019exploitation et la responsabilit\u00e9 civile.<\/p>\r\n\r\n\t\t\t<p>Vous pouvez consulter cette page pour d\u00e9couvrir notre <a href=\"\/fr\/habitation\/entreprise\" title=\"Assurance entreprise \u00e0 domicile de Square One\">assurance entreprise \u00e0 domicile<\/a>.<\/p>\r\n\r\n\t\t\t<p>Sinon, nos polices normales peuvent couvrir certaines entreprises \u00e0 domicile. Pendant le processus de soumission, nous vous poserons quelques questions, genre\u00a0:<\/p>\r\n\r\n            <ul>\r\n                <li><p><strong>Votre entreprise requiert-elle l\u2019application du feu ou de la chaleur?<\/strong> Cela peut comprendre la cuisson, la soudure ou l\u2019exploitation d\u2019un four de potier.<\/p><\/li>\r\n                <li><p><strong>Votre entreprise requiert-elle l\u2019utilisation d\u2019outils sp\u00e9cialis\u00e9s ou de mati\u00e8res inflammables pour fabriquer ou r\u00e9parer des biens?<\/strong> (outils de menuiserie, chalumeaux oxyac\u00e9tyl\u00e9niques) Les outils sp\u00e9cialis\u00e9s sont dispendieux \u00e0 remplacer. G\u00e9n\u00e9ralement, les polices offrent une couverture limit\u00e9e pour les outils, et aucune couverture s\u2019ils sont endommag\u00e9s ou perdus \u00e0 l\u2019ext\u00e9rieur de votre propri\u00e9t\u00e9.<\/p><\/li>\r\n                <li><p><strong>Exploitez-vous une garderie?<\/strong> Il va sans dire que la garde des enfants dans votre habitation pr\u00e9sente de nombreux risques\u00a0: l\u2019\u00e9touffement, les accidents de balan\u00e7oire et l\u2019intoxication alimentaire, entre autres. Il existe tr\u00e8s peu de polices d\u2019assurance habitation qui vous prot\u00e9geront si vous exploitez une garderie, alors vous devez communiquer avec un fournisseur d\u2019assurance commerciale.<\/p><\/li>\r\n                <li><p><strong>Y a-t-il des employ\u00e9s qui travaillent \u00e0 l\u2019habitation?<\/strong> Y a-il des clients\/fournisseurs qui se rendent \u00e0 l\u2019habitation plus de 5 fois par semaine? Il est possible que vous deviez souscrire une police de responsabilit\u00e9 civile des entreprises pour vous prot\u00e9ger si un client, ou l\u2019un de vos employ\u00e9s, se blesse en tombant.<\/p><\/li>\r\n            <\/ul>\r\n\r\n            <p>Ces questions sont cens\u00e9es nous aider \u00e0 comprendre la nature de votre entreprise \u00e0 domicile. Si votre entreprise comprend au moins l&rsquo;une de ces activit\u00e9s, il est possible que nous ne puissions pas vous assurer, quoique nous examinions chaque situation et fassions notre mieux pour accommoder des entreprises diverses.<\/p> \r\n\t\t\t\r\n           <p><strong>Vous voulez en savoir plus?<\/strong> Consultez notre <a href=\"\/fr\/centres-ressources\/bases-assurance\" title=\"Centre de ressources : bases de l\u2019assurance habitation\">Centre de ressources&nbsp;: bases de l\u2019assurance habitation<\/a> pour acc\u00e9der \u00e0 des dizaines d\u2019articles pratiques pour vous guider sur les tenants et aboutissants de l\u2019assurance habitation. Ensuite, <a href=\"\/fr\/soumission-assurance-habitation-en-ligne\" title=\"Obtenir une soumission d\u2019assurance habitation en ligne\">obtenez une soumission d'assurance habitation en ligne<\/a> en moins de 5\u00a0minutes et d\u00e9couvrez \u00e0 quel point l\u2019assurance habitation personnalis\u00e9e peut \u00eatre abordable.<\/p>\r\n\r\n           <div class=\"row py-3\">\r\n<div class=\"col-12\">\r\n<div class=\"card review\" style=\"box-shadow: 0 2px 4px rgba(0,0,0,0.07);background-color:#f4f4f4;\">\r\n<div class=\"card-body\">\r\n\t<p class=\"text-primary h4\">\u00c0 propos de l\u2019expert&nbsp;: Daniel Mirkovic<\/p>\r\n\t<p>Cofondateur de Square One comptant plus de 25&nbsp;ans dans le secteur de l\u2019assurance, Daniel \u00e9tait vice-pr\u00e9sident des services d\u2019assurance et de voyage de la British Columbia Automobile Association (BCAA). Daniel est titulaire d'un baccalaur\u00e9at \u00e8s commerce et d'une ma\u00eetrise \u00e8s administration des affaires, tous deux obtenus \u00e0 la Sauder School of Business de l'universit\u00e9 de la Colombie-Britannique. Daniel est muni de la d\u00e9signation CAAC et d\u2019un certificat en assurance de dommages niveau&nbsp;3 en Colombie-Britannique, en Alberta, en Saskatchewan, au Manitoba et en Ontario.<\/p>\r\n<\/div>\r\n<\/div>\r\n<\/div>\r\n<\/div>\r\n\r\n<\/div>\r\n    <\/div>\r\n<\/div>\r\n<\/section>\r\n\r\n<\/div>\r\n    <\/div>\r\n<\/div>\r\n<\/section>\r\n<script type=\"application\/ld+json\">\r\n{\r\n  \"@context\": \"https:\/\/schema.org\",\r\n  \"@type\": \"WebPage\",\r\n  \"mainEntityOfPage\": {\r\n    \"@type\": \"Article\",\r\n    \"@id\": \"https:\/\/www.squareone.ca\/fr\/centres-ressources\/bases-assurance\/assurance-entreprise-a-domicile\"\r\n  },\r\n  \"author\": [\r\n    {\r\n      \"@type\": \"Person\",\r\n      \"name\": \"Square One team\"\r\n    }\r\n  ],\r\n  \"reviewedBy\": [\r\n    {\r\n      \"@type\": \"Person\",\r\n      \"name\": \"Daniel Mirkovic\",\r\n      \"url\": \"https:\/\/www.squareone.ca\/fr\/a-propos-de-nous\/experts\/daniel-mirkovic\"\r\n    }\r\n  ],\r\n  \"headline\": \"Is insurance available for home-based businesses?\",\r\n  \"datePublished\": \"\",\r\n  \"dateModified\": \"\",\r\n  \"inLanguage\": \"fr-CA\",\r\n  \"isAccessibleForFree\": true\r\n}\r\n<\/script>\r\n<script type=\"application\/ld+json\">\r\n{\r\n  \"@context\": \"https:\/\/schema.org\",\r\n  \"@type\": \"FAQPage\",\r\n  \"mainEntity\": [{\r\n    \"@type\": \"Question\",\r\n    \"name\": \"De quelle couverture avez-vous besoin?\",\r\n    \"acceptedAnswer\": {\r\n      \"@type\": \"Answer\",\r\n      \"text\": \"Voici quelques couvertures en assurance entreprise \u00e0 domicile : biens \u00e0 usage professionnel, la perte d'exploitation et la responsabilit\u00e9 civile. Pour bon nombre de ces risques professionnels uniques, il est possible que vous deviez consulter un fournisseur d'assurance commerciale.\"\r\n    }\r\n  }]\r\n}\r\n<\/script>","protected":false},"excerpt":{"rendered":"<p>Existe-t-il une assurance pour les entreprises \u00e0 domicile? \u00c9valu\u00e9 par Daniel Mirkovic Exploitez-vous une petite entreprise depuis votre habitation? Envisagez-vous mettre sur pied votre propre entreprise \u00e0 l\u2019avenir? Pas besoin de vous dire que vous avez une longue liste de choses \u00e0 faire! Mais tout d\u2019abord, vous devriez communiquer avec votre fournisseur d\u2019assurance. Ceci est [&hellip;]<\/p>\n","protected":false},"author":2,"featured_media":0,"parent":50045,"menu_order":20,"comment_status":"open","ping_status":"closed","template":"page-article-new.php","meta":{"_acf_changed":false,"footnotes":""},"class_list":["post-60078","page","type-page","status-publish","hentry"],"acf":[],"_links":{"self":[{"href":"https:\/\/www.squareone.ca\/fr\/wp-json\/wp\/v2\/pages\/60078","targetHints":{"allow":["GET"]}}],"collection":[{"href":"https:\/\/www.squareone.ca\/fr\/wp-json\/wp\/v2\/pages"}],"about":[{"href":"https:\/\/www.squareone.ca\/fr\/wp-json\/wp\/v2\/types\/page"}],"author":[{"embeddable":true,"href":"https:\/\/www.squareone.ca\/fr\/wp-json\/wp\/v2\/users\/2"}],"replies":[{"embeddable":true,"href":"https:\/\/www.squareone.ca\/fr\/wp-json\/wp\/v2\/comments?post=60078"}],"version-history":[{"count":11,"href":"https:\/\/www.squareone.ca\/fr\/wp-json\/wp\/v2\/pages\/60078\/revisions"}],"predecessor-version":[{"id":74884,"href":"https:\/\/www.squareone.ca\/fr\/wp-json\/wp\/v2\/pages\/60078\/revisions\/74884"}],"up":[{"embeddable":true,"href":"https:\/\/www.squareone.ca\/fr\/wp-json\/wp\/v2\/pages\/50045"}],"wp:attachment":[{"href":"https:\/\/www.squareone.ca\/fr\/wp-json\/wp\/v2\/media?parent=60078"}],"curies":[{"name":"wp","href":"https:\/\/api.w.org\/{rel}","templated":true}]}}