{"id":60255,"date":"2022-10-04T11:28:59","date_gmt":"2022-10-04T18:28:59","guid":{"rendered":"https:\/\/www.squareone.ca\/soutien\/bases-assurance-conseils\/bases\/types-de-polices-assurance-habitation"},"modified":"2024-07-26T10:23:47","modified_gmt":"2024-07-26T17:23:47","slug":"types-de-polices-assurance-habitation","status":"publish","type":"page","link":"https:\/\/www.squareone.ca\/fr\/centres-ressources\/bases-assurance\/types-de-polices-assurance-habitation","title":{"rendered":"Initiation aux diff\u00e9rents types d\u2019assurance habitation"},"content":{"rendered":"<main>\r\n<section id='intro' class=\"bg-shape-split bg-sub-page-hero\">\r\n    <div class=\"bg-position\">\r\n        <div class=\"container-fluid\">\r\n            <div class=\"row align-items-center\">\r\n                <div class=\"col-12 col-lg-8\">\r\n                    <h1>Initiation aux diff\u00e9rents types d\u2019assurance habitation<\/h1>\r\n <strong>Article r\u00e9dig\u00e9 par l'\u00e9quipe de Square One<\/strong>\r\n                    <strong>\u00c9valu\u00e9 par <a href=\"https:\/\/www.squareone.ca\/fr\/a-propos-de-nous\/experts\/daniel-mirkovic\" title=\"Expert : Daniel Mirkovic\">Daniel Mirkovic<\/a><\/strong><\/p> \r\n                    <p class=\"pb-4\" style=\"margin-top:-24px\">Mis \u00e0 jour le 17 juin 2024<\/p>\r\n                <\/div>\r\n            <\/div>\r\n\r\n            <div class=\"row\">\r\n                <div class=\"col-lg-8\">\r\n                    <p class=\"display-4\">Que vous soyez propri\u00e9taire occupant, copropri\u00e9taire ou locataire, vous avez int\u00e9r\u00eat \u00e0 v\u00e9rifier que votre assurance offre une couverture comme vous l\u2019entendez. Il existe des polices pour ces trois types de propri\u00e9t\u00e9, mais \u00e9galement pour les r\u00e9sidences de vacances, les propri\u00e9t\u00e9s locatives et les maisons en voie de construction ou de r\u00e9novation.<\/p>\r\n                    <p class=\"display-4\">Dans cet article, nous aborderons les types d\u2019assurance habitation les plus courants, ainsi que certaines couvertures sp\u00e9ciales.<\/p>\r\n                    <p class=\"pt-2\"><img loading=\"lazy\" decoding=\"async\" src=\"https:\/\/cdn.squareone.ca\/wp-content\/uploads\/2012\/08\/30071419\/Making-a-choice.jpg\" title=\"Initiation aux diff\u00e9rents types d\u2019assurance habitation\" alt=\"Faire un choix\" width=\"248\" height=\"248\" class=\"img-fluid\" rel=\"noopener noreferrer\" \/><\/p>\r\n                <\/div>\r\n\r\n                <div class=\"col-lg-3 offset-lg-1\">\r\n                    <p class=\"mb-2 display-4 pt-4 pt-lg-0 pt-mb-0\"><strong>Th\u00e8mes<\/strong><\/p>\r\n                    <ul class=\"list-unstyled link-list display-4\">\r\n                        <li><a href=\"#named-perils\">Risques d\u00e9sign\u00e9s<\/a><\/li>\r\n                        <li><a href=\"#comprehensive\">Tous risques<\/a><\/li>\r\n                        <li><a href=\"#broad-form\">Formule \u00e9tendue<\/a><\/li>\r\n                        <li><a href=\"#coverage\">Quel type de police offre la meilleure couverture?<\/a><\/li>\r\n                        <li><a href=\"#under-construction\">Assurance des chantiers<\/a><\/li>\r\n                        <li><a href=\"#legal-protection\">Protection juridique<\/a><\/li>\r\n                        <li><a href=\"#short-term-rental\">Couverture pour location \u00e0 court terme<\/a><\/li>\r\n                        <li><a href=\"#service-line\">Couverture pour conduite de branchement<\/a><\/li>\r\n                        <li><a href=\"#business\">Entreprises<\/a><\/li>\r\n                    <\/ul>\r\n                <\/div>\r\n            <\/div>  \r\n        <\/div>\r\n    <\/div>\r\n    <div class=\"bg-bottom\"><\/div>\r\n<\/section>\r\n\r\n<section>\r\n    <div class=\"container-fluid py-6\">\r\n        <div class=\"row\">\r\n            <div class=\"col-12 col-lg-8\">\r\n\r\n<div class=\"row pb-6\">\r\n                    <div class=\"col-12\">\r\n                        <div class=\"card review\" style='background-color:#FFE0C9'>\r\n                            <div class=\"card-body\">\r\n                                <p class=\"h3\">L&rsquo;essentiel<\/p>\r\n                                <ul class='mb-0'>\r\n                                    <li>Il y a plusieurs types d&rsquo;assurance habitation selon le style de logement et les personnes qui y vivent.<\/li>\r\n                                    <li>Il y a \u00e9galement diff\u00e9rent niveaux de couverture, des garanties risques d\u00e9sign\u00e9s \u00e0 la couverture compr\u00e9hensive.<\/li>\r\n                                    <li>Bon nombre de couvertures sp\u00e9ciales existent pour  prot\u00e9ger des types d&rsquo;habitation sp\u00e9cifiques ou certains \u00e9l\u00e9ments qui s&rsquo;y trouvent.<\/li>\r\n                                <\/ul>\r\n                            <\/div>\r\n                        <\/div>\r\n                    <\/div>\r\n                <\/div>          \r\n  \t\r\n                <p>D\u2019habitude, un client obtient des soumissions de plusieurs fournisseurs d\u2019assurance avant de souscrire une police. Bien que la prime constitue un facteur important, il ne faut pas oublier que le type de police influence non seulement la prime, mais \u00e9galement la qualit\u00e9 de la protection offerte en cas de r\u00e9clamation.<\/p>\r\n\r\n                <h2>Quels sont les types de police de base?<\/h2>\r\n\r\n                <p>Il existe trois types de polices d\u2019assurance habitation de base\u00a0:<\/p>\r\n\r\n                <h3 id=\"named-perils\">Risques d\u00e9sign\u00e9s<\/h3>\r\n\r\n                <p>Il s\u2019agit de la police la plus limit\u00e9e sur le march\u00e9; elle ne vous prot\u00e8ge que contre un nombre r\u00e9duit de sinistres. Typiquement, les sinistres couverts comprennent l\u2019incendie ou le foudre, l\u2019explosion, la fum\u00e9e, la chute d\u2019objets, l\u2019impact par un a\u00e9ronef ou un v\u00e9hicule terrestre, les \u00e9meutes, le vandalisme ou les actes malveillants, certains <a href=\"\/fr\/centres-ressources\/bases-assurance\/degats-eau\" title=\"Peut-on souscrire une assurance contre les d\u00e9g\u00e2ts d\u2019eau?\">types de d\u00e9g\u00e2ts d&rsquo;eau<\/a>, <a href=\"\/fr\/centres-ressources\/securite-domiciliaire-personnelle\/preparations-pour-tornades\" title=\"Comment vous prot\u00e9ger contre les tornades, les temp\u00eates de vent et les temp\u00eates d\u2019hiver\">les temp\u00eates de vent ou de gr\u00eale<\/a>, et le vol ou les tentatives de vol. Les polices risques d\u00e9sign\u00e9s ne couvrent que les pertes ou dommages caus\u00e9s par l\u2019un des risques d\u00e9sign\u00e9s. Si un risque non d\u00e9sign\u00e9 provoque les pertes ou les dommages, votre police ne vous prot\u00e9gera pas.<\/p>\r\n\r\n                <p>G\u00e9n\u00e9ralement, les polices risques d\u00e9sign\u00e9s sont offertes pour les habitations peu communes. Par exemple, les maisons de vacances \u00e9loign\u00e9es sans protection contre l\u2019incendie, les maisons subissant des r\u00e9novations majeures ou les maisons anciennes sans \u00e9quipement moderne.<\/p>\r\n\r\n                <h3 id=\"comprehensive\">Tous risques<\/h3>\r\n\r\n                <p>En revanche, il existe des polices compr\u00e9hensives ou tous risques. Ce type de police vous prot\u00e8ge contre tous les types de sinistres, \u00e0 l\u2019exception des sinistres exclus. Les pertes ou dommages caus\u00e9s par l\u2019usure, les glissements de neige ou de terrain, les actes de terrorisme et la guerre sont certains exemples des sinistres typiquement exclus dans les polices tous risques. Malgr\u00e9 les exclusions, une police tous risques offre la meilleure protection; un sinistre ne peut \u00eatre exclu que s\u2019il est express\u00e9ment indiqu\u00e9 dans le libell\u00e9 de la police.<\/p> \r\n\r\n                <p>G\u00e9n\u00e9ralement, les r\u00e9sidences principales des propri\u00e9taires occupants sont admissibles aux polices tous risques, qui sont la norme de l\u2019industrie au Canada. Remarquez que les polices tous risques varient grandement de fournisseur en fournisseur et que la plupart des polices limitent le montant de couverture pour les articles pr\u00e9cieux, comme les bijoux ou les bicyclettes.<\/p>\r\n\r\n                <h3 id=\"broad-form\">Formule \u00e9tendue<\/h3>\r\n\r\n                <p>Les <a href=\"\/fr\/centres-ressources\/lexique-assurance\/formule-etendue\" title=\"D\u00e9finition : formule \u00e9tendue\">polices formule \u00e9tendue<\/a> se situent au milieu\u00a0: elles offrent une protection tous risques pour l\u2019habitation et une protection contre les risques d\u00e9sign\u00e9s pour les biens meubles. Bien que l\u2019id\u00e9e d\u2019une police formule \u00e9tendue puisse sembler int\u00e9ressante, elle est inefficace contre une vaste gamme de sinistres. Par exemple\u00a0: si vous laissez tomber votre t\u00e9l\u00e9viseur, les dommages \u00e0 votre plancher de bois franc sera couverts, mais les dommages au t\u00e9l\u00e9viseur, non.<\/p>\r\n\r\n                <p>Les polices formule \u00e9tendue sont souvent propos\u00e9es pour les habitations saisonni\u00e8res et les propri\u00e9t\u00e9s locatives, car la plupart des clients supposent que le logement lui-m\u00eame requiert une meilleure protection que les biens qui se trouvent dedans. Dans ce cas, une police formule \u00e9tendue est parfois un peu moins dispendieuse qu\u2019une police tous risques. Toutefois, ce type de police offre beaucoup moins de couvertures pour les biens meubles. R\u00e9sultat\u00a0: la petite baisse de prime ne vaut vraiment pas le co\u00fbt.<\/p>\r\n\r\n            <\/div>\r\n        <\/div>\r\n    <\/div>\r\n<\/section>\r\n\r\n\t<section class=\"bg-transparent\">\n\t\t<img decoding=\"async\" src=\"\/sales\/images\/bgs\/bg-mid-page-cta-general-top.svg\" style=\"width: 100%; vertical-align: bottom; position: relative; top: 1px\"\/>\n\t\t\n\t\t<div class=\"bg-darkTeal py-3\">\t\t\t\n\t\t\t<div class=\"container-fluid\">\n\t\t\t\t<div class=\"row d-flex align-items-center pb-5\">\n\t\t\t\t\t<div class=\"col-12 col-md-8 offset-md-2 px-lg-5 pb-5 pb-lg-0\">\n\t\t\t\t\t\t<div class=\"h6 mb-4 text-primary text-uppercase text-center\">\n\t\t\t\t\t\t\tCela ne prend que 5\u00a0minutes \n\t\t\t\t\t\t<\/div>\t\t\n\t\t\t\t\t\t\t\t\t\t\t\n\t\t\t\t\t\t<p class=\"lead px-lg-5 text-white\">\n\t\t\t\t\t\t\t<strong class=\"d-inline-block text-uc-first\">Pr\u00eat \u00e0 obtenir une soumission en ligne? <\/strong> Votre temps est aussi pr\u00e9cieux que vos possessions. Obtenez une soumission d'assurance habitation en <strong>5 minutes<\/strong>. C\u2019est moins de temps qu\u2019il n\u2019en faut pour faire la file pour un caf\u00e9.\n\t\t\t\t\t\t<\/p>\t\t\t\n\t\n\t\t\t\t\t\t<div id=\"sq1-qw-a75224359bd9\" class=\"sq1-quote-widget mb-4 text-white\" data-quote-widget-type=\"HOME\" data-has-custom-text=\"true\">\n\t\t\t\t\t\t\t<div class=\"input-group input-group-focus-within bg-white my-4\">\n\t\t\t\t\t\t\t\t<div>\n\t\t\t\t\t\t\t\t\t<div class=\"input-group-text\">\n\t\t\t\t\t\t\t\t\t\t<i class=\"fa fa-map-marker d-block text-black\"><\/i>\n\t\t\t\t\t\t\t\t\t<\/div>\n\t\t\t\t\t\t\t\t<\/div>\n\t\t\t\t\t\t\t\t<input type=\"text\" class=\"form-control\" style=\"padding: 10px;\" placeholder=\"Enter an address\" aria-label=\"Inscrivez votre adresse pour obtenir une soumission\"\/>\n\t\t\t\t\t\t\t\t<div>\n\t\t\t\t\t\t\t\t\t<button class=\"btn btn-primary\">Obtenir une soumission en ligne d\u00e8s maintenant<\/button>\n\t\t\t\t\t\t\t\t<\/div>\n\t\t\t\t\t\t\t<\/div>\n\t\t\t\t\t\t<\/div>\n\t\t\t\t\t\t\n\t\t\t\t\t\t<p class=\"small text-white\">Avant de commencer, veuillez lire notre <a href=\"https:\/\/www.squareone.ca\/fr\/politique-confidentialite\" target=\"_blank\" rel=\"noreferrer noopener\">Politique de confidentialit\u00e9<\/a> et nos <a href=\"https:\/\/www.squareone.ca\/fr\/conditions-utilisation\" target=\"_blank\" rel=\"noreferrer noopener\">Conditions d\u2019utilisation<\/a>.<\/p>\t\n\t\n\t\t\t\t\t\t<script type=\"text\/javascript\">\n\t\t\t\t\t\t(function() {\n\t\t\t\t\t\t\tdocument.addEventListener('soiMiscJsLoaded', function() {\n\t\t\t\t\t\t        $(document).ready(function() {\n\t\t\t\t\t\t\t\t\tsoiQuoteWidget.processFormWidget('\/sales\/index.php\/json_quote_widget?rand=' +Math.random(), 'qwContainer'); \/\/populate quoting widget with content from symfony.\n\t\t\t\t\t\t\t\t});\n\t\t\t\t\t\t\t});\n\t\t\t\t\t\t})();\n\t\t\t\t\t\t<\/script>\n\t\t\t\t\t<\/div>\n\t\t\t\t<\/div>\n\t\t\t<\/div>\n\t\t<\/div>\n\t\t\n\t\t<img decoding=\"async\" src=\"\/sales\/images\/bgs\/bg-mid-page-cta-general-bottom.svg\" style=\"width: 100%; vertical-align: top\"\/>\t\t\n\t<\/section>\r\n\r\n<section>\r\n    <div class=\"container-fluid py-6\">\r\n        <div class=\"row\">\r\n            <div class=\"col-12 col-lg-8\">\r\n\r\n                <h2 id=\"coverage\">Quel type de police offre la meilleure couverture?<\/h2>\r\n\r\n                <p>Chacun des trois types de police offre une protection contre diff\u00e9rents types de sinistres, alors que certaines polices comportent des limites sur le montant de couverture. En r\u00e8gle g\u00e9n\u00e9rale, vous devriez opter pour une police tous risques, car elle propose une meilleure couverture. Par cons\u00e9quent, assurez-vous de bien comprendre les diff\u00e9rences et demandez au fournisseur d\u2019assurance d\u2019indiquer le type de police propos\u00e9e.<\/p>\r\n\r\n                <p>Au-del\u00e0 de ces trois types de formules, certains fournisseurs d\u2019assurance offrent une couverture de base pour les d\u00e9g\u00e2ts d\u2019eau et vous demande un suppl\u00e9ment pour souscrire des couvertures additionnelles. La plupart des fournisseurs exigent une prime suppl\u00e9mentaire pour l\u2019ajout de la protection contre le tremblement de terre. Il est important que vous compreniez les types de sinistres couverts dans le cadre de votre police. N\u2019h\u00e9sitez pas \u00e0 communiquer avec votre fournisseur d\u2019assurance pour obtenir de plus amples renseignements au sujet de vos couvertures. Consultez nos centres de ressources pour d\u00e9couvrir <a href=\"\/fr\/centres-ressources\/bases-assurance\/exclusions-police-assurance-habitation\" title=\"Initiation aux exclusions d\u2019une police d\u2019assurance habitation\">les exclusions courantes dans une police d\u2019assurance habitation<\/a>.<\/p>\r\n\r\n                <h2>Couvertures sp\u00e9ciales<\/h2>\r\n\r\n                <p>\u00c0 part ces types de polices, certains clients ont besoin d\u2019une <a href=\"\/fr\/habitation\" title=\"Assurance habitation\">assurance habitation<\/a> sp\u00e9cialis\u00e9e. Il existe bon nombre de couvertures sp\u00e9ciales, selon la police et le fournisseur\u00a0:<\/p>\r\n\r\n                <h3 id=\"under-construction\">Habitations en voie de construction ou r\u00e9novation<\/h3>\r\n\r\n                <p>Parfois, les projets de construction ou de r\u00e9novation requi\u00e8rent une couverture d\u2019assurance sp\u00e9ciale pour prot\u00e9ger contre des risques de construction uniques, comme l\u2019interruption ou les retards. Les polices d\u2019assurance des chantiers varient consid\u00e9rablement, surtout en ce qui concerne la couverture pour le refoulement d\u2019eau, le vandalisme et le vol. Les clients d\u00e9sireux d\u2019une assurance des chantiers devraient rechercher la police la plus compr\u00e9hensive sur le march\u00e9 afin d\u2019\u00e9viter le risque de pertes graves financi\u00e8res au cas o\u00f9 le projet de construction subit des pertes inattendues.<\/p>\r\n\r\n                <h3 id=\"legal-protection\">Couverture protection juridique<\/h3>\r\n\r\n                <p>Ce n\u2019est pas quelque chose que l\u2019on associe normalement avec les polices d\u2019assurance habitation, mais la protection juridique pour les litiges contractuels et autres est parfois offerte.<\/p>\r\n\r\n                <p>Par exemple, <a href=\"\/fr\/habitation\/protection-juridique\" title=\"Assurance protection juridique\">l\u2019assurance protection juridique<\/a> est une couverture facultative offerte par Square One. Veuillez noter que cette assurance n\u2019est pas offerte au Qu\u00e9bec en ce moment. Il existe diverses solutions qui vous permettent d\u2019ajouter une couverture pour les litiges contractuels, les litiges d\u2019emploi ou la poursuite de vos droits l\u00e9gaux en ce qui concerne la propri\u00e9t\u00e9 de votre habitation, entre autres. Cette protection juridique comprend \u00e9galement un acc\u00e8s \u00e0 un service de consultation juridique t\u00e9l\u00e9phonique.<\/p>\r\n\r\n                <p>Il y a \u00e9galement une protection juridique pour propri\u00e9taires bailleurs pour aider ceux-ci \u00e0 couvrir leurs frais juridiques pour les litiges contre leurs locataires.<\/p>\r\n\r\n                <h3 id=\"short-term-rental\">Location \u00e0 court terme<\/h3>\r\n\r\n                <p>Si vous louez votre habitation, vous avez besoin d\u2019une police d\u2019assurance habitation pour propri\u00e9taire bailleur. Toutefois, si vous louez votre habitation \u00e0 court terme, par l\u2019interm\u00e9diaire d\u2019Airbnb ou VRBO par exemple, vous avez besoin d\u2019une couverture sp\u00e9ciale en plus d\u2019une police pour propri\u00e9taire bailleur.<\/p>\r\n\r\n                <p>Remarquez que les fournisseurs d\u2019assurance habitation jugent que les locations \u00e0 court terme constituent l\u2019une des cat\u00e9gories <a href=\"\/fr\/centres-ressources\/lexique-assurance\/occupation\" title=\"D\u00e9finition : occupation\">d\u2019occupation<\/a> la plus \u00e0 risque. Dans cette optique, il est possible qu\u2019ils refusent de souscrire une propri\u00e9t\u00e9 utilis\u00e9e \u00e0 ces fins. M\u00eame si votre fournisseur accepte les locations \u00e0 court terme, vous devrez toujours l\u2019informer de votre intention de louer votre propri\u00e9t\u00e9.<\/p>\r\n\r\n                <h3 id=\"service-line\">Couverture pour conduite de branchement<\/h3>\r\n\r\n                <p>Sachez qu\u2019\u00e0 titre de propri\u00e9taire occupant, vous \u00eates responsable des conduites de branchement sur votre propri\u00e9t\u00e9.<\/p>\r\n\r\n                <p>Les conduites de branchement sont les lignes d\u2019eau, d\u2019\u00e9gout, de gaz et de t\u00e9l\u00e9communications branch\u00e9es aux services publics. Les conduites qui se trouvent au sein des limites de votre propri\u00e9t\u00e9 sont de votre responsabilit\u00e9. Autrement dit, si une conduite d\u2019\u00e9gout \u00e9clate ou s\u2019effondre, vous serez responsable de r\u00e9gler les r\u00e9parations.<\/p>\r\n\r\n                <p>Heureusement, certaines (pas toutes!) polices d\u2019assurance habitation offrent une couverture pour <a href=\"\/fr\/habitation\/conduite-branchement\" title=\"Couverture pour conduite de branchement\">conduite de branchement<\/a>. Cette protection couvrira les frais de r\u00e9paration ou de reconstruction des conduites de branchement endommag\u00e9es.<\/p>\r\n\r\n                <h3 id=\"business\">Habitations avec risques professionnels<\/h3>\r\n\r\n                <p>Presque toutes les polices d\u2019assurance habitation au Canada comprennent une exclusion qui refuse la couverture pour tout sinistre ayant lieu dans une habitation servant, en totalit\u00e9 ou en partie, \u00e0 des fins professionnelles.<\/p>\r\n\r\n                <p>Souvent, les propri\u00e9taires occupants qui exploitent des petites entreprises \u00e0 domicile, comme les coiffeuses ou les comptables, ne sont pas au courant de cette exclusion; il est possible que leur police n\u2019offre aucune protection en cas de sinistre, m\u00eame si l\u2019entreprise n\u2019a rien \u00e0 voir avec le sinistre.<\/p>\r\n\r\n                <p>Heureusement, des fournisseurs d\u2019assurance comme Square One peuvent autoriser la couverture pour les <a href=\"\/fr\/centres-ressources\/bases-assurance\/assurance-entreprise-a-domicile\" title=\"Assurance pour les entreprises \u00e0 domicile\">entreprises \u00e0 domicile<\/a> pour offrir une couverture en cas de sinistre.<\/p>\r\n\r\n                <p>Qui plus est, les clients de Square One ont la possibilit\u00e9 d\u2019ajouter \u00e0 leur police d\u2019assurance habitation normale l\u2019assurance entreprise \u00e0 domicile. Gr\u00e2ce \u00e0 <a href=\"\/fr\/habitation\/entreprise\" title=\"Assurance entreprise \u00e0 domicile\">l\u2019assurance entreprise \u00e0 domicile personnalisable<\/a>, vous pouvez choisir quels risques professionnels \u00e0 assurer, \u00e0 compter de 7\u00a0$\/mois seulement. Les couvertures comprennent <strong>les biens \u00e0 usage professionnel<\/strong>, <strong>les pertes d\u2019exploitation<\/strong> et <strong>la responsabilit\u00e9 civile entreprise<\/strong>.<\/p>\r\n\r\n                <p>Dans tous les cas, les clients de Square One re\u00e7oivent automatiquement une police tous risques. Ils ont la possibilit\u00e9 de personnaliser les couvertures selon leurs besoins pr\u00e9cis, y compris les r\u00e9novations, les r\u00e9sidences de vacances et les propri\u00e9t\u00e9s locatives. Certaines polices de Square One offrent \u00e9galement une <a href=\"\/fr\/habitation\/tremblement-terre\" title=\"Couverture contre le tremblement de terre\">protection contre le tremblement de terre<\/a> et comprennent automatiquement une <a href=\"\/fr\/habitation\/inondation\" title=\"Couverture contre l\u2019inondation fluviale\">protection contre l\u2019inondation fluviale<\/a> pour la plupart des clients.<\/p>\r\n\r\n                <p><strong>Vous voulez en savoir plus?<\/strong> Consultez notre <a href=\"\/fr\/centres-ressources\/bases-assurance\" title=\"Centre de ressources : bases de l\u2019assurance habitation\">Centre de ressources&nbsp;: bases de l\u2019assurance habitation<\/a> pour acc\u00e9der \u00e0 des dizaines d\u2019articles pratiques pour vous guider sur les tenants et aboutissants de l\u2019assurance habitation. Ensuite, <a href=\"\/fr\/soumission-assurance-habitation-en-ligne\" title=\"Obtenir une soumission d\u2019assurance habitation en ligne\">obtenez une soumission d'assurance habitation en ligne<\/a> en moins de 5\u00a0minutes et d\u00e9couvrez \u00e0 quel point l\u2019assurance habitation personnalis\u00e9e peut \u00eatre abordable.<\/p>\r\n\r\n                <div class=\"row py-3\">\r\n<div class=\"col-12\">\r\n<div class=\"card review\" style=\"box-shadow: 0 2px 4px rgba(0,0,0,0.07);background-color:#f4f4f4;\">\r\n<div class=\"card-body\">\r\n\t<p class=\"text-primary h4\">\u00c0 propos de l\u2019expert&nbsp;: Daniel Mirkovic<\/p>\r\n\t<p>Cofondateur de Square One comptant plus de 25&nbsp;ans dans le secteur de l\u2019assurance, Daniel \u00e9tait vice-pr\u00e9sident des services d\u2019assurance et de voyage de la British Columbia Automobile Association (BCAA). Daniel est titulaire d'un baccalaur\u00e9at \u00e8s commerce et d'une ma\u00eetrise \u00e8s administration des affaires, tous deux obtenus \u00e0 la Sauder School of Business de l'universit\u00e9 de la Colombie-Britannique. Daniel est muni de la d\u00e9signation CAAC et d\u2019un certificat en assurance de dommages niveau&nbsp;3 en Colombie-Britannique, en Alberta, en Saskatchewan, au Manitoba et en Ontario.<\/p>\r\n<\/div>\r\n<\/div>\r\n<\/div>\r\n<\/div>\r\n\r\n            <\/div>\r\n        <\/div>\r\n    <\/div>\r\n<\/section>\r\n<main>\r\n<script type=\"application\/ld+json\">\r\n{\r\n  \"@context\": \"https:\/\/schema.org\",\r\n  \"@type\": \"FAQPage\",\r\n  \"mainEntity\": {\r\n    \"@type\": \"Question\",\r\n    \"name\": \"Quels sont les types de police d\u2019assurance habitation de base?\",\r\n    \"acceptedAnswer\": {\r\n      \"@type\": \"Answer\",\r\n      \"text\": \"Il existe trois types de polices d\u2019assurance habitation de base\u00a0: Risques d\u00e9sign\u00e9s\u00a0: Il s\u2019agit de la police la plus limit\u00e9e sur le march\u00e9; elle ne vous prot\u00e8gent que contre un nombre r\u00e9duit de sinistres. Typiquement, les sinistres couverts comprennent l\u2019incendie ou le foudre, l\u2019explosion, la fum\u00e9e, la chute d\u2019objets, l\u2019impact par un a\u00e9ronef ou un v\u00e9hicule terrestre, les \u00e9meutes, le vandalisme ou les actes malveillants, certains types de d\u00e9g\u00e2ts d\u2019eau, les temp\u00eates de vent ou de gr\u00eale, et le vol ou les tentatives de vol. Les polices risques d\u00e9sign\u00e9s ne couvrent que les pertes ou dommages caus\u00e9s par l\u2019un des risques d\u00e9sign\u00e9s. Si un risque non d\u00e9sign\u00e9 provoque les pertes ou les dommages, votre police ne vous prot\u00e9gera pas. Tous risques\u00a0: Ce type de police vous prot\u00e8ge contre tous les types de sinistres, \u00e0 l\u2019exception des sinistres exclus. Les pertes ou dommages caus\u00e9s par l\u2019usure, les glissements de neige ou de terrain, les actes de terrorisme et la guerre sont certains exemples des sinistres typiquement exclus dans les polices tous risques. Malgr\u00e9 les exclusions, une police tous risques offre la meilleure protection; un sinistre ne peut \u00eatre exclu que s\u2019il est express\u00e9ment indiqu\u00e9 dans le libell\u00e9 de la police. Formule \u00e9tendue\u00a0: Les polices formule \u00e9tendue se situent au milieu\u00a0: elles offrent une protection tous risques pour l\u2019habitation et une protection contre les risques d\u00e9sign\u00e9s pour les biens meubles. Bien que l\u2019id\u00e9e d\u2019une police formule \u00e9tendue puisse sembler int\u00e9ressante, elle est inefficace contre une vaste gamme de sinistres. Par exemple\u00a0: si vous laissez tomber votre t\u00e9l\u00e9viseur, les dommages \u00e0 votre plancher de bois franc sera couverts, mais les dommages au t\u00e9l\u00e9viseur, non.\"\r\n    }\r\n  }\r\n}\r\n<\/script>","protected":false},"excerpt":{"rendered":"<p>Initiation aux diff\u00e9rents types d\u2019assurance habitation \u00c9valu\u00e9 par Daniel Mirkovic Que vous soyez propri\u00e9taire occupant, copropri\u00e9taire ou locataire, vous avez int\u00e9r\u00eat \u00e0 v\u00e9rifier que votre assurance offre une couverture comme vous l\u2019entendez. Il existe des polices pour ces trois types de propri\u00e9t\u00e9, mais \u00e9galement pour les r\u00e9sidences de vacances, les propri\u00e9t\u00e9s locatives et les maisons [&hellip;]<\/p>\n","protected":false},"author":2,"featured_media":0,"parent":50045,"menu_order":0,"comment_status":"open","ping_status":"closed","template":"page-article-new.php","meta":{"_acf_changed":false,"footnotes":""},"class_list":["post-60255","page","type-page","status-publish","hentry"],"acf":[],"_links":{"self":[{"href":"https:\/\/www.squareone.ca\/fr\/wp-json\/wp\/v2\/pages\/60255","targetHints":{"allow":["GET"]}}],"collection":[{"href":"https:\/\/www.squareone.ca\/fr\/wp-json\/wp\/v2\/pages"}],"about":[{"href":"https:\/\/www.squareone.ca\/fr\/wp-json\/wp\/v2\/types\/page"}],"author":[{"embeddable":true,"href":"https:\/\/www.squareone.ca\/fr\/wp-json\/wp\/v2\/users\/2"}],"replies":[{"embeddable":true,"href":"https:\/\/www.squareone.ca\/fr\/wp-json\/wp\/v2\/comments?post=60255"}],"version-history":[{"count":14,"href":"https:\/\/www.squareone.ca\/fr\/wp-json\/wp\/v2\/pages\/60255\/revisions"}],"predecessor-version":[{"id":72317,"href":"https:\/\/www.squareone.ca\/fr\/wp-json\/wp\/v2\/pages\/60255\/revisions\/72317"}],"up":[{"embeddable":true,"href":"https:\/\/www.squareone.ca\/fr\/wp-json\/wp\/v2\/pages\/50045"}],"wp:attachment":[{"href":"https:\/\/www.squareone.ca\/fr\/wp-json\/wp\/v2\/media?parent=60255"}],"curies":[{"name":"wp","href":"https:\/\/api.w.org\/{rel}","templated":true}]}}