{"id":60297,"date":"2022-10-06T10:29:58","date_gmt":"2022-10-06T17:29:58","guid":{"rendered":"https:\/\/www.squareone.ca\/securite-propane"},"modified":"2025-09-25T14:40:30","modified_gmt":"2025-09-25T21:40:30","slug":"securite-propane","status":"publish","type":"page","link":"https:\/\/www.squareone.ca\/fr\/centres-ressources\/securite-domiciliaire-personnelle\/securite-propane","title":{"rendered":"Comment utiliser votre bouteille de propane en toute s\u00e9curit\u00e9"},"content":{"rendered":"<section id='intro' class=\"bg-shape-split bg-sub-page-hero\">\r\n  <div class=\"bg-position\">\r\n      <div class=\"container-fluid\">\r\n        <div class=\"row align-items-center\">\r\n          <div class=\"col-12 col-lg-8\">\r\n            <h1>Comment utiliser votre bouteille de propane en toute s\u00e9curit\u00e9<\/h1>\r\n  <strong>Article r\u00e9dig\u00e9 par <a href=\"\/fr\/a-propos-de-nous\/contributeurs#anthony-michael\" title=\"Auteur : Anthony Michael\">Anthony Michael<\/a><\/strong>\r\n            <div style=\"margin-top:48px;\"><p class=\"pb-4\" style=\"margin-top:-24px\">Mis \u00e0 jour le 24 juin 2024<\/p><\/div>\r\n          <\/div>\r\n        <\/div>\r\n\r\n        <div class=\"row\">\r\n          <div class=\"col-lg-8\">\r\n            <p class=\"display-4\">Il n\u2019y a rien de plus beau qu\u2019un barbecue d\u2019\u00e9t\u00e9 en la compagnie de vos amis ou de vous installer \u00e0 l&rsquo;automne sur un patio bien chauff\u00e9 par un radiateur de terrasse. Il existe un gaz de p\u00e9trole liqu\u00e9fi\u00e9 qui rend tout \u00e7a possible\u00a0: le propane. Si vous avez de l\u2019\u00e9quipement \u00e0 propane, vous avez besoin de bouteilles de propane.<\/p>\r\n            <p class=\"display-4\">Utilis\u00e9es de mani\u00e8re s\u00e9curitaire, les bouteilles de propane vous aideront \u00e0 profiter de votre espace ext\u00e9rieur. Dans cet article, nous vous donnerons des conseils pratiques pour la manipulation et le rangement s\u00e9curitaires de vos bouteilles de propane, y compris o\u00f9 et \u00e0 quelle temp\u00e9rature les ranger et comment les pr\u00e9parer pour le rangement.<\/p>\r\n            <p class=\"pt-2\"><img loading=\"lazy\" decoding=\"async\" src=\"https:\/\/cdn.squareone.ca\/wp-content\/uploads\/2022\/10\/04091140\/propane-tank-on-barbecue.jpg\" alt=\"Barbecue \u00e0 propane noir avec bouteille de propane sur une pelouse\" width=\"248\"  class=\"img-fluid\" height=\"186\" rel=\"noopener noreferrer\" \/><\/p>\r\n          <\/div>\r\n\r\n          <div class=\"col-lg-3 offset-lg-1\">\r\n            <p class=\"mb-2 display-4 pt-4 pt-lg-0 pt-mb-0\"><strong>Th\u00e8mes<\/strong><\/p>\r\n              <ul class=\"list-unstyled link-list display-4\">\r\n                   <li><a href='#what-is'>Qu\u2019est-ce qu\u2019une bouteille de propane?<\/a><\/li>\r\n                   <li><a href='#transportation'>Comment transporter une bouteille \u00e0 propane<\/a><\/li>\r\n                   <li><a href='#where-to-store'>Rangement<\/a><\/li> \r\n                   <li><a href='#storage-prep'>Pr\u00e9paration au rangement<\/a><\/li>\r\n                   <li><a href='#expiration'>Dates d\u2019expiration<\/a><\/li>\r\n                   <li><a href='#home-insurance'>Consid\u00e9rations en assurance habitation<\/a><\/li>\r\n                   <li><a href=\"#FAQ\">Questions fr\u00e9quemment pos\u00e9es<\/a><\/li>                                                                      \r\n              <\/ul>\r\n          <\/div>\r\n\r\n      <\/div>  \r\n    <\/div>\r\n  <\/div>\r\n<div class=\"bg-bottom\"><\/div>\r\n<\/section>\r\n\r\n<section>\r\n  <div class=\"container-fluid py-6\">\r\n    <div class=\"row\">\r\n      <div class=\"col-12 col-lg-8\">\r\n\r\n        <h2 id=\"what-is\">Qu\u2019est-ce qu\u2019une bouteille de propane?<\/h2>\r\n\r\n          <p>Une bouteille (ou bonbonne) de propane est un contenant de gaz sous pression qui contient le <a href=\"https:\/\/propanequebec.com\/le-propane\/quest-ce-que-le-propane\/\" title=\"Qu\u2019est-ce que le propane? - Association qu\u00e9b\u00e9coise du propane\" rel=\"noopener noreferrer\" target=\"_blank\">propane<\/a> liqu\u00e9fi\u00e9.<\/p>\r\n\r\n          <p>Les bouteilles ont de diff\u00e9rentes capacit\u00e9s selon leur fonctionnalit\u00e9. Dans le cadre du pr\u00e9sent article, nous examinerons la bouteille m\u00e9nag\u00e8re typique de 9\u00a0kilos. Celle-ci est 45\u00a0centim\u00e8tres de haut avec un diam\u00e8tre de 30\u00a0centim\u00e8tres environ.<\/p>\r\n\r\n          <p>Elles sont utilis\u00e9es pour les barbecues, les foyers, les foyers de table ou les chauffes-terrasse. Vous pouvez les acheter ou les \u00e9changer dans les quincailleries, les supermarch\u00e9s ou les stations d\u2019essence.<\/p>\r\n\r\n          <p>Le propane est un gaz d\u2019hydrocarbures non toxique, incolore, inodore et hautement inflammable extrait du traitement du gaz naturel et du raffinage du p\u00e9trole brut. Il a une temp\u00e9rature d\u2019\u00e9bullition de -42\u00a0\u00baC, ce qui est id\u00e9al dans les climats plus froids. Le propane peut \u00eatre utilis\u00e9 pendant toute l\u2019ann\u00e9e et se pr\u00eate \u00e0 l\u2019entreposage ext\u00e9rieur.<\/p>\r\n\r\n        <h2 id=\"transportation\">Comment transporter une bouteille de propane?<\/h2>\r\n\r\n          <p>Vous pouvez transporter en toute s\u00e9curit\u00e9 une bouteille de propane vers et depuis votre domicile.<\/p>\r\n\r\n          <p>Posez la bouteille dans un endroit bien a\u00e9r\u00e9 du v\u00e9hicule, \u00e0 proximit\u00e9 d\u2019une fen\u00eatre partiellement ouverte. Placez la bouteille dans une position s\u00e9curitaire et verticale (m\u00eame quand elle est vide) pour que la bouteille ne tombe, ne glisse ou ne roule pas. Vous pouvez l\u2019attacher au si\u00e8ge \u00e0 l\u2019aide des courroies ou la placer sur le plancher du v\u00e9hicule.<\/p>\r\n\r\n          <p>Assurez-vous que la vanne de la bouteille est ferm\u00e9e, m\u00eame si la bouteille est vide. Allez directement \u00e0 votre destination et rangez la bouteille en lieu s\u00fbr \u00e0 l\u2019ext\u00e9rieur d\u00e8s votre arriv\u00e9e. Il ne faut jamais garder une bouteille pleine \u00e0 l\u2019int\u00e9rieur d\u2019un v\u00e9hicule chaud ou dans le coffre et il ne faut jamais fumer dans le v\u00e9hicule ou \u00e0 proximit\u00e9 d\u2019une bouteille de propane.<\/p>\r\n\r\n        <h2 id=\"where-to-store\">O\u00f9 devrais-je ranger ma bouteille \u00e0 propane?<\/h2>\r\n\r\n          <p>Rangez votre bouteille \u00e0 propane \u00e0 l\u2019ext\u00e9rieur dans un endroit bien a\u00e9r\u00e9 \u00e0 l\u2019\u00e9cart de la lumi\u00e8re solaire directe, \u00e0 l\u2019ombre id\u00e9alement. La temp\u00e9rature de l\u2019endroit dans lequel vous rangez la bouteille ne devrait pas d\u00e9passer 49\u00a0\u00baC. Rangez la bouteille verticalement dans un endroit plat et stable \u00e0 une distance d\u2019un minimum de 3\u00a0m\u00e8tres des mati\u00e8res inflammables. Il ne faut jamais ranger une bouteille de propane \u00e0 l\u2019int\u00e9rieur ou dans un espace clos et mal a\u00e9r\u00e9 (comme un cabanon ou un garage) ou dans un endroit humide.<\/p>\r\n\r\n          <p>Apr\u00e8s la saison des barbecues, vous pouvez ranger votre bouteille de propane \u00e0 l\u2019ext\u00e9rieur pendant l\u2019hiver, malgr\u00e9 le froid. Vous pouvez ranger la bouteille sous la couverture du barbecue pour la prot\u00e9ger contre la neige et la glace. Sinon, vous pouvez couvrir la bouteille avec une b\u00e2che plastique pour emp\u00eacher la rouille. Si vous rangez la bouteille sous le barbecue, n\u2019oubliez pas de fermer la vanne.<\/p>\r\n\r\n        <h2 id=\"storage-prep\">Dois-je pr\u00e9parer la bouteille avant de la ranger?<\/h2>\r\n\r\n          <p>Avant de ranger la bouteille, jetez un \u0153il sur les vannes, la bouteille et le tuyau de branchement pour des signes d\u2019usure ou de fuites. Parfois des animaux comme les souris ou les \u00e9cureuils rongent le tuyau, ce qui peut causer des fuites.<\/p>\r\n\r\n          <p>Vous pouvez rep\u00e9rer des fuites en pulv\u00e9risant un m\u00e9lange de savon non abrasif sur la bouteille, la vanne et le tuyau, apr\u00e8s avoir d\u00e9branch\u00e9 la bouteille. Si vous voyez des bulles, c\u2019est un signe de fuites; dans ce cas, il faut que vous communiquiez avec un fournisseur de propane pour traiter la bouteille.<\/p>\r\n\r\n          <p>Il ne faut jamais jeter une bouteille de propane dans le recyclage ou les vidanges.<\/p>        \r\n\r\n      <\/div>\r\n    <\/div>\r\n  <\/div>\r\n<\/section>\r\n\r\n\t<section class=\"bg-transparent\">\n\t\t<img decoding=\"async\" src=\"\/sales\/images\/bgs\/bg-mid-page-cta-general-top.svg\" style=\"width: 100%; vertical-align: bottom; position: relative; top: 1px\"\/>\n\t\t\n\t\t<div class=\"bg-darkTeal py-3\">\t\t\t\n\t\t\t<div class=\"container-fluid\">\n\t\t\t\t<div class=\"row d-flex align-items-center pb-5\">\n\t\t\t\t\t<div class=\"col-12 col-md-8 offset-md-2 px-lg-5 pb-5 pb-lg-0\">\n\t\t\t\t\t\t<div class=\"h6 mb-4 text-primary text-uppercase text-center\">\n\t\t\t\t\t\t\tCela ne prend que 5\u00a0minutes \n\t\t\t\t\t\t<\/div>\t\t\n\t\t\t\t\t\t\t\t\t\t\t\n\t\t\t\t\t\t<p class=\"lead px-lg-5 text-white\">\n\t\t\t\t\t\t\t<strong class=\"d-inline-block text-uc-first\">Pr\u00eat \u00e0 obtenir une soumission en ligne? <\/strong> Votre temps est aussi pr\u00e9cieux que vos possessions. Obtenez une soumission d'assurance habitation en <strong>5 minutes<\/strong>. C\u2019est moins de temps qu\u2019il n\u2019en faut pour faire la file pour un caf\u00e9.\n\t\t\t\t\t\t<\/p>\t\t\t\n\t\n\t\t\t\t\t\t<div id=\"sq1-qw-f9eacfe1af82\" class=\"sq1-quote-widget mb-4 text-white\" data-quote-widget-type=\"HOME\" data-has-custom-text=\"true\">\n\t\t\t\t\t\t\t<div class=\"input-group input-group-focus-within bg-white my-4\">\n\t\t\t\t\t\t\t\t<div>\n\t\t\t\t\t\t\t\t\t<div class=\"input-group-text\">\n\t\t\t\t\t\t\t\t\t\t<i class=\"fa fa-map-marker d-block text-black\"><\/i>\n\t\t\t\t\t\t\t\t\t<\/div>\n\t\t\t\t\t\t\t\t<\/div>\n\t\t\t\t\t\t\t\t<input type=\"text\" class=\"form-control\" style=\"padding: 10px;\" placeholder=\"Enter an address\" aria-label=\"Inscrivez votre adresse pour obtenir une soumission\"\/>\n\t\t\t\t\t\t\t\t<div>\n\t\t\t\t\t\t\t\t\t<button class=\"btn btn-primary\">Obtenir une soumission en ligne d\u00e8s maintenant<\/button>\n\t\t\t\t\t\t\t\t<\/div>\n\t\t\t\t\t\t\t<\/div>\n\t\t\t\t\t\t<\/div>\n\t\t\t\t\t\t\n\t\t\t\t\t\t<p class=\"small text-white\">Avant de commencer, veuillez lire notre <a href=\"https:\/\/www.squareone.ca\/fr\/politique-confidentialite\" target=\"_blank\" rel=\"noreferrer noopener\">Politique de confidentialit\u00e9<\/a> et nos <a href=\"https:\/\/www.squareone.ca\/fr\/conditions-utilisation\" target=\"_blank\" rel=\"noreferrer noopener\">Conditions d\u2019utilisation<\/a>.<\/p>\t\n\t\n\t\t\t\t\t\t<script type=\"text\/javascript\">\n\t\t\t\t\t\t(function() {\n\t\t\t\t\t\t\tdocument.addEventListener('soiMiscJsLoaded', function() {\n\t\t\t\t\t\t        $(document).ready(function() {\n\t\t\t\t\t\t\t\t\tsoiQuoteWidget.processFormWidget('\/sales\/index.php\/json_quote_widget?rand=' +Math.random(), 'qwContainer'); \/\/populate quoting widget with content from symfony.\n\t\t\t\t\t\t\t\t});\n\t\t\t\t\t\t\t});\n\t\t\t\t\t\t})();\n\t\t\t\t\t\t<\/script>\n\t\t\t\t\t<\/div>\n\t\t\t\t<\/div>\n\t\t\t<\/div>\n\t\t<\/div>\n\t\t\n\t\t<img decoding=\"async\" src=\"\/sales\/images\/bgs\/bg-mid-page-cta-general-bottom.svg\" style=\"width: 100%; vertical-align: top\"\/>\t\t\n\t<\/section>\r\n\r\n<section>\r\n  <div class=\"container-fluid py-6\">\r\n    <div class=\"row\">\r\n      <div class=\"col-12 col-lg-8\"> \r\n\r\n        <h2 id=\"expiration\">Les bouteilles de propane ont-elles une date d&rsquo;expiration?<\/h2>\r\n\r\n          <p>Au Canada, les bouteilles de propane deviennent p\u00e9rim\u00e9es apr\u00e8s 10\u00a0ans et doivent \u00eatre <a href=\"https:\/\/tc.canada.ca\/fr\/marchandises-dangereuses\/faq-tubes-bouteilles-gaz#requalification\" title=\"Recertification des bouteilles \u00e0 propane - Transport Canada\" rel=\"noopener noreferrer\" target=\"_blank\">recertifi\u00e9es<\/a> ou requalifi\u00e9es pour des raisons s\u00e9curitaires. Les bouteilles plus \u00e2g\u00e9es peuvent avoir des fuites, de la rouille ou des ruptures.<\/p>\r\n\r\n          <p>La date de fabrication de la bouteille est grav\u00e9e sur le col de la bouteille, comme 04\u00a014 (voir l\u2019image ci-dessous). Cela signifie que la bouteille a \u00e9t\u00e9 fabriqu\u00e9e en avril\u00a02014 et devra \u00eatre recertifi\u00e9e en avril\u00a02024 (10 ans apr\u00e8s 2014).<\/p>\r\n\r\n          <img decoding=\"async\" src=\"https:\/\/cdn.squareone.ca\/wp-content\/uploads\/2022\/10\/04164658\/propane-tank-collar.png\" title=\"Col d'une bouteille de propane avec date d'expiration\" alt=\"Gros plan d'un col de bouteille de propane affichant la date d\u2019expiration\" width=\"800px\" class=\"img-fluid\" loading=\"lazy\" \/>\r\n          <div class=\"mb-3\">  \r\n          <small><a href=\"https:\/\/www.quora.com\/How-do-you-tell-if-your-propane-barbecue-tank-is-expired\" title=\"comment savoir si la bouteille de propane de votre barbecue est p\u00e9rim\u00e9e - Quora\" rel=\"noopener noreferrer nofollow\" target=\"_blank\">Source<\/a><\/small>           <\/div>  \r\n\r\n          <p>Si la date de fabrication remonte \u00e0 plus de 10\u00a0ans, vous devrez voir une marque de requalification, ce qui signifie que la bouteille a \u00e9t\u00e9 inspect\u00e9e par une installation de requalification agr\u00e9\u00e9e. Dans ce cas, vous verrez une s\u00e9rie de chiffres se terminant par la lettre E. Par exemple, une marque de 04 PD3 14 E signifie que la bouteille a \u00e9t\u00e9 requalifi\u00e9e en avril\u00a02014.<\/p>\r\n\r\n          <p>PD3 est la marque enregistr\u00e9e de l\u2019installation de requalification attribu\u00e9e par <a href=\"https:\/\/tc.canada.ca\/fr\/marchandises-dangereuses\" title=\"Marchandises dangereuses - Transport Canada\" rel=\"noopener noreferrer\" target=\"_blank\">Transport Canada<\/a>. Le E signifie \u00ab\u00a0inspection visuelle externe\u00a0\u00bb.<\/p>\r\n\r\n          <p>Si votre bouteille a d\u00e9pass\u00e9 la date d\u2019expiration et n\u2019a pas \u00e9t\u00e9 recertifi\u00e9e ou requalifi\u00e9e, il ne faut plus l\u2019utiliser et vous devez la jeter. Vous ne pouvez pas jeter une bouteille de propane dans les vidanges ordinaires; g\u00e9n\u00e9ralement, les quincailleries et les supermarch\u00e9s acceptent les bouteilles expir\u00e9es.<\/p>\r\n\r\n        <h2 id=\"home-insurance\">Les bouteilles de propane et l\u2019assurance habitation<\/h2>\r\n\r\n          <p>Les bouteilles de propane se trouvent dans la cat\u00e9gorie de biens meubles, tout comme l\u2019\u00e9quipement auquel elles sont jointes.<\/p>\r\n\r\n          <p>Dans le cas d\u2019une explosion, il est possible que votre fournisseur d\u2019assurance vous offre un r\u00e8glement pour couvrir les dommages. Malgr\u00e9 les diff\u00e9rences dans les polices d\u2019assurance habitation, la plupart des polices couvrent les explosions de bouteille de propane involontaires.<\/p>\r\n\r\n          <p>Les <a href=\"\/fr\/centres-ressources\/lexique-assurance\/exclusion\" title=\"D\u00e9finition : exclusion\">exclusions<\/a> s\u2019appliquent \u00e0 des explosions caus\u00e9es volontairement (il va sans dire) ou \u00e0 des explosions provoqu\u00e9es par le terrorisme ou les catastrophes nucl\u00e9aires. Les deux derniers ont tr\u00e8s peu \u00e0 voir avec votre bouteille de propane, bien entendu.<\/p>\r\n\r\n        <h2 id=\"FAQ\">Questions fr\u00e9quemment pos\u00e9es<\/h2>\r\n\r\n          <h3>O\u00f9 puis-je trouver une bouteille de propane?<\/h3>\r\n\r\n            <p>Vous pouvez vous procurer une bouteille de propane dans les quincailleries, les supermarch\u00e9s et les stations d\u2019essence. Vous pouvez \u00e9galement \u00e9changer les bouteilles vides dans ces endroits ou les faire remplir dans un centre de ravitaillement de propane.<\/p>\r\n\r\n          <h3>Pendant combien de temps dure une bouteille de propane?<\/h3>\r\n\r\n            <p>Typiquement, une bouteille de propane de 9\u00a0kilos utilis\u00e9e pour un barbecue moyen devrait donner 20\u00a0heures de cuisson environ, alors que pour un barbecue plus grand, la bouteille devrait donner 10\u00a0heures de cuisson \u00e0 peu pr\u00e8s.<\/p>\r\n\r\n          <h3>Le propane est-il \u00e9cologique?<\/h3>\r\n\r\n            <p>Le propane est le combustible fossile le plus propre. Il est jug\u00e9 de constituer un combustible vert, car il est \u00e9cologique avant et apr\u00e8s la combustion. Si le propane p\u00e9n\u00e8tre dans l\u2019atmosph\u00e8re, il ne cause pas de d\u00e9g\u00e2ts, \u00e0 la diff\u00e9rence du gaz naturel qui contient le gaz \u00e0 effet de serre m\u00e9thane.<\/p>\r\n         \r\n          <p><strong>Vous voulez en savoir plus?<\/strong> Consultez notre <a href=\"\/fr\/centres-ressources\/bases-assurance\" title=\"Centre de ressources : bases de l\u2019assurance habitation\">Centre de ressources&nbsp;: bases de l\u2019assurance habitation<\/a> pour acc\u00e9der \u00e0 des dizaines d\u2019articles pratiques pour vous guider sur les tenants et aboutissants de l\u2019assurance habitation. Ensuite, <a href=\"\/fr\/soumission-assurance-habitation-en-ligne\" title=\"Obtenir une soumission d\u2019assurance habitation en ligne\">obtenez une soumission d'assurance habitation en ligne<\/a> en moins de 5\u00a0minutes et d\u00e9couvrez \u00e0 quel point l\u2019assurance habitation personnalis\u00e9e peut \u00eatre abordable.<\/p>\r\n\r\n      <\/div>\r\n    <\/div>\r\n  <\/div>\r\n<\/section>\r\n<script type=\"application\/ld+json\">\r\n{\r\n  \"@context\": \"https:\/\/schema.org\",\r\n  \"@type\": \"FAQPage\",\r\n  \"mainEntity\": [{\r\n    \"@type\": \"Question\",\r\n    \"name\": \"O\u00f9 puis-je trouver une bouteille de propane?\",\r\n    \"acceptedAnswer\": {\r\n      \"@type\": \"Answer\",\r\n      \"text\": \"Vous pouvez vous procurer une bouteille de propane dans les quincailleries, les supermarch\u00e9s et les stations d\u2019essence. Vous pouvez \u00e9galement \u00e9changer les bouteilles vides dans ces endroits ou les faire remplir dans un centre de ravitaillement de propane.\"\r\n    }\r\n  },{\r\n    \"@type\": \"Question\",\r\n    \"name\": \"Pendant combien de temps dure une bouteille de propane?\",\r\n    \"acceptedAnswer\": {\r\n      \"@type\": \"Answer\",\r\n      \"text\": \"Typiquement, une bouteille dde propane de 9\u00a0kilos utilis\u00e9e pour un barbecue moyen devrait donner 20\u00a0heures de cuisson environ, alors qu\u2019un barbecue plus grand devrait donner 10\u00a0heures de cuisson \u00e0 peu pr\u00e8s.\"\r\n    }\r\n  },{\r\n    \"@type\": \"Question\",\r\n    \"name\": \"Le propane est-il \u00e9cologique?\",\r\n    \"acceptedAnswer\": {\r\n      \"@type\": \"Answer\",\r\n      \"text\": \"Le propane est le combustible fossile le plus propre. Il est jug\u00e9 de constituer un combustible vert, car il est \u00e9cologique avant et apr\u00e8s la combustion. Si le propane p\u00e9n\u00e8tre dans l\u2019atmosph\u00e8re, il ne cause pas de d\u00e9g\u00e2ts, \u00e0 la diff\u00e9rence du gaz naturel qui contient le gaz \u00e0 effet de serre m\u00e9thane.\"\r\n    }\r\n  }]\r\n}\r\n<\/script>\r\n<script type=\"application\/ld+json\">\r\n{\r\n  \"@context\": \"https:\/\/schema.org\",\r\n  \"@type\": \"WebPage\",\r\n  \"mainEntityOfPage\": {\r\n    \"@type\": \"Article\",\r\n    \"@id\": \"https:\/\/www.squareone.ca\/fr\/centres-ressources\/securite-domiciliaire-personnelle\/securite-propane\"\r\n  },\r\n  \"author\": [\r\n    {\r\n      \"@type\": \"Person\",\r\n      \"name\": \"Anthony Michael\",\r\n      \"url\": \"https:\/\/www.squareone.ca\/fr\/a-propos-de-nous\/membres-equipe#anthony-michael\"\r\n    }\r\n  ],\r\n  \"headline\": \"Comment utiliser votre bouteille de propane en toute s\u00e9curit\u00e9\",\r\n  \"datePublished\": \"\",\r\n  \"dateModified\": \"\",\r\n  \"inLanguage\": \"fr-CA\",\r\n  \"isAccessibleForFree\": true\r\n}\r\n<\/script>\r\n","protected":false},"excerpt":{"rendered":"<p>Comment utiliser votre bouteille de propane en toute s\u00e9curit\u00e9 Il n\u2019y a rien de plus beau qu\u2019un barbecue d\u2019\u00e9t\u00e9 en la compagnie de vos amis ou de vous installer \u00e0 l&rsquo;automne sur un patio bien chauff\u00e9 par un radiateur de terrasse. Il existe un gaz de p\u00e9trole liqu\u00e9fi\u00e9 qui rend tout \u00e7a possible\u00a0: le propane. [&hellip;]<\/p>\n","protected":false},"author":20,"featured_media":60219,"parent":51337,"menu_order":0,"comment_status":"closed","ping_status":"closed","template":"page-article-new.php","meta":{"_acf_changed":false,"footnotes":""},"class_list":["post-60297","page","type-page","status-publish","has-post-thumbnail","hentry"],"acf":[],"_links":{"self":[{"href":"https:\/\/www.squareone.ca\/fr\/wp-json\/wp\/v2\/pages\/60297","targetHints":{"allow":["GET"]}}],"collection":[{"href":"https:\/\/www.squareone.ca\/fr\/wp-json\/wp\/v2\/pages"}],"about":[{"href":"https:\/\/www.squareone.ca\/fr\/wp-json\/wp\/v2\/types\/page"}],"author":[{"embeddable":true,"href":"https:\/\/www.squareone.ca\/fr\/wp-json\/wp\/v2\/users\/20"}],"replies":[{"embeddable":true,"href":"https:\/\/www.squareone.ca\/fr\/wp-json\/wp\/v2\/comments?post=60297"}],"version-history":[{"count":13,"href":"https:\/\/www.squareone.ca\/fr\/wp-json\/wp\/v2\/pages\/60297\/revisions"}],"predecessor-version":[{"id":77004,"href":"https:\/\/www.squareone.ca\/fr\/wp-json\/wp\/v2\/pages\/60297\/revisions\/77004"}],"up":[{"embeddable":true,"href":"https:\/\/www.squareone.ca\/fr\/wp-json\/wp\/v2\/pages\/51337"}],"wp:featuredmedia":[{"embeddable":true,"href":"https:\/\/www.squareone.ca\/fr\/wp-json\/wp\/v2\/media\/60219"}],"wp:attachment":[{"href":"https:\/\/www.squareone.ca\/fr\/wp-json\/wp\/v2\/media?parent=60297"}],"curies":[{"name":"wp","href":"https:\/\/api.w.org\/{rel}","templated":true}]}}