{"id":60309,"date":"2022-10-11T12:54:05","date_gmt":"2022-10-11T19:54:05","guid":{"rendered":"https:\/\/www.squareone.ca\/soutien\/bases-assurance-conseils\/lexique-assurance\/definition-verification-credit"},"modified":"2025-12-19T09:09:28","modified_gmt":"2025-12-19T17:09:28","slug":"definition-verification-credit","status":"publish","type":"page","link":"https:\/\/www.squareone.ca\/fr\/centres-ressources\/lexique-assurance\/verification-credit","title":{"rendered":"D\u00e9finition : v\u00e9rification de cr\u00e9dit"},"content":{"rendered":"<section id='intro' class=\"bg-shape-split bg-sub-page-hero\">\r\n\t<div class=\"bg-position\">\r\n\t\t<div class=\"container-fluid\">\r\n\t\t\t<div class=\"row align-items-center\">\r\n\t\t\t\t<div class=\"col-12 col-lg-8\">                \r\n\t\t\t\t\t<h1>V\u00e9rification de cr\u00e9dit<\/h1>\r\n\t\t\t\t\t<strong>Article r\u00e9dig\u00e9 par <a href=\"\/fr\/a-propos-de-nous\/contributeurs#seamus-mckale\" title=\"Auteur : Seamus McKale\">Seamus McKale<\/a><\/strong>\r\n                                        <p class=\"pb-3\"><strong>Article \u00e9valu\u00e9 par <a href=\"\/fr\/a-propos-de-nous\/experts\/daniel-mirkovic\" title=\"Expert : Daniel Mirkovic\">Daniel Mirkovic<\/a><\/strong><\/p> \r\n\t\t\t\t\t<p class=\"pb-4\" style=\"margin-top:-24px\">Mis \u00e0 jour le 6 novembre 2025<\/p>\r\n\t\t\t\t<\/div>\r\n\t\t\t<\/div>\r\n\r\n\t\t\t<div class=\"row\">\r\n\t\t\t\t<div class=\"col-lg-8\">\r\n\t\t\t\t\t<p class='mb-0'>Nom<\/p>\r\n\t\t\t\t\t<p>v\u00e9r-i-fi-ca-tion de cr\u00e9-dit | ve\u0281ifikasj\u0254\u0303 d\u0259 k\u0281edi<\/p>\r\n\t\t\t\t\t<p class=\"display-4\"><strong><span class='text-orange'>Definition\u00a0:<\/span> Le processus par lequel un pr\u00eateur ou un tiers demande l\u2019histoire de cr\u00e9dit d\u2019un \u00e9ventuel emprunteur ou client de la part d\u2019un \u00e9tablissement effectuant des enqu\u00eates sur la solvabilit\u00e9.<\/strong><\/p>\r\n\t\t\t\t\t<p class=\"display-4\"><i>La banque de Stanley a effectu\u00e9 une <strong>v\u00e9rification de cr\u00e9dit<\/strong> avant d\u2019approuver son pr\u00eat.<\/i><\/p>                   \r\n\t\t\t\t<\/div>\r\n\r\n\t\t\t\t<div class=\"col-lg-3 offset-lg-1\">          \r\n\t\t\t\t\t<p class=\"mb-2 display-4 pt-4 pt-lg-0 pt-mb-0\"><strong>Th\u00e8mes<\/strong><\/p>\r\n\t\t\t\t\t<ul class=\"list-unstyled link-list display-4\">\r\n\t\t\t\t\t\t<li><a href='#What-it-is'>Qu\u2019est-ce qu\u2019une v\u00e9rification de cr\u00e9dit?<\/a><\/li>\r\n\t\t\t\t\t\t<li><a href='#Credit-report'>Quels sont les \u00e9l\u00e9ments d\u2019un rapport de solvabilit\u00e9?<\/a><\/li>\r\n\t\t\t\t\t\t<li><a href='#Insurance-and-credit'>Cote d\u2019assurance et pointage de cr\u00e9dit<\/a><\/li>\r\n\t\t\t\t\t<\/ul>\r\n\t\t\t\t<\/div>\r\n\t\t\t<\/div>  \r\n\t\t<\/div>\r\n\t<\/div>\r\n\t<div class=\"bg-bottom\"><\/div>\r\n<\/section>\r\n\r\n<section>\r\n    <div class=\"container-fluid py-6\">\r\n        <div class=\"row\">\r\n            <div class=\"col-12 col-lg-8\">\r\n                <div class=\"row pb-6\">\r\n                    <div class=\"col-12\">\r\n                        <div class=\"card review\" style='background-color:#FFE0C9'>\r\n                            <div class=\"card-body\">\r\n                                <p class=\"h3\">L\u2019essentiel<\/p>\r\n                                <ul class='mb-0'>\r\n\t\t\t\t\t<li><p>Une v\u00e9rification de cr\u00e9dit est effectu\u00e9e lorsqu\u2019un pr\u00eateur ou un tiers demande une copie de vos ant\u00e9c\u00e9dents de cr\u00e9dit de la part de l\u2019une des agences d\u2019\u00e9valuation du cr\u00e9dit du Canada.<\/p><\/li>\r\n\t\t\t\t\t<li><p>Vos ant\u00e9c\u00e9dents de cr\u00e9dit comprennent tous vos comptes de cr\u00e9dit ant\u00e9rieurs (pr\u00eats, cartes de cr\u00e9dit, hypoth\u00e8ques, lignes de cr\u00e9dit, etc.) et comment vous les utilisiez.<\/p><\/li>\r\n\t\t\t\t\t<li><p>Parfois, les fournisseurs d\u2019assurance demandent l\u2019autorisation des clients pour effectuer une v\u00e9rification de cr\u00e9dit secondaire pendant le processus de demande.<\/p><\/li>\r\n                                <\/ul>\r\n                            <\/div>\r\n                        <\/div>\r\n                    <\/div>\r\n                <\/div>\r\n\r\n\t\t\t\t<h2 id=\"What-it-is\">Qu\u2019est-ce qu\u2019une v\u00e9rification de cr\u00e9dit?<\/h2>\r\n\r\n\t\t\t\t<p>Les cartes de cr\u00e9dit, les lignes de cr\u00e9dit, les pr\u00eats et les pr\u00eats hypoth\u00e9caires sont tous des formes de cr\u00e9dit. Si vous effectuez une nouvelle demande de cr\u00e9dit de la part d\u2019un pr\u00eateur (une banque, une caisse populaire ou une compagnie de carte de cr\u00e9dit), celui-ci fera une v\u00e9rification de cr\u00e9dit.<\/p>\r\n\r\n\t\t\t\t<p>Le pr\u00eateur demandera une copie de votre rapport de solvabilit\u00e9 de la part de l\u2019une des deux agences d\u2019\u00e9valuation du cr\u00e9dit principales du Canada\u00a0: Equifax et TransUnion.<\/p>\r\n\r\n\t\t\t\t<p>Le rapport de solvabilit\u00e9 est un r\u00e9sum\u00e9 de votre histoire de cr\u00e9dit. Le rapport contient de l\u2019information sur vos comptes de cr\u00e9dit actuels ou ant\u00e9rieurs et comment vous les avez g\u00e9r\u00e9s.<\/p>\r\n\r\n\t\t\t\t<p>Les pr\u00eateurs consultent ces rapports pour les aider \u00e0 d\u00e9cider si vous posez un risque de cr\u00e9dit ou non. Un rapport de solvabilit\u00e9 qui d\u00e9montre des paiements manqu\u00e9s fr\u00e9quents ou des dettes affect\u00e9es \u00e0 une agence de recouvrement ne va pas s\u00e9duire les pr\u00eateurs. En revanche, une histoire de paiements \u00e0 temps indique que vous g\u00e9rez le cr\u00e9dit de mani\u00e8re responsable.<\/p>\r\n\r\n\t\t\t\t<p>Remarquez que le rapport de solvabilit\u00e9 comprend votre pointage de cr\u00e9dit. Le pointage de cr\u00e9dit est un num\u00e9ro \u00e0 trois chiffres qui \u00e9value votre cr\u00e9dit. Plus le chiffre est \u00e9lev\u00e9, plus votre cr\u00e9dit est solide.<\/p>\r\n\r\n\t\t\t\t<p>Un bon pointage de cr\u00e9dit se situe <a href=\"https:\/\/www.equifax.ca\/fr\/personnel\/education\/cote-de-credit\/articles\/-\/learn\/qu-est-ce-qui-est-une-bonne-cote-de-credit\/\" title=\"Equifax : qu\u2019est-ce qu\u2019un bon pointage de cr\u00e9dit?\" rel=\"noopener noreferrer\" target=\"_blank\">entre 660 et 900<\/a>; un pointage vers le haut de l\u2019\u00e9chelle est excellent.<\/p> \r\n\r\n\t\t\t\t<p>Le chiffre \u00ab\u00a0acceptable\u00a0\u00bb d\u00e9pend du pr\u00eateur et du type de cr\u00e9dit que vous demandez.<\/p>\r\n\r\n\t\t\t\t<p>Il existe deux types de v\u00e9rification de cr\u00e9dit\u00a0:<\/p>\r\n\r\n\t\t\t\t<p>une v\u00e9rification de cr\u00e9dit avec impact et une v\u00e9rification secondaire.<\/p>\r\n\r\n\t\t\t\t<p>Une v\u00e9rification de cr\u00e9dit avec impact a lieu lorsqu\u2019un pr\u00eateur demande votre rapport de solvabilit\u00e9 avant de vous offrir un nouveau compte de cr\u00e9dit. Les v\u00e9rifications de cr\u00e9dit avec impact ont une incidence n\u00e9gative temporaire sur votre pointage de cr\u00e9dit. De nombreuses v\u00e9rifications de cr\u00e9dit avec impact pendant une br\u00e8ve p\u00e9riode constituent une mise en garde pour les pr\u00eateurs. Un pr\u00eateur pourrait penser que vous recherchez d\u00e9sesp\u00e9r\u00e9ment du cr\u00e9dit et repr\u00e9sentez un risque \u00e9lev\u00e9.<\/p>\r\n\r\n\t\t\t\t<p>D\u2019habitude, plusieurs v\u00e9rifications de cr\u00e9dit avec impact pour la m\u00eame raison pendant une p\u00e9riode courte ne comptent qu\u2019une seule v\u00e9rification. Par exemple, si vous magasinez un pr\u00eat hypoth\u00e9caire ou automobile.<\/p>\r\n\r\n\t\t\t\t<p>Une v\u00e9rification de cr\u00e9dit secondaire a lieu lorsque <a href=\"https:\/\/www.canada.ca\/fr\/agence-consommation-matiere-financiere\/services\/dossier-pointage-credit\/commander-dossier-credit.html\" title=\"Canada.ca : obtenir votre dossier de cr\u00e9dit et cote de cr\u00e9dit\" rel=\"noopener noreferrer\" target=\"_blank\">vous demandez votre propre rapport de solvabilit\u00e9<\/a>, ou si un tiers demande votre rapport de solvabilit\u00e9 pour des raisons autres que de vous offrir de nouveau cr\u00e9dit. Les v\u00e9rifications de cr\u00e9dit secondaires n\u2019ont aucune incidence sur votre pointage de cr\u00e9dit.\r\n\r\n\t\t\t\t<p>Il n\u2019y a pas de p\u00e9nalit\u00e9 si vous demandez votre propre rapport de solvabilit\u00e9, mais vous paierez des frais modiques, d\u2019habitude. En obtenant un rapport de solvabilit\u00e9, vous verrez votre statut de cr\u00e9dit avant de demander un nouveau pr\u00eat ou une nouvelle carte de cr\u00e9dit.<\/p>\r\n\r\n\t\t\t\t<p>La <a href=\"https:\/\/www.antifraudcentre-centreantifraude.ca\/index-fra.htm\" title=\"Gouvernement du Canada : Centre antifraude du Canada\" rel=\"noopener noreferrer\" target=\"_blank\">Gendarmerie royale du Canada (GRC) recommande <\/a> que vous v\u00e9rifiez r\u00e9guli\u00e8rement votre cr\u00e9dit afin de vous pr\u00e9munir contre l\u2019usurpation d\u2019identit\u00e9. Si quelqu\u2019un a effectu\u00e9 une demande de cr\u00e9dit en votre nom, la demande serait affich\u00e9e dans le rapport.<\/p>\r\n\r\n\t\t\t\t<p>Les employeurs, les propri\u00e9taires bailleurs et les compagnies d\u2019assurance peuvent tous demander une v\u00e9rification de cr\u00e9dit secondaire. Pour de plus amples renseignements au sujet des compagnies d\u2019assurance et des v\u00e9rifications de cr\u00e9dit, lisez la suite.<\/p>\r\n\r\n\r\n\t\t\t\t<h2 id=\"Credit-report\">Quels sont les \u00e9l\u00e9ments d\u2019un rapport de solvabilit\u00e9?<\/h2>\r\n\r\n\t\t\t\t<p>Un rapport de solvabilit\u00e9 comprend une certaine quantit\u00e9 de renseignements personnels, y compris\u00a0:<\/p>\r\n\t\t\t\t<ul>\r\n\t\t\t\t\t<li>Nom<\/li>\r\n\t\t\t\t\t<li>Votre date de naissance<\/li>\r\n\t\t\t\t\t<li>Vos adresses domiciliaires actuelles et ant\u00e9rieures<\/li>\r\n\t\t\t\t\t<li>Vos num\u00e9ros d\u2019identit\u00e9, dont votre num\u00e9ro d\u2019assurance sociale (NAS), votre num\u00e9ro de permis de conduire et votre num\u00e9ro de passeport<\/li>\r\n\t\t\t\t<\/ul>\r\n\t\t\t\t\r\n\t\t\t\t<p>Le rapport de solvabilit\u00e9 d\u00e9montre \u00e9galement vos ant\u00e9c\u00e9dents d\u2019emploi. Le c\u0153ur du rapport de solvabilit\u00e9 est l\u2019information financi\u00e8re, qui comprend ce qui suit\u00a0:<\/p>\r\n\t\t\t\t<ul>\r\n\t\t\t\t\t<li>Les comptes de cr\u00e9dit actuels et ant\u00e9rieurs, et leurs soldes (cartes de cr\u00e9dit, lignes de cr\u00e9dit, pr\u00eats, etc.)<\/li>\r\n\t\t\t\t\t<li>Vos ant\u00e9c\u00e9dents de paiement, y compris les ch\u00e8que en bois et les paiements \u00e9chou\u00e9s en raison des fonds insuffisants<\/li>\r\n\t\t\t\t\t<li>Les faillites ant\u00e9rieures<\/li>\r\n\t\t\t\t\t<li>Les dettes qui ont \u00e9t\u00e9 affect\u00e9es \u00e0 des agences de recouvrement<\/li>\r\n\t\t\t\t\t<li>Les v\u00e9rifications de cr\u00e9dit avec impact pendant les 36\u00a0derniers mois<\/li>\r\n\t\t\t\t<\/ul>\r\n\r\n\r\n\t\t\t\t<h2 id=\"Insurance-and-credit\">Les compagnies d\u2019assurance v\u00e9rifient-elles les pointages de cr\u00e9dit?<\/h2>\r\n\r\n\t\t\t\t<p>Parfois, les compagnies d\u2019assurance demandent votre autorisation avant d\u2019effectuer une v\u00e9rification de cr\u00e9dit et avant de souscrire une nouvelle <a href=\"\/fr\/centres-ressources\/lexique-assurance\/police\" title=\"D\u00e9finition : police\">police<\/a>. L\u2019assurance est r\u00e9gie sur le plan provincial, alors les r\u00e8glements varient de province en province.<\/p>\r\n\r\n\t\t\t\t<p>\u00c0 Terre-Neuve-et-Labrador, les assureurs n\u2019ont pas le droit d\u2019utiliser les pointages de cr\u00e9dit pendant le processus de demande. En Ontario, les assureurs automobile n\u2019ont pas le droit d\u2019utiliser les pointages de cr\u00e9dit, mais les assureurs habitation et autres, si.<\/p>\r\n\r\n\t\t\t\t<p>Dans les autres provinces, les assureurs peuvent v\u00e9rifier votre pointage de cr\u00e9dit. Toutefois, ils doivent obtenir votre consentement, \u00e0 l\u2019exception de la Nouvelle-\u00c9cosse, de l\u2019\u00cele-du-Prince-\u00c9douard et de la Saskatchewan. Dans ces provinces, les assureurs ne doivent que vous informer qu\u2019ils effectuent la v\u00e9rification.<\/p>\r\n\r\n\t\t\t\t<p>Les \u00e9tudes d\u00e9montrent qu\u2019il existe <a href=\"https:\/\/infoassurance.ca\/blogue\/habitation\/le-dossier-de-credit-et-lassurance\/\" title=\"Le dossier de cr\u00e9dit et l'assurance\" rel=\"noopener noreferrer\" target=\"_blank\">un rapport entre les pointages de cr\u00e9dit et les r\u00e9clamations<\/a>. Les clients avec des pointages de cr\u00e9dit plus \u00e9lev\u00e9s ont tendance \u00e0 faire moins de r\u00e9clamations comparativement aux clients avec des pointages moins \u00e9lev\u00e9s.<\/p>\r\n\r\n\t\t\t\t<p>Conform\u00e9ment aux r\u00e8glements en vigueur, les assureurs ne peuvent pas refuser une demande d\u2019assurance en raison d\u2019un pointage de cr\u00e9dit bas. \u00c0 la place, ils offrent souvent aux assur\u00e9s ayant un cr\u00e9dit robuste des <a href=\"\/fr\/centres-ressources\/bases-assurance\/moyens-economiser\" title=\"Article : 9 fa\u00e7ons d\u2019\u00e9conomiser de l\u2019argent sur votre assurance habitation\">primes moins \u00e9lev\u00e9es<\/a>, car les statistiques d\u00e9montrent qu\u2019il est moins probable que ceux-ci pr\u00e9sentent des r\u00e9clamations. Certains assureurs exigent une v\u00e9rification de cr\u00e9dit avant de fournir une soumission.<\/p>\r\n\r\n\t\t\t\t<p>Chez Square One, nous demandons votre permission de faire une v\u00e9rification de cr\u00e9dit secondaire pendant le processus de soumission.<\/p>\r\n\r\n\t\t\t\t<p><strong>Vous recherchez une d\u00e9finition en assurance?<\/strong> Consultez notre <a href=\"\/fr\/centres-ressources\/lexique-assurance\" title=\"Centre de ressources : lexique de l'assurance\">Centre de ressources&nbsp;: lexique de l\u2019assurance<\/a> pour acc\u00e9der \u00e0 des d\u00e9finitions faciles \u00e0 comprendre des termes les plus courants de l'assurance. Ensuite, <a href=\"\/fr\/soumission-assurance-habitation-en-ligne\" title=\"Obtenir une soumission d\u2019assurance habitation en ligne\">obtenez une soumission d'assurance habitation en ligne<\/a> en moins de 5\u00a0minutes et d\u00e9couvrez \u00e0 quel point l\u2019assurance habitation personnalis\u00e9e peut \u00eatre abordable.<\/p>\r\n\r\n\t\t\t\t<div class=\"row py-3\">\r\n<div class=\"col-12\">\r\n<div class=\"card review\" style=\"box-shadow: 0 2px 4px rgba(0,0,0,0.07);background-color:#f4f4f4;\">\r\n<div class=\"card-body\">\r\n\t<p class=\"text-primary h4\">\u00c0 propos de l\u2019expert&nbsp;: Daniel Mirkovic<\/p>\r\n\t<p>Cofondateur de Square One comptant plus de 25&nbsp;ans dans le secteur de l\u2019assurance, Daniel \u00e9tait vice-pr\u00e9sident des services d\u2019assurance et de voyage de la British Columbia Automobile Association (BCAA). Daniel est titulaire d'un baccalaur\u00e9at \u00e8s commerce et d'une ma\u00eetrise \u00e8s administration des affaires, tous deux obtenus \u00e0 la Sauder School of Business de l'universit\u00e9 de la Colombie-Britannique. Daniel est muni de la d\u00e9signation CAAC et d\u2019un certificat en assurance de dommages niveau&nbsp;3 en Colombie-Britannique, en Alberta, en Saskatchewan, au Manitoba et en Ontario.<\/p>\r\n<\/div>\r\n<\/div>\r\n<\/div>\r\n<\/div>\r\n\r\n\t\t\t<\/div>\r\n\t\t<\/div>\r\n\t<\/div>\r\n<\/section>\r\n<script type=\"application\/ld+json\">\r\n{\r\n  \"@context\": \"https:\/\/schema.org\",\r\n  \"@graph\": [\r\n    {\r\n      \"@type\": [\"WebPage\", \"DefinedTerm\"],\r\n      \"@id\": \"https:\/\/www.squareone.ca\/fr\/centres-ressources\/lexique-assurance\/verification-credit\",\r\n      \"url\": \"https:\/\/www.squareone.ca\/fr\/centres-ressources\/lexique-assurance\/verification-credit\",\r\n      \"inLanguage\": \"fr-CA\",\r\n      \"isAccessibleForFree\": true,\r\n      \"name\": \"V\u00e9rification de cr\u00e9dit\",\r\n      \"description\": \"Le processus par lequel un pr\u00eateur ou un tiers demande l\u2019histoire de cr\u00e9dit d\u2019un \u00e9ventuel emprunteur ou client de la part d\u2019un \u00e9tablissement effectuant des enqu\u00eates sur la solvabilit\u00e9.\",\r\n      \"inDefinedTermSet\": {\r\n        \"@type\": \"DefinedTermSet\",\r\n        \"name\": \"Lexique de l\u2019assurance de Square One\",\r\n        \"url\": \"https:\/\/www.squareone.ca\/fr\/centres-ressources\/lexique-assurance\"\r\n      },\r\n      \"publisher\": {\r\n        \"@id\": \"https:\/\/www.squareone.ca\/fr\"\r\n      },\r\n      \"author\": {\r\n        \"@id\": \"#seamus-mckale\"\r\n      },\r\n      \"reviewedBy\": {\r\n        \"@id\": \"https:\/\/www.squareone.ca\/fr\/a-propos-de-nous\/experts\/daniel-mirkovic#person\"\r\n      }\r\n    },\r\n    {\r\n      \"@type\": \"InsuranceAgency\",\r\n      \"@id\": \"https:\/\/www.squareone.ca\/fr\",\r\n      \"name\": \"Assurances Square One\",\r\n      \"url\": \"https:\/\/www.squareone.ca\/fr\",\r\n      \"logo\": \"https:\/\/cdn.squareone.ca\/wp-content\/uploads\/2021\/04\/09094743\/square-one-logomark-default-md-1.png\",\r\n      \"address\": {\r\n        \"@type\": \"PostalAddress\",\r\n        \"streetAddress\": \"1410-650 W Georgia St\",\r\n        \"addressLocality\": \"Vancouver\",\r\n        \"addressRegion\": \"BC\",\r\n        \"postalCode\": \"V6B 4N8\",\r\n        \"addressCountry\": \"CA\"\r\n      },\r\n      \"telephone\": \"+1-855-331-6933\",\r\n      \"areaServed\": [\"BC\", \"AB\", \"SK\", \"MB\", \"ON\", \"QC\"],\r\n      \"feesAndCommissionsSpecification\": \"https:\/\/www.squareone.ca\/fr\/transparence\"\r\n    },\r\n    {\r\n      \"@type\": \"Person\",\r\n      \"@id\": \"#seamus-mckale\",\r\n      \"name\": \"Seamus McKale\",\r\n      \"url\": \"https:\/\/www.squareone.ca\/fr\/a-propos-de-nous\/membres-equipe#seamus-mckale\",\r\n      \"description\": \"Seamus a 15 ans d\u2019exp\u00e9rience en marketing, avec sp\u00e9cialisation en publicit\u00e9 multim\u00e9dia, r\u00e9daction technique et contenu sur l\u2019assurance personnelle.\",\r\n      \"jobTitle\": \"Sp\u00e9cialiste de marketing de contenu\",\r\n      \"worksFor\": {\r\n        \"@id\": \"https:\/\/www.squareone.ca\/fr\"\r\n      },\r\n      \"hasCredential\": [\r\n        {\r\n          \"@type\": \"EducationalOccupationalCredential\",\r\n          \"name\": \"Certificat en assurance de dommages de la C.-B., niveau 1\"\r\n        },\r\n        {\r\n          \"@type\": \"EducationalOccupationalCredential\",\r\n          \"name\": \"Certificat en assurance de dommages de l\u2019Ontario\"\r\n        }\r\n      ],\r\n      \"knowsAbout\": [\r\n        \"Marketing\",\r\n        \"Publicit\u00e9 multim\u00e9dia\",\r\n        \"R\u00e9daction technique\",\r\n        \"Assurance des particuliers\"\r\n      ],\r\n      \"sameAs\": [\r\n        \"https:\/\/www.linkedin.com\/in\/seamus-m-83801a2b\/\"\r\n      ]\r\n    },\r\n    {\r\n      \"@type\": \"Person\",\r\n      \"@id\": \"https:\/\/www.squareone.ca\/fr\/a-propos-de-nous\/experts\/daniel-mirkovic#person\",\r\n      \"name\": \"Daniel Mirkovic\",\r\n      \"url\": \"https:\/\/www.squareone.ca\/fr\/a-propos-de-nous\/experts\/daniel-mirkovic\",\r\n      \"description\": \"Daniel poss\u00e8de de vastes connaissances en assurance, acquises au cours de plus de 25 ans d\u2019exprience dans le secteur.\",\r\n      \"jobTitle\": \"Cofondateur et PDG\",\r\n      \"worksFor\": {\r\n        \"@id\": \"https:\/\/www.squareone.ca\/fr\"\r\n      },\r\n      \"alumniOf\": {\r\n        \"@type\": \"CollegeOrUniversity\",\r\n        \"name\": \"Sauder School of Business at the University of British Columbia\"\r\n      },\r\n      \"hasCredential\": [\r\n        {\r\n          \"@type\": \"EducationalOccupationalCredential\",\r\n          \"name\": \"Courtier d\u2019assurance agr\u00e9\u00e9 du Canada (CAAC)\"\r\n        },\r\n        {\r\n          \"@type\": \"EducationalOccupationalCredential\",\r\n          \"name\": \"Certificat en assurance de dommages, niveau 3 (BC, AB, SK, MB, ON)\"\r\n        }\r\n      ],\r\n      \"knowsAbout\": [\r\n        \"Assurance propri\u00e9taire occupant\",\r\n        \"Assurance locataire\",\r\n        \"Assurance copropri\u00e9taire\",\r\n        \"Assurance auto\",\r\n        \"Assurance automobile de collection\",\r\n        \"Assurance maladie\",\r\n        \"Assurance-vie\",\r\n        \"L\u2019assurance invalidit\u00e9 de longue dur\u00e9e\",\r\n        \"Assurance v\u00e9t\u00e9rinaire\",\r\n        \"Assurance-voyage\",\r\n        \"Planification d\u2019affaires et strat\u00e9gique\",\r\n        \"Publicit\u00e9 s'adressant directement aux consommateurs\",\r\n        \"D\u00e9veloppement des produits\",\r\n        \"Conception de l\u2019exp\u00e9rience des utilisateurs\"\r\n      ],\r\n      \"sameAs\": [\r\n        \"https:\/\/www.linkedin.com\/in\/danielmirkovic\"\r\n      ]\r\n    },\r\n    {\r\n      \"@type\": \"FAQPage\",\r\n      \"mainEntity\": [\r\n        {\r\n          \"@type\": \"Question\",\r\n          \"name\": \"Qu\u2019est-ce qu\u2019une v\u00e9rification de cr\u00e9dit?\",\r\n          \"acceptedAnswer\": {\r\n            \"@type\": \"Answer\",\r\n            \"text\": \"Une v\u00e9rification de cr\u00e9dit est effectu\u00e9e lorsqu\u2019un pr\u00eateur ou un tiers demande une copie de vos ant\u00e9c\u00e9dents de cr\u00e9dit de la part de l\u2019une des deux agences d\u2019\u00e9valuation du cr\u00e9dit principales du Canada : Equifax et TransUnion. Le rapport de solvabilit\u00e9 est un r\u00e9sum\u00e9 de votre histoire de cr\u00e9dit. Le rapport contient de l\u2019information sur vos comptes de cr\u00e9dit actuels ou ant\u00e9rieurs et comment vous les avez g\u00e9r\u00e9s. Les pr\u00eateurs consultent ces rapports pour les aider \u00e0 d\u00e9cider si vous posez un risque de cr\u00e9dit ou non. Un rapport de solvabilit\u00e9 qui d\u00e9montre des paiements manqu\u00e9s fr\u00e9quents ou des dettes affect\u00e9es \u00e0 une agence de recouvrement ne va pas s\u00e9duire les pr\u00eateurs. En revanche, une histoire de paiements \u00e0 temps indique que vous g\u00e9rez le cr\u00e9dit de mani\u00e8re responsable.\"\r\n          }\r\n        },\r\n        {\r\n          \"@type\": \"Question\",\r\n          \"name\": \"Quels sont les \u00e9l\u00e9ments d\u2019un rapport de solvabilit\u00e9?\",\r\n          \"acceptedAnswer\": {\r\n            \"@type\": \"Answer\",\r\n            \"text\": \"Le rapport de solvabilit\u00e9 comprend des renseignements personnels, y compris le nom, la date de naissance, les adresses domiciliaires actuelles et ant\u00e9rieures, les num\u00e9ros d\u2019identit\u00e9, dont le NAS, le permis de conduire et le passeport. Le rapport de solvabilit\u00e9 d\u00e9montre \u00e9galement vos ant\u00e9c\u00e9dents d\u2019emploi. Le c\u0153ur du rapport est les renseignements financiers, ce qui comprend les comptes de cr\u00e9dit actuels et ant\u00e9rieurs ainsi que leurs soldes (carte de cr\u00e9dit, ligne de cr\u00e9dit, pr\u00eats, etc.); vos ant\u00e9c\u00e9dents de paiement, y compris les ch\u00e8ques en bois et les paiements \u00e9chou\u00e9s en raison de fonds insuffisants; les faillites; les dettes envoy\u00e9es \u00e0 des agence de recouvrement; des v\u00e9rifications de cr\u00e9dit pendant les 36 derniers mois.\"\r\n          }\r\n        },\r\n        {\r\n          \"@type\": \"Question\",\r\n          \"name\": \"Les compagnies d\u2019assurance v\u00e9rifient-elles les pointages de cr\u00e9dit?\",\r\n          \"acceptedAnswer\": {\r\n            \"@type\": \"Answer\",\r\n            \"text\": \"Parfois, les compagnies d\u2019assurance demandent votre autorisation avant d\u2019effectuer une v\u00e9rification de cr\u00e9dit. L\u2019assurance est r\u00e9gie sur le plan provincial, alors les r\u00e8glements varient de province en province. \u00c0 Terre-Neuve-et-Labrador, les assureurs n\u2019ont pas le droit d\u2019utiliser les pointages de cr\u00e9dit pendant le processus de demande. En Ontario, les assureurs automobile n\u2019ont pas le droit d\u2019utiliser les pointages de cr\u00e9dit, mais les assureurs habitation et autres, si. Dans les autres provinces, les assureurs peuvent v\u00e9rifier votre pointage de cr\u00e9dit. Toutefois, ils doivent obtenir votre consentement, \u00e0 l\u2019exception de la Nouvelle-\u00c9cosse, de l\u2019\u00cele-du-Prince-\u00c9douard et de la Saskatchewan. Dans ces provinces, les assureurs ne doivent que vous informer qu\u2019ils effectuent la v\u00e9rification.\"\r\n          }\r\n        }\r\n      ]\r\n    }\r\n  ]\r\n}\r\n<\/script>\r\n","protected":false},"excerpt":{"rendered":"<p>V\u00e9rification de cr\u00e9dit Article \u00e9valu\u00e9 par Daniel Mirkovic Nom v\u00e9r-i-fi-ca-tion de cr\u00e9-dit | ve\u0281ifikasj\u0254\u0303 d\u0259 k\u0281edi Definition\u00a0: Le processus par lequel un pr\u00eateur ou un tiers demande l\u2019histoire de cr\u00e9dit d\u2019un \u00e9ventuel emprunteur ou client de la part d\u2019un \u00e9tablissement effectuant des enqu\u00eates sur la solvabilit\u00e9. La banque de Stanley a effectu\u00e9 une v\u00e9rification de [&hellip;]<\/p>\n","protected":false},"author":2,"featured_media":0,"parent":53157,"menu_order":0,"comment_status":"closed","ping_status":"closed","template":"page-article-new.php","meta":{"_acf_changed":false,"footnotes":""},"class_list":["post-60309","page","type-page","status-publish","hentry"],"acf":[],"_links":{"self":[{"href":"https:\/\/www.squareone.ca\/fr\/wp-json\/wp\/v2\/pages\/60309","targetHints":{"allow":["GET"]}}],"collection":[{"href":"https:\/\/www.squareone.ca\/fr\/wp-json\/wp\/v2\/pages"}],"about":[{"href":"https:\/\/www.squareone.ca\/fr\/wp-json\/wp\/v2\/types\/page"}],"author":[{"embeddable":true,"href":"https:\/\/www.squareone.ca\/fr\/wp-json\/wp\/v2\/users\/2"}],"replies":[{"embeddable":true,"href":"https:\/\/www.squareone.ca\/fr\/wp-json\/wp\/v2\/comments?post=60309"}],"version-history":[{"count":17,"href":"https:\/\/www.squareone.ca\/fr\/wp-json\/wp\/v2\/pages\/60309\/revisions"}],"predecessor-version":[{"id":77825,"href":"https:\/\/www.squareone.ca\/fr\/wp-json\/wp\/v2\/pages\/60309\/revisions\/77825"}],"up":[{"embeddable":true,"href":"https:\/\/www.squareone.ca\/fr\/wp-json\/wp\/v2\/pages\/53157"}],"wp:attachment":[{"href":"https:\/\/www.squareone.ca\/fr\/wp-json\/wp\/v2\/media?parent=60309"}],"curies":[{"name":"wp","href":"https:\/\/api.w.org\/{rel}","templated":true}]}}