{"id":60406,"date":"2022-10-13T11:22:06","date_gmt":"2022-10-13T18:22:06","guid":{"rendered":"https:\/\/www.squareone.ca\/soutien\/bases-assurance-conseils\/lexique-assurance\/definition-franchise"},"modified":"2025-12-12T10:03:43","modified_gmt":"2025-12-12T18:03:43","slug":"definition-franchise","status":"publish","type":"page","link":"https:\/\/www.squareone.ca\/fr\/centres-ressources\/lexique-assurance\/franchise","title":{"rendered":"D\u00e9finition : franchise"},"content":{"rendered":"<section id='intro' class=\"bg-shape-split bg-sub-page-hero\">\r\n    <div class=\"bg-position\">\r\n        <div class=\"container-fluid\">\r\n            <div class=\"row align-items-center\">\r\n                <div class=\"col-12 col-lg-8\">                \r\n                    <h1>Franchise<\/h1>\r\n                    <strong>Article r\u00e9dig\u00e9 par <a href=\"\/fr\/a-propos-de-nous\/contributeurs#seamus-mckale\" title=\"Auteur : Seamus McKale\">Seamus McKale<\/a><\/strong>\r\n                                        <p class=\"pb-3\"><strong>Article \u00e9valu\u00e9 par <a href=\"\/fr\/a-propos-de-nous\/experts\/daniel-mirkovic\" title=\"Expert : Daniel Mirkovic\">Daniel Mirkovic<\/a><\/strong><\/p> \r\n                    <p class=\"pb-4\" style=\"margin-top:-24px\">Mis \u00e0 jour le 6 novembre 2025<\/p>\r\n                <\/div>\r\n            <\/div>\r\n\r\n            <div class=\"row\">\r\n                <div class=\"col-lg-8\">\r\n                    <p class='mb-0'>Nom<\/p>\r\n                    <p>fran-chise | f\u0281\u0251\u0303\u0283iz<\/p>\r\n                    <p class=\"display-4\"><strong><span class='text-orange'>D\u00e9finition&nbsp;:<\/span> la partie d\u2019un r\u00e8glement d\u2019assurance qui est payable par l\u2019assur\u00e9.<\/strong><\/p>\r\n                    <p class=\"display-4\"><i>La police d\u2019assurance habitation de Selma comprend une <strong>franchise<\/strong> de 500&nbsp;$.<\/i><\/p>                       \r\n                <\/div>\r\n\r\n                <div class=\"col-lg-3 offset-lg-1\">          \r\n                    <p class=\"mb-2 display-4 pt-4 pt-lg-0 pt-mb-0\"><strong>Th\u00e8mes<\/strong><\/p>\r\n                    <ul class=\"list-unstyled link-list display-4\">\r\n                        <li><a href=\"https:\/\/www.squareone.ca\/resource-centres\/insurance-glossary\/deductible#:~:text=The%20deductible%20is%20the%20fixed,kicks%20in\">Qu\u2019est-ce qu\u2019une franchise?<\/a><\/li>\r\n                        <li><a href='#Purpose'>\u00c0 quoi servent les franchises?<\/a><\/li>\r\n                            <ul class=\"link-list display-6\">\r\n                                <li type=\"disc\" style=\"font-size:18px\"><a href=\"#deductible-vs-premium\">Franchise vs prime<\/a><\/li>\r\n                            <\/ul>                        \r\n                        <li><a href='#Low-or-high'>Franchise basse vs franchise \u00e9lev\u00e9e<\/a><\/li>\r\n                        <li><a href=\"#FAQs\">Questions fr\u00e9quemment pos\u00e9es<\/a><\/li>\r\n                    <\/ul>\r\n                <\/div>\r\n            <\/div>  \r\n        <\/div>\r\n    <\/div>\r\n    <div class=\"bg-bottom\"><\/div>\r\n<\/section>\r\n\r\n<section>\r\n    <div class=\"container-fluid py-6\">\r\n        <div class=\"row\">\r\n            <div class=\"col-12 col-lg-8\">\r\n                <div class=\"row pb-6\">\r\n                    <div class=\"col-12\">\r\n                        <div class=\"card review\" style='background-color:#FFE0C9'>\r\n                            <div class=\"card-body\">\r\n                                <p class=\"h3\">L\u2019essentiel<\/p>\r\n                                <ul class='mb-0'>\r\n                                    <li>Lorsque vous pr\u00e9sentez une r\u00e9clamation en assurance, la franchise est la partie du r\u00e8glement dont l\u2019assur\u00e9 doit r\u00e9gler avant que l\u2019assureur paie le reste.<\/li>\r\n                                    <li>Une franchise plus \u00e9lev\u00e9e se traduit par une prime r\u00e9duite.<\/li>\r\n                                    <li>Certaines polices comprennent des franchises multiples en fonction de la cause du sinistre.<\/li>\r\n                                <\/ul>\r\n                            <\/div>\r\n                        <\/div>\r\n                    <\/div>\r\n                <\/div>\r\n\r\n                <h2 id=\"What-is-deductible\">Qu\u2019est-ce qu\u2019une franchise?<\/h2>\r\n\r\n                <p class='mb-0'>La franchise est la partie du r\u00e8glement que l\u2019assur\u00e9 doit payer; il s\u2019agit d\u2019un \u00e9l\u00e9ment normal de presque toute police d\u2019assurance.<\/p> Elle constitue un outil de partage de risque qui aide les assureurs \u00e0 offrir des <a href=\"\/fr\/centres-ressources\/lexique-assurance\/prime\" title=\"D\u00e9finition : prime\">primes<\/a> plus int\u00e9ressantes.<\/p>\r\n\r\n                <div class=\"row py-6\">\r\n                    <div class=\"col-12\">\r\n                        <div class=\"card review\" style='background-color:#B5E0EB'>\r\n                            <div class=\"card-body\">\r\n                                <p class=\"display-4\"><strong>Exemple<\/strong><\/p>\r\n                                <p><i>Justine a une <a href=\"\/fr\/habitation\" title=\"Assurance habitation\">police d\u2019assurance habitation<\/a> dont la franchise normale est de 500&nbsp;$. Un incendie dans sa cuisine a caus\u00e9 15&nbsp;000&nbsp;$ de d\u00e9g\u00e2ts. \u00c9tant donn\u00e9 que sa police d\u2019assurance habitation couvre les dommages d\u00e9coulant d\u2019un incendie, son assureur couvrira les frais des r\u00e9parations. \u00c9tant donn\u00e9 que la franchise de sa police est de 500&nbsp;$, Justine doit payer 500&nbsp;$ pour les r\u00e9parations de sa poche. Son assureur r\u00e9glera les 14&nbsp;500&nbsp;$ restants.<\/i><\/p>\r\n                            <\/div>\r\n                        <\/div>\r\n                    <\/div>\r\n                <\/div>\r\n\r\n                <p class='mb-0'>Souvent, les polices d\u2019assurance habitation comprennent plus d\u2019une franchise. Il y a une franchise normale qui s\u2019applique \u00e0 la plupart des r\u00e9clamations. Certaines polices comprennent d\u2019autres franchises qui s\u2019appliquent \u00e0 certains types de sinistres.<\/p>\r\n\r\n                <div class=\"row py-6\">\r\n                    <div class=\"col-12\">\r\n                        <div class=\"card review\" style='background-color:#B5E0EB'>\r\n                            <div class=\"card-body\">\r\n                                <p class=\"display-4\"><strong>Exemple<\/strong><\/p>\r\n                                <p><i>La police d\u2019assurance habitation de Justine comprend une franchise normale de 500&nbsp;$ et une franchise pour inondation de 2&nbsp;500&nbsp;$. Dans l\u2019exemple pr\u00e9c\u00e9dent de l\u2019incendie de cuisine, la franchise normale s\u2019appliquait, alors Justine ne devait que r\u00e9gler 500&nbsp;$ pour les r\u00e9parations. Plus tard dans l\u2019ann\u00e9e, une inondation a frapp\u00e9 son quartier. Il co\u00fbtera 10&nbsp;000&nbsp;$ pour r\u00e9parer les dommages \u00e0 son habitation. Sa franchise pour inondation s\u2019applique \u00e0 ce type de sinistre; par cons\u00e9quent, elle doit r\u00e9gler 2&nbsp;500&nbsp;$ pour les frais de r\u00e9paration, alors que son assureur r\u00e9glera les 7&nbsp;500&nbsp;$ restants.<\/i><\/p>\r\n                            <\/div>\r\n                        <\/div>\r\n                    <\/div>\r\n                <\/div>\r\n\r\n                <p>Les polices d\u2019assurance auto comprennent souvent plusieurs franchises. Typiquement, chaque couverture majeure de la police aura sa propre franchise. Il est possible d\u2019avoir une franchise de collision de 500&nbsp;$ et une franchise compr\u00e9hensive de 300&nbsp;$, par exemple.<\/p>\r\n\r\n                <p>Lorsque vous souscrivez une police d\u2019assurance, votre assureur vous permet normalement de choisir la franchise (au moins la franchise normale). D\u2019habitude, les franchises varient de 500&nbsp;$ \u00e0 5&nbsp;000&nbsp;$ selon l\u2019assureur et le type d\u2019assurance. Par exemple, Square One propose des franchises normales \u00e0 compter de 250&nbsp;$ sur les r\u00e9sidences principales.<\/p>\r\n\r\n                <p>Bien qu\u2019une franchise plus \u00e9lev\u00e9e se traduise par une prime r\u00e9duite, <a href=\"http:\/\/www.ibc.ca\/fr\/bc\/maison\/gestion-du-risque\" title=\"BAC : Gestion du risque pour les propri\u00e9taires occupants\" rel=\"noopener noreferrer\" target=\"_blank\">vous acceptez une plus grande responsabilit\u00e9 du risque<\/a>. Le choix de franchise est un \u00e9quilibre entre le risque et le co\u00fbt (on en parlera plus loin).<\/p>\r\n\r\n\r\n                <h2 id=\"Purpose\">\u00c0 quoi sert les franchises?<\/h2>\r\n\r\n                <p>L\u2019objectif principal d\u2019une franchise est de r\u00e9duire le co\u00fbt de l\u2019assurance. La franchise repr\u00e9sente le partage du risque entre assureur et assur\u00e9. Cela fait en sorte que l\u2019assur\u00e9 soit responsable de r\u00e9gler les sinistres mineurs.<\/p>\r\n                \r\n                <p>Par exemple, si vous avez une franchise de 1&nbsp;000&nbsp;$, vous \u00eates responsable des sinistres de moins de 1&nbsp;000&nbsp;$. Cela encourage les assur\u00e9s \u00e0 mieux prendre soin de leurs biens et \u00e0 privil\u00e9gier la pr\u00e9vention des risques. Ceci renvoie a une notion qui s\u2019appelle <a href=\"https:\/\/www.universalis.fr\/encyclopedie\/assurance-economie-de-l-assurance\/4-risque-moral\/\" title=\"D\u00e9finition : risque moral\">risque moral<\/a>. Quand il y a moins de sinistres, les assureurs d\u00e9pensent moins en r\u00e8glements. R\u00e9sultat&nbsp;: des primes moins \u00e9lev\u00e9es pour tout le monde.<\/p>\r\n                \r\n                <p>Lorsque les assur\u00e9s r\u00e8glent les sinistres mineurs eux-m\u00eames, les assureurs \u00e9conomisent sur les frais administratifs. \u00c9tant donn\u00e9 que le processus de r\u00e9clamation est dispendieux, mis \u00e0 part les frais r\u00e9els des r\u00e8glements, les assureurs pr\u00e9f\u00e8rent mettre l\u2019accent sur le r\u00e8glement des sinistres importants o\u00f9 les assur\u00e9s ont vraiment besoin d\u2019aide. En ma\u00eetrisant les frais administratifs, les assureurs peuvent proposer des primes moins \u00e9lev\u00e9es.<\/p>\r\n\r\n                <h3 id=\"deductible-vs-premium\">Franchise vs prime<\/h3>\r\n\r\n                <p>Les franchises et les primes sont \u00e9troitement li\u00e9es. Une prime est votre paiement d\u2019assurance r\u00e9gulier ou le co\u00fbt de votre police. Une franchise est le montant que vous payez seulement quand vous pr\u00e9sentez une r\u00e9clamation admissible. Essentiellement, la franchise est d\u00e9duite de votre r\u00e8glement.<\/p>\r\n\r\n                <p>La prime est calcul\u00e9e selon l\u2019estimation de la compagnie d\u2019assurance du risque associ\u00e9 avec votre police. Plus l\u2019exposition au risque est \u00e9lev\u00e9e, plus la prime est \u00e9lev\u00e9e. Une franchise est un outil que les assur\u00e9s peuvent utiliser pour r\u00e9duire leurs primes. En choisissant une franchise plus \u00e9lev\u00e9e, vous prenez une plus grand part du risque vous-m\u00eame, ce qui se traduit par une prime moins \u00e9lev\u00e9e.<\/p>\r\n\r\n                <h2 id=\"Low-or-high\">Est-il pr\u00e9f\u00e9rable d\u2019avoir une franchise basse ou une franchise \u00e9lev\u00e9e?<\/h2>\r\n\r\n                <p>Remarquez qu\u2019il n\u2019y a pas de solution unique pour les franchises. Le choix de franchise est un \u00e9quilibre entre risques et co\u00fbts.<\/p> \r\n                \r\n                <p>Si vous choisissez une franchise inf\u00e9rieure, vous paierez des primes plus \u00e9lev\u00e9es; en revanche, vous paierez moins en cas de sinistre. Votre police sera plus dispendieuse, mais vous prenez moins de risque.<\/p>\r\n                \r\n                <p>Si vous optez pour une franchise \u00e9lev\u00e9e, votre prime sera r\u00e9duite, mais vous paierez une plus grande part des r\u00e8glements. Votre police sera donc moins dispendieuse, mais vous acceptez une plus grande part du risque. Le choix d\u2019une franchise \u00e9lev\u00e9e signifie que vous comptez r\u00e9gler les sinistres mineurs vous-m\u00eame. En \u00e9change, votre assureur vous offrira une prime moins \u00e9lev\u00e9e. <\/p>\r\n                \r\n                <p>Lorsque vous choisissez une franchise, demandez-vous combien vous pouvez vous permettre de payer en cas de sinistre, et recherchez une franchise qui vous convient.<\/p>\r\n\r\n                <p>Lorsqu\u2019il s\u2019agit du choix de franchises en assurance auto, la valeur de votre v\u00e9hicule est un autre facteur. Si votre v\u00e9hicule est vieux et ne vaut pas grand-chose, vous n\u2019avez pas int\u00e9r\u00eat \u00e0 s\u00e9lectionner une franchise \u00e9lev\u00e9e. Par exemple, si votre auto d\u00e9labr\u00e9e ne vaut que 2&nbsp;000&nbsp;$, une franchise pour collision de 2&nbsp;000&nbsp;$ n\u2019a pas de sens. Si le v\u00e9hicule a \u00e9t\u00e9 compl\u00e8tement d\u00e9truit dans une collision, vous ne recevrez rien de votre police d\u2019assurance. L\u2019assureur r\u00e9glerait la valeur en esp\u00e8ces du v\u00e9hicule (2&nbsp;000&nbsp;$), mais vous devriez payer la franchise, qui est \u00e9galement 2&nbsp;000&nbsp;$. R\u00e9sultat&nbsp;: vous ne recevrez rien. C\u2019est un aspect important \u00e0 retenir quand vous <a href=\"\/fr\/auto\" title=\"Assurance auto en ligne\">souscrivez une police d\u2019assurance auto<\/a>.<\/p>.\r\n\r\n                <h2 id=\"FAQs\">Questions fr\u00e9quemment pos\u00e9es<\/h2>\r\n\r\n                <h3>Pourquoi une franchise \u00e9lev\u00e9e se traduit-elle par une prime moins \u00e9lev\u00e9e?<\/h3>\r\n\r\n                <p>Les primes en assurance sont \u00e9troitement li\u00e9es \u00e0 l\u2019estimation de risque de l\u2019assureur. Une franchise plus \u00e9lev\u00e9e signifie que le titulaire de police est responsable d\u2019une portion plus \u00e9lev\u00e9e du r\u00e8glement d\u2019un sinistre, ce qui r\u00e9duit l\u2019exposition au risque de la compagnie d\u2019assurance ainsi que la prime de la police, en cons\u00e9quence.<\/p>\r\n\r\n                <h3>Une police peut-elle avoir plusieurs franchises?<\/h3>\r\n\r\n                <p>Une police d\u2019assurance peut avoir plusieurs franchises. La plupart des polices comprennent plusieurs types de couverture et chaque couverture comprend sa propre franchise. Par exemple, une police en assurance auto pourrait avoir une <a href=\"\/fr\/centres-ressources\/assurance-auto\/garantie-comprehensive\" title=\"Couverture compr\u00e9hensive\">couverture compr\u00e9hensive<\/a> avec une franchise de 500&nbsp;$ et une <a href=\"\/fr\/centres-ressources\/assurance-auto\/couverture-collision\" title=\"Couverture collision\">couverture collision<\/a> avec une franchise de 1&nbsp;000&nbsp;$.<\/p>\r\n\r\n                <p>La couverture dans laquelle vous pr\u00e9sentez une r\u00e9clamation d\u00e9termine la franchise applicable. Si une r\u00e9clamation touche plusieurs couvertures, il est possible que la franchise soit divis\u00e9e entre elles.<\/p>\r\n\r\n                <p><strong>Vous recherchez une d\u00e9finition en assurance?<\/strong> Consultez notre <a href=\"\/fr\/centres-ressources\/lexique-assurance\" title=\"Centre de ressources : lexique de l'assurance\">Centre de ressources&nbsp;: lexique de l\u2019assurance<\/a> pour acc\u00e9der \u00e0 des d\u00e9finitions faciles \u00e0 comprendre des termes les plus courants de l'assurance. Ensuite, <a href=\"\/fr\/soumission-assurance-habitation-en-ligne\" title=\"Obtenir une soumission d\u2019assurance habitation en ligne\">obtenez une soumission d'assurance habitation en ligne<\/a> en moins de 5\u00a0minutes et d\u00e9couvrez \u00e0 quel point l\u2019assurance habitation personnalis\u00e9e peut \u00eatre abordable.<\/p>\r\n\r\n                <div class=\"row py-3\">\r\n<div class=\"col-12\">\r\n<div class=\"card review\" style=\"box-shadow: 0 2px 4px rgba(0,0,0,0.07);background-color:#f4f4f4;\">\r\n<div class=\"card-body\">\r\n\t<p class=\"text-primary h4\">\u00c0 propos de l\u2019expert&nbsp;: Daniel Mirkovic<\/p>\r\n\t<p>Cofondateur de Square One comptant plus de 25&nbsp;ans dans le secteur de l\u2019assurance, Daniel \u00e9tait vice-pr\u00e9sident des services d\u2019assurance et de voyage de la British Columbia Automobile Association (BCAA). Daniel est titulaire d'un baccalaur\u00e9at \u00e8s commerce et d'une ma\u00eetrise \u00e8s administration des affaires, tous deux obtenus \u00e0 la Sauder School of Business de l'universit\u00e9 de la Colombie-Britannique. Daniel est muni de la d\u00e9signation CAAC et d\u2019un certificat en assurance de dommages niveau&nbsp;3 en Colombie-Britannique, en Alberta, en Saskatchewan, au Manitoba et en Ontario.<\/p>\r\n<\/div>\r\n<\/div>\r\n<\/div>\r\n<\/div>\r\n\r\n            <\/div>\r\n        <\/div>\r\n    <\/div>\r\n<\/section>\r\n<script type=\"application\/ld+json\">\r\n{\r\n  \"@context\": \"https:\/\/schema.org\",\r\n  \"@graph\": [\r\n    {\r\n      \"@type\": [\"WebPage\", \"DefinedTerm\"],\r\n      \"@id\": \"https:\/\/www.squareone.ca\/fr\/centres-ressources\/lexique-assurance\/franchise\",\r\n      \"url\": \"https:\/\/www.squareone.ca\/fr\/centres-ressources\/lexique-assurance\/franchise\",\r\n      \"inLanguage\": \"fr-CA\",\r\n      \"isAccessibleForFree\": true,\r\n      \"name\": \"Franchise\",\r\n      \"description\": \"La partie d\u2019un r\u00e8glement d\u2019assurance qui est payable par l\u2019assur\u00e9.\",\r\n      \"citation\": {\r\n        \"@type\": \"CreativeWork\",\r\n        \"name\": \"Une franchise est le montant que vous devez payer pour un sinistre admissible avant que la couverture en assurance entre en vigueur. Elle constitue une partie importante de la conception d\u2019une police.\",\r\n        \"publisher\": {\r\n          \"@type\": \"Organization\",\r\n          \"name\": \"Bureau de l\u2019assurance du Canada\"\r\n        },\r\n        \"url\": \"https:\/\/www.ibc.ca\/\"\r\n      },\r\n      \"inDefinedTermSet\": {\r\n        \"@type\": \"DefinedTermSet\",\r\n        \"name\": \"Lexique de l\u2019assurance de Square One\",\r\n        \"url\": \"https:\/\/www.squareone.ca\/fr\/centres-ressources\/lexique-assurance\"\r\n      },\r\n      \"publisher\": {\r\n        \"@id\": \"https:\/\/www.squareone.ca\/fr\"\r\n      },\r\n      \"author\": {\r\n        \"@id\": \"#seamus-mckale\"\r\n      },\r\n      \"reviewedBy\": {\r\n        \"@id\": \"https:\/\/www.squareone.ca\/fr\/a-propos-de-nous\/experts\/daniel-mirkovic\"\r\n      }\r\n    },\r\n    {\r\n      \"@type\": \"InsuranceAgency\",\r\n      \"@id\": \"https:\/\/www.squareone.ca\/fr\",\r\n      \"name\": \"Assurances Square One\",\r\n      \"url\": \"https:\/\/www.squareone.ca\/fr\",\r\n      \"logo\": \"https:\/\/cdn.squareone.ca\/wp-content\/uploads\/2021\/04\/09094743\/square-one-logomark-default-md-1.png\",\r\n      \"address\": {\r\n        \"@type\": \"PostalAddress\",\r\n        \"streetAddress\": \"1410-650 W Georgia St\",\r\n        \"addressLocality\": \"Vancouver\",\r\n        \"addressRegion\": \"BC\",\r\n        \"postalCode\": \"V6B 4N8\",\r\n        \"addressCountry\": \"CA\"\r\n      },\r\n      \"telephone\": \"+1-855-331-6933\",\r\n      \"areaServed\": [\"BC\", \"AB\", \"SK\", \"MB\", \"ON\", \"QC\"],\r\n      \"feesAndCommissionsSpecification\": \"https:\/\/www.squareone.ca\/fr\/transparence\"\r\n    },\r\n    {\r\n      \"@type\": \"Person\",\r\n      \"@id\": \"#seamus-mckale\",\r\n      \"name\": \"Seamus McKale\",\r\n      \"url\": \"https:\/\/www.squareone.ca\/fr\/a-propos-de-nous\/membres-equipe#seamus-mckale\",\r\n      \"description\": \"Seamus a 15 ans d\u2019exp\u00e9rience en marketing, avec sp\u00e9cialisation en publicit\u00e9 multim\u00e9dia, r\u00e9daction technique et contenu sur l\u2019assurance personnelle.\",\r\n      \"jobTitle\": \"Sp\u00e9cialiste de marketing de contenu\",\r\n      \"worksFor\": {\r\n        \"@id\": \"https:\/\/www.squareone.ca\/fr\"\r\n      },\r\n      \"hasCredential\": [\r\n        {\r\n          \"@type\": \"EducationalOccupationalCredential\",\r\n          \"name\": \"Certificat en assurance de dommages de la C.-B., niveau 1\"\r\n        },\r\n        {\r\n          \"@type\": \"EducationalOccupationalCredential\",\r\n          \"name\": \"Certificat en assurance de dommages de l\u2019Ontario\"\r\n        }\r\n      ],\r\n      \"knowsAbout\": [\r\n        \"Marketing\",\r\n        \"Publicit\u00e9 multim\u00e9dia\",\r\n        \"R\u00e9daction technique\",\r\n        \"Assurance des particuliers\"\r\n      ],\r\n      \"sameAs\": [\r\n        \"https:\/\/www.linkedin.com\/in\/seamus-m-83801a2b\/\"\r\n      ]\r\n    },\r\n    {\r\n      \"@type\": \"Person\",\r\n      \"@id\": \"https:\/\/www.squareone.ca\/fr\/a-propos-de-nous\/experts\/daniel-mirkovic\",\r\n      \"name\": \"Daniel Mirkovic\",\r\n      \"url\": \"https:\/\/www.squareone.ca\/fr\/a-propos-de-nous\/experts\/daniel-mirkovic\",\r\n      \"description\": \"Daniel poss\u00e8de de vastes connaissances en assurance, acquises au cours de plus de 25 ans d\u2019exp\u00e9rience dans le secteur.\",\r\n      \"jobTitle\": \"Cofondateur et PDG\",\r\n      \"worksFor\": {\r\n        \"@id\": \"https:\/\/www.squareone.ca\/fr\"\r\n      },\r\n      \"alumniOf\": {\r\n        \"@type\": \"CollegeOrUniversity\",\r\n        \"name\": \"Sauder School of Business at the University of British Columbia\"\r\n      },\r\n      \"hasCredential\": [\r\n        {\r\n          \"@type\": \"EducationalOccupationalCredential\",\r\n          \"name\": \"Courtier d\u2019assurance agr\u00e9\u00e9 du Canada (CAAC)\"\r\n        },\r\n        {\r\n          \"@type\": \"EducationalOccupationalCredential\",\r\n          \"name\": \"Certificat en assurance de dommages, niveau 3 (BC, AB, SK, MB, ON)\"\r\n        }\r\n      ],\r\n      \"knowsAbout\": [\r\n        \"Assurance propri\u00e9taire occupant\",\r\n        \"Assurance locataire\",\r\n        \"Assurance copropri\u00e9taire\",\r\n        \"Assurance auto\",\r\n        \"Assurance automobile de collection\",\r\n        \"Assurance maladie\",\r\n        \"Assurance-vie\",\r\n        \"L\u2019assurance invalidit\u00e9 de longue dur\u00e9e\",\r\n        \"Assurance v\u00e9t\u00e9rinaire\",\r\n        \"Assurance-voyage\",\r\n        \"Planification d\u2019affaires et strat\u00e9gique\",\r\n        \"Publicit\u00e9 s'adressant directement aux consommateurs\",\r\n        \"D\u00e9veloppement des produits\",\r\n        \"Conception de l\u2019exp\u00e9rience des utilisateurs\"\r\n      ],\r\n      \"sameAs\": [\r\n        \"https:\/\/www.linkedin.com\/in\/danielmirkovic\"\r\n      ]\r\n    },\r\n    {\r\n      \"@type\": \"FAQPage\",\r\n      \"mainEntity\": [\r\n        {\r\n          \"@type\": \"Question\",\r\n          \"name\": \"Pourquoi une franchise \u00e9lev\u00e9e se traduit-elle par une prime moins \u00e9lev\u00e9e?\",\r\n          \"acceptedAnswer\": {\r\n            \"@type\": \"Answer\",\r\n            \"text\": \"Une franchise plus \u00e9lev\u00e9e r\u00e9duit l\u2019exposition au risque d\u2019un assureur, car le titulaires de police paie une plus grand part de tout sinistre. Le partage du risque permet \u00e0 l\u2019assureur de r\u00e9duire la prime. Autrement dit : plus vous payer au d\u00e9but,moins vous payez r\u00e9guli\u00e8rement.\"\r\n          }\r\n        },\r\n        {\r\n          \"@type\": \"Question\",\r\n          \"name\": \"Une police peut-elle avoir plusieurs franchises?\",\r\n          \"acceptedAnswer\": {\r\n            \"@type\": \"Answer\",\r\n            \"text\": \"Oui. De nombreuses polices comprennent plusieurs franchises selon le type de couverture. Par exemple, une police d\u2019assurance auto pourrait avoir une franchise compr\u00e9hensive de 500 $ et une franchise collision de 1 000 $. La franchise applicable d\u00e9pend de la couverture admissible.\"\r\n          }\r\n        },\r\n        {\r\n          \"@type\": \"Question\",\r\n          \"name\": \"Est-il pr\u00e9f\u00e9rable d\u2019avoir une franchise basse ou une franchise \u00e9lev\u00e9e?\",\r\n          \"acceptedAnswer\": {\r\n            \"@type\": \"Answer\",\r\n            \"text\": \"Cela d\u00e9pend de votre niveau de confort financier. Une franchise basse se traduit par une prime plus \u00e9lev\u00e9e, mais vous paierez moins en cas de r\u00e9clamation. Une franchise \u00e9lev\u00e9e r\u00e9duit la prime mais augmente votre part du r\u00e8glement de sinistre. Le bon choix \u00e9quilibre les \u00e9conomies avec la tol\u00e9rance de risque.\"\r\n          }\r\n        }\r\n      ]\r\n    }\r\n  ]\r\n}\r\n<\/script>\r\n","protected":false},"excerpt":{"rendered":"<p>Franchise Article \u00e9valu\u00e9 par Daniel Mirkovic Nom fran-chise | f\u0281\u0251\u0303\u0283iz D\u00e9finition&nbsp;: la partie d\u2019un r\u00e8glement d\u2019assurance qui est payable par l\u2019assur\u00e9. La police d\u2019assurance habitation de Selma comprend une franchise de 500&nbsp;$. Th\u00e8mes Qu\u2019est-ce qu\u2019une franchise? \u00c0 quoi servent les franchises? Franchise vs prime Franchise basse vs franchise \u00e9lev\u00e9e Questions fr\u00e9quemment pos\u00e9es L\u2019essentiel Lorsque vous [&hellip;]<\/p>\n","protected":false},"author":2,"featured_media":0,"parent":53157,"menu_order":0,"comment_status":"closed","ping_status":"closed","template":"page-article-new.php","meta":{"_acf_changed":false,"footnotes":""},"class_list":["post-60406","page","type-page","status-publish","hentry"],"acf":[],"_links":{"self":[{"href":"https:\/\/www.squareone.ca\/fr\/wp-json\/wp\/v2\/pages\/60406","targetHints":{"allow":["GET"]}}],"collection":[{"href":"https:\/\/www.squareone.ca\/fr\/wp-json\/wp\/v2\/pages"}],"about":[{"href":"https:\/\/www.squareone.ca\/fr\/wp-json\/wp\/v2\/types\/page"}],"author":[{"embeddable":true,"href":"https:\/\/www.squareone.ca\/fr\/wp-json\/wp\/v2\/users\/2"}],"replies":[{"embeddable":true,"href":"https:\/\/www.squareone.ca\/fr\/wp-json\/wp\/v2\/comments?post=60406"}],"version-history":[{"count":16,"href":"https:\/\/www.squareone.ca\/fr\/wp-json\/wp\/v2\/pages\/60406\/revisions"}],"predecessor-version":[{"id":77762,"href":"https:\/\/www.squareone.ca\/fr\/wp-json\/wp\/v2\/pages\/60406\/revisions\/77762"}],"up":[{"embeddable":true,"href":"https:\/\/www.squareone.ca\/fr\/wp-json\/wp\/v2\/pages\/53157"}],"wp:attachment":[{"href":"https:\/\/www.squareone.ca\/fr\/wp-json\/wp\/v2\/media?parent=60406"}],"curies":[{"name":"wp","href":"https:\/\/api.w.org\/{rel}","templated":true}]}}