{"id":60687,"date":"2022-10-27T10:21:09","date_gmt":"2022-10-27T17:21:09","guid":{"rendered":"https:\/\/www.squareone.ca\/centres-ressources\/ressources-modele"},"modified":"2023-02-09T15:34:07","modified_gmt":"2023-02-09T23:34:07","slug":"ressources-modele","status":"publish","type":"page","link":"https:\/\/www.squareone.ca\/fr\/centres-ressources\/modele","title":{"rendered":"Centre de ressources : mod\u00e8les de documents"},"content":{"rendered":"<section id='intro' class=\"bg-shape-split bg-sub-page-hero\">\r\n    <div class=\"bg-position\">\r\n    <div class=\"container-fluid\">\r\n    <div class=\"row align-items-center\">\r\n    <div class=\"col-12 col-lg-8\">\r\n        <h1>Centre de ressources&nbsp;: mod\u00e8les de documents<\/h1>\r\n        <p class=\"pb-3 text-orange\"><strong>Mod\u00e8les de documents t\u00e9l\u00e9chargeables gratuits<\/strong><\/p>   \r\n    <\/div>\r\n    <\/div>\r\n            \r\n    <div class=\"row\">\r\n    <div class=\"col-lg-8\">\r\n        <p class=\"display-4\">Bienvenue au centre de ressources des mod\u00e8les de documents. Vous trouverez ici des mod\u00e8les t\u00e9l\u00e9chargeables que vous pouvez utiliser pour r\u00e9diger des plaintes de nuisance de bruit, des mises en demeure ou des re\u00e7us de loyer, entre autres. Si vous avez des questions sp\u00e9cifiques \u00e0 nous poser, veuillez nous envoyer un <a href=\"mailto:info@squareone.ca\" title=\"Envoyez-nous un courriel\">courriel<\/a> et nous t\u00e2cherons de vous r\u00e9pondre.<\/p>\r\n<p class=\"display-4\">Pour voir des dizaines d&rsquo;articles pratiques \u00e0 l&rsquo;intention des propri\u00e9taires occupants, copropri\u00e9taires, propri\u00e9taires bailleurs et locataires, consultez nos <a href=\"\/fr\/centres-ressources\" title=\"Articles pratiques sur l'assurance et bien plus\">Centres de ressources<\/a>.<\/p> \r\n    <\/div>\r\n\r\n    <div class=\"col-lg-3 offset-lg-1\">\r\n        <ul class=\"list-unstyled link-list display-4 mb-2 pt-4 pt-lg-0 pt-mb-0\">\r\n        <div class=\"link-list\">\r\n            <li><a href=\"#letter\">Lettres<\/a>\r\n        <\/div>\r\n                <ul class=\"list-unstyled link-list pl-4\">\r\n                    <li class=\"lead\"><a href=\"#demand-letter\">Lettre de mise en demeure<\/a><\/li>\r\n                    <li class=\"lead\"><a href=\"#lease-renewal-letter\">Lettre de renouvellement de bail<\/a><\/li>\r\n                    <li class=\"lead\"><a href=\"#noise-complaint-letter\">Lettre de plainte de nuisance de bruit<\/a><\/li>\r\n                    <li class=\"lead\"><a href=\"#tenant-reference-letter\">Lettre de recommandation de locataire<\/a><\/li>\r\n \r\n<li class=\"lead\"><a href=\"#promise-to-purchase-letter\">Promesse d&rsquo;achat<\/li>\r\n                <\/ul>\r\n            <\/li>\r\n        <div class=\"link-list\">\r\n            <li><a href=\"#payment\">Paiement<\/a>\r\n        <\/div>\r\n                <ul class=\"list-unstyled link-list pl-4\">\r\n                    <li class=\"lead\"><a href=\"#invoice\">Facture<\/a><\/li>\r\n                    <li class=\"lead\"><a href=\"#rent-receipt\">Quittance de loyer<\/a><\/li>\r\n            <\/li>\r\n        <\/ul>\r\n    <\/div>\r\n\r\n    <\/div>  \r\n    <\/div>\r\n    <\/div>\r\n    <div class=\"bg-bottom\"><\/div>\r\n<\/section>\r\n\r\n<section class=\"xwide-mobile py-6\">\r\n    <div id=\"letter\" class=\"container-fluid\">\r\n        <h2>Lettres<\/h2>\r\n        <p>Si vous devez r\u00e9diger une lettre sp\u00e9cifique pour une fonction particuli\u00e8re, vous trouverez dans cette section des mod\u00e8les de lettres ainsi que des directives de mode d\u2019emploi.<\/p>\r\n            <div class=\"row match-height\">\r\n            <div class=\"col-12 col-md-6 col-lg-4 mb-4\">\r\n            <div class=\"card review\">\r\n            <div id=\"demand-letter\" class=\"card-body\">\r\n                <a href=\"https:\/\/www.squareone.ca\/fr\/centres-ressources\/modele\/lettre-mise-en-demeure\"><img decoding=\"async\" src=\"https:\/\/cdn.squareone.ca\/wp-content\/uploads\/2022\/10\/26165255\/modele-lettre-mise-en-demeure_vignette_fr.png\" alt=\"Vignette de mod\u00e8le de lettre de mise en demeure\" class=\"img-fluid border mb-3\" rel=\"noopener noreferrer\" \/><\/a>\r\n            <div class=\"container-fluid\">\r\n                <h3 class=\"mb-2\"><a href=\"https:\/\/www.squareone.ca\/fr\/centres-ressources\/modele\/lettre-mise-en-demeure\">Lettre de mise en demeure<\/a><\/h3>\r\n                <p>Si quelqu\u2019un vous doit quelque chose, que ce soit de l\u2019argent ou un service que vous avez pay\u00e9, le premier pas de la r\u00e9solution du litige c\u2019est d\u2019envoyer une lettre de mise en demeure \u00e0 la partie en question.<\/a><br>\r\n            <\/div>\r\n            <\/div>\r\n            <\/div>\r\n            <\/div>\r\n\r\n            <div class=\"col-12 col-md-6 col-lg-4 mb-4\">\r\n            <div class=\"card review\">\r\n            <div id=\"lease-renewal-letter\" class=\"card-body\">\r\n                <a href=\"\/fr\/centres-ressources\/modele\/lettre-renouvellement-bail\"><img decoding=\"async\" src=\"https:\/\/cdn.squareone.ca\/wp-content\/uploads\/2022\/10\/26165312\/modele-lettre-renouvellement-bail_vignette_fr.png\" alt=\"Vignette de mod\u00e8le de lettre de renouvellement de bail\" class=\"img-fluid border mb-3\" rel=\"noopener noreferrer\" \/><\/a>\r\n            <div class=\"container-fluid\">\r\n                <h3 class=\"mb-2\"><a href=\"\/fr\/centres-ressources\/modele\/lettre-renouvellement-bail\">Lettre de renouvellement de bail<\/a><\/h3>\r\n                <p>Un propri\u00e9taire bailleur se sert d\u2019une lettre de renouvellement de bail pour prolonger formellement le contrat de bail existant de son locataire; le locataire, lui, pourrait \u00e9galement r\u00e9diger une demande de renouvellement de bail \u00e0 l\u2019intention de son propri\u00e9taire bailleur.<\/a><br>\r\n            <\/div>\r\n            <\/div>\r\n            <\/div>\r\n            <\/div>\r\n\r\n            <div class=\"col-12 col-md-6 col-lg-4 mb-4\">\r\n            <div class=\"card review\">\r\n            <div id=\"noise-complaint-letter\" class=\"card-body\">\r\n                <a href=\"https:\/\/www.squareone.ca\/fr\/centres-ressources\/modele\/lettre-plainte-nuisance-bruit\"><img decoding=\"async\" src=\"https:\/\/cdn.squareone.ca\/wp-content\/uploads\/2022\/10\/26165326\/modele-plainte-de-nuisance-de-bruit_vignette_fr.png\" alt=\"Vignette de mod\u00e8le de lettre de plainte de nuisance de bruit\" class=\"img-fluid border mb-3\" rel=\"noopener noreferrer\" \/><\/a>\r\n            <div class=\"container-fluid\">\r\n                <h3 class=\"mb-2\"><a href=\"\/fr\/centres-ressources\/modele\/lettre-plainte-nuisance-bruit\">Lettre de plainte de nuisance de bruit<\/a><\/h3>\r\n                <p>Si vous avez des voisins bruyants qui refusent de se calmer, une lettre de plainte de nuisance de bruit est une \u00e9tape importante vers la r\u00e9solution du probl\u00e8me.<\/a><br>\r\n            <\/div>\r\n            <\/div>\r\n            <\/div>\r\n            <\/div>\r\n\r\n            <div class=\"col-12 col-md-6 col-lg-4 mb-4\">\r\n            <div class=\"card review\">\r\n            <div id=\"promise-to-purchase-letter\" class=\"card-body\">\r\n                <a href=\"\/fr\/centres-ressources\/modele\/promesse-achat\"><img decoding=\"async\" src=\"https:\/\/cdn.squareone.ca\/wp-content\/uploads\/2023\/02\/07150315\/modele-promesse-achat_vignette_fr-1.png\" alt=\"vignette de mod\u00e8le de promesse d\u2019achat\" class=\"img-fluid border mb-3\" rel=\"noopener noreferrer\" \/><\/a>\r\n            <div class=\"container-fluid\">\r\n                <h3 class=\"mb-2\"><a href=\"\/fr\/centres-ressources\/modele\/promesse-achat\">Promesse d&rsquo;achat<\/a><\/h3>\r\n                <p>Si vous voulez acheter une habitation, il faut pr\u00e9senter au vendeur une promesse d&rsquo;achat, un document qui d\u00e9montre votre engagement.<\/a><br>\r\n            <\/div>\r\n            <\/div>\r\n            <\/div>\r\n            <\/div>\r\n\r\n            <div class=\"col-12 col-md-6 col-lg-4 mb-4\">\r\n            <div class=\"card review\">\r\n            <div id=\"tenant-reference-letter\" class=\"card-body\">\r\n                <a href=\"https:\/\/www.squareone.ca\/fr\/centres-ressources\/modele\/lettre-recommandation-locataire\"><img decoding=\"async\" src=\"https:\/\/cdn.squareone.ca\/wp-content\/uploads\/2022\/10\/26165344\/modele-lettre-recommandation-locataire_vignette_fr.png\" alt=\"Vignette de mod\u00e8le de lettre de recommandation de locataire\" class=\"img-fluid border mb-3\" rel=\"noopener noreferrer\" \/><\/a>\r\n            <div class=\"container-fluid\">\r\n                <h3 class=\"mb-2\"><a href=\"\/fr\/centres-ressources\/modele\/lettre-recommandation-locataire\">Lettre de recommandation de locataire<\/a><\/h3>\r\n                <p>Si vous \u00eates propri\u00e9taire bailleur, il est possible que vos anciens locataires vous demandent une lettre de recommandation de votre part afin de les aider \u00e0 obtenir un logement \u00e0 louer.<\/a><br>\r\n            <\/div>\r\n            <\/div>\r\n            <\/div>\r\n            <\/div>\r\n\r\n            <\/div>\r\n    <\/div>\r\n<\/section>\r\n\r\n<section class=\"bg-shape-split shape-grey-curve-up\">\r\n    <div class=\"bg-top\"><\/div>\r\n    <div class=\"bg-position\">\r\n    <div id=\"payment\" class=\"container-fluid\">\r\n        <h2>Paiement<\/h2>\r\n        <p>Lorsque l\u2019argent change de mains, il est important de tout documenter correctement. Dans cette section, vous trouverez des mod\u00e8les pour plusieurs documents reli\u00e9s au paiement.<\/p>\r\n            <div class=\"row match-height\">\r\n            <div class=\"col-12 col-md-6 col-lg-4 mb-4\">\r\n            <div class=\"card review\">\r\n            <div id=\"invoice\" class=\"card-body\">\r\n                <a href=\"https:\/\/www.squareone.ca\/fr\/centres-ressources\/modele\/facture\"><img decoding=\"async\" src=\"https:\/\/cdn.squareone.ca\/wp-content\/uploads\/2022\/10\/26165404\/modele_facture_vignette_fr.png\" alt=\"Vignette de mod\u00e8le de facture\" class=\"img-fluid border mb-3\" rel=\"noopener noreferrer\" \/><\/a>\r\n            <div class=\"container-fluid\">\r\n                <h3 class=\"mb-2\"><a href=\"\/fr\/centres-ressources\/modele\/facture\">Mod\u00e8le de facture<\/a><\/h3>\r\n                <p>Vous avez fait du travail pour quelqu\u2019un&nbsp;: maintenant, c\u2019est le moment de recevoir votre paiement. Vous pouvez vous servir de ce mod\u00e8le pour cr\u00e9er une facture simple et pratique.<\/a><br>\r\n            <\/div>\r\n            <\/div>\r\n            <\/div>\r\n            <\/div>\r\n\r\n        <div class=\"col-12 col-md-6 col-lg-4 mb-4\">\r\n        <div class=\"card review\">\r\n        <div id=\"rent-receipt\" class=\"card-body\">\r\n            <a href=\"\/fr\/centres-ressources\/modele\/quittance-loyer\"><img decoding=\"async\" src=\"https:\/\/cdn.squareone.ca\/wp-content\/uploads\/2022\/10\/27153728\/modele-quittance-loyer_vignette_fr.png\" alt=\"Vignette de mod\u00e8le de quittance de loyer\" class=\"img-fluid border mb-3\" rel=\"noopener noreferrer\" \/><\/a>\r\n            <div class=\"container-fluid\">\r\n            <h3 class=\"mb-2\"><a href=\"\/fr\/centres-ressources\/modele\/quittance-loyer\">Quittance de loyer<\/a><\/h3>\r\n            <p>Si vous \u00eates propri\u00e9taire bailleur, il est possible que votre locataire vous demande un re\u00e7u de loyer; vous \u00eates oblig\u00e9 de fournir ce document sur demande.<\/a><br>\r\n        <\/div>\r\n        <\/div>\r\n        <\/div>\r\n        <\/div>\r\n        <\/div>\r\n<\/div>\r\n<\/div>\r\n    <div class=\"bg-bottom\"><\/div>\r\n<\/section>\r\n\r\n\t<section class=\"footer-cta bg-shape mt-6\">\n\t    <div class=\"container-fluid\">\n\t        <div class=\"row\">\n\t            <div class=\"col-10 offset-1 col-lg-8 offset-lg-2 text-center\">\n\t                <div class=\"h6 text-secondary-alt text-uppercase mb-4\">vous \u00eates en bonne compagnie <\/div>\n\t                <div class=\"h2 text-uc-first mb-4\">Joignez-vous \u00e0 plus de 3 000 000 de clients qui ont re\u00e7u une soumission en assurance habitation de notre part.<\/div>\n\t\t\t\t\t<div id=\"sq1-qw-9e6c970ad625\" class=\"sq1-quote-widget\" data-quote-widget-type=\"HOME\" data-has-custom-text=\"true\" style=\"min-height: 68px; height: auto\"><\/div>\n\t                <p class=\"text-uc-first\">D\u00e9couvrez \u00e0 quel point l'assurance habitation est abordable \u00e0 l'aide d'une soumission en ligne en 5 minutes.<\/p>\n\t                <p class=\"text-light small text-uc-first\">Avant de commencer, veuillez lire notre <a href=\"https:\/\/www.squareone.ca\/fr\/politique-confidentialite\" target=\"_blank\" rel=\"noreferrer noopener\">Politique de confidentialit\u00e9<\/a> et nos <a href=\"https:\/\/www.squareone.ca\/fr\/conditions-utilisation\" target=\"_blank\" rel=\"noreferrer noopener\">Conditions d\u2019utilisation<\/a>.<\/p>\n\t            <\/div>\n\t        <\/div>\n\t    <\/div>\n\t    <div class=\"locations position-absolute fw-bold w-100 text-center pb-6 px-3\">Une compagnie canadienne exploit\u00e9e par des Canadiens. Nous offrons nos services au <a href=\"\/fr\/habitation\/quebec\" class=\"text-grey-900 text-decoration-none\">Qu\u00e9bec<\/a>, en Colombie-Britannique, en Alberta, en Saskatchewan, au Manitoba et en Ontario.<\/div>\n\t<\/section>","protected":false},"excerpt":{"rendered":"<p>Centre de ressources&nbsp;: mod\u00e8les de documents Mod\u00e8les de documents t\u00e9l\u00e9chargeables gratuits Bienvenue au centre de ressources des mod\u00e8les de documents. Vous trouverez ici des mod\u00e8les t\u00e9l\u00e9chargeables que vous pouvez utiliser pour r\u00e9diger des plaintes de nuisance de bruit, des mises en demeure ou des re\u00e7us de loyer, entre autres. Si vous avez des questions sp\u00e9cifiques [&hellip;]<\/p>\n","protected":false},"author":29,"featured_media":0,"parent":48238,"menu_order":0,"comment_status":"closed","ping_status":"closed","template":"","meta":{"_acf_changed":false,"footnotes":""},"class_list":["post-60687","page","type-page","status-publish","hentry"],"acf":[],"_links":{"self":[{"href":"https:\/\/www.squareone.ca\/fr\/wp-json\/wp\/v2\/pages\/60687","targetHints":{"allow":["GET"]}}],"collection":[{"href":"https:\/\/www.squareone.ca\/fr\/wp-json\/wp\/v2\/pages"}],"about":[{"href":"https:\/\/www.squareone.ca\/fr\/wp-json\/wp\/v2\/types\/page"}],"author":[{"embeddable":true,"href":"https:\/\/www.squareone.ca\/fr\/wp-json\/wp\/v2\/users\/29"}],"replies":[{"embeddable":true,"href":"https:\/\/www.squareone.ca\/fr\/wp-json\/wp\/v2\/comments?post=60687"}],"version-history":[{"count":19,"href":"https:\/\/www.squareone.ca\/fr\/wp-json\/wp\/v2\/pages\/60687\/revisions"}],"predecessor-version":[{"id":61915,"href":"https:\/\/www.squareone.ca\/fr\/wp-json\/wp\/v2\/pages\/60687\/revisions\/61915"}],"up":[{"embeddable":true,"href":"https:\/\/www.squareone.ca\/fr\/wp-json\/wp\/v2\/pages\/48238"}],"wp:attachment":[{"href":"https:\/\/www.squareone.ca\/fr\/wp-json\/wp\/v2\/media?parent=60687"}],"curies":[{"name":"wp","href":"https:\/\/api.w.org\/{rel}","templated":true}]}}