{"id":60721,"date":"2022-10-27T15:09:28","date_gmt":"2022-10-27T22:09:28","guid":{"rendered":"https:\/\/www.squareone.ca\/centres-ressources\/ressources-modele\/quittance-loyer"},"modified":"2026-04-17T15:19:42","modified_gmt":"2026-04-17T22:19:42","slug":"quittance-loyer","status":"publish","type":"page","link":"https:\/\/www.squareone.ca\/fr\/centres-ressources\/modele\/quittance-loyer","title":{"rendered":"Mod\u00e8le de quittance de loyer"},"content":{"rendered":"<section id='intro' class=\"bg-shape-split bg-sub-page-hero\">\r\n    <div class=\"bg-position\">\r\n    <div class=\"container-fluid\">\r\n    <div class=\"row align-items-center\">\r\n    <div class=\"col-12 col-lg-8\">\r\n        <h1>Mod\u00e8le de quittance de loyer<\/h1>\r\n<strong>Article r\u00e9dig\u00e9 par <a href=\"\/fr\/a-propos-de-nous\/contributeurs#anthony-michael\" title=\"Auteur : Anthony Michael\">Anthony Michael<\/a><\/strong>\r\n        <div style=\"margin-top:48px;\"><p class=\"pb-4\" style=\"margin-top:-24px\">Mis \u00e0 jour le 17 avril 2026<\/p><\/div>\r\n    <\/div>\r\n    <\/div>\r\n\r\n    <div class=\"row\">\r\n    <div class=\"col-lg-8\">\r\n        <p class=\"display-4\">Vous \u00eates un locataire impeccable qui paie toujours le loyer \u00e0 temps. Mais pouvez-vous le prouver?<\/p>\r\n        <p class=\"display-4\">Dans cette page, vous trouverez un mod\u00e8le de quittance de loyer t\u00e9l\u00e9chargeable. Vous d\u00e9couvrirez ce qu\u2019est une quittance de loyer, pourquoi les locataires et les propri\u00e9taires en ont besoin, comment en obtenir une et les donn\u00e9es requises pour une lettre de quittance de loyer.<\/p>\r\n        <p class=\"display-4\">Sachez que les exigences en ce qui concerne les quittances de loyer varient de province en province, donc vous avez int\u00e9r\u00eat \u00e0 consulter l\u2019organisation de r\u00e8glementation du logement locatif de votre province avant de r\u00e9diger votre lettre.<\/p>\r\n\t\t<a class=\"btn btn-primary forward-arrow\" href=\"https:\/\/www.squareone.ca\/wp-content\/uploads\/2022\/10\/modele-quittance-loyer_fr.docx\" rel=\"noopener noreferrer\">T\u00e9l\u00e9charger le mod\u00e8le<\/a>\r\n    <\/div>\r\n\r\n    <div class=\"col-lg-3 offset-lg-1\">\r\n        <p class=\"mb-2 display-4 pt-4 pt-lg-0 pt-mb-0\"><strong>Th\u00e8mes<\/strong><\/p>\r\n        <ul class=\"list-unstyled link-list display-4\">\r\n            <li><a href=\"#what-is\">Qu\u2019est-ce qu\u2019une quittance de loyer?<\/a><\/li>\r\n            <li><a href=\"#required-or-not\">Est-il obligatoire?<\/a><\/li>\r\n            <li><a href=\"#info\">Quelles donn\u00e9es devraient figurer sur une lettre de renouvellement de bail?<\/a><\/li>\r\n            <li><a href=\"#deliver\">Comment livrer une quittance de loyer<\/a><\/li>\r\n\t\t\t<li><a href=\"#sample\">\u00c9chantillon<\/a><\/li>\r\n            <li><a href=\"#faq\">Questions fr\u00e9quemment pos\u00e9es<\/a><\/li>\r\n        <\/ul>\r\n    <\/div>\r\n    <\/div>  \r\n    <\/div>\r\n    <\/div>\r\n    <div class=\"bg-bottom\"><\/div>\r\n<\/section>\r\n\r\n<section>\r\n\t<div class=\"container-fluid py-6\">\r\n\t<div class=\"row\">\r\n\t<div class=\"col-12 col-lg-8\">\r\n\r\n\t\t<h2 id=\"what-is\">Qu\u2019est-ce qu\u2019une quittance de loyer?<\/h2>\r\n        <p>Une lettre de quittance de loyer est un document prouvant que le locataire a pay\u00e9 son loyer pour un mois quelconque. Les locataires et propri\u00e9taires bailleurs\/gestionnaires immobiliers utilisent ce document \u00e0 titre de preuve de paiement locatif et \u00e0 des fins d\u2019imp\u00f4t.<\/p>\r\n\r\n        <h2 id=\"appropriate\">Une quittance de loyer est-elle obligatoire?<\/h2>\r\n        <p>Le propri\u00e9taire bailleur est oblig\u00e9 de fournir au locataire une quittance de loyer. Afin de percevoir le loyer dans le cadre de sa d\u00e9claration de revenu, un locataire doit pr\u00e9senter \u00e0 l\u2019Agence du revenu du Canada une quittance de loyer officielle.<\/p>\r\n        <p>Du point de vue du locataire, une quittance de loyer est requise si, par exemple, le propri\u00e9taire bailleur pr\u00e9tend que le locataire n\u2019a pas pay\u00e9 son loyer. Dans ce cas de figure, si le locataire n\u2019a pas de fiche \u00e9lectronique de paiement, la quittance de loyer peut servir de preuve.<\/p>\r\n\r\n        <h2 id=\"info\">Quelles donn\u00e9es devraient figurer sur la quittance de loyer?<\/h2>\r\n        <p>Une lettre de quittance de loyer n\u2019est pas difficile \u00e0 cr\u00e9er. Elle devrait comprendre ce ce qui suit\u00a0:<\/p>\r\n        <ul>\r\n            <li>Le nom du locataire<\/li>\r\n            <li>Le nom du propri\u00e9taire bailleur\/gestionnaire immobilier<\/li>\r\n            <li>L\u2019adresse et le num\u00e9ro d\u2019unit\u00e9 de la propri\u00e9t\u00e9 locative<\/li>\r\n            <li>La date du paiement et\/ou de la p\u00e9riode de location<\/li>\r\n            <li>Le montant du paiement<\/li>\r\n            <li>Le mode de paiement<\/li>\r\n            <li>Signature du propri\u00e9taire bailleur\/gestionnaire immobilier<\/li>\r\n            <li>Toute autre information pertinente<\/li>\r\n        <\/ul>\r\n        \r\n\t<\/div>\r\n    <\/div>\r\n    <\/div>\r\n<\/section>\r\n\r\n\t<section class=\"bg-transparent\">\n\t\t<img decoding=\"async\" src=\"\/sales\/images\/bgs\/bg-mid-page-cta-general-top.svg\" style=\"width: 100%; vertical-align: bottom; position: relative; top: 1px\"\/>\n\t\t\n\t\t<div class=\"bg-darkTeal py-3\">\t\t\t\n\t\t\t<div class=\"container-fluid\">\n\t\t\t\t<div class=\"row d-flex align-items-center pb-5\">\n\t\t\t\t\t<div class=\"col-12 col-md-8 offset-md-2 px-lg-5 pb-5 pb-lg-0\">\n\t\t\t\t\t\t<div class=\"h6 mb-4 text-primary text-uppercase text-center\">\n\t\t\t\t\t\t\tCela ne prend que 5\u00a0minutes \n\t\t\t\t\t\t<\/div>\t\t\n\t\t\t\t\t\t\t\t\t\t\t\n\t\t\t\t\t\t<p class=\"lead px-lg-5 text-white\">\n\t\t\t\t\t\t\t<strong class=\"d-inline-block text-uc-first\">Pr\u00eat \u00e0 obtenir une soumission en ligne? <\/strong> Votre temps est aussi pr\u00e9cieux que vos possessions. Obtenez une soumission d'assurance habitation en <strong>5 minutes<\/strong>. C\u2019est moins de temps qu\u2019il n\u2019en faut pour faire la file pour un caf\u00e9.\n\t\t\t\t\t\t<\/p>\t\t\t\n\t\n\t\t\t\t\t\t<div id=\"sq1-qw-da4bc79e15df\" class=\"sq1-quote-widget mb-4 text-white\" data-quote-widget-type=\"HOME\" data-has-custom-text=\"true\">\n\t\t\t\t\t\t\t<div class=\"input-group input-group-focus-within bg-white my-4\">\n\t\t\t\t\t\t\t\t<div>\n\t\t\t\t\t\t\t\t\t<div class=\"input-group-text\">\n\t\t\t\t\t\t\t\t\t\t<i class=\"fa fa-map-marker d-block text-black\"><\/i>\n\t\t\t\t\t\t\t\t\t<\/div>\n\t\t\t\t\t\t\t\t<\/div>\n\t\t\t\t\t\t\t\t<input type=\"text\" class=\"form-control\" style=\"padding: 10px;\" placeholder=\"Enter an address\" aria-label=\"Inscrivez votre adresse pour obtenir une soumission\"\/>\n\t\t\t\t\t\t\t\t<div>\n\t\t\t\t\t\t\t\t\t<button class=\"btn btn-primary\">Obtenir une soumission en ligne d\u00e8s maintenant<\/button>\n\t\t\t\t\t\t\t\t<\/div>\n\t\t\t\t\t\t\t<\/div>\n\t\t\t\t\t\t<\/div>\n\t\t\t\t\t\t\n\t\t\t\t\t\t<p class=\"small text-white\">Avant de commencer, veuillez lire notre <a href=\"https:\/\/www.squareone.ca\/fr\/politique-confidentialite\" target=\"_blank\" rel=\"noreferrer noopener\">Politique de confidentialit\u00e9<\/a> et nos <a href=\"https:\/\/www.squareone.ca\/fr\/conditions-utilisation\" target=\"_blank\" rel=\"noreferrer noopener\">Conditions d\u2019utilisation<\/a>.<\/p>\t\n\t\n\t\t\t\t\t\t<script type=\"text\/javascript\">\n\t\t\t\t\t\t(function() {\n\t\t\t\t\t\t\tdocument.addEventListener('soiMiscJsLoaded', function() {\n\t\t\t\t\t\t        $(document).ready(function() {\n\t\t\t\t\t\t\t\t\tsoiQuoteWidget.processFormWidget('\/sales\/index.php\/json_quote_widget?rand=' +Math.random(), 'qwContainer'); \/\/populate quoting widget with content from symfony.\n\t\t\t\t\t\t\t\t});\n\t\t\t\t\t\t\t});\n\t\t\t\t\t\t})();\n\t\t\t\t\t\t<\/script>\n\t\t\t\t\t<\/div>\n\t\t\t\t<\/div>\n\t\t\t<\/div>\n\t\t<\/div>\n\t\t\n\t\t<img decoding=\"async\" src=\"\/sales\/images\/bgs\/bg-mid-page-cta-general-bottom.svg\" style=\"width: 100%; vertical-align: top\"\/>\t\t\n\t<\/section>\r\n\r\n<section>\r\n    <div class=\"container-fluid py-6\">\r\n    <div class=\"row\">\r\n    <div class=\"col-12 col-lg-8\">\r\n\r\n        <h2 id=\"send\">Comment livrer une quittance de loyer<\/h2>\r\n        <p>Le propri\u00e9taire bailleur peut livrer une quittance de loyer par courriel, par courrier ou en personne. La livraison \u00e9lectronique est la m\u00e9thode la plus sure; vous \u00e9liminez ainsi le risque de perdre le document (et vous \u00e9conomisez sur les frais d\u2019enveloppe et d\u2019affranchissement).<\/p>\r\n\t\t\r\n\t\t<h2 id=\"sample\">\u00c9chantillon de quittance de loyer<\/h2>\r\n\t\t<a href=\"https:\/\/cdn.squareone.ca\/wp-content\/uploads\/2022\/10\/27153707\/modele-quittance-loyer_apercu_fr.png\" target=\"_blank\" rel=\"noopener noreferrer\"><img decoding=\"async\" src=\"https:\/\/cdn.squareone.ca\/wp-content\/uploads\/2022\/10\/27153707\/modele-quittance-loyer_apercu_fr.png\" alt=\"Aper\u00e7u de mod\u00e8le de quittance de loyer\" width=\"450\" class=\"img-fluid border\" rel=\"noopener noreferrer\" \/><\/a>\r\n        <br \/>\r\n        <br \/>\r\n\r\n        <h2 id=\"faq\">Questions fr\u00e9quemment pos\u00e9es<\/h2>\r\n\r\n        <h3>Mon propri\u00e9taire bailleur peut-il refuser de me fournir une quittance de loyer?<\/h3>\r\n        <p>Non. Si un locataire demande une quittance de loyer, son propri\u00e9taire bailleur est l\u00e9galement oblig\u00e9 d\u2019en fournir.<\/p>\r\n\r\n        <h3>Je paie mon loyer de mani\u00e8re \u00e9lectronique. Pourquoi ai-je besoin de conserver une quittance de loyer?<\/h3>\r\n        <p>Il est possible que l\u2019Agence de revenu du Canada vous demande une copie des documents de vos re\u00e7us de loyer officiels afin de v\u00e9rifier tout revenu locatif que vous percevez. Par cons\u00e9quent, vous avez int\u00e9r\u00eat \u00e0 demander une copie de ces documents, m\u00eame si vous r\u00e9glez votre loyer de fa\u00e7on \u00e9lectronique.<\/p>\r\n\r\n        <h3>Un propri\u00e9taire peut-il me facturer une lettre de quittance de loyer?<\/h3>\r\n        <p>Non. Un propri\u00e9taire bailleur doit fournir un re\u00e7u de paiement de loyer sur demande et sans frais. Si votre propri\u00e9taire bailleur fait des demandes d\u00e9mesur\u00e9es, il est possible que vous ayez un propri\u00e9taire injuste.<\/p>\r\n\r\n        <p><strong>Recherchez-vous des mod\u00e8les de documents plus pratiques?<\/strong> Consultez notre <a href=\"\/fr\/centres-ressources\/modele\" title=\"Centre de ressources : mod\u00e8les de documents\">Centre de ressources&nbsp;mod\u00e8les de documents<\/a> o\u00f9 vous trouverez des mod\u00e8les pr\u00eats \u00e0 utiliser pour une gamme de documents importants. N\u2019oubliez pas <a href=\"\/fr\/soumission-assurance-habitation-en-ligne\" title=\"Obtenir une soumission en ligne\">d\u2019obtenir une soumission en ligne<\/a> en moins de 5&nbsp;minutes et d\u00e9couvrez jusqu\u2019\u00e0 quel point l\u2019assurance habitation personnalis\u00e9e est abordable.<\/p>\r\n\r\n\t<\/div>\r\n    <\/div>\r\n    <\/div>\r\n<\/section>\r\n<script type=\"application\/ld+json\">\r\n{\r\n  \"@context\": \"https:\/\/schema.org\",\r\n  \"@type\": \"WebPage\",\r\n  \"mainEntityOfPage\": {\r\n    \"@type\": \"Article\",\r\n    \"@id\": \"https:\/\/www.squareone.ca\/fr\/centres-ressource\/modele\/recu-loyer\"\r\n  },\r\n  \"author\": [\r\n    {\r\n      \"@type\": \"Person\",\r\n      \"name\": \"Anthony Michael\",\r\n      \"url\": \"https:\/\/www.squareone.ca\/fr\/a-propos-de-nous\/collaborateurs#anthony-michael\"\r\n    }\r\n  ],\r\n  \"headline\": \"Mod\u00e8le de quittance de loyer\",\r\n  \"datePublished\": \"\",\r\n  \"dateModified\": \"\",\r\n  \"inLanguage\": \"fr-CA\",\r\n  \"isAccessibleForFree\": true\r\n}\r\n<\/script>\r\n<script type=\"application\/ld+json\">\r\n{\r\n  \"@context\": \"https:\/\/schema.org\",\r\n  \"@type\": \"FAQPage\",\r\n  \"mainEntity\": [{\r\n    \"@type\": \"Question\",\r\n    \"name\": \"Mon propri\u00e9taire bailleur peut-il refuser de me fournir une quittance de loyer?\",\r\n    \"acceptedAnswer\": {\r\n      \"@type\": \"Answer\",\r\n      \"text\": \"Non. Si un locataire demande une quittance de loyer, son propri\u00e9taire bailleur est l\u00e9galement oblig\u00e9 d\u2019en fournir.\"\r\n    }\r\n  },{\r\n    \"@type\": \"Question\",\r\n    \"name\": \"Je paie mon loyer de mani\u00e8re \u00e9lectronique. Pourquoi ai-je besoin de conserver une quittance de loyer?\",\r\n    \"acceptedAnswer\": {\r\n      \"@type\": \"Answer\",\r\n      \"text\": \"Il est possible que l\u2019Agence de revenu du Canada vous demande une copie des documents de vos re\u00e7us de loyer officiels afin de v\u00e9rifier tout revenu locatif que vous percevez. Par cons\u00e9quent, vous avez int\u00e9r\u00eat \u00e0 conserver des copies de ces documents, m\u00eame si vous r\u00e9glez votre loyer de fa\u00e7on \u00e9lectronique.\"\r\n    }\r\n  },{\r\n    \"@type\": \"Question\",\r\n    \"name\": \"Mon propri\u00e9taire peut-il me facturer une lettre de quittance de loyer?\",\r\n    \"acceptedAnswer\": {\r\n      \"@type\": \"Answer\",\r\n      \"text\": \"Non. Un propri\u00e9taire bailleur doit fournir un re\u00e7u de paiement de loyer sur demande et sans frais.\"\r\n    }\r\n  }]\r\n}\r\n<\/script>\r\n","protected":false},"excerpt":{"rendered":"<p>Mod\u00e8le de quittance de loyer Vous \u00eates un locataire impeccable qui paie toujours le loyer \u00e0 temps. Mais pouvez-vous le prouver? Dans cette page, vous trouverez un mod\u00e8le de quittance de loyer t\u00e9l\u00e9chargeable. Vous d\u00e9couvrirez ce qu\u2019est une quittance de loyer, pourquoi les locataires et les propri\u00e9taires en ont besoin, comment en obtenir une et [&hellip;]<\/p>\n","protected":false},"author":11,"featured_media":60755,"parent":60687,"menu_order":0,"comment_status":"closed","ping_status":"closed","template":"page-article-new.php","meta":{"_acf_changed":false,"footnotes":""},"class_list":["post-60721","page","type-page","status-publish","has-post-thumbnail","hentry"],"acf":[],"_links":{"self":[{"href":"https:\/\/www.squareone.ca\/fr\/wp-json\/wp\/v2\/pages\/60721","targetHints":{"allow":["GET"]}}],"collection":[{"href":"https:\/\/www.squareone.ca\/fr\/wp-json\/wp\/v2\/pages"}],"about":[{"href":"https:\/\/www.squareone.ca\/fr\/wp-json\/wp\/v2\/types\/page"}],"author":[{"embeddable":true,"href":"https:\/\/www.squareone.ca\/fr\/wp-json\/wp\/v2\/users\/11"}],"replies":[{"embeddable":true,"href":"https:\/\/www.squareone.ca\/fr\/wp-json\/wp\/v2\/comments?post=60721"}],"version-history":[{"count":14,"href":"https:\/\/www.squareone.ca\/fr\/wp-json\/wp\/v2\/pages\/60721\/revisions"}],"predecessor-version":[{"id":78974,"href":"https:\/\/www.squareone.ca\/fr\/wp-json\/wp\/v2\/pages\/60721\/revisions\/78974"}],"up":[{"embeddable":true,"href":"https:\/\/www.squareone.ca\/fr\/wp-json\/wp\/v2\/pages\/60687"}],"wp:featuredmedia":[{"embeddable":true,"href":"https:\/\/www.squareone.ca\/fr\/wp-json\/wp\/v2\/media\/60755"}],"wp:attachment":[{"href":"https:\/\/www.squareone.ca\/fr\/wp-json\/wp\/v2\/media?parent=60721"}],"curies":[{"name":"wp","href":"https:\/\/api.w.org\/{rel}","templated":true}]}}