{"id":60758,"date":"2022-10-28T15:28:10","date_gmt":"2022-10-28T22:28:10","guid":{"rendered":"https:\/\/www.squareone.ca\/centres-ressources\/ressources-modele\/modele-facture"},"modified":"2026-04-17T15:17:56","modified_gmt":"2026-04-17T22:17:56","slug":"modele-facture","status":"publish","type":"page","link":"https:\/\/www.squareone.ca\/fr\/centres-ressources\/modele\/facture","title":{"rendered":"Mod\u00e8le de facture"},"content":{"rendered":"<section id='intro' class=\"bg-shape-split bg-sub-page-hero\">\r\n    <div class=\"bg-position\">\r\n    <div class=\"container-fluid\">\r\n    <div class=\"row align-items-center\">\r\n    <div class=\"col-12 col-lg-8\">\r\n        <h1>Mod\u00e8le de facture<\/h1>\r\n<strong>Article r\u00e9dig\u00e9 par <a href=\"\/fr\/a-propos-de-nous\/contributeurs#anthony-michael\" title=\"Auteur : Anthony Michael\">Anthony Michael<\/a><\/strong>\r\n        <div style=\"margin-top:48px;\"><p class=\"pb-4\" style=\"margin-top:-24px\">Mis \u00e0 jour le 17&nbsp;avril&nbsp;2026<\/p><\/div>\r\n    <\/div>\r\n    <\/div>\r\n\r\n    <div class=\"row\">\r\n    <div class=\"col-lg-8\">\r\n        <p class=\"display-4\">Vous les recevez, vous les payez (avec un peu de chance) et vous ne les aimez pas! Oui, vous l\u2019avez devin\u00e9 \u2026 on parle des factures!<\/p>\r\n        <p class=\"display-4\">Si vous n\u2019avez jamais \u00e9t\u00e9 propri\u00e9taire de votre propre entreprise et vous n\u2019\u00eates pas travailleur autonome, il est probable que vous n\u2019avez jamais \u00e9t\u00e9 oblig\u00e9 de cr\u00e9er votre propre facture.<\/p>\r\n        <p class=\"display-4\">Sur cette page, vous trouverez un mod\u00e8le de facture t\u00e9l\u00e9chargeable comme point de d\u00e9part. Vous trouverez \u00e9galement un r\u00e9capitulatif sur la r\u00e9daction de facture et quand l\u2019utiliser.<\/p>\r\n\t\t<a class=\"btn btn-primary forward-arrow\" href=\"https:\/\/cdn.squareone.ca\/wp-content\/uploads\/2022\/10\/26164921\/modele_facture_fr.docx\" rel=\"noopener noreferrer\">T\u00e9l\u00e9charger le mod\u00e8le<\/a>\r\n    <\/div>\r\n\r\n    <div class=\"col-lg-3 offset-lg-1\">\r\n        <p class=\"mb-2 display-4 pt-4 pt-lg-0 pt-mb-0\"><strong>Th\u00e8mes<\/strong><\/p>\r\n        <ul class=\"list-unstyled link-list display-4\">\r\n            <li><a href=\"#what-is\">Qu\u2019est-ce qu\u2019une facture?<\/a><\/li>\r\n            <li><a href=\"#appropriate\">Dans quelle situation doit-on r\u00e9diger une facture?<\/a><\/li>\r\n            <li><a href=\"#who\">Qui peut r\u00e9diger une facture?<\/a><\/li>\r\n            <li><a href=\"#info\">Quelles donn\u00e9es devraient figurer sur une lettre de renouvellement de bail?<\/a><\/li>\r\n            <li><a href=\"#send\">Comment envoyer une facture<\/a><\/li>\r\n\t\t\t<li><a href=\"#sample\">\u00c9chantillon<\/a><\/li>\r\n            <li><a href=\"#faq\">Questions fr\u00e9quemment pos\u00e9es<\/a><\/li>\r\n        <\/ul>\r\n    <\/div>\r\n    <\/div>  \r\n    <\/div>\r\n    <\/div>\r\n    <div class=\"bg-bottom\"><\/div>\r\n<\/section>\r\n\r\n<section>\r\n\t<div class=\"container-fluid py-6\">\r\n\t<div class=\"row\">\r\n\t<div class=\"col-12 col-lg-8\">\r\n\r\n\t\t<h2 id=\"what-is\">Qu\u2019est-ce qu\u2019une facture?<\/h2>\r\n        <p>Dans la comptabilit\u00e9, une facture (invoice ou bill en anglais) est un document affichant une liste de biens ou services imput\u00e9s \u00e0 un client, ainsi que la somme que l\u2019acheteur doit payer au vendeur.<\/p>\r\n\r\n        <h2 id=\"appropriate\">Quand faut-il r\u00e9diger une facture?<\/h2>\r\n        <p>Toute personne morale, par exemple) ex\u00e9cutant une op\u00e9ration commerciale est oblig\u00e9e de r\u00e9diger une facture, peu importe le montant de l\u2019op\u00e9ration. Le document de facture autorise la prestation d\u2019un bien ou service contre un paiement. Selon les conditions de la facture, le paiement peut \u00eatre requis avant ou apr\u00e8s la prestation du service.<\/p>\r\n\r\n        <h2 id=\"who\">Qui peut r\u00e9diger une facture?<\/h2>\r\n        <p>Toute personne morale (comme une compagnie priv\u00e9e, une agence gouvernementale ou un travailleur autonome) peut r\u00e9diger une facture pour la prestation des biens ou services.<\/p>\r\n        \r\n\t<\/div>\r\n    <\/div>\r\n    <\/div>\r\n<\/section>\r\n\r\n\t<section class=\"bg-transparent\">\n\t\t<img decoding=\"async\" src=\"\/sales\/images\/bgs\/bg-mid-page-cta-general-top.svg\" style=\"width: 100%; vertical-align: bottom; position: relative; top: 1px\"\/>\n\t\t\n\t\t<div class=\"bg-darkTeal py-3\">\t\t\t\n\t\t\t<div class=\"container-fluid\">\n\t\t\t\t<div class=\"row d-flex align-items-center pb-5\">\n\t\t\t\t\t<div class=\"col-12 col-md-8 offset-md-2 px-lg-5 pb-5 pb-lg-0\">\n\t\t\t\t\t\t<div class=\"h6 mb-4 text-primary text-uppercase text-center\">\n\t\t\t\t\t\t\tCela ne prend que 5\u00a0minutes \n\t\t\t\t\t\t<\/div>\t\t\n\t\t\t\t\t\t\t\t\t\t\t\n\t\t\t\t\t\t<p class=\"lead px-lg-5 text-white\">\n\t\t\t\t\t\t\t<strong class=\"d-inline-block text-uc-first\">Pr\u00eat \u00e0 obtenir une soumission en ligne? <\/strong> Votre temps est aussi pr\u00e9cieux que vos possessions. Obtenez une soumission d'assurance habitation en <strong>5 minutes<\/strong>. C\u2019est moins de temps qu\u2019il n\u2019en faut pour faire la file pour un caf\u00e9.\n\t\t\t\t\t\t<\/p>\t\t\t\n\t\n\t\t\t\t\t\t<div id=\"sq1-qw-3a547b002693\" class=\"sq1-quote-widget mb-4 text-white\" data-quote-widget-type=\"HOME\" data-has-custom-text=\"true\">\n\t\t\t\t\t\t\t<div class=\"input-group input-group-focus-within bg-white my-4\">\n\t\t\t\t\t\t\t\t<div>\n\t\t\t\t\t\t\t\t\t<div class=\"input-group-text\">\n\t\t\t\t\t\t\t\t\t\t<i class=\"fa fa-map-marker d-block text-black\"><\/i>\n\t\t\t\t\t\t\t\t\t<\/div>\n\t\t\t\t\t\t\t\t<\/div>\n\t\t\t\t\t\t\t\t<input type=\"text\" class=\"form-control\" style=\"padding: 10px;\" placeholder=\"Enter an address\" aria-label=\"Inscrivez votre adresse pour obtenir une soumission\"\/>\n\t\t\t\t\t\t\t\t<div>\n\t\t\t\t\t\t\t\t\t<button class=\"btn btn-primary\">Obtenir une soumission en ligne d\u00e8s maintenant<\/button>\n\t\t\t\t\t\t\t\t<\/div>\n\t\t\t\t\t\t\t<\/div>\n\t\t\t\t\t\t<\/div>\n\t\t\t\t\t\t\n\t\t\t\t\t\t<p class=\"small text-white\">Avant de commencer, veuillez lire notre <a href=\"https:\/\/www.squareone.ca\/fr\/politique-confidentialite\" target=\"_blank\" rel=\"noreferrer noopener\">Politique de confidentialit\u00e9<\/a> et nos <a href=\"https:\/\/www.squareone.ca\/fr\/conditions-utilisation\" target=\"_blank\" rel=\"noreferrer noopener\">Conditions d\u2019utilisation<\/a>.<\/p>\t\n\t\n\t\t\t\t\t\t<script type=\"text\/javascript\">\n\t\t\t\t\t\t(function() {\n\t\t\t\t\t\t\tdocument.addEventListener('soiMiscJsLoaded', function() {\n\t\t\t\t\t\t        $(document).ready(function() {\n\t\t\t\t\t\t\t\t\tsoiQuoteWidget.processFormWidget('\/sales\/index.php\/json_quote_widget?rand=' +Math.random(), 'qwContainer'); \/\/populate quoting widget with content from symfony.\n\t\t\t\t\t\t\t\t});\n\t\t\t\t\t\t\t});\n\t\t\t\t\t\t})();\n\t\t\t\t\t\t<\/script>\n\t\t\t\t\t<\/div>\n\t\t\t\t<\/div>\n\t\t\t<\/div>\n\t\t<\/div>\n\t\t\n\t\t<img decoding=\"async\" src=\"\/sales\/images\/bgs\/bg-mid-page-cta-general-bottom.svg\" style=\"width: 100%; vertical-align: top\"\/>\t\t\n\t<\/section>\r\n\r\n<section>\r\n    <div class=\"container-fluid py-6\">\r\n    <div class=\"row\">\r\n    <div class=\"col-12 col-lg-8\">\r\n\r\n        <h2 id=\"info\">Quelles donn\u00e9es devraient figurer sur une facture?<\/h2>\r\n        <p>Une facture doit comprendre ce qui suit&nbsp;:<\/p>\r\n        <ul>\r\n            <li>Un num\u00e9ro d\u2019identit\u00e9 unique<\/li>\r\n            <li>De l\u2019information sur la compagnie\/organisation (nom l\u00e9gal, adresse, coordonn\u00e9es, etc.)<\/li>\r\n            <li>L\u2019identit\u00e9 de l\u2019acheteur ou le nom commercial de sa compagnie\/son organisation<\/li>\r\n            <li>Une description claire des biens et services rendus<\/li>\r\n            <li>La date de prestation des biens ou services factur\u00e9s<\/li>\r\n            <li>La date de facture<\/li>\r\n            <li>Le montant des biens ou services factur\u00e9s<\/li>\r\n            <li>Les taxes applicables<\/li>\r\n            <li>La date limite du paiement<\/li> \r\n        <\/ul>\r\n\r\n        <h2 id=\"send\">Comment envoyer une facture?<\/h2>\r\n        <p>Vous pouvez envoyer une facture \u00e9lectronique ou l\u2019imprimer et l\u2019envoyer par la poste.<\/p>\r\n\r\n\t\t<h2 id=\"sample\">\u00c9chantillon de facture<\/h2>\r\n        <a href=\"https:\/\/cdn.squareone.ca\/wp-content\/uploads\/2022\/10\/26165206\/modele_facture_apercu_fr.png\" target=\"_blank\" rel=\"noopener noreferrer\"><img decoding=\"async\" src=\"https:\/\/cdn.squareone.ca\/wp-content\/uploads\/2022\/10\/26165206\/modele_facture_apercu_fr.png\" alt=\"Aper\u00e7u de mod\u00e8le de facture\" width=\"450\" class=\"img-fluid border\" rel=\"noopener noreferrer\" \/><\/a>\r\n        <br \/>\r\n        <br \/>\r\n\t\t\r\n        <h2 id=\"faq\">Questions fr\u00e9quemment pos\u00e9es<\/h2>\r\n\r\n        <h3>Est-il pr\u00e9f\u00e9rable d\u2019envoyer une facture par la poste ou par l\u2019interm\u00e9diaire du courrier \u00e9lectronique?<\/h3>\r\n        <p>L\u2019envoi \u00e9lectronique pr\u00e9sente de nombreux avantages&nbsp;: votre facture ne sera pas perdue, vous et vos clients gagnez du temps, vous \u00e9conomisez sur les enveloppes et l\u2019affranchissement, et vous prot\u00e9gez l\u2019environnement en conservant du papier.<\/p>\r\n\r\n        <h3>Quelles sont les taxes \u00e0 inclure sur une facture?<\/h3>\r\n        <p>\u00c9tant donn\u00e9 que les taxes varient au Canada, vous devez consulter l\u2019administration fiscale de votre province pour d\u00e9terminer les taxes applicables \u00e0 votre facture.<\/p>\r\n\r\n        <h3>Qu\u2019est-ce qu\u2019une facture pro forma?<\/h3>\r\n        <p>Une facture pro forma est une facture provisoire \u00e9tablie par le vendeur afin de faire conna\u00eetre d&rsquo;avance \u00e0 l&rsquo;acheteur le montant de la commande qu&rsquo;il a pass\u00e9e. Une facture pro forma comprendra l\u2019information suivante&nbsp;:<\/p>\r\n        <ul>\r\n            <li>Le type de marchandise et une description de la marchandise<\/li>\r\n            <li>Le poids de la marchandise<\/li>\r\n            <li>Les frais de transport<\/li>\r\n        <\/ul>\r\n\r\n        <p><strong>Recherchez-vous des mod\u00e8les de documents plus pratiques?<\/strong> Consultez notre <a href=\"\/fr\/centres-ressources\/modele\" title=\"Centre de ressources : mod\u00e8les de documents\">Centre de ressources&nbsp;mod\u00e8les de documents<\/a> o\u00f9 vous trouverez des mod\u00e8les pr\u00eats \u00e0 utiliser pour une gamme de documents importants. N\u2019oubliez pas <a href=\"\/fr\/soumission-assurance-habitation-en-ligne\" title=\"Obtenir une soumission en ligne\">d\u2019obtenir une soumission en ligne<\/a> en moins de 5&nbsp;minutes et d\u00e9couvrez jusqu\u2019\u00e0 quel point l\u2019assurance habitation personnalis\u00e9e est abordable.<\/p>\r\n\r\n\t<\/div>\r\n    <\/div>\r\n    <\/div>\r\n<\/section>\r\n<script type=\"application\/ld+json\">\r\n{\r\n  \"@context\": \"https:\/\/schema.org\",\r\n  \"@type\": \"WebPage\",\r\n  \"mainEntityOfPage\": {\r\n    \"@type\": \"Article\",\r\n    \"@id\": \"https:\/\/www.squareone.ca\/fr\/centres-ressource\/modele\/facture\"\r\n  },\r\n  \"author\": [\r\n    {\r\n      \"@type\": \"Person\",\r\n      \"name\": \"Anthony Michael\",\r\n      \"url\": \"https:\/\/www.squareone.ca\/fr\/a-propos-de-nous\/collaborateurs#anthony-michael\"\r\n    }\r\n  ],\r\n  \"headline\": \"Mod\u00e8le de facture\",\r\n  \"datePublished\": \"\",\r\n  \"dateModified\": \"\",\r\n  \"inLanguage\": \"fr-CA\",\r\n  \"isAccessibleForFree\": true\r\n}\r\n<\/script>\r\n<script type=\"application\/ld+json\">\r\n{\r\n  \"@context\": \"https:\/\/schema.org\",\r\n  \"@type\": \"FAQPage\",\r\n  \"mainEntity\": [{\r\n    \"@type\": \"Question\",\r\n    \"name\": \"Est-il pr\u00e9f\u00e9rable d\u2019envoyer une facture par la poste ou par l\u2019interm\u00e9diaire du courrier \u00e9lectronique?\",\r\n    \"acceptedAnswer\": {\r\n      \"@type\": \"Answer\",\r\n      \"text\": \"L\u2019envoi \u00e9lectronique pr\u00e9sente de nombreux avantages&nbsp;: votre facture ne sera pas perdue, vous et vos clients gagnez du temps, vous \u00e9conomisez sur les enveloppes et l\u2019affranchissement, et vous prot\u00e9gez l\u2019environnement en conservant du papier.\"\r\n    }\r\n  },{\r\n    \"@type\": \"Question\",\r\n    \"name\": \"Quelles sont les taxes \u00e0 inclure sur une facture?\",\r\n    \"acceptedAnswer\": {\r\n      \"@type\": \"Answer\",\r\n      \"text\": \"\u00c9tant donn\u00e9 que les taxes varient au Canada, vous devez consulter l\u2019administration fiscale de votre province pour d\u00e9terminer les taxes applicables \u00e0 votre facture.\"\r\n    }\r\n  },{\r\n    \"@type\": \"Question\",\r\n    \"name\": \"Qu\u2019est-ce qu\u2019une facture pro forma?\",\r\n    \"acceptedAnswer\": {\r\n      \"@type\": \"Answer\",\r\n      \"text\": \"Une facture pro forma est une facture provisoire \u00e9tablie par le vendeur afin de faire conna\u00eetre d'avance \u00e0 l'acheteur le montant de la commande qu'il a pass\u00e9e. Une facture pro forma comprendra l\u2019information suivante : le type de marchandise et une description de la marchandise, le poids de la marchandise et les frais de transport.\"\r\n    }\r\n  }]\r\n}\r\n<\/script>\r\n","protected":false},"excerpt":{"rendered":"<p>Mod\u00e8le de facture Vous les recevez, vous les payez (avec un peu de chance) et vous ne les aimez pas! Oui, vous l\u2019avez devin\u00e9 \u2026 on parle des factures! Si vous n\u2019avez jamais \u00e9t\u00e9 propri\u00e9taire de votre propre entreprise et vous n\u2019\u00eates pas travailleur autonome, il est probable que vous n\u2019avez jamais \u00e9t\u00e9 oblig\u00e9 de [&hellip;]<\/p>\n","protected":false},"author":11,"featured_media":60759,"parent":60687,"menu_order":0,"comment_status":"closed","ping_status":"closed","template":"page-article-new.php","meta":{"_acf_changed":false,"footnotes":""},"class_list":["post-60758","page","type-page","status-publish","has-post-thumbnail","hentry"],"acf":[],"_links":{"self":[{"href":"https:\/\/www.squareone.ca\/fr\/wp-json\/wp\/v2\/pages\/60758","targetHints":{"allow":["GET"]}}],"collection":[{"href":"https:\/\/www.squareone.ca\/fr\/wp-json\/wp\/v2\/pages"}],"about":[{"href":"https:\/\/www.squareone.ca\/fr\/wp-json\/wp\/v2\/types\/page"}],"author":[{"embeddable":true,"href":"https:\/\/www.squareone.ca\/fr\/wp-json\/wp\/v2\/users\/11"}],"replies":[{"embeddable":true,"href":"https:\/\/www.squareone.ca\/fr\/wp-json\/wp\/v2\/comments?post=60758"}],"version-history":[{"count":7,"href":"https:\/\/www.squareone.ca\/fr\/wp-json\/wp\/v2\/pages\/60758\/revisions"}],"predecessor-version":[{"id":78973,"href":"https:\/\/www.squareone.ca\/fr\/wp-json\/wp\/v2\/pages\/60758\/revisions\/78973"}],"up":[{"embeddable":true,"href":"https:\/\/www.squareone.ca\/fr\/wp-json\/wp\/v2\/pages\/60687"}],"wp:featuredmedia":[{"embeddable":true,"href":"https:\/\/www.squareone.ca\/fr\/wp-json\/wp\/v2\/media\/60759"}],"wp:attachment":[{"href":"https:\/\/www.squareone.ca\/fr\/wp-json\/wp\/v2\/media?parent=60758"}],"curies":[{"name":"wp","href":"https:\/\/api.w.org\/{rel}","templated":true}]}}