{"id":60787,"date":"2022-10-31T16:02:49","date_gmt":"2022-10-31T23:02:49","guid":{"rendered":"https:\/\/www.squareone.ca\/centres-ressources\/ressources-modele\/lettre-mise-en-demeure"},"modified":"2026-04-17T10:30:29","modified_gmt":"2026-04-17T17:30:29","slug":"lettre-mise-en-demeure","status":"publish","type":"page","link":"https:\/\/www.squareone.ca\/fr\/centres-ressources\/modele\/lettre-mise-en-demeure","title":{"rendered":"Mod\u00e8le de lettre de mise en demeure"},"content":{"rendered":"<section id='intro' class=\"bg-shape-split bg-sub-page-hero\">\r\n    <div class=\"bg-position\">\r\n    <div class=\"container-fluid\">\r\n    <div class=\"row align-items-center\">\r\n    <div class=\"col-12 col-lg-8\">\r\n        <h1>Mod\u00e8le de lettre de mise en demeure<\/h1>\r\n<strong>Article r\u00e9dig\u00e9 par <a href=\"\/fr\/a-propos-de-nous\/contributeurs#anthony-michael\" title=\"Auteur : Anthony Michael\">Anthony Michael<\/a><\/strong>\r\n        <div style=\"margin-top:48px;\"><p class=\"pb-4\" style=\"margin-top:-24px\">Mis \u00e0 jour le 17&nbsp;avril&nbsp;2026<\/p><\/div>\r\n    <\/div>\r\n    <\/div>\r\n\r\n    <div class=\"row\">\r\n    <div class=\"col-lg-8\">\r\n        <p class=\"display-4\">Quelqu\u2019un vous doit de l\u2019argent, mais ne vous paie pas? Vous avez embauch\u00e9 un entrepreneur qui n\u2019a pas fini un projet? Votre nouvelle habitation a un <a href=\"https:\/\/acqc.ca\/fr\/vicecache\" title=\"Vice cach\u00e9\" rel=\"noopener noreferrer\" target=\"_blank\">vice cach\u00e9<\/a>?<\/p>\r\n        <p class=\"display-4\">S\u2019il en est ainsi, il est possible que vous deviez r\u00e9diger une lettre de mise en demeure. Vous trouverez ici un mod\u00e8le de lettre de mise en demeure t\u00e9l\u00e9chargeable comme point de d\u00e9part. Vous trouverez \u00e9galement un r\u00e9capitulatif sur la r\u00e9daction d\u2019une lettre de mise en demeure et quand vous en servir.<\/p>\r\n        <a class=\"btn btn-primary forward-arrow\" href=\"https:\/\/cdn.squareone.ca\/wp-content\/uploads\/2022\/10\/26164553\/modele-lettre-mise-en-demeure_fr.docx\" rel=\"noopener noreferrer\">T\u00e9l\u00e9charger le mod\u00e8le<\/a>\r\n\t\t\r\n    <\/div>\r\n\r\n    <div class=\"col-lg-3 offset-lg-1\">\r\n        <p class=\"mb-2 display-4 pt-4 pt-lg-0 pt-mb-0\"><strong>Th\u00e8mes<\/strong><\/p>\r\n        <ul class=\"list-unstyled link-list display-4\">\r\n            <li><a href=\"#what-is\">Qu\u2019est-ce qu\u2019une lettre de mise en demeure?<\/a><\/li>\r\n            <li><a href=\"#appropriate\">Dans quelle situation doit-on r\u00e9diger une lettre de mise en demeure?<\/a><\/li>\r\n            <li><a href=\"#who\">Qui peut r\u00e9diger une lettre de mise en demeure?<\/a><\/li>\r\n            <li><a href=\"#info\">Quelles donn\u00e9es devraient figurer sur une lettre de renouvellement de bail?<\/a><\/li>\r\n            <li><a href=\"#send\">Comment envoyer une lettre de mise en demeure<\/a><\/li>\r\n\t\t\t<li><a href=\"#sample\">\u00c9chantillon<\/a><\/li>\r\n            <li><a href=\"#faq\">Questions fr\u00e9quemment pos\u00e9es<\/a><\/li>\r\n        <\/ul>\r\n    <\/div>\r\n    <\/div>  \r\n    <\/div>\r\n    <\/div>\r\n    <div class=\"bg-bottom\"><\/div>\r\n<\/section>\r\n<section>\r\n    <div class=\"container-fluid py-6\">\r\n    <div class=\"row\">\r\n    <div class=\"col-12 col-lg-8\">\r\n\t\t<h2 id=\"what-is\">Qu\u2019est-ce qu\u2019une lettre de mise en demeure?<\/h2>\r\n        <p>Une lettre de mise en demeure (ou \u00ab&nbsp;lettre d\u2019avocat&nbsp;\u00bb) est un document ayant pour objet de r\u00e9soudre une dispute au sujet d\u2019un paiement ou d\u2019une obligation d\u2019une partie \u00e0 une autre. La mise en demeure stipule le moyen et l\u2019\u00e9ch\u00e9ancier de la revendication. Il s\u2019agit d\u2019une mani\u00e8re de r\u00e9soudre une dispute sans avoir recours au tribunal. Pour certaines poursuites, une mise en demeure est requise.<\/p>\r\n        <p>Dans le cas de vice cach\u00e9, le plaignant doit donner au d\u00e9fendeur un avis \u00e9crit avant d\u2019envoyer une lettre de mise en demeure.<\/p>\r\n\r\n        <h2 id=\"appropriate\">Dans quelle situation doit-on r\u00e9diger une lettre de mise en demeure?<\/h2>\r\n        <p>Si un tiers qui vous doit un paiement ou un service refuse de payer ou de fournir un service, vous pouvez r\u00e9diger une lettre de mise en demeure. La lettre revendique un paiement ou la r\u00e9alisation d\u2019un service.<\/p>\r\n        <p>Vous pouvez \u00e9galement r\u00e9diger une lettre de mise en demeure si quelqu\u2019un vous doit de l\u2019argent pour avoir endommag\u00e9 votre propri\u00e9t\u00e9, par exemple. Peut-\u00eatre, vous avez pay\u00e9 un entrepreneur pour r\u00e9nover votre cuisine et celui-ci n\u2019a pas termin\u00e9 le projet.<\/p>\r\n\r\n        <h2 id=\"who\">Qui peut r\u00e9diger une lettre de mise en demeure?<\/h2>\r\n        <p>Bien que vous puissiez r\u00e9diger votre propre lettre, une lettre envoy\u00e9e par un cabinet d\u2019avocats a plus de poids, surtout si le litige est compliqu\u00e9 ou comprend des sommes importantes. Un avocat peut \u00e9galement faire appel \u00e0 son exp\u00e9rience juridique pour s\u2019assurer que la lettre comprend tous les aspects pertinents.<\/p>\r\n        <p>Peu importe le r\u00e9dacteur de la lettre, elle doit \u00eatre envoy\u00e9e par la poste recommand\u00e9e. Il faut \u00e9galement conserver une copie du document, ainsi que la confirmation de la livraison afin de prouver que le destinataire ait re\u00e7u la mise en demeure.<\/p>\r\n\t<\/div>\r\n\t<\/div>\r\n\t<\/div>\r\n<\/section>\r\n\r\n\t<section class=\"bg-transparent\">\n\t\t<img decoding=\"async\" src=\"\/sales\/images\/bgs\/bg-mid-page-cta-general-top.svg\" style=\"width: 100%; vertical-align: bottom; position: relative; top: 1px\"\/>\n\t\t\n\t\t<div class=\"bg-darkTeal py-3\">\t\t\t\n\t\t\t<div class=\"container-fluid\">\n\t\t\t\t<div class=\"row d-flex align-items-center pb-5\">\n\t\t\t\t\t<div class=\"col-12 col-md-8 offset-md-2 px-lg-5 pb-5 pb-lg-0\">\n\t\t\t\t\t\t<div class=\"h6 mb-4 text-primary text-uppercase text-center\">\n\t\t\t\t\t\t\tCela ne prend que 5\u00a0minutes \n\t\t\t\t\t\t<\/div>\t\t\n\t\t\t\t\t\t\t\t\t\t\t\n\t\t\t\t\t\t<p class=\"lead px-lg-5 text-white\">\n\t\t\t\t\t\t\t<strong class=\"d-inline-block text-uc-first\">Pr\u00eat \u00e0 obtenir une soumission en ligne? <\/strong> Votre temps est aussi important que vos possessions. Obtenez une soummision en assurance habitation en 5 minutes. C\u2019est moins de temps qu\u2019il n\u2019en faut pour faire la file pour un caf\u00e9.\n\t\t\t\t\t\t<\/p>\t\t\t\n\t\n\t\t\t\t\t\t<div id=\"sq1-qw-1bec61e9a861\" class=\"sq1-quote-widget mb-4 text-white\" data-quote-widget-type=\"HOME\" data-has-custom-text=\"true\">\n\t\t\t\t\t\t\t<div class=\"input-group input-group-focus-within bg-white my-4\">\n\t\t\t\t\t\t\t\t<div>\n\t\t\t\t\t\t\t\t\t<div class=\"input-group-text\">\n\t\t\t\t\t\t\t\t\t\t<i class=\"fa fa-map-marker d-block text-black\"><\/i>\n\t\t\t\t\t\t\t\t\t<\/div>\n\t\t\t\t\t\t\t\t<\/div>\n\t\t\t\t\t\t\t\t<input type=\"text\" class=\"form-control\" style=\"padding: 10px;\" placeholder=\"Enter an address\" aria-label=\"Inscrivez votre adresse pour obtenir une soumission\"\/>\n\t\t\t\t\t\t\t\t<div>\n\t\t\t\t\t\t\t\t\t<button class=\"btn btn-primary\">Obtenir une soumission en ligne d\u00e8s maintenant<\/button>\n\t\t\t\t\t\t\t\t<\/div>\n\t\t\t\t\t\t\t<\/div>\n\t\t\t\t\t\t<\/div>\n\t\t\t\t\t\t\n\t\t\t\t\t\t<p class=\"small text-white\">Avant de commencer, veuillez lire notre <a href=\"https:\/\/www.squareone.ca\/fr\/politique-confidentialite\" target=\"_blank\" rel=\"noreferrer noopener\">Politique de confidentialit\u00e9<\/a> et nos <a href=\"https:\/\/www.squareone.ca\/fr\/conditions-utilisation\" target=\"_blank\" rel=\"noreferrer noopener\">Conditions d\u2019utilisation<\/a>.<\/p>\t\n\t\n\t\t\t\t\t\t<script type=\"text\/javascript\">\n\t\t\t\t\t\t(function() {\n\t\t\t\t\t\t\tdocument.addEventListener('soiMiscJsLoaded', function() {\n\t\t\t\t\t\t        $(document).ready(function() {\n\t\t\t\t\t\t\t\t\tsoiQuoteWidget.processFormWidget('\/sales\/index.php\/json_quote_widget?rand=' +Math.random(), 'qwContainer'); \/\/populate quoting widget with content from symfony.\n\t\t\t\t\t\t\t\t});\n\t\t\t\t\t\t\t});\n\t\t\t\t\t\t})();\n\t\t\t\t\t\t<\/script>\n\t\t\t\t\t<\/div>\n\t\t\t\t<\/div>\n\t\t\t<\/div>\n\t\t<\/div>\n\t\t\n\t\t<img decoding=\"async\" src=\"\/sales\/images\/bgs\/bg-mid-page-cta-general-bottom.svg\" style=\"width: 100%; vertical-align: top\"\/>\t\t\n\t<\/section>\r\n\r\n<section>\r\n\t<div class=\"container-fluid py-6\">\r\n\t<div class=\"row\">\r\n\t<div class=\"col-12 col-lg-8\">\r\n        h2 id=\u00a0\u00bbinfo\u00a0\u00bb>Quelle information devrait-on inclure dans une lettre de mise en demeure?<\/h2>\r\n        <p>Une lettre de mise en demeure devrait comprendre l\u2019information suivante&nbsp;: <\/p>\r\n        <ul>\r\n            <li>La date, et le nom et l\u2019adresse du plaignant<\/li>\r\n            <li>Le nom et l\u2019adresse du destinataire<\/li>\r\n            <li>L\u2019en-t\u00eate \u00ab&nbsp;sous toutes r\u00e9serves&nbsp;\u00bb, qui vous prot\u00e8ge en ce qui concerne les d\u00e9clarations que vous faites dans la lettre et qui vous permet d\u2019ajouter de l\u2019information ou des d\u00e9tails si le litige finit au tribunal<\/li>\r\n            <li>La phrase \u00ab&nbsp;mise en demeure&nbsp;\u00bb pour que le destinataire soit conscient de son importance<\/li>\r\n            <li>La phrase \u00ab&nbsp;avis de paiement en souffrance&nbsp;\u00bb<\/li>\r\n            <li>Le mode d\u2019envoi de la lettre (\u00ab&nbsp;par huissier&nbsp;\u00bb, \u00ab&nbsp;lettre recommand\u00e9e&nbsp;\u00bb)<\/li>\r\n            <li>Un r\u00e9sum\u00e9 du litige, y compris les dates<\/li>\r\n            <li>La revendication du plaignant<\/li>\r\n            <li>Les options de r\u00e9ponse pour le d\u00e9fendeur<\/li>\r\n            <li>Un \u00e9ch\u00e9ancier pour r\u00e9gler la dispute (une p\u00e9riode de 10&nbsp;jours est raisonnable)<\/li>\r\n            <li>Les coordonn\u00e9es et la signature du plaignant<\/li>\r\n        <\/ul>\r\n        <p>Employez un ton poli et respectueux dans la lettre&nbsp;: une lettre agressive et mena\u00e7ante ne vous aidera pas \u00e0 r\u00e9soudre le probl\u00e8me. En outre, il faut que l\u2019information fournie dans la lettre soit exacte et sans pr\u00e9somptions sans fondement&nbsp;: la lettre pourrait \u00eatre utilis\u00e9e contre vous au tribunal! Ne demandez pas plus de ce que le d\u00e9fendeur vous doit.<\/p>\r\n        <h2 id=\"send\">Comment envoyer une lettre de mise en demeure?<\/h2>\r\n        <p>La m\u00e9thode d\u2019envoi de la lettre n\u2019a pas d\u2019importance, pourvu que vous puissiez prouver que l\u2019autre partie l\u2019a re\u00e7ue. La m\u00e9thode d\u2019envoi la plus courante est la poste recommand\u00e9e, mais vous pouvez \u00e9galement envoyer la lettre par huissier, par courriel ou en personne.<\/p>\r\n        <p>Si vous livrez la lettre en personne, assurez-vous que le destinataire accuse r\u00e9ception de la lettre en signant le document. Vous pouvez \u00e9galement livrer la lettre accompagn\u00e9 d\u2019un t\u00e9moin.<\/p>\r\n\t\t<h2 id=\"sample\">\u00c9chantillon de lettre de mise en demeure<\/h2>\r\n        <a href=\"https:\/\/cdn.squareone.ca\/wp-content\/uploads\/2022\/10\/26165008\/modele-lettre-mise-en-demeure_apercu_fr.png\" target=\"_blank\" rel=\"noopener noreferrer\"><img decoding=\"async\" src=\"https:\/\/cdn.squareone.ca\/wp-content\/uploads\/2022\/10\/26165008\/modele-lettre-mise-en-demeure_apercu_fr.png\" alt=\"Aper\u00e7u de mod\u00e8le de lettre de mise en demeure\" width=\"450\" class=\"img-fluid border\" rel=\"noopener noreferrer\" \/><\/a>\r\n\t\t<br \/>\r\n\t\t<br \/>\r\n        <h2 id=\"faq\">Questions fr\u00e9quemment pos\u00e9es<\/h2>\r\n        <h3>Combien co\u00fbte une lettre de mise en demeure?<\/h3>\r\n        <p>Si vous r\u00e9digez la lettre vous-m\u00eame, vous allez payer 20&nbsp;$ environ pour les frais d\u2019affranchissement et administratifs. G\u00e9n\u00e9ralement, les frais d\u2019avocat sont au moins 160&nbsp;$. Remarquez que vous ne pouvez pas recouvrer ces frais, m\u00eame si vous avez gain de cause.<\/p>\r\n\r\n        <h3>Qu\u2019est-ce qui se passe apr\u00e8s l\u2019envoi de la lettre?<\/h3>\r\n        <p>Une fois que vous aurez pr\u00e9par\u00e9 et envoy\u00e9 la lettre de mise en demeure, il y a quelques issues possibles&nbsp;:<\/p>\r\n        <ol>\r\n            <li><strong>Votre demande est respect\u00e9e.<\/strong> L\u2019autre partie accepte votre demande et vous paie.<\/li>\r\n            <li><strong>L\u2019autre partie propose une contre-offre.<\/strong> L\u2019autre partie propose un paiement partiel. Vous n\u2019\u00eates pas oblig\u00e9 d\u2019accepter la contre-offre et vous pouvez pr\u00e9senter une contre-offre \u00e0 votre tour.<\/li>\r\n            <li><strong>La demande est refus\u00e9e.<\/strong> L\u2019autre partie refuse de payer ou de fournir le service. Dans ce cas, vous n\u2019avez pas d\u2019autre choix que d\u2019intenter une poursuite.<\/li>\r\n        <\/ol>\r\n\t\t\r\n\t\t<h3>Que faire si vous recevez une lettre de mise en demeure de quelqu\u2019un d\u2019autre?<\/h3>\r\n        <p>Il ne faut pas l\u2019ignorer. Si vous ne r\u00e9pondez pas dans le d\u00e9lai imparti, l&rsquo;autre partie pourrait engager une action en justice \u00e0 votre encontre.<\/p>\r\n\t\t<p>Lisez attentivement la lettre et assurez-vous de bien comprendre la nature de la revendication. Si vous estimez que la revendication est fond\u00e9e, la solution la plus simple consiste \u00e0 donner suite \u00e0 la demande dans le d\u00e9lai imparti. Si vous estimez que la demande m\u00e9rite d&rsquo;\u00eatre contest\u00e9e, vous pouvez r\u00e9pondre par un m\u00e9moire en d\u00e9fense, faire une contre-proposition ou demander un avis juridique avant de r\u00e9pondre.<\/p>\r\n\t\t\r\n\t<p><strong>Recherchez-vous des mod\u00e8les de documents plus pratiques?<\/strong> Consultez notre <a href=\"\/fr\/centres-ressources\/modele\" title=\"Centre de ressources : mod\u00e8les de documents\">Centre de ressources&nbsp;mod\u00e8les de documents<\/a> o\u00f9 vous trouverez des mod\u00e8les pr\u00eats \u00e0 utiliser pour une gamme de documents importants. N\u2019oubliez pas <a href=\"\/fr\/soumission-assurance-habitation-en-ligne\" title=\"Obtenir une soumission en ligne\">d\u2019obtenir une soumission en ligne<\/a> en moins de 5&nbsp;minutes et d\u00e9couvrez jusqu\u2019\u00e0 quel point l\u2019assurance habitation personnalis\u00e9e est abordable.<\/p>\r\n\t\r\n\t<\/div>\r\n    <\/div>\r\n\t<\/div>\r\n\t\r\n<\/section>\r\n\r\n<script type=\"application\/ld+json\">\r\n{\r\n  \"@context\": \"https:\/\/schema.org\",\r\n  \"@type\": \"WebPage\",\r\n  \"mainEntityOfPage\": {\r\n    \"@type\": \"Article\",\r\n    \"@id\": \"https:\/\/www.squareone.ca\/fr\/centres-ressources\/modele\/lettre-mise-en-demeure\"\r\n  },\r\n  \"author\": [\r\n    {\r\n      \"@type\": \"Person\",\r\n      \"name\": \"Anthony Michael\",\r\n      \"url\": \"https:\/\/www.squareone.ca\/fr\/a-propos-de-nous\/collaborateurs#anthony-michael\"\r\n    }\r\n  ],\r\n  \"headline\": \"Mod\u00e8le de lettre de mise en demeure\",\r\n  \"datePublished\": \"\",\r\n  \"dateModified\": \"\",\r\n  \"inLanguage\": \"fr-CA\",\r\n  \"isAccessibleForFree\": true\r\n}\r\n<\/script>\r\n<script type=\"application\/ld+json\">\r\n{\r\n  \"@context\": \"https:\/\/schema.org\",\r\n  \"@type\": \"FAQPage\",\r\n  \"mainEntity\": [{\r\n    \"@type\": \"Question\",\r\n    \"name\": \"Combien co\u00fbte une lettre de mise en demeure?\",\r\n    \"acceptedAnswer\": {\r\n      \"@type\": \"Answer\",\r\n      \"text\": \"Si vous r\u00e9digez la lettre vous-m\u00eame, vous allez payer 20&nbsp;$ environ pour les frais d\u2019affranchissement et administratifs. G\u00e9n\u00e9ralement, les frais d\u2019avocat sont au moins 160&nbsp;$. Remarquez que vous ne pouvez pas recouvrer ces frais, m\u00eame si vous avez gain de cause.\"\r\n    }\r\n  },\r\n  {\r\n    \"@type\": \"Question\",\r\n    \"name\": \"Qu\u2019est-ce qui se passe apr\u00e8s l\u2019envoi de la lettre?\",\r\n    \"acceptedAnswer\": {\r\n      \"@type\": \"Answer\",\r\n      \"text\": \"Une fois que vous aurez pr\u00e9par\u00e9 et envoy\u00e9 la lettre de mise en demeure, il y a quelques issues possibles : Votre demande est respect\u00e9e. L\u2019autre partie accepte votre demande et vous paie. L\u2019autre partie propose une contre-offre. L\u2019autre partie propose un paiement partiel. Vous n\u2019\u00eates pas oblig\u00e9 d\u2019accepter la contre-offre et vous pouvez pr\u00e9senter une contre-offre \u00e0 votre tour. La demande est refus\u00e9e. L\u2019autre partie refuse de payer ou de fournir le service. Dans ce cas, vous n\u2019avez pas d\u2019autre choix que d\u2019intenter une poursuite.\"\r\n    }\r\n  },\r\n  {\r\n    \"@type\": \"Question\",\r\n    \"name\": \"Que faire si vous recevez une lettre de mise en demeure de quelqu\u2019un d\u2019autre\",\r\n    \"acceptedAnswer\": {\r\n      \"@type\": \"Answer\",\r\n      \"text\": \"Pas besoin de les assurer. Si vous ne r\u00e9pondez pas dans le d\u00e9lai imparti, l'autre partie pourrait engager une action en justice \u00e0 votre encontre. Lisez attentivement la lettre et assurez-vous de bien comprendre la nature de la revendication. Si vous estimez que la revendication est fond\u00e9e, la solution la plus simple consiste \u00e0 donner suite \u00e0 la demande dans le d\u00e9lai imparti. Si vous estimez que la demande m\u00e9rite d'\u00eatre contest\u00e9e, vous pouvez r\u00e9pondre par un m\u00e9moire en d\u00e9fense, faire une contre-proposition ou demander un avis juridique avant de r\u00e9pondre.\"\r\n    }\t\r\n  }]\r\n}\r\n<\/script>\r\n","protected":false},"excerpt":{"rendered":"<p>Mod\u00e8le de lettre de mise en demeure Quelqu\u2019un vous doit de l\u2019argent, mais ne vous paie pas? Vous avez embauch\u00e9 un entrepreneur qui n\u2019a pas fini un projet? Votre nouvelle habitation a un vice cach\u00e9? S\u2019il en est ainsi, il est possible que vous deviez r\u00e9diger une lettre de mise en demeure. Vous trouverez ici [&hellip;]<\/p>\n","protected":false},"author":11,"featured_media":60788,"parent":60687,"menu_order":0,"comment_status":"closed","ping_status":"closed","template":"page-article-new.php","meta":{"_acf_changed":false,"footnotes":""},"class_list":["post-60787","page","type-page","status-publish","has-post-thumbnail","hentry"],"acf":[],"_links":{"self":[{"href":"https:\/\/www.squareone.ca\/fr\/wp-json\/wp\/v2\/pages\/60787","targetHints":{"allow":["GET"]}}],"collection":[{"href":"https:\/\/www.squareone.ca\/fr\/wp-json\/wp\/v2\/pages"}],"about":[{"href":"https:\/\/www.squareone.ca\/fr\/wp-json\/wp\/v2\/types\/page"}],"author":[{"embeddable":true,"href":"https:\/\/www.squareone.ca\/fr\/wp-json\/wp\/v2\/users\/11"}],"replies":[{"embeddable":true,"href":"https:\/\/www.squareone.ca\/fr\/wp-json\/wp\/v2\/comments?post=60787"}],"version-history":[{"count":7,"href":"https:\/\/www.squareone.ca\/fr\/wp-json\/wp\/v2\/pages\/60787\/revisions"}],"predecessor-version":[{"id":78958,"href":"https:\/\/www.squareone.ca\/fr\/wp-json\/wp\/v2\/pages\/60787\/revisions\/78958"}],"up":[{"embeddable":true,"href":"https:\/\/www.squareone.ca\/fr\/wp-json\/wp\/v2\/pages\/60687"}],"wp:featuredmedia":[{"embeddable":true,"href":"https:\/\/www.squareone.ca\/fr\/wp-json\/wp\/v2\/media\/60788"}],"wp:attachment":[{"href":"https:\/\/www.squareone.ca\/fr\/wp-json\/wp\/v2\/media?parent=60787"}],"curies":[{"name":"wp","href":"https:\/\/api.w.org\/{rel}","templated":true}]}}