{"id":60796,"date":"2022-11-01T12:13:15","date_gmt":"2022-11-01T19:13:15","guid":{"rendered":"https:\/\/www.squareone.ca\/centres-ressources\/ressources-modele\/lettre-recommandation-locataire"},"modified":"2026-04-17T16:14:29","modified_gmt":"2026-04-17T23:14:29","slug":"lettre-recommandation-locataire","status":"publish","type":"page","link":"https:\/\/www.squareone.ca\/fr\/centres-ressources\/modele\/lettre-recommandation-locataire","title":{"rendered":"Mod\u00e8le de lettre de recommandation de locataire"},"content":{"rendered":"<section id='intro' class=\"bg-shape-split bg-sub-page-hero\">\r\n    <div class=\"bg-position\">\r\n    <div class=\"container-fluid\">\r\n    <div class=\"row align-items-center\">\r\n    <div class=\"col-12 col-lg-8\">\r\n        <h1>Mod\u00e8le de lettre de recommandation de locataire<\/h1>\r\n<strong>Article r\u00e9dig\u00e9 par <a href=\"\/fr\/a-propos-de-nous\/contributeurs#anthony-michael\" title=\"Auteur : Anthony Michael\">Anthony Michael<\/a><\/strong>\r\n        <div style=\"margin-top:48px;\"><p class=\"pb-4\" style=\"margin-top:-24px\">Mis \u00e0 jour le 17&nbsp;avril&nbsp;2026<\/p><\/div>\r\n    <\/div>\r\n    <\/div>\r\n\r\n    <div class=\"row\">\r\n    <div class=\"col-lg-8\">\r\n        <p class=\"display-4\">Dans cet article, vous trouverez un mod\u00e8le de lettre de recommandation de locataire t\u00e9l\u00e9chargeable. En outre, vous d\u00e9couvrirez comment r\u00e9diger une lettre de recommandation de locataire, la raison pour laquelle celle-ci est n\u00e9cessaire, comment recommander un locataire et l\u2019information \u00e0 indiquer dans la lettre.<\/p>\r\n        <p class=\"display-4\">Que vous soyez propri\u00e9taire n\u00e9ophyte ou chevronn\u00e9, vous recevrez \u00e0 un moment donn\u00e9 une demande de recommandation de la part de l\u2019un de vos anciens locataires. Muni de l\u2019information sur cette page, vous pourrez r\u00e9diger une lettre de recommandation impeccable (ou au moins remplir le mod\u00e8le correctement).<\/p>\r\n\t\t<a class=\"btn btn-primary forward-arrow\" href=\"https:\/\/www.squareone.ca\/wp-content\/uploads\/2022\/10\/modele-lettre-recommandation-locataire_fr.docx\" rel=\"noopener noreferrer\">T\u00e9l\u00e9charger le mod\u00e8le<\/a>\r\n    <\/div>\r\n\r\n    <div class=\"col-lg-3 offset-lg-1\">\r\n        <p class=\"mb-2 display-4 pt-4 pt-lg-0 pt-mb-0\"><strong>Th\u00e8mes<\/strong><\/p>\r\n        <ul class=\"list-unstyled link-list display-4\">\r\n            <li><a href=\"#how\">Comment fournir une lettre de recommandation de locataire<\/a><\/li>\r\n            <li><a href=\"#why-needed\">Pourquoi a-t-on besoin d\u2019une lettre de recommandation de locataire<\/a><\/li>\r\n            <li><a href=\"#info\">Quelles donn\u00e9es devraient figurer sur une lettre de renouvellement de bail?<\/a><\/li>\r\n\t\t\t<li><a href=\"#best-practices\">Pratiques exemplaires<\/a><\/li>\r\n\t\t\t<li><a href=\"#sample\">\u00c9chantillon<\/a><\/li>\r\n            <li><a href=\"#faq\">Questions fr\u00e9quemment pos\u00e9es<\/a><\/li>\r\n        <\/ul>\r\n    <\/div>\r\n    <\/div>  \r\n    <\/div>\r\n    <\/div>\r\n    <div class=\"bg-bottom\"><\/div>\r\n<\/section>\r\n\r\n<section>\r\n\t<div class=\"container-fluid py-6\">\r\n\t<div class=\"row\">\r\n\t<div class=\"col-12 col-lg-8\">\r\n\r\n\t\t<h2 id=\"how\">Comment fournir une recommandation de locataire?<\/h2>\r\n        <p>Il est possible que le futur propri\u00e9taire bailleur de votre ancien locataire communique avec vous au t\u00e9l\u00e9phone ou par courriel afin de vous poser quelques questions au sujet de l\u2019histoire du locataire sous votre toit. Dans le m\u00eame ordre d\u2019id\u00e9es, le locataire peut vous demander une lettre de recommandation dans le cadre de sa demande de location.<\/p>\r\n\r\n        <h2 id=\"why-needed\">Pourquoi a-t-on besoin d\u2019une lettre de recommandation de locataire?<\/h2>\r\n        <p>Un ancien locataire peut vous demander de r\u00e9diger une lettre de recommandation dans le cadre de sa demande de location. La lettre aide \u00e0 d\u00e9montrer que le locataire est responsable, tranquille et qu\u2019il paie le loyer \u00e0 temps, des qualit\u00e9s que s\u00e9duiraient tout propri\u00e9taire bailleur. De plus, une lettre de recommandation confirme la p\u00e9riode du contrat de bail du locataire chez l\u2019ancien propri\u00e9taire bailleur.<\/p>\r\n        \r\n\t\th2 id=\u00a0\u00bbinfo\u00a0\u00bb>Quelle information devrait-on inclure dans une lettre de recommandation de locataire?<\/h2>\r\n        <p>La lettre devrait inclure le nom du locataire, l\u2019adresse de la propri\u00e9t\u00e9 locative et la p\u00e9riode durant laquelle le locataire occupait la propri\u00e9t\u00e9 locative.<\/p>\r\n        <p>En plus de l\u2019information de base, le propri\u00e9taire bailleur devrait inclure les renseignements suivants&nbsp;:<\/p>\r\n        <ul>\r\n            <li>Si le locataire r\u00e9glait le loyer \u00e0 temps<\/li>\r\n            <li>Si le locataire gardait l\u2019unit\u00e9 bien rang\u00e9e<\/li>\r\n            <li>Si le locataire est contrevenu \u00e0 aucune des conditions du contrat de bail<\/li>\r\n            <li>Si le locataire avait des animaux de compagnie et si ces animaux pr\u00e9sentaient des probl\u00e8mes<\/li>\r\n            <li>Si le locataire est fumeur<\/li>\r\n        <\/ul>\r\n        \r\n\t\t<h2 id=\"best-practices\">Pratiques exemplaires pour r\u00e9diger une recommandation de locataire<\/h2>\r\n\t\t<p>Assurez-vous que l\u2019information dans la lettre est pertinente et factuelle; \u00e9vitez d\u2019exprimer des opinions ou des sentiments au sujet du locataire. Par exemple, si le locataire r\u00e9glait le loyer en retard, vous pouvez le mentionnez, mais ne le traitez pas de bon \u00e0 rien.<\/p>\r\n\t\t<p>Voici une liste de choses \u00e0 faire et \u00e0 ne pas faire&nbsp;:<\/p>\r\n\t\t<p><b>\u00c0 faire<\/b><\/p>\r\n\t\t<ul>\r\n            <li>Privil\u00e9gier un ton objective, professionnel et ax\u00e9 sur les aspects de la r\u00e9sidence.<\/li>\r\n\t\t\t<li>Inclure des renseignements qui peuvent \u00eatre v\u00e9rifi\u00e9s ou d\u00e9montr\u00e9s.<\/li>\r\n            <li>R\u00e9fl\u00e9chissez \u00e0 l\u2019importance de tout renseignement n\u00e9gatif avant de l\u2019incure&nbsp;: un incident mineur et isol\u00e9 diff\u00e8re d\u2019un comportement r\u00e9current.<\/li>\r\n        <\/ul>\r\n\t\t<p><b>\u00c0 ne pas faire<\/b><\/p>\r\n\t\t<ul>\r\n            <li>N&rsquo;\u00e9crivez pas de lettre de recommandation \u00e9logieuse pour un locataire qui ne la m\u00e9rite pas, car cela pourrait causer des probl\u00e8mes au prochain propri\u00e9taire bailleur.<\/li>\r\n            <li>Ne divulguez pas spontan\u00e9ment des renseignements personnels ou d\u00e9licats concernant le locataire qui ne sont pas pertinentes pour la location.<\/li>\r\n            <li>N&rsquo;exag\u00e9rez pas et n&#8217;embellissez pas les faits&nbsp;: une recommandation honn\u00eate a plus de valeur pour toutes les parties qu&rsquo;une recommandation exag\u00e9r\u00e9e.<\/li>\r\n        <\/ul>\r\n\t\t\r\n\t<\/div>\r\n    <\/div>\r\n    <\/div>\r\n<\/section>\r\n\r\n\t<section class=\"bg-transparent\">\n\t\t<img decoding=\"async\" src=\"\/sales\/images\/bgs\/bg-mid-page-cta-general-top.svg\" style=\"width: 100%; vertical-align: bottom; position: relative; top: 1px\"\/>\n\t\t\n\t\t<div class=\"bg-darkTeal py-3\">\t\t\t\n\t\t\t<div class=\"container-fluid\">\n\t\t\t\t<div class=\"row d-flex align-items-center pb-5\">\n\t\t\t\t\t<div class=\"col-12 col-md-8 offset-md-2 px-lg-5 pb-5 pb-lg-0\">\n\t\t\t\t\t\t<div class=\"h6 mb-4 text-primary text-uppercase text-center\">\n\t\t\t\t\t\t\tCela ne prend que 5\u00a0minutes \n\t\t\t\t\t\t<\/div>\t\t\n\t\t\t\t\t\t\t\t\t\t\t\n\t\t\t\t\t\t<p class=\"lead px-lg-5 text-white\">\n\t\t\t\t\t\t\t<strong class=\"d-inline-block text-uc-first\">Pr\u00eat \u00e0 obtenir une soumission en ligne? <\/strong> Votre temps est aussi pr\u00e9cieux que vos possessions. Obtenez une soumission d'assurance habitation en <strong>5 minutes<\/strong>. C\u2019est moins de temps qu\u2019il n\u2019en faut pour faire la file pour un caf\u00e9.\n\t\t\t\t\t\t<\/p>\t\t\t\n\t\n\t\t\t\t\t\t<div id=\"sq1-qw-aff180283eb0\" class=\"sq1-quote-widget mb-4 text-white\" data-quote-widget-type=\"HOME\" data-has-custom-text=\"true\">\n\t\t\t\t\t\t\t<div class=\"input-group input-group-focus-within bg-white my-4\">\n\t\t\t\t\t\t\t\t<div>\n\t\t\t\t\t\t\t\t\t<div class=\"input-group-text\">\n\t\t\t\t\t\t\t\t\t\t<i class=\"fa fa-map-marker d-block text-black\"><\/i>\n\t\t\t\t\t\t\t\t\t<\/div>\n\t\t\t\t\t\t\t\t<\/div>\n\t\t\t\t\t\t\t\t<input type=\"text\" class=\"form-control\" style=\"padding: 10px;\" placeholder=\"Enter an address\" aria-label=\"Inscrivez votre adresse pour obtenir une soumission\"\/>\n\t\t\t\t\t\t\t\t<div>\n\t\t\t\t\t\t\t\t\t<button class=\"btn btn-primary\">Obtenir une soumission en ligne d\u00e8s maintenant<\/button>\n\t\t\t\t\t\t\t\t<\/div>\n\t\t\t\t\t\t\t<\/div>\n\t\t\t\t\t\t<\/div>\n\t\t\t\t\t\t\n\t\t\t\t\t\t<p class=\"small text-white\">Avant de commencer, veuillez lire notre <a href=\"https:\/\/www.squareone.ca\/fr\/politique-confidentialite\" target=\"_blank\" rel=\"noreferrer noopener\">Politique de confidentialit\u00e9<\/a> et nos <a href=\"https:\/\/www.squareone.ca\/fr\/conditions-utilisation\" target=\"_blank\" rel=\"noreferrer noopener\">Conditions d\u2019utilisation<\/a>.<\/p>\t\n\t\n\t\t\t\t\t\t<script type=\"text\/javascript\">\n\t\t\t\t\t\t(function() {\n\t\t\t\t\t\t\tdocument.addEventListener('soiMiscJsLoaded', function() {\n\t\t\t\t\t\t        $(document).ready(function() {\n\t\t\t\t\t\t\t\t\tsoiQuoteWidget.processFormWidget('\/sales\/index.php\/json_quote_widget?rand=' +Math.random(), 'qwContainer'); \/\/populate quoting widget with content from symfony.\n\t\t\t\t\t\t\t\t});\n\t\t\t\t\t\t\t});\n\t\t\t\t\t\t})();\n\t\t\t\t\t\t<\/script>\n\t\t\t\t\t<\/div>\n\t\t\t\t<\/div>\n\t\t\t<\/div>\n\t\t<\/div>\n\t\t\n\t\t<img decoding=\"async\" src=\"\/sales\/images\/bgs\/bg-mid-page-cta-general-bottom.svg\" style=\"width: 100%; vertical-align: top\"\/>\t\t\n\t<\/section>\r\n\r\n<section>\r\n    <div class=\"container-fluid py-6\">\r\n    <div class=\"row\">\r\n    <div class=\"col-12 col-lg-8\">\r\n\r\n\t\t<h2 id=\"sample\">\u00c9chantillon de lettre de recommandation de locataire<\/h2>\r\n        <a href=\"https:\/\/cdn.squareone.ca\/wp-content\/uploads\/2022\/10\/26165146\/modele-lettre-recommandation-locataire_apercu_fr.png\" target=\"_blank\" rel=\"noopener noreferrer\"><img decoding=\"async\" src=\"https:\/\/cdn.squareone.ca\/wp-content\/uploads\/2022\/10\/26165146\/modele-lettre-recommandation-locataire_apercu_fr.png\" alt=\"Aper\u00e7u de mod\u00e8le de lettre de recommandation de locataire\" width=\"450\" class=\"img-fluid border\" rel=\"noopener noreferrer\" \/><\/a>\r\n        <br\/>\r\n        <br\/>\r\n\t\t\r\n        <h2 id=\"faq\">Questions fr\u00e9quemment pos\u00e9es<\/h2>\r\n\r\n        <h3>Suis-je oblig\u00e9 de r\u00e9diger une lettre de recommandation de locataire?<\/h3>\r\n        <p>Non. Toutefois, les propri\u00e9taires bailleurs ont tendance \u00e0 fournir une lettre de recommandation, surtout si le locataire \u00e9tait fiable et r\u00e9glait le loyer \u00e0 temps.<\/p>\r\n        <p>En revanche, si le propri\u00e9taire bailleur a v\u00e9cu une exp\u00e9rience n\u00e9gative avec le locataire, il peut refuser de fournir une lettre de recommandation.<\/p>\r\n\r\n        <h3>Si le locataire a eu une dispute avec un voisin, devrais-je le mentionner dans la lettre?<\/h3>\r\n        <p>Pas toujours. Cela d\u00e9pend du contexte.<\/p>\r\n        <p>S\u2019il s\u2019agissait d\u2019un incident isol\u00e9 et r\u00e9solu qui n\u2019a pas autrement influenc\u00e9 la location (le locataire continuait \u00e0 r\u00e9gler le loyer \u00e0 temps, \u00e0 garder l\u2019unit\u00e9 bien rang\u00e9e, etc.), le propri\u00e9taire bailleur n\u2019a pas int\u00e9r\u00eat \u00e0 le mentionner dans la lettre.<\/p>\r\n        <p>Cependant, si le locataire a fait l\u2019objet de nombreuses plaintes l\u00e9gitimes de la part de ses voisins (peut-\u00eatre il <a href=\"\/fr\/centres-ressources\/proprietaire-occupant\/nuisance-de-bruit\" title=\"Comment traiter les plaintes relatives au bruits\">organisait des f\u00eates bruyantes<\/a> ou son chien ne cessait d\u2019aboyer), le propri\u00e9taire bailleur peut le mentionner.<\/p>\r\n\r\n        <h3>Dois-je indiquer le montant du loyer?<\/h3>\r\n        <p>Bien que certains propri\u00e9taires bailleurs indiquent le montant du loyer mensuel dans la lettre, ceci n\u2019est pas obligatoire. Toutefois, si le locataire payait toujours son loyer \u00e0 temps, cette information ne pourrait que renforcer la fiabilit\u00e9 du locataire aux yeux d\u2019un \u00e9ventuel propri\u00e9taire bailleur.<\/p>\r\n\r\n        <p><strong>Recherchez-vous des mod\u00e8les de documents plus pratiques?<\/strong> Consultez notre <a href=\"\/fr\/centres-ressources\/modele\" title=\"Centre de ressources : mod\u00e8les de documents\">Centre de ressources&nbsp;mod\u00e8les de documents<\/a> o\u00f9 vous trouverez des mod\u00e8les pr\u00eats \u00e0 utiliser pour une gamme de documents importants. N\u2019oubliez pas <a href=\"\/fr\/soumission-assurance-habitation-en-ligne\" title=\"Obtenir une soumission en ligne\">d\u2019obtenir une soumission en ligne<\/a> en moins de 5&nbsp;minutes et d\u00e9couvrez jusqu\u2019\u00e0 quel point l\u2019assurance habitation personnalis\u00e9e est abordable.<\/p>\r\n\r\n\t<\/div>\r\n    <\/div>\r\n    <\/div>\r\n<\/section>\r\n<script type=\"application\/ld+json\">\r\n{\r\n  \"@context\": \"https:\/\/schema.org\",\r\n  \"@type\": \"WebPage\",\r\n  \"mainEntityOfPage\": {\r\n    \"@type\": \"Article\",\r\n    \"@id\": \"https:\/\/www.squareone.ca\/fr\/centres-ressource\/modele\/lettre-recommandation-locataire\"\r\n  },\r\n  \"author\": [\r\n    {\r\n      \"@type\": \"Person\",\r\n      \"name\": \"Anthony Michael\",\r\n      \"url\": \"https:\/\/www.squareone.ca\/fr\/a-propos-de-nous\/collaborateurs#anthony-michael\"\r\n    }\r\n  ],\r\n  \"headline\": \"Mod\u00e8le de lettre de recommandation de locataire\",\r\n  \"datePublished\": \"\",\r\n  \"dateModified\": \"\",\r\n  \"inLanguage\": \"fr-CA\",\r\n  \"isAccessibleForFree\": true\r\n}\r\n<\/script>\r\n<script type=\"application\/ld+json\">\r\n{\r\n  \"@context\": \"https:\/\/schema.org\",\r\n  \"@type\": \"FAQPage\",\r\n  \"mainEntity\": [{\r\n    \"@type\": \"Question\",\r\n    \"name\": \"Suis-je oblig\u00e9 de r\u00e9diger une lettre de recommandation de locataire?\",\r\n    \"acceptedAnswer\": {\r\n      \"@type\": \"Answer\",\r\n      \"text\": \"Non. Toutefois, les propri\u00e9taires bailleurs ont tendance \u00e0 fournir une lettre de recommandation, surtout si le locataire \u00e9tait fiable et r\u00e9glait le loyer \u00e0 temps. En revanche, si le propri\u00e9taire bailleur a v\u00e9cu une exp\u00e9rience n\u00e9gative avec le locataire, il peut refuser de fournir une lettre de recommandation.\"\r\n    }\r\n  },{\r\n    \"@type\": \"Question\",\r\n    \"name\": \"Si le locataire a eu une dispute avec un voisin, devrais-je le mentionner dans la lettre?\",\r\n    \"acceptedAnswer\": {\r\n      \"@type\": \"Answer\",\r\n      \"text\": \"Pas toujours. Cela d\u00e9pend du contexte. S\u2019il s\u2019agissait d\u2019un incident isol\u00e9 et r\u00e9solu qui n\u2019a pas autrement influenc\u00e9 la location (le locataire continuait \u00e0 r\u00e9gler le loyer \u00e0 temps, \u00e0 garder l\u2019unit\u00e9 bien rang\u00e9e, etc.), le propri\u00e9taire bailleur n\u2019a pas int\u00e9r\u00eat \u00e0 le mentionner dans la lettre. Cependant, si le locataire a fait l\u2019objet de nombreuses plaintes l\u00e9gitimes de la part de ses voisins (peut-\u00eatre il organisait des f\u00eates bruyantes ou son chien ne cessait d\u2019aboyer), le propri\u00e9taire bailleur peut le mentionner.\"\r\n    }\r\n  },{\r\n    \"@type\": \"Question\",\r\n    \"name\": \"Dois-je indiquer le montant du loyer?\",\r\n    \"acceptedAnswer\": {\r\n      \"@type\": \"Answer\",\r\n      \"text\": \"Bien que certains propri\u00e9taires bailleurs indiquent le montant du loyer mensuel dans la lettre, ceci n\u2019est pas obligatoire. Toutefois, si le locataire payait toujours son loyer \u00e0 temps, cette information ne pourrait que renforcer la fiabilit\u00e9 du locataire aux yeux d\u2019un \u00e9ventuel propri\u00e9taire bailleur.\"\r\n    }\r\n  }]\r\n}\r\n<\/script>\r\n","protected":false},"excerpt":{"rendered":"<p>Mod\u00e8le de lettre de recommandation de locataire Dans cet article, vous trouverez un mod\u00e8le de lettre de recommandation de locataire t\u00e9l\u00e9chargeable. En outre, vous d\u00e9couvrirez comment r\u00e9diger une lettre de recommandation de locataire, la raison pour laquelle celle-ci est n\u00e9cessaire, comment recommander un locataire et l\u2019information \u00e0 indiquer dans la lettre. Que vous soyez propri\u00e9taire [&hellip;]<\/p>\n","protected":false},"author":11,"featured_media":60797,"parent":60687,"menu_order":0,"comment_status":"closed","ping_status":"closed","template":"page-article-new.php","meta":{"_acf_changed":false,"footnotes":""},"class_list":["post-60796","page","type-page","status-publish","has-post-thumbnail","hentry"],"acf":[],"_links":{"self":[{"href":"https:\/\/www.squareone.ca\/fr\/wp-json\/wp\/v2\/pages\/60796","targetHints":{"allow":["GET"]}}],"collection":[{"href":"https:\/\/www.squareone.ca\/fr\/wp-json\/wp\/v2\/pages"}],"about":[{"href":"https:\/\/www.squareone.ca\/fr\/wp-json\/wp\/v2\/types\/page"}],"author":[{"embeddable":true,"href":"https:\/\/www.squareone.ca\/fr\/wp-json\/wp\/v2\/users\/11"}],"replies":[{"embeddable":true,"href":"https:\/\/www.squareone.ca\/fr\/wp-json\/wp\/v2\/comments?post=60796"}],"version-history":[{"count":9,"href":"https:\/\/www.squareone.ca\/fr\/wp-json\/wp\/v2\/pages\/60796\/revisions"}],"predecessor-version":[{"id":78976,"href":"https:\/\/www.squareone.ca\/fr\/wp-json\/wp\/v2\/pages\/60796\/revisions\/78976"}],"up":[{"embeddable":true,"href":"https:\/\/www.squareone.ca\/fr\/wp-json\/wp\/v2\/pages\/60687"}],"wp:featuredmedia":[{"embeddable":true,"href":"https:\/\/www.squareone.ca\/fr\/wp-json\/wp\/v2\/media\/60797"}],"wp:attachment":[{"href":"https:\/\/www.squareone.ca\/fr\/wp-json\/wp\/v2\/media?parent=60796"}],"curies":[{"name":"wp","href":"https:\/\/api.w.org\/{rel}","templated":true}]}}