{"id":60985,"date":"2022-11-15T12:12:39","date_gmt":"2022-11-15T20:12:39","guid":{"rendered":"https:\/\/www.squareone.ca\/chauffage-domicile"},"modified":"2026-01-27T14:28:34","modified_gmt":"2026-01-27T22:28:34","slug":"chauffage-domicile","status":"publish","type":"page","link":"https:\/\/www.squareone.ca\/fr\/centres-ressources\/ameliorations-domiciliaires\/chauffer-efficacement-votre-habitation","title":{"rendered":"Comment chauffer efficacement votre habitation"},"content":{"rendered":"<section id='intro' class=\"bg-shape-split bg-sub-page-hero\">\r\n    <div class=\"bg-position\">\r\n        <div class=\"container-fluid\">\r\n            <div class=\"row align-items-center\">\r\n                <div class=\"col-12 col-lg-8\">\r\n                    <h1>Comment chauffer efficacement votre habitation<\/h1>\r\n                    <strong>Article r\u00e9dig\u00e9 par l'\u00e9quipe de Square One<\/strong>\r\n                    <p><strong>Article \u00e9valu\u00e9 par <a title=\"Expert : George Baral\" href=\"https:\/\/www.squareone.ca\/fr\/a-propos-de-nous\/experts#George%20Baral:~:text=Syst%C3%A8mes-,CVCA,-George%20Baral\">George Baral<\/a><\/strong><\/p> \r\n                    <p class=\"pb-4\" style=\"margin-top:-24px\">Mis \u00e0 jour le 18 ao\u00fbt 2025<\/p>\r\n                <\/div>\r\n            <\/div>\r\n\r\n            <div class=\"row\">\r\n                <div class=\"col-lg-8\">\r\n                    <p class=\"display-4\">Quand les feuilles tombent et la temp\u00e9rature commence \u00e0 baisser, les Qu\u00e9b\u00e9cois sont nombreux \u00e0 r\u00e9gler le thermostat. Mais, il y a plusieurs fa\u00e7ons de rester chaud pendant l\u2019hiver, et certaines mesures peuvent vous aider \u00e0 faire des \u00e9conomies et \u00e0 r\u00e9duire votre impact sur l\u2019environnement. Voici quelques conseils pour am\u00e9liorer votre confort et \u00e9conomiser sur le chauffage cet hiver.<\/p>\r\n                    <p class=\"pt-2\"><img decoding=\"async\" src=\"https:\/\/cdn.squareone.ca\/wp-content\/uploads\/2011\/11\/30071337\/article-warm-e1560372797488.jpg\" alt=\"Une femme assise devant la chemin\u00e9e\" width=\"248px\" class=\"img-fluid\" rel=\"noopener noreferrer\" \/><\/p>\r\n                <\/div>\r\n\r\n                <div class=\"col-lg-3 offset-lg-1\">\r\n                    <p class=\"mb-2 display-4 pt-4 pt-lg-0 pt-mb-0\"><strong>Th\u00e8mes<\/strong><\/p>\r\n                    <ul class=\"list-unstyled link-list display-4\">\r\n                        <li><a href='#Insulate-home'>Isolez votre maison<\/a><\/li>\r\n                        <li><a href='#Insulate-yourself'>Isolez-vous<\/a><\/li>\r\n                        <li><a href='#Windows-doors'>Fen\u00eatres et portes<\/a><\/li>\r\n                        <li><a href='#Furnace'>Fournaise<\/a><\/li>\r\n                        <li><a href='#Thermostat'>Thermostat<\/a><\/li>\r\n                        <li><a href='#Weather-stripping'>Coupe-froid<\/a><\/li>\r\n                        <li><a href='#Fireplace'>Po\u00eale \u00e0 bois<\/a><\/li>\r\n                    <\/ul>\r\n                <\/div>\r\n            <\/div>  \r\n        <\/div>\r\n    <\/div>\r\n    <div class=\"bg-bottom\"><\/div>\r\n<\/section>\r\n\r\n<section>\r\n    <div class=\"container-fluid py-6\">\r\n        <div class=\"row\">\r\n            <div class=\"col-12 col-lg-8\">\r\n\r\n                <div class=\"row pb-6\">\r\n                    <div class=\"col-12\">\r\n                        <div class=\"card review\" style='background-color:#FFE0C9'>\r\n                            <div class=\"card-body\">\r\n                                <p class=\"h3\">L\u2019essentiel<\/p>\r\n                                <ul class='mb-0'>\r\n\t\t\t\t\t\t\t\t\t<li>La bonne isolation et l\u2019\u00e9tanch\u00e9it\u00e9 serr\u00e9e autour des fen\u00eatres et des portes sont essentielles pour un chauffage de domicile efficace.  <\/li>\r\n\t\t\t\t\t\t\t\t\t<li>Une fournaise et un syst\u00e8me de ventilation bien entretenus fonctionneront mieux qu\u2019un syst\u00e8me n\u00e9glig\u00e9.  <\/li>\r\n\t\t\t\t\t\t\t\t\t<li>Le fait de baisser le thermostat de quelques degr\u00e9s, surtout quand il ne fait pas froid, peut consid\u00e9rablement r\u00e9duire la consommation \u00e9nerg\u00e9tique.<\/li>\r\n                                <\/ul>\r\n                            <\/div>\r\n                        <\/div>\r\n                    <\/div>\r\n                <\/div>              \t\r\n\r\n            <h2 id=\"Insulate-home\">Isolez votre maison<\/h2>\r\n\r\n            <p>La bonne isolation conserve l\u2019air chaud \u00e0 l\u2019int\u00e9rieur et emp\u00eache la p\u00e9n\u00e9tration de l\u2019air froid. R\u00e9sultat\u00a0: votre syst\u00e8me de chauffage est plus efficace.<\/p>\r\n\r\n            <ul>\r\n                <li><p>V\u00e9rifiez s\u2019il y a des trous autour des ventilateurs, des conduits d\u2019a\u00e9ration, des tuyaux et des prises \u00e9lectriques. M\u00eame des petites fuites \u00e0 travers les trous de serrure ou des interrupteurs peuvent influencer la temp\u00e9rature de votre domicile. Vous pouvez tester pour des fuites en tenant une bougie allum\u00e9e ou un b\u00e2tonnet d&rsquo;encens pr\u00e8s des portes, fen\u00eatres et autres ouvertures. Si la flamme ou la fum\u00e9e vacille, vous avez d\u00e9couvert un courant d\u2019air. Faites attention aux luminaires encastr\u00e9s, surtout ceux en dessous du grenier. Rebouchez les endroits ou vous trouvez des courants d\u2019air.<\/p><\/li>\r\n\r\n                <li><p>Mettez vos meubles vers le centre de la pi\u00e8ce, \u00e0 l\u2019\u00e9cart des murs ext\u00e9rieur o\u00f9 il faut plus froid. Toutefois, gardez les sofas et les fauteuils \u00e0 l\u2019\u00e9cart des radiateurs ou conduits de chauffage afin que ces meubles n\u2019absorbent pas l\u2019air chaud aux d\u00e9pens du reste de la pi\u00e8ce.<\/p><\/li>\r\n\r\n                <li><p>Lorsque vous <a href=\"https:\/\/www.squareone.ca\/fr\/habitation\/renovation\">r\u00e9novez votre habitation<\/a> ou remplacez les fen\u00eatres, envisagez l\u2019installation des fen\u00eatres \u00e0 basse consommation ou homologu\u00e9es ENERGY STAR. Celles-ci peuvent consid\u00e9rablement r\u00e9duire la perte d\u2019air chaud et aider \u00e0 conserver une temp\u00e9rature int\u00e9rieure confortable.<\/p><\/li>\r\n\r\n                <li><p>Si vous n\u2019isolez pas votre plancher, vous risquez de perdre jusqu\u2019\u00e0 10\u00a0% de l\u2019air chaud d\u2019une pi\u00e8ce. \u00c0 la fois d\u00e9coratifs et pratiques, les petits tapis sur les planchers de bois franc ajoutent de la chaleur et r\u00e9duisent la perte d\u2019air chaud.<\/p><\/li>\r\n\r\n                <li><p>Vous pouvez emp\u00eacher la p\u00e9n\u00e9tration de l\u2019air froid \u00e0 travers les portes ext\u00e9rieurs \u00e0 l\u2019aide d\u2019un <a href=\"https:\/\/economisezlenergie.ca\/Astuces-et-Conseils\/Comment-calfeutrer-vos-portes-et-fenetres\">coupe-froid<\/a> ou coupe-bise. Ces outils simples bloquent l\u2019air froid et conserve l\u2019air chaud \u00e0 l\u2019int\u00e9rieur.<\/p><\/li>\r\n\t\t\t\t\r\n\t\t\t\t<li><p>Si vous trouvez que le grenier ou le sous-sol est particuli\u00e8rement froid, vous pouvez y ajouter de l\u2019isolation pour am\u00e9liorer la r\u00e9tention de l\u2019air chaud.<\/p><\/li>\r\n            <\/ul>\r\n\r\n\r\n            <h2 id=\"Insulate-yourself\">Isolez-vous<\/h2>\r\n            <ul>\r\n                <li><p>Au lieu de monter le thermostat, habillez-vous chaudement (un chandail et des pantoufles). Une <a href=\"https:\/\/www.canadiantire.ca\/fr\/pdp\/couverture-surdimensionnee-a-porter-the-comfy-original-adulte-4991414p.html\">couverture portable \u00e0 manches<\/a> est une option plus confortable pour relaxer \u00e0 la maison.<\/p><\/li>\r\n\r\n                <li><p>Au lieu de chauffer votre chambre \u00e0 coucher enti\u00e8re, chauffez votre lit \u00e0 l\u2019aide d\u2019une couverture \u00e9lectrique. Dans le m\u00eame ordre d\u2019id\u00e9es, une couette de duvet peut vous r\u00e9chauffer le corps en hiver.<\/p><\/li>\r\n            <\/ul>\r\n\r\n\r\n            <h2 id=\"Windows-doors\">Fen\u00eatres et portes<\/h2>\r\n            <ul>\r\n\t\t\t\t<li>Si vous avez des fen\u00eatres \u00e0 simple vitrage, vous pouvez passer \u00e0 des fen\u00eatres \u00e0 double vitrage ou \u00e0 des fen\u00eatres homologu\u00e9es ENERGY STAR. Non seulement cela am\u00e9liore l\u2019isolation, mais les fen\u00eatres \u00e0 double vitrage aident \u00e0 r\u00e9duire le bruit de l\u2019ext\u00e9rieur.<\/li>\r\n\t\t\t\t\r\n\t\t\t\t<li>Les rev\u00eatements de fen\u00eatre comme les rideaux et les stores ajoutent une couche suppl\u00e9mentaire d\u2019isolation. Ouvrez les rideaux pendant le jour pour laisser entrer la lumi\u00e8re et tirez-les la nuit pour conserver l\u2019air chaud.<\/li>\r\n\t\t\t\t\r\n\t\t\t\t<li>V\u00e9rifiez s\u2019il y a des ouvertures autour des fen\u00eatres et cadres de porte. Appliquez du mastic ou du bourrelet de calfeutrage au besoin afin de bloquer les courants d\u2019air.<\/li>\r\n\t\t\t\t\r\n\t\t\t\t<li>Installez des rev\u00eatements de fen\u00eatre plastiques pendant l\u2019hiver afin d\u2019emp\u00eacher la perte de l\u2019air chaud \u00e0 travers le verre.<\/li>\r\n\t\t\t\t\r\n\t\t\t\t<li>Inspectez annuellement le calfeutrage des portes et des fen\u00eatres. Remplacez les joints d\u2019\u00e9tanch\u00e9it\u00e9 us\u00e9s ou fragiles pour assurer un calfeutrage serr\u00e9 et emp\u00eacher les fuites d\u2019air chaud.<\/li>\r\n\t\t\t\t\r\n\t\t\t\t<li>V\u00e9rifiez si les margelles sont bien calfeutr\u00e9es pour emp\u00eacher la p\u00e9n\u00e9tration de l\u2019eau dans le sous-sol.<\/li>\r\n            <\/ul>\r\n\r\n            <\/div>\r\n        <\/div>\r\n    <\/div>\r\n<\/section>\r\n\r\n\t<section class=\"bg-transparent\">\n\t\t<img decoding=\"async\" src=\"\/sales\/images\/bgs\/bg-mid-page-cta-general-top.svg\" style=\"width: 100%; vertical-align: bottom; position: relative; top: 1px\"\/>\n\t\t\n\t\t<div class=\"bg-darkTeal py-3\">\t\t\t\n\t\t\t<div class=\"container-fluid\">\n\t\t\t\t<div class=\"row d-flex align-items-center pb-5\">\n\t\t\t\t\t<div class=\"col-12 col-md-8 offset-md-2 px-lg-5 pb-5 pb-lg-0\">\n\t\t\t\t\t\t<div class=\"h6 mb-4 text-primary text-uppercase text-center\">\n\t\t\t\t\t\t\tCela ne prend que 5\u00a0minutes \n\t\t\t\t\t\t<\/div>\t\t\n\t\t\t\t\t\t\t\t\t\t\t\n\t\t\t\t\t\t<p class=\"lead px-lg-5 text-white\">\n\t\t\t\t\t\t\t<strong class=\"d-inline-block text-uc-first\">Pr\u00eat \u00e0 obtenir une soumission en ligne? <\/strong> Votre temps est aussi pr\u00e9cieux que vos possessions. Obtenez une soumission d'assurance habitation en <strong>5 minutes<\/strong>. C\u2019est moins de temps qu\u2019il n\u2019en faut pour faire la file pour un caf\u00e9.\n\t\t\t\t\t\t<\/p>\t\t\t\n\t\n\t\t\t\t\t\t<div id=\"sq1-qw-c2299edec474\" class=\"sq1-quote-widget mb-4 text-white\" data-quote-widget-type=\"HOME\" data-has-custom-text=\"true\">\n\t\t\t\t\t\t\t<div class=\"input-group input-group-focus-within bg-white my-4\">\n\t\t\t\t\t\t\t\t<div>\n\t\t\t\t\t\t\t\t\t<div class=\"input-group-text\">\n\t\t\t\t\t\t\t\t\t\t<i class=\"fa fa-map-marker d-block text-black\"><\/i>\n\t\t\t\t\t\t\t\t\t<\/div>\n\t\t\t\t\t\t\t\t<\/div>\n\t\t\t\t\t\t\t\t<input type=\"text\" class=\"form-control\" style=\"padding: 10px;\" placeholder=\"Enter an address\" aria-label=\"Inscrivez votre adresse pour obtenir une soumission\"\/>\n\t\t\t\t\t\t\t\t<div>\n\t\t\t\t\t\t\t\t\t<button class=\"btn btn-primary\">Obtenir une soumission en ligne d\u00e8s maintenant<\/button>\n\t\t\t\t\t\t\t\t<\/div>\n\t\t\t\t\t\t\t<\/div>\n\t\t\t\t\t\t<\/div>\n\t\t\t\t\t\t\n\t\t\t\t\t\t<p class=\"small text-white\">Avant de commencer, veuillez lire notre <a href=\"https:\/\/www.squareone.ca\/fr\/politique-confidentialite\" target=\"_blank\" rel=\"noreferrer noopener\">Politique de confidentialit\u00e9<\/a> et nos <a href=\"https:\/\/www.squareone.ca\/fr\/conditions-utilisation\" target=\"_blank\" rel=\"noreferrer noopener\">Conditions d\u2019utilisation<\/a>.<\/p>\t\n\t\n\t\t\t\t\t\t<script type=\"text\/javascript\">\n\t\t\t\t\t\t(function() {\n\t\t\t\t\t\t\tdocument.addEventListener('soiMiscJsLoaded', function() {\n\t\t\t\t\t\t        $(document).ready(function() {\n\t\t\t\t\t\t\t\t\tsoiQuoteWidget.processFormWidget('\/sales\/index.php\/json_quote_widget?rand=' +Math.random(), 'qwContainer'); \/\/populate quoting widget with content from symfony.\n\t\t\t\t\t\t\t\t});\n\t\t\t\t\t\t\t});\n\t\t\t\t\t\t})();\n\t\t\t\t\t\t<\/script>\n\t\t\t\t\t<\/div>\n\t\t\t\t<\/div>\n\t\t\t<\/div>\n\t\t<\/div>\n\t\t\n\t\t<img decoding=\"async\" src=\"\/sales\/images\/bgs\/bg-mid-page-cta-general-bottom.svg\" style=\"width: 100%; vertical-align: top\"\/>\t\t\n\t<\/section>\r\n\r\n<section>\r\n    <div class=\"container-fluid py-6\">\r\n        <div class=\"row\">\r\n            <div class=\"col-12 col-lg-8\">\r\n\r\n            <h2 id=\"Furnace\">Fournaise<\/h2>\r\n            <ul>\r\n\t\t\t\t<li>Programmez un entretien annuel pour votre fournaise afin qu\u2019elle fonctionne de mani\u00e8re efficace. Un technicien agr\u00e9\u00e9 peut inspecter et mettre au point votre syst\u00e8me avant la saison de chauffage.<\/li>\r\n\t\t\t\t\r\n\t\t\t\t<li>Si votre fournaise a plus de 15\u00a0ans, vous pouvez passer \u00e0 un mod\u00e8le moderne homologu\u00e9 ENERGY STAR pour un rendement am\u00e9lior\u00e9 et une r\u00e9duction de votre facture d\u2019Hydro.<\/li>\r\n\t\t\t\t\r\n\t\t\t\t<li>Nettoyez ou remplacez les filtres r\u00e9guli\u00e8rement, id\u00e9alement tous les un \u00e0 trois mois pendant la saison de chauffage. Un filtre bloqu\u00e9 obstrue l\u2019\u00e9coulement de l\u2019air, r\u00e9duit la puissance thermique et peut causer d\u2019autres probl\u00e8mes.<\/li>\r\n\t\t\t\t\r\n\t\t\t\t<li>Faites nettoyer les conduits d\u2019air p\u00e9riodiquement pour enlever l\u2019accumulation de la poussi\u00e8re, ce qui peut obstruer les filtres, aggraver les allergies et produire des odeurs d\u00e9sagr\u00e9ables pendant le fonctionnement de la fournaise.<\/li>\r\n\t\t\t\t\r\n\t\t\t\t<li>Maximisez la chaleur des radiateurs, surtout ceux sur les murs ext\u00e9rieurs, en mettant des <a href=\"https:\/\/lesartisansdecapeurs.fr\/pourquoi-mettre-une-feuille-daluminium-derriere-un-radiateur\/\">feuilles d\u2019aluminium r\u00e9fl\u00e9chissantes<\/a> derri\u00e8re. Celles-ci refl\u00e8tent l\u2019air chaud \u00e0 l\u2019int\u00e9rieur de la pi\u00e8ce au lieu de le laisser \u00e9chapper \u00e0 travers le mur.<\/li>\r\n\t\t\t\t\r\n\t\t\t\t<li>Installez une \u00e9tag\u00e8re au-dessus des radiateurs, surtout dans les pi\u00e8ces ayant des plafonds \u00e9lev\u00e9s, afin de diriger l\u2019air chaud \u00e0 l\u2019espace habitable. \u00c9vitez de mettre des objets sur les radiateurs, car cela peut obstruer l\u2019\u00e9coulement de l\u2019air chaud.<\/li>\r\n\t\t\t\t\r\n\t\t\t\t<li>Assurez-vous que les meubles et les tapis ne bloquent pas les conduits d\u2019air, les registres ou les plinthes chauffantes. Cr\u00e9ez de l\u2019espace autour des sources de chauffage afin de permettre l\u2019\u00e9coulement de l\u2019air et le chauffage efficace.<\/li>\r\n\t\t\t\t\r\n\t\t\t\t<li>Ne fermez pas les portes ou les conduits d\u2019air dans les chambres que vous n\u2019utilisez pas, car cela peut d\u00e9s\u00e9quilibrer votre syst\u00e8me de chauffage et surcharger le ventilateur, ce qui peut causer des probl\u00e8mes et augmenter la consommation de l\u2019\u00e9nergie.<\/li>\r\n            <\/ul>\r\n\r\n\r\n            <h2 id=\"Thermostat\">Thermostat<\/h2>\r\n            <ul>\r\n\t\t\t\t<li>Baissez le thermostat avant de vous coucher ou quand vous quittez la maison pendant une p\u00e9riode prolong\u00e9e. Afin d\u2019emp\u00eacher les tuyaux gel\u00e9s, ne r\u00e9glez jamais le thermostat \u00e0 moins de 15\u00b0.<\/li>\r\n\t\t\t\t\r\n\t\t\t\t<li>Vous pouvez installer un thermostat r\u00e9glable ou intelligent. Ces appareils peuvent automatiquement r\u00e9gler l\u2019horaire de chauffage de votre habitation, ce qui vous permet d\u2019\u00e9conomiser sur l\u2019\u00e9nergie sans avoir \u00e0 changer manuellement le thermostat.<\/li>\r\n\t\t\t\t\r\n\t\t\t\t<li>Pour optimiser vos \u00e9conomies, r\u00e9glez le thermostat \u00e0 20\u00b0 quand vous \u00eates \u00e0 la maison et \u00e0 17\u00b0 pendant la nuit ou quand vous quittez le domicile. M\u00eame une petite r\u00e9duction de temp\u00e9rature peut influencer votre facture d\u2019Hydro.<\/li>\r\n            <\/ul>\r\n\r\n\r\n            <h2 id=\"Weather-stripping\">Coupe-froid<\/h2>\r\n            <ul>\r\n                <li><p>L\u2019application des coupe-froid autour des portes et des fen\u00eatres est une mani\u00e8re simple et \u00e9conomique d\u2019emp\u00eacher les courants d\u2019air et de conserver l\u2019air chaud \u00e0 l\u2019int\u00e9rieur. Dispositifs faciles \u00e0 installer, ils durent pendant des ann\u00e9es et constituent un investissement intelligent pour am\u00e9liorer l\u2019efficacit\u00e9 \u00e9nerg\u00e9tique.<\/p><\/li>\r\n            <\/ul>\r\n\r\n\r\n            <h2 id=\"Fireplace\">Po\u00eale \u00e0 bois<\/h2>\r\n            <ul>\r\n\t\t\t\t<li>Lorsque vous ne vous servez pas de votre <a href=\"https:\/\/www.squareone.ca\/fr\/centres-ressources\/securite-domiciliaire-personnelle\/conseils-securite-poele-a-bois-a-la-maison\">po\u00eale \u00e0 bois<\/a>, fermez toujours le registre pour emp\u00eacher la p\u00e9n\u00e9tration des courants d\u2019air froid. Le fait de le laisser ouvert c\u2019est comme si vous laissiez une fen\u00eatre ouverte. N\u2019oubliez pas d\u2019ouvrir le registre avant d\u2019allumer un feu.<\/li>\r\n\t\t\t\t\r\n\t\t\t\t<li>L\u2019installation des portes de chemin\u00e9e en verre peut r\u00e9duire la perte d\u2019air chaud lorsque vous n\u2019utilisez pas la chemin\u00e9e.<\/li>\r\n\t\t\t\t\r\n\t\t\t\t<li>Prenez en consid\u00e9ration un ballon de chemin\u00e9e, un dispositif qui est gonfl\u00e9 dans la chemin\u00e9e pour emp\u00eacher la p\u00e9n\u00e9tration de l\u2019air froid et la perte de l\u2019air chaud. Enlevez-le avant de vous servir de la chemin\u00e9e.<\/li>\r\n\t\t\t\t\r\n\t\t\t\t<li>Il faut faire r\u00e9guli\u00e8rement nettoyer et inspecter la chemin\u00e9e selon le calendrier recommand\u00e9 par le fabricant. La suie, la poussi\u00e8re et m\u00eame les animaux peuvent obstruer les chemin\u00e9es, ce qui r\u00e9duit l\u2019efficacit\u00e9 et augmenter le risque d\u2019incendie<\/a>.<\/li>\r\n            <\/ul>\r\n\r\n            <p><strong>Vous voulez en savoir plus?<\/strong> Consultez notre <a href=\"\/fr\/centres-ressources\/ameliorations-domiciliaires\" title=\"Centre de ressources : am\u00e9liorations domiciliaires\">Centre de ressources&nbsp;: am\u00e9liorations domiciliaires<\/a> pour des tuyaux et de l'inspiration pour votre prochain projet de r\u00e9novation. Ensuite, <a href=\"\/fr\/soumission-assurance-habitation-en-ligne\" title=\"Obtenir une soumission d\u2019assurance habitation en ligne\">obtenez une soumission d'assurance habitation en ligne<\/a> en moins de 5\u00a0minutes et d\u00e9couvrez \u00e0 quel point l\u2019assurance habitation personnalis\u00e9e peut \u00eatre abordable.<\/p>\r\n\r\n            <div class=\"row py-3\">\r\n<div class=\"col-12\">\r\n<div class=\"card review\" style=\"box-shadow: 0 2px 4px rgba(0,0,0,0.07);background-color:#f4f4f4;\">\r\n<div class=\"card-body\">\r\n\t<p class=\"text-primary h4\">\u00c0 propos de l\u2019expert&nbsp;: George Baral<\/p>\r\n\t<p>George Baral est titulaire d\u2019une ma\u00eetrise en administration des affaires et d\u2019une ma\u00eetrise en chimie. Maintenant a la retraite, il inspectait et \u00e9valuait des syst\u00e8mes de chauffage et de climatisation pendant un peu moins de 35&nbsp;ans. Titulaire d\u2019un certificat d\u2019entrepreneur g\u00e9n\u00e9ral en Californie, il a lanc\u00e9 une compagnie sp\u00e9cialisant dans la construction \u00e9co\u00e9nerg\u00e9tique. Pendant ses \u00e9tudes, il a obtenu les certificats de leadership en conception \u00e9co\u00e9nerg\u00e9tique LEED AP et NATE, des programmes de formation pouss\u00e9e destin\u00e9s aux techniciens CVCA.<\/p>\r\n<\/div>\r\n<\/div>\r\n<\/div>\r\n<\/div>\r\n\r\n        <\/div>\r\n    <\/div>\r\n<\/div>\r\n<\/section>\r\n<script type=\"application\/ld+json\">\r\n{\r\n     \"@context\": \"https:\/\/schema.org\",\r\n    \"@type\": \"WebPage\",\r\n    \"mainEntityOfPage\": {\r\n        \"@type\": \"Article\",\r\n        \"@id\": \"https:\/\/www.squareone.ca\/centres-ressources\/amelioration-domicile\/chauffer-efficacement-votre-habitation\"\r\n    },\r\n    \"author\": [\r\n        {\r\n            \"@type\": \"Person\",\r\n            \"name\": \"Square One team\"\r\n        }\r\n    ],\r\n    \"reviewedBy\": [\r\n        {\r\n            \"@type\": \"Person\",\r\n            \"name\": \"George Baral\",\r\n            \"url\": \"https:\/\/www.squareone.ca\/fr\/a-propos-de-nouss\/experts#HVAC\"\r\n        }\r\n    ],\r\n    \"headline\": \"Comment chauffer efficacement votre habitation\",\r\n  \"datePublished\": \"\",\r\n  \"dateModified\": \"\",\r\n    \"inLanguage\": \"fr-CA\",\r\n    \"isAccessibleForFree\": true\r\n}\r\n<\/script>","protected":false},"excerpt":{"rendered":"<p>Comment chauffer efficacement votre habitation Article \u00e9valu\u00e9 par George Baral Quand les feuilles tombent et la temp\u00e9rature commence \u00e0 baisser, les Qu\u00e9b\u00e9cois sont nombreux \u00e0 r\u00e9gler le thermostat. Mais, il y a plusieurs fa\u00e7ons de rester chaud pendant l\u2019hiver, et certaines mesures peuvent vous aider \u00e0 faire des \u00e9conomies et \u00e0 r\u00e9duire votre impact sur [&hellip;]<\/p>\n","protected":false},"author":2,"featured_media":60993,"parent":53497,"menu_order":0,"comment_status":"open","ping_status":"closed","template":"page-article-new.php","meta":{"_acf_changed":false,"footnotes":""},"class_list":["post-60985","page","type-page","status-publish","has-post-thumbnail","hentry"],"acf":[],"_links":{"self":[{"href":"https:\/\/www.squareone.ca\/fr\/wp-json\/wp\/v2\/pages\/60985","targetHints":{"allow":["GET"]}}],"collection":[{"href":"https:\/\/www.squareone.ca\/fr\/wp-json\/wp\/v2\/pages"}],"about":[{"href":"https:\/\/www.squareone.ca\/fr\/wp-json\/wp\/v2\/types\/page"}],"author":[{"embeddable":true,"href":"https:\/\/www.squareone.ca\/fr\/wp-json\/wp\/v2\/users\/2"}],"replies":[{"embeddable":true,"href":"https:\/\/www.squareone.ca\/fr\/wp-json\/wp\/v2\/comments?post=60985"}],"version-history":[{"count":22,"href":"https:\/\/www.squareone.ca\/fr\/wp-json\/wp\/v2\/pages\/60985\/revisions"}],"predecessor-version":[{"id":78088,"href":"https:\/\/www.squareone.ca\/fr\/wp-json\/wp\/v2\/pages\/60985\/revisions\/78088"}],"up":[{"embeddable":true,"href":"https:\/\/www.squareone.ca\/fr\/wp-json\/wp\/v2\/pages\/53497"}],"wp:featuredmedia":[{"embeddable":true,"href":"https:\/\/www.squareone.ca\/fr\/wp-json\/wp\/v2\/media\/60993"}],"wp:attachment":[{"href":"https:\/\/www.squareone.ca\/fr\/wp-json\/wp\/v2\/media?parent=60985"}],"curies":[{"name":"wp","href":"https:\/\/api.w.org\/{rel}","templated":true}]}}