{"id":61000,"date":"2022-11-16T10:45:12","date_gmt":"2022-11-16T18:45:12","guid":{"rendered":"https:\/\/www.squareone.ca\/types-police\/autres-types-assurance-habitation\/assurance-habitation-tous-risques-2"},"modified":"2023-07-26T13:49:08","modified_gmt":"2023-07-26T20:49:08","slug":"assurance-habitation-comprehensive","status":"publish","type":"page","link":"https:\/\/www.squareone.ca\/fr\/habitation\/comprehensive","title":{"rendered":"Assurance habitation compr\u00e9hensive"},"content":{"rendered":"<section class=\"py-5 mb-3\">\r\n\t<div class=\"container-fluid my-6\">\r\n\t\t<div class=\"row\">\r\n\t\t\t<div class=\"col-12 col-lg-6 offset-lg-1 mb-3\">\r\n\t\t\t\t<div class=\"h6 mb-4 text-primary text-uppercase\">Une protection int\u00e9grale pour votre maison et vos biens meubles<\/div>\r\n\t\t\t\t<h1>Assurance habitation compr\u00e9hensive \u00e0 partir de 15\u00a0$\/mois<\/h1>\r\n\t\t\t<\/div>\r\n\t\t\t<div class=\"col-12 col-lg-7 offset-lg-1 mb-4\">\r\n\t\t\t\t<p class=\"display-4\">\r\n\t\t\t\t\tVous \u00eates \u00e0 la recherche d\u2019une assurance habitation compr\u00e9hensive pour prot\u00e9ger votre habitation et vos biens meubles? Au Canada, la plupart des fournisseurs d\u2019assurance offrent des polices de risques d\u00e9sign\u00e9s, de formule \u00e9tendue et tous risques. Chez Square One, toutes nos polices d\u2019assurance habitation sont tous risques. Cela signifie que vous b\u00e9n\u00e9ficiez d\u2019une protection contre tous les types de sinistres, \u00e0 l\u2019exception des exclusions indiqu\u00e9es dans la police.\r\n\t\t\t\t<\/p>\r\n\t\t\t\t<a href=\"#populate_recent_reviews\"><img loading=\"lazy\" decoding=\"async\" src=\"\/sales\/images\/icons\/icon-arrow-down.svg\" width=\"16\" height=\"16\"><\/a>\r\n\t\t\t<\/div>\r\n\t\t<\/div>\r\n\t<\/div>\r\n<\/section>","protected":false},"excerpt":{"rendered":"<p>Une protection int\u00e9grale pour votre maison et vos biens meubles Assurance habitation compr\u00e9hensive \u00e0 partir de \/mois Vous \u00eates \u00e0 la recherche d\u2019une assurance habitation compr\u00e9hensive pour prot\u00e9ger votre habitation et vos biens meubles? Au Canada, la plupart des fournisseurs d\u2019assurance offrent des polices de risques d\u00e9sign\u00e9s, de formule \u00e9tendue et tous risques. Chez Square [&hellip;]<\/p>\n","protected":false},"author":2,"featured_media":0,"parent":48133,"menu_order":0,"comment_status":"open","ping_status":"closed","template":"page-custom-top.php","meta":{"_acf_changed":false,"footnotes":""},"class_list":["post-61000","page","type-page","status-publish","hentry"],"acf":[],"_links":{"self":[{"href":"https:\/\/www.squareone.ca\/fr\/wp-json\/wp\/v2\/pages\/61000","targetHints":{"allow":["GET"]}}],"collection":[{"href":"https:\/\/www.squareone.ca\/fr\/wp-json\/wp\/v2\/pages"}],"about":[{"href":"https:\/\/www.squareone.ca\/fr\/wp-json\/wp\/v2\/types\/page"}],"author":[{"embeddable":true,"href":"https:\/\/www.squareone.ca\/fr\/wp-json\/wp\/v2\/users\/2"}],"replies":[{"embeddable":true,"href":"https:\/\/www.squareone.ca\/fr\/wp-json\/wp\/v2\/comments?post=61000"}],"version-history":[{"count":7,"href":"https:\/\/www.squareone.ca\/fr\/wp-json\/wp\/v2\/pages\/61000\/revisions"}],"predecessor-version":[{"id":63281,"href":"https:\/\/www.squareone.ca\/fr\/wp-json\/wp\/v2\/pages\/61000\/revisions\/63281"}],"up":[{"embeddable":true,"href":"https:\/\/www.squareone.ca\/fr\/wp-json\/wp\/v2\/pages\/48133"}],"wp:attachment":[{"href":"https:\/\/www.squareone.ca\/fr\/wp-json\/wp\/v2\/media?parent=61000"}],"curies":[{"name":"wp","href":"https:\/\/api.w.org\/{rel}","templated":true}]}}