{"id":61009,"date":"2022-11-17T11:20:22","date_gmt":"2022-11-17T19:20:22","guid":{"rendered":"https:\/\/www.squareone.ca\/soutien\/bases-assurance-conseils\/types-de-sinistres\/protection-contre-les-degats-eau"},"modified":"2025-06-19T14:59:03","modified_gmt":"2025-06-19T21:59:03","slug":"protection-contre-les-degats-eau","status":"publish","type":"page","link":"https:\/\/www.squareone.ca\/fr\/centres-ressources\/bases-assurance\/degats-eau","title":{"rendered":"Les d\u00e9g\u00e2ts d\u2019eau et l\u2019assurance habitation"},"content":{"rendered":"<section id='intro' class=\"bg-shape-split bg-sub-page-hero\">\r\n    <div class=\"bg-position\">\r\n        <div class=\"container-fluid\">\r\n            <div class=\"row align-items-center\">\r\n                <div class=\"col-12 col-lg-8\">\r\n                    <h1>Peut-on souscrire une assurance contre les d\u00e9g\u00e2ts d\u2019eau?<\/h1>\r\n <strong>Article r\u00e9dig\u00e9 par l'\u00e9quipe de Square One<\/strong>\r\n\t\t\t\t\t<p><strong>\u00c9valu\u00e9 par <a href=\"https:\/\/www.squareone.ca\/fr\/a-propos-de-nous\/experts\/rena-novotny\" title=\"Experte : Rena Novotny\">Rena Novotny<\/a><\/strong><\/p> \r\n\t\t\t\t\t<p class=\"pb-4\" style=\"margin-top:-24px\">Mis \u00e0 jour le 9 juin 2023<\/p>\t\t\t\t\r\n                <\/div>\r\n            <\/div>\r\n\r\n            <div class=\"row\">\r\n                <div class=\"col-lg-8\">\r\n                    <p class=\"display-4\">Au Canada, la m\u00e9t\u00e9o fait partie de la vie. Il est impossible de pr\u00e9voir avec exactitude le temps, mais lorsque la pluie frappe, les r\u00e9percussions peuvent \u00eatre s\u00e9v\u00e8res.<\/p>\r\n                    <p class=\"display-4\">Les temp\u00eates de pluie deviennent de plus en plus fr\u00e9quentes et s\u00e9v\u00e8res, endommageant les habitations et les biens meubles. Ces temp\u00eates sont \u00e0 l\u2019origine des r\u00e9clamations pour l\u2019eau qui p\u00e9n\u00e8tre dans les habitations pendant des d\u00e9luges subits. Souvent, il y a refoulement d\u2019eau d\u00e9coulant des syst\u00e8mes d\u2019\u00e9vacuation des eaux et des goutti\u00e8res.<\/p>\r\n                    <p class=\"display-4\">Examinons l\u2019assurance offerte pour les d\u00e9g\u00e2ts d\u2019eau, y compris les couvertures et les exclusions courantes.<\/p>\r\n                    <p class=\"pt-2\"><img loading=\"lazy\" decoding=\"async\" src=\"https:\/\/cdn.squareone.ca\/wp-content\/uploads\/2012\/09\/30071346\/article-water-damage.jpg\" title=\"Les d\u00e9g\u00e2ts d\u2019eau et l\u2019assurance habitation\" alt=\"Une maison inond\u00e9e\" width=\"248\" height=\"200\" class=\"img-fluid\" rel=\"noopener noreferrer\" \/><\/p>\r\n                <\/div>\r\n\r\n                <div class=\"col-lg-3 offset-lg-1\">          \r\n                    <p class=\"mb-2 display-4 pt-4 pt-lg-0 pt-mb-0\"><strong>Th\u00e8mes<\/strong><\/p>\r\n                        <ul class=\"list-unstyled link-list display-4\">\r\n                            <li><a href=\"#typical-insurance\">Assurance typique pour d\u00e9g\u00e2ts d\u2019eau<\/a><\/li>                           \r\n                            <li><a href=\"#Square-One-water-damage\">Assurance d\u00e9g\u00e2ts d\u2019eau offerte par Square One<\/a><\/li>\r\n                            <li><a href=\"#Protect-home-against-water-damage\">Comment prot\u00e9ger votre habitation contre les d\u00e9g\u00e2ts d\u2019eau<\/a><\/li>\r\n                        <\/ul>\r\n                <\/div>\r\n            <\/div>  \r\n        <\/div>\r\n    <\/div>\r\n    <div class=\"bg-bottom\"><\/div>\r\n<\/section>\r\n\r\n<section>\r\n    <div class=\"container-fluid py-6\">\r\n        <div class=\"row\">\r\n            <div class=\"col-12 col-lg-8\">\r\n\r\n<div class=\"row pb-6\">\r\n                    <div class=\"col-12\">\r\n                        <div class=\"card review\" style='background-color:#FFE0C9'>\r\n                            <div class=\"card-body\">\r\n                                <p class=\"h3\">L&rsquo;essentiel<\/p>\r\n                                <ul class='mb-0'>\r\n                                    <li>En assurance, il y a plusieurs types de d\u00e9g\u00e2ts d&rsquo;eau, de l&rsquo;inondation fluviale \u00e0 des tuyaux \u00e9clat\u00e9s.<\/li>\r\n                                    <li>L&rsquo;assurance habitation couvre certains types de d\u00e9g\u00e2ts d&rsquo;eau, mais pas tous.<\/li>\r\n                                    <li>Un tuyau qui s&rsquo;\u00e9clate subitement et involontairement est g\u00e9n\u00e9ralement couvert, mais les d\u00e9g\u00e2ts d&rsquo;eau progressifs,  non.<\/li>\r\n                                <\/ul>\r\n                            <\/div>\r\n                        <\/div>\r\n                    <\/div>\r\n                <\/div>            \t\r\n\r\n            <h2 id=\"typical-insurance\">L\u2019approche typique\u00a0: l\u2019assurance habitation et les d\u00e9g\u00e2ts d\u2019eau<\/h2>\r\n\r\n            <p>Les r\u00e9clamations pour les d\u00e9g\u00e2ts d\u2019eau sont parmi les sinistres les plus fr\u00e9quents en assurance habitation au Canada.\r\n\r\n            <p>Toutefois, il est important de noter que la notion de \u00ab\u00a0d\u00e9g\u00e2ts d\u2019eau\u00a0\u00bb est assez vaste et couvre plusieurs types de sinistres. Certains de ces sinistres sont admissibles \u00e0 l\u2019assurance, pendant que d\u2019autres sont presque toujours exclus.<\/p>\r\n\r\n            <p>D\u2019une part, il y a les d\u00e9g\u00e2ts d\u2019eau provoqu\u00e9s par les syst\u00e8mes domiciliaires\u00a0: toilettes bloqu\u00e9es, rupture de tuyaux et autres. Bon nombre de types de d\u00e9g\u00e2ts d\u2019eau sont couverts dans cette cat\u00e9gorie selon les circonstances\u00a0:<\/p>\r\n\r\n            <ul>\r\n                <li>Les d\u00e9g\u00e2ts d\u2019eau caus\u00e9s par la rupture subite et accidentelle des tuyaux est g\u00e9n\u00e9ralement couverte.<\/li>\r\n                <li>Les d\u00e9g\u00e2ts d\u2019eau d\u00e9coulant des <a href=\"\/fr\/centres-ressources\/bases-assurance\/tuyaux-geles\" title=\"Les tuyaux gel\u00e9s et votre assurance habitation\">tuyaux gel\u00e9s<\/a> ne sont pas forc\u00e9ment admissibles \u00e0 la couverture.<\/li>\r\n                <li><a href=\"\/fr\/centres-ressources\/securite-domiciliaire-personnelle\/apres-refoulement-eau\" title=\"D\u00e9marches \u00e0 suivre apr\u00e8s un refoulement d\u2019eau dans votre maison\">Le refoulement d\u2019\u00e9gout<\/a> n\u2019est pas g\u00e9n\u00e9ralement couvert, mais de nombreux fournisseurs d\u2019assurance offrent au titulaire de police la possibilit\u00e9 d\u2019ajouter cette couverture, moyennant des frais suppl\u00e9mentaires.<\/li>\r\n            <\/ul>\r\n\r\n            <p>D\u2019autre part, il y a les d\u00e9g\u00e2ts d\u2019eau provoqu\u00e9s par les \u00e9v\u00e9nements naturels, comme les crues d\u2019eau.<\/p>\r\n\r\n            <p>Typiquement, les compagnies d\u2019assurance divisent <a href=\"\/fr\/centres-ressources\/bases-assurance\/assurance-inondation\" title=\"Assurance contre l\u2019inondation\">l\u2019inondation<\/a> en deux cat\u00e9gories\u00a0: l\u2019inondation fluviale et l\u2019inondation c\u00f4ti\u00e8re.<\/p> \r\n\r\n            <ul>\r\n                <li><p><strong>L\u2019inondation fluviale<\/strong> est caus\u00e9e par le d\u00e9bordement de l\u2019eau douce des lacs ou des rivi\u00e8res sur la terre ferme. La pluie abondante ou la fonte de neige sont normalement \u00e0 l\u2019origine de l\u2019inondation fluviale. Par le pass\u00e9, l\u2019assurance habitation au Canada ne couvrait pas l\u2019inondation fluviale. Heureusement, cette couverture est plus accessible (on en parlera dans la prochaine section).<\/p><\/li>\r\n                <li><p><strong>L\u2019inondation c\u00f4ti\u00e8re<\/strong> est provoqu\u00e9e par le d\u00e9bordement de l\u2019eau de mer sur la terre ferme. Ce type d&rsquo;inondation est provoqu\u00e9e par les mar\u00e9es exceptionnellement \u00e9lev\u00e9es, les ondes de temp\u00eate et les tsunamis. Les polices d\u2019assurance habitation couvrant l\u2019inondation c\u00f4ti\u00e8re sont assez rares. Si votre habitation est endommag\u00e9e par l\u2019inondation c\u00f4ti\u00e8re, vous devrez en toute probabilit\u00e9 faire appel aux <a href=\"https:\/\/www.securitepublique.gc.ca\/cnt\/mrgnc-mngmnt\/rcvr-dsstrs\/dsstr-fnncl-ssstnc-rrngmnts\/index-fr.aspx\" rel=\"noopener noreferrer\" title=\"Accords d'aide financi\u00e8re en cas de catastrophe (AAFCC)\" target=\"_blank\">Accords d&rsquo;aide financi\u00e8re en cas de catastrophe (AAFCC)<\/a> du gouvernement du Canada pour obtenir de l\u2019aide financi\u00e8re.<\/p><\/li>\r\n            <\/ul>\r\n\r\n            <p>Il y a un autre aspect important \u00e0 retenir en assurance de d\u00e9g\u00e2ts d\u2019eau.<\/p>\r\n\r\n            <p>\u00c9tant donn\u00e9 qu\u2019une forme de d\u00e9g\u00e2ts d\u2019eau engendre souvent une autre, un assureur examinera d\u2019habitude l\u2019origine de l\u2019inondation avant de d\u00e9cider si le sinistre est couvert ou non. Par exemple, l\u2019inondation fluviale provoque souvent le refoulement d&rsquo;\u00e9gout. Dans ce cas, l\u2019assureur d\u00e9terminerait en toute probabilit\u00e9 que l\u2019inondation fluviale \u00e9tait \u00e0 l\u2019origine des d\u00e9g\u00e2ts caus\u00e9s par le refoulement d\u2019eau et appliquerait les couvertures ou les exclusions, le cas \u00e9ch\u00e9ant.<\/p>\r\n\r\n            <h2 id=\"Square-One-water-damage\">Comment Square One traite-t-il les d\u00e9g\u00e2ts d\u2019eau?<\/h2>\r\n\r\n            <p>Des \u00e9v\u00e9nements m\u00e9t\u00e9orologiques extr\u00eames aux fuites des tuyaux, l\u2019eau peut endommager une habitation de plusieurs fa\u00e7ons.<\/p> \r\n\r\n            <p>Les propri\u00e9taires occupants, les copropri\u00e9taires et les locataires sont tous \u00e0 risque des d\u00e9g\u00e2ts d\u2019eau, alors il est important de se pr\u00e9munir contre l\u2019inattendu en souscrivant une police <a href=\"\/fr\/habitation\/comprehensive\" title=\"Assurance habitation compr\u00e9hensive\">d\u2019assurance habitation compr\u00e9hensive<\/a> comprenant une couverture pour plusieurs types de d\u00e9g\u00e2ts d\u2019eau.<\/p>\r\n\r\n            <p>Les polices de Square One offrent une <a href=\"\/fr\/habitation\/eau\" title=\"Assurance contre les d\u00e9g\u00e2ts d\u2019eau\">protection contre les d\u00e9g\u00e2ts d\u2019eau assez \u00e9tendue<\/a>. La couverture pour les d\u00e9g\u00e2ts d\u2019eau et le refoulement d&rsquo;\u00e9gout s\u2019inscrit dans le cadre de toutes nos polices et n\u2019est pas exclue. Nous allons de l\u2019avant en offrant la <a href=\"\/fr\/habitation\/inondation\" title=\"Couverture contre l\u2019inondation fluviale\">couverture contre l\u2019inondation fluviale<\/a>; remarquez que 94\u00a0% des clients canadiens sont admissibles \u00e0 la protection contre l\u2019inondation fluviale. Si vous souscrivez une assurance chez Square One, vous pouvez dormir sur les deux oreilles, car les sinistres li\u00e9s aux d\u00e9g\u00e2ts d\u2019eau sont couverts en vertu de votre police.<\/p>\r\n\r\n            <h2 id=\"Protect-home-against-water-damage\">Comment puis-je prot\u00e9ger mon habitation contre les d\u00e9g\u00e2ts d\u2019eau?<\/h2>\r\n\r\n            <p>Les d\u00e9g\u00e2ts d\u2019eau peuvent rapidement devenir un probl\u00e8me grave. La reconstruction et les r\u00e9parations interminables peuvent perturber votre train de vie. M\u00eame si vous avez une couverture en assurance contre les d\u00e9g\u00e2ts d\u2019eau, vous pouvez minimiser les perturbations et le tracas en vous pr\u00e9munissant contre les causes les plus courantes des d\u00e9g\u00e2ts d\u2019eau\u00a0:<\/p>\r\n\r\n                <ul>\r\n                    <li><p><strong>D\u00e9gagez les goutti\u00e8res et les syst\u00e8mes de drainage des feuilles, des d\u00e9chets et des nids d\u2019animaux.<\/strong> M\u00eame les obstructions partielles peuvent causer l\u2019accumulation rapide d\u2019eau durant les pluies abondantes, ce qui peut causer des d\u00e9g\u00e2ts consid\u00e9rables pendant une courte p\u00e9riode.<\/p><\/li>\r\n                    <li><p><strong>Dirigez les tuyaux de descente \u00e0 3\u00a0m\u00e8tres de la maison et inclinez la cour de fa\u00e7on \u00e0 ce qu\u2019elle soit \u00e0 l\u2019\u00e9cart de la fondation.<\/strong> Il faut cr\u00e9er un chemin pour faciliter l\u2019\u00e9coulement de l\u2019eau \u00e0 l\u2019\u00e9cart de la maison. Sans ces pr\u00e9cautions, l\u2019eau s\u2019accumulera et p\u00e9n\u00e9trera dans les niveaux inf\u00e9rieurs de votre maison.<\/p><\/li>\r\n                    <li><p><strong>Installez une pompe \u00e0 puisard, au besoin.<\/strong> Certaines maisons requi\u00e8rent une protection suppl\u00e9mentaire contre l\u2019infiltration des eaux de surface et souterraines. Une pompe \u00e0 puisard constitue une d\u00e9fense additionnelle contre les d\u00e9g\u00e2ts d\u2019eau. Assurez-vous que la pompe \u00e0 puisard est munie d\u2019une batterie ou d\u2019un <a href=\"\/fr\/centres-ressources\/securite-domiciliaire-personnelle\/generatrices-residentielles\" title=\"Initiation aux g\u00e9n\u00e9ratrices r\u00e9sidentielles\">g\u00e9n\u00e9rateur<\/a> en cas de panne de courant. Il faut le tester au moins une fois par an pour v\u00e9rifier son fonctionnement.<\/p><\/li>\r\n                    <li><p><strong>Installez un clapet anti-refoulement sur la conduite d\u2019\u00e9gout de votre maison.<\/strong> Les maisons subissent souvent des dommages provoqu\u00e9s par le refoulement d\u2019eau d\u00e9coulant de l\u2019infrastructure municipale vieillie. Il va sans dire, le refoulement d\u2019eau est tr\u00e8s d\u00e9sagr\u00e9able et peut gravement contaminer votre domicile. Un clapet anti-refoulement (ou clapet anti-retour) est un dispositif qui ferme automatiquement la conduite d&rsquo;\u00e9gout de la maison si l\u2019eau commence \u00e0 couler dans le sens contraire, prot\u00e9geant ainsi la maison.<\/p><\/li>\r\n                    <li><p><strong>Dans la mesure du possible, branchez les appareils \u00e0 l\u2019alimentation en eau de la maison \u00e0 l\u2019aide des tuyaux en acier tress\u00e9.<\/strong> Les tuyaux en caoutchouc normaux se d\u00e9t\u00e9riorent au fil du temps; ils s\u2019\u00e9clatent et causent des dommages graves. Par exemple, un tuyau d\u2019alimentation en eau d\u2019une machine \u00e0 laver moyenne d\u00e9chargera 2\u00a0460\u00a0litres d\u2019eau par heure. Si le tuyau de la machine \u00e0 laver s\u2019\u00e9clate, dans une heure, l\u2019\u00e9quivalent de l\u2019eau de 8\u00a0baignoires saturerait et d\u00e9truirait les murs, le plancher, le plafond et les biens meubles.<\/p><\/li>\r\n                    <li><p><strong>Soyez attentif lorsque vous branchez les tuyaux d\u2019alimentation en eau au frigo.<\/strong> Ces tuyaux \u00e9troits de plastique sont fragiles et d\u00e9fectueux, et se d\u00e9t\u00e9riorent rapidement dans les ann\u00e9es suivant l\u2019installation. Les ruptures des tuyaux de frigo sont \u00e0 l\u2019origine de bon nombre de r\u00e9clamations de d\u00e9g\u00e2ts d\u2019eau en assurance habitation.<\/p><\/li>\r\n                    <li><p><strong>Examinez les bourrelets de fen\u00eatre et de porte pour des signes d\u2019usure et appliquez du mastic au besoin.<\/strong> Les portes et les fen\u00eatres constituent un \u00e9l\u00e9ment important de la protection contre la pluie pouss\u00e9e par le vent. L\u2019eau peut passez \u00e0 travers le mastic et les bourrelets secs et fissur\u00e9s et endommager votre habitation.<\/p><\/li>\r\n                    <li><p><strong>Comblez les fissures dans les murs de la fondation et du plancher du sous-sol.<\/strong> La plupart des polices d\u2019assurance habitation excluent toujours les d\u00e9g\u00e2ts d\u2019eau caus\u00e9s par l\u2019infiltration des eaux souterraines \u00e0 travers les <a href=\"\/fr\/centres-ressources\/ameliorations-domiciliaires\/types-fondation-maison\" title=\"Types de fondation de maison\">murs de la fondation<\/a> et le plancher du sous-sol. Pendant les pluies abondantes, les niveaux des eaux souterraines peuvent s\u2019\u00e9lever rapidement et toucher votre sous-sol, \u00e0 mesure que l\u2019eau p\u00e9n\u00e8tre dans votre maison \u00e0 travers les fentes et les fissures.<\/p><\/li>\r\n                    <li><p><strong>En hiver, fermez et videz les tuyaux de plomberie qui passent \u00e0 travers une partie non chauff\u00e9e de votre domicile, ainsi que tous les tuyaux qui d\u00e9charge de l\u2019eau \u00e0 l\u2019ext\u00e9rieur. <\/strong> De nombreuses polices d\u2019assurance habitation excluent les sinistres caus\u00e9s par les tuyaux gel\u00e9s, alors il est important que vous coupiez l\u2019alimentation en eau afin <a href=\"\/fr\/centres-ressources\/securite-domiciliaire-personnelle\/prevention-degats-eau\" title=\"Pr\u00e9vention des d\u00e9g\u00e2ts d\u2019eau\">d\u2019emp\u00eacher les d\u00e9g\u00e2ts<\/a>.<\/p><\/li>\r\n                    <Li><p><strong>Trouvez l\u2019emplacement du robinet d\u2019arr\u00eat d\u2019eau de la maison.<\/strong> En cas d\u2019une rupture de tuyau, chaque seconde est cruciale si vous voulez emp\u00eacher ou minimiser les d\u00e9g\u00e2ts d\u2019eau.<\/p><\/li> \r\n                <\/ul>\r\n\r\n                <p>L\u2019eau peut causer des d\u00e9g\u00e2ts consid\u00e9rables et inqui\u00e9tants \u00e0 votre domicile; heureusement, vous pouvez vous prot\u00e9ger en souscrivant une police d\u2019assurance habitation tous risques et en prenant des mesures raisonnables pour emp\u00eacher les d\u00e9g\u00e2ts d\u2019eau.<\/p> \r\n\t\t\t\t\r\n                <p><strong>Vous voulez en savoir plus?<\/strong> Consultez notre <a href=\"\/fr\/centres-ressources\/bases-assurance\" title=\"Centre de ressources : bases de l\u2019assurance habitation\">Centre de ressources&nbsp;: bases de l\u2019assurance habitation<\/a> pour acc\u00e9der \u00e0 des dizaines d\u2019articles pratiques pour vous guider sur les tenants et aboutissants de l\u2019assurance habitation. Ensuite, <a href=\"\/fr\/soumission-assurance-habitation-en-ligne\" title=\"Obtenir une soumission d\u2019assurance habitation en ligne\">obtenez une soumission d'assurance habitation en ligne<\/a> en moins de 5\u00a0minutes et d\u00e9couvrez \u00e0 quel point l\u2019assurance habitation personnalis\u00e9e peut \u00eatre abordable.<\/p>\r\n\r\n                <div class=\"row py-3\">\r\n<div class=\"col-12\">\r\n<div class=\"card review\" style=\"box-shadow: 0 2px 4px rgba(0,0,0,0.07);background-color:#f4f4f4;\">\r\n<div class=\"card-body\">\r\n\t<p class=\"text-primary h4\">\u00c0 propos de l\u2019experte&nbsp;: Rena Novotny<\/p>\r\n\t<p>Rena a commenc\u00e9 sa carri\u00e8re de 23&nbsp;ans \u00e0 titre d\u2019experte en sinistres ind\u00e9pendante o\u00f9 elle s\u2019est sp\u00e9cialis\u00e9e dans les sinistres complexes, de responsabilit\u00e9 civile et de risque sp\u00e9cial. \u00c0 titre de gestionnaire de succursale, Rena embauchait, formait, encadrait et entra\u00eenait plusieurs experts en sinistres. Elle poursuit des \u00e9tudes sup\u00e9rieures \u00e0 temps partiel en neuro-psychologie et traumatisme dans le but d\u2019apprendre comment les deux conditions pourraient toucher l\u2019engagement de l\u2019assur\u00e9 quant aux sinistres catastrophiques. Titulaire d\u2019une ma\u00eetrise en analyse et gestion de conflits, Rena est munie des d\u00e9signations CRM, PAA et d\u2019un certificat en expertise en r\u00e8glement de sinistres, niveau&nbsp;3.<\/p>\r\n<\/div>\r\n<\/div>\r\n<\/div>\r\n<\/div>\r\n        <\/div>\r\n    <\/div>\r\n<\/div>\r\n<\/section>\r\n<script type=\"application\/ld+json\">\r\n{\r\n  \"@context\": \"https:\/\/schema.org\",\r\n  \"@type\": \"WebPage\",\r\n  \"mainEntityOfPage\": {\r\n    \"@type\": \"Article\",\r\n    \"@id\": \"https:\/\/www.squareone.ca\/fr\/centres-ressources\/bases-assurance\/degats-eau\"\r\n  },\r\n  \"author\": [\r\n    {\r\n      \"@type\": \"Person\",\r\n      \"name\": \"Square One team\"\r\n    }\r\n  ],\r\n  \"reviewedBy\": [\r\n    {\r\n      \"@type\": \"Person\",\r\n      \"name\": \"Rena Novotny\",\r\n      \"url\": \"https:\/\/www.squareone.ca\/fr\/a-propos-de-nous\/experts\/rena-novotny\"\r\n    }\r\n  ],\r\n  \"headline\": \"Les d\u00e9g\u00e2ts d\u2019eau et l\u2019assurance habitation\",\r\n  \"datePublished\": \"\",\r\n  \"dateModified\": \"\",\r\n  \"inLanguage\": \"fr-CA\",\r\n  \"isAccessibleForFree\": true\r\n}\r\n<\/script>\r\n<script type=\"application\/ld+json\">\r\n{\r\n  \"@context\": \"https:\/\/schema.org\",\r\n  \"@type\": \"FAQPage\",\r\n  \"mainEntity\": {\r\n    \"@type\": \"Question\",\r\n    \"name\": \"Comment prot\u00e9ger votre habitation contre les d\u00e9g\u00e2ts d\u2019eau\",\r\n    \"acceptedAnswer\": {\r\n      \"@type\": \"Answer\",\r\n      \"text\": \"D\u00e9gagez les goutti\u00e8res et les syst\u00e8mes de drainage des feuilles, des d\u00e9chets et des nids d\u2019animaux. Dirigez les tuyaux de descente \u00e0 3\u00a0m\u00e8tres de la maison et inclinez la cour de fa\u00e7on \u00e0 ce qu\u2019elle soit \u00e0 l\u2019\u00e9cart de la fondation. Installez une pompe \u00e0 puisard, au besoin. Installez un clapet anti-refoulement sur la conduite d\u2019\u00e9gout de votre maison. Dans la mesure du possible, branchez les appareils \u00e0 l\u2019alimentation en eau de la maison \u00e0 l\u2019aide des tuyaux en acier tress\u00e9. Soyez attentif lorsque vous branchez les tuyaux d\u2019alimentation en eau au frigo. Examinez les bourrelets de fen\u00eatre et de porte pour des signes d\u2019usure et appliquez du mastic au besoin. Comblez les fissures dans les murs de la fondation et du plancher du sous-sol. En hiver, fermez et videz les tuyaux de plomberie qui passent \u00e0 travers une partie non chauff\u00e9e de votre domicile, ainsi que tous les tuyaux qui d\u00e9charge de l\u2019eau \u00e0 l\u2019ext\u00e9rieur. Trouvez l\u2019emplacement du robinet d\u2019arr\u00eat d\u2019eau de la maison.\"\r\n    }\r\n  }\r\n}\r\n<\/script>","protected":false},"excerpt":{"rendered":"<p>Peut-on souscrire une assurance contre les d\u00e9g\u00e2ts d\u2019eau? \u00c9valu\u00e9 par Rena Novotny Au Canada, la m\u00e9t\u00e9o fait partie de la vie. Il est impossible de pr\u00e9voir avec exactitude le temps, mais lorsque la pluie frappe, les r\u00e9percussions peuvent \u00eatre s\u00e9v\u00e8res. Les temp\u00eates de pluie deviennent de plus en plus fr\u00e9quentes et s\u00e9v\u00e8res, endommageant les habitations [&hellip;]<\/p>\n","protected":false},"author":2,"featured_media":0,"parent":50045,"menu_order":20,"comment_status":"open","ping_status":"closed","template":"page-article-new.php","meta":{"_acf_changed":false,"footnotes":""},"class_list":["post-61009","page","type-page","status-publish","hentry"],"acf":[],"_links":{"self":[{"href":"https:\/\/www.squareone.ca\/fr\/wp-json\/wp\/v2\/pages\/61009","targetHints":{"allow":["GET"]}}],"collection":[{"href":"https:\/\/www.squareone.ca\/fr\/wp-json\/wp\/v2\/pages"}],"about":[{"href":"https:\/\/www.squareone.ca\/fr\/wp-json\/wp\/v2\/types\/page"}],"author":[{"embeddable":true,"href":"https:\/\/www.squareone.ca\/fr\/wp-json\/wp\/v2\/users\/2"}],"replies":[{"embeddable":true,"href":"https:\/\/www.squareone.ca\/fr\/wp-json\/wp\/v2\/comments?post=61009"}],"version-history":[{"count":11,"href":"https:\/\/www.squareone.ca\/fr\/wp-json\/wp\/v2\/pages\/61009\/revisions"}],"predecessor-version":[{"id":75669,"href":"https:\/\/www.squareone.ca\/fr\/wp-json\/wp\/v2\/pages\/61009\/revisions\/75669"}],"up":[{"embeddable":true,"href":"https:\/\/www.squareone.ca\/fr\/wp-json\/wp\/v2\/pages\/50045"}],"wp:attachment":[{"href":"https:\/\/www.squareone.ca\/fr\/wp-json\/wp\/v2\/media?parent=61009"}],"curies":[{"name":"wp","href":"https:\/\/api.w.org\/{rel}","templated":true}]}}