{"id":61026,"date":"2022-11-21T10:53:44","date_gmt":"2022-11-21T18:53:44","guid":{"rendered":"https:\/\/www.squareone.ca\/soutien\/bases-assurance-conseils\/proprietaire-bailleur\/exigence-assurance-locataire"},"modified":"2025-08-28T10:03:05","modified_gmt":"2025-08-28T17:03:05","slug":"exigence-assurance-locataire","status":"publish","type":"page","link":"https:\/\/www.squareone.ca\/fr\/centres-ressources\/proprietaire-bailleur\/exigence-assurance-locataire","title":{"rendered":"Pourquoi vos locataires ont-ils besoin d\u2019assurance?"},"content":{"rendered":"<section id='intro' class=\"bg-shape-split bg-sub-page-hero\">\r\n    <div class=\"bg-position\">\r\n        <div class=\"container-fluid\">\r\n            <div class=\"row align-items-center\">\r\n                <div class=\"col-12 col-lg-8\">\r\n                    <h1>Pourquoi vos locataires ont-ils besoin d\u2019assurance?<\/h1>\r\n<strong>Article r\u00e9dig\u00e9 par l'\u00e9quipe de Square One<\/strong>\r\n\r\n\t\t\t\t\t<p><strong>\u00c9valu\u00e9 par <a href=\"https:\/\/www.squareone.ca\/fr\/a-propos-de-nous\/experts\/daniel-mirkovic\" title=\"Expert : Daniel Mirkovic\">Daniel Mirkovic<\/a><\/strong><\/p>\r\n\t\t\t\t\t<p class=\"pb-4\" style=\"margin-top:-24px\">Mis \u00e0 jour le 21 juin 2024<\/p>\t\t\t\t\r\n                <\/div>\r\n            <\/div>\r\n\r\n            <div class=\"row\">\r\n                <div class=\"col-lg-8\">\r\n                    <p class=\"display-4\">Si vous \u00eates propri\u00e9taire bailleur ou gestionnaire immobilier, vos locataires ont-ils souscrit leur propre police d\u2019assurance? Oui, vous dites? Super! Vous dormirez sur les deux oreilles. Sinon, nous vous encourageons \u00e0 lire la suite.<\/p>\r\n                    <p class=\"display-4\">\u00c0 titre de propri\u00e9taire immobilier, vous \u00eates en toute probabilit\u00e9 oblig\u00e9 de souscrire une <a href=\"\/fr\/biens-immobiliers-locatifs\" title=\"Assurance biens immobiliers\">assurance pour vos biens immobiliers<\/a>. Vos locataires, en revanche, ne sont pas oblig\u00e9s de souscrire une assurance pour leurs biens meubles. Bien que <a href=\"\/fr\/locataire\" title=\"Assurance locataire\">l\u2019assurance locataire<\/a> ne soit pas obligatoire ou requise par la loi, il y trois raisons irr\u00e9futables pour que vous insistiez sur le fait que vos locataires souscrivent une assurance locataire.<\/p>\r\n                    <p class=\"pt-2\"><img decoding=\"async\" src=\"https:\/\/cdn.squareone.ca\/wp-content\/uploads\/2022\/11\/28165159\/exigence-assurance-locataire-scaled.jpg\" title=\"Pourquoi vos locataires ont-ils besoin d\u2019assurance?\" alt=\"Un locataire signe un contrat\" width=\"248px\" class=\"img-fluid\" rel=\"noopener noreferrer\" \/><\/p>\r\n                <\/div>\r\n\r\n                <div class=\"col-lg-3 offset-lg-1\">\r\n                    <p class=\"mb-2 display-4 pt-4 pt-lg-0 pt-mb-0\"><strong>Th\u00e8mes<\/strong><\/p>\r\n                    <ul class=\"list-unstyled link-list display-4\">\r\n                        <li><a href='#Legal'>Raisons juridiques<\/a><\/li>\r\n                        <li><a href='#Protect-tenants'>Protection de vos locataires<\/a><\/li>\r\n                        <li><a href='#Unwanted-tenants'>\u00c9limination de locataires ind\u00e9sirables<\/a><\/li>\r\n                        <li><a href='#Considerations'>Assurance habitation et autres consid\u00e9rations<\/a><\/li>\r\n                        <li><a href=\"#FAQ\">Questions fr\u00e9quemment pos\u00e9es<\/a><\/li>\r\n                    <\/ul>\r\n                <\/div>\r\n            <\/div>  \r\n        <\/div>\r\n    <\/div>\r\n    <div class=\"bg-bottom\"><\/div>\r\n<\/section>\r\n\r\n<section>\r\n<div class=\"container-fluid py-6\">\r\n    <div class=\"row\">\r\n        <div class=\"col-12 col-lg-8\">\r\n            <h2 id=\"Legal\">Raisons juridiques<\/h2>\r\n            <p>Si votre locataire cause involontairement des dommages \u00e0 votre habitation ou \u00e0 l\u2019immeuble en appartements de l\u2019unit\u00e9 locative, l\u2019assurance locataire s\u2019av\u00e8re tr\u00e8s pratique. Voici des exemples simples des situations o\u00f9 cette couverture pourrait s\u2019appliquer\u00a0: votre locataire fait la cuisine et provoque involontairement un incendie qui endommage non seulement son unit\u00e9, mais \u00e9galement l\u2019immeuble en entier, ou votre locataire oublie de fermer un robinet dans le lavabo ou la baignoire et le d\u00e9bordement de l\u2019eau cause des d\u00e9g\u00e2ts consid\u00e9rables. Bien que votre assurance biens immobiliers puisse couvrir les dommages \u00e0 l\u2019immeuble, vous pouvez \u00e9galement \u00eatre rembours\u00e9 par l\u2019interm\u00e9diaire de l\u2019assurance responsabilit\u00e9 civile de votre locataire. \u00c9tant donn\u00e9 que la r\u00e9clamation serait pr\u00e9sent\u00e9e contre sa police et pas contre la v\u00f4tre, il y aura tr\u00e8s peu, voire aucun, impact sur votre prime. Il est envisageable d\u2019exiger une <a href=\"\/fr\/centres-ressources\/bases-assurance\/assurance-responsabilite-civile\" title=\"Qu\u2019est-ce que l\u2019assurance responsabilit\u00e9 civile?\">assurance responsabilit\u00e9 civile de 1\u00a0million de dollars<\/a> minimum de vos locataires.<\/p>\r\n\r\n            <h2 id=\"Protect-tenants\">Protection de vos locataires<\/h2>\r\n            <p>En cas d\u2019impr\u00e9vu, il est important que vos locataires aient leur propre assurance. Votre assurance biens immobiliers locatifs ne couvre pas les pertes ou dommages aux biens meubles de votre locataire. Si vos locataires ont souscrit une <a href=\"\/fr\/biens-meubles\" title=\"Assurance biens meubles\">assurance biens meubles<\/a>, leurs biens meubles sont couverts dans l\u2019habitation et g\u00e9n\u00e9ralement dans le monde entier, de quoi vous donner tranquillit\u00e9 d\u2019esprit. L\u2019assurance locataire comprend \u00e9galement une couverture pour les frais de subsistance suppl\u00e9mentaires engag\u00e9s par vos locataires s\u2019ils doivent quitter les lieux pendant la reconstruction de l\u2019unit\u00e9 locative.<\/p>\r\n\r\n            <p>Au pis aller, vous serez tranquille en sachant que vos locataires ont une couverture pour <a href=\"\/fr\/centres-ressources\/bases-assurance\/frais-subsistance-supplementaires\" title=\"Qu\u2019est-ce que les frais de subsistance suppl\u00e9mentaires?\">r\u00e9gler les frais d\u2019h\u00e9bergement temporaire<\/a> pendant qu\u2019ils recherchent un nouveau domicile ou attendent la fin des travaux. Ainsi, vous pourrez vous concentrer sur la reconstruction de votre habitation, sans avoir \u00e0 vous pr\u00e9occuper de l\u2019h\u00e9bergement de vos locataires ou de trouver les fonds pour remplacer leurs biens meubles.<\/p>\r\n\r\n            <h2 id=\"Unwanted-tenants\">\u00c9limination de locataires ind\u00e9sirables<\/h2>\r\n            <p>Le fait d\u2019exiger la souscription d\u2019une assurance locataire pourrait d\u00e9courager les locataires peu convenables. Par exemple, si un candidat n\u2019est pas admissible \u00e0 l\u2019assurance locataire, d\u00e9sirez-vous l\u2019avoir comme locataire? Il est possible que les locataires qui n\u2019ont pas les moyens de souscrire une assurance locataire soient d\u00e9courag\u00e9s de postuler. Chez Square One, les polices de locataire commencent \u00e0 partir de 12\u00a0$\/mois selon les couvertures s\u00e9lectionn\u00e9es. Si un locataire n\u2019a pas les moyens de se prot\u00e9ger et de prot\u00e9ger ses biens meubles ou ne souhaite pas le faire, cela peut \u00eatre un indicateur de probl\u00e8mes financiers ou un manque de soins ou de responsabilit\u00e9 de sa part, de quoi vous mettre la puce \u00e0 l\u2019oreille.<\/p>\r\n\t\t\t\r\n\t\t\t<\/div>\r\n        <\/div>\r\n    <\/div>\r\n<\/section>\r\n\r\n\t<section class=\"bg-transparent\">\n\t\t<img decoding=\"async\" src=\"\/sales\/images\/bgs\/bg-mid-page-cta-general-top.svg\" style=\"width: 100%; vertical-align: bottom; position: relative; top: 1px\"\/>\n\t\t\n\t\t<div class=\"bg-darkTeal py-3\">\t\t\t\n\t\t\t<div class=\"container-fluid\">\n\t\t\t\t<div class=\"row d-flex align-items-center pb-5\">\n\t\t\t\t\t<div class=\"col-12 col-md-8 offset-md-2 px-lg-5 pb-5 pb-lg-0\">\n\t\t\t\t\t\t<div class=\"h6 mb-4 text-primary text-uppercase text-center\">\n\t\t\t\t\t\t\tCela ne prend que 5\u00a0minutes \n\t\t\t\t\t\t<\/div>\t\t\n\t\t\t\t\t\t\t\t\t\t\t\n\t\t\t\t\t\t<p class=\"lead px-lg-5 text-white\">\n\t\t\t\t\t\t\t<strong class=\"d-inline-block text-uc-first\">Pr\u00eat \u00e0 obtenir une soumission en ligne? <\/strong> Votre temps est aussi pr\u00e9cieux que vos possessions. Obtenez une soumission d'assurance habitation en <strong>5 minutes<\/strong>. C\u2019est moins de temps qu\u2019il n\u2019en faut pour faire la file pour un caf\u00e9.\n\t\t\t\t\t\t<\/p>\t\t\t\n\t\n\t\t\t\t\t\t<div id=\"sq1-qw-3cac3f14a64f\" class=\"sq1-quote-widget mb-4 text-white\" data-quote-widget-type=\"HOME\" data-has-custom-text=\"true\">\n\t\t\t\t\t\t\t<div class=\"input-group input-group-focus-within bg-white my-4\">\n\t\t\t\t\t\t\t\t<div>\n\t\t\t\t\t\t\t\t\t<div class=\"input-group-text\">\n\t\t\t\t\t\t\t\t\t\t<i class=\"fa fa-map-marker d-block text-black\"><\/i>\n\t\t\t\t\t\t\t\t\t<\/div>\n\t\t\t\t\t\t\t\t<\/div>\n\t\t\t\t\t\t\t\t<input type=\"text\" class=\"form-control\" style=\"padding: 10px;\" placeholder=\"Enter an address\" aria-label=\"Inscrivez votre adresse pour obtenir une soumission\"\/>\n\t\t\t\t\t\t\t\t<div>\n\t\t\t\t\t\t\t\t\t<button class=\"btn btn-primary\">Obtenir une soumission en ligne d\u00e8s maintenant<\/button>\n\t\t\t\t\t\t\t\t<\/div>\n\t\t\t\t\t\t\t<\/div>\n\t\t\t\t\t\t<\/div>\n\t\t\t\t\t\t\n\t\t\t\t\t\t<p class=\"small text-white\">Avant de commencer, veuillez lire notre <a href=\"https:\/\/www.squareone.ca\/fr\/politique-confidentialite\" target=\"_blank\" rel=\"noreferrer noopener\">Politique de confidentialit\u00e9<\/a> et nos <a href=\"https:\/\/www.squareone.ca\/fr\/conditions-utilisation\" target=\"_blank\" rel=\"noreferrer noopener\">Conditions d\u2019utilisation<\/a>.<\/p>\t\n\t\n\t\t\t\t\t\t<script type=\"text\/javascript\">\n\t\t\t\t\t\t(function() {\n\t\t\t\t\t\t\tdocument.addEventListener('soiMiscJsLoaded', function() {\n\t\t\t\t\t\t        $(document).ready(function() {\n\t\t\t\t\t\t\t\t\tsoiQuoteWidget.processFormWidget('\/sales\/index.php\/json_quote_widget?rand=' +Math.random(), 'qwContainer'); \/\/populate quoting widget with content from symfony.\n\t\t\t\t\t\t\t\t});\n\t\t\t\t\t\t\t});\n\t\t\t\t\t\t})();\n\t\t\t\t\t\t<\/script>\n\t\t\t\t\t<\/div>\n\t\t\t\t<\/div>\n\t\t\t<\/div>\n\t\t<\/div>\n\t\t\n\t\t<img decoding=\"async\" src=\"\/sales\/images\/bgs\/bg-mid-page-cta-general-bottom.svg\" style=\"width: 100%; vertical-align: top\"\/>\t\t\n\t<\/section>\r\n\r\n<section>\r\n    <div class=\"container-fluid py-6\">\r\n        <div class=\"row\">\r\n            <div class=\"col-12 col-lg-8\">\r\n\r\n            <h2 id=\"Considerations\">Assurance habitation et autres consid\u00e9rations<\/h2>\r\n            <p>Un agent en assurance peut aider vos locataires \u00e0 souscrire rapidement une police assurance tout en vous fournissant des preuves d\u2019assurance. <\/p>\r\n\r\n            <p>\u00c0 mesure que le march\u00e9 r\u00e9sidentiel se serre, de plus en plus de propri\u00e9taires bailleurs exigent, au lieu de recommander, l\u2019assurance locataire. Effectivement, l\u2019assurance locataire peut \u00eatre l\u2019une des conditions d\u2019un contrat de bail. Consultez votre avocat pour d\u00e9terminer si vous pouvez modifier le contrat de bail pour exiger l\u2019assurance locataire. Vous pouvez \u00e9galement consulter votre fournisseur d\u2019assurance pour voir si le fait d\u2019exiger l\u2019assurance locataire vous donne des \u00e9conomies sur votre prime. Dans certains cas, votre assureur pourrait exiger que vos locataires souscrivent une assurance selon <a href=\"\/fr\/centres-ressources\/lexique-assurance\/occupation\" title=\"D\u00e9finition : occupation\">l&rsquo;occupation<\/a> de votre habitation.<\/p>\r\n\r\n            <p>Les polices d\u2019assurance locataire de Square One proposent les couvertures les plus importantes aux primes les plus abordables pour vos locataires. Un agent de Square One peut souscrire une police au t\u00e9l\u00e9phone et envoyer la documentation au client en quelques minutes. Les clients peuvent souscrire une police en ligne. C\u2019est facile et convivial et g\u00e9n\u00e9ralement ne prend que 10\u00a0minutes au plus. Un agent peut expliquer \u00e0 vos locataires les avantages de l\u2019assurance locataire et les diff\u00e9rentes protections. <\/p>\r\n\r\n            <p>Demandez une <a href=\"\/fr\/centres-ressources\/lexique-assurance\/note-de-couverture\" title=\"D\u00e9finition : note de couverture\">attestation d\u2019assurance<\/a> de la part de vos locataires afin de confirmer qu\u2019ils ont souscrit une police. Souvent, un propri\u00e9taire bailleur exige ce document avant de donner les cl\u00e9s au locataire. L\u2019attestation \u00e9nonce les limitations de couverture, la date de cr\u00e9ation de la police, le num\u00e9ro de police et le nom du fournisseur d\u2019assurance. En raison des lois sur la protection des renseignements confidentiels, l\u2019assureur ne peut pas divulguer des d\u00e9tails au sujet de l\u2019assurance de vos locataires; toutefois, l\u2019assureur devrait \u00eatre en mesure de vous confirmer en tout temps si la police est en vigueur.<\/p>\r\n\r\n            <h2 id=\"FAQ\">Questions fr\u00e9quemment pos\u00e9es<\/h2>\r\n\r\n            <h3>Un locataire a-t-il \u00e9galement besoin d\u2019une assurance habitation?<\/h3>\r\n\r\n            <p>Le locataire n\u2019a pas besoin de couverture pour l\u2019immeuble ou b\u00e2timent dans lequel il loue son logement, car il n\u2019y a pas un <a href=\"\/fr\/centres-ressources\/lexique-assurance\/interet-assurable\" title=\"D\u00e9finition : int\u00e9r\u00eat assurable\">int\u00e9r\u00eat assurable<\/a>. L\u2019assurance du propri\u00e9taire bailleur prot\u00e8ge l\u2019immeuble ou le b\u00e2timent; la police du locataire ne prot\u00e8ge que les possessions du locataire et non celles du propri\u00e9taire bailleur.<\/p>\r\n\r\n            <h3>L\u2019assurance locataire couvre-t-elle le locataire si celui-ci doit abandonner l\u2019habitation en cas de reconstruction?<\/h3> \r\n            <p>Si votre locataire doit quitter les lieux en raison de travaux importants, vous ne voulez pas avoir \u00e0 payer ses d\u00e9penses. Voici un autre avantage de l\u2019assurance locataire.<\/p>\r\n            <p>Admettons que vous souffrez des d\u00e9g\u00e2ts d\u2019eau inattendus et vous devez remplacer une partie du plancher. Les dommages sont assez importants que le locataire devra quitter les lieux pendant les travaux. Dans ce cas, il est probable que <a href=\"\/fr\/locataire\" title=\"Assurance locataire\">l\u2019assurance locataire<\/a> couvrira les frais de votre locataire pendant qu\u2019il recherche un logement temporaire. R\u00e9sultat\u00a0: moins de stress pour vous et votre locataire.<\/p>\r\n\r\n            <p>Le fait de comprendre les avantages de l\u2019assurance locataire pour vous et pour vos locataires vous permet d\u2019expliquer les raisons pour lesquelles vous l\u2019exigez.<\/p>\r\n\t\t\t\r\n           \r\n\t\r\n            <p><strong>Vous voulez en savoir plus?<\/strong> Consultez notre <a href=\"\/fr\/centres-ressources\/proprietaire-bailleur\" title=\"Centre de ressources : proprietaire-bailleur\">Centre de ressources&nbsp;: propri\u00e9taire-bailleur<\/a> pour acc\u00e9der \u00e0 des articles pratiques \u00e0 l'intention des propri\u00e9taires bailleurs. Ensuite, <a href=\"\/fr\/soumission-assurance-habitation-en-ligne\" title=\"Obtenir une soumission d\u2019assurance habitation en ligne\">obtenez une soumission d'assurance habitation en ligne<\/a> en moins de 5\u00a0minutes et d\u00e9couvrez \u00e0 quel point l\u2019assurance habitation personnalis\u00e9e peut \u00eatre abordable.<\/p>\r\n\r\n            <div class=\"row py-3\">\r\n<div class=\"col-12\">\r\n<div class=\"card review\" style=\"box-shadow: 0 2px 4px rgba(0,0,0,0.07);background-color:#f4f4f4;\">\r\n<div class=\"card-body\">\r\n\t<p class=\"text-primary h4\">\u00c0 propos de l\u2019expert&nbsp;: Daniel Mirkovic<\/p>\r\n\t<p>Cofondateur de Square One comptant plus de 25&nbsp;ans dans le secteur de l\u2019assurance, Daniel \u00e9tait vice-pr\u00e9sident des services d\u2019assurance et de voyage de la British Columbia Automobile Association (BCAA). Daniel est titulaire d'un baccalaur\u00e9at \u00e8s commerce et d'une ma\u00eetrise \u00e8s administration des affaires, tous deux obtenus \u00e0 la Sauder School of Business de l'universit\u00e9 de la Colombie-Britannique. Daniel est muni de la d\u00e9signation CAAC et d\u2019un certificat en assurance de dommages niveau&nbsp;3 en Colombie-Britannique, en Alberta, en Saskatchewan, au Manitoba et en Ontario.<\/p>\r\n<\/div>\r\n<\/div>\r\n<\/div>\r\n<\/div>\r\n\t\t\t\r\n        <\/div>\r\n    <\/div>\r\n<\/div>\r\n<\/section>\r\n<script type=\"application\/ld+json\">\r\n{\r\n  \"@context\": \"https:\/\/schema.org\",\r\n  \"@type\": \"FAQPage\",\r\n  \"mainEntity\": [{\r\n    \"@type\": \"Question\",\r\n    \"name\": \"Un locataire a-t-il \u00e9galement besoin d\u2019une assurance habitation?\",\r\n    \"acceptedAnswer\": {\r\n      \"@type\": \"Answer\",\r\n      \"text\": \"Le locataire n\u2019a pas besoin de couverture pour l\u2019immeuble ou b\u00e2timent dans lequel il loue son logement, car il n\u2019y a pas un int\u00e9r\u00eat assurable. L\u2019assurance du propri\u00e9taire bailleur prot\u00e8ge l\u2019immeuble ou le b\u00e2timent; la police du locataire ne prot\u00e8ge que les possessions du locataire et non celles du propri\u00e9taire bailleur.\"\r\n    }\r\n  },{\r\n    \"@type\": \"Question\",\r\n    \"name\": \"L\u2019assurance locataire couvre-t-elle le locataire si celui-ci doit abandonner l\u2019habitation en cas de reconstruction?\",\r\n    \"acceptedAnswer\": {\r\n      \"@type\": \"Answer\",\r\n      \"text\": \"Si votre locataire doit quitter les lieux en raison de travaux importants, vous ne voulez pas avoir \u00e0 payer ses d\u00e9penses. Voici un autre avantage de l\u2019assurance locataire. Admettons que vous souffrez des d\u00e9g\u00e2ts d\u2019eau inattendus et vous devez remplacer une partie du plancher. Les dommages sont assez importants que le locataire devra quitter les lieux pendant les travaux. Dans ce cas, il est probable que l\u2019assurance locataire couvrira les frais de votre locataire pendant qu\u2019il recherche un logement temporaire. R\u00e9sultat : moins de stress pour vous et votre locataire. Le fait de comprendre les avantages de l\u2019assurance locataire pour vous et pour vos locataires vous permet d\u2019expliquer les raisons pour lesquelles vous l\u2019exigez.\"\r\n    }\r\n  }]\r\n}\r\n<\/script>\r\n","protected":false},"excerpt":{"rendered":"<p>Pourquoi vos locataires ont-ils besoin d\u2019assurance? \u00c9valu\u00e9 par Daniel Mirkovic Si vous \u00eates propri\u00e9taire bailleur ou gestionnaire immobilier, vos locataires ont-ils souscrit leur propre police d\u2019assurance? Oui, vous dites? Super! Vous dormirez sur les deux oreilles. Sinon, nous vous encourageons \u00e0 lire la suite. \u00c0 titre de propri\u00e9taire immobilier, vous \u00eates en toute probabilit\u00e9 oblig\u00e9 [&hellip;]<\/p>\n","protected":false},"author":2,"featured_media":61146,"parent":53614,"menu_order":2,"comment_status":"open","ping_status":"closed","template":"page-article-new.php","meta":{"_acf_changed":false,"footnotes":""},"class_list":["post-61026","page","type-page","status-publish","has-post-thumbnail","hentry"],"acf":[],"_links":{"self":[{"href":"https:\/\/www.squareone.ca\/fr\/wp-json\/wp\/v2\/pages\/61026","targetHints":{"allow":["GET"]}}],"collection":[{"href":"https:\/\/www.squareone.ca\/fr\/wp-json\/wp\/v2\/pages"}],"about":[{"href":"https:\/\/www.squareone.ca\/fr\/wp-json\/wp\/v2\/types\/page"}],"author":[{"embeddable":true,"href":"https:\/\/www.squareone.ca\/fr\/wp-json\/wp\/v2\/users\/2"}],"replies":[{"embeddable":true,"href":"https:\/\/www.squareone.ca\/fr\/wp-json\/wp\/v2\/comments?post=61026"}],"version-history":[{"count":14,"href":"https:\/\/www.squareone.ca\/fr\/wp-json\/wp\/v2\/pages\/61026\/revisions"}],"predecessor-version":[{"id":76275,"href":"https:\/\/www.squareone.ca\/fr\/wp-json\/wp\/v2\/pages\/61026\/revisions\/76275"}],"up":[{"embeddable":true,"href":"https:\/\/www.squareone.ca\/fr\/wp-json\/wp\/v2\/pages\/53614"}],"wp:featuredmedia":[{"embeddable":true,"href":"https:\/\/www.squareone.ca\/fr\/wp-json\/wp\/v2\/media\/61146"}],"wp:attachment":[{"href":"https:\/\/www.squareone.ca\/fr\/wp-json\/wp\/v2\/media?parent=61026"}],"curies":[{"name":"wp","href":"https:\/\/api.w.org\/{rel}","templated":true}]}}