{"id":61214,"date":"2022-11-30T11:00:22","date_gmt":"2022-11-30T19:00:22","guid":{"rendered":"https:\/\/www.squareone.ca\/soutien\/bases-assurance-conseils\/centres-ressources-connaitre-votre-habitation\/bardage-exterieur"},"modified":"2025-10-06T11:26:25","modified_gmt":"2025-10-06T18:26:25","slug":"bardage-exterieur","status":"publish","type":"page","link":"https:\/\/www.squareone.ca\/fr\/centres-ressources\/connaitre-votre-habitation\/bardage","title":{"rendered":"Initiation au bardage ext\u00e9rieur"},"content":{"rendered":"<section id='intro' class=\"bg-shape-split bg-sub-page-hero\">\r\n    <div class=\"bg-position\">\r\n        <div class=\"container-fluid\">\r\n            <div class=\"row align-items-center\">\r\n                <div class=\"col-12 col-lg-8\">\r\n                    <h1>Initiation au bardage de votre habitation<\/h1>\r\n   <strong>Article r\u00e9dig\u00e9 par <a href=\"\/fr\/a-propos-de-nous\/contributeurs#anthony-michael\" title=\"Auteur : Anthony Michael\">Anthony Michael<\/a><\/strong>\r\n                    <div style=\"margin-top:48px;\"><p class=\"pb-4\" style=\"margin-top:-24px\">Mis \u00e0 jour le 18 juin 2024<\/p><\/div>\r\n                <\/div>\r\n            <\/div>\r\n\r\n            <div class=\"row\">\r\n                <div class=\"col-lg-8\">\r\n                    <p class=\"display-4\">Si vous \u00eates propri\u00e9taire occupant au Canada, vous savez jusqu\u2019\u00e0 quel point les conditions m\u00e9t\u00e9orologiques peuvent toucher votre maison. Chaque r\u00e9gion du pays et chaque saison pr\u00e9sente des d\u00e9fis uniques aux propri\u00e9taires occupants.<\/p>\r\n                    <p class=\"display-4\">Le type, la qualit\u00e9 et l\u2019entretien du bardage de votre maison sont des aspects cruciaux pour l\u2019apparence, le confort et le plaisir de votre habitation. \u00c9tant donn\u00e9 que le bardage est l\u2019une des premi\u00e8res lignes de d\u00e9fense de votre maison contre les \u00e9l\u00e9ments, vous avez int\u00e9r\u00eat \u00e0 vous assurer que vous avez le bardage appropri\u00e9 pour le climat de votre r\u00e9gion.<\/p>\r\n                    <p class=\"display-4\">Dans cet article, nous examinerons les principaux types de bardage, les prix, les avantages et inconv\u00e9nients, et les consid\u00e9rations en assurance.<\/p>\r\n                    <p class=\"pt-2\"><img decoding=\"async\" src=\"https:\/\/cdn.squareone.ca\/wp-content\/uploads\/2022\/11\/28113100\/home-siding-guide.jpg\" title=\"Guide de bardage ext\u00e9rieur\" alt=\"Gros plan de bardage de vinyle avec une base de pierre\" width=\"248px\"  class=\"img-fluid\" rel=\"noopener noreferrer\"\/><\/p>\r\n                <\/div>\r\n\r\n                <div class=\"col-lg-3 offset-lg-1\">          \r\n                    <p class=\"mb-2 display-4 pt-4 pt-lg-0 pt-mb-0\"><strong>Th\u00e8mes<\/strong><\/p>\r\n                        <ul class=\"list-unstyled link-list display-4\">\r\n                            <li><a href='#what-is'>Qu\u2019est-ce que le bardage?<\/a><\/li>  \r\n                            <li><a href='#different-types'>Types de bardage<\/a><\/li>\r\n                                <ul class=\"display-6\">\r\n                            \t\t<li type=\"disc\" style=\"font-size:18px\"><a href=\"#vinyl\">Vinyle<\/a><\/li>\r\n                            \t\t<li type=\"disc\" style=\"font-size:18px\"><a href=\"#wood\">Bois<\/a><\/li>\r\n                            \t\t<li type=\"disc\" style=\"font-size:18px\"><a href=\"#wood-fibre\">Fibre de bois<\/a><\/li>\r\n                            \t\t<li type=\"disc\" style=\"font-size:18px\"><a href=\"#brick\">Brique<\/a><\/li>\r\n                            \t\t<li type=\"disc\" style=\"font-size:18px\"><a href=\"#aluminum\">Aluminium<\/a><\/li>\r\n                            \t<\/ul>                                         \r\n                            <li><a href='#cost'>Prix de bardage<\/a><\/li>\r\n                            <li><a href='#home-insurance'>Consid\u00e9rations en assurance habitation<\/a><\/li>\r\n                            <li><a href=\"#FAQ\">Questions fr\u00e9quemment pos\u00e9es<\/a><\/li>\r\n                        <\/ul>\r\n                <\/div>\r\n            <\/div>  \r\n        <\/div>\r\n    <\/div>\r\n    <div class=\"bg-bottom\"><\/div>\r\n<\/section>\r\n<section>\r\n    <div class=\"container-fluid py-6\">\r\n        <div class=\"row\">\r\n            <div class=\"col-12 col-lg-8\">\r\n\r\n\t\t\t\t<h2 id=\"what-is\">Qu\u2019est-ce que le bardage?<\/h2>\r\n\r\n\t\t\t\t<p>Le bardage (aussi appel\u00e9 habillage ou rev\u00eatement ext\u00e9rieur) est le mat\u00e9riel protecteur fix\u00e9 au mur ext\u00e9rieur d\u2019une maison. Ce rev\u00eatement ext\u00e9rieur prot\u00e8ge la maison contre les \u00e9l\u00e9ments, comme le soleil, la pr\u00e9cipitation, la chaleur et le froid, les insectes, et les animaux. Le style du bardage ainsi que le mat\u00e9riel peut \u00e9galement am\u00e9liorer l\u2019allure esth\u00e9tique de la maison. Le bardage est fait de nombreux mat\u00e9riaux, comme le bois, la brique et le vinyle.<\/p>\r\n\r\n\t\t\t\t<h2 id=\"different-types\">Les diff\u00e9rents types de bardage<\/h2>\r\n\r\n\t\t\t\t<p>Il y a plusieurs types de bardage sur le march\u00e9. Dans cet article,nous examinerons le bardage de vinyle, de bois, de fibre de bois, de brique et d\u2019aluminium. Nous recommandons \u00e9galement que vous consultiez un professionnel en bardage qualifi\u00e9 pour d\u00e9terminer le rev\u00eatement le mieux adapt\u00e9 \u00e0 votre maison.<\/p>\r\n\r\n\t\t\t\t<h3 id=\"vinyl\">Vinyle<\/h3>\r\n\r\n\t\t\t\t<img decoding=\"async\" src=\"https:\/\/cdn.squareone.ca\/wp-content\/uploads\/2022\/11\/28175412\/siding-vinyl.jpg\" title=\"Bardage de vinyle\" alt=\"Un mur de maison couvert de bardage de vinyle de jaune l\u00e9ger avec des stores bruns et une fen\u00eatre\" width=\"800px\" class=\"img-fluid\" loading=\"lazy\"  \/>\r\n\t\t\t\t<div class=\"mb-4\">\t\r\n\t\t\t\t<small><a href=\"https:\/\/urbansiding.com\/the-cost-to-install-vinyl-siding-in-calgary\/\" title=\"Urban siding\" rel=\"noopener noreferrer nofollow\" target=\"_blank\">Source<\/a><\/small>\r\n\t\t\t\t<\/div>\r\n\r\n\t\t\t\t<p>Le vinyle est un mat\u00e9riel abordable et polyvalent qui requiert peu d\u2019entretien. Il est \u00e9galement offert en plusieurs styles et couleurs qui peuvent rehausser l\u2019attrait de votre maison. Bien que le vinyle soit durable (il a une esp\u00e9rance de vie maximum de 40\u00a0ans), il peut p\u00e2lir apr\u00e8s exposition \u00e0 la chaleur ou au soleil.<\/p>\r\n\r\n\t\t\t\t<h3 id=\"wood\">Bois<\/h3>\r\n\r\n\t\t\t\t<img decoding=\"async\" src=\"https:\/\/cdn.squareone.ca\/wp-content\/uploads\/2022\/11\/28175437\/siding-wood.jpg\" title=\"Bardage de bois\" alt=\"Maison moderne rev\u00eatue de bardage de bois et de grandes fen\u00eatres\" width=\"800px\" class=\"img-fluid\" loading=\"lazy\"  \/>\r\n\t\t\t\t<div class=\"mb-4\">\t\r\n\t\t\t\t<small><a href=\"https:\/\/www.novausawood.com\/wood-vs-vinyl-siding\" title=\"Nova USA\" rel=\"noopener noreferrer nofollow\" target=\"_blank\">Source<\/a><\/small>\r\n\t\t\t\t<\/div>\r\n\r\n\t\t\t\t<p>Le bardage de bois est plus r\u00e9pandu dans les r\u00e9gions rurales ou \u00e9loign\u00e9es, mais on le retrouve \u00e9galement dans les milieux urbains.<\/p>\r\n\r\n\t\t\t\t<p>Bien entretenu, le bardage de bois rehausse l\u2019attrait visuel de la maison et peut durer de 25 \u00e0 55\u00a0ans. Bien que le bois soit durable et abordable, il faut l\u2019entretenir p\u00e9riodiquement, surtout dans les r\u00e9gions humides et pluvieuses. Il est \u00e9galement susceptible aux dommages provoqu\u00e9s par les animaux nuisibles, les rongeurs et m\u00eame les pics-bois! L\u2019entretien comprend le remplacement des planches de bois pourrissantes, une nouvelle couche de peinture ou l\u2019application de l\u2019huile de lin toutes les quelques ann\u00e9es.<\/p>\r\n\r\n\t\t\t\t<h3 id=\"wood-fibre\">Fibre de bois<\/h3>\r\n\r\n\t\t\t\t<img decoding=\"async\" src=\"https:\/\/cdn.squareone.ca\/wp-content\/uploads\/2022\/11\/28175549\/siding-wood-fibre.jpg\" title=\"Bardage de fibre de bois\" alt=\"Un mur int\u00e9rieur rev\u00eatu de bardage de fibre de bois avec escalier\" width=\"800px\" class=\"img-fluid\" loading=\"lazy\"  \/>\r\n\t\t\t\t<div class=\"mb-4\">\t\r\n\t\t\t\t<small><a href=\"https:\/\/modern-materials.com\/ceraclad-faux-wood-fiber-cement-facades\/\" title=\"Modern Materials\" rel=\"noopener noreferrer nofollow\" target=\"_blank\">Source<\/a><\/small>\r\n\t\t\t\t<\/div>\r\n\r\n\t\t\t\t<p>Plus attirant que le vinyle, le fibre de bois est une solution de rechange un peu plus dispendieuse.<\/p>\r\n\r\n\t\t\t\t<p>Offerts en plusieurs styles et couleurs, le fibre de bois est r\u00e9sistant aux intemp\u00e9ries, \u00e9cologique et facile \u00e0 entretenir. En outre, la fibre de bois est plus r\u00e9sistante \u00e0 l\u2019humidit\u00e9 et aux rayons ultraviolets, et a une esp\u00e9rance de vie de 25 \u00e0 30\u00a0ans. Il est important de noter que ce mat\u00e9riel n\u2019est pas facile \u00e0 installer. Embauchez un professionnel de bonne r\u00e9putation afin d\u2019\u00e9viter l\u2019entretien et les r\u00e9parations majeures \u00e0 l\u2019avenir.<\/p>\r\n\r\n\t\t\t\t<h3 id=\"brick\">Brique<\/h3>\r\n\r\n\t\t\t\t<img decoding=\"async\" src=\"https:\/\/cdn.squareone.ca\/wp-content\/uploads\/2022\/11\/28175408\/siding-brick.png\" title=\"Bardage de brique\" alt=\"Une maison couverte de neige et rev\u00eatue du bardage de brique\" width=\"800px\" class=\"img-fluid\" loading=\"lazy\"  \/>\r\n\t\t\t\t<div class=\"mb-4\">\t\r\n\t\t\t\t<small><a href=\"https:\/\/www.textureplus.com\/brick-vs-stone\/\" title=\"Texture Plus\" rel=\"noopener noreferrer nofollow\" target=\"_blank\">Source<\/a><\/small>\r\n\t\t\t\t<\/div>\r\n\r\n\t\t\t\t<p>Faite de l\u2019argile cuite, la brique est durable, polyvalente, r\u00e9sistante aux intemp\u00e9ries et est offerte en plusieurs styles et tailles.<\/p>\r\n\r\n\t\t\t\t<p>Le rev\u00eatement ext\u00e9rieur de brique donne \u00e0 votre maison une touche de classe et d\u2019\u00e9l\u00e9gance comparativement aux autres types de bardage. Ce mat\u00e9riel a beaucoup d\u2019avantages\u00a0: la protection contre la moisissure, la r\u00e9sistance au feu, l\u2019entretien facile et une esp\u00e9rance de vie de 75\u00a0ans.<\/p>\r\n\r\n\t\t\t\t<p>Remarquez que le bardage de brique est plus dispendieux que les autres types de rev\u00eatement ext\u00e9rieur et les briques doivent \u00eatre pos\u00e9es par un professionnel. Qui plus est, la structure de la maison doit \u00eatre capable de soutenir le poids des briques.<\/p>\r\n\r\n\t\t\t\t<h3 id=\"aluminum\">Bardage d\u2019aluminium<\/h3>\r\n\r\n\t\t\t\t<img decoding=\"async\" src=\"https:\/\/cdn.squareone.ca\/wp-content\/uploads\/2022\/11\/28175406\/siding-aluminum.jpg\" title=\"Bardage d\u2019aluminium\" alt=\"Une maison moderne rev\u00eatue de bardage d\u2019aluminium\" width=\"800px\" class=\"img-fluid\" loading=\"lazy\"  \/>\r\n\t\t\t\t<div class=\"mb-4\">\t\r\n\t\t\t\t<small><a href=\"https:\/\/web.archive.org\/web\/20250814032946\/https:\/\/revampo.ca\/fr\/blog\/revetement-exterieur\/\" title=\"Revampo\" rel=\"noopener noreferrer nofollow\" target=\"_blank\">Source<\/a><\/small>\r\n\t\t\t\t<\/div>\r\n\r\n\t\t\t\t<p>Le bardage d\u2019aluminium repr\u00e9sente une solution abordable, durable et \u00e9cologique pour votre maison. Ce mat\u00e9riel est offert en diverses couleurs et peut m\u00eame \u00eatre peint. R\u00e9sistant au feu et aux intemp\u00e9ries, le bardage d\u2019aluminium a une esp\u00e9rance de vie de plus de 40\u00a0ans. De plus, il est facile \u00e0 entretenir; souvent une couche de peinture est suffisante pour restaurer les couleurs p\u00e2lissantes. En revanche, le bardage d\u2019aluminium a des inconv\u00e9nients\u00a0: il n\u2019est pas insonoris\u00e9, ce qui signifie que vous entendrez des bruits \u00e0 l\u2019int\u00e9rieur de la maison dans des conditions venteuses et pluvieuses. \u00c9tant donn\u00e9 que ce mat\u00e9riel est l\u00e9ger, il est \u00e9galement vuln\u00e9rable aux bosses.<\/p>\r\n\r\n\t\t\t\t<h2 id=\"cost\">Prix<\/h2>\r\n\r\n\t\t\t\t<p>Les prix de bardage varient selon la r\u00e9gion et la disponibilit\u00e9 de fournitures. Typiquement, les prix sont affich\u00e9s par pied carr\u00e9. Voici un tableau de prix approximatifs pour les diff\u00e9rents types de bardage ainsi que leurs esp\u00e9rances de vie\u00a0:<\/p>\r\n\r\n\t\t\t\t<table class=\"table-hover table-striped py-6\" width=\"85%\" border=\"1\">\r\n\r\n\t\t\t\t<tbody>\r\n\t\t\t\t\t<tr>\r\n\t\t\t\t\t<td width=\"25%\" class=\"text-center\">\r\n\t\t\t\t\t\t<strong>Type de bardage<\/strong>\r\n\t\t\t\t\t<\/td>\r\n\t\t\t\t\t<td width=\"30%\" class=\"text-center\">\r\n\t\t\t\t\t\t<strong>Prix par pied carr\u00e9<br>(y compris l\u2019installation)<\/strong>\r\n\t\t\t\t\t<\/td>\r\n\t\t\t\t\t<td width=\"25%\" class=\"text-center\">\r\n\t\t\t\t\t\t<strong>Esp\u00e9rance de vie<\/strong>\r\n\t\t\t\t\t<\/td>\r\n\t\t\t\t\t<\/tr>\r\n\t\t\t\t\t<tr>\r\n\t\t\t\t\t\t<td class=\"text-center\">\r\n\t\t\t\t\t\t\tVinyle\r\n\t\t\t\t\t\t<\/td>\r\n\t\t\t\t\t\t<td class=\"text-center\">\r\n\t\t\t\t\t\t\t2,50\u00a0$ \u00e0 8,00\u00a0$\r\n\t\t\t\t\t\t<\/td>\r\n\t\t\t\t\t\t<td class=\"text-center\">\r\n\t\t\t\t\t\t\t40\u00a0ans\r\n\t\t\t\t\t\t<\/td>\r\n\t\t\t\t\t<\/tr>\r\n\t\t\t\t\t<tr>\r\n\t\t\t\t\t\t<td class=\"text-center\">\r\n\t\t\t\t\t\t\tBois\r\n\t\t\t\t\t\t<\/td>\r\n\t\t\t\t\t\t<td class=\"text-center\">\r\n\t\t\t\t\t\t\t6,00\u00a0$ \u00e0 17,00\u00a0$\r\n\t\t\t\t\t\t<\/td>\r\n\t\t\t\t\t\t<td class=\"text-center\">\r\n\t\t\t\t\t\t\t25 \u00e0 55\u00a0ans\r\n\t\t\t\t\t\t<\/td>\r\n\t\t\t\t\t<\/tr>\r\n\t\t\t\t\t<tr>\r\n\t\t\t\t\t\t<td class=\"text-center\">\r\n\t\t\t\t\t\t\tFibre de bois\r\n\t\t\t\t\t\t<\/td>\r\n\t\t\t\t\t\t<td class=\"text-center\">\r\n\t\t\t\t\t\t\t4,00\u00a0$ \u00e0 14,00\u00a0$\r\n\t\t\t\t\t\t<\/td>\r\n\t\t\t\t\t\t<td class=\"text-center\">\r\n\t\t\t\t\t\t\t25 \u00e0 30\u00a0ans\r\n\t\t\t\t\t\t<\/td>\r\n\t\t\t\t\t<\/tr>\r\n\t\t\t\t\t<tr>\r\n\t\t\t\t\t\t<td class=\"text-center\">\r\n\t\t\t\t\t\t\tBrique\r\n\t\t\t\t\t\t<\/td>\r\n\t\t\t\t\t\t<td class=\"text-center\">\r\n\t\t\t\t\t\t\t13,00\u00a0$ \u00e0 55,00\u00a0$\r\n\t\t\t\t\t\t<\/td>\r\n\t\t\t\t\t\t<td class=\"text-center\">\r\n\t\t\t\t\t\t\t75\u00a0ans\r\n\t\t\t\t\t\t<\/td>\r\n\t\t\t\t\t<\/tr>\r\n\t\t\t\t\t<tr>\r\n\t\t\t\t\t\t<td class=\"text-center\">\r\n\t\t\t\t\t\t\tAluminium\r\n\t\t\t\t\t\t<\/td>\r\n\t\t\t\t\t\t<td class=\"text-center\">\r\n\t\t\t\t\t\t\t4,50\u00a0$ \u00e0 12,00\u00a0$\r\n\t\t\t\t\t\t<\/td>\r\n\t\t\t\t\t\t<td class=\"text-center\">\r\n\t\t\t\t\t\t\t40\u00a0ans\r\n\t\t\t\t\t\t<\/td>\r\n\t\t\t\t\t<\/tr>\r\n\t\t\t\t<\/tbody>\r\n\t\t\t\t<\/table>\r\n\r\n\t\t\t\t<div class=\"mb-4\">\r\n\t\t\t\t<small>Sources\u00a0: <a href=\"https:\/\/web.archive.org\/web\/20250814032946\/https:\/\/revampo.ca\/fr\/blog\/revetement-exterieur\/\" title=\"Revampo.ca\" rel=\"noopener noreferrer\" target=\"_blank\">Revampo.ca<\/a>, <a href=\"https:\/\/soumissionrenovation.ca\/fr\/blogue\/revetement-exterieur-prix-des-materiaux-et-installation\" title=\"SOUMISSIONRENOVATION.CA\" rel=\"noopener noreferrer\" target=\"_blank\">SOUMISSIONRENOVATION.CA<\/a><\/small>\r\n\t\t\t\t<\/div>\r\n\r\n\t\t\t\t<h2 id=\"home-insurance\">Consid\u00e9rations en assurance habitation<\/h2>\r\n\r\n\t\t\t\t<p>L\u2019assurance habitation couvre-t-elle les dommages au bardage? Cela d\u00e9pend du type de police et des exclusions.<\/p>\r\n\r\n\t\t\t\t<p>Si vous avez une police risques d\u00e9sign\u00e9s, vous devez souscrire une couverture pour le type de risque si vous voulez \u00eatre rembours\u00e9 en cas de sinistre. Par exemple, si votre bardage a \u00e9t\u00e9 endommag\u00e9 par le vent, mais vous n\u2019avez pas souscrit une protection contre le vent, votre r\u00e9clamation sera refus\u00e9e.<\/p>\r\n\r\n\t\t\t\t<p>Si vous avez une police <a href=\"\/fr\/habitation\/comprehensive\" title=\"Assurance habitation tous risques\">tous risques<\/a> (ou compr\u00e9hensive), comme la police d\u2019assurance habitation offerte par Square One, les dommages \u00e0 votre bardage seraient couverts, \u00e0 moins que le <a href=\"\/fr\/centres-ressources\/lexique-assurance\/risque\" title=\"D\u00e9finition : risque\">risque<\/a> soit exclu. V\u00e9rifiez votre police ou consultez votre fournisseur ou courtier d\u2019assurance pour d\u00e9terminer les risques exclus. Parmi les exclusions typiques, on retrouve les dommages caus\u00e9s par l\u2019usure (bois pourrissant, peinture \u00e9caill\u00e9e) ou par les animaux (ratons laveurs, pics-bois).<\/p>\r\n\r\n\t\t\t\t<p>Souvent, m\u00eame si vous avez une protection pour le bardage en vertu de votre police, celle-ci ne couvrira que la r\u00e9paration de la partie du bardage endommag\u00e9e dans le sinistre. Dans les cas o\u00f9 seulement un c\u00f4t\u00e9 de la maison subit des dommages (ce qui arrive souvent durant les temp\u00eates de gr\u00eale), il peut y avoir une discordance de couleur entre le nouveau bardage et le bardage us\u00e9 et p\u00e2li des autres c\u00f4t\u00e9s de la maison.<\/p>\r\n\r\n\t\t\t\t<p>Il est possible que certaines polices, comme la police de Square One, couvrent les frais raisonnables pour conserver une apparence uniforme. Dans cette optique, vous devez consulter le libell\u00e9 de votre police.<\/p>\r\n\r\n\t\t\t\t<p>Le bon entretien de votre bardage est \u00e9galement important lorsqu\u2019il s\u2019agit de souscrire une assurance habitation. L\u2019\u00e9tat du bardage pourrait influencer le montant de la prime ou m\u00eame l\u2019admissibilit\u00e9 \u00e0 l\u2019assurance. Si le bardage montre des signes de d\u00e9t\u00e9rioration, il est possible que l\u2019assureur refuse la demande d\u2019assurance. Au minimum, celui-ci peut vous exiger de remplacer le bardage selon un \u00e9ch\u00e9ancier sp\u00e9cifique.<\/p>\r\n\r\n\t\t\t\t<p>Une derni\u00e8re remarque au sujet de l\u2019assurance\u00a0: si un professionnel installe ou remplace votre bardage, assurez-vous que l\u2019entrepreneur (ou sa compagnie) a l\u2019assurance appropri\u00e9e. Sinon, vous pouvez \u00eatre tenu <a href=\"\/fr\/centres-ressources\/lexique-assurance\/responsabilite\" title=\"D\u00e9finition : responsabilit\u00e9\">responsable<\/a> de tout accident qui a lieu pendant les travaux.<\/p> \r\n\r\n\t\t\t\t<h2 id=\"FAQ\">Questions fr\u00e9quemment pos\u00e9es<\/h2>\r\n\r\n\t\t\t\t<h3>Dois-je embaucher un entrepreneur pour installer le bardage, ou puis-je l\u2019installer moi-m\u00eame?<\/h3>\r\n\r\n\t\t\t\t<p>En fonction de votre expertise et de votre niveau de confort, vous pouvez installer le bardage vous-m\u00eame, bien que certains types de rev\u00eatement, comme le fibrociment, la fibre de bois ou le bardage acrylique, soient plus complexes et doivent \u00eatre install\u00e9s par un professionnel. Comme toujours, communiquez avec un sp\u00e9cialiste qualifi\u00e9 avant d\u2019entreprendre ce genre de projet\u00a0: une installation mal faite peut \u00eatre co\u00fbteuse \u00e0 r\u00e9gler.<\/p>\r\n\r\n\t\t\t\t<h3>Quel est le type de bardage le plus convoit\u00e9?<\/h3> <\/h3>\r\n\r\n\t\t\t\t<p>Cela d\u00e9pend de la r\u00e9gion. Le vinyle est le rev\u00eatement le plus populaire au Qu\u00e9bec en raison de son prix raisonnable et sa polyvalence, tandis qu\u2019en Colombie-Britannique, le bardage de bois est r\u00e9pandu en raison de l\u2019accessibilit\u00e9 de cette ressource dans la province. Dans la r\u00e9gion du Grand Toronto, le rev\u00eatement de brique est monnaie courante.<\/p>\r\n\r\n\t\t\t\t<h3>Et le bardage de fibrociment ou de stuc? <\/h3>\r\n\r\n\t\t\t\t<p>Bien que le fibrociment soit attirant, r\u00e9sistant \u00e0 la moisissure et aux intemp\u00e9ries, et ait une esp\u00e9rance de vie d\u2019un maximum de 40\u00a0ans, l\u2019Ordre des architectes du Qu\u00e9bec a \u00e9t\u00e9 inform\u00e9 de plusieurs probl\u00e8mes survenant apr\u00e8s l\u2019installation\u00a0: fissures, d\u00e9coloration et surfaces qui ont tendance \u00e0 s\u2019\u00e9br\u00e9cher, entre autres.<\/p>\r\n\r\n\t\t\t\t<p>Le stuc est adapt\u00e9 aux climats chauds et secs; dans les conditions typiquement froides, humides et venteuses du Canada, le stuc peut rapidement se d\u00e9t\u00e9riorer et m\u00eame permettre la p\u00e9n\u00e9tration de l\u2019eau dans votre maison. Nous recommandons que vous communiquiez avec un professionnel qualifi\u00e9 avant de choisir ces types de bardage.<\/p>\r\n\r\n\t\t\t\t<p><strong>Vous voulez en savoir plus?<\/strong> Consultez notre <a href=\"\/fr\/centres-ressources\/connaitre-votre-habitation\" title=\"Centre de ressources : conna\u00eetre votre habitation\">Centre de ressources&nbsp;: conna\u00eetre votre habitation<\/a> pour tout savoir sur les syst\u00e8mes et fonctionnalit\u00e9s de votre habitation. Ensuite, <a href=\"\/fr\/soumission-assurance-habitation-en-ligne\" title=\"Obtenir une soumission d\u2019assurance habitation en ligne\">obtenez une soumission d'assurance habitation en ligne<\/a> en moins de 5\u00a0minutes et d\u00e9couvrez \u00e0 quel point l\u2019assurance habitation personnalis\u00e9e peut \u00eatre abordable.<\/p>\r\n\r\n\t\t\t<\/div>\r\n\t    <\/div>\r\n\t<\/div>\r\n<\/section>\r\n<script type=\"application\/ld+json\">\r\n{\r\n  \"@context\": \"https:\/\/schema.org\",\r\n  \"@type\": \"FAQPage\",\r\n  \"mainEntity\": [{\r\n    \"@type\": \"Question\",\r\n    \"name\": \"Dois-je embaucher un entrepreneur pour installer le bardage, ou puis-je l\u2019installer moi-m\u00eame?\",\r\n    \"acceptedAnswer\": {\r\n      \"@type\": \"Answer\",\r\n      \"text\": \"En fonction de votre expertise et de votre niveau de confort, vous pouvez installer le bardage vous-m\u00eame, bien que certains types de rev\u00eatement, comme le fibrociment, la fibre de bois ou le bardage acrylique, soient plus complexes et doivent \u00eatre install\u00e9s par un professionnel. Comme toujours, communiquez avec un sp\u00e9cialiste qualifi\u00e9 avant d\u2019entreprendre ce genre de projet\u00a0: une installation mal faite peut \u00eatre co\u00fbteuse \u00e0 r\u00e9gler.\"\r\n    }\r\n  },{\r\n    \"@type\": \"Question\",\r\n    \"name\": \"Quel est le type de bardage le plus convoit\u00e9?\",\r\n    \"acceptedAnswer\": {\r\n      \"@type\": \"Answer\",\r\n      \"text\": \"Cela d\u00e9pend de la r\u00e9gion. Le vinyle est le rev\u00eatement le plus populaire au Qu\u00e9bec en raison de son prix raisonnable et sa polyvalence, tandis qu\u2019en Colombie-Britannique, le bardage de bois est r\u00e9pandu en raison de l\u2019accessibilit\u00e9 de cette ressource dans la province. Dans la r\u00e9gion du Grand Toronto, le rev\u00eatement de brique est monnaie courante.\"\r\n    }\r\n  },{\r\n    \"@type\": \"Question\",\r\n    \"name\": \"Et le bardage de fibrociment ou de stuc?\",\r\n    \"acceptedAnswer\": {\r\n      \"@type\": \"Answer\",\r\n      \"text\": \"Bien que le fibrociment soit attirant, r\u00e9sistant \u00e0 la moisissure et aux intemp\u00e9ries, et ait une esp\u00e9rance de vie d\u2019un maximum de 40\u00a0ans, l\u2019Ordre des architectes du Qu\u00e9bec a \u00e9t\u00e9 inform\u00e9 de plusieurs probl\u00e8mes survenant apr\u00e8s l\u2019installation\u00a0: fissures, d\u00e9coloration et surfaces qui ont tendance \u00e0 s\u2019\u00e9br\u00e9cher, entre autres. Le stuc est adapt\u00e9 aux climats chauds et secs; dans les conditions typiquement froides, humides et venteuses du Canada, le stuc peut rapidement se d\u00e9t\u00e9riorer et m\u00eame permettre la p\u00e9n\u00e9tration de l\u2019eau dans votre maison. Nous recommandons que vous communiquiez avec un professionnel qualifi\u00e9 avant de choisir ces types de bardage.\"\r\n    }\r\n  }]\r\n}\r\n<\/script>\r\n<script type=\"application\/ld+json\">\r\n{\r\n  \"@context\": \"https:\/\/schema.org\",\r\n  \"@type\": \"WebPage\",\r\n  \"mainEntityOfPage\": {\r\n    \"@type\": \"Article\",\r\n    \"@id\": \"https:\/\/www.squareone.ca\/fr\/centres-ressources\/connaitre-votre-habitation\/bardage\"\r\n  },\r\n  \"author\": [\r\n    {\r\n      \"@type\": \"Person\",\r\n      \"name\": \"Anthony Michael\",\r\n      \"url\": \"https:\/\/www.squareone.ca\/fr\/a-propos-de-nous\/membres-equipe#anthony-michael\"\r\n    }\r\n  ],\r\n  \"headline\": \"Initiation au bardage ext\u00e9rieur\",\r\n  \"datePublished\": \"\",\r\n  \"dateModified\": \"\",\r\n  \"inLanguage\": \"fr-CA\",\r\n  \"isAccessibleForFree\": true\r\n}\r\n<\/script>\r\n","protected":false},"excerpt":{"rendered":"<p>Initiation au bardage de votre habitation Si vous \u00eates propri\u00e9taire occupant au Canada, vous savez jusqu\u2019\u00e0 quel point les conditions m\u00e9t\u00e9orologiques peuvent toucher votre maison. Chaque r\u00e9gion du pays et chaque saison pr\u00e9sente des d\u00e9fis uniques aux propri\u00e9taires occupants. Le type, la qualit\u00e9 et l\u2019entretien du bardage de votre maison sont des aspects cruciaux pour [&hellip;]<\/p>\n","protected":false},"author":20,"featured_media":61105,"parent":52967,"menu_order":0,"comment_status":"closed","ping_status":"closed","template":"page-article-new.php","meta":{"_acf_changed":false,"footnotes":""},"class_list":["post-61214","page","type-page","status-publish","has-post-thumbnail","hentry"],"acf":[],"_links":{"self":[{"href":"https:\/\/www.squareone.ca\/fr\/wp-json\/wp\/v2\/pages\/61214","targetHints":{"allow":["GET"]}}],"collection":[{"href":"https:\/\/www.squareone.ca\/fr\/wp-json\/wp\/v2\/pages"}],"about":[{"href":"https:\/\/www.squareone.ca\/fr\/wp-json\/wp\/v2\/types\/page"}],"author":[{"embeddable":true,"href":"https:\/\/www.squareone.ca\/fr\/wp-json\/wp\/v2\/users\/20"}],"replies":[{"embeddable":true,"href":"https:\/\/www.squareone.ca\/fr\/wp-json\/wp\/v2\/comments?post=61214"}],"version-history":[{"count":10,"href":"https:\/\/www.squareone.ca\/fr\/wp-json\/wp\/v2\/pages\/61214\/revisions"}],"predecessor-version":[{"id":77086,"href":"https:\/\/www.squareone.ca\/fr\/wp-json\/wp\/v2\/pages\/61214\/revisions\/77086"}],"up":[{"embeddable":true,"href":"https:\/\/www.squareone.ca\/fr\/wp-json\/wp\/v2\/pages\/52967"}],"wp:featuredmedia":[{"embeddable":true,"href":"https:\/\/www.squareone.ca\/fr\/wp-json\/wp\/v2\/media\/61105"}],"wp:attachment":[{"href":"https:\/\/www.squareone.ca\/fr\/wp-json\/wp\/v2\/media?parent=61214"}],"curies":[{"name":"wp","href":"https:\/\/api.w.org\/{rel}","templated":true}]}}