{"id":61239,"date":"2022-12-02T15:29:39","date_gmt":"2022-12-02T23:29:39","guid":{"rendered":"https:\/\/www.squareone.ca\/soutien\/bases-assurance-conseils\/achat-vente-demenagement-habitation\/initiation-unites-entreposage"},"modified":"2025-09-29T09:52:37","modified_gmt":"2025-09-29T16:52:37","slug":"initiation-unites-entreposage","status":"publish","type":"page","link":"https:\/\/www.squareone.ca\/fr\/centres-ressources\/achat-vente-demenagement-habitation\/initiation-unites-entreposage","title":{"rendered":"Initiation aux unit\u00e9s d\u2019entreposage"},"content":{"rendered":"<section id='intro' class=\"bg-shape-split bg-sub-page-hero\">\r\n    <div class=\"bg-position\">\r\n        <div class=\"container-fluid\">\r\n            <div class=\"row align-items-center\">\r\n                <div class=\"col-12 col-lg-8\">\r\n                    <h1>Initiation aux unit\u00e9s d&rsquo;entreposage<\/h1>\r\n<strong>Article r\u00e9dig\u00e9 par <a href=\"\/fr\/a-propos-de-nous\/contributeurs#anthony-michael\" title=\"Auteur : Anthony Michael\">Anthony Michael<\/a><\/strong>\r\n                    <div style=\"margin-top:48px;\"><p class=\"pb-4\" style=\"margin-top:-24px\">Mis \u00e0 jour le 18 juin 2024<\/p><\/div>\r\n                <\/div>\r\n            <\/div>\r\n\r\n            <div class=\"row\">\r\n                <div class=\"col-lg-8\">\r\n                    <p class=\"display-4\">Vous venez d\u2019acheter la maison de vos r\u00eaves, mais elle ne sera pas pr\u00eate \u00e0 la date de cl\u00f4ture de votre habitation actuelle. Votre fille emm\u00e9nage dans la chambre d\u2019amis de votre maison que vous utilisez pour l&rsquo;entreposage. Ou, peut-\u00eatre votre maison subit des r\u00e9novations importantes.<\/p>\r\n                    <p class=\"display-4\">Vous demandez-vous o\u00f9 mettre vos possessions? Pas de panique \u2014 vous pouvez toujours louer une unit\u00e9 d\u2019entreposage.<\/p>\r\n                    <p class=\"display-4\">Lisez la suite pour d\u00e9couvrir tout ce qu\u2019il faut savoir au sujet des unit\u00e9s d\u2019entreposage et la fa\u00e7on dont elles impactent votre assurance.<\/p>\r\n                    <p class=\"pt-2\"><img decoding=\"async\" src=\"https:\/\/cdn.squareone.ca\/wp-content\/uploads\/2022\/11\/28104536\/storage-unit-guide.jpg\" title=\"Initiation aux unit\u00e9s d\u2019entreposage\" alt=\"Vue ext\u00e9rieure d\u2019un centre d\u2019entreposage libre-service avec portes-rideaux rouges\" width=\"248px\" class=\"img-fluid\" rel=\"noopener noreferrer\"\/><\/p>\r\n\r\n                <\/div>\r\n\r\n                <div class=\"col-lg-3 offset-lg-1\">          \r\n                    <p class=\"mb-2 display-4 pt-4 pt-lg-0 pt-mb-0\"><strong>Th\u00e8mes<\/strong><\/p>\r\n                        <ul class=\"list-unstyled link-list display-4\">\r\n                            <li><a href='#what-is'>Qu\u2019est-ce qu\u2019une unit\u00e9 d\u2019entreposage?<\/a><\/li>  \r\n                            <li><a href='#reasons-to-use'>Pourquoi utiliser une unit\u00e9 d\u2019entreposage?<\/a><\/li>                                         \r\n                            <li><a href='#how-to-rent'>Location d\u2019une unit\u00e9 d\u2019entreposage<\/a><\/li>\r\n                            \t<ul class=\"display-6\">\r\n                            \t\t<li type=\"disc\" style=\"font-size:18px\"><a href=\"#what-to-look-for\">Que rechercher dans une unit\u00e9 d\u2019entreposage<\/a><\/li>\r\n                            \t\t<li type=\"disc\" style=\"font-size:18px\"><a href=\"#rental-agreement\">Le contrat de location<\/a><\/li>\r\n                            \t\t<li type=\"disc\" style=\"font-size:18px\"><a href=\"#preparing\">Pr\u00e9paration de vos affaires<\/a><\/li>\r\n                            \t\t<li type=\"disc\" style=\"font-size:18px\"><a href=\"#transportation\">Transport de vos affaires<\/a><\/li>\r\n                            \t\t<li type=\"disc\" style=\"font-size:18px\"><a href=\"#organizing\">Organisation de l\u2019unit\u00e9 d\u2019entreposage<\/a><\/li>\r\n                            \t<\/ul>\r\n                            <li><a href='#home-insurance'>Consid\u00e9rations en assurance habitation<\/a><\/li>\r\n                            <li><a href=\"#FAQ\">Questions fr\u00e9quemment pos\u00e9es<\/a><\/li>\r\n                        <\/ul>\r\n                <\/div>\r\n            <\/div>  \r\n        <\/div>\r\n    <\/div>\r\n    <div class=\"bg-bottom\"><\/div>\r\n<\/section>\r\n<section>\r\n    <div class=\"container-fluid py-6\">\r\n        <div class=\"row\">\r\n            <div class=\"col-12 col-lg-8\">\r\n\r\n\t\t\t\t<h2 id=\"what-is\">Qu\u2019est-ce qu\u2019une unit\u00e9 d\u2019entreposage?<\/h2>\r\n\r\n\t\t\t\t<p>Une unit\u00e9 d\u2019entreposage est un espace semi-clos ou enti\u00e8rement clos destin\u00e9 principalement \u00e0 l\u2019entreposage des biens meubles. Le locataire peut acc\u00e9der \u00e0 l\u2019unit\u00e9 d\u2019entreposage, conform\u00e9ment aux conditions du contrat de location.<\/p>\r\n\r\n\t\t\t\t<p>Il y a deux types d\u2019unit\u00e9s\u00a0: les unit\u00e9s aux services complets et les unit\u00e9s libre-service. Une compagnie d\u2019entreposage aux services complets viendra chercher vos possessions et les livrera \u00e0 l\u2019unit\u00e9 d\u2019entreposage. Dans certains cas, les clients peuvent demander et programmer le ramassage et la livraison par l\u2019interm\u00e9diaire de leur t\u00e9l\u00e9phone intelligent. Une compagnie aux services complets pourrait m\u00eame prendre des photos de vos possessions et les documenter. Remarquez que ces unit\u00e9s sont plus dispendieuses.<\/p>\r\n\r\n\t\t\t\t<p>Les unit\u00e9s d\u2019entreposage libre-service sont la solution la plus convoit\u00e9e sur le march\u00e9. Les clients sont responsables de livrer et de ramasser leurs possessions. Les compagnies d\u2019entreposage libre-service ne documentent pas les possessions des clients et ne surveillent pas ce qui est dans l\u2019unit\u00e9. Ces unit\u00e9s sont moins dispendieuses que les unit\u00e9s aux services complets.<\/p>\r\n\r\n\t\t\t\t<p>Il y a \u00e9galement des unit\u00e9s d\u2019entreposage int\u00e9rieures et ext\u00e9rieures. Les unit\u00e9s int\u00e9rieures offrent une plus grande s\u00e9curit\u00e9 et sont souvent \u00e0 ambiance contr\u00f4l\u00e9e pour prot\u00e9ger vos possessions contre les \u00e9l\u00e9ments. L\u2019entreposage int\u00e9rieur est id\u00e9al pour les articles pr\u00e9cieux, fragiles ou vuln\u00e9rables aux dommages caus\u00e9s par les rongeurs, les insectes ou les \u00e9l\u00e9ments.<\/p>\r\n\r\n\t\t\t\t<p>Les unit\u00e9s d\u2019entreposage ext\u00e9rieures, en revanche, sont couvertes et ferm\u00e9es \u00e0 cl\u00e9, mais ne sont pas \u00e0 ambiance contr\u00f4l\u00e9e. L\u2019un des avantages des unit\u00e9s ext\u00e9rieures c\u2019est que les clients peuvent stationner leur v\u00e9hicule devant l\u2019unit\u00e9 pour charger et d\u00e9charger leurs affaires.<\/p>\r\n\r\n\t\t\t\t<h2 id=\"reasons-to-use\">Pourquoi utiliser une unit\u00e9 d\u2019entreposage?<\/h2>\r\n\r\n\t\t\t\t<p>Les gens utilisent les unit\u00e9s d\u2019entreposage pour de nombreuses raisons. Par exemple, pour l\u2019entreposage saisonnier de d\u00e9corations des F\u00eates, de costumes ou de l\u2019\u00e9quipement de jardin. Ou pour l\u2019entreposage de v\u00e9hicules, comme les bateaux, les motocyclettes ou les automobiles.<\/p>\r\n\r\n\t\t\t\t<p>En fait, les unit\u00e9s d\u2019entreposage sont pratiques pour entreposer presque toute possession que vous ne voulez pas garder dans la maison (ou pour laquelle vous n\u2019avez pas de place). Un \u00e9tudiant universitaire pourrait d\u00e9cider d\u2019entreposer ses affaires au lieu de les trimballer \u00e0 la maison apr\u00e8s la fin de l\u2019ann\u00e9e scolaire.<\/p>\r\n\r\n\t\t\t\t<p>Peu importe les raisons pour utiliser une unit\u00e9 d\u2019entreposage, il s\u2019agit d\u2019un moyen pratique pour entreposer ses possessions de mani\u00e8re s\u00e9curitaire.<\/p>\r\n\r\n\t\t\t\t<h2 id=\"how-to-rent\">Comment louer une unit\u00e9 d\u2019entreposage<\/h2>\r\n\r\n\t\t\t\t<p>Avant de louer une unit\u00e9, il y a quelques facteurs \u00e0 prendre en consid\u00e9ration.<\/p>\r\n\r\n\t\t\t\t<p>Premi\u00e8rement, vous devez avoir une id\u00e9e de la superficie requise pour abriter vos possessions, ainsi que le type d\u2019unit\u00e9 (int\u00e9rieure\/ext\u00e9rieure, services complets\/libre-service) selon votre budget.<\/p>\r\n\r\n\t\t\t\t<p>Vous pouvez r\u00e9server une unit\u00e9 d\u2019entreposage en ligne ou en personne en signant une entente ou un contrat de location. Si vous r\u00e9servez votre unit\u00e9 en personne, vous pouvez mieux conna\u00eetre le centre d\u2019entreposage. Vous devez \u00e9galement choisir la superficie de l\u2019unit\u00e9\u00a0: la plupart des compagnies d\u2019entreposage proposent g\u00e9n\u00e9ralement des unit\u00e9s de 5\u00a0pi<sup>2<\/sup> par 5\u00a0pi<sup>2<\/sup>, 5\u00a0pi<sup>2<\/sup> par 10\u00a0pi<sup>2<\/sup>, 10\u00a0pi<sup>2<\/sup> par 10\u00a0pi<sup>2<\/sup>, 10\u00a0pi<sup>2<\/sup> par 15\u00a0pi<sup>2<\/sup> et 10\u00a0pi<sup>2<\/sup> par 20\u00a0pi<sup>2<\/sup>.<\/p>\r\n\r\n\t\t\t\t<p>Finalement, fixez une date d\u2019emm\u00e9nagement et procurez-vous un cadenas solide.<\/p>\r\n\r\n\t\t\t\t<h3 id=\"what-to-look-for\">Que recherchez dans une unit\u00e9 d\u2019entreposage<\/h3>\r\n\r\n\t\t\t\t<p>Avant de prendre votre d\u00e9cision, vous devrez examiner plusieurs facteurs. Pensez aux aspects comme l\u2019ambiance contr\u00f4l\u00e9e, l\u2019accessibilit\u00e9, le nombre de cadenas, la surveillance, les prix, la superficie des unit\u00e9s, ainsi que la s\u00e9curit\u00e9.<\/p>\r\n\r\n\t\t\t\t<p>Par exemple, l\u2019unit\u00e9 d\u2019entreposage est-elle accessible 24\u00a0heures sur 24? Le centre d\u2019entreposage est-il bien \u00e9clair\u00e9? La compagnie d\u2019entreposage a-t-elle une bonne r\u00e9putation?<\/p>\r\n\r\n\t\t\t\t<p>Les unit\u00e9s \u00e0 ambiance contr\u00f4l\u00e9e constituent une solution int\u00e9ressante, surtout si vous entreposez des meubles et des v\u00eatements. Une unit\u00e9 \u00e0 ambiance contr\u00f4l\u00e9e prot\u00e8ge vos possessions des temp\u00e9ratures extr\u00eames et de l\u2019humidit\u00e9, tout en emp\u00eachant la moisissure et les autres conditions nuisibles. N\u2019oubliez pas que la moisissure peut se former sur le papier, le carton, les produits de bois, le tissu et la garniture. R\u00e9sultat\u00a0: si vous comptez entreposer des articles faits de ces mat\u00e9riaux, vous avez besoin d\u2019unit\u00e9 \u00e0 ambiance contr\u00f4l\u00e9e.<\/p>\r\n\r\n\t\t\t\t<h3 id=\"rental-agreement\">Le contrat de location<\/h3>\r\n\r\n\t\t\t\t<p>L\u2019entente et le contrat de location indiquent les conditions du bail. \u00c9tant donn\u00e9 qu\u2019il s\u2019agit d\u2019un document ex\u00e9cutoire, vous devez prendre le temps de le lire en profondeur avant de signer, car il y a beaucoup de renseignements importants l\u00e0-dedans!<\/p>\r\n\r\n\t\t\t\t<p>Le contrat comprend beaucoup d\u2019information, entre autres\u00a0:<\/p>\r\n\r\n\t\t\t\t<ul>\r\n\t\t\t\t\t<li>La description de l\u2019unit\u00e9<\/li>\r\n\t\t\t\t\t<li>La dur\u00e9e du contrat de location<\/li>\r\n\t\t\t\t\t<li>Le montant du loyer<\/li>\r\n\t\t\t\t\t<li>Les dates des paiements<\/li>\r\n\t\t\t\t\t<li>Le montant du d\u00e9p\u00f4t de garantie<\/li>\r\n\t\t\t\t\t<li>Le mode de paiement<\/li>\r\n\t\t\t\t\t<li>Les conditions de non paiement<\/li>\r\n\t\t\t\t\t<li>Les frais suppl\u00e9mentaires<\/li>\r\n\t\t\t\t\t<li>Les droits et les responsabilit\u00e9s du locataire<\/li>\r\n\t\t\t\t\t<li>Les droits et les responsabilit\u00e9s du propri\u00e9taire bailleur<\/li>\r\n\t\t\t\t\t<li>Les conditions de r\u00e9siliation<\/li>\r\n\t\t\t\t\t<li>Ce que vous pouvez entreposer et ne pas entreposer dans l\u2019unit\u00e9<\/li>\r\n\t\t\t\t\t<li>La limite de valeur des articles entrepos\u00e9s dans l\u2019unit\u00e9<\/li>\r\n\t\t\t\t\t<li>Le processus de d\u00e9part<\/li>\r\n\t\t\t\t<\/ul>\r\n\r\n\t\t\t\t<p>Si vous n\u2019\u00eates pas certain des conditions, assurez-vous d\u2019obtenir des pr\u00e9cisions de la part du repr\u00e9sentant de la compagnie d\u2019entreposage.<\/p>\r\n\r\n           <\/div>\r\n        <\/div>\r\n    <\/div>\r\n<\/section>\r\n\r\n\t<section class=\"bg-transparent\">\n\t\t<img decoding=\"async\" src=\"\/sales\/images\/bgs\/bg-mid-page-cta-general-top.svg\" style=\"width: 100%; vertical-align: bottom; position: relative; top: 1px\"\/>\n\t\t\n\t\t<div class=\"bg-darkTeal py-3\">\t\t\t\n\t\t\t<div class=\"container-fluid\">\n\t\t\t\t<div class=\"row d-flex align-items-center pb-5\">\n\t\t\t\t\t<div class=\"col-12 col-md-8 offset-md-2 px-lg-5 pb-5 pb-lg-0\">\n\t\t\t\t\t\t<div class=\"h6 mb-4 text-primary text-uppercase text-center\">\n\t\t\t\t\t\t\tCela ne prend que 5\u00a0minutes \n\t\t\t\t\t\t<\/div>\t\t\n\t\t\t\t\t\t\t\t\t\t\t\n\t\t\t\t\t\t<p class=\"lead px-lg-5 text-white\">\n\t\t\t\t\t\t\t<strong class=\"d-inline-block text-uc-first\">Pr\u00eat \u00e0 obtenir une soumission en ligne? <\/strong> Votre temps est aussi pr\u00e9cieux que vos possessions. Obtenez une soumission d'assurance habitation en <strong>5 minutes<\/strong>. C\u2019est moins de temps qu\u2019il n\u2019en faut pour faire la file pour un caf\u00e9.\n\t\t\t\t\t\t<\/p>\t\t\t\n\t\n\t\t\t\t\t\t<div id=\"sq1-qw-7cfa596ac8ca\" class=\"sq1-quote-widget mb-4 text-white\" data-quote-widget-type=\"HOME\" data-has-custom-text=\"true\">\n\t\t\t\t\t\t\t<div class=\"input-group input-group-focus-within bg-white my-4\">\n\t\t\t\t\t\t\t\t<div>\n\t\t\t\t\t\t\t\t\t<div class=\"input-group-text\">\n\t\t\t\t\t\t\t\t\t\t<i class=\"fa fa-map-marker d-block text-black\"><\/i>\n\t\t\t\t\t\t\t\t\t<\/div>\n\t\t\t\t\t\t\t\t<\/div>\n\t\t\t\t\t\t\t\t<input type=\"text\" class=\"form-control\" style=\"padding: 10px;\" placeholder=\"Enter an address\" aria-label=\"Inscrivez votre adresse pour obtenir une soumission\"\/>\n\t\t\t\t\t\t\t\t<div>\n\t\t\t\t\t\t\t\t\t<button class=\"btn btn-primary\">Obtenir une soumission en ligne d\u00e8s maintenant<\/button>\n\t\t\t\t\t\t\t\t<\/div>\n\t\t\t\t\t\t\t<\/div>\n\t\t\t\t\t\t<\/div>\n\t\t\t\t\t\t\n\t\t\t\t\t\t<p class=\"small text-white\">Avant de commencer, veuillez lire notre <a href=\"https:\/\/www.squareone.ca\/fr\/politique-confidentialite\" target=\"_blank\" rel=\"noreferrer noopener\">Politique de confidentialit\u00e9<\/a> et nos <a href=\"https:\/\/www.squareone.ca\/fr\/conditions-utilisation\" target=\"_blank\" rel=\"noreferrer noopener\">Conditions d\u2019utilisation<\/a>.<\/p>\t\n\t\n\t\t\t\t\t\t<script type=\"text\/javascript\">\n\t\t\t\t\t\t(function() {\n\t\t\t\t\t\t\tdocument.addEventListener('soiMiscJsLoaded', function() {\n\t\t\t\t\t\t        $(document).ready(function() {\n\t\t\t\t\t\t\t\t\tsoiQuoteWidget.processFormWidget('\/sales\/index.php\/json_quote_widget?rand=' +Math.random(), 'qwContainer'); \/\/populate quoting widget with content from symfony.\n\t\t\t\t\t\t\t\t});\n\t\t\t\t\t\t\t});\n\t\t\t\t\t\t})();\n\t\t\t\t\t\t<\/script>\n\t\t\t\t\t<\/div>\n\t\t\t\t<\/div>\n\t\t\t<\/div>\n\t\t<\/div>\n\t\t\n\t\t<img decoding=\"async\" src=\"\/sales\/images\/bgs\/bg-mid-page-cta-general-bottom.svg\" style=\"width: 100%; vertical-align: top\"\/>\t\t\n\t<\/section>\r\n\r\n<section>\r\n    <div class=\"container-fluid py-6\">\r\n        <div class=\"row\">\r\n            <div class=\"col-12 col-lg-8\">\r\n\r\n\t\t\t\t<h3 id=\"preparing\">Pr\u00e9paration de vos articles pour l\u2019entreposage<\/h3>\r\n\r\n\t\t\t\t<p>Tr\u00e8s bien, vous avez fait vos recherches et avez trouv\u00e9 le centre d\u2019entreposage id\u00e9al. F\u00e9licitations! Maintenant, vous devez pr\u00e9parer vos possessions pour l\u2019entreposage.<\/p>\r\n\r\n\t\t\t\t<p>La premi\u00e8re \u00e9tape c\u2019est de vous familiariser avec les r\u00e8glements et les restrictions du centre d\u2019entreposage. Par exemple, les compagnies d\u2019entreposage ne permettent pas les articles dangereux ou inflammables, comme les feux d\u2019artifice et les produits chimiques. Les aliments p\u00e9rissables, eux, sont \u00e9galement interdits.<\/p>\r\n\r\n\t\t\t\t<p>Ensuite, vous devriez dresser un inventaire d\u00e9taill\u00e9 de vos possessions, car il est tr\u00e8s facile d\u2019oublier ce que vous avez entrepos\u00e9. R\u00e9digez une liste ou cr\u00e9ez une feuille de calcul et prenez des photos de vos possessions \u00e0 des fins d\u2019assurance. Assurez-vous que vos articles sont propres, secs et d\u00e9sinfect\u00e9s avant de les emballer. N\u2019oubliez pas d\u2019\u00e9tiqueter vos bo\u00eetes et bacs, afin de retrouver facilement vos possessions. Vous pouvez \u00e9galement utiliser des bacs transparents au lieu des bo\u00eetes de carton.<\/p>\r\n\r\n\t\t\t\t<p>Si vous entreposez des meubles, d\u00e9montez-les afin de cr\u00e9er plus de place pour les bo\u00eetes et les bacs. Vous pouvez \u00e9galement emballer les meubles plus fragiles, comme les t\u00eates de lit ou les miroirs.<\/p>\r\n\r\n\t\t\t\t<h3 id=\"transportation\">Transport de vos possessions au centre d\u2019entreposage<\/h3>\r\n\r\n\t\t\t\t<p>Une fois que vous aurez organis\u00e9 vos possessions, vous devrez les transporter au centre d\u2019entreposage.<\/p>\r\n\r\n\t\t\t\t<p>Si vous avez choisi une compagnie aux services complets, vous n\u2019avez pas \u00e0 vous soucier de tout cela, la compagnie s\u2019en occupera. Sinon, vous pouvez vous servir de votre propre v\u00e9hicule ou louer un camion. Certaines compagnies d\u2019entreposage fourniront gratuitement un camion.<\/p>\r\n\r\n\t\t\t\t<h3 id=\"organizing\">Organisation de vos possessions dans l\u2019unit\u00e9 d\u2019entreposage<\/h3>\r\n\r\n\t\t\t\t<p>Placez strat\u00e9giquement vos possessions dans l\u2019unit\u00e9 d\u2019entreposage. Entreposez de grands articles lourds, comme les meubles, sur le sol et vers le fond de l\u2019unit\u00e9. Il est envisageable de mettre les articles fragiles vers le haut afin d\u2019\u00e9viter les dommages, alors que les objets comme les miroirs et les tableaux devraient \u00eatre entrepos\u00e9s verticalement. Placez les articles que vous devez sortir plus fr\u00e9quemment vers le devant de l\u2019unit\u00e9.<\/p>\r\n\r\n\t\t\t\t<h2 id=\"home-insurance\">Les unit\u00e9s d\u2019entreposage et l\u2019assurance habitation<\/h2>\r\n\r\n\t\t\t\t<p>La plupart des fournisseurs d\u2019assurance habitation n\u2019offrent pas de couverture pour les articles entrepos\u00e9s de mani\u00e8re <em>permanente<\/em> dans un centre d\u2019entreposage. Dans ce cas, vous devriez souscrire une police d\u2019assurance pour unit\u00e9 d\u2019entreposage. Cependant, il y a des limitations avec ce type de couverture. Par exemple, pour entreposez une motocyclette ou une automobile, vous devriez souscrire une police s\u00e9par\u00e9e, car les v\u00e9hicules ne sont pas couverts dans le cadre d\u2019une police d\u2019assurance habitation.<\/p>\r\n\r\n\t\t\t\t<p>En revanche, la plupart des compagnies d\u2019assurance fourniraient une protection pour les <a href=\"\/fr\/centres-ressources\/lexique-assurance\/biens-meubles\" title=\"D\u00e9finition : biens meubles\">biens meubles<\/a> entrepos\u00e9s <em>temporairement<\/em> dans une unit\u00e9 d\u2019entreposage. Par exemple, si vous entreposez certaines de vos possessions dans un centre d\u2019entreposage pendant des r\u00e9novations dans votre habitation.<\/p>\r\n\r\n\t\t\t\t<p>Si vous entreposez des biens meubles dans une unit\u00e9 d\u2019entreposage pendant un d\u00e9m\u00e9nagement, Square One couvrira vos biens \u00e0 condition que l\u2019habitation d\u2019origine et l\u2019habitation de destination soient assur\u00e9es. Nous recommandons que vous communiquiez avec votre fournisseur d\u2019assurance pour confirmer la couverture et les limitations pour les biens meubles entrepos\u00e9s dans les unit\u00e9s d\u2019entreposage.<\/p>\r\n\r\n\t\t\t\t<h2 id=\"FAQ\">Questions fr\u00e9quemment pos\u00e9es<\/h2>\r\n\r\n\t\t\t\t<h3>Pendant combien de temps puis-je louer une unit\u00e9 d\u2019entreposage?<\/h3>\r\n\r\n\t\t\t\t<p>G\u00e9n\u00e9ralement, il n\u2019y a pas de p\u00e9riode maximale pour louer une unit\u00e9 d\u2019entreposage. Cependant, la plupart des compagnies d\u2019entreposage auront une p\u00e9riode de location minimale et proposeront des contrats mensuels et hebdomadaires.<\/p>\r\n\r\n\t\t\t\t<h3>Quel est le co\u00fbt de louer une unit\u00e9 d\u2019entreposage?<\/h3>\r\n\r\n\t\t\t\t<p>Cela d\u00e9pend du nombre d\u2019articles \u00e0 entreposer et pendant combien de temps. La superficie de l\u2019unit\u00e9 influence \u00e9galement les frais de location. Certaines compagnies offrent des prix promotionnels, comme le \u00ab\u00a0premier mois gratuit\u00a0\u00bb.<\/p>\r\n\r\n\t\t\t\t<h3>Comment s\u2019effectuent les paiements?<\/h3>\r\n\r\n\t\t\t\t<p>G\u00e9n\u00e9ralement, les paiements sont mensuels \u00e0 une date sp\u00e9cifique. Il est important d\u2019effectuer vos paiements \u00e0 temps, car la plupart des compagnies vous imposeront des frais de retard. Dans certains cas, elles peuvent m\u00eame vous couper l\u2019acc\u00e8s \u00e0 l\u2019unit\u00e9 jusqu\u2019\u00e0 ce que les paiements soient \u00e0 jour.<\/p>\r\n\r\n\t\t\t\t<p><strong>Vous voulez apprendre davantage&nbsp;?<\/strong> Veuillez consulter notre page <a href=\"\/fr\/centres-ressources\" title=\"Centres de ressources\">Centres de ressources<\/a> o\u00f9 vous retrouverez des centaines d\u2019articles pratiques destin\u00e9s aux propri\u00e9taires occupants, aux copropri\u00e9taires, aux propri\u00e9taires bailleurs et aux locataires. Ensuite, <a href='\/fr\/soumission-assurance-habitation-en-ligne' title=\"Obtenir une soumission en ligne\">obtenir une soumission en ligne<\/a> en moins de 5 minutes et d\u00e9couvrez \u00e0 quel point l\u2019assurance habitation personnalis\u00e9e peut \u00eatre.<\/p>\r\n\r\n\t\t\t<\/div>\r\n\t    <\/div>\r\n\t<\/div>\r\n<\/section>\r\n<script type=\"application\/ld+json\">\r\n{\r\n  \"@context\": \"https:\/\/schema.org\",\r\n  \"@type\": \"FAQPage\",\r\n  \"mainEntity\": [{\r\n    \"@type\": \"Question\",\r\n    \"name\": \"Pendant combien de temps puis-je louer une unit\u00e9 d\u2019entreposage?\",\r\n    \"acceptedAnswer\": {\r\n      \"@type\": \"Answer\",\r\n      \"text\": \"G\u00e9n\u00e9ralement, il n\u2019y a pas de p\u00e9riode maximale pour louer une unit\u00e9 d\u2019entreposage. Cependant, la plupart des compagnies d\u2019entreposage auront une p\u00e9riode de location minimale et proposeront des contrats mensuels et hebdomadaires.\"\r\n    }\r\n  },{\r\n    \"@type\": \"Question\",\r\n    \"name\": \"Quel est le co\u00fbt de louer une unit\u00e9 d\u2019entreposage?\",\r\n    \"acceptedAnswer\": {\r\n      \"@type\": \"Answer\",\r\n      \"text\": \"Cela d\u00e9pend du nombre d\u2019articles \u00e0 entreposer et pendant combien de temps. La superficie de l\u2019unit\u00e9 influence \u00e9galement les frais de location. Certaines compagnies offrent des prix promotionnels, comme le \u00ab premier mois gratuit \u00bb.\"\r\n    }\r\n  },{\r\n    \"@type\": \"Question\",\r\n    \"name\": \"Comment s\u2019effectuent les paiements?\",\r\n    \"acceptedAnswer\": {\r\n      \"@type\": \"Answer\",\r\n      \"text\": \"G\u00e9n\u00e9ralement, les paiements sont mensuels \u00e0 une date sp\u00e9cifique. Il est important d\u2019effectuer vos paiements \u00e0 temps, car la plupart des compagnies vous imposeront des frais de retard. Dans certains cas, elles peuvent m\u00eame vous couper l\u2019acc\u00e8s \u00e0 l\u2019unit\u00e9 jusqu\u2019\u00e0 ce que les paiements soient \u00e0 jour.\"\r\n    }\r\n  }]\r\n}\r\n<\/script>\r\n<script type=\"application\/ld+json\">\r\n{\r\n     \"@context\": \"https:\/\/schema.org\",\r\n    \"@type\": \"WebPage\",\r\n    \"mainEntityOfPage\": {\r\n        \"@type\": \"Article\",\r\n        \"@id\": \"https:\/\/www.squareone.ca\/fr\/centres-ressources\/achat-vente-demenagement-habitation\/initiation-unites-entreposage\"\r\n    },\r\n    \"author\": [\r\n        {\r\n            \"@type\": \"Person\",\r\n            \"name\": \"Anthony Michael\",\r\n            \"url\": \"https:\/\/www.squareone.ca\/fr\/a-propos-de-nous\/membres-equipe#anthony-michael\"\r\n        }\r\n    ],\r\n    \"headline\": \"Initiation aux unit\u00e9s d\u2019entreposage\",\r\n  \"datePublished\": \"\",\r\n  \"dateModified\": \"\",\r\n    \"inLanguage\": \"fr-CA\",\r\n    \"isAccessibleForFree\": true\r\n}\r\n<\/script>\r\n","protected":false},"excerpt":{"rendered":"<p>Initiation aux unit\u00e9s d&rsquo;entreposage Vous venez d\u2019acheter la maison de vos r\u00eaves, mais elle ne sera pas pr\u00eate \u00e0 la date de cl\u00f4ture de votre habitation actuelle. Votre fille emm\u00e9nage dans la chambre d\u2019amis de votre maison que vous utilisez pour l&rsquo;entreposage. Ou, peut-\u00eatre votre maison subit des r\u00e9novations importantes. Vous demandez-vous o\u00f9 mettre vos [&hellip;]<\/p>\n","protected":false},"author":20,"featured_media":61084,"parent":51359,"menu_order":0,"comment_status":"closed","ping_status":"closed","template":"page-article-new.php","meta":{"_acf_changed":false,"footnotes":""},"class_list":["post-61239","page","type-page","status-publish","has-post-thumbnail","hentry"],"acf":[],"_links":{"self":[{"href":"https:\/\/www.squareone.ca\/fr\/wp-json\/wp\/v2\/pages\/61239","targetHints":{"allow":["GET"]}}],"collection":[{"href":"https:\/\/www.squareone.ca\/fr\/wp-json\/wp\/v2\/pages"}],"about":[{"href":"https:\/\/www.squareone.ca\/fr\/wp-json\/wp\/v2\/types\/page"}],"author":[{"embeddable":true,"href":"https:\/\/www.squareone.ca\/fr\/wp-json\/wp\/v2\/users\/20"}],"replies":[{"embeddable":true,"href":"https:\/\/www.squareone.ca\/fr\/wp-json\/wp\/v2\/comments?post=61239"}],"version-history":[{"count":12,"href":"https:\/\/www.squareone.ca\/fr\/wp-json\/wp\/v2\/pages\/61239\/revisions"}],"predecessor-version":[{"id":77043,"href":"https:\/\/www.squareone.ca\/fr\/wp-json\/wp\/v2\/pages\/61239\/revisions\/77043"}],"up":[{"embeddable":true,"href":"https:\/\/www.squareone.ca\/fr\/wp-json\/wp\/v2\/pages\/51359"}],"wp:featuredmedia":[{"embeddable":true,"href":"https:\/\/www.squareone.ca\/fr\/wp-json\/wp\/v2\/media\/61084"}],"wp:attachment":[{"href":"https:\/\/www.squareone.ca\/fr\/wp-json\/wp\/v2\/media?parent=61239"}],"curies":[{"name":"wp","href":"https:\/\/api.w.org\/{rel}","templated":true}]}}