{"id":61265,"date":"2022-12-06T12:04:24","date_gmt":"2022-12-06T20:04:24","guid":{"rendered":"https:\/\/www.squareone.ca\/soutien\/bases-assurance-conseils\/lexique-assurance\/definition-occupation"},"modified":"2025-12-08T14:36:09","modified_gmt":"2025-12-08T22:36:09","slug":"definition-occupation","status":"publish","type":"page","link":"https:\/\/www.squareone.ca\/fr\/centres-ressources\/lexique-assurance\/occupation","title":{"rendered":"D\u00e9finition : occupation"},"content":{"rendered":"<section id='intro' class=\"bg-shape-split bg-sub-page-hero\">\r\n\t<div class=\"bg-position\">\r\n\t\t<div class=\"container-fluid\">\r\n\t\t\t<div class=\"row align-items-center\">\r\n\t\t\t\t<div class=\"col-12 col-lg-8\">                \r\n\t\t\t\t\t<h1>Occupation<\/h1>\r\n\t\t\t\t\t<strong>Article r\u00e9dig\u00e9 par <a href=\"\/fr\/a-propos-de-nous\/contributeurs#seamus-mckale\" title=\"Auteur : Seamus McKale\">Seamus McKale<\/a><\/strong>\r\n                                        <p class=\"pb-3\"><strong>Article \u00e9valu\u00e9 par <a href=\"\/fr\/a-propos-de-nous\/experts\/daniel-mirkovic\" title=\"Expert : Daniel Mirkovic\">Daniel Mirkovic<\/a><\/strong><\/p> \r\n\t\t\t\t\t<p class=\"pb-4\" style=\"margin-top:-24px\">Mis \u00e0 jour le 6 novembre 2025<\/p>\r\n\t\t\t\t<\/div>\r\n\t\t\t<\/div>\r\n\r\n\t\t\t<div class=\"row\">\r\n\t\t\t\t<div class=\"col-lg-8\">\r\n\t\t\t\t\t<p class='mb-0'>Nom<\/p>\r\n\t\t\t\t\t<p>occ-u-pa-tion | \u02c8\u0254kypasj\u0254\u0303<\/p>\r\n\t\t\t\t\t<p class=\"display-4\"><strong><span class='text-orange'>D\u00e9finition\u00a0:<\/span> Dans une police d\u2019assurance habitation, la description des personnes r\u00e9sidant dans les lieux assur\u00e9s \u00e0 temps plein ou \u00e0 temps partiel.<\/strong><\/p>\r\n\t\t\t\t\t<p class=\"display-4\"><i>Stella a d\u00fb changer l\u2019\u00e9tat <strong>d\u2019occupation<\/strong> dans sa police d\u2019assurance habitation apr\u00e8s l\u2019emm\u00e9nagement de son nouveau locataire.<\/i><\/p>                   \r\n\t\t\t\t<\/div>\r\n\r\n\t\t\t\t<div class=\"col-lg-3 offset-lg-1\">          \r\n\t\t\t\t\t<p class=\"mb-2 display-4 pt-4 pt-lg-0 pt-mb-0\"><strong>Th\u00e8mes<\/strong><\/p>\r\n\t\t\t\t\t<ul class=\"list-unstyled link-list display-4\">\r\n\t\t\t\t\t\t<li><a href='#occupancy'>Qu\u2019est-ce que l\u2019occupation?<\/a><\/li>\r\n\t\t\t\t\t\t<li><a href='#vacant'>Vacant ou inoccup\u00e9<\/a><\/li>\r\n\t\t\t\t\t<\/ul>\r\n\t\t\t\t<\/div>\r\n\t\t\t<\/div>  \r\n\t\t<\/div>\r\n\t<\/div>\r\n\t<div class=\"bg-bottom\"><\/div>\r\n<\/section>\r\n\r\n<section>\r\n    <div class=\"container-fluid py-6\">\r\n        <div class=\"row\">\r\n            <div class=\"col-12 col-lg-8\">\r\n                <div class=\"row pb-6\">\r\n                    <div class=\"col-12\">\r\n                        <div class=\"card review\" style='background-color:#FFE0C9'>\r\n                            <div class=\"card-body\">\r\n                                <p class=\"h3\">L\u2019essentiel<\/p>\r\n                                <ul class='mb-0'>\r\n\t\t\t\t\t<li><p>L\u2019occupation est la partie d\u2019un contrat d\u2019assurance qui d\u00e9crit les personnes r\u00e9sidant dans l\u2019habitation et si celles-ci y r\u00e9sident \u00e0 temps plein ou \u00e0 temps partiel.<\/p><\/li>\r\n\t\t\t\t\t<li><p>Vous devez honn\u00eatement d\u00e9clarer l\u2019\u00e9tat d\u2019occupation de votre habitation aupr\u00e8s de votre fournisseur d\u2019assurance habitation au moment d\u2019obtenir une soumission ou de souscrire une police; sinon, vous risquez la r\u00e9siliation de votre police d\u2019assurance habitation.<\/p><\/li>\r\n\t\t\t\t\t<li><p>Il est imp\u00e9ratif d\u2019informer votre fournisseur d\u2019assurance habitation de tout changement \u00e0 l\u2019occupation de votre habitation; sinon, vous risquez la r\u00e9siliation de votre police d\u2019assurance habitation.<\/p><\/li>\r\n\t\t\t\t\t<li><p>Une habitation est vacante si les r\u00e9sidents sont partis sans l\u2019intention d\u2019y retourner. Si les r\u00e9sidents comptent y retourner, l\u2019habitation est jug\u00e9e d\u2019\u00eatre inoccup\u00e9e.<\/p><\/li>\r\n                                <\/ul>\r\n                            <\/div>\r\n                        <\/div>\r\n                    <\/div>\r\n                <\/div>\r\n\r\n\t\t\t\t<h2 id=\"occupancy\">Qu\u2019est-ce que l\u2019occupation?<\/h2>\r\n\t\t\t\t<p>L\u2019occupation est l\u2019un des \u00e9l\u00e9ments d\u2019information les plus importants dans une <a href=\"\/fr\/habitation\" title=\"Assurance habitation\">police d\u2019assurance habitation<\/a>. L\u2019occupation renvoie aux personnes qui vivent aux lieux assur\u00e9s et si celles-ci y vivent \u00e0 temps plein ou \u00e0 temps partiel.<\/p>\r\n\r\n\t\t\t\t<p>Les fournisseurs d\u2019assurance veulent savoir l\u2019\u00e9tat d\u2019occupation des lieux assur\u00e9s, car les diff\u00e9rents types d\u2019occupation pr\u00e9sentent des niveaux de risque divers. Par exemple, il y a beaucoup moins de chances qu\u2019une maison unifamiliale habit\u00e9e fait l\u2019objet d\u2019une effraction ou du vandalisme qu\u2019une maison vacante.<\/p> \r\n\r\n\t\t\t\t<p>L\u2019occupation est un \u00e9l\u00e9ment d\u2019information tr\u00e8s important dans un contrat d\u2019assurance. Remarquez qu\u2019une compagnie d\u2019assurance peut r\u00e9silier une police si l\u2019occupation indiqu\u00e9e n\u2019est pas correcte. Un changement d\u2019occupation constitue un changement mat\u00e9riel en assurance. Un changement mat\u00e9riel est un changement qui est suffisamment important pour rendre une police d\u2019assurance nulle si le propri\u00e9taire occupant ne le d\u00e9clare pas.<\/p>\r\n\r\n\t\t\t\t<p>Il faut toujours informer votre fournisseur d\u2019assurance habitation des changements d\u2019occupation de votre habitation! Si vous souscrivez une nouvelle police d\u2019assurance habitation, il faut toujours informer votre nouveau fournisseur d\u2019assurance habitation de l\u2019occupation de votre habitation; une fausse d\u00e9claration au sujet de l\u2019occupation peut rendre la police nulle en cas de r\u00e9clamation. Vous devez \u00e9galement informer votre fournisseur si vous n\u2019emm\u00e9nagez pas imm\u00e9diatement dans l\u2019habitation avant d\u2019en prendre possession.<\/p>\r\n\r\n\t\t\t\t<p>Heureusement, les changements d\u2019occupation sont rares. Un enfant qui quitte la maison pour l\u2019universit\u00e9 ne constitue pas un changement d\u2019occupation, ni une famille qui part en vacances pendant quelques semaines.<\/p>\r\n\r\n\t\t\t\t<p>Afin de vous donner une meilleure id\u00e9e de ce qui constitue un changement d\u2019occupation, il faut conna\u00eetre les cat\u00e9gories d\u2019occupation principales. Chaque cat\u00e9gorie comporte un niveau de risque diff\u00e9rent pour les fournisseurs d\u2019assurance et des primes diff\u00e9rentes, en cons\u00e9quence. La liste suivante est organis\u00e9e du risque le plus bas au risque le plus \u00e9lev\u00e9 (primes basses aux primes \u00e9lev\u00e9es)\u00a0:<\/p>\r\n\r\n\t\t\t\t<ul>\r\n\t\t\t\t\t<li><p><strong>R\u00e9sidence principale.<\/strong> Votre r\u00e9sidence principale est l\u2019habitation dans laquelle vous vivez pendant la majorit\u00e9 du temps. G\u00e9n\u00e9ralement, les r\u00e9sidences principales ont les primes les moins \u00e9lev\u00e9es de tous les types d\u2019occupation, car <a href='\/fr\/centres-ressources\/lexique-assurance\/assureur' title='D\u00e9finition : assureur'>l\u2019assureur<\/a> pr\u00e9sume qu\u2019il y a quelqu\u2019un sur les lieux pour r\u00e9pondre rapidement aux probl\u00e8mes.<\/p><\/li>\r\n\r\n\t\t\t\t\t<li><p><strong>R\u00e9sidence principale avec locataires.<\/strong> Si vous louez une partie de votre r\u00e9sidence principale, il s\u2019agit d\u2019un autre type d\u2019occupation. D\u2019habitude, le fait d\u2019avoir des locataires dans la r\u00e9sidence principale fait augmenter la prime un peu. Par ailleurs, il se peut que la compagnie d\u2019assurance, elle, puisse offrir une couverture suppl\u00e9mentaire pour les revenus locatifs, par exemple.<\/p><\/li>\r\n\t\t\t\t\t\r\n\t\t\t\t\t<li><p><strong>R\u00e9sidence secondaire.<\/strong> Pour les personnes qui sont propri\u00e9taires d\u2019au moins une propri\u00e9t\u00e9 (ou qui loue au moins une propri\u00e9t\u00e9) en plus de la r\u00e9sidence principale. Une r\u00e9sidence secondaire est une r\u00e9sidence dans laquelle vous (ou les membres de votre famille) vivez \u00e0 temps partiel. Une r\u00e9sidence de vacances est un excellent exemple d\u2019une r\u00e9sidence secondaire. Ce type d\u2019occupation comporte une prime plus \u00e9lev\u00e9e; les r\u00e9sidences secondaires sont \u00e0 risque plus \u00e9lev\u00e9 de sinistre, \u00e9tant donn\u00e9 que souvent il n\u2019y a personne sur place pour r\u00e9agir aux probl\u00e8mes.<\/p><\/li>\r\n\r\n\t\t\t\t\t<li><p><strong>Location \u00e0 long terme.<\/strong> Si vous \u00eates propri\u00e9taire d\u2019une r\u00e9sidence secondaire et vous la louez \u00e0 des locataires \u00e0 long terme, il s\u2019agit d\u2019une occupation.<\/p><\/li>\r\n\r\n\t\t\t\t\t<li><p><strong>Location \u00e0 court terme.<\/strong> Les r\u00e9sidences secondaires lou\u00e9es \u00e0 des locataires \u00e0 court terme ont leur propre cat\u00e9gorie. Ce type d\u2019occupation comprend les habitations inscrites \u00e0 <a href='\/fr\/centres-ressources\/proprietaire-bailleur\/histoires-epouvantables-airbnb' title=\"Article : locations Airbnb \u00e9pouvantables\">Airbnb<\/a> ou \u00e0 d\u2019autres sites semblables. Il n\u2019y a pas d\u2019unanimit\u00e9 parmi les compagnies d\u2019assurance sur la d\u00e9finition de \u00ab\u00a0court terme&nsbp;\u00bb; chez Square One, les locations de moins de 6\u00a0mois constituent des locations \u00e0 court terme.<\/p><\/li>\r\n\r\n\t\t\t\t\t<li><p><strong>Habitation en construction ou r\u00e9novation.<\/strong> Cette cat\u00e9gorie comprend les habitations en construction ou subissant des r\u00e9novations majeures qui obligent le d\u00e9part des occupants. Elles sont dispendieuses \u00e0 assurer et certains fournisseurs d\u2019assurance ne souscrivent pas cette cat\u00e9gorie du tout. \u00c9tant donn\u00e9 que les habitations en construction sont vacantes, elles sont susceptibles au vol et au vandalisme.<\/p><\/li>\r\n\r\n\t\t\t\t\t<li><p><strong>Habitations vacantes.<\/strong> La derni\u00e8re cat\u00e9gorie d\u2019occupation est celle sans occupant. Une habitation vacante est une habitation que tous les occupants ont quitt\u00e9e, sans l\u2019intention de retourner. Une habitation vacante est diff\u00e9rente d\u2019une habitation inoccup\u00e9e; nous examinerons en profondeur cette notion souvent mal comprise dans la prochaine section.<\/p><\/li>\r\n\t\t\t\t<\/ul>\r\n\r\n\r\n\t\t\t\t<h2 id=\"vacant\">Quelle est la diff\u00e9rence entre une habitation vacante et une habitation inoccup\u00e9e?<\/h2>\r\n\t\t\t\t<p>Vacant et inoccup\u00e9 semblent signifier la m\u00eame chose, mais ces notions sont assez diff\u00e9rentes dans le monde de l\u2019assurance habitation.<\/p>\r\n\t\t\t\t<p>Une habitation vacante est une habitation que tous les occupants ont quitt\u00e9e, sans l\u2019intention d\u2019y retourner. Ou, dans le cas d\u2019une habitation nouvellement acquise, vacant signifie que personne n\u2019a y emm\u00e9nag\u00e9 apr\u00e8s la prise de possession.  Une habitation inoccup\u00e9e est une habitation que tous les occupants ont quitt\u00e9e, mais avec l\u2019intention d\u2019y retourner.<\/p>\r\n\t\t\t\t<p>C\u2019est une id\u00e9e fausse que s\u2019il y a des meubles dans la maison, elle n\u2019est pas jug\u00e9e d\u2019\u00eatre vacante. La pr\u00e9sence des meubles n\u2019a rien \u00e0 voir avec la notion de vacance; c\u2019est l\u2019intention de retourner \u00e0 l\u2019habitation qui compte.<\/p>\r\n\t\t\t\t<p>Alors, si vous partez en vacances (m\u00eame pendant plusieurs mois), votre habitation est inoccup\u00e9e, mais pas vacante. Pourvu que vous comptiez y retourner, votre habitation sera inoccup\u00e9e. De plus, une r\u00e9sidence de vacances n\u2019est pas jug\u00e9e d\u2019\u00eatre vacante pendant la p\u00e9riode hors pointe si le propri\u00e9taire compte y retourner la saison suivante.<\/p>\r\n\t\t\t\t<p>Or, l\u2019habitation devient vacante s\u2019il n\u2019y a personne qui y r\u00e9side et s\u2019il n\u2019est pas clair quand quelqu\u2019un y retournera. La notion d\u2019habitation vacante survient pour la plupart dans les habitations locatives et les habitations en construction.<\/p>\r\n\t\t\t\t<p>Une habitation locative est jug\u00e9e d\u2019\u00eatre vacante si un locataire d\u00e9m\u00e9nage sans nouveau locataire pr\u00eat \u00e0 y emm\u00e9nager. Une habitation sans locataire est jug\u00e9e d\u2019\u00eatre vacante jusqu\u2019\u00e0 ce qu\u2019un nouveau locataire y emm\u00e9nage.<\/p>\r\n\t\t\t\t<p>Les habitations en construction ont leur propre cat\u00e9gorie d\u2019occupation (voir la section ci-dessus), donc en th\u00e9orie, elles ne sont pas jug\u00e9es d\u2019\u00eatre vacantes pendant les travaux. Cependant, une fois que la construction aura \u00e9t\u00e9 termin\u00e9e, la plupart des compagnies d\u2019assurance jugeront que l\u2019habitation est vacante si personne n\u2019y emm\u00e9nage tout de suite.<\/p>\r\n\t\t\t\t<p>Si votre habitation devient vacante, il est important d\u2019informer votre fournisseur d\u2019assurance habitation imm\u00e9diatement. Si votre habitation est vacante pendant 30\u00a0jours sans que votre assureur le sache, vous perdrez votre couverture d\u2019assurance. Chez certains assureurs, cette p\u00e9riode est de 60\u00a0jours, mais dans les deux cas, il vaut mieux informer votre assureur imm\u00e9diatement de toute vacance ou de tout changement d\u2019occupation.<\/p>\r\n\t\t\t\t<p>Vous n\u2019\u00eates pas oblig\u00e9 d\u2019informer votre assureur si votre habitation devient inoccup\u00e9e pendant de courtes p\u00e9riodes. Cela dit, il est possible que votre assureur ait des conditions que vous devez respecter pendant l\u2019inoccupation. G\u00e9n\u00e9ralement, vous devez faire en sorte que quelqu\u2019un v\u00e9rifie la maison pendant votre absence. Vous devriez \u00e9galement prendre des mesures comme couper l\u2019alimentation en eau si vous partez pendant une p\u00e9riode prolong\u00e9e ou faire en sorte que le chauffage soit conserv\u00e9 pendant l\u2019hiver. Si vous n\u2019\u00eates pas certain de ce que vous devez faire, consultez le libell\u00e9 de votre police d\u2019assurance habitation ou communiquez avec votre fournisseur.<\/p>\r\n\r\n<p><strong>Vous recherchez une d\u00e9finition en assurance?<\/strong> Consultez notre <a href=\"\/fr\/centres-ressources\/lexique-assurance\" title=\"Centre de ressources : lexique de l'assurance\">Centre de ressources&nbsp;: lexique de l\u2019assurance<\/a> pour acc\u00e9der \u00e0 des d\u00e9finitions faciles \u00e0 comprendre des termes les plus courants de l'assurance. Ensuite, <a href=\"\/fr\/soumission-assurance-habitation-en-ligne\" title=\"Obtenir une soumission d\u2019assurance habitation en ligne\">obtenez une soumission d'assurance habitation en ligne<\/a> en moins de 5\u00a0minutes et d\u00e9couvrez \u00e0 quel point l\u2019assurance habitation personnalis\u00e9e peut \u00eatre abordable.<\/p>\r\n\r\n<div class=\"row py-3\">\r\n<div class=\"col-12\">\r\n<div class=\"card review\" style=\"box-shadow: 0 2px 4px rgba(0,0,0,0.07);background-color:#f4f4f4;\">\r\n<div class=\"card-body\">\r\n\t<p class=\"text-primary h4\">\u00c0 propos de l\u2019expert&nbsp;: Daniel Mirkovic<\/p>\r\n\t<p>Cofondateur de Square One comptant plus de 25&nbsp;ans dans le secteur de l\u2019assurance, Daniel \u00e9tait vice-pr\u00e9sident des services d\u2019assurance et de voyage de la British Columbia Automobile Association (BCAA). Daniel est titulaire d'un baccalaur\u00e9at \u00e8s commerce et d'une ma\u00eetrise \u00e8s administration des affaires, tous deux obtenus \u00e0 la Sauder School of Business de l'universit\u00e9 de la Colombie-Britannique. Daniel est muni de la d\u00e9signation CAAC et d\u2019un certificat en assurance de dommages niveau&nbsp;3 en Colombie-Britannique, en Alberta, en Saskatchewan, au Manitoba et en Ontario.<\/p>\r\n<\/div>\r\n<\/div>\r\n<\/div>\r\n<\/div>\r\n\r\n\t\t\t<\/div>\r\n\t\t<\/div>\r\n\t<\/div>\r\n<\/section>\r\n<script type=\"application\/ld+json\">\r\n{\r\n  \"@context\": \"https:\/\/schema.org\",\r\n  \"@graph\": [\r\n    {\r\n      \"@type\": [\"WebPage\", \"DefinedTerm\"],\r\n      \"@id\": \"https:\/\/www.squareone.ca\/fr\/centres-ressources\/lexique-assurance\/occupation\",\r\n      \"url\": \"https:\/\/www.squareone.ca\/fr\/centres-ressources\/lexique-assurance\/occupation\",\r\n      \"inLanguage\": \"fr-CA\",\r\n      \"isAccessibleForFree\": true,\r\n      \"name\": \"Occupancy\",\r\n      \"description\": \"Dans une police d\u2019assurance habitation, la description des personnes r\u00e9sidant dans les lieux assur\u00e9s.\",\r\n      \"inDefinedTermSet\": {\r\n        \"@type\": \"DefinedTermSet\",\r\n        \"name\": \"Lexique de l\u2019assurance de Square One\",\r\n        \"url\": \"https:\/\/www.squareone.ca\/fr\/centres-ressources\/lexique-assurance\"\r\n      },\r\n      \"publisher\": {\r\n        \"@id\": \"https:\/\/www.squareone.ca\/fr\"\r\n      },\r\n      \"author\": {\r\n        \"@id\": \"#seamus-mckale\"\r\n      },\r\n      \"reviewedBy\": {\r\n        \"@id\": \"https:\/\/www.squareone.ca\/fr\/a-propos-de-nous\/experts\/daniel-mirkovic\"\r\n      }\r\n    },\r\n    {\r\n      \"@type\": \"InsuranceAgency\",\r\n      \"@id\": \"https:\/\/www.squareone.ca\/fr\",\r\n      \"name\": \"Assurances Square One\",\r\n      \"url\": \"https:\/\/www.squareone.ca\/fr\",\r\n      \"logo\": \"https:\/\/cdn.squareone.ca\/wp-content\/uploads\/2021\/04\/09094743\/square-one-logomark-default-md-1.png\",\r\n      \"address\": {\r\n        \"@type\": \"PostalAddress\",\r\n        \"streetAddress\": \"1410-650 W Georgia St\",\r\n        \"addressLocality\": \"Vancouver\",\r\n        \"addressRegion\": \"BC\",\r\n        \"postalCode\": \"V6B 4N8\",\r\n        \"addressCountry\": \"CA\"\r\n      },\r\n      \"telephone\": \"+1-855-331-6933\",\r\n      \"areaServed\": [\"BC\", \"AB\", \"SK\", \"MB\", \"ON\", \"QC\"],\r\n      \"feesAndCommissionsSpecification\": \"https:\/\/www.squareone.ca\/fr\/transparence\"\r\n    },\r\n    {\r\n      \"@type\": \"Person\",\r\n      \"@id\": \"#seamus-mckale\",\r\n      \"name\": \"Seamus McKale\",\r\n      \"url\": \"https:\/\/www.squareone.ca\/fr\/a-propos-de-nous\/membres-equipe#seamus-mckale\",\r\n      \"description\": \"Seamus a 15 ans d\u2019exp\u00e9rience en marketing, avec sp\u00e9cialisation en publicit\u00e9 multim\u00e9dia, r\u00e9daction technique et contenu sur l\u2019assurance personnelle.\",\r\n      \"jobTitle\": \"Sp\u00e9cialiste de marketing de contenu\",\r\n      \"worksFor\": {\r\n        \"@id\": \"https:\/\/www.squareone.ca\/fr\"\r\n      },\r\n      \"hasCredential\": [\r\n        {\r\n          \"@type\": \"EducationalOccupationalCredential\",\r\n          \"name\": \"Certificat en assurance de dommages de la C.-B., niveau 1\"\r\n        },\r\n        {\r\n          \"@type\": \"EducationalOccupationalCredential\",\r\n          \"name\": \"Certificat en assurance de dommages de l\u2019Ontario\"\r\n        }\r\n      ],\r\n      \"knowsAbout\": [\r\n        \"Marketing\",\r\n        \"Publicit\u00e9 multim\u00e9dia\",\r\n        \"R\u00e9daction technique\",\r\n        \"Assurance des particuliers\"\r\n      ],\r\n      \"sameAs\": [\r\n        \"https:\/\/www.linkedin.com\/in\/seamus-m-83801a2b\/\"\r\n      ]\r\n    },\r\n    {\r\n      \"@type\": \"Person\",\r\n      \"@id\": \"https:\/\/www.squareone.ca\/fr\/a-propos-de-nous\/experts\/daniel-mirkovic\",\r\n      \"name\": \"Daniel Mirkovic\",\r\n      \"url\": \"https:\/\/www.squareone.ca\/fr\/a-propos-de-nous\/experts\/daniel-mirkovic\",\r\n      \"description\": \"Daniel poss\u00e8de de vastes connaissances en assurance, acquises au cours de plus de 25 ans d\u2019exprience dans le secteur.\",\r\n      \"jobTitle\": \"Cofondateur et PDG\",\r\n      \"worksFor\": {\r\n        \"@id\": \"https:\/\/www.squareone.ca\/fr\"\r\n      },\r\n      \"alumniOf\": {\r\n        \"@type\": \"CollegeOrUniversity\",\r\n        \"name\": \"Sauder School of Business at the University of British Columbia\"\r\n      },\r\n      \"hasCredential\": [\r\n        {\r\n          \"@type\": \"EducationalOccupationalCredential\",\r\n          \"name\": \"Courtier d\u2019assurance agr\u00e9\u00e9 du Canada (CAAC)\"\r\n        },\r\n        {\r\n          \"@type\": \"EducationalOccupationalCredential\",\r\n          \"name\": \"Certificat en assurance de dommages, niveau 3 (BC, AB, SK, MB, ON)\"\r\n        }\r\n      ],\r\n      \"knowsAbout\": [\r\n        \"Secteur de l'assurance\",\r\n        \"Strat\u00e9gie d'affaires\",\r\n        \"D\u00e9veloppement de produits\",\r\n        \"Assurance habitation\"\r\n      ],\r\n      \"sameAs\": [\r\n        \"https:\/\/www.linkedin.com\/in\/danielmirkovic\"\r\n      ]\r\n    },\r\n    {\r\n      \"@type\": \"FAQPage\",\r\n      \"mainEntity\": [\r\n        {\r\n          \"@type\": \"Question\",\r\n          \"name\": \"Qu\u2019est-ce que l\u2019occupation?\",\r\n          \"acceptedAnswer\": {\r\n            \"@type\": \"Answer\",\r\n            \"text\": \"L\u2019occupation est l\u2019un des \u00e9l\u00e9ments d\u2019information les plus importants dans une police d\u2019assurance habitation. L\u2019occupation renvoie aux personnes qui vivent aux lieux assur\u00e9s et si celles-ci y vivent \u00e0 temps plein. Les fournisseurs d\u2019assurance veulent savoir l\u2019\u00e9tat d\u2019occupation des lieux assur\u00e9s, car les diff\u00e9rents types d\u2019occupation pr\u00e9sentent des niveaux de risque divers. Par exemple, il y a beaucoup moins de chances qu\u2019une maison unifamiliale habit\u00e9e fait l\u2019objet d\u2019une effraction ou du vandalisme qu\u2019une maison vacante.\"\r\n          }\r\n        },\r\n        {\r\n          \"@type\": \"Question\",\r\n          \"name\": \"Quelle est la diff\u00e9rence entre entre vacant et inoccup\u00e9?\",\r\n          \"acceptedAnswer\": {\r\n            \"@type\": \"Answer\",\r\n            \"text\": \"Une habitation vacante est une habitation que tous les occupants ont quitt\u00e9e, sans l\u2019intention d\u2019y retourner. Une habitation inoccup\u00e9e est une habitation que tous les occupants ont quitt\u00e9e, mais avec l\u2019intention d\u2019y retourner. C\u2019est une id\u00e9e fausse que s\u2019il y a des meubles dans la maison, elle n\u2019est pas vacante. La pr\u00e9sence des meubles n\u2019a rien \u00e0 voir avec la notion de vacance; c\u2019est l\u2019intention de retourner qui compte.\"\r\n          }\r\n        }\r\n      ]\r\n    }\r\n  ]\r\n}\r\n<\/script>\r\n","protected":false},"excerpt":{"rendered":"<p>Occupation Article \u00e9valu\u00e9 par Daniel Mirkovic Nom occ-u-pa-tion | \u02c8\u0254kypasj\u0254\u0303 D\u00e9finition\u00a0: Dans une police d\u2019assurance habitation, la description des personnes r\u00e9sidant dans les lieux assur\u00e9s \u00e0 temps plein ou \u00e0 temps partiel. Stella a d\u00fb changer l\u2019\u00e9tat d\u2019occupation dans sa police d\u2019assurance habitation apr\u00e8s l\u2019emm\u00e9nagement de son nouveau locataire. Th\u00e8mes Qu\u2019est-ce que l\u2019occupation? Vacant ou [&hellip;]<\/p>\n","protected":false},"author":2,"featured_media":0,"parent":53157,"menu_order":0,"comment_status":"closed","ping_status":"closed","template":"page-article-new.php","meta":{"_acf_changed":false,"footnotes":""},"class_list":["post-61265","page","type-page","status-publish","hentry"],"acf":[],"_links":{"self":[{"href":"https:\/\/www.squareone.ca\/fr\/wp-json\/wp\/v2\/pages\/61265","targetHints":{"allow":["GET"]}}],"collection":[{"href":"https:\/\/www.squareone.ca\/fr\/wp-json\/wp\/v2\/pages"}],"about":[{"href":"https:\/\/www.squareone.ca\/fr\/wp-json\/wp\/v2\/types\/page"}],"author":[{"embeddable":true,"href":"https:\/\/www.squareone.ca\/fr\/wp-json\/wp\/v2\/users\/2"}],"replies":[{"embeddable":true,"href":"https:\/\/www.squareone.ca\/fr\/wp-json\/wp\/v2\/comments?post=61265"}],"version-history":[{"count":16,"href":"https:\/\/www.squareone.ca\/fr\/wp-json\/wp\/v2\/pages\/61265\/revisions"}],"predecessor-version":[{"id":77637,"href":"https:\/\/www.squareone.ca\/fr\/wp-json\/wp\/v2\/pages\/61265\/revisions\/77637"}],"up":[{"embeddable":true,"href":"https:\/\/www.squareone.ca\/fr\/wp-json\/wp\/v2\/pages\/53157"}],"wp:attachment":[{"href":"https:\/\/www.squareone.ca\/fr\/wp-json\/wp\/v2\/media?parent=61265"}],"curies":[{"name":"wp","href":"https:\/\/api.w.org\/{rel}","templated":true}]}}