{"id":61312,"date":"2022-12-15T11:53:20","date_gmt":"2022-12-15T19:53:20","guid":{"rendered":"https:\/\/www.squareone.ca\/sapin-noel"},"modified":"2025-09-29T11:20:45","modified_gmt":"2025-09-29T18:20:45","slug":"sapin-noel","status":"publish","type":"page","link":"https:\/\/www.squareone.ca\/fr\/centres-ressources\/securite-domiciliaire-personnelle\/securite-sapin-Noel","title":{"rendered":"Guide de s\u00e9curit\u00e9 pour le sapin de No\u00ebl"},"content":{"rendered":"<section id='intro' class=\"bg-shape-split bg-sub-page-hero\">\r\n    <div class=\"bg-position\">\r\n        <div class=\"container-fluid\">\r\n            <div class=\"row align-items-center\">\r\n                <div class=\"col-12 col-lg-8\">\r\n                    <h1>Guide de s\u00e9curit\u00e9 pour le sapin de No\u00ebl<\/h1>\r\n <strong>Article r\u00e9dig\u00e9 par <a href=\"\/fr\/a-propos-de-nous\/contributeurs#seamus-mckale\" title=\"Auteur : Seamus McKale\">Seamus McKale<\/a><\/strong>\r\n\t\t\t\t\t<p><strong>\u00c9valu\u00e9 par <a title=\"Expert : Chuck Roydhouse\" href=\"https:\/\/www.squareone.ca\/fr\/a-propos-de-nous\/experts#fire-safety\">Chuck Roydhouse<\/a><\/strong><\/p> \t\t\t\t\t<p class=\"pb-4\" style=\"margin-top:-24px\">Mis \u00e0 jour le 18 juin 2024<\/p>\r\n                <\/div>\r\n            <\/div>\r\n\r\n            <div class=\"row\">\r\n                <div class=\"col-lg-8\">\r\n                    <p class=\"display-4\">Pendant la saison des F\u00eates, on voit des d\u00e9corations de No\u00ebl partout en ville et partout dans les maisons. Qu&rsquo;est-ce qu&rsquo;il y a de plus festif que de se pelotonner sur le sofa devant un sapin de No\u00ebl fraichement d\u00e9cor\u00e9? Toutefois, le sapin de No\u00ebl peut pr\u00e9senter un risque d\u2019incendie si vous ne prenez pas les mesures de s\u00e9curit\u00e9 appropri\u00e9es. Ne laissez pas un incendie g\u00e2cher la joie du temps des F\u00eates! Lisez la suite pour d\u00e9couvrir comment profiter de votre sapin de No\u00ebl\u00a0en toute s\u00e9curit\u00e9.<\/p>\r\n                    <p class=\"pt-2\"><img loading=\"lazy\" decoding=\"async\" src=\"https:\/\/cdn.squareone.ca\/wp-content\/uploads\/2022\/12\/15162828\/incendies-de-sapin-de-noel.png\" title=\"Guide de s\u00e9curit\u00e9 pour le sapin de No\u00ebl\" alt=\"Un sapin de No\u00ebl \u00e0 c\u00f4t\u00e9 du foyer\" width=\"248\" height=\"186\" class=\"img-fluid\" rel=\"noopener noreferrer\" \/><\/p>  \r\n                <\/div>\r\n\r\n                <div class=\"col-lg-3 offset-lg-1\">          \r\n                    <p class=\"mb-2 display-4 pt-4 pt-lg-0 pt-mb-0\"><strong>Th\u00e8mes<\/strong><\/p>\r\n                        <ul class=\"list-unstyled link-list display-4\">\r\n\t\t\t\t\t\t\t<li><a href=\"#Before-you-buy\">Avant d\u2019acheter<\/a><\/li>\r\n\t\t\t\t\t\t\t<li><a href=\"#Live-tree\">Conseils de s\u00e9curit\u00e9 pour un sapin de No\u00ebl naturel<\/a><\/li>\r\n\t\t\t\t\t\t\t<li><a href=\"#Safety\">Conseils de s\u00e9curit\u00e9 pour d\u00e9corer votre sapin de No\u00ebl<\/a><\/li>\r\n\t\t\t\t\t\t\t<li><a href=\"#After-christmas\">Ce qu\u2019il faut faire avec votre sapin apr\u00e8s No\u00ebl<\/a><\/li>\r\n\t\t\t\t\t\t\t<li><a href=\"#Insurance\">Incendie caus\u00e9 par un sapin de No\u00ebl et votre assurance habitation<\/a><\/li>\r\n                                                        <li><a href='#ChristmasTreeSafety_FAQ'>Questions fr\u00e9quemment pos\u00e9es<\/a><\/li>\r\n\t\t\t\t\t\t<\/ul>\r\n                <\/div>\r\n            <\/div>  \r\n        <\/div>\r\n    <\/div>\r\n    <div class=\"bg-bottom\"><\/div>\r\n<\/section>\r\n\r\n<section>\r\n    <div class=\"container-fluid py-6\">\r\n        <div class=\"row\">\r\n            <div class=\"col-12 col-lg-8\">\r\n\r\n\t\t\t<h2 id=\"Before-you-buy\">Avant d\u2019acheter un sapin de No\u00ebl<\/h2>\r\n\t\t\t\r\n\t\t\t<p>La s\u00e9curit\u00e9 commence avant d\u2019aller chercher votre sapin.<\/p>\r\n\t\t\t<p>Si vous vivez dans une copropri\u00e9t\u00e9 ou un appartement, les sapins de No\u00ebl naturels sont interdits en toute probabilit\u00e9. Renseignez-vous aupr\u00e8s de votre syndicat de copropri\u00e9taires ou compagnie de gestion immobili\u00e8re avant de vous procurer un sapin.<\/p>\r\n\t\t\t<p>Si les sapins naturels sont prohib\u00e9s, un sapin artificiel peut faire l\u2019affaire. M\u00eame s\u2019il n\u2019y a pas d\u2019interdiction, il est possible que vous pr\u00e9f\u00e9riez un sapin artificiel afin d\u2019\u00e9viter le tracas d\u2019acheter, d\u2019entretenir et de jeter un sapin naturel. Si vous d\u00e9cidez d\u2019acheter un sapin artificiel, assurez-vous qu\u2019il est fait de mat\u00e9riel ignifuge et qu\u2019il est <a href=\"https:\/\/www.csagroup.org\/fr\/services-dessai-et-de-certification\/certification\/\" title=\"Certifications du Groupe CSA\" rel=\"noopener noreferrer\" target=\"_blank\">approuv\u00e9 par l\u2019Association canadienne de normalisation (CSA)<\/a>.<\/p>\r\n\t\t\t<p>Si vous allez acheter un sapin naturel, d\u00e9cidez o\u00f9 vous allez le mettre avant de l\u2019acheter.<\/p>\r\n\t\t\t<p>Ensuite, mesurez l\u2019espace dont vous disposez pour avoir une id\u00e9e de la taille de sapin requise.<\/p>\r\n\t\t\t<p>Mesurez\u00a0:<\/p>\r\n\t\t\t<ul>\r\n\t\t\t\t<li>La hauteur du plafond<\/li>\r\n\t\t\t\t<li>La largeur de l\u2019espace pr\u00e9vu pour le sapin<\/li>\r\n\t\t\t\t<li>La distance du sapin des sources de chaleur et des prises \u00e9lectriques<\/li>\r\n\t\t\t<\/ul>\r\n\t\t\t<p>Muni de ces donn\u00e9es, vous pouvez aller \u00e0 la recherche de votre sapin de No\u00ebl.<\/p>\r\n\t\t\t\r\n\r\n\t\t\t<h2 id=\"Live-tree\">Conseils de s\u00e9curit\u00e9 pour un sapin de No\u00ebl naturel<\/h2>\r\n\t\t\t<p>Il y a bon nombre de raisons pour acheter un sapin de No\u00ebl naturel chaque ann\u00e9e. Il y a \u00e9galement pas mal de choses qui peuvent mal tourner si vous n\u2019\u00eates pas prudent, surtout dans la cat\u00e9gorie \u00ab\u00a0incendie involontaire\u00a0\u00bb.<\/p>\r\n\r\n\t\t\t<p>Voici ce qu\u2019il faut savoir pour choisir un beau sapin de No\u00ebl s\u00e9curitaire\u00a0:<\/p>\r\n\t\t\t\r\n\r\n\t\t\t<h3>Comment trouver le sapin de vos r\u00eaves<\/h3>\r\n\t\t\t<p>Magasinez votre sapin en d\u00e9but de saison. Le meilleur moment d\u2019acheter un sapin de No\u00ebl est la derni\u00e8re semaine de novembre ou la premi\u00e8re semaine de d\u00e9cembre. \u00c0 la premi\u00e8re fin de semaine de d\u00e9cembre, tout le monde est \u00e0 la recherche d\u2019un sapin de No\u00ebl; il vaut mieux acheter avant l\u2019arriv\u00e9e des foules des magasineurs.<\/p>\r\n\r\n\t\t\t<p>Si vous allez plus t\u00f4t, vous aurez plus de choix et les sapins d\u00e9coup\u00e9s seront plus frais. Si vous l\u2019arrosez correctement (on en parlera plus loin), un sapin fraichement d\u00e9coup\u00e9 durerait un mois environ.<\/p>\r\n\r\n\t\t\t<p>\u00c0 la p\u00e9pini\u00e8re ou jardinerie, recherchez un sapin frais et vert. Voici comment d\u00e9terminer si un sapin de No\u00ebl est frais\u00a0:<\/p>\r\n\r\n\t\t\t<ul>\r\n\t\t\t\t<li>Pliez les aiguilles. Si elles se cassent, il est probable que le sapin s\u2019est ass\u00e9ch\u00e9.<\/li>\r\n\t\t\t\t<li>Prenez une branche et faites glisser votre poing le long de la branche. La plupart des aiguilles devraient rester sur place.<\/li>\r\n\t\t\t\t<li>Examinez le tronc, surtout au fond vers la coupure. Cette partie devrait \u00eatre couverte de s\u00e8ve et collante au toucher.<\/li>\r\n\t\t\t\t<li>Agitez le sapin ou laissez-le tomber par terre. Si des aiguilles vertes tombent partout, le sapin est trop sec.<\/li>\r\n\t\t\t<\/ul>\r\n\r\n\t\t\t<p>Apr\u00e8s la fra\u00eecheur, la taille est le facteur le plus important. Choisissez un sapin d\u2019une taille appropri\u00e9e pour votre espace. C\u2019est ici o\u00f9 vos mesures ant\u00e9rieures entrent en jeu\u00a0:<\/p>\r\n\r\n\t\t\t<ul>\r\n\t\t\t\t<li>La cime du sapin devrait \u00eatre 15\u00a0centim\u00e8tres en dessous le plafond, ou 30\u00a0centim\u00e8tres si vous y mettez un objet de d\u00e9coration, comme une  \u00e9toile ou un ange.<\/li>\r\n\t\t\t\t<li>Mesurez la largeur de votre surface utile en d\u00e9duisant 30\u00a0centim\u00e8tres. Ceci est le diam\u00e8tre maximum de votre sapin de No\u00ebl.<\/li>\r\n\t\t\t\t<li>Le sapin de No\u00ebl devrait \u00eatre \u00e0 un minimum de 1\u00a0metre de toute source de chaleur (et plus loin si la source de chaleur est \u00e0 flamme nue, comme un <a href=\"\/fr\/centres-ressources\/securite-domiciliaire-personnelle\/conseils-securite-poele-a-bois-a-la-maison\" title=\"Conseils de s\u00e9curit\u00e9 pour un po\u00eale \u00e0 bois\">foyer<\/a>). La proximit\u00e9 \u00e0 une source de chaleur est \u00e0 l\u2019origine de 1 en 4\u00a0incendies de sapin de No\u00ebl.<\/li>\r\n\t\t\t<\/ul>\r\n\r\n\t\t\t<p>M\u00eame si le sapin se conforme aux dimensions de la pi\u00e8ce, vous devriez \u00e9viter de le placer dans le chemin des gens. En plus d\u2019obstruer les voies de secours, comme les fen\u00eatres, un sapin mal plac\u00e9 risque d\u2019\u00eatre renvers\u00e9 par les personnes traitant de le contourner.<\/p>\r\n\r\n\t\t\t<h3>Comment transporter votre sapin \u00e0 la maison<\/h3>\r\n\t\t\t<p>Avant de transporter le sapin \u00e0 l\u2019int\u00e9rieur, secouez-le pour d\u00e9gager les aiguilles d\u00e9tach\u00e9es ou d\u2019autres d\u00e9bris. Vous pouvez m\u00eame utiliser une souffleuse \u00e0 feuilles pour ce faire.<\/p>\r\n\r\n\t\t\t<p>Ensuite, avant de poser le sapin dans le support d\u2019arbre, d\u00e9coupez les 2 \u00e0 5\u00a0centim\u00e8tres inf\u00e9rieurs du tronc. Un tronc fra\u00eechement d\u00e9coup\u00e9 permet au sapin d\u2019absorber l\u2019eau de mani\u00e8re plus efficace. Utilisez un support d\u2019arbre qui est assez large et solide pour stabiliser le sapin. Si le sapin est bancal, il faut le stabiliser. Le support d\u2019arbre devrait contenir au moins 3\u00a0litres d\u2019eau.<\/p>\r\n\r\n\t\t\t<h3>Comment soigner votre sapin<\/h3>\r\n\t\t\t<p>Remplissez le support avec de l\u2019eau d\u00e8s que vous montez le sapin.<\/p>\r\n\r\n\t\t\t<p>N\u2019oubliez pas de le v\u00e9rifier tous les jours (\u00e0 l\u2019aide d\u2019un rappel, au besoin). Il faut que le support soit toujours rempli d\u2019eau!<\/p>\r\n\r\n\t\t\t<p>Il est possible que vous deviez remplir le support plusieurs fois pendant les premiers jours, \u00e9tant donn\u00e9 que les arbres absorbent beaucoup d\u2019eau. Un arbre qui mesure 1,83\u00a0m\u00e8tres a besoin de 4\u00a0litres d\u2019eau par jour. Vous pouvez \u00e9galement vous procurer un syst\u00e8me d\u2019avertissement qui donne une alerte si le niveau d\u2019eau dans le support est trop bas.<\/p>\r\n\t\t\t\r\n        <\/div>\r\n    <\/div>\r\n<\/div>\r\n<\/section>\r\n\r\n\t<section class=\"bg-transparent\">\n\t\t<img decoding=\"async\" src=\"\/sales\/images\/bgs\/bg-mid-page-cta-general-top.svg\" style=\"width: 100%; vertical-align: bottom; position: relative; top: 1px\"\/>\n\t\t\n\t\t<div class=\"bg-darkTeal py-3\">\t\t\t\n\t\t\t<div class=\"container-fluid\">\n\t\t\t\t<div class=\"row d-flex align-items-center pb-5\">\n\t\t\t\t\t<div class=\"col-12 col-md-8 offset-md-2 px-lg-5 pb-5 pb-lg-0\">\n\t\t\t\t\t\t<div class=\"h6 mb-4 text-primary text-uppercase text-center\">\n\t\t\t\t\t\t\tCela ne prend que 5\u00a0minutes \n\t\t\t\t\t\t<\/div>\t\t\n\t\t\t\t\t\t\t\t\t\t\t\n\t\t\t\t\t\t<p class=\"lead px-lg-5 text-white\">\n\t\t\t\t\t\t\t<strong class=\"d-inline-block text-uc-first\">Pr\u00eat \u00e0 obtenir une soumission en ligne? <\/strong> Votre temps est aussi pr\u00e9cieux que vos possessions. Obtenez une soumission d'assurance habitation en <strong>5 minutes<\/strong>. C\u2019est moins de temps qu\u2019il n\u2019en faut pour faire la file pour un caf\u00e9.\n\t\t\t\t\t\t<\/p>\t\t\t\n\t\n\t\t\t\t\t\t<div id=\"sq1-qw-585f799665ee\" class=\"sq1-quote-widget mb-4 text-white\" data-quote-widget-type=\"HOME\" data-has-custom-text=\"true\">\n\t\t\t\t\t\t\t<div class=\"input-group input-group-focus-within bg-white my-4\">\n\t\t\t\t\t\t\t\t<div>\n\t\t\t\t\t\t\t\t\t<div class=\"input-group-text\">\n\t\t\t\t\t\t\t\t\t\t<i class=\"fa fa-map-marker d-block text-black\"><\/i>\n\t\t\t\t\t\t\t\t\t<\/div>\n\t\t\t\t\t\t\t\t<\/div>\n\t\t\t\t\t\t\t\t<input type=\"text\" class=\"form-control\" style=\"padding: 10px;\" placeholder=\"Enter an address\" aria-label=\"Inscrivez votre adresse pour obtenir une soumission\"\/>\n\t\t\t\t\t\t\t\t<div>\n\t\t\t\t\t\t\t\t\t<button class=\"btn btn-primary\">Obtenir une soumission en ligne d\u00e8s maintenant<\/button>\n\t\t\t\t\t\t\t\t<\/div>\n\t\t\t\t\t\t\t<\/div>\n\t\t\t\t\t\t<\/div>\n\t\t\t\t\t\t\n\t\t\t\t\t\t<p class=\"small text-white\">Avant de commencer, veuillez lire notre <a href=\"https:\/\/www.squareone.ca\/fr\/politique-confidentialite\" target=\"_blank\" rel=\"noreferrer noopener\">Politique de confidentialit\u00e9<\/a> et nos <a href=\"https:\/\/www.squareone.ca\/fr\/conditions-utilisation\" target=\"_blank\" rel=\"noreferrer noopener\">Conditions d\u2019utilisation<\/a>.<\/p>\t\n\t\n\t\t\t\t\t\t<script type=\"text\/javascript\">\n\t\t\t\t\t\t(function() {\n\t\t\t\t\t\t\tdocument.addEventListener('soiMiscJsLoaded', function() {\n\t\t\t\t\t\t        $(document).ready(function() {\n\t\t\t\t\t\t\t\t\tsoiQuoteWidget.processFormWidget('\/sales\/index.php\/json_quote_widget?rand=' +Math.random(), 'qwContainer'); \/\/populate quoting widget with content from symfony.\n\t\t\t\t\t\t\t\t});\n\t\t\t\t\t\t\t});\n\t\t\t\t\t\t})();\n\t\t\t\t\t\t<\/script>\n\t\t\t\t\t<\/div>\n\t\t\t\t<\/div>\n\t\t\t<\/div>\n\t\t<\/div>\n\t\t\n\t\t<img decoding=\"async\" src=\"\/sales\/images\/bgs\/bg-mid-page-cta-general-bottom.svg\" style=\"width: 100%; vertical-align: top\"\/>\t\t\n\t<\/section>\r\n\r\n<section>\r\n    <div class=\"container-fluid py-6\">\r\n        <div class=\"row\">\r\n            <div class=\"col-12 col-lg-8\">\r\n\r\n\t\t\t<h2 id=\"Safety\">Conseils de s\u00e9curit\u00e9 pour d\u00e9corer votre sapin<\/h2>\r\n\t\t\t<p>Une fois le sapin install\u00e9, que ce soit naturel ou artificiel, il y a toujours des conseils de s\u00e9curit\u00e9 \u00e0 suivre \u00e0 mesure que vous le d\u00e9corez.<\/p>\r\n\t\t\t\r\n\t\t\t<h3>Utilisez des jeux de lumi\u00e8res appropri\u00e9s<\/h3>\r\n\t\t\t<p>Employez des jeux de lumi\u00e8re d\u2019int\u00e9rieur certifi\u00e9s par la CSA. Les jeux de lumi\u00e8res d\u2019ext\u00e9rieur d\u00e9gagent souvent plus de chaleur que les jeux de lumi\u00e8re d\u2019int\u00e9rieur.<\/p>\r\n\r\n\t\t\t<p>Les <a href=\"https:\/\/www.hydroquebec.com\/residentiel\/mieux-consommer\/eclairage\/ampoules-noel.html\" title=\"Les ampoules de No\u00ebl \u00e0 DEL\" rel=\"noopener noreferrer\" target=\"_blank\">meilleurs types<\/a> de lumi\u00e8res de sapin de No\u00ebl sont les <a href=\"\/fr\/centres-ressources\/ameliorations-domiciliaires\/eclairage-del-option-ecoenergetique\" title=\"L\u2019\u00e9clairage \u00e0 DEL : une solution \u00e9co\u00e9nerg\u00e9tique\">ampoules \u00e0 DEL \u00e9co\u00e9nerg\u00e9tiques<\/a>, car elles consomment beaucoup moins d\u2019\u00e9lectricit\u00e9 comparativement \u00e0 d\u2019autres types de lumi\u00e8res.<\/p>\r\n\r\n\t\t\t<p>Examinez les jeux de lumi\u00e8re avant de les poser sur le sapin. Remplacez ou r\u00e9parez des jeux qui ont des ampoules bris\u00e9es ou des fils effiloch\u00e9s ou d\u00e9nud\u00e9s.<\/p>\r\n\r\n\t\t\t<p>Par ailleurs, il ne faut pas mettre trop de lumi\u00e8res sur le sapin.<\/p>\r\n\r\n\t\t\t<p>R\u00e8gle g\u00e9n\u00e9rale, d\u00e9ployez un maximum de trois brins de lumi\u00e8res par rallonge. R\u00e8gle g\u00e9n\u00e9rale, utilisez 300\u00a0lumi\u00e8res miniatures par m\u00e8tre vertical du sapin. Autrement dit, si vous avez un sapin qui mesure 2\u00a0m\u00e8tres, vous ne devriez pas y poser plus de 600\u00a0lumi\u00e8res, et moins si les lumi\u00e8res sont plus grandes.<\/p>\r\n\r\n\t\t\t<p>Si vous avez un sapin artificiel m\u00e9tallique, il ne faut pas utiliser des lumi\u00e8res \u00e9lectriques; celles-ci peuvent charger le sapin et pr\u00e9sentent un risque d\u2018\u00e9lectrocution.<\/p>\r\n\r\n\t\t\t<h3>La s\u00e9curit\u00e9 partout et avant tout<\/h3>\r\n\t\t\t<p>Si vous enfilez des rallonges pour vos jeux de lumi\u00e8re de sapin, placez-les soigneusement. Il ne faut jamais enfiler des rallonges en dessous d\u2019un tapis ou une moquette. Dans le m\u00eame ordre d\u2019id\u00e9es, il ne faut pas les enfiler dans le chemin des passants qui pourraient tr\u00e9bucher dessus.<\/p>\r\n\r\n\t\t\t<p>Avant de vous coucher le soir ou avant de quitter la maison, d\u00e9branchez ou \u00e9teignez les lumi\u00e8res. Non seulement les lumi\u00e8res s\u00e8chent petit \u00e0 petit le sapin, elles consomment de l\u2019\u00e9lectricit\u00e9; il vaut mieux les \u00e9teindre lorsque vous n\u2019\u00eates pas l\u00e0 pour les admirer.<\/p>\r\n\r\n\t\t\t<p>Si vous utilisez une neige artificielle en a\u00e9rosol, suivez attentivement les consignes de s\u00e9curit\u00e9 sur la bo\u00eete; assurez-vous que la pi\u00e8ce est bien a\u00e9r\u00e9e et qu\u2019il n\u2019y a pas de flamme nue.<\/p>\r\n\r\n\t\t\t<p>N\u2019oubliez pas que les sapins de No\u00ebl, qu\u2019ils soient naturels ou artificiels, constituent un <a href=\"https:\/\/www.squareone.ca\/fr\/centres-ressources\/lexique-assurance\/risque\" title=\"D\u00e9finition : risque\">risque d\u2019incendie<\/a>. Bien que la plupart des sapins artificiels soient r\u00e9sistants au feu, ils peuvent toujours prendre feu. Effectivement, les sapins artificiels sont plus faciles \u00e0 \u00e9teindre et sont plus r\u00e9sistants aux br\u00fblures.<\/p>\r\n\t\t\t<p>Vous devriez avoir un extincteur \u00e0 port\u00e9e de main en cas d\u2019incendie.<\/p>\r\n\t\t\t<p>De plus, v\u00e9rifiez que vos d\u00e9tecteurs de fum\u00e9e fonctionnent et remplacez les piles au besoin.<\/p>\r\n\t\t\t\r\n\r\n\t\t\t<h2 id=\"After-christmas\">Ce qu\u2019il faut faire avec votre sapin apr\u00e8s No\u00ebl<\/h2>\r\n\t\t\t<p>Apr\u00e8s les F\u00eates, vous devriez enlever les articles de d\u00e9coration du sapin et jeter le sapin d\u00e8s que possible.<\/p>\r\n\t\t\t<p>Si vous avez ex\u00e9cut\u00e9 impeccablement toutes les consignes ci-dessus (surtout en ce qui concerne l\u2019arrosage), un sapin de No\u00ebl devrait durer de 2 \u00e0 4\u00a0semaines \u00e0 compter de la date d\u2019arriv\u00e9e \u00e0 la maison. Toutefois, apr\u00e8s No\u00ebl, il est probable que le sapin sera trop sec pour rester dans votre habitation.<\/p>\r\n\t\t\t<p>La plupart des collectivit\u00e9s ont des initiatives de recyclage pour les sapins de No\u00ebl o\u00f9 les arbres sont convertis en paillis pour les potagers. Certains programmes vous donneront le paillis si vous en voulez pour votre propre potager.<\/p>\r\n\t\t\t<p>Peu importe votre d\u00e9cision, il ne faut jamais br\u00fbler un sapin de No\u00ebl dans un foyer int\u00e9rieur. Les vieux arbres \u00e0 feuillage persistant br\u00fblent rapidement et tr\u00e8s chaudement; ils peuvent m\u00eame enflammer des d\u00e9p\u00f4ts de cr\u00e9osote dans votre chemin\u00e9e (ce qui est \u00e0 \u00e9viter).<\/p>\r\n\t\t\t\r\n\t\t\t<h2 id=\"Insurance\">Les incendies caus\u00e9s par un sapin de No\u00ebl et l\u2019assurance habitation<\/h2>\r\n\t\t\t<p>Finalement, assurez-vous d\u2019avoir souscrit une assurance habitation.<\/p>\r\n\t\t\t<p>Au pis aller, vous avez besoin de protection; toutes les polices d\u2019assurance habitation de base <a href=\"\/fr\/incendie\" title=\"Assurance incendie\">couvrent les sinistres provoqu\u00e9s par l\u2019incendie<\/a>.<\/p>\r\n\t\t\t<p>Si vous avez des questions au sujet des types de biens meubles couverts ou des doutes sur <a href=\"\/fr\/centres-ressources\/bases-assurance\/frais-subsistance-supplementaires\" title=\"Qu\u2019est-ce que les frais de subsistance suppl\u00e9mentaires?\">le r\u00e8glement de l\u2019h\u00e9bergement temporaire<\/a> au cas o\u00f9 un sinistre assur\u00e9 vous oblige de quitter votre habitation, communiquez avec votre fournisseur d\u2019assurance habitation.<\/p>\r\n\t\t\t<p>L\u2019assurance habitation est synonyme de tranquillit\u00e9 d\u2019esprit. Il vaut le coup de prendre le temps de v\u00e9rifier que vous et vos \u00eatres chers avez la couverture dont vous avez besoin.<\/p>\r\n\r\n\r\n<h2 id=\"ChristmasTreeSafety_FAQ\">Questions fr\u00e9quemment pos\u00e9es<\/h2>\r\n \r\n<h3>Est-il s\u00e9curitaire de poser un sapin de No\u00ebl \u00e0 l\u2019ext\u00e9rieur?<\/h3>\r\n<p>Vous pouvez monter un sapin de No\u00ebl \u00e0 l\u2019ext\u00e9rieur, \u00e0 condition que vous vous assuriez que l\u2019arbre et ses objets de d\u00e9coration sont s\u00e9curis\u00e9s contre le vent et la neige. N\u2019oubliez pas d\u2019utiliser des jeux de lumi\u00e8re d\u2019ext\u00e9rieur.<\/p>\r\n\r\n<h3>Quel type d&rsquo;arbre dure le plus longtemps?<\/h3>\r\n<p>Les sapins, surtout les sapins de Fraser et de Douglas, sont les sapins de No\u00ebl les plus durables. Si vous pr\u00e9f\u00e9rez le pin, le pin sylvestre est le plus durable de cette esp\u00e8ce.<\/p>\r\n\r\n<h3>Comment puis-je augmenter la long\u00e9vit\u00e9 de mon sapin de No\u00ebl?<\/h3>\r\n<p>Commencez par choisir l\u2019arbre le plus frais et le plus sain. Ensuite, coupez dans la base du tronc pour faciliter l\u2019absorption de l\u2019eau. Arrosez bien le sapin en v\u00e9rifiant le niveau d\u2019eau tous les jours (et plus fr\u00e9quemment dans les premiers jours). Finalement, gardez le sapin \u00e0 l\u2019\u00e9cart des sources de chaleur. <\/p>\r\n\r\n\r\n<p><strong>Vous voulez en savoir plus?<\/strong> Consultez notre <a href=\"\/fr\/centres-ressources\/bases-assurance\" title=\"Centre de ressources : bases de l\u2019assurance habitation\">Centre de ressources&nbsp;: bases de l\u2019assurance habitation<\/a> pour acc\u00e9der \u00e0 des dizaines d\u2019articles pratiques pour vous guider sur les tenants et aboutissants de l\u2019assurance habitation. Ensuite, <a href=\"\/fr\/soumission-assurance-habitation-en-ligne\" title=\"Obtenir une soumission d\u2019assurance habitation en ligne\">obtenez une soumission d'assurance habitation en ligne<\/a> en moins de 5\u00a0minutes et d\u00e9couvrez \u00e0 quel point l\u2019assurance habitation personnalis\u00e9e peut \u00eatre abordable.<\/p>\r\n\r\n<div class=\"row py-3\">\r\n<div class=\"col-12\">\r\n<div class=\"card review\" style=\"box-shadow: 0 2px 4px rgba(0,0,0,0.07);background-color:#f4f4f4;\">\r\n<div class=\"card-body\">\r\n    <p class=\"text-primary h4\">\u00c0 propos de l\u2019expert&nbsp;: Chuck Roydhouse<\/p>\r\n    <p>Pompier \u00e0 la retraite, Chuck Roydhouse est propri\u00e9taire de Clean Sweep d\u2019Anne Arundel County et pr\u00e9sident du Chimney Safety Institute of America (CSIA). Titulaire d\u2019un dipl\u00f4me en science et s\u00e9curit\u00e9 incendie de la Shepherd University, il compte 25&nbsp;ans d\u2019exp\u00e9rience de pompier. Chuck compte plus de 30&nbsp;ans d\u2019exp\u00e9rience \u00e0 titre de ramoneur-ma\u00eetre du CSIA.<\/p>\r\n<\/div>\r\n<\/div>\r\n<\/div>\r\n<\/div>\r\n\r\n      <\/div>\r\n    <\/div>\r\n<\/div>\r\n<\/section>\r\n<script type=\"application\/ld+json\">\r\n{\r\n  \"@context\": \"https:\/\/schema.org\",\r\n  \"@type\": \"FAQPage\",\r\n  \"mainEntity\": [{\r\n    \"@type\": \"Question\",\r\n    \"name\": \"Est-il s\u00e9curitaire de poser un sapin de No\u00ebl \u00e0 l\u2019ext\u00e9rieur?\",\r\n    \"acceptedAnswer\": {\r\n      \"@type\": \"Answer\",\r\n      \"text\": \"Vous pouvez monter un sapin de No\u00ebl \u00e0 l\u2019ext\u00e9rieur, \u00e0 condition que vous vous assuriez que l\u2019arbre et ses objets de d\u00e9coration sont s\u00e9curis\u00e9s contre le vent et la neige. N\u2019oubliez pas d\u2019utiliser des jeux de lumi\u00e8re d\u2019ext\u00e9rieur.\"\r\n    }\r\n  },{\r\n    \"@type\": \"Question\",\r\n    \"name\": \"Quel sapin de No\u00ebl dure le plus longtemps?\",\r\n    \"acceptedAnswer\": {\r\n      \"@type\": \"Answer\",\r\n      \"text\": \"Les sapins, surtout les sapins de Fraser et de Douglas, sont les sapins de No\u00ebl les plus durables. Si vous pr\u00e9f\u00e9rez les pins, le pin sylvestre est le plus durable de cette esp\u00e8ce.\"\r\n    }\r\n  },{\r\n    \"@type\": \"Question\",\r\n    \"name\": \"Comment puis-je augmenter la long\u00e9vit\u00e9 de mon sapin de No\u00ebl?\",\r\n    \"acceptedAnswer\": {\r\n      \"@type\": \"Answer\",\r\n      \"text\": \"Commencez par choisir l\u2019arbre le plus frais et le plus sain. Ensuite, d\u00e9coupez dans la base du tronc pour faciliter l\u2019absorption de l\u2019eau. Arrosez bien le sapin en v\u00e9rifiant le niveau d\u2019eau tous les jours (et plus fr\u00e9quemment dans les premiers jours). Finalement, montez le sapin \u00e0 l\u2019\u00e9cart des sources de chaleur\"\r\n    }\r\n  }]\r\n}\r\n<\/script>\r\n<script type=\"application\/ld+json\">\r\n{\r\n  \"@context\": \"https:\/\/schema.org\",\r\n  \"@type\": \"WebPage\",\r\n  \"mainEntityOfPage\": {\r\n    \"@type\": \"Article\",\r\n    \"@id\": \"https:\/\/www.squareone.ca\/fr\/centres-ressources\/securite-domiciliaire-personnelle\/securite-sapin-Noel\"\r\n  },\r\n  \"author\": [\r\n    {\r\n      \"@type\": \"Person\",\r\n      \"name\": \"Seamus McKale\",\r\n      \"url\": \"https:\/\/www.squareone.ca\/fr\/a-propos-de-nous\/membres-equipe#seamus-mckale\"\r\n    }\r\n  ],\r\n \"reviewedBy\": [\r\n    {\r\n      \"@type\": \"Person\",\r\n      \"name\": \"Chuck Roydhouse\",\r\n      \"url\": \"https:\/\/www.squareone.ca\/fr\/a-propos-de-nous\/experts#fire-safety\"\r\n    }\r\n  ],\r\n  \"headline\": \"Guide de s\u00e9curit\u00e9 pour le sapin de No\u00ebl\",\r\n  \"datePublished\": \"\",\r\n  \"dateModified\": \"\",\r\n  \"inLanguage\": \"fr-CA\",\r\n  \"isAccessibleForFree\": true\r\n}\r\n<\/script>\r\n\r\n","protected":false},"excerpt":{"rendered":"<p>Guide de s\u00e9curit\u00e9 pour le sapin de No\u00ebl \u00c9valu\u00e9 par Chuck Roydhouse Pendant la saison des F\u00eates, on voit des d\u00e9corations de No\u00ebl partout en ville et partout dans les maisons. Qu&rsquo;est-ce qu&rsquo;il y a de plus festif que de se pelotonner sur le sofa devant un sapin de No\u00ebl fraichement d\u00e9cor\u00e9? Toutefois, le sapin [&hellip;]<\/p>\n","protected":false},"author":2,"featured_media":61330,"parent":51337,"menu_order":0,"comment_status":"open","ping_status":"closed","template":"page-article-new.php","meta":{"_acf_changed":false,"footnotes":""},"class_list":["post-61312","page","type-page","status-publish","has-post-thumbnail","hentry"],"acf":[],"_links":{"self":[{"href":"https:\/\/www.squareone.ca\/fr\/wp-json\/wp\/v2\/pages\/61312","targetHints":{"allow":["GET"]}}],"collection":[{"href":"https:\/\/www.squareone.ca\/fr\/wp-json\/wp\/v2\/pages"}],"about":[{"href":"https:\/\/www.squareone.ca\/fr\/wp-json\/wp\/v2\/types\/page"}],"author":[{"embeddable":true,"href":"https:\/\/www.squareone.ca\/fr\/wp-json\/wp\/v2\/users\/2"}],"replies":[{"embeddable":true,"href":"https:\/\/www.squareone.ca\/fr\/wp-json\/wp\/v2\/comments?post=61312"}],"version-history":[{"count":13,"href":"https:\/\/www.squareone.ca\/fr\/wp-json\/wp\/v2\/pages\/61312\/revisions"}],"predecessor-version":[{"id":75706,"href":"https:\/\/www.squareone.ca\/fr\/wp-json\/wp\/v2\/pages\/61312\/revisions\/75706"}],"up":[{"embeddable":true,"href":"https:\/\/www.squareone.ca\/fr\/wp-json\/wp\/v2\/pages\/51337"}],"wp:featuredmedia":[{"embeddable":true,"href":"https:\/\/www.squareone.ca\/fr\/wp-json\/wp\/v2\/media\/61330"}],"wp:attachment":[{"href":"https:\/\/www.squareone.ca\/fr\/wp-json\/wp\/v2\/media?parent=61312"}],"curies":[{"name":"wp","href":"https:\/\/api.w.org\/{rel}","templated":true}]}}