{"id":61365,"date":"2022-12-20T16:30:30","date_gmt":"2022-12-21T00:30:30","guid":{"rendered":"https:\/\/www.squareone.ca\/conseils-securite-responsabilite-civile-party-noel"},"modified":"2025-09-29T10:22:21","modified_gmt":"2025-09-29T17:22:21","slug":"conseils-securite-responsabilite-civile-party-noel","status":"publish","type":"page","link":"https:\/\/www.squareone.ca\/fr\/centres-ressources\/securite-domiciliaire-personnelle\/conseils-securite-responsabilite-civile-party-Noel","title":{"rendered":"Organisation d\u2019une f\u00eate de No\u00ebl : conseils de s\u00e9curit\u00e9 et de responsabilit\u00e9 civile"},"content":{"rendered":"<section id='intro' class=\"bg-shape-split bg-sub-page-hero\">\r\n    <div class=\"bg-position\">\r\n        <div class=\"container-fluid\">\r\n            <div class=\"row align-items-center\">\r\n                <div class=\"col-12 col-lg-8\">\r\n                    <h1>Organisation d\u2019une f\u00eate de No\u00ebl\u00a0: conseils de s\u00e9curit\u00e9 et de responsabilit\u00e9 civile<\/h1>\r\n <strong>Article r\u00e9dig\u00e9 par l'\u00e9quipe de Square One<\/strong>\r\n                    <div style=\"margin-top:48px;\"><p class=\"pb-4\" style=\"margin-top:-24px\">Mis \u00e0 jour le 7 mars 2023<\/p><\/div>\r\n                <\/div>\r\n            <\/div>\r\n\r\n            <div class=\"row\">\r\n                <div class=\"col-lg-8\">\r\n                    <p class=\"display-4\">Vive le temps des F\u00eates! En plus des achats, des soupers en famille et des concerts saisonniers, nos calendriers sont remplis d\u2019une s\u00e9rie de f\u00eates pour c\u00e9l\u00e9brer l\u2019\u00e9poque la plus festive de l\u2019ann\u00e9e. Vous avez h\u00e2te de vivre la joie de la saison en la compagnie de vos amis, vos coll\u00e8gues et les membres de votre famille.<\/p>\r\n\r\n                    <p class=\"pt-3\"><img decoding=\"async\" src=\"https:\/\/cdn.squareone.ca\/wp-content\/uploads\/2022\/12\/21112353\/organisation-fete-de-noel.png\" alt=\"F\u00eate de No\u00ebl en la compagnie des amis\" width=\"248px\" rel=\"noopener noreferrer\" class=\"img-fluid\" \/><\/p>\r\n                <\/div>\r\n                <div class=\"col-lg-3 offset-lg-1\">          \r\n                    <p class=\"mb-2 display-4 pt-4 pt-lg-0 pt-mb-0\"><strong>Th\u00e8mes<\/strong><\/p>\r\n                        <ul class=\"list-unstyled link-list display-4\">\r\n                            <li><a href='#Liability-issues'>Questions de responsabilit\u00e9 civile en ce qui concerne l\u2019organisation des f\u00eates<\/a><\/li>\r\n                            <li><a href='#Social-host'>Qu\u2019est-ce qu\u2019un h\u00f4te social?<\/a><\/li>\r\n                            <li><a href='#Hosting-responsibly'>7\u00a0conseils pour organiser une f\u00eate de fa\u00e7on responsable<\/a><\/li>\r\n                        <\/ul>\r\n                <\/div>\r\n            <\/div>  \r\n        <\/div>\r\n    <\/div>\r\n    <div class=\"bg-bottom\"><\/div>\r\n<\/section>\r\n\r\n<section>\r\n    <div class=\"container-fluid py-6\">\r\n        <div class=\"row\">\r\n            <div class=\"col-12 col-lg-8\">\r\n\r\n            <p>Sans doute, vous voulez c\u00e9l\u00e9brer les F\u00eates \u00e0 votre mani\u00e8re en organisant un party chez vous. En plus d\u2019envoyer les invitations, de pr\u00e9parer la nourriture et les boissons, et de d\u00e9corer l\u2019espace, vous devez \u00eatre conscient des <a href=\"https:\/\/www.squareone.ca\/fr\/centres-ressources\/bases-assurance\/assurance-responsabilite-civile\" title=\"Qu\u2019est-ce que l\u2019assurance responsabilit\u00e9 civile?\">probl\u00e8mes de responsabilit\u00e9 civile<\/a> qui pourraient survenir. Il s\u2019agit d\u2019un th\u00e8me s\u00e9rieux \u00e0 l\u2019encontre de la l\u00e9g\u00e8ret\u00e9 de la saison, mais vous avez int\u00e9r\u00eat \u00e0 y penser. <\/p>\r\n\r\n            <p>Vous pouvez vous pr\u00e9parer en prenant en consid\u00e9ration les lois de responsabilit\u00e9 civile, vos responsabilit\u00e9s \u00e0 titre d\u2019h\u00f4te et des conseils pour une f\u00eate s\u00e9curitaire et r\u00e9ussie.<\/p>\r\n\r\n       <h2 id=\"Liability-issues\">Questions de responsabilit\u00e9 civile en ce qui concerne l\u2019organisation d\u2019une f\u00eate<\/h2>\r\n                <img decoding=\"async\" loading=\"lazy\" src=\"https:\/\/cdn.squareone.ca\/wp-content\/uploads\/2017\/12\/08052417\/Liability-Issues-Around-Hosting-Parties.jpg\" title=\"Questions de responsabilit\u00e9 civile en ce qui concerne l\u2019organisation d\u2019une f\u00eate\" alt=\"Une personne prenant une photo d'un groupe d'amis dans une f\u00eate\" width=\"800px\" class=\"img-fluid mb-5\" \/>\r\n            <p>Il n\u2019y a aucune loi canadienne qui \u00e9num\u00e8re les responsabilit\u00e9s d\u2019une h\u00f4te de f\u00eate, quoique l\u2019Ontario ait une loi provinciale sur la <a href=\"https:\/\/smartserve.ca\/socialhost\/?lang=fr\" rel=\"noopener noreferrer\" target=\"_blank\" title=\"Responsabilit\u00e9 civile en ce qui concerne l\u2019alcool (h\u00f4te social)\">responsabilit\u00e9 civile d\u2019un h\u00f4te social<\/a>. Dans le m\u00eame ordre d\u2019id\u00e9es, en 2006, la Cour supr\u00eame f\u00e9d\u00e9rale a statu\u00e9 sur le cas d\u2019un accident caus\u00e9 par un invit\u00e9 ivre conduisant son v\u00e9hicule en quittant les lieux d\u2019une soir\u00e9e. Le cas, <a href=\"https:\/\/scc-csc.lexum.com\/scc-csc\/scc-csc\/fr\/item\/3\/index.do\" title=\"Childs v Desormeaux\" target=\"_blank\" rel=\"noopener noreferrer\">Childs v Desormeaux<\/a>, tournait autour d\u2019un invit\u00e9 qui a essay\u00e9 de rentrer chez lui en voiture apr\u00e8s une f\u00eate de la veille du jour de l\u2019An. L\u2019invit\u00e9 a heurt\u00e9 de plein fouet un autre v\u00e9hicule; l\u2019un des passagers de l\u2019autre v\u00e9hicule a \u00e9t\u00e9 tu\u00e9 et un autre passager paralys\u00e9.<\/p>\r\n\r\n            <p>\u00c9tant donn\u00e9 qu\u2019il s\u2019agissait d\u2019une f\u00eate o\u00f9 les invit\u00e9s apportaient leur propre alcool, la Cour a statu\u00e9 que les h\u00f4tes n\u2019\u00e9taient pas responsables, car ils ignoraient la quantit\u00e9 d\u2019alcool consomm\u00e9e par l\u2019invit\u00e9 et n\u2019\u00e9taient pas en mesure de pr\u00e9voir la trag\u00e9die. Par cons\u00e9quent, le seuil de responsabilit\u00e9 pour un h\u00f4te devenait la pr\u00e9visibilit\u00e9 raisonnable. <\/p>\r\n\r\n            <p>Toutefois, la Cour a sugg\u00e9r\u00e9 que si c\u2019\u00e9tait l\u2019h\u00f4te qui avait servi les boissons, celui-ci aurait pu \u00eatre tenu responsable. \u00c0 titre d\u2019h\u00f4te, vous ne voulez pas prendre le risque d\u2019\u00eatre <a href=\"\/fr\/centres-ressources\/lexique-assurance\/subrogation\" title=\"D\u00e9finition : subrogation\">poursuivi<\/a> et encore moins de contribuer aux blessures de l\u2019un de vos invit\u00e9s ou \u00e0 des tiers. Dans cette optique, vous avez int\u00e9r\u00eat \u00e0 prendre en consid\u00e9ration certains conseils en vue du service et de la consommation de l\u2019alcool pendant toute f\u00eate que vous organisez chez vous.<\/p>\r\n\r\n\r\n            <h2 id=\"Social-host\">Qu\u2019est-ce qu\u2019un h\u00f4te social?<\/h2>\r\n                <img decoding=\"async\" loading=\"lazy\" src=\"https:\/\/cdn.squareone.ca\/wp-content\/uploads\/2017\/12\/08052448\/Social-Host.jpg\" title=\"Responsabilit\u00e9 d\u2019h\u00f4te social\" alt=\"Groupe d\u2019amis en conversation durant une f\u00eate de No\u00ebl\" width=\"800px\" class=\"img-fluid mb-5\" \/>\r\n            <p>Dans le cadre de la loi sur la responsabilit\u00e9 d\u2019h\u00f4te social de l\u2019Ontario, l\u2019h\u00f4te social est quelqu\u2019un qui organise une f\u00eate sur ses lieux, que celui-ci fournisse l\u2019alcool ou organise une f\u00eate o\u00f9 les invit\u00e9s apportent leur propre alcool. En Ontario, il y a trois cat\u00e9gories d\u2019h\u00f4te social\u00a0:<\/p>\r\n            <ul>\r\n                <li>Toute personne qui ne vend pas ou ne fournit pas d\u2019alcool \u00e0 but lucratif;<\/li>\r\n                <li>Toute personne qui a des relations uniques ou de non-employeur avec ses invit\u00e9s; ou<\/li>\r\n                <li>Toute personne servant ou approuvant tacitement la consommation de l\u2019alcool sur des lieux sous sa ma\u00eetrise.<\/li>\r\n            <\/ul>\r\n\r\n            <p>\u00c0 titre d\u2019h\u00f4te, vous \u00eates soumis \u00e0 divers types de responsabilit\u00e9\u00a0:<\/p>\r\n            <ul>\r\n                <li><p><strong>Responsabilit\u00e9 du serveur.<\/strong> Quiconque ayant servi de l\u2019alcool \u00e0 un invit\u00e9 au point de l\u2019ivresse devrait prendre note. L\u2019h\u00f4te est responsable d\u2019arr\u00eater de servir de l\u2019alcool au moment o\u00f9 l\u2019invit\u00e9 approche de cet \u00e9tat.<\/p><\/li>\r\n                <li><p><strong>Responsabilit\u00e9 de sanctionner des activit\u00e9s potentiellement dangereuses.<\/strong> L\u2019h\u00f4te est responsable d\u2019arr\u00eater ses invit\u00e9s de participer \u00e0 tout comportement ivre et destructif, que ce soit la conduite d\u2019un v\u00e9hicule ou la d\u00e9gradation de la propri\u00e9t\u00e9. <\/p><\/li>\r\n                <li><p><strong>Responsabilit\u00e9 du fait des lieux.<\/strong> Si vous \u00eates le propri\u00e9taire ou le locataire des lieux, vous \u00eates responsable de tout ce qui se passe sur les lieux, que ce soit des dommages physiques ou des accidents et blessures. C\u2019est la responsabilit\u00e9 du propri\u00e9taire ou du locataire de s\u2019assurer qu\u2019il n\u2019y a pas de danger qui pourrait causer des dommages.<\/p><\/li>\r\n            <\/ul>\r\n            <\/div>\r\n        <\/div>\r\n    <\/div>\r\n<\/section>\r\n\r\n\t<section class=\"bg-transparent\">\n\t\t<img decoding=\"async\" src=\"\/sales\/images\/bgs\/bg-mid-page-cta-general-top.svg\" style=\"width: 100%; vertical-align: bottom; position: relative; top: 1px\"\/>\n\t\t\n\t\t<div class=\"bg-darkTeal py-3\">\t\t\t\n\t\t\t<div class=\"container-fluid\">\n\t\t\t\t<div class=\"row d-flex align-items-center pb-5\">\n\t\t\t\t\t<div class=\"col-12 col-md-8 offset-md-2 px-lg-5 pb-5 pb-lg-0\">\n\t\t\t\t\t\t<div class=\"h6 mb-4 text-primary text-uppercase text-center\">\n\t\t\t\t\t\t\tCela ne prend que 5\u00a0minutes \n\t\t\t\t\t\t<\/div>\t\t\n\t\t\t\t\t\t\t\t\t\t\t\n\t\t\t\t\t\t<p class=\"lead px-lg-5 text-white\">\n\t\t\t\t\t\t\t<strong class=\"d-inline-block text-uc-first\">Pr\u00eat \u00e0 obtenir une soumission en ligne? <\/strong> Votre temps est aussi pr\u00e9cieux que vos possessions. Obtenez une soumission d'assurance habitation en <strong>5 minutes<\/strong>. C\u2019est moins de temps qu\u2019il n\u2019en faut pour faire la file pour un caf\u00e9.\n\t\t\t\t\t\t<\/p>\t\t\t\n\t\n\t\t\t\t\t\t<div id=\"sq1-qw-542bc0f53a4a\" class=\"sq1-quote-widget mb-4 text-white\" data-quote-widget-type=\"HOME\" data-has-custom-text=\"true\">\n\t\t\t\t\t\t\t<div class=\"input-group input-group-focus-within bg-white my-4\">\n\t\t\t\t\t\t\t\t<div>\n\t\t\t\t\t\t\t\t\t<div class=\"input-group-text\">\n\t\t\t\t\t\t\t\t\t\t<i class=\"fa fa-map-marker d-block text-black\"><\/i>\n\t\t\t\t\t\t\t\t\t<\/div>\n\t\t\t\t\t\t\t\t<\/div>\n\t\t\t\t\t\t\t\t<input type=\"text\" class=\"form-control\" style=\"padding: 10px;\" placeholder=\"Enter an address\" aria-label=\"Inscrivez votre adresse pour obtenir une soumission\"\/>\n\t\t\t\t\t\t\t\t<div>\n\t\t\t\t\t\t\t\t\t<button class=\"btn btn-primary\">Obtenir une soumission en ligne d\u00e8s maintenant<\/button>\n\t\t\t\t\t\t\t\t<\/div>\n\t\t\t\t\t\t\t<\/div>\n\t\t\t\t\t\t<\/div>\n\t\t\t\t\t\t\n\t\t\t\t\t\t<p class=\"small text-white\">Avant de commencer, veuillez lire notre <a href=\"https:\/\/www.squareone.ca\/fr\/politique-confidentialite\" target=\"_blank\" rel=\"noreferrer noopener\">Politique de confidentialit\u00e9<\/a> et nos <a href=\"https:\/\/www.squareone.ca\/fr\/conditions-utilisation\" target=\"_blank\" rel=\"noreferrer noopener\">Conditions d\u2019utilisation<\/a>.<\/p>\t\n\t\n\t\t\t\t\t\t<script type=\"text\/javascript\">\n\t\t\t\t\t\t(function() {\n\t\t\t\t\t\t\tdocument.addEventListener('soiMiscJsLoaded', function() {\n\t\t\t\t\t\t        $(document).ready(function() {\n\t\t\t\t\t\t\t\t\tsoiQuoteWidget.processFormWidget('\/sales\/index.php\/json_quote_widget?rand=' +Math.random(), 'qwContainer'); \/\/populate quoting widget with content from symfony.\n\t\t\t\t\t\t\t\t});\n\t\t\t\t\t\t\t});\n\t\t\t\t\t\t})();\n\t\t\t\t\t\t<\/script>\n\t\t\t\t\t<\/div>\n\t\t\t\t<\/div>\n\t\t\t<\/div>\n\t\t<\/div>\n\t\t\n\t\t<img decoding=\"async\" src=\"\/sales\/images\/bgs\/bg-mid-page-cta-general-bottom.svg\" style=\"width: 100%; vertical-align: top\"\/>\t\t\n\t<\/section>\r\n\r\n<section>\r\n    <div class=\"container-fluid py-6\">\r\n        <div class=\"row\">\r\n            <div class=\"col-12 col-lg-8\">\r\n\r\n            <h2 id=\"Hosting-responsibly\">7\u00a0conseils pour organiser une f\u00eate responsable<\/h2>\r\n\r\n            <p>Pas mal de choses \u00e0 retenir, non? Ne vous d\u00e9sesp\u00e9rez pas! Vous voulez surement que vos invit\u00e9s s\u2019amusent bien sans cons\u00e9quences d\u00e9sagr\u00e9ables. \u00c0 mesure que vous planifiez votre party de No\u00ebl, suivez les 7\u00a0conseils suivants\u00a0:<\/p>\r\n            <ol>\r\n                <li><h3>Surveillez la consommation<\/h3><p>Surveillez vos invit\u00e9s pour vous assurer qu\u2019ils n\u2019abusent pas de l\u2019alcool servi. Si vous voyez un invit\u00e9 qui boit trop, c\u2019est \u00e0 vous de fixer des limites. Vous pouvez servir vos invit\u00e9s vous-m\u00eame afin de ma\u00eetriser la consommation au lieu de proposer un libre-service.<\/p><\/li>\r\n\r\n                <li><h3>Servez des boissons non alcoolis\u00e9es<\/h3><p>Avant que les invit\u00e9s commencent \u00e0 penser \u00e0 partir, proposez le caf\u00e9 et le th\u00e9. C\u2019est l\u2019occasion id\u00e9ale de sortir les friandises et de montrer \u00e0 vos invit\u00e9s vos capacit\u00e9s de boulanger!<\/p>\r\n                <img decoding=\"async\" loading=\"lazy\" src=\"https:\/\/cdn.squareone.ca\/wp-content\/uploads\/2017\/12\/08052534\/Shift-the-Focus.jpg\" title=\"Changer les options de boissons pour \u00e9viter les probl\u00e8mes de responsabilit\u00e9 civile\" alt=\"Un groupe de gens heureux \u00e0 table\" width=\"800px\" class=\"img-fluid mb-5\" \/><\/li>\r\n\r\n                <li><h3>Ne buvez pas<\/h3><p>Afin de bien surveiller vos invit\u00e9s, ne vous enivrez pas. Vous et votre conjoint pouvez vous passer de l\u2019alcool \u00e0 tour de r\u00f4le s\u2019il s\u2019agit d\u2019un party annuel.<\/p><\/li>\r\n\r\n                <li><h3>Films, jeux et autres activit\u00e9s<\/h3><p>Il ne faut pas que la consommation de l\u2019alcool soit l\u2019unique activit\u00e9 de la soir\u00e9e. Vous pouvez regarder un film classique des F\u00eates ou jouez des jeux de soci\u00e9t\u00e9 qui donneront aux invit\u00e9s l\u2019occasion de socialiser sans pour autant consommer de l\u2019alcool.<\/p><\/li>\r\n\r\n                <li><h3>Retirez les cl\u00e9s<\/h3><p>Si l\u2019un de vos invit\u00e9s n\u2019est pas en \u00e9tat de conduire, demandez ses cl\u00e9s et appelez un taxi; vous pouvez \u00e9galement lui proposer de passer la nuit chez vous. Vous pourriez aussi demander \u00e0 vos invit\u00e9s de pr\u00e9voir des conducteurs d\u00e9sign\u00e9s tout en offrant des cadeaux \u00e0 ceux-ci.<\/p>\r\n                <img decoding=\"async\" loading=\"lazy\" src=\"https:\/\/cdn.squareone.ca\/wp-content\/uploads\/2017\/12\/08052618\/Take-Away-Keys.jpg\" title=\"Retirez les cl\u00e9s des invit\u00e9s qui ont bu trop d\u2019alcool\" alt=\"Une personne qui boit de l'alcool donne ses cl\u00e9s \u00e0 quelqu\u2019un\" width=\"800px\" class=\"img-fluid mb-5\" \/><\/li>\r\n\r\n                <li><h3>Servez suffisamment de nourriture<\/h3><p>Assurez-vous qu\u2019il y a assez de nourriture pour diluer les effets de l\u2019alcool. \u00c9vitez des mets trop sal\u00e9s, car ceux-ci donnent soif aux gens.<\/p><\/li>\r\n\r\n                <li><h3>D\u00e9blayez la neige<\/h3><p>Assurez-vous de <a href=\"\/fr\/centres-ressources\/ameliorations-domiciliaires\/preparation-maison-hiver\" title=\"Pr\u00e9paration de votre maison pour l\u2019hiver : Square One\">d\u00e9blayer le trottoir<\/a> et l\u2019all\u00e9e pour que vos invit\u00e9s puissent se diriger \u00e0 votre entr\u00e9e en toute s\u00e9curit\u00e9. Enlevez tous les objets sur lesquels les invit\u00e9s peuvent tr\u00e9bucher. Posez un paillasson dans l\u2019entr\u00e9e afin d\u2019emp\u00eacher que les invit\u00e9s glissent sur le plancher mouill\u00e9. Assurez-vous d&rsquo;avoir un extincteur \u00e0 port\u00e9e de main en cas d\u2019accident de cuisine.<\/p>\r\n                <img decoding=\"async\" loading=\"lazy\" src=\"https:\/\/cdn.squareone.ca\/wp-content\/uploads\/2017\/12\/08052654\/Shovelling-Steps.jpg\" title=\"D\u00e9blayer les escaliers\" alt=\"Une personne d\u00e9blaie la neige sur les escaliers de l\u2019entr\u00e9e\" width=\"800px\" class=\"img-fluid\" \/><\/li>\r\n            <\/ol>\r\n            \r\n            <p>Il vaut mieux pr\u00e9venir que gu\u00e9rir. Si vous suivez ces conseils, vous et toutes vos convives profiteront de votre f\u00eate.<\/p>\r\n\t\t\t\r\n            <p><strong>Vous voulez en savoir plus?<\/strong> Consultez notre <a href=\"\/fr\/centres-ressources\/securite-domiciliaire-personnelle\" title=\"Centre de ressources : s\u00e9curit\u00e9 domiciliaire et personnelle\">Centre de ressources&nbsp;: s\u00e9curit\u00e9 domiciliaire et personnelle<\/a> pour d\u00e9couvriri comment prot\u00e9ger votre famille et votre domicile. Ensuite, <a href=\"\/fr\/soumission-assurance-habitation-en-ligne\" title=\"Obtenir une soumission d\u2019assurance habitation en ligne\">obtenez une soumission d'assurance habitation en ligne<\/a> en moins de 5\u00a0minutes et d\u00e9couvrez \u00e0 quel point l\u2019assurance habitation personnalis\u00e9e peut \u00eatre abordable.<\/p>\r\n\r\n<\/div>\r\n    <\/div>\r\n<\/div>\r\n<\/section>\r\n<script type=\"application\/ld+json\">\r\n{\r\n  \"@context\": \"https:\/\/schema.org\",\r\n   \"@type\": \"FAQPage\",\r\n  \"mainEntity\": [{\r\n    \"@type\": \"Question\",\r\n    \"name\": \"Qu\u2019est-ce qu\u2019un h\u00f4te social?\",\r\n    \"acceptedAnswer\": {\r\n      \"@type\": \"Answer\",\r\n      \"text\": \"Dans le cadre de la loi sur la responsabilit\u00e9 d\u2019h\u00f4te social de l\u2019Ontario, l\u2019h\u00f4te social est quelqu\u2019un qui organise une f\u00eate sur ses lieux, que celui-ci fournisse l\u2019alcool ou organise une f\u00eate o\u00f9 les invit\u00e9s apportent leur propre alcool. En Ontario, il y a trois cat\u00e9gories d\u2019h\u00f4te social\u00a0: toute personne qui ne vend pas ou ne fournit pas d\u2019alcool \u00e0 but lucratif; toute personne qui a des relations uniques ou de non-employeur avec ses invit\u00e9s; ou toute personne servant ou approuvant tacitement la consommation de l\u2019alcool sur des lieux sous sa ma\u00eetrise.\"\r\n    }\r\n  }]\r\n}\r\n<\/script>\r\n<script type=\"application\/ld+json\">\r\n{\r\n  \"mainEntityOfPage\": {\r\n    \"@type\": \"Article\",\r\n    \"@id\": \"https:\/\/www.squareone.ca\/fr\/centres-ressources\/securite-domiciliaire-personnelle\/conseils-securite-responsabilite-civile-party-Noel\"\r\n  },\r\n  \"author\": [\r\n    {\r\n      \"@type\": \"Person\",\r\n      \"name\": \"Square One team\"\r\n    }\r\n  ],\r\n  \"headline\": \"Organisation d\u2019une f\u00eate de No\u00ebl : conseils de s\u00e9curit\u00e9 et de responsabilit\u00e9 civile\",\r\n  \"datePublished\": \"\",\r\n  \"dateModified\": \"\",\r\n  \"inLanguage\": \"fr-CA\",\r\n  \"isAccessibleForFree\": true\r\n}\r\n<\/script>\r\n","protected":false},"excerpt":{"rendered":"<p>Organisation d\u2019une f\u00eate de No\u00ebl\u00a0: conseils de s\u00e9curit\u00e9 et de responsabilit\u00e9 civile Vive le temps des F\u00eates! En plus des achats, des soupers en famille et des concerts saisonniers, nos calendriers sont remplis d\u2019une s\u00e9rie de f\u00eates pour c\u00e9l\u00e9brer l\u2019\u00e9poque la plus festive de l\u2019ann\u00e9e. Vous avez h\u00e2te de vivre la joie de la saison [&hellip;]<\/p>\n","protected":false},"author":2,"featured_media":61388,"parent":51337,"menu_order":0,"comment_status":"closed","ping_status":"closed","template":"page-article-new.php","meta":{"_acf_changed":false,"footnotes":""},"class_list":["post-61365","page","type-page","status-publish","has-post-thumbnail","hentry"],"acf":[],"_links":{"self":[{"href":"https:\/\/www.squareone.ca\/fr\/wp-json\/wp\/v2\/pages\/61365","targetHints":{"allow":["GET"]}}],"collection":[{"href":"https:\/\/www.squareone.ca\/fr\/wp-json\/wp\/v2\/pages"}],"about":[{"href":"https:\/\/www.squareone.ca\/fr\/wp-json\/wp\/v2\/types\/page"}],"author":[{"embeddable":true,"href":"https:\/\/www.squareone.ca\/fr\/wp-json\/wp\/v2\/users\/2"}],"replies":[{"embeddable":true,"href":"https:\/\/www.squareone.ca\/fr\/wp-json\/wp\/v2\/comments?post=61365"}],"version-history":[{"count":12,"href":"https:\/\/www.squareone.ca\/fr\/wp-json\/wp\/v2\/pages\/61365\/revisions"}],"predecessor-version":[{"id":77045,"href":"https:\/\/www.squareone.ca\/fr\/wp-json\/wp\/v2\/pages\/61365\/revisions\/77045"}],"up":[{"embeddable":true,"href":"https:\/\/www.squareone.ca\/fr\/wp-json\/wp\/v2\/pages\/51337"}],"wp:featuredmedia":[{"embeddable":true,"href":"https:\/\/www.squareone.ca\/fr\/wp-json\/wp\/v2\/media\/61388"}],"wp:attachment":[{"href":"https:\/\/www.squareone.ca\/fr\/wp-json\/wp\/v2\/media?parent=61365"}],"curies":[{"name":"wp","href":"https:\/\/api.w.org\/{rel}","templated":true}]}}