{"id":61421,"date":"2022-12-29T12:23:17","date_gmt":"2022-12-29T20:23:17","guid":{"rendered":"https:\/\/www.squareone.ca\/soutien\/bases-assurance-conseils\/securite-domiciliaire-personnelle\/moisissure"},"modified":"2025-09-29T10:34:49","modified_gmt":"2025-09-29T17:34:49","slug":"moisissure","status":"publish","type":"page","link":"https:\/\/www.squareone.ca\/fr\/centres-ressources\/securite-domiciliaire-personnelle\/moisissure","title":{"rendered":"La moisissure et votre habitation"},"content":{"rendered":"<section id='intro' class=\"bg-shape-split bg-sub-page-hero\">\r\n    <div class=\"bg-position\">\r\n        <div class=\"container-fluid\">\r\n            <div class=\"row align-items-center\">\r\n                <div class=\"col-12 col-lg-8\">\r\n                    <h1>La moisissure et votre habitation<\/h1>\r\n <strong>Article r\u00e9dig\u00e9 par <a href=\"\/fr\/a-propos-de-nous\/contributeurs#anthony-michael\" title=\"Auteur : Anthony Michael\">Anthony Michael<\/a><\/strong>\r\n                    <div style=\"margin-top:48px;\"><p class=\"pb-4\" style=\"margin-top:-24px\">Mis \u00e0 jour le 18 juin 2024<\/p><\/div>\r\n                <\/div>\r\n            <\/div>\r\n\r\n            <div class=\"row\">\r\n                <div class=\"col-lg-8\">\r\n\r\n                    <p class=\"display-4\">Dans des conditions froides, chaudes et humides, l\u2019humidit\u00e9 exc\u00e9dentaire peut d\u00e9clencher la formation de la moisissure dans votre habitation. La moisissure peut pousser dans plusieurs endroits\u00a0: les murs, le plafond, le tapis, les livres et m\u00eame les jouets. Pire encore, la moisissure repr\u00e9sente un danger sanitaire\u00a0: les jeunes enfants, les personnes souffrant d\u2019asthme et les personnes \u00e2g\u00e9es sont particuli\u00e8rement vuln\u00e9rables.<\/p>\r\n\r\n                    <p class=\"display-4\">Dans cet article, nous examinerons la moisissure, comment elle se forme et comment la d\u00e9celer, l\u2019emp\u00eacher et l\u2019\u00e9liminer. De plus, nous examinerons certains des sympt\u00f4mes des probl\u00e8mes de sant\u00e9 caus\u00e9s par la moisissure et comment les dommages provoqu\u00e9s par la moisissure s\u2019inscrivent dans l\u2019assurance habitation.<\/p>\r\n\r\n                    <p class=\"pt-2\"><img decoding=\"async\" src=\"https:\/\/cdn.squareone.ca\/wp-content\/uploads\/2022\/12\/16110528\/mould-in-your-home.jpg\" alt=\"La moisissure verte et noire poussant sur une surface de mur textur\u00e9e\" width=\"248px\" class=\"img-fluid\" rel=\"noopener noreferrer\"\/><\/p>\r\n\r\n                <\/div>\r\n\r\n                <div class=\"col-lg-3 offset-lg-1\">          \r\n                    <p class=\"mb-2 display-4 pt-4 pt-lg-0 pt-mb-0\"><strong>Th\u00e8mes<\/strong><\/p>\r\n                        <ul class=\"list-unstyled link-list display-4\">\r\n                            <li><a href=\"#what-is\">Qu\u2019est-ce que la moisissure?<\/a><\/li>\r\n                            <li><a href=\"#detecting-mould\">Comment d\u00e9celer la moisissure<\/a><\/li>\r\n                            <li><a href=\"#health-problems\">Probl\u00e8mes sanitaires<\/a><\/li>\r\n                            <li><a href=\"#preventing-mould\">Comment emp\u00eacher la moisissure<\/a><\/li>\r\n                            <ul type=\"disc\" style=\"font-size:18px;\">\r\n                                <li><a href=\"#mould-inspection\">Inspection<\/a><\/li>\r\n                                <li><a href=\"#clean-water-damage\">Nettoyage des dommages caus\u00e9s par l&rsquo;eau<\/a><\/li>\r\n                                <li><a href=\"#avoid-humidity\">\u00c9vitez les conditions humides<\/a><\/li>\r\n                            <\/ul>\r\n                            <li><a href=\"#eliminating-mould\">Comment \u00e9liminer la moisissure<\/a><\/li>\r\n                            <li><a href=\"#home-insurance\">Assurance habitation<\/a><\/li>\r\n                            <li><a href=\"#FAQs\">Questions fr\u00e9quemment pos\u00e9es<\/a><\/li>\r\n                            <ul type=\"disc\" style=\"font-size:18px;\">\r\n                                <li><a href=\"#testing\">Analyses pour d\u00e9celer la moisissure<\/a><\/li>\r\n                                <li><a href=\"#painting\">Peinturer sur la moisissure<\/a><\/li>\r\n                                <li><a href=\"#air-purifiers\">Purificateurs d\u2019air<\/a><\/li>\r\n                            <\/ul>\r\n                        <\/ul>\r\n                <\/div>\r\n            <\/div>  \r\n        <\/div>\r\n    <\/div>\r\n    <div class=\"bg-bottom\"><\/div>\r\n<\/section>\r\n\r\n<section>\r\n    <div class=\"container-fluid py-6\">\r\n        <div class=\"row\">\r\n            <div class=\"col-12 col-lg-8\">\r\n\r\n                <h2 id=\"what-is\">Qu\u2019est-ce que la moisissure?<\/h2>\r\n\r\n                    <p>La moisissure ou le moisi est une coloration ou des taches form\u00e9es par le myc\u00e9lium et les spores de champignons. La moisissure pousse et se propage sur la mati\u00e8re organique humide ou en d\u00e9composition. La moisissure a besoin de l\u2019eau et de la mati\u00e8re nutritive pour pousser. \u00c0 l\u2019int\u00e9rieur, elle se forme sur la cloison s\u00e8che ou le carton, et \u00e0 l\u2019ext\u00e9rieur, sur les feuilles mortes. \u00c9tant donn\u00e9 que les spores de moisissure sont invisibles \u00e0 l&rsquo;\u0153il nu, la moisissure peut entrer imperceptiblement dans votre habitation par l\u2019interm\u00e9diaire des courants d\u2019air, des humains et des animaux de compagnie.<\/p>\r\n\r\n                <h2 id=\"detecting-mould\">Comment d\u00e9celer la moisissure<\/h2>\r\n\r\n                    <p>La moisissure peut se former n\u2019importe o\u00f9 dans votre maison, surtout dans les endroits humides et mal a\u00e9r\u00e9s. Les signes r\u00e9v\u00e9lateurs de la moisissure sont des taches color\u00e9es (souvent vertes et noires) sur les murs et le plafond, autour des fen\u00eatres et dans les placards. Les taches ou la peinture \u00e9caill\u00e9e sur les murs ou le plafond, ainsi qu\u2019une odeur terreuse dans la maison, peuvent \u00e9galement \u00eatre des signes de la pr\u00e9sence de la moisissure.<\/p>\r\n\r\n                <h2 id=\"health-problems\">Probl\u00e8mes de sant\u00e9 caus\u00e9s par la moisissure<\/h2>\r\n\r\n                    <p>La moisissure peut provoquer un nombre de sympt\u00f4mes en fonction du niveau d\u2019exposition et de la sant\u00e9 de la personne touch\u00e9e. Voici quelques-uns des <a href=\"https:\/\/www.quebec.ca\/sante\/problemes-de-sante\/a-z\/problemes-de-sante-causes-par-les-moisissures\" title=\"Probl\u00e8mes de sant\u00e9 caus\u00e9s par les moisissures\" rel=\"noopener noreferrer\" target=\"_blank\">probl\u00e8mes de sant\u00e9<\/a> les plus fr\u00e9quents provoqu\u00e9s par la moisissure\u00a0:<\/p>\r\n\r\n                    <ul>\r\n                        <li>Irritation des yeux, du nez et de la gorge<\/li>\r\n                        <li>\u00c9coulement nasal, congestion des sinus et sympt\u00f4mes semblables \u00e0 ceux du rhume<\/li>\r\n                        <li>Respiration sifflante et toux<\/li>\r\n                        <li>Crises d\u2019asthme<\/li>\r\n                        <li>Fatigue chronique et maux de t\u00eate<\/li>\r\n                    <\/ul>\r\n\r\n                    <p>Si vous croyez que ces sympt\u00f4mes ont \u00e9t\u00e9 caus\u00e9s par la moisissure, vous devriez communiquer avec un professionnel de la sant\u00e9.<\/p>\r\n\r\n                <h2 id=\"preventing-mould\">Comment emp\u00eacher la moisissure<\/h2>\r\n\r\n                    <p>Il y a plusieurs mesures simples que vous pouvez prendre pour emp\u00eacher la formation de la moisissure dans votre habitation.<\/p>\r\n\r\n                    <h3 id=\"mould-inspection\">Inspection<\/h3>\r\n\r\n                    <p>Au moins une fois par an, inspectez l\u2019ext\u00e9rieur de votre maison pour vous assurer qu\u2019il n\u2019y a pas de signes de moisissure. Examinez le toit, le bardage, le grenier, les goutti\u00e8res, les drains et tous les autres endroits expos\u00e9s \u00e0 l\u2019eau ou o\u00f9 la circulation de l\u2019air n\u2019est pas bonne. \u00c0 l\u2019int\u00e9rieur de la maison, regardez derri\u00e8re les meubles, dans les placards, dans les espaces d\u2019entreposage, dans le sous-sol ou vide sanitaire pour des signes de moisissure et d\u2019infiltration d\u2019eau.<\/p>\r\n\r\n                    <h3 id=\"clean-water-damage\">Nettoyage des dommages caus\u00e9s par l\u2019eau<\/h3>\r\n\r\n                    <p>Si vous subissez des <a href=\"\/fr\/centres-ressources\/securite-domiciliaire-personnelle\/prevention-degats-eau\" title=\"Pr\u00e9vention des d\u00e9g\u00e2ts d\u2019eau\">d\u00e9g\u00e2ts d\u2019eau<\/a> dans votre habitation, il faut nettoyer et s\u00e9cher les endroits touch\u00e9s dans les 24 \u00e0 48\u00a0heures suivant le sinistre, car l\u2019eau stagnante et les mati\u00e8res mouill\u00e9es peuvent favoriser la formation de la moisissure. Jetez des mat\u00e9riels endommag\u00e9s par l\u2019eau, comme la cloison s\u00e8che, le tapis, les carreaux en carton, l\u2019isolation, les matelas, les meubles rembourr\u00e9s, etc.<\/p>\r\n\r\n                    <h3 id=\"avoid-humidity\">\u00c9vitez l\u2019humidit\u00e9 \u00e9lev\u00e9e<\/h3>\r\n\r\n                    <p>Il est possible que votre habitation ait des niveaux \u00e9lev\u00e9s d\u2019humidit\u00e9 si vous voyez de la condensation sur les fen\u00eatres ou les murs. Le niveau d\u2019humidit\u00e9 dans la maison devrait \u00eatre entre 30\u00a0% et 55\u00a0% pour emp\u00eacher la condensation. Voici quelques mesures que vous pouvez prendre pour \u00e9viter l\u2019humidit\u00e9 \u00e9lev\u00e9e dans votre habitation\u00a0:<\/p>\r\n\r\n                    <ul>\r\n                        <li>Prenez des douches plus courtes<\/li>\r\n                        <li>Mettez le ventilateur d\u2019extraction quand vous prenez votre douche, un bain ou faites la cuisine<\/li>\r\n                        <li>Limitez l\u2019utilisation des humidificateurs<\/li>\r\n                        <li>Si vous avez un d\u00e9shumidificateur, videz et nettoyez le plateau r\u00e9guli\u00e8rement et mettez-le dans le sous-sol pendant l\u2019\u00e9t\u00e9.<\/li>\r\n                        <li>N\u2019entreposez pas le bois de chauffage \u00e0 l\u2019int\u00e9rieur<\/li>\r\n                        <li>A\u00e9rez la maison en ouvrant les fen\u00eatres et les portes<\/li>\r\n                    <\/ul>\r\n            <\/div>\r\n        <\/div>\r\n    <\/div>\r\n<\/section>\r\n\r\n\t<section class=\"bg-transparent\">\n\t\t<img decoding=\"async\" src=\"\/sales\/images\/bgs\/bg-mid-page-cta-general-top.svg\" style=\"width: 100%; vertical-align: bottom; position: relative; top: 1px\"\/>\n\t\t\n\t\t<div class=\"bg-darkTeal py-3\">\t\t\t\n\t\t\t<div class=\"container-fluid\">\n\t\t\t\t<div class=\"row d-flex align-items-center pb-5\">\n\t\t\t\t\t<div class=\"col-12 col-md-8 offset-md-2 px-lg-5 pb-5 pb-lg-0\">\n\t\t\t\t\t\t<div class=\"h6 mb-4 text-primary text-uppercase text-center\">\n\t\t\t\t\t\t\tCela ne prend que 5\u00a0minutes \n\t\t\t\t\t\t<\/div>\t\t\n\t\t\t\t\t\t\t\t\t\t\t\n\t\t\t\t\t\t<p class=\"lead px-lg-5 text-white\">\n\t\t\t\t\t\t\t<strong class=\"d-inline-block text-uc-first\">Pr\u00eat \u00e0 obtenir une soumission en ligne? <\/strong> Votre temps est aussi pr\u00e9cieux que vos possessions. Obtenez une soumission d'assurance habitation en <strong>5 minutes<\/strong>. C\u2019est moins de temps qu\u2019il n\u2019en faut pour faire la file pour un caf\u00e9.\n\t\t\t\t\t\t<\/p>\t\t\t\n\t\n\t\t\t\t\t\t<div id=\"sq1-qw-734374d430f4\" class=\"sq1-quote-widget mb-4 text-white\" data-quote-widget-type=\"HOME\" data-has-custom-text=\"true\">\n\t\t\t\t\t\t\t<div class=\"input-group input-group-focus-within bg-white my-4\">\n\t\t\t\t\t\t\t\t<div>\n\t\t\t\t\t\t\t\t\t<div class=\"input-group-text\">\n\t\t\t\t\t\t\t\t\t\t<i class=\"fa fa-map-marker d-block text-black\"><\/i>\n\t\t\t\t\t\t\t\t\t<\/div>\n\t\t\t\t\t\t\t\t<\/div>\n\t\t\t\t\t\t\t\t<input type=\"text\" class=\"form-control\" style=\"padding: 10px;\" placeholder=\"Enter an address\" aria-label=\"Inscrivez votre adresse pour obtenir une soumission\"\/>\n\t\t\t\t\t\t\t\t<div>\n\t\t\t\t\t\t\t\t\t<button class=\"btn btn-primary\">Obtenir une soumission en ligne d\u00e8s maintenant<\/button>\n\t\t\t\t\t\t\t\t<\/div>\n\t\t\t\t\t\t\t<\/div>\n\t\t\t\t\t\t<\/div>\n\t\t\t\t\t\t\n\t\t\t\t\t\t<p class=\"small text-white\">Avant de commencer, veuillez lire notre <a href=\"https:\/\/www.squareone.ca\/fr\/politique-confidentialite\" target=\"_blank\" rel=\"noreferrer noopener\">Politique de confidentialit\u00e9<\/a> et nos <a href=\"https:\/\/www.squareone.ca\/fr\/conditions-utilisation\" target=\"_blank\" rel=\"noreferrer noopener\">Conditions d\u2019utilisation<\/a>.<\/p>\t\n\t\n\t\t\t\t\t\t<script type=\"text\/javascript\">\n\t\t\t\t\t\t(function() {\n\t\t\t\t\t\t\tdocument.addEventListener('soiMiscJsLoaded', function() {\n\t\t\t\t\t\t        $(document).ready(function() {\n\t\t\t\t\t\t\t\t\tsoiQuoteWidget.processFormWidget('\/sales\/index.php\/json_quote_widget?rand=' +Math.random(), 'qwContainer'); \/\/populate quoting widget with content from symfony.\n\t\t\t\t\t\t\t\t});\n\t\t\t\t\t\t\t});\n\t\t\t\t\t\t})();\n\t\t\t\t\t\t<\/script>\n\t\t\t\t\t<\/div>\n\t\t\t\t<\/div>\n\t\t\t<\/div>\n\t\t<\/div>\n\t\t\n\t\t<img decoding=\"async\" src=\"\/sales\/images\/bgs\/bg-mid-page-cta-general-bottom.svg\" style=\"width: 100%; vertical-align: top\"\/>\t\t\n\t<\/section>\r\n\r\n<section>\r\n    <div class=\"container-fluid py-6\">\r\n        <div class=\"row\">\r\n            <div class=\"col-12 col-lg-8\">\r\n\r\n                <h2 id=\"eliminating-mould\">Comment \u00e9liminer la moisissure<\/h2>\r\n\r\n                    <p>Bien que vous puissiez nettoyer vous-m\u00eame les petits espaces touch\u00e9s par la moisissure (de 1 \u00e0 3\u00a0m\u00e8tres carr\u00e9s), vous avez besoin d\u2019une \u00e9valuation et d\u2019un nettoyage faits par un professionnel pour nettoyer tout espace de plus de 3\u00a0m\u00e8tres carr\u00e9s. Si vous \u00eates locataire, informez votre propri\u00e9taire bailleur si vous voyez la moisissure.<\/p>\r\n\r\n                    <p>Les personnes vuln\u00e9rables, comme les femmes enceintes, les enfants, les personnes \u00e2g\u00e9es, les personnes souffrant de l\u2019asthme, des allergies et d\u2019autres probl\u00e8mes de sant\u00e9, et les animaux de compagnie ne devraient pas \u00eatre dans l\u2019espace touch\u00e9 par la moisissure ou \u00e0 proximit\u00e9 de celui-ci.<\/p>\r\n\r\n                    <p>Vous avez besoin de l\u2019\u00e9quipement protecteur suivant\u00a0:<\/p>\r\n\r\n                    <ul>\r\n                        <li>lunettes protectrices<\/li>\r\n                        <li>masque\u00a0N95 jetable<\/li>\r\n                        <li>gants m\u00e9nagers jetables<\/li>\r\n                    <\/ul>\r\n\r\n                    <p>Vous pouvez essuyer les taches de moisissure dans des petits espaces \u00e0 l\u2019aide d\u2019un chiffon propre et d\u2019un nettoyant polyvalent. Il faut rapidement s\u00e9cher la surface apr\u00e8s le nettoyage. Vous n\u2019avez pas besoin d\u2019eau de Javel pour nettoyer la moisissure. N\u2019oubliez pas de jeter les articles endommag\u00e9s par l\u2019eau, comme la cloison s\u00e8che.<\/p>\r\n\r\n                    <p>Si la moisissure revient apr\u00e8s le nettoyage, il est probable que la source de la moisissure est toujours pr\u00e9sente. Dans ce cas, vous avez besoin d\u2019aide professionnelle.<\/p>\r\n\r\n                <h2 id=\"home-insurance\">Consid\u00e9rations en assurance habitation<\/h2>\r\n\r\n                    <p>La quasi-totalit\u00e9 des polices d\u2019assurance habitation exclut la couverture pour les dommages caus\u00e9s par la moisissure.<\/p>\r\n\r\n                    <p>Toutefois, un sinistre assur\u00e9 qui a provoqu\u00e9 la moisissure serait probablement couvert. Par exemple, si l\u2019eau d\u2019un tuyau \u00e9clat\u00e9 d\u2019un r\u00e9servoir d\u2019eau chaude cause la formation de la moisissure sur la cloison s\u00e8che, le nettoyage de la moisissure serait normalement couvert, pourvu que le sinistre soit assur\u00e9 en vertu de la police.<\/p>\r\n\r\n                    <p>En revanche, la moisissure qui se forme en raison de la <a href=\"\/fr\/centres-ressources\/lexique-assurance\/negligence\" title=\"D\u00e9finition : n\u00e9gligence\">n\u00e9gligence<\/a> (humidit\u00e9 \u00e9lev\u00e9e, manque de ventilation ou l\u2019accumulation de l\u2019eau stagnante) ne serait pas couverte, car il s\u2019agit de quelque chose que le propri\u00e9taire peut et devrait pr\u00e9venir.<\/p>\r\n                <h2 id=\"FAQs\">Questions fr\u00e9quemment pos\u00e9es<\/h2>\r\n\r\n                    <h3 id=\"testing\">Puis-je analyser l\u2019air de ma maison pour y d\u00e9celer la pr\u00e9sence de moisissure?<\/h3>\r\n\r\n                    <p><a href=\"https:\/\/www.canada.ca\/fr\/sante-canada\/services\/publications\/vie-saine\/prendre-charge-problemes-humidite-et-moisissure-votre-demeure.html\" title=\"Sant\u00e9 Canada : Prendre en charge des probl\u00e8mes d'humidit\u00e9 et de moisissure dans votre demeure\" rel=\"noopener noreferrer\" target=\"_blank\">Sant\u00e9 Canada<\/a> ne recommande pas d\u2019analyser l\u2019air pour y d\u00e9celer la pr\u00e9sence de moisissure. Les r\u00e9sultats de l\u2019analyse de l\u2019air ne fournissent aucune donn\u00e9e sur la sant\u00e9 et ne d\u00e9voilent pas la cause des dommages provoqu\u00e9s par la moisissure. Bien qu\u2019une analyse puisse d\u00e9celer la pr\u00e9sence des spores de moisissure dans l\u2019air, celles-ci font partie de l\u2019environnement et leur pr\u00e9sence ne signifie pas forc\u00e9ment qu\u2019il y a un probl\u00e8me.<\/p>\r\n\r\n                    <h3 id=\"painting\">Puis-je peinturer sur la moisissure, tout simplement? <\/h3>\r\n\r\n                    <p>Le fait de peinturer sur la moisissure ne l\u2019\u00e9liminera pas. La peinture s\u2019\u00e9caillera, car la moisissure continuera \u00e0 pousser en dessous la peinture. Il faut \u00e9liminer la source de la moisissure.<\/p>\r\n\r\n                    <h3 id=\"air-purifiers\">Puis-je utiliser un purificateur d\u2019air ou un filtre d\u2019air pour \u00e9liminer la moisissure?<\/h3>\r\n\r\n                    <p>Bien qu\u2019un purificateur d\u2019air nettoie l\u2019air, il n\u2019\u00e9liminera pas la moisissure. Vous devrez toujours \u00e9liminer la source de la formation de la moisissure. Un filtre d\u2019air enl\u00e8ve un pourcentage des spores de moisissure, mais les spores restantes se d\u00e9poseront sur le sol et seront recycl\u00e9es partout dans l\u2019habitation.<\/p>\r\n\r\n                    <p><strong>Vous voulez en savoir plus?<\/strong> Consultez notre <a href=\"\/fr\/centres-ressources\/securite-domiciliaire-personnelle\" title=\"Centre de ressources : s\u00e9curit\u00e9 domiciliaire et personnelle\">Centre de ressources&nbsp;: s\u00e9curit\u00e9 domiciliaire et personnelle<\/a> pour d\u00e9couvriri comment prot\u00e9ger votre famille et votre domicile. Ensuite, <a href=\"\/fr\/soumission-assurance-habitation-en-ligne\" title=\"Obtenir une soumission d\u2019assurance habitation en ligne\">obtenez une soumission d'assurance habitation en ligne<\/a> en moins de 5\u00a0minutes et d\u00e9couvrez \u00e0 quel point l\u2019assurance habitation personnalis\u00e9e peut \u00eatre abordable.<\/p>\r\n\r\n            <\/div>\r\n        <\/div>\r\n    <\/div>\r\n<\/section>\r\n<script type=\"application\/ld+json\">\r\n{\r\n  \"@context\": \"https:\/\/schema.org\",\r\n  \"@type\": \"FAQPage\",\r\n  \"mainEntity\": [{\r\n    \"@type\": \"Question\",\r\n    \"name\": \"Puis-je analyser l\u2019air de ma maison pour y d\u00e9celer la pr\u00e9sence de moisissure?\",\r\n    \"acceptedAnswer\": {\r\n      \"@type\": \"Answer\",\r\n      \"text\": \"Sant\u00e9 Canada ne recommande pas d\u2019analyser l\u2019air pour y d\u00e9celer la pr\u00e9sence de moisissure. Les r\u00e9sultats de l\u2019analyse de l\u2019air ne fournissent aucune donn\u00e9e sur la sant\u00e9 et ne d\u00e9voilent pas la cause des dommages provoqu\u00e9s par la moisissure. Bien qu\u2019une analyse puisse d\u00e9celer la pr\u00e9sence des spores de moisissure dans l\u2019air, celles-ci font partie de l\u2019environnement et leur pr\u00e9sence ne signifie pas forc\u00e9ment qu\u2019il y a un probl\u00e8me.\"\r\n    }\r\n  },{\r\n    \"@type\": \"Question\",\r\n    \"name\": \"Puis-je peinturer sur la moisissure, tout simplement?\",\r\n    \"acceptedAnswer\": {\r\n      \"@type\": \"Answer\",\r\n      \"text\": \"Le fait de peinturer sur la moisissure ne l\u2019\u00e9liminera pas. La peinture s\u2019\u00e9caillera, car la moisissure continuera \u00e0 pousser en dessous la peinture. Il faut \u00e9liminer la source de la moisissure.\"\r\n    }\r\n  },{\r\n    \"@type\": \"Question\",\r\n    \"name\": \"Puis-je utiliser un purificateur d\u2019air ou un filtre d\u2019air pour \u00e9liminer la moisissure?\",\r\n    \"acceptedAnswer\": {\r\n      \"@type\": \"Answer\",\r\n      \"text\": \"Bien qu\u2019un purificateur d\u2019air nettoie l\u2019air, il n\u2019\u00e9liminera pas la moisissure. Vous devrez toujours \u00e9liminer la source de la formation de la moisissure. Un filtre d\u2019air enl\u00e8ve un pourcentage des spores de moisissure, mais les spores restantes se d\u00e9poseront sur le sol et seront recycl\u00e9es partout dans l\u2019habitation.\"\r\n    }\r\n  }]\r\n}\r\n<\/script>\r\n<script type=\"application\/ld+json\">\r\n{\r\n  \"@context\": \"https:\/\/schema.org\",\r\n  \"@type\": \"WebPage\",\r\n  \"mainEntityOfPage\": {\r\n    \"@type\": \"Article\",\r\n    \"@id\": \"https:\/\/www.squareone.ca\/fr\/centres-ressources\/securite-domiciliaire-personnelle\/moisissure\"\r\n  },\r\n  \"author\": [\r\n    {\r\n      \"@type\": \"Person\",\r\n      \"name\": \"Anthony Michael\",\r\n      \"url\": \"https:\/\/www.squareone.ca\/fr\/a-propos-de-nous\/membres-equipe#anthony-michael\"\r\n    }\r\n  ],\r\n  \"headline\": \"La moisissure et votre habitation\",\r\n  \"datePublished\": \"\",\r\n  \"dateModified\": \"\",\r\n  \"inLanguage\": \"en-CA\",\r\n  \"isAccessibleForFree\": true\r\n}\r\n<\/script>\r\n","protected":false},"excerpt":{"rendered":"<p>La moisissure et votre habitation Dans des conditions froides, chaudes et humides, l\u2019humidit\u00e9 exc\u00e9dentaire peut d\u00e9clencher la formation de la moisissure dans votre habitation. La moisissure peut pousser dans plusieurs endroits\u00a0: les murs, le plafond, le tapis, les livres et m\u00eame les jouets. Pire encore, la moisissure repr\u00e9sente un danger sanitaire\u00a0: les jeunes enfants, les [&hellip;]<\/p>\n","protected":false},"author":20,"featured_media":61337,"parent":51337,"menu_order":0,"comment_status":"closed","ping_status":"closed","template":"page-article-new.php","meta":{"_acf_changed":false,"footnotes":""},"class_list":["post-61421","page","type-page","status-publish","has-post-thumbnail","hentry"],"acf":[],"_links":{"self":[{"href":"https:\/\/www.squareone.ca\/fr\/wp-json\/wp\/v2\/pages\/61421","targetHints":{"allow":["GET"]}}],"collection":[{"href":"https:\/\/www.squareone.ca\/fr\/wp-json\/wp\/v2\/pages"}],"about":[{"href":"https:\/\/www.squareone.ca\/fr\/wp-json\/wp\/v2\/types\/page"}],"author":[{"embeddable":true,"href":"https:\/\/www.squareone.ca\/fr\/wp-json\/wp\/v2\/users\/20"}],"replies":[{"embeddable":true,"href":"https:\/\/www.squareone.ca\/fr\/wp-json\/wp\/v2\/comments?post=61421"}],"version-history":[{"count":11,"href":"https:\/\/www.squareone.ca\/fr\/wp-json\/wp\/v2\/pages\/61421\/revisions"}],"predecessor-version":[{"id":77046,"href":"https:\/\/www.squareone.ca\/fr\/wp-json\/wp\/v2\/pages\/61421\/revisions\/77046"}],"up":[{"embeddable":true,"href":"https:\/\/www.squareone.ca\/fr\/wp-json\/wp\/v2\/pages\/51337"}],"wp:featuredmedia":[{"embeddable":true,"href":"https:\/\/www.squareone.ca\/fr\/wp-json\/wp\/v2\/media\/61337"}],"wp:attachment":[{"href":"https:\/\/www.squareone.ca\/fr\/wp-json\/wp\/v2\/media?parent=61421"}],"curies":[{"name":"wp","href":"https:\/\/api.w.org\/{rel}","templated":true}]}}