{"id":61448,"date":"2023-01-03T14:30:52","date_gmt":"2023-01-03T22:30:52","guid":{"rendered":"https:\/\/www.squareone.ca\/soutien\/bases-assurance-conseils\/bases\/liste-verification-assurance-habitation"},"modified":"2025-06-19T15:35:08","modified_gmt":"2025-06-19T22:35:08","slug":"liste-verification-assurance-habitation","status":"publish","type":"page","link":"https:\/\/www.squareone.ca\/fr\/centres-ressources\/bases-assurance\/liste-verification-assurance-habitation","title":{"rendered":"Liste de v\u00e9rification pour l\u2019assurance habitation"},"content":{"rendered":"<section id='intro' class=\"bg-shape-split bg-sub-page-hero\">\r\n    <div class=\"bg-position\">\r\n        <div class=\"container-fluid\">\r\n            <div class=\"row align-items-center\">\r\n                <div class=\"col-12 col-lg-8\">\r\n                    <h1>Liste de v\u00e9rification pour l\u2019assurance habitation<\/h1>\r\n<strong>Article r\u00e9dig\u00e9 par l'\u00e9quipe de Square One<\/strong>\r\n                    <p><strong>\u00c9valu\u00e9 par <a href=\"https:\/\/www.squareone.ca\/fr\/a-propos-de-nous\/experts\/daniel-mirkovic\" title=\"Expert : Daniel Mirkovic\">Daniel Mirkovic<\/a><\/strong><\/p> \t\t\t\t\t\r\n                    <p class=\"pb-4\" style=\"margin-top:-24px\">Mis \u00e0 jour le 18 juin 2024<\/p>\t\t\t\t\t\r\n                <\/div>\r\n            <\/div>\r\n\r\n            <div class=\"row\">\r\n                <div class=\"col-lg-8\">\r\n                    <p class=\"display-4\">En toute probabilit\u00e9, votre habitation est votre plus grand bien. En cas de catastrophe, comme un incendie ou un tremblement de terre, avez-vous suffisamment de protection pour votre bien immobilier? Avez-vous r\u00e9cemment revu votre police d\u2019assurance habitation?<\/p>\r\n                    <p class=\"display-4\">Dans cet article, nous proposons une liste de v\u00e9rification simple qui vous aidera \u00e0 rapidement passer en revue votre police.<\/p>\r\n                    <p class=\"pt-2\"><img loading=\"lazy\" decoding=\"async\" src=\"https:\/\/cdn.squareone.ca\/wp-content\/uploads\/2013\/05\/30071330\/Article-home-checklist-e1560203304133.jpg\" title=\"Liste de v\u00e9rification pour l\u2019assurance habitation\" alt=\"\" height=\"248\" width=\"186\" class=\"img-fluid\" rel=\"noopener noreferrer\" \/><\/p>\r\n                <\/div>\r\n\r\n                <div class=\"col-lg-3 offset-lg-1\">          \r\n                    <p class=\"mb-2 display-4 pt-4 pt-lg-0 pt-mb-0\"><strong>Th\u00e8mes<\/strong><\/p>\r\n                        <ul class=\"list-unstyled link-list display-4\">\r\n                            <li><a href=\"#Common-types\">Types de polices d\u2019assurance habitation courantes<\/a><\/li>\r\n                            <li><a href=\"#Important-aspects\">Aspects importants \u00e0 examiner<\/a><\/li>\r\n                        <\/ul>\r\n                <\/div>\r\n            <\/div>  \r\n        <\/div>\r\n    <\/div>\r\n    <div class=\"bg-bottom\"><\/div>\r\n<\/section>\r\n\r\n<section>\r\n    <div class=\"container-fluid py-6\">\r\n        <div class=\"row\">\r\n            <div class=\"col-12 col-lg-8\">\r\n\r\n<div class=\"row pb-6\">\r\n                    <div class=\"col-12\">\r\n                        <div class=\"card review\" style='background-color:#FFE0C9'>\r\n                            <div class=\"card-body\">\r\n                                <p class=\"h3\">L&rsquo;essentiel<\/p>\r\n                                <ul class='mb-0'>\r\n                                    <li>Il est important de passer en revue votre police d&rsquo;assurance habitation de temps \u00e0 autre afin de d\u00e9terminer si votre protection est toujours ad\u00e9quate.<\/li>\r\n                                    <li>L&rsquo;\u00e9valuation de votre police ne prendra pas beaucoup de temps si vous suivez une liste de v\u00e9rification de base des aspects \u00e0 rechercher.<\/li>\r\n                                <\/ul>\r\n                            <\/div>\r\n                        <\/div>\r\n                    <\/div>\r\n                <\/div>            \t\r\n\r\n            <p>Tous les ans, vous devriez passer en revue votre <a href=\"\/fr\/habitation\" title=\"Assurance habitation\">police d\u2019assurance habitation<\/a> avec votre fournisseur d\u2019assurance, car il est possible que votre situation ait chang\u00e9 depuis le d\u00e9but de la souscription de votre police. Une \u00e9valuation annuelle aidera \u00e0 d\u00e9terminer si vous avez la couverture appropri\u00e9e, selon la prime appropri\u00e9e.<\/p>\r\n\r\n        <h2 id=\"Common-types\">Types de polices d\u2019assurance habitation courantes<\/h2>\r\n\r\n            <p>Premi\u00e8rement, il faut v\u00e9rifier le type de police d\u2019assurance habitation que vous avez souscrite.<\/p>\r\n\r\n            <p>Il existe plusieurs types de polices sur le march\u00e9, mais les polices les plus courantes sont les suivants\u00a0: risques d\u00e9sign\u00e9s, formule \u00e9tendue et tous risques. Dans cet ordre, elles vont de la couverture la plus restreinte \u00e0 la couverture la plus \u00e9tendue. Pour obtenir de plus amples renseignements au sujet de ces types de polices, consultez notre article intitul\u00e9 <a href=\"\/fr\/centres-ressources\/bases-assurance\/types-de-polices-assurance-habitation\" title=\"Initiation aux diff\u00e9rents types d\u2019assurance habitation\">Initiation aux diff\u00e9rents types d\u2019assurance habitation<\/a>.<\/p>\r\n\r\n        <h2 id=\"Important-aspects\">Aspects importants \u00e0 examiner dans votre police d\u2019assurance<\/h2>\r\n\r\n            <p>Il y a plusieurs couvertures importantes \u00e0 v\u00e9rifier dans votre police\u00a0:<\/p>\r\n\r\n            <h3>Assurance tremblement de terre<\/h3> \r\n\r\n            <p>Le risque de tremblement de terre n\u2019est pas le m\u00eame partout au Canada. Les r\u00e9gions les plus \u00e0 <a href=\"\/fr\/centres-ressources\/bases-assurance\/assurance-tremblement-terre\" title=\"Assurance contre les tremblements de terre au Canada\">risque de tremblement de terre<\/a> sont la c\u00f4te ouest et le sud de l\u2019Ontario et du Qu\u00e9bec. Si vous vivez dans une r\u00e9gion sismique, il est important de souscrire une protection contre le tremblement de terre, car cette couverture n\u2019est pas g\u00e9n\u00e9ralement incluse dans une police d\u2019assurance habitation.<\/p>\r\n\r\n            <p>La plupart des compagnies d\u2019assurance proposent une <a href=\"\/fr\/habitation\/tremblement-terre\" title=\"Assurance contre le tremblement de terre\">protection contre le tremblement de terre<\/a> pour des frais suppl\u00e9mentaires.<\/p>\r\n\r\n            <h3>Protection contre les d\u00e9g\u00e2ts d\u2019eau<\/h3> \r\n\r\n            <p>La plupart des polices d\u2019assurance habitation comprennent une forme de protection contre les d\u00e9g\u00e2ts d\u2019eau. En revanche, cette couverture peut \u00eatre assez limit\u00e9e et souvent ne comprend pas <a href=\"\/fr\/habitation\/refoulement-eau\" title=\"Assurance contre le refoulement d\u2019eau\">l\u2019assurance contre le refoulement d\u2019eau<\/a>. Cette couverture pourrait \u00eatre souscrite moyennant des frais suppl\u00e9mentaires.<\/p>\r\n\r\n            <p>Qui plus est, les d\u00e9g\u00e2ts d\u2019eau sont caus\u00e9s par divers accidents, comme les <a href=\"\/fr\/centres-ressources\/bases-assurance\/tuyaux-geles\" title=\"Les tuyaux gel\u00e9s et votre assurance habitation\">tuyaux \u00e9clat\u00e9s<\/a> ou une pompe \u00e0 puisard d\u00e9faillante. Il est important de savoir quels types de d\u00e9g\u00e2ts d\u2019eau sont assur\u00e9s par votre police d\u2019assurance.<\/p>\r\n\r\n            <p>Les polices de Square One comprend automatiquement une protection contre la plupart des <a href=\"\/fr\/centres-ressources\/bases-assurance\/degats-eau\" title=\"Peut-on souscrire une assurance contre les d\u00e9g\u00e2ts d\u2019eau?\">types de d\u00e9g\u00e2ts d\u2019eau<\/a>.<\/p>\r\n\r\n            <h3>Assurance inondation fluviale<\/h3> \r\n\r\n            <p>Jusqu\u2019\u00e0 r\u00e9cemment, la plupart des fournisseurs d\u2019assurance habitation canadiens n\u2019offraient pas la couverture pour les dommages provoqu\u00e9s par l\u2019inondation fluviale. Toutefois, des fournisseurs d\u2019assurance comme Square One ont d\u00e9cid\u00e9 de changer tout cela; nous offrons automatiquement \u00e0 94\u00a0% de nos clients une <a href=\"\/fr\/habitation\/inondation\" title=\"Couverture d\u2019assurance contre l\u2019inondation\">protection contre l\u2019inondation fluviale<\/a>.<\/p> \r\n\r\n            <p>L\u2019assurance pour l\u2019inondation fluviale couvre des sinistres caus\u00e9s par l\u2019eau qui p\u00e9n\u00e8tre dans ou endommage votre b\u00e2timent, comme l\u2019eau des pluies abondantes ou l\u2019eau qui d\u00e9borde d\u2019un fleuve, d\u2019une rivi\u00e8re ou d\u2019un ruisseau. Sans cette couverture, vous devrez payer ces dommages \u00e0 vos frais. Vous avez int\u00e9r\u00eat \u00e0 demander \u00e0 votre fournisseur d\u2019assurance habitation si votre police comprend cette couverture et sinon, comment vous pouvez la souscrire.<\/p>\r\n\r\n            <p>Remarquez que la couverture pour l\u2019inondation fluviale ne s\u2019applique pas \u00e0 l\u2019inondation caus\u00e9e par les eaux c\u00f4ti\u00e8res; il est rare que l\u2019assurance habitation couvre l\u2019inondation c\u00f4ti\u00e8re.<\/p>\r\n                \r\n            <h3>Couverture pour le co\u00fbt de r\u00e9paration ou de reconstruction garanti<\/h3>\r\n\r\n            <p>Si vous \u00eates propri\u00e9taire de maison, la <a href=\"\/fr\/centres-ressources\/proprietaire-occupant\/couverture-cout-reparation-reconstruction-garanti\" title=\"Co\u00fbt de r\u00e9paration ou de reconstruction garanti\">couverture du co\u00fbt de r\u00e9paration ou de reconstruction garanti<\/a> signifie que, en vertu de votre police, vous serez indemnis\u00e9 le co\u00fbt de reconstruction de votre maison, m\u00eame si cela d\u00e9passe la limitation de couverture.<\/p> \r\n\r\n            <p>En raison des fluctuations sur le march\u00e9 et les catastrophes comme les feux de for\u00eat et les tremblements de terre, le co\u00fbt de reconstruction de votre maison peut augmenter consid\u00e9rablement comparativement \u00e0 la limitation d\u2019assurance originale. Chez Square One, la couverture pour le co\u00fbt de r\u00e9paration ou de reconstruction garanti s\u2019inscrit dans toutes nos polices. De cette mani\u00e8re, vous n\u2019\u00eates pas pris au d\u00e9pourvu si le co\u00fbt de reconstruction de votre maison d\u00e9passe la limitation de couverture indiqu\u00e9e dans votre police.<\/p>\r\n\r\n            <p>Il est \u00e9galement possible que votre police comprenne <strong>l\u2019avenant valeur \u00e0 neuf<\/strong>. Cette couverture est semblable \u00e0 la couverture pour le co\u00fbt de r\u00e9paration ou de reconstruction garanti, mais pas assez \u00e9tendue que celle-ci. L\u2019avenant valeur \u00e0 neuf couvrira les co\u00fbts suppl\u00e9mentaires pour la r\u00e9paration ou la reconstruction de l\u2019habitation, mais jusqu\u2019\u00e0 un certain pourcentage.<\/p>\r\n\r\n            <h3>Couverture pour les r\u00e8glements municipaux<\/h3> \r\n\r\n            <p>Si votre maison doit \u00eatre reconstruite en raison des dommages caus\u00e9s par un sinistre assur\u00e9, votre maison sera soumise aux codes et aux r\u00e8glements municipaux actuels.<\/p> \r\n\r\n            <p>Il est possible que les <a href=\"\/fr\/centres-ressources\/lexique-assurance\/reglement\" title=\"D\u00e9finition : r\u00e8glement\">r\u00e8glements municipaux<\/a> de votre r\u00e9gion aient chang\u00e9 depuis la construction de votre maison. Dans certaines localit\u00e9s, il faudrait reconstruire la maison en entier, m\u00eame si la maison n&rsquo;a \u00e9t\u00e9 endommag\u00e9e qu&rsquo;en partie. Dans les deux cas, vous devrez composer avec des frais suppl\u00e9mentaires consid\u00e9rables. Sans cette couverture, vous devrez r\u00e9gler ces co\u00fbts vous-m\u00eame.<\/p> \r\n\r\n            <p>La couverture pour les r\u00e8glements municipaux est une protection facultative offerte par la plupart des fournisseurs d\u2019assurance habitation. Apr\u00e8s un sinistre assur\u00e9, Square One couvre automatiquement les frais des mises \u00e0 niveau \u00e0 votre b\u00e2timent requises pour se conformer aux codes et aux r\u00e8glements en vigueur, sans limitation. Il s\u2019agit d\u2019une couverture tr\u00e8s importante, souvent n\u00e9glig\u00e9e. Sans cette couverture, vous pourriez avoir \u00e0 payer des milliers de dollars.<\/p>\r\n\r\n            <h3>Copropri\u00e9taires<\/h3> \r\n\r\n            <p>Les copropri\u00e9taires ont des besoins en assurance uniques.<\/p> \r\n\r\n            <p>Par exemple, un copropri\u00e9taire peut souscrire une assurance pour les am\u00e9liorations\/mises \u00e0 niveau afin de prot\u00e9ger les modifications apport\u00e9es \u00e0 son unit\u00e9 depuis sa construction. Bien que la police-cadre de l\u2019immeuble en copropri\u00e9t\u00e9 couvre la reconstruction de l\u2019immeuble, les am\u00e9liorations apport\u00e9es \u00e0 une unit\u00e9 par un copropri\u00e9taire ne sont pas assur\u00e9es. Dans ce cas, le copropri\u00e9taire doit souscrire une couverture pour les am\u00e9liorations\/mises \u00e0 niveau en vertu de sa propre police d\u2019assurance copropri\u00e9taire.<\/p>\r\n\r\n            <p>Une autre couverture importante pour les copropri\u00e9taires est la protection contre les cotisations de franchise. Cela couvre les frais que le syndicat de copropri\u00e9taires vous impose pour r\u00e9gler une portion ou la totalit\u00e9 de sa franchise.<\/p> \r\n\r\n            <p>Cette couverture comprend \u00e9galement une protection pour les biens de copropri\u00e9t\u00e9 ou contre les cotisations que vous devez r\u00e9gler pour les dommages de responsabilit\u00e9 civile subits par l\u2019immeuble en copropri\u00e9t\u00e9.<\/p>\r\n\r\n            <h3>Couverture pour les biens sp\u00e9ciaux<\/h3> \r\n\r\n            <p>Les polices d\u2019assurance habitation traditionnelles comprennent un montant de <a href=\"\/fr\/centres-ressources\/bases-assurance\/assurance-biens-speciaux\" title=\"Comment assurer les biens sp\u00e9ciaux\">couverture sp\u00e9cifique pour certains articles sp\u00e9ciaux<\/a>, que vous en poss\u00e9diez ou non. Parmi ces biens, on retrouve l\u2019\u00e9quipement sportif, les bicyclettes, les ordinateurs, les t\u00e9l\u00e9phones cellulaires, les bijoux, l\u2019argenterie et les objets de collection.<\/p> \r\n\r\n            <p>Il est important de passer en revue votre police pour d\u00e9terminer la mani\u00e8re dont les biens sp\u00e9ciaux sont couverts\u00a0: sont-ils soumis \u00e0 des sous-limitations ou sont-ils exclus?<\/p>\r\n\r\n            <p>Par exemple, les polices de Square One excluent par d\u00e9faut certaines cat\u00e9gories de biens sp\u00e9ciaux. Au moment de souscrire une police, vous pouvez pr\u00e9ciser le montant de couverture dont vous avez besoin pour chaque cat\u00e9gorie de biens sp\u00e9ciaux.<\/p>\r\n\r\n            <p>Voici quelques conseils pour vous aider \u00e0 d\u00e9terminer si vous avez la couverture dont vous avez besoin\u00a0:<\/p>\r\n\r\n            <ul>\r\n                <li>Passez en revue votre police actuelle pour vous assurer qu\u2019elle comprend les couvertures importantes \u00e9num\u00e9r\u00e9es ci-dessus; et<\/li>\r\n                <li>Assurez-vous que vous obtenez la prime appropri\u00e9e.<\/li>\r\n            <\/ul>\r\n\r\n            <p>Ceci n\u2019est pas facile \u00e0 d\u00e9terminer, par contre. Si vous pensez que l\u2019herbe est plus verte ailleurs, n\u2019h\u00e9sitez pas \u00e0 chercher des soumissions en assurance habitation ailleurs. Il est possible que vous d\u00e9nichiez de meilleures couvertures par-dessus le march\u00e9.<\/p>\r\n\r\n            <p><strong>Vous voulez en savoir plus?<\/strong> Consultez notre <a href=\"\/fr\/centres-ressources\/bases-assurance\" title=\"Centre de ressources : bases de l\u2019assurance habitation\">Centre de ressources&nbsp;: bases de l\u2019assurance habitation<\/a> pour acc\u00e9der \u00e0 des dizaines d\u2019articles pratiques pour vous guider sur les tenants et aboutissants de l\u2019assurance habitation. Ensuite, <a href=\"\/fr\/soumission-assurance-habitation-en-ligne\" title=\"Obtenir une soumission d\u2019assurance habitation en ligne\">obtenez une soumission d'assurance habitation en ligne<\/a> en moins de 5\u00a0minutes et d\u00e9couvrez \u00e0 quel point l\u2019assurance habitation personnalis\u00e9e peut \u00eatre abordable.<\/p> \r\n\r\n            <div class=\"row py-3\">\r\n<div class=\"col-12\">\r\n<div class=\"card review\" style=\"box-shadow: 0 2px 4px rgba(0,0,0,0.07);background-color:#f4f4f4;\">\r\n<div class=\"card-body\">\r\n\t<p class=\"text-primary h4\">\u00c0 propos de l\u2019expert&nbsp;: Daniel Mirkovic<\/p>\r\n\t<p>Cofondateur de Square One comptant plus de 25&nbsp;ans dans le secteur de l\u2019assurance, Daniel \u00e9tait vice-pr\u00e9sident des services d\u2019assurance et de voyage de la British Columbia Automobile Association (BCAA). Daniel est titulaire d'un baccalaur\u00e9at \u00e8s commerce et d'une ma\u00eetrise \u00e8s administration des affaires, tous deux obtenus \u00e0 la Sauder School of Business de l'universit\u00e9 de la Colombie-Britannique. Daniel est muni de la d\u00e9signation CAAC et d\u2019un certificat en assurance de dommages niveau&nbsp;3 en Colombie-Britannique, en Alberta, en Saskatchewan, au Manitoba et en Ontario.<\/p>\r\n<\/div>\r\n<\/div>\r\n<\/div>\r\n<\/div>\r\n\r\n        <\/div>\r\n    <\/div>\r\n<\/div>\r\n<\/section>\r\n<script type=\"application\/ld+json\">\r\n{\r\n  \"@context\": \"https:\/\/schema.org\",\r\n  \"@type\": \"WebPage\",\r\n  \"mainEntityOfPage\": {\r\n    \"@type\": \"Article\",\r\n    \"@id\": \"https:\/\/www.squareone.ca\/resource-centres\/insurance-basics\/home-insurance-checklist\"\r\n  },\r\n  \"author\": [\r\n    {\r\n      \"@type\": \"Person\",\r\n      \"name\": \"Square One team\"\r\n    }\r\n  ],\r\n  \"reviewedBy\": [\r\n    {\r\n      \"@type\": \"Person\",\r\n      \"name\": \"Daniel Mirkovic\",\r\n      \"url\": \"https:\/\/www.squareone.ca\/fr\/a-propos-de-nous\/experts\/daniel-mirkovic\"\r\n    }\r\n  ],\r\n  \"headline\": \"Liste de v\u00e9rification pour l\u2019assurance habitation\",\r\n  \"datePublished\": \"\",\r\n  \"dateModified\": \"\",\r\n  \"inLanguage\": \"fr-CA\",\r\n  \"isAccessibleForFree\": true\r\n}\r\n<\/script>","protected":false},"excerpt":{"rendered":"<p>Liste de v\u00e9rification pour l\u2019assurance habitation \u00c9valu\u00e9 par Daniel Mirkovic En toute probabilit\u00e9, votre habitation est votre plus grand bien. En cas de catastrophe, comme un incendie ou un tremblement de terre, avez-vous suffisamment de protection pour votre bien immobilier? Avez-vous r\u00e9cemment revu votre police d\u2019assurance habitation? Dans cet article, nous proposons une liste de [&hellip;]<\/p>\n","protected":false},"author":2,"featured_media":0,"parent":50045,"menu_order":0,"comment_status":"open","ping_status":"open","template":"page-article-new.php","meta":{"_acf_changed":false,"footnotes":""},"class_list":["post-61448","page","type-page","status-publish","hentry"],"acf":[],"_links":{"self":[{"href":"https:\/\/www.squareone.ca\/fr\/wp-json\/wp\/v2\/pages\/61448","targetHints":{"allow":["GET"]}}],"collection":[{"href":"https:\/\/www.squareone.ca\/fr\/wp-json\/wp\/v2\/pages"}],"about":[{"href":"https:\/\/www.squareone.ca\/fr\/wp-json\/wp\/v2\/types\/page"}],"author":[{"embeddable":true,"href":"https:\/\/www.squareone.ca\/fr\/wp-json\/wp\/v2\/users\/2"}],"replies":[{"embeddable":true,"href":"https:\/\/www.squareone.ca\/fr\/wp-json\/wp\/v2\/comments?post=61448"}],"version-history":[{"count":11,"href":"https:\/\/www.squareone.ca\/fr\/wp-json\/wp\/v2\/pages\/61448\/revisions"}],"predecessor-version":[{"id":75687,"href":"https:\/\/www.squareone.ca\/fr\/wp-json\/wp\/v2\/pages\/61448\/revisions\/75687"}],"up":[{"embeddable":true,"href":"https:\/\/www.squareone.ca\/fr\/wp-json\/wp\/v2\/pages\/50045"}],"wp:attachment":[{"href":"https:\/\/www.squareone.ca\/fr\/wp-json\/wp\/v2\/media?parent=61448"}],"curies":[{"name":"wp","href":"https:\/\/api.w.org\/{rel}","templated":true}]}}