{"id":61587,"date":"2023-01-16T11:00:25","date_gmt":"2023-01-16T19:00:25","guid":{"rendered":"https:\/\/www.squareone.ca\/a-propos-de-nous\/permis-et-souscripteurs"},"modified":"2026-01-12T11:53:39","modified_gmt":"2026-01-12T19:53:39","slug":"permis-et-souscripteurs","status":"publish","type":"page","link":"https:\/\/www.squareone.ca\/fr\/permis-et-souscripteurs","title":{"rendered":"Permis et souscripteurs"},"content":{"rendered":"<main>\r\n\r\n<section id=\"intro\" class=\"bg-shape-split bg-sub-page-hero\">\r\n    <div class=\"bg-position\">\r\n        <div class=\"container-fluid\">\r\n\r\n            <h1>Permis et souscripteurs<\/h1>\r\n\r\n            <p class=\"display-4\">Assurances Square One est une agence (ou courtage) d\u2019assurance qui dessert plusieurs provinces canadiennes. Nous sommes autoris\u00e9s \u00e0 d\u00e9livrer, \u00e0 facturer et \u00e0 g\u00e9rer les polices au nom des compagnies d\u2019assurance (ou souscripteurs) que nous repr\u00e9sentons, et nous sommes munis des permis commerciaux et en assurance pour chacune des provinces dans lesquelles nous exploitons nos activit\u00e9s .<\/p>\r\n\r\n            <p class=\"display-4\">Sur cette page, vous trouverez des d\u00e9tails au sujet de chaque permis d\u00e9tenu par Square One et au sujet des souscripteurs avec lesquels nous collaborons.<\/p>\r\n\r\n            <ul class=\"list-unstyled link-list display-4\">\r\n                <li><a href='#licenses'>Permis<\/a><\/li>\r\n                <li><a href=\"#agency-vs-insurer\">Agence d\u2019assurance vs compagnie d\u2019assurance<\/a><\/li>\r\n                <li><a href='#underwriters'>Souscripteurs<\/a><\/li>\r\n            <\/ul>\r\n\r\n        <\/div>\r\n    <\/div>\r\n    <div class=\"bg-bottom\"><\/div>\r\n<\/section>\r\n\r\n<section id=\"licenses\" class=\"xwide-mobile py-6\">\r\n    <div class=\"container-fluid\">\r\n\r\n        <h2 id=\"licenses\">Permis dont Square One est titulaire<\/h2>\r\n\r\n        <p>\u00c0 l\u2019heure actuelle, Square One exploite ses activit\u00e9s en Alberta, en Colombie-Britannique, au Manitoba, en Ontario, au Qu\u00e9bec et en Saskatchewan. Nous sommes titulaires de permis dans chacune de ces provinces. En outre, nous poss\u00e9dons des permis d&rsquo;exploitation d&rsquo;un commerce dans d\u2019autres territoires dans le cadre de nous efforts d\u2019expansion.<\/p>\r\n\r\n        <p class=\"mb-2\"><strong>Nous sommes autoris\u00e9s et r\u00e9gis par :<\/strong><\/p>\r\n\r\n        <ul class=\"list-unstyled link-list\">                \r\n            <li><a href=\"https:\/\/lautorite.qc.ca\/grand-public\/registres\" target=\"_blank\" rel=\"noopener noreferrer\" title=\"Autorit\u00e9 des march\u00e9s financiers\">Autorit\u00e9 des march\u00e9s financiers<\/a><\/li>\r\n            <li><a href=\"https:\/\/licensing.abcouncil.ab.ca\/#!\/aglookup\/10836878\/view\" target=\"_blank\" rel=\"noopener noreferrer\" title=\"Alberta Insurance Council\">Alberta Insurance Council<\/a><\/li>\r\n            <li><a href=\"https:\/\/portal.fsco.gov.on.ca\/public\/corplicencees\/agencies.aspx\" target=\"_blank\" rel=\"noopener noreferrer\" title=\"Autorit\u00e9 ontarienne de r\u00e9glementation des services financiers\">Autorit\u00e9 ontarienne de r\u00e9glementation des services financier<\/a><\/li>\r\n            <li><a href=\"https:\/\/portal.insurancecouncilofbc.com\/licenseedirectory\/\" target=\"_blank\" rel=\"noopener noreferrer\" title=\"Insurance Council of British Columbia\">Insurance Council of British Columbia<\/a><\/li>\r\n            <li><a href=\"https:\/\/www.icm.mb.ca\/agent-agency-search\" target=\"_blank\" rel=\"noopener noreferrer\" title=\"Insurance Council of Manitoba\">Insurance Council of Manitoba<\/a><\/li>\r\n            <li><a href=\"https:\/\/licenseesearch.skcouncil.sk.ca\/\" target=\"_blank\" rel=\"noopener noreferrer\" title=\"Insurance Councils of Saskatchewan\">Insurance Councils of Saskatchewan<\/a><\/li>\r\n        <\/ul>\r\n\r\n        <p>Notre num\u00e9ro de client fourni par l\u2019Autorit\u00e9 des march\u00e9s financiers est le 3002172755.<\/p>\r\n\r\n    <\/div>\r\n<\/section>\r\n\r\n<section id=\"definition\" class=\"bg-shape-split shape-uuge-blue\">\r\n    <div class=\"bg-top\"><\/div>\r\n        <div class=\"bg-position\">\r\n            <div class=\"container-fluid\">\r\n\r\n                <h2 id=\"agency-vs-insurer\">Les diff\u00e9rences entre une agence d\u2019assurance et une compagnie d\u2019assurance<\/h2>\r\n\r\n                <p>Une agence (ou un courtage) d\u2019assurance transmet des messages publicitaires et vend de l\u2019assurance \u00e0 des clients au nom des compagnies d\u2019assurance qui offrent et souscrivent des polices d\u2019assurance. En \u00e9change des primes pay\u00e9es, la compagnie d\u2019assurance accepte de r\u00e9gler les sinistres assur\u00e9s en vertu de la police. Pour faciliter la vente des polices, l\u2019agence d\u2019assurance re\u00e7oit une commission ou des honoraires de la compagnie d\u2019assurance.<\/p>\r\n\r\n                <p>Les termes agence d\u2019assurance et courtage d\u2019assurance sont souvent utilis\u00e9s de fa\u00e7on interchangeable, mais il y a une diff\u00e9rence. G\u00e9n\u00e9ralement, une agence d\u2019assurance ne repr\u00e9sente qu\u2019une compagnie d\u2019assurance, alors qu\u2019un courtage d\u2019assurance, lui, repr\u00e9sente plusieurs compagnies d\u2019assurance. Si vous avez des besoins complexes, un courtage d\u2019assurance peut mieux vous servir, car il peut pr\u00e9senter votre dossier \u00e0 de nombreuses compagnies d\u2019assurance. En revanche, une agence d\u2019assurance solide aura typiquement l\u2019autorit\u00e9 d\u2019accepter plus de risques comparativement \u00e0 un courtage d\u2019assurance.<\/p>\r\n\r\n            <\/div>    \r\n        <\/div>\r\n    <div class=\"bg-bottom\"><\/div>\r\n<\/section>\r\n\r\n<section class=\"xwide-mobile py-6\">\r\n    <div class=\"container-fluid\">\r\n\r\n    <div class=\"row\">\r\n        <div class=\"col-12 col-md-1 col-lg-12\">\r\n\r\n            <h2 id=\"underwriters\" class=\"mb-6\">Souscripteurs<\/h2>\r\n\r\n            <div class=\"h6 mb-4 text-secondary-alt text-uppercase\">Souscripteur d\u2019assurance habitation<\/div>\r\n\r\n            <h3 class='mb-4'>Compagnie mutuelle d\u2019assurance incendie de la Colombie-Britannique (la Mutuelle)<\/h3>\r\n\r\n        <\/div>\r\n    <\/div>\r\n\r\n    <div class=\"row\">\r\n        <div class=\"col-12 col-lg-7\">\r\n\r\n            <p>Bas\u00e9e \u00e0 Langley (Colombie-Britannique), la Mutuelle a ouvert ses portes en 1902. La Mutuelle est autoris\u00e9e \u00e0 exploiter ses activit\u00e9s en Colombie-Britannique, en Alberta, en Saskatchewan, au Manitoba, en Ontario et au Qu\u00e9bec. Les activit\u00e9s de la Mutuelle sont surveill\u00e9es par des organismes de r\u00e9glementation provinciaux, principalement par la BC Financial Services Authority.<\/p>\r\n\r\n            <p>La cote de stabilit\u00e9 financi\u00e8re accord\u00e9e \u00e0 la Mutuelle par le service de cotation A.M. Best est A- (excellent). Cette cote affect\u00e9e par A.M. Best propose une \u00e9valuation objective de la stabilit\u00e9 financi\u00e8re de la Mutuelle et de sa capacit\u00e9 de respecter ses obligations courantes en ce qui concerne les polices et contrats d\u2019assurance.<\/p>\r\n\r\n            <p>La Mutuelle est membre de la Soci\u00e9t\u00e9 d&rsquo;indemnisation en mati\u00e8re d&rsquo;assurances IARD. La Soci\u00e9t\u00e9 d&rsquo;indemnisation en mati\u00e8re d&rsquo;assurances IARD est un programme financ\u00e9 par des soci\u00e9t\u00e9s d\u2019assurance g\u00e9n\u00e9rales canadiennes visant \u00e0 prot\u00e9ger les titulaires de police et les demandeurs. Si une soci\u00e9t\u00e9 d\u2019assurance fait faillite, la Soci\u00e9t\u00e9 d\u2019indemnisation en mati\u00e8re d\u2019assurances IARD traitera automatiquement votre sinistre, \u00e0 condition que votre soci\u00e9t\u00e9 d\u2019assurance soit membre. Effectivement, cette soci\u00e9t\u00e9 joue un r\u00f4le semblable \u00e0 celui de la Soci\u00e9t\u00e9 d\u2019assurance d\u00e9p\u00f4ts du Canada, une organisation qui prot\u00e8ge vos comptes d\u2019\u00e9pargne en cas de faillite d\u2019une banque.<\/p>\r\n\r\n            <a class=\"btn btn-primary\" href=\"https:\/\/cdn.squareone.ca\/wp-content\/uploads\/2021\/06\/10053700\/Lettre-dautorisation-Assurances-Square-One.pdf\" title=\"T\u00e9l\u00e9charger lettre d\u2019autorisation\" target=\"_blank\" rel=\"noopener noreferrer\">T\u00e9l\u00e9charger la lettre d\u2019autorisation<\/a>\r\n\r\n        <\/div>\r\n \r\n        <div class=\"col-12 col-lg-5\">\r\n\r\n            <p class=\"mb-2\"><strong>Sites Web importants :<\/strong><\/p>\r\n\r\n            <ul class=\"list-unstyled link-list mb-0\">\r\n<li><a href=\"http:\/\/www.ambest.com\/home\/default.aspx\" title=\"A.M. Best\" target=\"_blank\" rel=\"noopener noreferrer\">A.M. Best<\/a><\/li>\r\n<li><a href=\"https:\/\/finance.alberta.ca\/business\/fin_inst\/\" title=\"Alberta Superintendent of Financial Institutions\" target=\"_blank\" rel=\"noopener noreferrer\">Alberta Superintendent of Financial Institutions<\/a><\/li>\r\n<li><a href=\"https:\/\/lautorite.qc.ca\/grand-public\/registres\" target=\"_blank\" rel=\"noopener noreferrer\" title=\"Autorit\u00e9 des March\u00e9s Financiers\">Autorit\u00e9 des March\u00e9s Financiers<\/a><\/li>\r\n<li><a href=\"https:\/\/www.bcfsa.ca\/\" title=\"BC Financial Services Authority\" target=\"_blank\" rel=\"noopener noreferrer\">BC Financial Services Authority<\/a><\/li>\r\n<li><a href=\"http:\/\/www.fcaa.gov.sk.ca\/\" title=\"Financial and Consumer Affairs Authority of Saskatchewan\" target=\"_blank\" rel=\"noopener noreferrer\">Financial and Consumer Affairs Authority of Saskatchewan<\/a><\/li>\r\n<li><a href=\"http:\/\/www.mbfinancialinstitutions.ca\/\" title=\"Financial Institutions Regulation Branch of Manitoba\" target=\"_blank\" rel=\"noopener noreferrer\">Financial Institutions Regulation Branch of Manitoba<\/a><\/li>\r\n<li><a href=\"https:\/\/www.fsrao.ca\/fr\/pour-les-consommateurs\/assurance-habitation-et-autres-assurances\" title=\"Autorit\u00e9 ontarienne de r\u00e9glementation des services financiers\" target=\"_blank\" rel=\"noopener noreferrer\">Autorit\u00e9 ontarienne de r\u00e9glementation des services financiers<\/a><\/li>\r\n<li><a href=\"https:\/\/www.pacicc.ca\/fr\/\" title=\"Soci\u00e9t\u00e9 d\u2019indemnisation en mati\u00e8re d\u2019assurances IARD\" target=\"_blank\" rel=\"noopener noreferrer\">Soci\u00e9t\u00e9 d\u2019indemnisation en mati\u00e8re d\u2019assurances IARD<\/a><\/li>\r\n<li><a href=\"https:\/\/mutualfirebc.com\/fr\/\" title=\"Compagnie mutuelle d\u2019assurance incendie de la Colombie-Britannique\" target=\"_blank\" rel=\"noopener noreferrer\">Compagnie mutuelle d\u2019assurance incendie de la Colombie-Britannique<\/a><\/li>\r\n            <\/ul>\r\n        <\/div>\r\n    <\/div>\r\n\r\n    <\/div>\r\n<\/section>\r\n\r\n<!--<section class=\"bg-shape-split shape-blue-curve-up\">\r\n    <div class=\"bg-top\"><\/div>-->\r\n\r\n<section>  \r\n\r\n    <div class=\"bg-position py-6\">\r\n        <div class=\"container-fluid\">\r\n            <div class=\"row\">\r\n                <div class=\"col-12 col-lg-7\">\r\n\r\n                    <div class=\"h6 mb-4 text-secondary-alt text-uppercase\">Fournisseur d\u2019assurance protection juridique<\/div>\r\n                    <h3>ARAG Solutions juridiques (ARAG)<\/h3>\r\n                    <p>ARAG Solutions juridiques (ARAG) est un chef de file du march\u00e9 de l\u2019assurance de protection juridique au Canada et agent g\u00e9n\u00e9ral de gestion sp\u00e9cialisant exclusivement dans l\u2019assurance de frais juridiques. ARAG collabore avec des courtiers et partenaires d\u2019entreprise pour donner un acc\u00e8s aux solutions de justice afin que les particuliers, les familles et les entrepreneurs canadiens puissent exercer leurs droits, pr\u00e9server leurs budgets et avoir la confiance face aux impr\u00e9vus juridiques. Les polices de frais juridiques d\u2019ARAG Solutions juridiques sont souscrites par HDI Global Assurance Sp\u00e9cialit\u00e9s SE.<\/p>                    \r\n                <\/div>\r\n                <div class=\"col-12 col-lg-5\">\r\n\r\n                    <p class=\"mb-2\"><strong>Sites Web importants :<\/strong><\/p>\r\n\r\n                    <ul class=\"list-unstyled link-list mb-0\">\r\n                        <li><a href=\"https:\/\/www.arag.ca\/fr\/\" title=\"ARAG Solutions juridiques\" target=\"_blank\" rel=\"noopener noreferrer\">ARAG Solutions juridiques.<\/a><\/li>\r\n                    <\/ul>\r\n                <\/div>\r\n            <\/div>\r\n        <\/div>\r\n    \r\n    <\/div>\r\n<\/section>\r\n\r\n<section>\r\n    <div class=\"bg-position py-6\">\r\n        <div class=\"container-fluid\">\r\n            <div class=\"row\">\r\n                <div class=\"col-12 col-lg-7\">\r\n\r\n                    <div class=\"h6 mb-4 text-secondary-alt text-uppercase\">Souscripteur d\u2019assurance auto<\/div>\r\n                    <h3>Zurich Compagnie d\u2019Assurances SA (Zurich Canada) <\/h3>\r\n                    <p>La Zurich Canada a \u00e9t\u00e9 une compagnie chef de file dans le secteur de l\u2019assurance canadienne depuis 100 ans. La Zurich Canada compte plus de 600 employ\u00e9s dans des bureaux situ\u00e9s aux quatre coins du pays. La compagnie allie l\u2019exp\u00e9rience internationale avec le service et savoir locaux. La Zurich Canada aide les clients \u00e0 se r\u00e9tablir rapidement pendant les moments difficiles. La compagnie a toujours appuy\u00e9 ses clients dans un environnement en pleine \u00e9volution.<\/p>\r\n                    <p>Zurich Canada fait partie du Zurich Insurance Group Ltd. (\u00ab Zurich Group \u00bb), un assureur multirisque international chef de file au service des particuliers et des entreprises dans plus de 200 pays et territoires. Fond\u00e9 il y a 150 ans, le Zurich Group compte environ 60 000 employ\u00e9s. Le si\u00e8ge social de la compagnie se trouve \u00e0 Zurich, en Suisse. Le Zurich Group est cot\u00e9 sur la bourse SIX Swiss Exchange avec des taux de stabilit\u00e9 financi\u00e8re parmi les plus \u00e9lev\u00e9s du secteur.<\/p>\r\n                    <p>La Zurich Canada est r\u00e9gie par le Bureau du surintendant des institutions financi\u00e8res (BSIF) et est membre de la Soci\u00e9t\u00e9 d&rsquo;indemnisation en mati\u00e8re d&rsquo;assurances IARD, une organisation financ\u00e9e par des soci\u00e9t\u00e9s d\u2019assurance g\u00e9n\u00e9rales canadiennes visant \u00e0 prot\u00e9ger les titulaires de police et les demandeurs.<\/p>  \r\n                <\/div>\r\n                <div class=\"col-12 col-lg-5\">\r\n\r\n                    <p class=\"mb-2\"><strong>Sites Web importants :<\/strong><\/p>\r\n\r\n                    <ul class=\"list-unstyled link-list mb-0\">\r\n                        <li><a href=\"https:\/\/www.zurichcanada.com\/fr-ca\" title=\"Zurich Canada\" target=\"_new\" rel=\"noopener noreferrer\">Zurich Canada<\/a><\/li>\r\n                    <\/ul>\r\n                <\/div>               \r\n            <\/div>\r\n        <\/div>  \r\n    <\/div>\r\n<\/section>\r\n\r\n\t<section id=\"populate_recent_reviews\" class=\"reviews bg-shape overflow-hidden\">\n\t    <div class=\"container-fluid\">\n\t        <div v-show=\"showLoader\" class=\"text-center mt-6 mb-0\">\n                <div class=\"spinner-border text-primary\" role=\"status\">\n                    <span class=\"visually-hidden\">Loading...<\/span>\n                <\/div>\n            <\/div>\n\t        <div class=\"row\" v-show=\"!showLoader\">\n\t            <div class=\"col-12 col-lg-3 offset-lg-1\">\n\t                <div class=\"h6 mb-3 text-secondary-alt text-uppercase\">\n\t                \tCe que disent nos clients \n                    <\/div>\n\t                <div class=\"mb-4\">\n\t                \t<span class=\"display-1\">{{ totalReviews }}<\/span>\n\t                \t<div class=\"small\">\u00c9valuations v\u00e9rifi\u00e9es <\/div>\n                    <\/div>\n\t                <p>Ne nous croyez pas sur parole. Voici un aper\u00e7u des \u00e9valuations qui alimentent notre cote moyenne de {{ avgScore }} \u00e9toiles sur 5. Vous voulez en lire plus?\nConsulter notre <a href=\"https:\/\/www.squareone.ca\/fr\/evaluations\">page d\u2019\u00e9valuations<\/a>.<\/p>\n\t            <\/div>\n\t            <div class=\"col-12 col-lg-8 pt-4\">\n\t                <div class=\"reviews-carousel w-100\" aria-label=\"Glissez pour voir plus d\u2019\u00e9valuations\">\n\t                    <div class=\"carousel-cell col-12 col-lg-6\" v-for=\"(review,index) in reviews\" :key=\"index\">\n                            <div class=\"card review mb-4\">\n                                <div class=\"card-body\">\n                                    <div class=\"h3\">{{ review.ReviewTitle }}<\/div>\n                                      <div class=\"rating small mb-3\" v-if=\"review.ReviewRating\">\n                                            <span v-for=\"n in 5\">\n                                                <i v-if=\"n <= review.ReviewRating\" class=\"fa fa-star\"><\/i>\n                                                <i v-else class=\"fa fa-star-o\"><\/i>\n                                            <\/span>\n                                    <\/div>\n                                    <div class=\"rating small mb-3\" v-else>\n                                            <span v-for=\"n in 5\">\n                                              <i class=\"fa fa-star-o\"><\/i>\n                                            <\/span>\n                                    <\/div>\n                                    <p>{{ review.SummaryText }}<\/p>\n                                    <div class=\"review-footer\">\n                                        <div class=\"date small text-muted float-end pt-1\">{{ review.ReviewedAt }}<\/div>\n                                        <span class=\"fw-bold me-3\">{{ review.ReviewerName }}<\/span>\n                                        <span class=\"text-muted\">{{ review.ReviewerCity }}, {{ review.ProvinceId }}<\/span>\n                                    <\/div>\n                                   \n                                <\/div>\n                            <\/div>\n                        <\/div>\n                    <\/div>\n                <\/div>\n                <div class=\"col-12 flickity-custom-buttons\"><\/div>\n            <\/div>\n        <\/div>\n\t<\/section>\n\n    <script src=\"https:\/\/cdn.jsdelivr.net\/npm\/vue@2.6.11\/dist\/vue.min.js\"\n        integrity=\"sha384-OZmxTjkv7EQo5XDMPAmIkkvywVeXw59YyYh6zq8UKfkbor13jS+5p8qMTBSA1q+F\"\n        crossorigin=\"anonymous\"><\/script>\n    <script src=\"https:\/\/cdn.jsdelivr.net\/npm\/axios@1.8.4\/dist\/axios.min.js\" \n        integrity=\"sha384-06w+raHvkSL3+E7mbQ2X6DZwI5A3veU8Ba+NLrAPxxRGw4Xy78sihHDHQMustMM4\" \n        crossorigin=\"anonymous\"><\/script>\n\n<script type=\"text\/javascript\">\n    new Vue({\n        el: '#populate_recent_reviews',\n        data: {\n            reviews: [],\n            totalReviews: 0,\n            avgScore: 0,         \n            showLoader: false,\n        },\n     \n        methods: {\n            getReviews : function() {\n                var self = this;\n                var url = '\/sales\/index.php\/customerReview\/getHighlightedReviews';\n                \n                self.reviews = [];\n                self.showLoader = true;\n\n                axios.get(url, {\n                    params: {\n                        culture: \"fr_CA\",                        \n                    }\n                })\n                .then(response => {\n                    self.totalReviews = response.data.totalReviews;\n                    self.avgScore = response.data.avgScore;\n                  \n                    if (response.data.results.length) {\n                        self.reviews = response.data.results;\n                    }\n                    self.showLoader = false;\n                })\n                .catch(error => {\n                    self.showLoader = false;\n                    console.log(error);\n                });\n            }          \n        },\n        mounted: function () {\n            this.getReviews();\n        }\n    });\n<\/script>\r\n\r\n\t<section class=\"footer-cta bg-shape mt-6\">\n\t    <div class=\"container-fluid\">\n\t        <div class=\"row\">\n\t            <div class=\"col-10 offset-1 col-lg-8 offset-lg-2 text-center\">\n\t                <div class=\"h6 text-secondary-alt text-uppercase mb-4\">vous \u00eates en bonne compagnie <\/div>\n\t                <div class=\"h2 text-uc-first mb-4\">Joignez-vous \u00e0 plus de 3 000 000 de clients qui ont re\u00e7u une soumission en assurance habitation de notre part.<\/div>\n\t\t\t\t\t<div id=\"sq1-qw-65af9be0fadb\" class=\"sq1-quote-widget\" data-quote-widget-type=\"HOME\" data-has-custom-text=\"true\" style=\"min-height: 68px; height: auto\"><\/div>\n\t                <p class=\"text-uc-first\">D\u00e9couvrez \u00e0 quel point l'assurance habitation est abordable \u00e0 l'aide d'une soumission en ligne en 5 minutes.<\/p>\n\t                <p class=\"text-light small text-uc-first\">Avant de commencer, veuillez lire notre <a href=\"https:\/\/www.squareone.ca\/fr\/politique-confidentialite\" target=\"_blank\" rel=\"noreferrer noopener\">Politique de confidentialit\u00e9<\/a> et nos <a href=\"https:\/\/www.squareone.ca\/fr\/conditions-utilisation\" target=\"_blank\" rel=\"noreferrer noopener\">Conditions d\u2019utilisation<\/a>.<\/p>\n\t            <\/div>\n\t        <\/div>\n\t    <\/div>\n\t    <div class=\"locations position-absolute fw-bold w-100 text-center pb-6 px-3\">Une compagnie canadienne exploit\u00e9e par des Canadiens. Nous offrons nos services au <a href=\"\/fr\/habitation\/quebec\" class=\"text-grey-900 text-decoration-none\">Qu\u00e9bec<\/a>, en Colombie-Britannique, en Alberta, en Saskatchewan, au Manitoba et en Ontario.<\/div>\n\t<\/section>\r\n\r\n<main>","protected":false},"excerpt":{"rendered":"<p>Permis et souscripteurs Assurances Square One est une agence (ou courtage) d\u2019assurance qui dessert plusieurs provinces canadiennes. Nous sommes autoris\u00e9s \u00e0 d\u00e9livrer, \u00e0 facturer et \u00e0 g\u00e9rer les polices au nom des compagnies d\u2019assurance (ou souscripteurs) que nous repr\u00e9sentons, et nous sommes munis des permis commerciaux et en assurance pour chacune des provinces dans lesquelles [&hellip;]<\/p>\n","protected":false},"author":11,"featured_media":0,"parent":47758,"menu_order":0,"comment_status":"closed","ping_status":"closed","template":"","meta":{"_acf_changed":false,"footnotes":""},"class_list":["post-61587","page","type-page","status-publish","hentry"],"acf":[],"_links":{"self":[{"href":"https:\/\/www.squareone.ca\/fr\/wp-json\/wp\/v2\/pages\/61587","targetHints":{"allow":["GET"]}}],"collection":[{"href":"https:\/\/www.squareone.ca\/fr\/wp-json\/wp\/v2\/pages"}],"about":[{"href":"https:\/\/www.squareone.ca\/fr\/wp-json\/wp\/v2\/types\/page"}],"author":[{"embeddable":true,"href":"https:\/\/www.squareone.ca\/fr\/wp-json\/wp\/v2\/users\/11"}],"replies":[{"embeddable":true,"href":"https:\/\/www.squareone.ca\/fr\/wp-json\/wp\/v2\/comments?post=61587"}],"version-history":[{"count":14,"href":"https:\/\/www.squareone.ca\/fr\/wp-json\/wp\/v2\/pages\/61587\/revisions"}],"predecessor-version":[{"id":77926,"href":"https:\/\/www.squareone.ca\/fr\/wp-json\/wp\/v2\/pages\/61587\/revisions\/77926"}],"up":[{"embeddable":true,"href":"https:\/\/www.squareone.ca\/fr\/wp-json\/wp\/v2\/pages\/47758"}],"wp:attachment":[{"href":"https:\/\/www.squareone.ca\/fr\/wp-json\/wp\/v2\/media?parent=61587"}],"curies":[{"name":"wp","href":"https:\/\/api.w.org\/{rel}","templated":true}]}}