{"id":61609,"date":"2023-01-17T12:54:00","date_gmt":"2023-01-17T20:54:00","guid":{"rendered":"https:\/\/www.squareone.ca\/soutien\/bases-assurance-conseils\/lexique-assurance\/definition-menace-imminente"},"modified":"2025-11-20T15:44:40","modified_gmt":"2025-11-20T23:44:40","slug":"definition-menace-imminente","status":"publish","type":"page","link":"https:\/\/www.squareone.ca\/fr\/centres-ressources\/lexique-assurance\/menace-imminente","title":{"rendered":"D\u00e9finition : menace imminente"},"content":{"rendered":"<section id='intro' class=\"bg-shape-split bg-sub-page-hero\">\r\n\t<div class=\"bg-position\">\r\n\t\t<div class=\"container-fluid\">\r\n\t\t\t<div class=\"row align-items-center\">\r\n\t\t\t\t<div class=\"col-12 col-lg-8\">                \r\n\t\t\t\t\t<h1>Menace imminente<\/h1>\r\n\t\t\t\t\t<strong>Article r\u00e9dig\u00e9 par <a href=\"\/fr\/a-propos-de-nous\/contributeurs#seamus-mckale\" title=\"Auteur : Seamus McKale\">Seamus McKale<\/a><\/strong>\r\n                                        <p class=\"pb-3\"><strong>Article \u00e9valu\u00e9 par <a href=\"\/fr\/a-propos-de-nous\/experts\/daniel-mirkovic\" title=\"Expert : Daniel Mirkovic\">Daniel Mirkovic<\/a><\/strong><\/p> \r\n\t\t\t\t\t<p class=\"pb-4\" style=\"margin-top:-24px\">Mis \u00e0 jour le 18 ao\u00fbt 2025<\/p>\r\n\t\t\t\t<\/div>\r\n\t\t\t<\/div>\r\n\r\n\t\t\t<div class=\"row\">\r\n\t\t\t\t<div class=\"col-lg-8\">\r\n\t\t\t\t\t<p class='mb-0'>Nom<\/p>\r\n\t\t\t\t\t<p>men-ace imm-i\u00b7nent | m\u0259nas immin\u0251\u0303<\/p>\r\n\t\t\t\t\t<p class=\"display-4\"><strong><span class='text-orange'>D\u00e9finition\u00a0:<\/span> un danger pr\u00e9sent et identifiable qui causera des dommages en toute probabilit\u00e9.<\/strong><\/p>\r\n\t\t\t\t\t<p class=\"display-4\"><i>Certaines compagnies d\u2019assurance jugent que les feux de for\u00eat \u00e0 moins de 50\u00a0km d\u2019une ville constituent une <strong>menace imminente<\/strong>.<\/i><\/p>                   \r\n\t\t\t\t<\/div>\r\n\r\n\t\t\t\t<div class=\"col-lg-3 offset-lg-1\">          \r\n\t\t\t\t\t<p class=\"mb-2 display-4 pt-4 pt-lg-0 pt-mb-0\"><strong>Th\u00e8mes<\/strong><\/p>\r\n\t\t\t\t\t<ul class=\"list-unstyled link-list display-4\">\r\n\t\t\t\t\t\t<li><a href='#What-it-is'>Qu\u2019est-ce qu\u2019une menace imminente?<\/a><\/li>\r\n\t\t\t\t\t<\/ul>\r\n\t\t\t\t<\/div>\r\n\t\t\t<\/div>  \r\n\t\t<\/div>\r\n\t<\/div>\r\n\t<div class=\"bg-bottom\"><\/div>\r\n<\/section>\r\n\r\n<section>\r\n    <div class=\"container-fluid py-6\">\r\n        <div class=\"row\">\r\n            <div class=\"col-12 col-lg-8\">\r\n                <div class=\"row pb-6\">\r\n                    <div class=\"col-12\">\r\n                        <div class=\"card review\" style='background-color:#FFE0C9'>\r\n                            <div class=\"card-body\">\r\n                                <p class=\"h3\">L\u2019essentiel<\/p>\r\n                                <ul class='mb-0'>\r\n\t\t\t\t\t<li>La plupart des compagnies d\u2019assurance ne souscriront pas de nouvelles polices pour couvrir les propri\u00e9t\u00e9s faisant face \u00e0 une menace imminente.<\/li>\r\n\t\t\t\t\t<li>Une menace imminente est un \u00e9v\u00e9nement qui serait hautement susceptible de causer un sinistre assurable, et qui est sur le point de se produire (ou se produira probablement).<\/li>\r\n                                <\/ul>\r\n                            <\/div>\r\n                        <\/div>\r\n                    <\/div>\r\n                <\/div>\r\n\r\n\t\t\t\t<h2 id=\"What-it-is\">Qu\u2019est-ce qu\u2019une menace imminente?<\/h2>\r\n\t\t\t\t<p>Le terme menace imminente est une notion qui se passe d\u2019explication\u00a0: cela signifie un \u00e9v\u00e9nement mena\u00e7ant qui est sur le point de se produire.<\/p>\r\n\r\n\t\t\t\t<p>Plus pr\u00e9cis\u00e9ment, en <a href=\"\/fr\/habitation\" title=\"Assurance habitation\">assurance habitation<\/a>, une menace imminente renvoie \u00e0 un \u00e9v\u00e9nement qui est en train de se produire (ou qui est sur le point de se produire) et qui causera un sinistre assurable en endommageant la propri\u00e9t\u00e9.<\/p>\r\n\r\n\t\t\t\t<p>Les feux de for\u00eat constituent l\u2019une des menaces imminentes les plus courantes au Canada. Les \u00e9v\u00e9nements comme les inondations et les ouragans constituent \u00e9galement des menaces imminentes.<\/p>\r\n\r\n\t\t\t\t<p>Un feu de for\u00eat qui br\u00fble pr\u00e8s d\u2019une ville repr\u00e9sente une menace imminente, car il y a une possibilit\u00e9 que le feu d\u00e9truise la ville. Par extension, le feu constitue une menace imminente aux habitations de la ville.<\/p>\r\n\r\n\t\t\t\t<p>Alors, qu\u2019est-ce que cela signifie en assurance habitation?<\/p>\r\n\r\n\t\t\t\t<p>Souvent, les compagnies d\u2019assurance arr\u00eatent temporairement la d\u00e9livrance de nouvelles polices dans les r\u00e9gions faisant face \u00e0 des menaces imminentes. Dans le m\u00eame ordre d\u2019id\u00e9es, les assureurs suspendent les modifications aux polices existantes dans ces r\u00e9gions .<\/p>\r\n\r\n\t\t\t\t<p>Ils prennent ces mesures parce que l\u2019assurance n\u2019est pas cens\u00e9e couvrir les \u00e9v\u00e9nements pr\u00e9vus, mais plut\u00f4t les \u00e9v\u00e9nements <i>inattendus<\/i>. Par exemple, ce n\u2019est pas surprenant qu\u2019une maison prenne feu dans une ville \u00e0 proximit\u00e9 d\u2019un feu de for\u00eat.<\/p>\r\n\r\n\t\t\t\t<p>Les feux de for\u00eat font des ravages. Apr\u00e8s le feu de for\u00eat \u00e0 Fort McMurray en 2016, les assureurs payaient presque 4\u00a0milliards de dollars en r\u00e8glements, par exemple. Les compagnies d\u2019assurance r\u00e8gleront toujours les r\u00e9clamations de leurs clients existants lorsqu\u2019ils souffrent un sinistre catastrophique, qu\u2019il s\u2019agisse d\u2019un feu de for\u00eat ou d\u2019un autre <a href=\"https:\/\/www.squareone.ca\/fr\/centres-ressources\/lexique-assurance\/risque\" title=\"D\u00e9finition : risque\">risque<\/a> couvert. Toutefois, les assureurs n\u2019accepteront pas de nouveaux clients faisant face \u00e0 la m\u00eame menace, g\u00e9n\u00e9ralement.<\/p>\r\n\r\n\t\t\t\t<p>Le fait d\u2019assurer une nouvelle habitation dans une r\u00e9gion faisant face \u00e0 une menace imminente pr\u00e9sente trop de risque pour certains assureurs. Souvent, les propri\u00e9taires occupants essaient de souscrire une police d\u2019assurance \u00e0 la derni\u00e8re minute lorsqu\u2019un feu de for\u00eat ou une inondation menace leur habitation. L\u2019acceptation de tels risques est en dehors des <a href=\"\/fr\/centres-ressources\/lexique-assurance\/souscription\" title=\"D\u00e9finition : souscription\">lignes directrices de la souscription<\/a> de la plupart des compagnies d\u2019assurance.<\/p> \r\n\r\n\t\t\t\t<p>En revanche, cela ne signifie pas que tous les assureurs refuseraient de souscrire des polices dans des r\u00e9gions \u00e0 risque. En 2017 \u00e0 Prince George (Colombie-Britannique), certains nouveaux propri\u00e9taires occupants pouvaient souscrire une police d\u2019assurance habitation, m\u00eame si leur habitation se trouvait \u00e0 moins de 50\u00a0kilom\u00e8tres d\u2019un feu de for\u00eat. Dans ce cas, les propri\u00e9taires occupants avaient besoin d\u2019une police d\u2019assurance habitation et la pr\u00e9sence du feu de for\u00eat \u00e9tait une co\u00efncidence.<\/p>\r\n\r\n\t\t\t\t<p>Remarquez toutefois que la plupart des assureurs ne voulaient pas souscrire les nouvelles habitations dans cette r\u00e9gion en raison du feu. Malgr\u00e9 cela, la majorit\u00e9 des propri\u00e9taires occupants ont pu souscrire une assurance habitation, mais \u00e0 des primes plus \u00e9lev\u00e9es cependant.<\/p>\r\n\r\n\t\t\t\t<p>Une menace imminente en assurance habitation est comme une condition pr\u00e9existante en assurance-maladie.<\/p>\r\n\r\n\t\t\t\t<p>Les gens qui souffrent des maladies chroniques pourraient avoir de la difficult\u00e9 \u00e0 souscrire une assurance-maladie ou devront payer des primes plus \u00e9lev\u00e9es.<\/p>\r\n\r\n\t\t\t\t<p>Lorsqu\u2019un assureur \u00e9value une habitation faisant face \u00e0 une menace imminente, il refusera la demande en raison du risque \u00e9lev\u00e9 ou l\u2019acceptera moyennant une prime plus \u00e9lev\u00e9e. Avant tout, les compagnies d\u2019assurance ont le <a href=\"\/fr\/centres-ressources\/lexique-assurance\/indemnite\" title=\"D\u00e9finition : indemnit\u00e9\">devoir de couvrir les pertes<\/a> de leurs clients. Indemnity\u00a0\u00bb>duty to cover the losses<\/a> of their customers. Le fait d\u2019assurer de nouveaux clients dont les habitations sont \u00e0 risque \u00e9lev\u00e9 d\u2019\u00eatre d\u00e9truites serait une utilisation irresponsable des primes des clients existants.<\/p>\r\n\r\n\t\t\t\t<p><strong>Vous recherchez une d\u00e9finition en assurance?<\/strong> Consultez notre <a href=\"\/fr\/centres-ressources\/lexique-assurance\" title=\"Centre de ressources : lexique de l'assurance\">Centre de ressources&nbsp;: lexique de l\u2019assurance<\/a> pour acc\u00e9der \u00e0 des d\u00e9finitions faciles \u00e0 comprendre des termes les plus courants de l'assurance. Ensuite, <a href=\"\/fr\/soumission-assurance-habitation-en-ligne\" title=\"Obtenir une soumission d\u2019assurance habitation en ligne\">obtenez une soumission d'assurance habitation en ligne<\/a> en moins de 5\u00a0minutes et d\u00e9couvrez \u00e0 quel point l\u2019assurance habitation personnalis\u00e9e peut \u00eatre abordable.<\/p>\r\n\r\n\t\t\t\t<div class=\"row py-3\">\r\n<div class=\"col-12\">\r\n<div class=\"card review\" style=\"box-shadow: 0 2px 4px rgba(0,0,0,0.07);background-color:#f4f4f4;\">\r\n<div class=\"card-body\">\r\n\t<p class=\"text-primary h4\">\u00c0 propos de l\u2019expert&nbsp;: Daniel Mirkovic<\/p>\r\n\t<p>Cofondateur de Square One comptant plus de 25&nbsp;ans dans le secteur de l\u2019assurance, Daniel \u00e9tait vice-pr\u00e9sident des services d\u2019assurance et de voyage de la British Columbia Automobile Association (BCAA). Daniel est titulaire d'un baccalaur\u00e9at \u00e8s commerce et d'une ma\u00eetrise \u00e8s administration des affaires, tous deux obtenus \u00e0 la Sauder School of Business de l'universit\u00e9 de la Colombie-Britannique. Daniel est muni de la d\u00e9signation CAAC et d\u2019un certificat en assurance de dommages niveau&nbsp;3 en Colombie-Britannique, en Alberta, en Saskatchewan, au Manitoba et en Ontario.<\/p>\r\n<\/div>\r\n<\/div>\r\n<\/div>\r\n<\/div>\r\n\r\n\t\t\t<\/div>\r\n\t\t<\/div>\r\n\t<\/div>\r\n<\/section>\r\n<script type=\"application\/ld+json\">\r\n{\r\n  \"@context\": \"https:\/\/schema.org\",\r\n  \"@graph\": [\r\n    {\r\n      \"@type\": [\"WebPage\", \"DefinedTerm\"],\r\n      \"@id\": \"https:\/\/www.squareone.ca\/fr\/centres-ressources\/lexique-assurance\/menace-imminente\",\r\n      \"url\": \"https:\/\/www.squareone.ca\/fr\/centres-ressources\/lexique-assurance\/menace-imminente\",\r\n      \"inLanguage\": \"fr-CA\",\r\n      \"isAccessibleForFree\": true,\r\n      \"name\": \"Menace imminente\",\r\n      \"description\": \"Un danger pr\u00e9sent et identifiable qui causera des dommages en toute probabilit\u00e9.\",\r\n      \"inDefinedTermSet\": {\r\n        \"@type\": \"DefinedTermSet\",\r\n        \"name\": \"Lexique de l\u2019assurance de Square One\",\r\n        \"url\": \"https:\/\/www.squareone.ca\/fr\/centres-ressources\/lexique-assurance\"\r\n      },\r\n      \"publisher\": {\r\n        \"@id\": \"https:\/\/www.squareone.ca\/fr\"\r\n      },\r\n      \"author\": {\r\n        \"@id\": \"#seamus-mckale\"\r\n      },\r\n      \"reviewedBy\": {\r\n        \"@id\": \"https:\/\/www.squareone.ca\/fr\/a-propos-de-nous\/experts\/daniel-mirkovic\"\r\n      }\r\n    },\r\n    {\r\n      \"@type\": \"InsuranceAgency\",\r\n      \"@id\": \"https:\/\/www.squareone.ca\/fr\",\r\n      \"name\": \"Assurances Square One\",\r\n      \"url\": \"https:\/\/www.squareone.ca\/fr\",\r\n      \"logo\": \"https:\/\/cdn.squareone.ca\/wp-content\/uploads\/2021\/04\/09094743\/square-one-logomark-default-md-1.png\",\r\n      \"address\": {\r\n        \"@type\": \"PostalAddress\",\r\n        \"streetAddress\": \"1410-650 W Georgia St\",\r\n        \"addressLocality\": \"Vancouver\",\r\n        \"addressRegion\": \"BC\",\r\n        \"postalCode\": \"V6B 4N8\",\r\n        \"addressCountry\": \"CA\"\r\n      },\r\n      \"telephone\": \"+1-855-331-6933\",\r\n      \"areaServed\": [\"BC\", \"AB\", \"SK\", \"MB\", \"ON\", \"QC\"],\r\n      \"feesAndCommissionsSpecification\": \"https:\/\/www.squareone.ca\/fr\/transparence\"\r\n    },\r\n    {\r\n      \"@type\": \"Person\",\r\n      \"@id\": \"#seamus-mckale\",\r\n      \"name\": \"Seamus McKale\",\r\n      \"url\": \"https:\/\/www.squareone.ca\/fr\/a-propos-de-nous\/membres-equipe#seamus-mckale\",\r\n      \"description\": \"Seamus a 15 ans d\u2019exp\u00e9rience en marketing, avec sp\u00e9cialisation en publicit\u00e9 multim\u00e9dia, r\u00e9daction technique et contenu sur l\u2019assurance personnelle.\",\r\n      \"jobTitle\": \"Sp\u00e9cialiste de marketing de contenu\",\r\n      \"worksFor\": {\r\n        \"@id\": \"https:\/\/www.squareone.ca\/fr\"\r\n      },\r\n      \"hasCredential\": [\r\n        {\r\n          \"@type\": \"EducationalOccupationalCredential\",\r\n          \"name\": \"Certificat en assurance de dommages de la C.-B., niveau 1\"\r\n        },\r\n        {\r\n          \"@type\": \"EducationalOccupationalCredential\",\r\n          \"name\": \"Certificat en assurance de dommages de l\u2019Ontario\"\r\n        }\r\n      ],\r\n      \"knowsAbout\": [\r\n        \"Marketing\",\r\n        \"Publicit\u00e9 multim\u00e9dia\",\r\n        \"R\u00e9daction technique\",\r\n        \"Assurance des particuliers\"\r\n      ],\r\n      \"sameAs\": [\r\n        \"https:\/\/www.linkedin.com\/in\/seamus-m-83801a2b\/\"\r\n      ]\r\n    },\r\n    {\r\n      \"@type\": \"Person\",\r\n      \"@id\": \"https:\/\/www.squareone.ca\/fr\/a-propos-de-nous\/experts\/daniel-mirkovic\",\r\n      \"name\": \"Daniel Mirkovic\",\r\n      \"url\": \"https:\/\/www.squareone.ca\/fr\/a-propos-de-nous\/experts\/daniel-mirkovic\",\r\n      \"description\": \"Daniel poss\u00e8de de vastes connaissances en assurance, acquises au cours de plus de 25 ans d\u2019exprience dans le secteur.\",\r\n      \"jobTitle\": \"Cofondateur et PDG\",\r\n      \"worksFor\": {\r\n        \"@id\": \"https:\/\/www.squareone.ca\/fr\"\r\n      },\r\n      \"alumniOf\": {\r\n        \"@type\": \"CollegeOrUniversity\",\r\n        \"name\": \"Sauder School of Business at the University of British Columbia\"\r\n      },\r\n      \"hasCredential\": [\r\n        {\r\n          \"@type\": \"EducationalOccupationalCredential\",\r\n          \"name\": \"Courtier d\u2019assurance agr\u00e9\u00e9 du Canada (CAAC)\"\r\n        },\r\n        {\r\n          \"@type\": \"EducationalOccupationalCredential\",\r\n          \"name\": \"Certificat en assurance de dommages, niveau 3 (BC, AB, SK, MB, ON)\"\r\n        }\r\n      ],\r\n      \"knowsAbout\": [\r\n        \"Assurance propri\u00e9taire occupant\",\r\n        \"Assurance locataire\",\r\n        \"Assurance copropri\u00e9taire\",\r\n        \"Assurance auto\",\r\n        \"Assurance automobile de collection\",\r\n        \"Assurance maladie\",\r\n        \"Assurance-vie\",\r\n        \"L\u2019assurance invalidit\u00e9 de longue dur\u00e9e\",\r\n        \"Assurance v\u00e9t\u00e9rinaire\",\r\n        \"Assurance-voyage\",\r\n        \"Planification d\u2019affaires et strat\u00e9gique\",\r\n        \"Publicit\u00e9 s'adressant directement aux consommateurs\",\r\n        \"D\u00e9veloppement des produits\",\r\n        \"Conception de l\u2019exp\u00e9rience des utilisateurs\"\r\n      ],\r\n      \"sameAs\": [\r\n        \"https:\/\/www.linkedin.com\/in\/danielmirkovic\"\r\n      ]\r\n    },\r\n    {\r\n      \"@type\": \"FAQPage\",\r\n      \"mainEntity\": {\r\n        \"@type\": \"Question\",\r\n        \"name\": \"Qu\u2019est-ce qu\u2019une menace imminente?\",\r\n        \"acceptedAnswer\": {\r\n          \"@type\": \"Answer\",\r\n          \"text\": \"Le terme menace imminente est une notion qui se passe d\u2019explication\u00a0: cela signifie un \u00e9v\u00e9nement mena\u00e7ant qui est sur le point de se produire. Plus pr\u00e9cis\u00e9ment, en assurance habitation, une menace imminente renvoie \u00e0 un \u00e9v\u00e9nement qui est en train de se produire (ou qui est sur le point de se produire) et qui causera un sinistre assurable en endommageant la propri\u00e9t\u00e9.\"\r\n        }\r\n      }\r\n    }\r\n  ]\r\n}\r\n<\/script>\r\n","protected":false},"excerpt":{"rendered":"<p>Menace imminente Article \u00e9valu\u00e9 par Daniel Mirkovic Nom men-ace imm-i\u00b7nent | m\u0259nas immin\u0251\u0303 D\u00e9finition\u00a0: un danger pr\u00e9sent et identifiable qui causera des dommages en toute probabilit\u00e9. Certaines compagnies d\u2019assurance jugent que les feux de for\u00eat \u00e0 moins de 50\u00a0km d\u2019une ville constituent une menace imminente. Th\u00e8mes Qu\u2019est-ce qu\u2019une menace imminente? L\u2019essentiel La plupart des compagnies [&hellip;]<\/p>\n","protected":false},"author":2,"featured_media":0,"parent":53157,"menu_order":0,"comment_status":"closed","ping_status":"closed","template":"page-article-new.php","meta":{"_acf_changed":false,"footnotes":""},"class_list":["post-61609","page","type-page","status-publish","hentry"],"acf":[],"_links":{"self":[{"href":"https:\/\/www.squareone.ca\/fr\/wp-json\/wp\/v2\/pages\/61609","targetHints":{"allow":["GET"]}}],"collection":[{"href":"https:\/\/www.squareone.ca\/fr\/wp-json\/wp\/v2\/pages"}],"about":[{"href":"https:\/\/www.squareone.ca\/fr\/wp-json\/wp\/v2\/types\/page"}],"author":[{"embeddable":true,"href":"https:\/\/www.squareone.ca\/fr\/wp-json\/wp\/v2\/users\/2"}],"replies":[{"embeddable":true,"href":"https:\/\/www.squareone.ca\/fr\/wp-json\/wp\/v2\/comments?post=61609"}],"version-history":[{"count":14,"href":"https:\/\/www.squareone.ca\/fr\/wp-json\/wp\/v2\/pages\/61609\/revisions"}],"predecessor-version":[{"id":77494,"href":"https:\/\/www.squareone.ca\/fr\/wp-json\/wp\/v2\/pages\/61609\/revisions\/77494"}],"up":[{"embeddable":true,"href":"https:\/\/www.squareone.ca\/fr\/wp-json\/wp\/v2\/pages\/53157"}],"wp:attachment":[{"href":"https:\/\/www.squareone.ca\/fr\/wp-json\/wp\/v2\/media?parent=61609"}],"curies":[{"name":"wp","href":"https:\/\/api.w.org\/{rel}","templated":true}]}}