{"id":61630,"date":"2023-01-20T10:07:08","date_gmt":"2023-01-20T18:07:08","guid":{"rendered":"https:\/\/www.squareone.ca\/eclairage-del-option-ecoenergetique"},"modified":"2025-12-08T16:02:18","modified_gmt":"2025-12-09T00:02:18","slug":"eclairage-del-option-ecoenergetique","status":"publish","type":"page","link":"https:\/\/www.squareone.ca\/fr\/centres-ressources\/ameliorations-domiciliaires\/eclairage-del-option-ecoenergetique","title":{"rendered":"L\u2019\u00e9clairage \u00e0 DEL : une solution \u00e9co\u00e9nerg\u00e9tique"},"content":{"rendered":"<section id='intro' class=\"bg-shape-split bg-sub-page-hero\">\r\n    <div class=\"bg-position\">\r\n        <div class=\"container-fluid\">\r\n            <div class=\"row align-items-center\">\r\n                <div class=\"col-12 col-lg-8\">\r\n                    <h1>L\u2019\u00e9clairage \u00e0 DEL\u00a0: une solution \u00e9co\u00e9nerg\u00e9tique<\/h1>\r\n <strong>Article r\u00e9dig\u00e9 par l'\u00e9quipe de Square One<\/strong>\r\n                    <p class=\"pb-4\" style=\"margin-top:-24px\">Mis \u00e0 jour le 18 juin 2024<\/p>\r\n                <\/div>\r\n            <\/div>\r\n\r\n            <div class=\"row\">\r\n                <div class=\"col-lg-8\">\r\n                    <p class=\"display-4\">Pendant longtemps, l\u2019\u00e9clairage \u00e9lectrique a \u00e9t\u00e9 synonyme de l\u2019\u00e9clairage \u00e0 ampoule incandescente, une technologie qui date des ann\u00e9es 1800. L\u2019ampoule \u00e9lectrique a \u00e9t\u00e9 produite en masse pour la premi\u00e8re fois aux ann\u00e9es 1880 par Thomas Edison et l\u2019Edison Electric Company.<\/p>\r\n                    <p class=\"display-4\">Aujourd\u2019hui, l\u2019\u00e9clairage \u00e9lectrique subit une transformation majeure alors que l\u2019ampoule \u00e0 DEL (diode \u00e9lectroluminescente) remplace l\u2019ampoule incandescente dans les maisons et les autres espaces, \u00e0 l\u2019int\u00e9rieur et \u00e0 l\u2019ext\u00e9rieur. Une fois que la G\u00e9n\u00e9rale \u00e9lectrique, un g\u00e9ant du secteur, a annonc\u00e9 son intention de cesser la fabrication de l&rsquo;ampoule incandescente en faveur de l&rsquo;ampoule \u00e0 DEL, c\u2019\u00e9tait le d\u00e9but d&rsquo;une transformation spectaculaire dans l\u2019industrie de l\u2019\u00e9clairage.<\/p>\r\n<p class=\"pt-2\"><img decoding=\"async\" src=\"https:\/\/cdn.squareone.ca\/wp-content\/uploads\/2016\/08\/05053029\/led-lighting-at-home.jpg\" alt=\"Un homme installe une ampoule \u00e0 DEL \u00e9co\u00e9nerg\u00e9tique dans une lampe\" width=\"248px\" class=\"img-fluid\" rel=\"noopener noreferrer\" \/><\/p>\r\n                <\/div>\r\n\r\n                <div class=\"col-lg-3 offset-lg-1\">\r\n                    <p class=\"mb-2 display-4 pt-4 pt-lg-0 pt-mb-0\"><strong>Th\u00e8mes<\/strong><\/p>\r\n                    <ul class=\"list-unstyled link-list display-4\">\r\n                        <li><a href='#Difference'>Qu\u2019est-ce qui est diff\u00e9rent?<\/a><\/li>\r\n                        <li><a href='#Benefits'>Avantages \u00e9cologiques<\/a><\/li>\r\n                        <li><a href='#Efficiency'>Efficacit\u00e9<\/a><\/li>\r\n                        <li><a href='#Conditions'>Fonctionnement dans toutes les conditions<\/a><\/li>\r\n\t\t\t\t\t\t<li><a href='#LEDLight_FAQ'>Questions fr\u00e9quemment pos\u00e9es<\/a><\/li>\r\n                    <\/ul>\r\n                <\/div>\r\n            <\/div>  \r\n        <\/div>\r\n    <\/div>\r\n    <div class=\"bg-bottom\"><\/div>\r\n<\/section>\r\n\r\n<section>\r\n    <div class=\"container-fluid py-6\">\r\n        <div class=\"row\">\r\n            <div class=\"col-12 col-lg-8\">\r\n\r\n<div class=\"row pb-6\">\r\n                    <div class=\"col-12\">\r\n                        <div class=\"card review\" style='background-color:#FFE0C9'>\r\n                            <div class=\"card-body\">\r\n                                <p class=\"h3\">L&rsquo;essentiel<\/p>\r\n                                <ul class='mb-0'>\r\n                                    <li>L&rsquo;\u00e9clairage \u00e0 DEL est \u00e9co\u00e9nerg\u00e9tique, durable et repr\u00e9sente une am\u00e9lioration consid\u00e9rable par rapport aux ampoules incandescentes.<\/li>\r\n                                    <li>La luminosit\u00e9 de l&rsquo;\u00e9clairage \u00e0 DEL est mesur\u00e9e en lumens, et non en watts.<\/li>\r\n                                    <li>Les ampoules \u00e0 DEL sont offertes dans une vaste gamme de temp\u00e9ratures chromatiques, qui sontmesur\u00e9es en kelvins.<\/li>\r\n                                <\/ul>\r\n                            <\/div>\r\n                        <\/div>\r\n                    <\/div>\r\n                <\/div>              \t\r\n\r\n\t\t\t<h2 id=\"Difference\">Qu\u2019est-ce qui est diff\u00e9rent de l\u2019\u00e9clairage \u00e0 DEL?<\/h2>\r\n                <img decoding=\"async\" loading=\"lazy\" src=\"https:\/\/cdn.squareone.ca\/wp-content\/uploads\/2018\/04\/06022905\/evolution-lighting.jpg\" title=\"La diff\u00e9rence de l\u2019\u00e9clairage \u00e0 DEL\" alt=\"Une comparaison de diff\u00e9rents types d'\u00e9clairage, y compris une bougie, une ampoule incandescente, une ampoule fluorescente compacte et une ampoule \u00e0 DEL.\" width=\"800px\" class=\"img-fluid mb-5\" \/>\r\n            <p>L\u2019\u00e9clairage \u00e0 DEL est mesur\u00e9 en lumens et non en watts. Plus le nombre de lumens est \u00e9lev\u00e9, plus l\u2019ampoule \u00e9met de la lumi\u00e8re blanche. <\/p>\r\n\r\n            <p>Les ampoules \u00e0 DEL offrent \u00e9galement une vaste gamme de choix et de temp\u00e9ratures chromatiques. La temp\u00e9rature chromatique, elle, est mesur\u00e9e en kelvins. Plus le chiffre kelvin est bas, plus la lumi\u00e8re jaune est \u00e9lev\u00e9e. Une temp\u00e9rature chromatique de 2\u00a0500 \u00e0 3\u00a0000\u00a0kelvins donne une nuance jaun\u00e2tre, semblable \u00e0 l\u2019ampoule incandescente et \u00e0 la lueur chaleureuse de la lumi\u00e8re du soleil.<\/p> \r\n\r\n            <p>\u00c0 l\u2019autre bout du spectre, une lumi\u00e8re de 6\u00a0500\u00a0kelvins a une nuance bleue. L\u2019\u00e9clairage \u00e0 DEL est offert en diverses nuances. Par cons\u00e9quent, vous pouvez facilement varier le type d\u2019\u00e9clairage de vos lampes et luminaires, en fonction de la pi\u00e8ce.<\/p>\r\n\r\n            <h2 id=\"Benefits\">Les avantages \u00e9cologiques de l\u2019\u00e9clairage \u00e0 DEL<\/h2>\r\n\r\n            <p>Au d\u00e9but, les ampoules \u00e0 DEL \u00e9taient dispendieuses. Si l\u2019on ajoute \u00e0 cela la r\u00e9sistance naturelle au changement, on comprend pourquoi l\u2019utilisation initiale n\u2019a pas \u00e9t\u00e9 plus r\u00e9pandue. Aujourd\u2019hui, gr\u00e2ce \u00e0 de meilleurs processus de fabrication et \u00e0 des \u00e9conomies d\u2019\u00e9chelle accrues, les ampoules \u00e0 DEL sont abordables. Les ampoules \u00e0 DEL sont toujours plus dispendieuses que les ampoules incandescentes, mais elles sont plus \u00e9conomiques en raison de leur long\u00e9vit\u00e9.<\/p>\r\n\r\n            <p>\u00c9tant donn\u00e9 les inqui\u00e9tudes au sujet de l\u2019environnement, de la pollution et de la conservation de l\u2019\u00e9nergie, l\u2019\u00e9clairage \u00e0 DEL est une solution <a href=\"https:\/\/www.squareone.ca\/resource-centres\/homeowner\/energy-efficient-homes-and-buildings-in-canada\" title=\"Maisons et b\u00e2timents \u00e9co\u00e9nerg\u00e9tiques au Canada\">\u00e9co\u00e9nerg\u00e9tique<\/a>. Par exemple, une ampoule incandescente de 60\u00a0watts consomme annuellement 525\u00a0kilowattheures d\u2019\u00e9nergie environ. En revanche, une ampoule \u00e0 DEL de 60\u00a0watts ne consomme que 65\u00a0kilowattheures d\u2019\u00e9nergie annuellement en moyenne. <\/p>\r\n\r\n            <p>Le dioxyde de carbone (CO2), un d\u00e9chet nuisible et une mati\u00e8re polluante majeure, est produit pendant la g\u00e9n\u00e9ration de l\u2019\u00e9lectricit\u00e9. Les ampoules \u00e9co\u00e9nerg\u00e9tiques produisent beaucoup moins de CO2. <\/p>\r\n\r\n\r\n            <h2 id=\"Efficiency\">L\u2019efficacit\u00e9 des ampoules \u00e0 DEL<\/h2>\r\n                <img decoding=\"async\" loading=\"lazy\" src=\"https:\/\/s3-us-west-2.amazonaws.com\/sq1-wordpress-prod\/wp-content\/uploads\/2018\/04\/06022951\/LED-kitchen-lighting.jpg\" title=\"\u00c9clairage \u00e0 DEL dans une cuisine moderne\" alt=\"Cuisine blanche avec \u00e9clairage \u00e0 DEL complet\" width=\"800\" height=\"533\" class=\"img-fluid mb-5\" \/>\r\n            <p>G\u00e9n\u00e9ralement, le taux d\u2019efficacit\u00e9 d\u2019une ampoule \u00e0 DEL se situe entre 80\u00a0% et 90\u00a0%. Cela signifie que 80\u00a0% de l\u2019\u00e9nergie \u00e9lectrique est convertie en lumi\u00e8re, alors que 20\u00a0% de l\u2019\u00e9nergie est perdue et transform\u00e9e en chaleur. Pour ce qui est d\u2019une ampoule incandescente, c\u2019est plut\u00f4t le contraire\u00a0: 20\u00a0% de l\u2019\u00e9nergie \u00e9lectrique est convertie en lumi\u00e8re et 80\u00a0% est perdue et transform\u00e9e en chaleur. <\/p>\r\n\r\n            <p>\u00c9tant donn\u00e9 que les ampoules \u00e0 DEL ne produisent pas autant de chaleur que les ampoules incandescentes, elles br\u00fblent plus froidement et sont plus s\u00e9curitaires. Un autre aspect \u00e9cologique des ampoules \u00e0 DEL est leur composition. Elles sont faites de mati\u00e8res non toxiques et sont recyclables \u00e0 100\u00a0%. <\/p>\r\n\r\n            <p>L\u2019\u00e9clairage \u00e0 DEL est \u00e9galement plus \u00e9conomique et plus pratique que l\u2019\u00e9clairage incandescent ou fluorescent. L\u2019\u00e9clairage \u00e0 DEL est compos\u00e9 des ampoules \u00e0 semi-conducteurs. Celles-ci sont plus stables et durables que les ampoules incandescentes ou fluorescentes. Par exemple, une ampoule incandescente normale a une long\u00e9vit\u00e9 de 750\u00a0heures environ, alors qu\u2019une ampoule \u00e0 DEL comparable a une dur\u00e9e de vie se situant entre 50\u00a0000 et 100\u00a0000\u00a0heures. Remarquez que cent mille heures est l\u2019\u00e9quivalent de 11\u00a0ans d\u2019\u00e9clairage continu; imaginez ne pas changer d\u2019ampoule pendant plus d\u2019une d\u00e9cennie! <\/p>\r\n\r\n            <p>En raison de cette long\u00e9vit\u00e9, les ampoules \u00e0 DEL sont id\u00e9ales pour les coins difficiles \u00e0 atteindre, comme les atriums ou les pi\u00e8ces avec plafond cath\u00e9drale.<\/p>\r\n\r\n            <\/div>\r\n        <\/div>\r\n    <\/div>\r\n<\/section>\r\n\r\n\t<section class=\"bg-transparent\">\n\t\t<img decoding=\"async\" src=\"\/sales\/images\/bgs\/bg-mid-page-cta-general-top.svg\" style=\"width: 100%; vertical-align: bottom; position: relative; top: 1px\"\/>\n\t\t\n\t\t<div class=\"bg-darkTeal py-3\">\t\t\t\n\t\t\t<div class=\"container-fluid\">\n\t\t\t\t<div class=\"row d-flex align-items-center pb-5\">\n\t\t\t\t\t<div class=\"col-12 col-md-8 offset-md-2 px-lg-5 pb-5 pb-lg-0\">\n\t\t\t\t\t\t<div class=\"h6 mb-4 text-primary text-uppercase text-center\">\n\t\t\t\t\t\t\tCela ne prend que 5\u00a0minutes \n\t\t\t\t\t\t<\/div>\t\t\n\t\t\t\t\t\t\t\t\t\t\t\n\t\t\t\t\t\t<p class=\"lead px-lg-5 text-white\">\n\t\t\t\t\t\t\t<strong class=\"d-inline-block text-uc-first\">Pr\u00eat \u00e0 obtenir une soumission en ligne? <\/strong> Votre temps est aussi pr\u00e9cieux que vos possessions. Obtenez une soumission d'assurance habitation en <strong>5 minutes<\/strong>. C\u2019est moins de temps qu\u2019il n\u2019en faut pour faire la file pour un caf\u00e9.\n\t\t\t\t\t\t<\/p>\t\t\t\n\t\n\t\t\t\t\t\t<div id=\"sq1-qw-b3411d354762\" class=\"sq1-quote-widget mb-4 text-white\" data-quote-widget-type=\"HOME\" data-has-custom-text=\"true\">\n\t\t\t\t\t\t\t<div class=\"input-group input-group-focus-within bg-white my-4\">\n\t\t\t\t\t\t\t\t<div>\n\t\t\t\t\t\t\t\t\t<div class=\"input-group-text\">\n\t\t\t\t\t\t\t\t\t\t<i class=\"fa fa-map-marker d-block text-black\"><\/i>\n\t\t\t\t\t\t\t\t\t<\/div>\n\t\t\t\t\t\t\t\t<\/div>\n\t\t\t\t\t\t\t\t<input type=\"text\" class=\"form-control\" style=\"padding: 10px;\" placeholder=\"Enter an address\" aria-label=\"Inscrivez votre adresse pour obtenir une soumission\"\/>\n\t\t\t\t\t\t\t\t<div>\n\t\t\t\t\t\t\t\t\t<button class=\"btn btn-primary\">Obtenir une soumission en ligne d\u00e8s maintenant<\/button>\n\t\t\t\t\t\t\t\t<\/div>\n\t\t\t\t\t\t\t<\/div>\n\t\t\t\t\t\t<\/div>\n\t\t\t\t\t\t\n\t\t\t\t\t\t<p class=\"small text-white\">Avant de commencer, veuillez lire notre <a href=\"https:\/\/www.squareone.ca\/fr\/politique-confidentialite\" target=\"_blank\" rel=\"noreferrer noopener\">Politique de confidentialit\u00e9<\/a> et nos <a href=\"https:\/\/www.squareone.ca\/fr\/conditions-utilisation\" target=\"_blank\" rel=\"noreferrer noopener\">Conditions d\u2019utilisation<\/a>.<\/p>\t\n\t\n\t\t\t\t\t\t<script type=\"text\/javascript\">\n\t\t\t\t\t\t(function() {\n\t\t\t\t\t\t\tdocument.addEventListener('soiMiscJsLoaded', function() {\n\t\t\t\t\t\t        $(document).ready(function() {\n\t\t\t\t\t\t\t\t\tsoiQuoteWidget.processFormWidget('\/sales\/index.php\/json_quote_widget?rand=' +Math.random(), 'qwContainer'); \/\/populate quoting widget with content from symfony.\n\t\t\t\t\t\t\t\t});\n\t\t\t\t\t\t\t});\n\t\t\t\t\t\t})();\n\t\t\t\t\t\t<\/script>\n\t\t\t\t\t<\/div>\n\t\t\t\t<\/div>\n\t\t\t<\/div>\n\t\t<\/div>\n\t\t\n\t\t<img decoding=\"async\" src=\"\/sales\/images\/bgs\/bg-mid-page-cta-general-bottom.svg\" style=\"width: 100%; vertical-align: top\"\/>\t\t\n\t<\/section>\r\n\r\n<section>\r\n    <div class=\"container-fluid py-6\">\r\n        <div class=\"row\">\r\n            <div class=\"col-12 col-lg-8\">\r\n\r\n            <h2 id=\"Conditions\">Les ampoules \u00e0 DEL fonctionnent dans toutes les conditions<\/h2>\r\n                <img decoding=\"async\" loading=\"lazy\" src=\"https:\/\/cdn.squareone.ca\/wp-content\/uploads\/2018\/04\/06023044\/LED-landscaping-lighting.jpg\" title=\"\u00c9clairage \u00e0 DEL incorpor\u00e9 dans l\u2019am\u00e9nagement paysager\" alt=\"\u00c9clairage \u00e0 DEL incorpor\u00e9 dans l\u2019am\u00e9nagement paysager de l\u2019arri\u00e8re-cour\" width=\"800\" height=\"533\" class=\"img-fluid mb-5\" \/>\r\n            <p>En ce qui concerne la solidit\u00e9, les ampoules \u00e0 DEL sont hors pair. Elles sont id\u00e9ales pour l\u2019\u00e9clairage ext\u00e9rieur, car elles sont faites de mat\u00e9riaux r\u00e9sistants aux intemp\u00e9ries. <\/p>\r\n\r\n            <p>Les ampoules \u00e0 DEL sont imperm\u00e9ables au vent et \u00e0 la pluie, et elles r\u00e9sistent aux chocs et aux vibrations. Elles sont \u00e9galement r\u00e9sistantes aux extr\u00eames de froid et de chaleur; dans un pays qui adore le hockey, elles sont id\u00e9ales pour les patinoires ext\u00e9rieures. Les ampoules \u00e0 DEL peuvent \u00e9galement fonctionner \u00e0 l\u2019aide d\u2019une source d\u2019alimentation \u00e0 basse tension, comme <a href=\"https:\/\/www.squareone.ca\/fr\/centres-ressources\/ameliorations-domiciliaires\/panneaux-solaires\" title=\"Les panneaux solaires valent-ils le co\u00fbt?\">l\u2019\u00e9nergie solaire<\/a>. Par cons\u00e9quent, elles sont pratiques dans les r\u00e9gions rurales ou \u00e9loign\u00e9es.<\/p>\r\n\r\n            <p>\u00c9tant donn\u00e9 la pr\u00e9valence des ampoules \u00e0 DEL, vous devriez facilement trouver des ampoules adapt\u00e9es \u00e0 vos luminaires. Remplacer une ampoule incandescente avec une ampoule \u00e0 DEL est aussi facile que de d\u00e9visser la premi\u00e8re et de visser la seconde. Rien de sorcier!<\/p>\r\n\r\n            <p>Alors, si vous n\u2019utilisez pas les ampoules \u00e0 DEL, qu\u2019attendez-vous? Dirigez-vous \u00e0 votre quincaillerie locale pour commencer \u00e0 \u00e9conomiser de l\u2019argent et de l\u2019\u00e9nergie!<\/p>\r\n\r\n            <p>Pour de plus amples renseignements, ou pour obtenir une <a href=\"https:\/\/www.squareone.ca\/home\" title=\"Soumissions d\u2019assurance habitation\">soumission d\u2019assurance habitation<\/a>, n&rsquo;h\u00e9sitez pas \u00e0 <a href=\"https:\/\/www.squareone.ca\/fr\/nous-contacter\" title=\"Communiquer avec Square One\">communiquer avec Square One<\/a>.<\/p>\r\n\t\t\t\r\n\t\t\t<h2 id=\"LEDLight_FAQ\">Questions fr\u00e9quemment pos\u00e9es<\/h2>\r\n            <h3>Les ampoules \u00e0 DEL s\u2019\u00e9puisent-elles?<\/h3>\r\n\t\t\t<p>Oui, mais typiquement elles durent de 50\u00a0000\u00a0 \u00e0 100\u00a0000\u00a0heures. Cela \u00e9quivaut \u00e0 plus de 11\u00a0ans d\u2019\u00e9clairage continu, ce qui est 130\u00a0fois sup\u00e9rieure \u00e0 la dur\u00e9e de vie d\u2019une ampoule incandescente.<\/p>\r\n\t\t\t\r\n\t\t\t<h3>L\u2019\u00e9clairage \u00e0 DEL pr\u00e9sente-t-il des inconv\u00e9nients?<\/h3>\r\n\t\t\t<p>Le principal inconv\u00e9nient de l\u2019\u00e9clairage \u00e0 DEL c\u2019est le co\u00fbt initial plus \u00e9lev\u00e9. En outre, plusieurs ampoules \u00e0 DEL ne sont pas compatibles avec des gradateurs. Finalement, bon nombre d\u2019ampoules \u00e0 DEL \u00e9mettent plus de lumi\u00e8re bleue comparativement aux ampoules incandescentes, ce qui peut perturber les rythmes circadiens des r\u00e9sidents de l\u2019habitation si elles sont install\u00e9es dans la chambre \u00e0 coucher.<\/p>\r\n\t\t\t\r\n\t\t\t<h3>Quelle couleur d\u2019ampoule \u00e0 DEL recommande-t-on?<\/h3>\r\n\t\t\t<p>L\u2019\u00e9clairage chaleureux et jaun\u00e2tre (2\u00a0500 \u00e0 3\u00a0000\u00a0kelvins) est id\u00e9al pour les espaces d\u00e9tendus et intimes, comme la chambre \u00e0 coucher ou le salon. La lumi\u00e8re blanche ou bleue (3\u00a0000 \u00e0 5\u00a0000\u00a0kelvins) est id\u00e9ale pour la cuisine, la salle de bain ou l\u2019\u00e9clairage des aires de travail. Les temp\u00e9ratures chromatiques de plus de 5\u00a0000\u00a0kelvins sont g\u00e9n\u00e9ralement r\u00e9serv\u00e9es \u00e0 l\u2019utilisation industrielle ou commerciale.<\/p>\r\n\t\t\t\r\n\t\t\t<p><strong>Vous voulez en savoir plus?<\/strong> Consultez notre <a href=\"\/fr\/centres-ressources\/ameliorations-domiciliaires\" title=\"Centre de ressources : am\u00e9liorations domiciliaires\">Centre de ressources&nbsp;: am\u00e9liorations domiciliaires<\/a> pour des tuyaux et de l'inspiration pour votre prochain projet de r\u00e9novation. Ensuite, <a href=\"\/fr\/soumission-assurance-habitation-en-ligne\" title=\"Obtenir une soumission d\u2019assurance habitation en ligne\">obtenez une soumission d'assurance habitation en ligne<\/a> en moins de 5\u00a0minutes et d\u00e9couvrez \u00e0 quel point l\u2019assurance habitation personnalis\u00e9e peut \u00eatre abordable.<\/p>\r\n\r\n<\/div>\r\n    <\/div>\r\n<\/div>\r\n<\/section>\r\n<script type=\"application\/ld+json\">\r\n{\r\n  \"@context\": \"https:\/\/schema.org\",\r\n  \"@type\": \"FAQPage\",\r\n  \"mainEntity\": [{\r\n    \"@type\": \"Question\",\r\n    \"name\": \"Qu\u2019est-ce qui est diff\u00e9rent de l\u2019\u00e9clairage \u00e0 DEL?\",\r\n    \"acceptedAnswer\": {\r\n      \"@type\": \"Answer\",\r\n      \"text\": \"L\u2019\u00e9clairage \u00e0 DEL est mesur\u00e9 en lumens et non en watts. Plus le nombre de lumens est \u00e9lev\u00e9, plus l\u2019ampoule \u00e9met de la lumi\u00e8re blanche. Les ampoules \u00e0 DEL offrent \u00e9galement une vaste gamme de choix et de temp\u00e9ratures chromatiques.\"\r\n    }\r\n  },{\r\n    \"@type\": \"Question\",\r\n    \"name\": \"Les ampoules \u00e0 DEL s\u2019\u00e9puisent-elles\",\r\n    \"acceptedAnswer\": {\r\n      \"@type\": \"Answer\",\r\n      \"text\": \"Oui, mais typiquement elles durent de 50\u00a0000\u00a0 \u00e0 100\u00a0000\u00a0heures. Cela \u00e9quivaut \u00e0 plus de 11\u00a0ans d\u2019\u00e9clairage continu, ce qui est 130\u00a0fois sup\u00e9rieure \u00e0 la dur\u00e9e de vie d\u2019une ampoule incandescente.\"\r\n    }\r\n  },{\r\n    \"@type\": \"Question\",\r\n    \"name\": \"L\u2019\u00e9clairage \u00e0 DEL pr\u00e9sente-t-il des inconv\u00e9nients?\",\r\n    \"acceptedAnswer\": {\r\n      \"@type\": \"Answer\",\r\n      \"text\": \"Le principal inconv\u00e9nient de l\u2019\u00e9clairage \u00e0 DEL c\u2019est le co\u00fbt initial plus \u00e9lev\u00e9. En outre, plusieurs ampoules \u00e0 DEL ne sont pas compatibles avec des gradateurs. Finalement, bon nombre d\u2019ampoules \u00e0 DEL \u00e9mettent plus de lumi\u00e8re bleue comparativement aux ampoules incandescentes, ce qui peut perturber les rythmes circadiens des r\u00e9sidents de l\u2019habitation si elles sont install\u00e9es dans la chambre \u00e0 coucher.\"\r\n    }\r\n  },{\r\n    \"@type\": \"Question\",\r\n    \"name\": \"Quelle couleur d\u2019ampoule \u00e0 DEL devrais-je utiliser?\",\r\n    \"acceptedAnswer\": {\r\n      \"@type\": \"Answer\",\r\n      \"text\": \"L\u2019\u00e9clairage chaleureux et jaun\u00e2tre (2\u00a0500 \u00e0 3\u00a0000\u00a0kelvins) est id\u00e9al pour les espaces d\u00e9tendus et intimes, comme la chambre \u00e0 coucher ou le salon. La lumi\u00e8re blanche ou bleue (3\u00a0000 \u00e0 5\u00a0000\u00a0kelvins) est id\u00e9ale pour la cuisine, la salle de bain ou l\u2019\u00e9clairage des aires de travail. Les temp\u00e9ratures chromatiques de plus de 5\u00a0000\u00a0kelvins sont g\u00e9n\u00e9ralement r\u00e9serv\u00e9es \u00e0 l\u2019utilisation industrielle ou commerciale.\"\r\n    }\r\n  }]\r\n}\r\n<\/script>\r\n<script type=\"application\/ld+json\">\r\n{\r\n  \"@context\": \"https:\/\/schema.org\",\r\n  \"@type\": \"WebPage\",\r\n  \"mainEntityOfPage\": {\r\n    \"@type\": \"Article\",\r\n    \"@id\": \"https:\/\/www.squareone.ca\/fr\/centres-ressources\/ameliorations-domiciliaires\/eclairage-del-option-ecoenergetique\"\r\n  },\r\n  \"author\": [\r\n    {\r\n      \"@type\": \"Person\",\r\n      \"name\": \"Square One team\"\r\n    }\r\n  ],\r\n  \"headline\": \"L\u2019\u00e9clairage \u00e0 DEL : une solution \u00e9co\u00e9nerg\u00e9tique\",\r\n  \"datePublished\": \"\",\r\n  \"dateModified\": \"\",\r\n  \"inLanguage\": \"fr-CA\",\r\n  \"isAccessibleForFree\": true\r\n}\r\n<\/script>\r\n\r\n","protected":false},"excerpt":{"rendered":"<p>L\u2019\u00e9clairage \u00e0 DEL\u00a0: une solution \u00e9co\u00e9nerg\u00e9tique Pendant longtemps, l\u2019\u00e9clairage \u00e9lectrique a \u00e9t\u00e9 synonyme de l\u2019\u00e9clairage \u00e0 ampoule incandescente, une technologie qui date des ann\u00e9es 1800. L\u2019ampoule \u00e9lectrique a \u00e9t\u00e9 produite en masse pour la premi\u00e8re fois aux ann\u00e9es 1880 par Thomas Edison et l\u2019Edison Electric Company. Aujourd\u2019hui, l\u2019\u00e9clairage \u00e9lectrique subit une transformation majeure alors que [&hellip;]<\/p>\n","protected":false},"author":2,"featured_media":61641,"parent":53497,"menu_order":0,"comment_status":"closed","ping_status":"closed","template":"page-article-new.php","meta":{"_acf_changed":false,"footnotes":""},"class_list":["post-61630","page","type-page","status-publish","has-post-thumbnail","hentry"],"acf":[],"_links":{"self":[{"href":"https:\/\/www.squareone.ca\/fr\/wp-json\/wp\/v2\/pages\/61630","targetHints":{"allow":["GET"]}}],"collection":[{"href":"https:\/\/www.squareone.ca\/fr\/wp-json\/wp\/v2\/pages"}],"about":[{"href":"https:\/\/www.squareone.ca\/fr\/wp-json\/wp\/v2\/types\/page"}],"author":[{"embeddable":true,"href":"https:\/\/www.squareone.ca\/fr\/wp-json\/wp\/v2\/users\/2"}],"replies":[{"embeddable":true,"href":"https:\/\/www.squareone.ca\/fr\/wp-json\/wp\/v2\/comments?post=61630"}],"version-history":[{"count":12,"href":"https:\/\/www.squareone.ca\/fr\/wp-json\/wp\/v2\/pages\/61630\/revisions"}],"predecessor-version":[{"id":77672,"href":"https:\/\/www.squareone.ca\/fr\/wp-json\/wp\/v2\/pages\/61630\/revisions\/77672"}],"up":[{"embeddable":true,"href":"https:\/\/www.squareone.ca\/fr\/wp-json\/wp\/v2\/pages\/53497"}],"wp:featuredmedia":[{"embeddable":true,"href":"https:\/\/www.squareone.ca\/fr\/wp-json\/wp\/v2\/media\/61641"}],"wp:attachment":[{"href":"https:\/\/www.squareone.ca\/fr\/wp-json\/wp\/v2\/media?parent=61630"}],"curies":[{"name":"wp","href":"https:\/\/api.w.org\/{rel}","templated":true}]}}