{"id":61669,"date":"2023-01-23T10:03:16","date_gmt":"2023-01-23T18:03:16","guid":{"rendered":"https:\/\/www.squareone.ca\/panneaux-solaires"},"modified":"2025-09-23T12:16:19","modified_gmt":"2025-09-23T19:16:19","slug":"panneaux-solaires","status":"publish","type":"page","link":"https:\/\/www.squareone.ca\/fr\/centres-ressources\/ameliorations-domiciliaires\/panneaux-solaires","title":{"rendered":"Les avantages et inconv\u00e9nients des panneaux solaires"},"content":{"rendered":"<section id='intro' class=\"bg-shape-split bg-sub-page-hero\">\r\n    <div class=\"bg-position\">\r\n        <div class=\"container-fluid\">\r\n            <div class=\"row align-items-center\">\r\n                <div class=\"col-12 col-lg-8\">\r\n                    <h1>Les avantages et inconv\u00e9nients des panneaux solaires<\/h1>\r\n <strong>Article r\u00e9dig\u00e9 par l'\u00e9quipe de Square One<\/strong>\r\n                    <p><strong>\u00c9valu\u00e9 par <a title=\"Expert : Matt Hope\" href=\"\/fr\/a-propos-de-nous\/experts#energy\">Matt Hope<\/a><\/strong><\/p> \r\n                    <p class=\"pb-4\" style=\"margin-top:-24px\">Mis \u00e0 jour le 18 juin 2024<\/p>\r\n                <\/div>\r\n            <\/div>\r\n\r\n            <div class=\"row\">\r\n                <div class=\"col-lg-8\">\r\n                    <p class=\"display-4\">\u00cates-vous pr\u00e9occup\u00e9 par vos factures d\u2019Hydro? Vous demandez-vous s\u2019il y a une mani\u00e8re de r\u00e9duire les co\u00fbts? \u00c0 l\u2019heure actuelle, les gens sont nombreux \u00e0 prendre en consid\u00e9ration les panneaux solaires \u00e0 titre de source d\u2019\u00e9nergie alternative. Ressource renouvelable, l\u2019\u00e9nergie solaire constitue un moyen int\u00e9ressant de r\u00e9duire les \u00e9missions \u00e0 effet de serre d\u2019une habitation.<\/p>\r\n                    <p class=\"pt-2\"><img decoding=\"async\" src=\"https:\/\/cdn.squareone.ca\/wp-content\/uploads\/2021\/10\/05115047\/solar-panels-for-your-home.jpg\" alt=\"Deux entrepreneurs installent des panneaux solaires sur un toit sous un ciel clair\" width=\"248px\"  class=\"img-fluid\" rel=\"noopener noreferrer\" \/><\/p>\r\n                <\/div>\r\n\t\t\t\t\r\n                <div class=\"col-lg-3 offset-lg-1\">\r\n                    <p class=\"mb-2 display-4 pt-4 pt-lg-0 pt-mb-0\"><strong>Th\u00e8mes<\/strong><\/p>\r\n                    <ul class=\"list-unstyled link-list display-4\">\r\n                <li><a href='#Solar-pros-cons'>Avantages et inconv\u00e9nients<\/a><\/li>\r\n                <li><a href='#Panel-installation'>Installation<\/a><\/li>\r\n                <li><a href='#Get-solar-panels'>Achat<\/a><\/li>\r\n                <li><a href='#SolarPanel_FAQ'>Questions fr\u00e9quemment pos\u00e9es<\/a><\/li>\r\n\t\t\t\t<\/ul>\r\n                <\/div>\r\n            <\/div>  \r\n        <\/div>\r\n    <\/div>\r\n    <div class=\"bg-bottom\"><\/div>\r\n<\/section>\r\n\r\n<section>\r\n    <div class=\"container-fluid py-6\">\r\n        <div class=\"row\">\r\n            <div class=\"col-12 col-lg-8\">\r\n\r\n<div class=\"row pb-6\">\r\n                    <div class=\"col-12\">\r\n                        <div class=\"card review\" style='background-color:#FFE0C9'>\r\n                            <div class=\"card-body\">\r\n                                <p class=\"h3\">L&rsquo;essentiel<\/p>\r\n                                <ul class='mb-0'>\r\n                                    <li>Bien qu&rsquo;ils n&rsquo;aient pas l&rsquo;allure esth\u00e9tique, les panneaux solaires r\u00e9duiront votre consommation d&rsquo;\u00e9nergie.<\/li>\r\n                                    <li>Les panneaux solaires constituent une fa\u00e7on d&rsquo;\u00e9conomiser sur votre facture Hydro \u00e0 long terme.<\/li>\r\n                                    <li>Les panneaux solaires peuvent augmenter la valeru de revente d&rsquo;une maison.<\/li>\r\n                                <\/ul>\r\n                            <\/div>\r\n                        <\/div>\r\n                    <\/div>\r\n                <\/div>\r\n            \r\n    \t\t<h2 id=\"Solar-pros-cons\">Les avantages et inconv\u00e9nients des panneaux solaires<\/h2>\r\n    \t\t\t\r\n                <h3>Esth\u00e9tique<\/h3> \r\n\r\n                <p>Par le pass\u00e9, les <a href=\"https:\/\/fr.wikipedia.org\/wiki\/Panneau_solaire\" title=\"Panneau solaire\" rel=\"noopener noreferrer\" target=\"_blank\">panneaux solaires<\/a> n\u2019\u00e9taient pas tr\u00e8s populaires en raison de leur apparence plut\u00f4t laide. Cependant, au fil des ans, les fabricants trouvaient de meilleures fa\u00e7ons d\u2019incorporer \u00e9l\u00e9gamment les panneaux solaires dans la <a href=\"\/fr\/centres-ressources\/ameliorations-domiciliaires\/types-de-toiture\" title=\"Types de toiture\">toiture de la maison<\/a>.<\/p>\r\n\r\n                <p>Plut\u00f4t de prendre une d\u00e9cision h\u00e2tive bas\u00e9e sur la perception historique des panneaux solaires, examinez les solutions offertes sur le march\u00e9.<\/p>\r\n\r\n                <h3>Prix<\/h3> \r\n\r\n                <p>Au d\u00e9but, les panneaux solaires en Am\u00e9rique du Nord \u00e9taient dispendieux et tr\u00e8s co\u00fbteux \u00e0 installer.<\/p>\r\n\r\n                <p>Pourtant, les prix des panneaux solaires ont chut\u00e9 de 70\u00a0% depuis 2014, une baisse consid\u00e9rable. <\/p>\r\n\r\n                <h3>\u00c9conomies possibles<\/h3>\r\n\r\n                <p>Sachez que vous ne verrez pas d&rsquo;\u00e9conomies imm\u00e9diates\u00a0: les \u00e9conomies que vous r\u00e9aliserez avec les panneaux solaires seront des \u00e9conomies \u00e0 long terme.<\/p> \r\n\r\n                <p>Les \u00e9conomies se verront sur votre facture d\u2019Hydro. Vous pouvez calculer vos \u00e9ventuelles \u00e9conomies en fonction de votre tarif d\u2019\u00e9lectricit\u00e9 en kilowattheures (kWh). <\/p>\r\n\r\n                <p>Ensuite, il faut estimer votre consommation d\u2019\u00e9nergie moyenne. Le m\u00e9nage typique au Qu\u00e9bec consomme environ <a href=\"https:\/\/www150.statcan.gc.ca\/n1\/daily-quotidien\/220502\/dq220502b-fra.htm\" title=\"Enqu\u00eate sur les m\u00e9nages et l'environnement : utilisation de l'\u00e9nergie, 2019\" rel=\"noopener noreferrer\" target=\"_blank\">1\u00a0450\u00a0kWh par mois<\/a>. Bien entendu, la superficie de votre habitation, entre autres facteurs, influence consid\u00e9rablement ce chiffre. Vous pouvez toujours trouver votre utilisation d\u2019\u00e9nergie mensuelle r\u00e9elle sur votre facture d\u2019Hydro.<\/p>\r\n\r\n                    <img decoding=\"async\" loading=\"lazy\" src=\"https:\/\/cdn.squareone.ca\/wp-content\/uploads\/2017\/04\/11090624\/Solar-Panel-Pros-and-Cons.jpg\" alt=\"Une infographie d\u00e9montrant un panneau solaire dans une maison, illustrant comment la lumi\u00e8re est convertie en \u00e9nergie pour chauffer l'eau\" width=\"800\" height=\"533\" class=\"img-fluid mb-4\" \/>\r\n\r\n                <p>La performance des panneaux solaires continue \u00e0 faire du progr\u00e8s; bon nombre de mod\u00e8les affichent des taux de conversion \u00e0 l\u2019\u00e9lectricit\u00e9 de <a href=\"https:\/\/produitsmaison.ca\/meilleur-panneau-solaire\/\" title=\"Le meilleur panneau solaire au Canada\" rel=\"noopener noreferrer\" target=\"_blank\">plus de 20\u00a0%<\/a>.<\/p> \r\n\r\n                <p>Afin d\u2019estimer le nombre de panneaux solaires dont vous avez besoin pour votre domicile, vous pouvez vous servir d\u2019une <a href=\"https:\/\/ca.renogy.com\/calculators\/\" title=\"Renogy solar calculator\" rel=\"noopener noreferrer\" target=\"_blank\">calculatrice solaire<\/a>.<\/p>\r\n\r\n                <p>La comparaison des frais d\u2019\u00e9lectricit\u00e9 mensuels ne fait qu\u2019une partie de l\u2019\u00e9quation, toutefois. Il faut \u00e9galement tenir compte des frais d\u2019installation du nouveau syst\u00e8me d\u2019\u00e9nergie solaire.<\/p>\r\n\r\n                <h2 id=\"Panel-installation\">Installation des panneaux solaires<\/h2>\r\n    \t\t\t\r\n                <h3>Co\u00fbts<\/h3>\r\n\r\n                <p>L\u2019installation d\u2019un syst\u00e8me d\u2019alimentation solaire sur votre toit peut \u00eatre dispendieuse. Apr\u00e8s tout, vous payez la pr\u00e9paration du toit, l\u2019installation et le syst\u00e8me \u00e9lectrique.<\/p> \r\n\r\n                <p>En 2018, la R\u00e9gie de l\u2019\u00e9nergie du Canada a estim\u00e9 que le co\u00fbt d\u2019installation d\u2019un panneau solaire r\u00e9sidentiel de 5\u00a0kW \u00e9taient de <a href=\"https:\/\/www.cer-rec.gc.ca\/fr\/donnees-analyse\/marches-energetiques\/apercu-marches\/2018\/apercu-marche-systemes-solaires-residentiels-rentables-dans-certains-territoires-provinces-non-rentables-dans-dautres.html\" title=\"R\u00e9gie de l\u2019\u00e9nergie du Canada : Aper\u00e7u du march\u00e9\" rel=\"noopener noreferrer\" target=\"_blank\">15\u00a0000\u00a0$<\/a> environ. La R\u00e9gie pr\u00e9voit que les prix continueront \u00e0 baisser.<\/p>\r\n\r\n                <p>Il y a de nombreux march\u00e9s solaires en ligne qui vous aideront \u00e0 comparer les prix et les frais d\u2019installation de divers syst\u00e8mes. Muni de ces donn\u00e9es, vous pouvez d\u00e9terminer le temps n\u00e9cessaire avant que le syst\u00e8me devienne rentable.<\/p>\r\n\r\n                <h3>Consid\u00e9rations en ce qui concerne la revente de la maison<\/h3> \r\n\r\n                <p>Il existe de nombreuses \u00e9tudes qui d\u00e9montrent comment les panneaux solaires influencent la valeur de revente d\u2019une maison. Les conclusions d\u2019une \u00e9tude fran\u00e7aise d\u00e9montraient que la pr\u00e9sence d\u2019un syst\u00e8me solaire a fait monter la valeur de revente en France de <a href=\"https:\/\/dualsun.com\/blog\/aide-fiscalite\/revendre-installation-solaire-valorisation-maison\/\" title=\"Revendre et Racheter une installation solaire : valorisation de la maison et d\u00e9marches\" rel=\"noopener noreferrer\" target=\"_blank\">6\u00a0% \u00e0 14\u00a0%<\/a> et de 3,74\u00a0% dans 6 \u00e9tats aux \u00c9tats-Unis.<\/p>\r\n\r\n                <p>Cela s\u2019ajoute aux \u00e9conomies d\u2019\u00e9nergie r\u00e9alis\u00e9es de l\u2019utilisation du syst\u00e8me. Dans l\u2019ensemble, bon nombre de <a href=\"\/fr\/proprietaire-occupant\" title=\"Assurance propri\u00e9taire occupant\">propri\u00e9taires occupants<\/a> ont des chances de tirer profit des panneaux solaires, du moins au moyen au long terme.<\/p>\r\n\r\n            <\/div>\r\n        <\/div>\r\n    <\/div>\r\n<\/section>\r\n\r\n\t<section class=\"bg-transparent\">\n\t\t<img decoding=\"async\" src=\"\/sales\/images\/bgs\/bg-mid-page-cta-general-top.svg\" style=\"width: 100%; vertical-align: bottom; position: relative; top: 1px\"\/>\n\t\t\n\t\t<div class=\"bg-darkTeal py-3\">\t\t\t\n\t\t\t<div class=\"container-fluid\">\n\t\t\t\t<div class=\"row d-flex align-items-center pb-5\">\n\t\t\t\t\t<div class=\"col-12 col-md-8 offset-md-2 px-lg-5 pb-5 pb-lg-0\">\n\t\t\t\t\t\t<div class=\"h6 mb-4 text-primary text-uppercase text-center\">\n\t\t\t\t\t\t\tCela ne prend que 5\u00a0minutes \n\t\t\t\t\t\t<\/div>\t\t\n\t\t\t\t\t\t\t\t\t\t\t\n\t\t\t\t\t\t<p class=\"lead px-lg-5 text-white\">\n\t\t\t\t\t\t\t<strong class=\"d-inline-block text-uc-first\">Pr\u00eat \u00e0 obtenir une soumission en ligne? <\/strong> Votre temps est aussi pr\u00e9cieux que vos possessions. Obtenez une soumission d'assurance habitation en <strong>5 minutes<\/strong>. C\u2019est moins de temps qu\u2019il n\u2019en faut pour faire la file pour un caf\u00e9.\n\t\t\t\t\t\t<\/p>\t\t\t\n\t\n\t\t\t\t\t\t<div id=\"sq1-qw-f217549e59aa\" class=\"sq1-quote-widget mb-4 text-white\" data-quote-widget-type=\"HOME\" data-has-custom-text=\"true\">\n\t\t\t\t\t\t\t<div class=\"input-group input-group-focus-within bg-white my-4\">\n\t\t\t\t\t\t\t\t<div>\n\t\t\t\t\t\t\t\t\t<div class=\"input-group-text\">\n\t\t\t\t\t\t\t\t\t\t<i class=\"fa fa-map-marker d-block text-black\"><\/i>\n\t\t\t\t\t\t\t\t\t<\/div>\n\t\t\t\t\t\t\t\t<\/div>\n\t\t\t\t\t\t\t\t<input type=\"text\" class=\"form-control\" style=\"padding: 10px;\" placeholder=\"Enter an address\" aria-label=\"Inscrivez votre adresse pour obtenir une soumission\"\/>\n\t\t\t\t\t\t\t\t<div>\n\t\t\t\t\t\t\t\t\t<button class=\"btn btn-primary\">Obtenir une soumission en ligne d\u00e8s maintenant<\/button>\n\t\t\t\t\t\t\t\t<\/div>\n\t\t\t\t\t\t\t<\/div>\n\t\t\t\t\t\t<\/div>\n\t\t\t\t\t\t\n\t\t\t\t\t\t<p class=\"small text-white\">Avant de commencer, veuillez lire notre <a href=\"https:\/\/www.squareone.ca\/fr\/politique-confidentialite\" target=\"_blank\" rel=\"noreferrer noopener\">Politique de confidentialit\u00e9<\/a> et nos <a href=\"https:\/\/www.squareone.ca\/fr\/conditions-utilisation\" target=\"_blank\" rel=\"noreferrer noopener\">Conditions d\u2019utilisation<\/a>.<\/p>\t\n\t\n\t\t\t\t\t\t<script type=\"text\/javascript\">\n\t\t\t\t\t\t(function() {\n\t\t\t\t\t\t\tdocument.addEventListener('soiMiscJsLoaded', function() {\n\t\t\t\t\t\t        $(document).ready(function() {\n\t\t\t\t\t\t\t\t\tsoiQuoteWidget.processFormWidget('\/sales\/index.php\/json_quote_widget?rand=' +Math.random(), 'qwContainer'); \/\/populate quoting widget with content from symfony.\n\t\t\t\t\t\t\t\t});\n\t\t\t\t\t\t\t});\n\t\t\t\t\t\t})();\n\t\t\t\t\t\t<\/script>\n\t\t\t\t\t<\/div>\n\t\t\t\t<\/div>\n\t\t\t<\/div>\n\t\t<\/div>\n\t\t\n\t\t<img decoding=\"async\" src=\"\/sales\/images\/bgs\/bg-mid-page-cta-general-bottom.svg\" style=\"width: 100%; vertical-align: top\"\/>\t\t\n\t<\/section>\r\n\r\n<section>\r\n    <div class=\"container-fluid py-6\">\r\n        <div class=\"row\">\r\n            <div class=\"col-12 col-lg-8\">\r\n            \t\t\r\n    \t\t<h2 id=\"Get-solar-panels\">Comment se procurer des panneaux solaires<\/h2>\r\n\r\n                    <img decoding=\"async\" loading=\"lazy\" src=\"https:\/\/cdn.squareone.ca\/wp-content\/uploads\/2017\/04\/11091011\/How-To-Get-Solar-Panels-for-Your-Home.jpg\" alt=\"Une maison \u00e9quip\u00e9e de panneaux solaires install\u00e9s sur le toit\" width=\"800px\" class=\"img-fluid mb-4\" \/>\r\n\r\n                <p>Si vous pensez \u00e0 installer un syst\u00e8me d\u2019\u00e9nergie solaire dans votre maison, l\u2019achat des panneaux n\u2019est pas l\u2019unique aspect \u00e0 peser. Prenez en consid\u00e9ration ces trois moyens d\u2019acc\u00e9der \u00e0 l\u2019\u00e9nergie solaire.<\/p>\r\n\r\n                <h3>Achat<\/h3> \r\n\r\n                <p>Si vous vous procurez un syst\u00e8me d\u2019\u00e9nergie solaire, les panneaux et l\u2019\u00e9lectricit\u00e9 g\u00e9n\u00e9r\u00e9e vous appartiendront pendant la dur\u00e9e de vie de 20 \u00e0 30\u00a0ans du syst\u00e8me. Il s\u2019agit du moyen le plus \u00e9conomique d\u2019effectuer la transition \u00e0 l\u2019\u00e9nergie solaire au long terme. Plusieurs provinces offrent des rabais fiscaux ou g\u00e9n\u00e9raux pour les personnes optant pour l\u2019\u00e9nergie solaire. Vous pouvez vous renseigner aupr\u00e8s de votre gouvernement provincial.<\/p>\r\n\r\n                <h3>Location<\/h3> \r\n\r\n                <p>Vous pouvez r\u00e9aliser \u00e9norm\u00e9ment d\u2019\u00e9conomies en louant des panneaux solaires. En \u00e9change d\u2019un contrat \u00e0 long terme, la compagnie de location installera les panneaux sans frais et les entretiendront. Vous profiterez des \u00e9conomies mensuelles sur votre facture d\u2019Hydro, mais la compagnie de location sera le propri\u00e9taire des panneaux et recevra tous les cr\u00e9dits d\u2019imp\u00f4t. En revanche, il n\u2019y a aucun acompte ou investissement de votre part.<\/p>\r\n\r\n                <h3>Collectivit\u00e9 solaire<\/h3> \r\n\r\n                <p>Si vous vivez dans un appartement ou une <a href=\"\/fr\/coproprietaire\" title=\"Assurance copropri\u00e9taire\">copropri\u00e9t\u00e9<\/a>, l\u2019installation des panneaux solaires n\u2019est pas possible. Toutefois, vous pouvez profiter de l\u2019\u00e9nergie solaire collective en l\u2019achetant d\u2019une centrale solaire. Vous recevrez un rabais par rapport \u00e0 votre tarif d\u2019\u00e9lectricit\u00e9, mais vous obtiendrez moins d\u2019\u00e9conomies comparativement aux deux premi\u00e8res solutions.<\/p>   \r\n\r\n                <p>Si vous d\u00e9cidez d\u2019installer des panneaux solaires, vous faites quelque chose de positif pour la plan\u00e8te tout en r\u00e9duisant vos d\u00e9penses.<\/p>\r\n\r\n    \t\t<h2 id=\"SolarPanel_FAQ\">Questions fr\u00e9quemment pos\u00e9es<\/h2>\r\n\r\n                <h3>Les panneaux solaires sont-ils recyclables?<\/h3>\r\n\r\n                <p>\u00c0 peu pr\u00e8s 90\u00a0% de la masse d\u2019un panneau solaire est recyclable. Les panneaux solaires sont faits de mati\u00e8res comme le cuivre, l\u2019aluminium, l\u2019acier et le verre, pour la plupart. Ces mati\u00e8res peuvent \u00eatre recycl\u00e9es ou r\u00e9utilis\u00e9es en fin de vie du panneau.<\/p>\r\n\r\n                <h3>Les panneaux solaires fonctionnent-ils durant la nuit?<\/h3>\r\n\r\n                <p>Les panneaux solaires ne g\u00e9n\u00e8rent pas d\u2019\u00e9lectricit\u00e9 pendant la nuit. Cependant, l\u2019\u00e9nergie g\u00e9n\u00e9r\u00e9e pendant le jour peut \u00eatre entrepos\u00e9e pour l\u2019utilisation nocturne ou pendant les jours nuageux.<\/p>\r\n\r\n                <h3>Comment les panneaux solaires g\u00e9n\u00e8rent-ils de l\u2019\u00e9lectricit\u00e9?<\/h3>\r\n\r\n                <p>Les panneaux solaires emploient la technologie photovolta\u00efque pour g\u00e9n\u00e9rer l\u2019\u00e9lectricit\u00e9. Les cellules photovolta\u00efques convertissent la lumi\u00e8re du soleil en \u00e9lectricit\u00e9 au niveau atomique. Ces cellules absorbent les photons de la lumi\u00e8re et d\u00e9chargent des \u00e9lectrons qui sont capt\u00e9s et utilis\u00e9s comme courant \u00e9lectrique.<\/p>\r\n\r\n                <p><strong>Vous voulez en savoir plus?<\/strong> Consultez notre <a href=\"\/fr\/centres-ressources\/ameliorations-domiciliaires\" title=\"Centre de ressources : am\u00e9liorations domiciliaires\">Centre de ressources&nbsp;: am\u00e9liorations domiciliaires<\/a> pour des tuyaux et de l'inspiration pour votre prochain projet de r\u00e9novation. Ensuite, <a href=\"\/fr\/soumission-assurance-habitation-en-ligne\" title=\"Obtenir une soumission d\u2019assurance habitation en ligne\">obtenez une soumission d'assurance habitation en ligne<\/a> en moins de 5\u00a0minutes et d\u00e9couvrez \u00e0 quel point l\u2019assurance habitation personnalis\u00e9e peut \u00eatre abordable.<\/p>\r\n\r\n                <div class=\"row py-3\">\r\n<div class=\"col-12\">\r\n<div class=\"card review\" style=\"box-shadow: 0 2px 4px rgba(0,0,0,0.07);background-color:#f4f4f4;\">\r\n<div class=\"card-body\">\r\n\t<p class=\"text-primary h4\">\u00c0 propos de l\u2019expert&nbsp;: Matt Hope<\/p>\r\n\t<p>Cofondateur et chef de l\u2019exploitation de FindEnergy.com, une compagnie qui informe les consommateurs de la source de leur \u00e9nergie et le prix de l\u2019\u00e9nergie relativement aux zones avoisinantes. Pour b\u00e2tir la compagnie FindEnergy.com, Matt a pass\u00e9 presque trois ans \u00e0 d\u00e9chiffrer les donn\u00e9es sur l\u2019\u00e9nergie recueillies par diverses agences gouvernementales.<\/p>\r\n<\/div>\r\n<\/div>\r\n<\/div>\r\n<\/div>\r\n\r\n            <\/div>\r\n        <\/div>\r\n    <\/div>\r\n<\/section>\r\n<script type=\"application\/ld+json\">\r\n{\r\n  \"@context\": \"https:\/\/schema.org\",\r\n  \"@type\": \"FAQPage\",\r\n  \"mainEntity\": [{\r\n    \"@type\": \"Question\",\r\n    \"name\": \"Les panneaux solaires sont-ils recyclables?\",\r\n    \"acceptedAnswer\": {\r\n      \"@type\": \"Answer\",\r\n      \"text\": \"\u00c0 peu pr\u00e8s 90\u00a0% de la masse d\u2019un panneau solaire est recyclable. Les panneaux solaires sont faits de mati\u00e8res comme le cuivre, l\u2019aluminium, l\u2019acier et le verre, pour la plupart. Ces mati\u00e8res peuvent \u00eatre recycl\u00e9es ou r\u00e9utilis\u00e9es en fin de vie du panneau.\"\r\n    }\r\n  },{\r\n    \"@type\": \"Question\",\r\n    \"name\": \"Les panneaux solaires fonctionnent-ils durant la nuit?\",\r\n    \"acceptedAnswer\": {\r\n      \"@type\": \"Answer\",\r\n      \"text\": \"Les panneaux solaires ne g\u00e9n\u00e8rent pas d\u2019\u00e9lectricit\u00e9 pendant la nuit. Cependant, l\u2019\u00e9nergie g\u00e9n\u00e9r\u00e9e pendant le jour peut \u00eatre entrepos\u00e9e pour l\u2019utilisation nocturne ou pendant les jours nuageux.\"\r\n    }\r\n  },{\r\n    \"@type\": \"Question\",\r\n    \"name\": \"Comment les panneaux solaires g\u00e9n\u00e8rent-ils de l\u2019\u00e9lectricit\u00e9?\",\r\n    \"acceptedAnswer\": {\r\n      \"@type\": \"Answer\",\r\n      \"text\": \"Les panneaux solaires emploient la technologie photovolta\u00efque pour g\u00e9n\u00e9rer l\u2019\u00e9lectricit\u00e9. Les cellules photovolta\u00efques convertissent la lumi\u00e8re du soleil en \u00e9lectricit\u00e9 au niveau atomique. Ces cellules absorbent les photons de la lumi\u00e8re et d\u00e9chargent des \u00e9lectrons qui sont capt\u00e9s et utilis\u00e9s comme courant \u00e9lectrique.\"\r\n    }\r\n  }]\r\n}\r\n<\/script>\r\n<script type=\"application\/ld+json\">\r\n{\r\n     \"@context\": \"https:\/\/schema.org\",\r\n    \"@type\": \"WebPage\",\r\n    \"mainEntityOfPage\": {\r\n        \"@type\": \"Article\",\r\n        \"@id\": \"https:\/\/www.squareone.ca\/fr\/centres-ressources\/ameliorations-domiciliaires\/panneaux-solaires\"\r\n    },\r\n    \"author\": [\r\n        {\r\n            \"@type\": \"Person\",\r\n            \"name\": \"Square One team\"\r\n        }\r\n    ],\r\n    \"reviewedBy\": [\r\n        {\r\n            \"@type\": \"Person\",\r\n            \"name\": \"Matt Hope\",\r\n            \"url\": \"https:\/\/www.squareone.ca\/fr\/a-propos-de-nous\/experts#energy\"\r\n        }\r\n    ],\r\n    \"headline\": \"Les avantages et inconv\u00e9nients des panneaux solaires\",\r\n  \"datePublished\": \"\",\r\n  \"dateModified\": \"\",\r\n    \"inLanguage\": \"fr-CA\",\r\n    \"isAccessibleForFree\": true\r\n}\r\n<\/script>\r\n\r\n","protected":false},"excerpt":{"rendered":"<p>Les avantages et inconv\u00e9nients des panneaux solaires \u00c9valu\u00e9 par Matt Hope \u00cates-vous pr\u00e9occup\u00e9 par vos factures d\u2019Hydro? Vous demandez-vous s\u2019il y a une mani\u00e8re de r\u00e9duire les co\u00fbts? \u00c0 l\u2019heure actuelle, les gens sont nombreux \u00e0 prendre en consid\u00e9ration les panneaux solaires \u00e0 titre de source d\u2019\u00e9nergie alternative. Ressource renouvelable, l\u2019\u00e9nergie solaire constitue un moyen [&hellip;]<\/p>\n","protected":false},"author":2,"featured_media":61674,"parent":53497,"menu_order":0,"comment_status":"closed","ping_status":"closed","template":"page-article-new.php","meta":{"_acf_changed":false,"footnotes":""},"class_list":["post-61669","page","type-page","status-publish","has-post-thumbnail","hentry"],"acf":[],"_links":{"self":[{"href":"https:\/\/www.squareone.ca\/fr\/wp-json\/wp\/v2\/pages\/61669","targetHints":{"allow":["GET"]}}],"collection":[{"href":"https:\/\/www.squareone.ca\/fr\/wp-json\/wp\/v2\/pages"}],"about":[{"href":"https:\/\/www.squareone.ca\/fr\/wp-json\/wp\/v2\/types\/page"}],"author":[{"embeddable":true,"href":"https:\/\/www.squareone.ca\/fr\/wp-json\/wp\/v2\/users\/2"}],"replies":[{"embeddable":true,"href":"https:\/\/www.squareone.ca\/fr\/wp-json\/wp\/v2\/comments?post=61669"}],"version-history":[{"count":16,"href":"https:\/\/www.squareone.ca\/fr\/wp-json\/wp\/v2\/pages\/61669\/revisions"}],"predecessor-version":[{"id":76925,"href":"https:\/\/www.squareone.ca\/fr\/wp-json\/wp\/v2\/pages\/61669\/revisions\/76925"}],"up":[{"embeddable":true,"href":"https:\/\/www.squareone.ca\/fr\/wp-json\/wp\/v2\/pages\/53497"}],"wp:featuredmedia":[{"embeddable":true,"href":"https:\/\/www.squareone.ca\/fr\/wp-json\/wp\/v2\/media\/61674"}],"wp:attachment":[{"href":"https:\/\/www.squareone.ca\/fr\/wp-json\/wp\/v2\/media?parent=61669"}],"curies":[{"name":"wp","href":"https:\/\/api.w.org\/{rel}","templated":true}]}}