{"id":61732,"date":"2023-01-31T12:01:01","date_gmt":"2023-01-31T20:01:01","guid":{"rendered":"https:\/\/www.squareone.ca\/electromenagers-intelligents"},"modified":"2025-09-23T15:23:36","modified_gmt":"2025-09-23T22:23:36","slug":"electromenagers-intelligents","status":"publish","type":"page","link":"https:\/\/www.squareone.ca\/fr\/centres-ressources\/ameliorations-domiciliaires\/electromenagers-intelligents","title":{"rendered":"Les \u00e9lectrom\u00e9nagers intelligents valent-ils le co\u00fbt?"},"content":{"rendered":"<section id='intro' class=\"bg-shape-split bg-sub-page-hero\">\r\n    <div class=\"bg-position\">\r\n        <div class=\"container-fluid\">\r\n            <div class=\"row align-items-center\">\r\n                <div class=\"col-12 col-lg-8\">\r\n                    <h1>Les \u00e9lectrom\u00e9nagers intelligents valent-ils le co\u00fbt?<\/h1>\r\n  <strong>Article r\u00e9dig\u00e9 par l'\u00e9quipe de Square One<\/strong>\r\n                    <p><strong>\u00c9valu\u00e9 par <a title=\"Expert : Jason Plante\" href=\"\/fr\/a-propos-de-nous\/experts#appliance\">Jason Plante<\/a><\/strong><\/p>\r\n                    <p class=\"pb-4\" style=\"margin-top:-24px\">Mis \u00e0 jour le 14 mars 2023<\/p>\r\n                <\/div>\r\n            <\/div>\r\n\r\n            <div class=\"row\">\r\n                <div class=\"col-lg-8\">\r\n                    <p class=\"display-4\">Aux ann\u00e9es 1960, la s\u00e9rie t\u00e9l\u00e9vis\u00e9e d\u2019animation Les Jetson mettait en sc\u00e8ne la vie d\u2019une famille au futur. La famille avait une voiture volante sans chauffeur et les \u00e9lectrom\u00e9nagers automatis\u00e9s pr\u00e9paraient et servaient les repas.<\/p>\r\n                    <p class=\"display-4\">Plus de 50\u00a0ans plus tard, on se demande si cette r\u00e9alit\u00e9 automatis\u00e9e est arriv\u00e9e alors que les \u00e9lectrom\u00e9nagers intelligents deviennent de plus en plus r\u00e9pandus, \u00e9quip\u00e9s de fonctionnalit\u00e9s qui pr\u00e9voient vos besoins ou vous permettent de les contr\u00f4ler \u00e0 distance. Toutefois, la maison intelligente ou la domotique, o\u00f9 les \u00e9lectrom\u00e9nagers communiquent avec un assistant automatis\u00e9, n\u2019est pas aussi r\u00e9pandue que pr\u00e9vue.<\/p> \r\n                     <p class=\"pt-2\"><img decoding=\"async\" src=\"https:\/\/cdn.squareone.ca\/wp-content\/uploads\/2021\/10\/05115251\/Are-Smart-Home-Appliances-Worth-It.jpg\" alt=\"Un t\u00e9l\u00e9phone intelligent affichant des commandes d'\u00e9lectros intelligentes \u00e0 c\u00f4t\u00e9 de divers \u00e9lectros intelligents dont un frigo, une machine \u00e0 laver, un four et une t\u00e9l\u00e9.\" width=\"248px\" class=\"img-fluid\" rel=\"noopener noreferrer\" \/><\/p>\r\n                <\/div>\r\n\r\n                <div class=\"col-lg-3 offset-lg-1\">\r\n                    <p class=\"mb-2 display-4 pt-4 pt-lg-0 pt-mb-0\"><strong>Th\u00e8mes<\/strong><\/p>\r\n                    <ul class=\"list-unstyled link-list display-4\">\r\n                        <li><a href='#Washer-dryer'>Laveuses et s\u00e9cheuses intelligentes<\/a><\/li>\r\n                        <li><a href='#Fridge-freezer'>R\u00e9frig\u00e9rateurs et cong\u00e9lateurs intelligents<\/a><\/li>\r\n                        <li><a href='#Stove-oven'>Cuisiniers et fours intelligents<\/a><\/li>\r\n                        <li><a href='#Worth-it'>Les \u00e9lectrom\u00e9nagers intelligents valent-ils le co\u00fbt?<\/a><\/li>\r\n                    <\/ul>\r\n                <\/div>\r\n            <\/div>  \r\n        <\/div>\r\n    <\/div>\r\n    <div class=\"bg-bottom\"><\/div>\r\n<\/section>\r\n\r\n<section>\r\n    <div class=\"container-fluid py-6\">\r\n        <div class=\"row\">\r\n            <div class=\"col-12 col-lg-8\">\r\n<div class=\"row pb-6\">\r\n                    <div class=\"col-12\">\r\n                        <div class=\"card review\" style='background-color:#FFE0C9'>\r\n                            <div class=\"card-body\">\r\n                                <p class=\"h3\">L&rsquo;essentiel<\/p>\r\n                                <ul class='mb-0'>\r\n                                    <li>Les \u00e9lectrom\u00e9nagers intelligents sont informatis\u00e9s et comprennent plusieurs fonctionnalit\u00e9s de personnalisation \u00e9lectronique et d&rsquo;intercommunication avec d&rsquo;autres appareils.<\/li>\r\n                                    <li>Il n&rsquo;existe pas de norme universelle pour les \u00e9lectrom\u00e9nagers intelligents, alors certains appareils sont plus int\u00e9gr\u00e9s que d&rsquo;autres.<\/li>\r\n                                    <li>Les \u00e9lectrom\u00e9nagers sont plus dispendieux que leurs homologues traditionnels et leur emploi n&rsquo;est pas encore r\u00e9pandu.<\/li>\r\n                                <\/ul>\r\n                            <\/div>\r\n                        <\/div>\r\n                    <\/div>\r\n                <\/div>  \r\n\r\n            <h2 id=\"Washer-dryer\">Laveuses et s\u00e9cheuses intelligentes<\/h2>\r\n                 <img decoding=\"async\" loading=\"lazy\" src=\"https:\/\/cdn.squareone.ca\/wp-content\/uploads\/2017\/10\/20021533\/Smart-Washer.jpg\" alt=\"Une personne se sert d'un t\u00e9l\u00e9phone intelligent pour commander une machine \u00e0 laver avec des v\u00e9tements color\u00e9s dedans.\" width=\"800\" height=\"533\" class=\"img-fluid mb-5\" \/>\r\n            <p>Les laveuses et s\u00e9cheuses deviennent de plus en plus intelligentes avec des interfaces tactiles, des alertes et des applis de t\u00e9l\u00e9phone intelligent. Par exemple, il existe des mod\u00e8les \u00e9quip\u00e9s d\u2019une appli t\u00e9l\u00e9phonique qui vous permet de surveiller \u00e0 distance le progr\u00e8s d\u2019une brass\u00e9e de linge. Vous n\u2019avez plus \u00e0 v\u00e9rifier constamment la machine, car vous recevrez une alerte une fois que la brass\u00e9e aura \u00e9t\u00e9 termin\u00e9e. <\/p> \r\n            <p>Certains mod\u00e8les ont des r\u00e9glages adapt\u00e9s \u00e0 diff\u00e9rents types de taches et donnent des alertes lorsque le conduit de s\u00e9cheuse a besoin de nettoyage et lorsque le d\u00e9tergent est \u00e9puis\u00e9. Vous pouvez m\u00eame les programmer \u00e0 laver votre linge pendant des heures d\u2019utilisation d\u2019\u00e9lectricit\u00e9 hors pointe. R\u00e9sultat\u00a0: vous ferez des \u00e9conomies tout en sauvant la plan\u00e8te.<\/p> \r\n\r\n\r\n            <h2 id=\"Fridge-freezer\">R\u00e9frig\u00e9rateurs et cong\u00e9lateurs intelligents<\/h2>\r\n                <img decoding=\"async\" loading=\"lazy\" src=\"https:\/\/s3-us-west-2.amazonaws.com\/sq1-wordpress-prod\/wp-content\/uploads\/2017\/10\/20021604\/Smart-Refrigerators.jpg\" alt=\"Un \u00e9cran de t\u00e9l\u00e9phone affichant les commandes d'un frigo intelligent\" width=\"800\" height=\"533\" class=\"img-fluid mb-5\" \/>\r\n            <p>Vous pouvez dormir sur les deux oreilles en sachant que votre r\u00e9frig\u00e9rateur fonctionne \u00e0 pleine efficacit\u00e9. Par exemple\u00a0:<\/p> \r\n\t\t\t\r\n            <ul>\r\n                <li><p>Vous pouvez rester hydrat\u00e9 en choisissant un mod\u00e8le avec pichet \u00e0 remplissage automatique; des capteurs informent le r\u00e9frig\u00e9rateur lorsqu\u2019il faut remplir le pichet.<\/p><\/li> \r\n                <li><p>Il y a d\u2019autres capteurs qui remplissent les verres sans renverser l\u2019eau, peu importe la taille du verre. Ils peuvent m\u00eame fournir le montant d\u2019eau exact pour une recette; il suffit d\u2019inscrire les quantit\u00e9s pour que votre verre gradu\u00e9 ne d\u00e9borde jamais!<\/p><\/li> \r\n                <li><p>Que diriez-vous d\u2019un compartiment qui peut changer de frigo \u00e0 cong\u00e9lateur selon votre pr\u00e9f\u00e9rence? C\u2019est pratique pour conserver les baies ou la nourriture en pr\u00e9paration d\u2019un party.<\/p><\/li> \r\n                <li><p>Si vous voulez un r\u00e9frig\u00e9rateur polyvalent, pourquoi ne pas rechercher un mod\u00e8le \u00e9quip\u00e9 d\u2019une sorbeti\u00e8re ou une cafeti\u00e8re? Vous pouvez les trouver sur le march\u00e9.<\/p><\/li> \r\n            <\/ul>\r\n\r\n            <p>Mais ce n\u2019est pas tout! Le frigo est maintenant une source de musique avec des haut-parleurs et une connexion Bluetooth pour vous permettre d\u2019\u00e9couter de la musique et des balados sur votre t\u00e9l\u00e9phone intelligent pendant que vous pr\u00e9parez les repas. De quoi vous faire danser!<\/p> \r\n            <p>Pour certains mod\u00e8les, vous pouvez contr\u00f4ler le frigo \u00e0 l\u2019aide d\u2019une appli. Vous recevrez des alertes si la porte du frigo est ouverte et vous pourrez surveiller la consommation de l\u2019\u00e9nergie et modifier la temp\u00e9rature pour que l\u2019appareil utilise moins de courant pendant les p\u00e9riodes de pointe.<\/p> \r\n            <\/div>\r\n        <\/div>\r\n    <\/div>\r\n<\/section>\r\n\r\n\t<section class=\"bg-transparent\">\n\t\t<img decoding=\"async\" src=\"\/sales\/images\/bgs\/bg-mid-page-cta-general-top.svg\" style=\"width: 100%; vertical-align: bottom; position: relative; top: 1px\"\/>\n\t\t\n\t\t<div class=\"bg-darkTeal py-3\">\t\t\t\n\t\t\t<div class=\"container-fluid\">\n\t\t\t\t<div class=\"row d-flex align-items-center pb-5\">\n\t\t\t\t\t<div class=\"col-12 col-md-8 offset-md-2 px-lg-5 pb-5 pb-lg-0\">\n\t\t\t\t\t\t<div class=\"h6 mb-4 text-primary text-uppercase text-center\">\n\t\t\t\t\t\t\tCela ne prend que 5\u00a0minutes \n\t\t\t\t\t\t<\/div>\t\t\n\t\t\t\t\t\t\t\t\t\t\t\n\t\t\t\t\t\t<p class=\"lead px-lg-5 text-white\">\n\t\t\t\t\t\t\t<strong class=\"d-inline-block text-uc-first\">Pr\u00eat \u00e0 obtenir une soumission en ligne? <\/strong> Votre temps est aussi pr\u00e9cieux que vos possessions. Obtenez une soumission d'assurance habitation en <strong>5 minutes<\/strong>. C\u2019est moins de temps qu\u2019il n\u2019en faut pour faire la file pour un caf\u00e9.\n\t\t\t\t\t\t<\/p>\t\t\t\n\t\n\t\t\t\t\t\t<div id=\"sq1-qw-1ebaf6767a36\" class=\"sq1-quote-widget mb-4 text-white\" data-quote-widget-type=\"HOME\" data-has-custom-text=\"true\">\n\t\t\t\t\t\t\t<div class=\"input-group input-group-focus-within bg-white my-4\">\n\t\t\t\t\t\t\t\t<div>\n\t\t\t\t\t\t\t\t\t<div class=\"input-group-text\">\n\t\t\t\t\t\t\t\t\t\t<i class=\"fa fa-map-marker d-block text-black\"><\/i>\n\t\t\t\t\t\t\t\t\t<\/div>\n\t\t\t\t\t\t\t\t<\/div>\n\t\t\t\t\t\t\t\t<input type=\"text\" class=\"form-control\" style=\"padding: 10px;\" placeholder=\"Enter an address\" aria-label=\"Inscrivez votre adresse pour obtenir une soumission\"\/>\n\t\t\t\t\t\t\t\t<div>\n\t\t\t\t\t\t\t\t\t<button class=\"btn btn-primary\">Obtenir une soumission en ligne d\u00e8s maintenant<\/button>\n\t\t\t\t\t\t\t\t<\/div>\n\t\t\t\t\t\t\t<\/div>\n\t\t\t\t\t\t<\/div>\n\t\t\t\t\t\t\n\t\t\t\t\t\t<p class=\"small text-white\">Avant de commencer, veuillez lire notre <a href=\"https:\/\/www.squareone.ca\/fr\/politique-confidentialite\" target=\"_blank\" rel=\"noreferrer noopener\">Politique de confidentialit\u00e9<\/a> et nos <a href=\"https:\/\/www.squareone.ca\/fr\/conditions-utilisation\" target=\"_blank\" rel=\"noreferrer noopener\">Conditions d\u2019utilisation<\/a>.<\/p>\t\n\t\n\t\t\t\t\t\t<script type=\"text\/javascript\">\n\t\t\t\t\t\t(function() {\n\t\t\t\t\t\t\tdocument.addEventListener('soiMiscJsLoaded', function() {\n\t\t\t\t\t\t        $(document).ready(function() {\n\t\t\t\t\t\t\t\t\tsoiQuoteWidget.processFormWidget('\/sales\/index.php\/json_quote_widget?rand=' +Math.random(), 'qwContainer'); \/\/populate quoting widget with content from symfony.\n\t\t\t\t\t\t\t\t});\n\t\t\t\t\t\t\t});\n\t\t\t\t\t\t})();\n\t\t\t\t\t\t<\/script>\n\t\t\t\t\t<\/div>\n\t\t\t\t<\/div>\n\t\t\t<\/div>\n\t\t<\/div>\n\t\t\n\t\t<img decoding=\"async\" src=\"\/sales\/images\/bgs\/bg-mid-page-cta-general-bottom.svg\" style=\"width: 100%; vertical-align: top\"\/>\t\t\n\t<\/section>\r\n\r\n<section>\r\n    <div class=\"container-fluid py-6\">\r\n        <div class=\"row\">\r\n            <div class=\"col-12 col-lg-8\">\r\n\r\n\r\n            <h2 id=\"Stove-oven\">Cuisiniers et fours intelligents<\/h2>\r\n                <img decoding=\"async\" loading=\"lazy\" src=\"https:\/\/cdn.squareone.ca\/wp-content\/uploads\/2017\/10\/20021643\/Smart-Stoves.jpg\" alt=\"Une femme portant une chemise rouge sourit dans une cuisine pendant qu'un homme fait la cuisine au fond.\" width=\"800\" height=\"533\" class=\"img-fluid mb-5\" \/>\r\n            <p>Apr\u00e8s une longue journ\u00e9e de travail, vous avez envie de jouer avec les enfants ou vous occuper d\u2019autres t\u00e2ches domestiques. Mais vous devez aussi pr\u00e9parer le souper. Heureusement, il existe une appli qui contr\u00f4le le cuisinier\/four. Il suffit de mettre votre plat dans le four. \u00c0 l\u2019aide de l\u2019appli, vous pouvez commander le cuisinier\/four \u00e0 distance pour d\u00e9congeler, faire cuire et faire r\u00f4tir le plat; certains mod\u00e8les ont un r\u00e9glage r\u00e9chaud automatique.<\/p> \r\n            <p>Un minuteur est \u00e9galement pratique pour faire la cuisine \u00e0 distance. Ce dispositif vous donne la possibilit\u00e9 d\u2019allumer et d\u2019\u00e9teindre le four, et de surveiller le progr\u00e8s de vos plats. Vous pouvez \u00e9galement savoir l\u2019heure de pr\u00e9paration approximative de votre plat. Une fois que la cuisson aura \u00e9t\u00e9 termin\u00e9e, vous recevrez un texto ou une alerte sur votre t\u00e9l\u00e9phone intelligent.<\/p> \r\n            <p>Si vous \u00eates \u00e0 court d\u2019inspiration, certaines applis sont \u00e9quip\u00e9es d\u2019une fonctionnalit\u00e9 de suggestion de recettes! Et certains mod\u00e8les vous permettent de modifier la recette en fonction du nombre de personnes que vous recevez. Une fois que vous aurez pr\u00e9par\u00e9 le repas et le four est pr\u00eat, l\u2019appli r\u00e9glera la temp\u00e9rature et le temps de cuisson.<\/p> \r\n            <p>Apr\u00e8s le souper, si vous voulez nettoyer le four, il est possible que l\u2019appli puisse le programmer \u00e0 distance, normalement sur le r\u00e9glage standard. <\/p> \r\n\r\n\r\n            <h2 id=\"Worth-it\">Les \u00e9lectrom\u00e9nagers intelligents valent-ils le co\u00fbt?<\/h2>\r\n                <img decoding=\"async\" loading=\"lazy\" src=\"https:\/\/cdn.squareone.ca\/wp-content\/uploads\/2017\/10\/20021722\/Smart-Appliance-Promise-or-Hype.jpg\" alt=\"Une personne se sert d'un t\u00e9l\u00e9phone intelligent pour commander des \u00e9lectros intelligents avec des ic\u00f4nes repr\u00e9sentant divers appareils affich\u00e9s sur l'\u00e9cran.\" width=\"800\" height=\"533\" class=\"img-fluid mb-5\" \/>\r\n            <p>Toutes ces fonctionnalit\u00e9s semblent fantastiques, non? Alors, pourquoi les gens ne sont-ils pas plus nombreux \u00e0 utiliser ces produits ou \u00e0 les connecter \u00e0 un assistant automatis\u00e9? Au milieu de 2016, la compagnie Forrester Research a constat\u00e9 que seulement six pour cent des man\u00e8ges aux \u00c9tats-Unis avaient un appareil domotique; la compagnie de recherche pr\u00e9voyait que ce chiffre passerait \u00e0 15 pour cent en 2021.<\/p> \r\n            <p>L\u2019une des raisons pour le manque d\u2019engouement est le co\u00fbt. Pour de nombreux man\u00e8ges, les fonctionnalit\u00e9s suppl\u00e9mentaires ne valent pas le co\u00fbt, \u00e9tant donn\u00e9 que celles-ci se traduisent par des prix plus \u00e9lev\u00e9s. Qui plus est, les \u00e9lectrom\u00e9nagers ne sont pas tout \u00e0 fait parfaits; les consommateurs pr\u00e9f\u00e8rent attendre la r\u00e9solution des p\u00e9pins techniques avant de faire le saut. <\/p> \r\n            <p>Par ailleurs, bon nombre de consommateurs d\u00e9sirent connecter tous leurs \u00e9lectrom\u00e9nagers \u00e0 un seul assistant automatis\u00e9 central. Or, il n\u2019y a pas de norme universelle offerte sur le march\u00e9, alors que les diverses compagnies peaufinent leurs appareils. <\/p> \r\n            <p>Par cons\u00e9quent, le r\u00eave d\u2019une maison intelligente enti\u00e8rement automatis\u00e9e (y compris les \u00e9lectrom\u00e9nagers) n\u2019a pas encore \u00e9t\u00e9 r\u00e9alis\u00e9. \u00c0 la place, nous avons une gamme d\u2019\u00e9lectrom\u00e9nagers et appareils t\u00e9l\u00e9command\u00e9s.<\/p> \r\n\r\n            <p><strong>Vous voulez en savoir plus?<\/strong> Consultez notre <a href=\"\/fr\/centres-ressources\/ameliorations-domiciliaires\" title=\"Centre de ressources : am\u00e9liorations domiciliaires\">Centre de ressources&nbsp;: am\u00e9liorations domiciliaires<\/a> pour des tuyaux et de l'inspiration pour votre prochain projet de r\u00e9novation. Ensuite, <a href=\"\/fr\/soumission-assurance-habitation-en-ligne\" title=\"Obtenir une soumission d\u2019assurance habitation en ligne\">obtenez une soumission d'assurance habitation en ligne<\/a> en moins de 5\u00a0minutes et d\u00e9couvrez \u00e0 quel point l\u2019assurance habitation personnalis\u00e9e peut \u00eatre abordable.<\/p>\r\n\r\n            <div class=\"row py-3\">\r\n<div class=\"col-12\">\r\n<div class=\"card review\" style=\"box-shadow: 0 2px 4px rgba(0,0,0,0.07);background-color:#f4f4f4;\">\r\n<div class=\"card-body\">\r\n    <p class=\"text-primary h4\">\u00c0 propos de l\u2019expert&nbsp;: Jason Plante<\/p>\r\n    <p>Directeur de l\u2019exploitation de Priority Appliance Service Ltd., Jason g\u00e8re une \u00e9quipe de personnel et de techniciens d\u00e9vou\u00e9s. Avant de se joindre \u00e0 Priority, Jason Plante a obtenu une vaste exp\u00e9rience en logistique, en am\u00e9lioration des processus et en analyse des donn\u00e9es. Qui plus est, il a aid\u00e9 \u00e0 b\u00e2tir une compagnie de technologie financi\u00e8re \u00e0 succ\u00e8s, une compagnie qui est pass\u00e9e de 18 \u00e0 plus de 200&nbsp;employees, avant son acquisition par PayPal.<\/p>\r\n<\/div>\r\n<\/div>\r\n<\/div>\r\n<\/div>\r\n\t\t\t\r\n<\/div>\r\n    <\/div>\r\n<\/div>\r\n<\/section>\r\n<script type=\"application\/ld+json\">\r\n{\r\n  \"@context\": \"https:\/\/schema.org\",\r\n  \"@type\": \"WebPage\",\r\n  \"mainEntityOfPage\": {\r\n    \"@type\": \"Article\",\r\n    \"@id\": \"https:\/\/www.squareone.ca\/fr\/centres-ressources\/ameliorations-domiciliaires\/electromenagers-intelligents\"\r\n  },\r\n  \"author\": [\r\n    {\r\n      \"@type\": \"Person\",\r\n      \"name\": \"Square One team\"\r\n    }\r\n  ],\r\n  \"reviewedBy\": [\r\n    {\r\n      \"@type\": \"Person\",\r\n      \"name\": \"Jason Plante\",\r\n      \"url\": \"https:\/\/www.squareone.ca\/fr\/a-propos-de-nous\/experts#appliance\"\r\n    }\r\n  ],\r\n  \"headline\": \"Les \u00e9lectrom\u00e9nagers intelligents valent-ils le co\u00fbt?\",\r\n  \"datePublished\": \"\",\r\n  \"dateModified\": \"\",\r\n  \"inLanguage\": \"fr-CA\",\r\n  \"isAccessibleForFree\": true\r\n}\r\n<\/script>\r\n<script type=\"application\/ld+json\">\r\n{\r\n  \"@context\": \"https:\/\/schema.org\",\r\n  \"@type\": \"FAQPage\",\r\n  \"mainEntity\": {\r\n    \"@type\": \"Question\",\r\n    \"name\": \"Les \u00e9lectrom\u00e9nagers intelligents valent-ils le co\u00fbt?\",\r\n    \"acceptedAnswer\": {\r\n      \"@type\": \"Answer\",\r\n      \"text\": \"Pour de nombreuses personnes, les fonctionnalit\u00e9s suppl\u00e9mentaires ne valent pas le co\u00fbt, \u00e9tant donn\u00e9 que celles-ci se traduisent par des prix plus \u00e9lev\u00e9s. Qui plus est, les \u00e9lectrom\u00e9nagers ne sont pas tout \u00e0 fait parfaits; les consommateurs pr\u00e9f\u00e8rent attendre la r\u00e9solution des p\u00e9pins techniques avant de faire le saut. Par ailleurs, bon nombre de consommateurs d\u00e9sirent connecter tous leurs \u00e9lectrom\u00e9nagers \u00e0 un seul assistant automatis\u00e9 central. Or, il n\u2019y a pas de norme universelle, alors que les diverses compagnies peaufinent leurs appareils.\"\r\n    }\r\n  }\r\n}\r\n<\/script>","protected":false},"excerpt":{"rendered":"<p>Les \u00e9lectrom\u00e9nagers intelligents valent-ils le co\u00fbt? \u00c9valu\u00e9 par Jason Plante Aux ann\u00e9es 1960, la s\u00e9rie t\u00e9l\u00e9vis\u00e9e d\u2019animation Les Jetson mettait en sc\u00e8ne la vie d\u2019une famille au futur. La famille avait une voiture volante sans chauffeur et les \u00e9lectrom\u00e9nagers automatis\u00e9s pr\u00e9paraient et servaient les repas. Plus de 50\u00a0ans plus tard, on se demande si cette [&hellip;]<\/p>\n","protected":false},"author":2,"featured_media":61748,"parent":53497,"menu_order":0,"comment_status":"closed","ping_status":"closed","template":"page-article-new.php","meta":{"_acf_changed":false,"footnotes":""},"class_list":["post-61732","page","type-page","status-publish","has-post-thumbnail","hentry"],"acf":[],"_links":{"self":[{"href":"https:\/\/www.squareone.ca\/fr\/wp-json\/wp\/v2\/pages\/61732","targetHints":{"allow":["GET"]}}],"collection":[{"href":"https:\/\/www.squareone.ca\/fr\/wp-json\/wp\/v2\/pages"}],"about":[{"href":"https:\/\/www.squareone.ca\/fr\/wp-json\/wp\/v2\/types\/page"}],"author":[{"embeddable":true,"href":"https:\/\/www.squareone.ca\/fr\/wp-json\/wp\/v2\/users\/2"}],"replies":[{"embeddable":true,"href":"https:\/\/www.squareone.ca\/fr\/wp-json\/wp\/v2\/comments?post=61732"}],"version-history":[{"count":9,"href":"https:\/\/www.squareone.ca\/fr\/wp-json\/wp\/v2\/pages\/61732\/revisions"}],"predecessor-version":[{"id":76930,"href":"https:\/\/www.squareone.ca\/fr\/wp-json\/wp\/v2\/pages\/61732\/revisions\/76930"}],"up":[{"embeddable":true,"href":"https:\/\/www.squareone.ca\/fr\/wp-json\/wp\/v2\/pages\/53497"}],"wp:featuredmedia":[{"embeddable":true,"href":"https:\/\/www.squareone.ca\/fr\/wp-json\/wp\/v2\/media\/61748"}],"wp:attachment":[{"href":"https:\/\/www.squareone.ca\/fr\/wp-json\/wp\/v2\/media?parent=61732"}],"curies":[{"name":"wp","href":"https:\/\/api.w.org\/{rel}","templated":true}]}}