{"id":61785,"date":"2023-02-03T10:54:34","date_gmt":"2023-02-03T18:54:34","guid":{"rendered":"https:\/\/www.squareone.ca\/appli-square-one"},"modified":"2024-12-09T10:09:28","modified_gmt":"2024-12-09T18:09:28","slug":"appli-square-one","status":"publish","type":"page","link":"https:\/\/www.squareone.ca\/fr\/appli","title":{"rendered":"Appli Square One"},"content":{"rendered":"<section class=\"bg-shape-split bg-sub-page-hero\">\r\n\t\t<div class=\"bg-position\">\r\n\t\t\t<div id='download' class=\"container-fluid\">\r\n\t\t\t\t<h1>L\u2019assurance habitation et auto vient de devenir beaucoup plus facile<\/h1>\r\n\t\t\t\t<p class=\"display-4\"><strong>Voici l\u2019appli mobile de Square One! <\/strong> Toutes les fonctionnalit\u00e9s conviviales de notre site Web que vous adorez sont maintenant accessibles sur votre t\u00e9l\u00e9phone Android ou iOS. Des soumissions aux r\u00e9clamations en passant par la souscription, vous pouvez facilement g\u00e9rer votre assurance habitation et auto&nbsp;: t\u00e9l\u00e9chargez l\u2019appli et commencez d\u00e8s aujourd\u2019hui.<\/p>\r\n\r\n\t\t\t\t<p class='d-lg-none'><a href=\"https:\/\/onelink.to\/5z6m5p\" class=\"btn btn-primary\" rel=\"noopener noreferrer nofollow\" target='new'>T\u00e9l\u00e9chargez l\u2019appli<\/a><\/p>\r\n\t\t\t\t<div class=\"row d-none d-lg-flex pt-6\">\r\n\t\t\t\t\t<div class=\"col-1\"><\/div>\r\n\t\t\t\t\t<div class=\"col-5\"><center>\r\n\t\t\t\t\t\t<p class='text-orange display-4'><strong>T\u00e9l\u00e9chargez l\u2019appli en balayant le code<\/strong><\/p>\r\n\t\t\t\t\t\t<p class=\"pb-6\"><img decoding=\"async\" src=\"https:\/\/cdn.squareone.ca\/wp-content\/uploads\/2023\/03\/02143037\/onelinkto_5z6m5p-large-1.png\" alt=\"T\u00e9l\u00e9charger en num\u00e9risant\"><\/p>\r\n\t\t\t\t\t\r\n\t\t\t\t\t\t<div class=\"row\">\r\n\t\t\t\t\t\t\t<div class=\"col-6\">\r\n\t\t\t\t\t\t\t\t<a href=\"https:\/\/apps.apple.com\/ca\/app\/square-one\/id6443588558\" target=\"new\" title=\"T\u00e9l\u00e9chargez l\u2019appli Square One dans l\u2019App Store\" rel=\"noopener noreferrer nofollow\"><img decoding=\"async\" align=\"right\" src=\"https:\/\/cdn.squareone.ca\/wp-content\/uploads\/2022\/07\/27192220\/logo-app-store-fr.png\" width=\"200\" class=\"img-fluid\" alt=\"Logo de l\u2019App Store\"><\/a>\r\n\t\t\t\t\t\t\t<\/div>\r\n\t\t\t\t\t\t\t<div class=\"col-6\">\r\n\t\t\t\t\t\t\t\t<a href='https:\/\/play.google.com\/store\/apps\/details?id=ca.squareone.home' target='new' title='T\u00e9l\u00e9chargez l\u2019appli Square One sur Google Play' rel=\"noopener noreferrer nofollow\"><img decoding=\"async\" align=\"left\" src=\"https:\/\/cdn.squareone.ca\/wp-content\/uploads\/2022\/07\/27192401\/logo-google-play-fr.png\" width=\"200\" class=\"img-fluid\" alt=\"Logo de Google Play\"><\/a>\r\n\t\t\t\t\t\t\t<\/div>\r\n\t\t\t\t\t\t<\/div>\r\n\t\t\t\t\t<\/div>\r\n\r\n\t\t\t\t\t<div class=\"col-5\"><center><img decoding=\"async\" src=\"https:\/\/cdn.squareone.ca\/wp-content\/uploads\/2023\/03\/24145356\/app-page-fr.png\" width=\"288\" alt=\"Appli Square One\"><\/center><\/div>\r\n\t\t\t\t\t<div class=\"col-1\"><\/div>\r\n\t\t\t\t<\/div>\r\n\r\n\r\n\t\t\t<\/div>\r\n\t\t<\/div>\r\n\t\t<div class=\"bg-bottom\"><\/div>\r\n\t<\/section>\r\n\r\n\t<section class=\"pt-6 xwide-mobile\">\r\n\t\t<div class=\"container-fluid\">\r\n\r\n\t\t\t<div class=\"row\">\r\n\t\t\t\t<div class=\"col-12 mb-3 col-md-1 col-lg-1\">\r\n\t\t\t\t\t<img decoding=\"async\" src=\"https:\/\/cdn.squareone.ca\/wp-content\/uploads\/2021\/07\/07085455\/icon_travel2.png\" class=\"ml-lg-4\" alt=\"Ic\u00f4ne voyage\" width=\"43\">\r\n\t\t\t\t<\/div>\r\n\t\t\t\t<div class=\"col-12 col-md-11 col-lg-5 pb-6\">\r\n\t\t\t\t\t<h2>Obtenez une soumission et souscrivez votre assurance<\/h2>\r\n\t\t\t\t\t<p>Vous \u00eates \u00e0 deux doigts de la premi\u00e8re police d\u2019assurance habitation personnalisable au Canada.<\/p>\r\n\t\t\t\t\t<p>\u00c0 l\u2019aide de l\u2019appli Square One, vous pouvez obtenir une soumission gratuite pour l\u2019assurance habitation, locataire, copropri\u00e9taire ou propri\u00e9taire bailleur en 5&nbsp;minutes seulement. Choisissez vos limitations, franchises et couvertures sp\u00e9ciales, tout en suivant l\u2019\u00e9volution de votre prime en temps r\u00e9el. L\u2019ajout des couvertures facultatives, comme l\u2019assurance entreprise \u00e0 domicile ou la Garantie pour copropri\u00e9taires, est aussi facile.<\/p>\r\n\t\t\t\t\t<p>Si vous \u00eates content de votre soumission (et nous sommes persuad\u00e9s que vous le serez), vous pouvez souscrire votre police sur-le-champ.<\/p>\r\n\t\t\t\t\t<p>Une protection pour votre habitation, votre famille, votre auto et vos affaires est dans la paume de votre main&nbsp;: il suffit de t\u00e9l\u00e9charger l\u2019appli Square One.<\/p>\r\n\t\t\t\t\t<p class='d-lg-flex d-none'><a href=\"#download\">T\u00e9l\u00e9chargez l\u2019appli d\u00e8s maintenant<\/a><\/p>\r\n\t\t\t\t\t<p class='d-lg-none'><a href=\"\" rel=\"noopener noreferrer nofollow\" target='new'>T\u00e9l\u00e9chargez l\u2019appli d\u00e8s maintenant<\/a><\/p>\r\n\t\t\t\t<\/div>\r\n\t\t\t\t<div class=\"col-12 mb-3 col-md-1 col-lg-1\">\r\n\t\t\t\t\t<img decoding=\"async\" src=\"https:\/\/cdn.squareone.ca\/wp-content\/uploads\/2022\/04\/19180231\/icon_income.png\" class=\"ml-lg-4\" alt=\"Ic\u00f4ne sant\u00e9\" width=\"43\">\r\n\t\t\t\t<\/div>\r\n\t\t\t\t<div class=\"col-12 col-md-11 col-lg-5 pb-6\">\r\n\t\t\t\t\t<h2>Pr\u00e9sentez et suivez votre r\u00e9clamation<\/h2>\r\n\t\t\t\t\t<p>Lorsque l\u2019inattendu vous arrive, nous voulons vous aider \u00e0 vous remettre sur pied le plus rapidement et le moins p\u00e9niblement possible. Pour cette raison, nous avons facilit\u00e9 la pr\u00e9sentation de r\u00e9clamations par l\u2019entremise de l\u2019appli Square One.<\/p>\r\n\t\t\t\t\t<p>Vous n\u2019avez qu\u2019\u00e0 fournir l\u2019information de base \u00e0 l\u2019aide de l\u2019appli; votre expert en sinistres communiquera avec vous (dans un d\u00e9lai de 2&nbsp;heures s\u2019il s\u2019agit d\u2019une urgence). Vous pouvez \u00e9galement utiliser l\u2019appli pour suivre le progr\u00e8s de votre r\u00e9clamation.<\/p>\r\n\t\t\t\t\t<p>Nous nous engageons \u00e0 offrir un service de r\u00e9clamations juste et efficace qui est encore plus facile avec l\u2019appli.<\/p>\r\n\t\t\t\t\t<p class='d-lg-flex d-none'><a href=\"#download\">T\u00e9l\u00e9chargez l\u2019appli d\u00e8s maintenant<\/a><\/p>\r\n\t\t\t\t\t<p class='d-lg-none'><a href=\"\" rel=\"noopener noreferrer nofollow\" target='new'>T\u00e9l\u00e9chargez l\u2019appli d\u00e8s maintenant<\/a><\/p>\r\n\t\t\t\t<\/div>\t\t\r\n\t\t\t<\/div>\r\n\r\n\t\t\t<div class=\"row\">\r\n\t\t\t\t<div class=\"col-12 mb-3 col-md-1 col-lg-1\">\r\n\t\t\t\t\t<img decoding=\"async\" src=\"https:\/\/cdn.squareone.ca\/wp-content\/uploads\/2021\/07\/07085456\/icon_life2.png\" class=\"ml-lg-4\" alt=\"Ic\u00f4ne vie\" width=\"43\">\r\n\t\t\t\t<\/div>\r\n\t\t\t\t<div class=\"col-12 col-md-11 col-lg-5 pb-6\">\r\n\t\t\t\t\t<h2>Mettez \u00e0 jour et g\u00e9rez votre police<\/h2>\r\n\t\t\t\t\t<p>Que vous veniez d\u2019emm\u00e9nager dans une nouvelle habitation, achet\u00e9 de nouveaux skis ou une auto neuve, il est facile de modifier votre couverture en assurance habitation \u00e0 l\u2019aide de l\u2019appli Square One.<\/p>\r\n\t\t\t\t\t<p>Vous pouvez modifier les limitations de couverture, ajouter ou supprimer des couvertures facultatives ou transf\u00e9rer votre police \u00e0 une nouvelle habitation, le tout \u00e0 l\u2019aide de l\u2019appli. Qu\u2019il s\u2019agisse d\u2019une modification importante ou mineure, vous trouverez encore plus facilement la protection appropri\u00e9e.<\/p>\r\n\t\t\t\t\t<p class='d-lg-flex d-none'><a href=\"#download\">T\u00e9l\u00e9chargez l\u2019appli d\u00e8s maintenant<\/a><\/p>\r\n\t\t\t\t\t<p class='d-lg-none'><a href=\"\" rel=\"noopener noreferrer nofollow\" target='new'>T\u00e9l\u00e9chargez l\u2019appli d\u00e8s maintenant<\/a><\/p>\r\n\t\t\t\t<\/div>\r\n\t\t\t\t<div class=\"col-12 mb-3 col-md-1 col-lg-1\">\r\n\t\t\t\t\t<img decoding=\"async\" src=\"https:\/\/cdn.squareone.ca\/wp-content\/uploads\/2022\/04\/19180357\/icon_dna.png\" class=\"ml-lg-4\" alt=\"Ic\u00f4ne vie\" width=\"43\">\r\n\t\t\t\t<\/div>\r\n\t\t\t\t<div class=\"col-12 col-md-11 col-lg-5 pb-6\">\r\n\t\t\t\t\t<h2>Changez vos renseignements sur le paiement<\/h2>\r\n\t\t\t\t\t<p>Les cartes de cr\u00e9dit expirent, les budgets changent et vous pouvez perdre votre portefeuille\u2026 mais gr\u00e2ce \u00e0 l\u2019appli Square One, vous ne raterez jamais un paiement.<\/p>\r\n\t\t\t\t\t<p>Changer vos renseignements sur le paiement est facile&nbsp;: il suffit de lancer l\u2019appli et de faire le changement. De plus, vous pouvez choisir entre des paiements mensuels ou annuels.<\/p>\r\n\t\t\t\t\t<p class='d-lg-flex d-none'><a href=\"#download\">T\u00e9l\u00e9chargez l\u2019appli d\u00e8s maintenant<\/a><\/p>\r\n\t\t\t\t\t<p class='d-lg-none'><a href=\"\" rel=\"noopener noreferrer nofollow\" target='new'>T\u00e9l\u00e9chargez l\u2019appli d\u00e8s maintenant<\/a><\/p>\r\n\t\t\t\t<\/div>\t\t\r\n\t\t\t<\/div>\t\t\r\n\r\n\t\t<\/div>\r\n\t<\/section>\r\n\r\n\t<section class=\"bg-shape-split shape-grey-curve-up\">\r\n\t\t<div class=\"bg-top\"><\/div>\r\n\t\t<div class=\"bg-position pb-0\">\r\n\t\t\t<div class=\"container-fluid\">\r\n\t\t\t\t<h2 class='h1'>Pourquoi Square One?<\/h2>\r\n\t\t\t\t<p class=\"display-4\">Square One a pour mission d\u2019offrir une assurance habitation et auto conviviale, de la soumission d\u2019une police \u00e0 la r\u00e9clamation.<\/p>\r\n\t\t\t\t<p class=\"display-4\">Chez Square One, vous pouvez personnaliser votre couverture pour b\u00e9n\u00e9ficier de la protection dont vous avez besoin, ni plus ni moins. R\u00e9sultat&nbsp;: vous faites des \u00e9conomies et obtenez la tranquillit\u00e9 d\u2019esprit. De plus, vous aurez un acc\u00e8s \u00e0 notre \u00e9quipe d\u2019agents exp\u00e9riment\u00e9s pour obtenir tout le soutient dont vous avez besoin.<\/p>\r\n\t\t\t\t<p class=\"display-4\">L\u2019appli Square One est la meilleure fa\u00e7on de commencer. T\u00e9l\u00e9chargez-la d\u00e8s aujourd\u2019hui.<\/p>\r\n\t\t\t\t<p class='d-lg-none'><a href=\"\" class=\"btn btn-primary\" rel=\"noopener noreferrer nofollow\" target='new'>T\u00e9l\u00e9chargez l\u2019appli<\/a><\/p>\r\n\r\n\t\t\t\t<p class='d-none d-lg-flex py-5'>\r\n\t\t\t\t\t<a href=\"https:\/\/apps.apple.com\/ca\/app\/square-one\/id6443588558\" target=\"new\" title=\"T\u00e9l\u00e9chargez l\u2019appli Square One sur l\u2019App Store\" rel=\"noopener noreferrer nofollow\"><img decoding=\"async\" class='pr-3 img-fluid' src=\"https:\/\/cdn.squareone.ca\/wp-content\/uploads\/2022\/07\/27192220\/logo-app-store-fr.png\" width=\"200\" alt=\"Logo de l\u2019App Store\"><\/a>\r\n\t\t\t\t\t<a href='https:\/\/play.google.com\/store\/apps\/details?id=ca.squareone.home' target='new' title='T\u00e9l\u00e9chargez Goose sur Google Play' rel=\"noopener noreferrer nofollow\"><img decoding=\"async\" src=\"https:\/\/cdn.squareone.ca\/wp-content\/uploads\/2022\/07\/27192401\/logo-google-play-fr.png\" width=\"200\" class=\"img-fluid\" alt=\"Logo Google Play\"><\/a>\r\n\t\t\t\t<\/p>\t\t\t\r\n\t\t\t<\/div>\r\n\t\t<\/div>\r\n\r\n\t<\/section>\r\n\r\n<main>","protected":false},"excerpt":{"rendered":"<p>L\u2019assurance habitation et auto vient de devenir beaucoup plus facile Voici l\u2019appli mobile de Square One! Toutes les fonctionnalit\u00e9s conviviales de notre site Web que vous adorez sont maintenant accessibles sur votre t\u00e9l\u00e9phone Android ou iOS. Des soumissions aux r\u00e9clamations en passant par la souscription, vous pouvez facilement g\u00e9rer votre assurance habitation et auto&nbsp;: t\u00e9l\u00e9chargez [&hellip;]<\/p>\n","protected":false},"author":11,"featured_media":0,"parent":0,"menu_order":0,"comment_status":"closed","ping_status":"closed","template":"","meta":{"_acf_changed":false,"footnotes":""},"class_list":["post-61785","page","type-page","status-publish","hentry"],"acf":[],"_links":{"self":[{"href":"https:\/\/www.squareone.ca\/fr\/wp-json\/wp\/v2\/pages\/61785","targetHints":{"allow":["GET"]}}],"collection":[{"href":"https:\/\/www.squareone.ca\/fr\/wp-json\/wp\/v2\/pages"}],"about":[{"href":"https:\/\/www.squareone.ca\/fr\/wp-json\/wp\/v2\/types\/page"}],"author":[{"embeddable":true,"href":"https:\/\/www.squareone.ca\/fr\/wp-json\/wp\/v2\/users\/11"}],"replies":[{"embeddable":true,"href":"https:\/\/www.squareone.ca\/fr\/wp-json\/wp\/v2\/comments?post=61785"}],"version-history":[{"count":20,"href":"https:\/\/www.squareone.ca\/fr\/wp-json\/wp\/v2\/pages\/61785\/revisions"}],"predecessor-version":[{"id":73949,"href":"https:\/\/www.squareone.ca\/fr\/wp-json\/wp\/v2\/pages\/61785\/revisions\/73949"}],"wp:attachment":[{"href":"https:\/\/www.squareone.ca\/fr\/wp-json\/wp\/v2\/media?parent=61785"}],"curies":[{"name":"wp","href":"https:\/\/api.w.org\/{rel}","templated":true}]}}