{"id":61896,"date":"2023-02-08T16:19:17","date_gmt":"2023-02-09T00:19:17","guid":{"rendered":"https:\/\/www.squareone.ca\/soutien\/bases-assurance-conseils\/lexique-assurance\/definition-force-majeure"},"modified":"2025-12-19T08:39:49","modified_gmt":"2025-12-19T16:39:49","slug":"definition-force-majeure","status":"publish","type":"page","link":"https:\/\/www.squareone.ca\/fr\/centres-ressources\/lexique-assurance\/force-majeure","title":{"rendered":"D\u00e9finition : Force majeure"},"content":{"rendered":"<section id='intro' class=\"bg-shape-split bg-sub-page-hero\">\r\n\t<div class=\"bg-position\">\r\n\t\t<div class=\"container-fluid\">\r\n\t\t\t<div class=\"row align-items-center\">\r\n\t\t\t\t<div class=\"col-12 col-lg-8\">                \r\n\t\t\t\t\t<h1>Force majeure<\/h1>\r\n\t\t\t\t\t<strong>Article r\u00e9dig\u00e9 par <a href=\"\/fr\/a-propos-de-nous\/contributeurs#seamus-mckale\" title=\"Auteur : Seamus McKale\">Seamus McKale<\/a><\/strong>\r\n                                        <p class=\"pb-3\"><strong>Article \u00e9valu\u00e9 par <a href=\"\/fr\/a-propos-de-nous\/experts\/daniel-mirkovic\" title=\"Expert : Daniel Mirkovic\">Daniel Mirkovic<\/a><\/strong><\/p> \r\n\t\t\t\t\t<p class=\"pb-4\" style=\"margin-top:-24px\">Mis \u00e0 jour le 6 novembre 2025<\/p>\r\n\t\t\t\t<\/div>\r\n\t\t\t<\/div>\r\n\r\n\t\t\t<div class=\"row\">\r\n\t\t\t\t<div class=\"col-lg-8\">\r\n\t\t\t\t\t<p class='mb-0'>Nom<\/p>\r\n\t\t\t\t\t<p>force-ma-jeure | f\u0254\u0281s\u0259 ma\u0292\u0153\u0281<\/p>\r\n\t\t\t\t\t<p class=\"display-4\"><strong><span class='text-orange'>D\u00e9finition\u00a0:<\/span> \u00e9v\u00e9nement ext\u00e9rieur, impr\u00e9visible, irr\u00e9sistible et insurmontable de nature \u00e0 exon\u00e9rer totalement (\u00e0 d\u00e9gager de toute responsabilit\u00e9) la personne pr\u00e9sum\u00e9e responsable d\u2019un dommage.<\/strong><\/p>\r\n\t\t\t\t\t<p class=\"display-4\"><i>On a parl\u00e9 des crues d\u2019eau comme <strong>force majeure<\/strong>.<\/i><\/p>                   \r\n\t\t\t\t<\/div>\r\n\r\n\t\t\t\t<div class=\"col-lg-3 offset-lg-1\">          \r\n\t\t\t\t\t<p class=\"mb-2 display-4 pt-4 pt-lg-0 pt-mb-0\"><strong>Th\u00e8mes<\/strong><\/p>\r\n\t\t\t\t\t<ul class=\"list-unstyled link-list display-4\">\r\n\t\t\t\t\t\t<li><a href='#what-is-an-act-of-god'>Qu\u2019est-ce que la force majeure?<\/a><\/li>\r\n\t\t\t\t\t\t<li><a href='#act-of-god-insurance'>Force majeure et l\u2019assurance<\/a><\/li>\r\n\t\t\t\t\t<\/ul>\r\n\t\t\t\t<\/div>\r\n\t\t\t<\/div>  \r\n\t\t<\/div>\r\n\t<\/div>\r\n\t<div class=\"bg-bottom\"><\/div>\r\n<\/section>\r\n\r\n<section>\r\n    <div class=\"container-fluid py-6\">\r\n        <div class=\"row\">\r\n            <div class=\"col-12 col-lg-8\">\r\n                <div class=\"row pb-6\">\r\n                    <div class=\"col-12\">\r\n                        <div class=\"card review\" style='background-color:#FFE0C9'>\r\n                            <div class=\"card-body\">\r\n                                <p class=\"h3\">L\u2019essentiel<\/p>\r\n                                <ul class='mb-0'>\r\n                                <li>Force majeure est un terme qui renvoie \u00e0 des catastrophes ou \u00e0 d\u2019autres \u00e9v\u00e9nements en dehors de la ma\u00eetrise humaine.<\/li>\r\n\t\t\t\t\t\t<li>Contrairement aux id\u00e9es re\u00e7ues, l\u2019assurance n\u2019emploie g\u00e9n\u00e9ralement pas le terme <em>force majeure<\/em>; plut\u00f4t, les polices d\u00e9signent les risques sp\u00e9cifiques couverts ou exclus.<\/li>\r\n\t\t\t\t\t\t<li>En assurance, il n\u2019existe pas d\u2019exclusion g\u00e9n\u00e9rale pour la force majeure; en fait, la majorit\u00e9 des sinistres sont couverts.<\/li>\r\n                                <\/ul>\r\n                            <\/div>\r\n                        <\/div>\r\n                    <\/div>\r\n                <\/div>\r\n\r\n\t\t\t\t<h2 id=\"what-is-an-act-of-god\">Qu\u2019est-ce que la force majeure en assurance?<\/h2>\r\n\r\n\t\t\t\t\t<p>Force majeure est un terme qui est parfois \u00e9voqu\u00e9 dans les discussions au sujet de la couverture en assurance. Il s\u2019agit d\u2019un \u00e9v\u00e9nement en dehors de la ma\u00eetrise humaine, d\u2019habitude une catastrophe naturelle.<\/p>\r\n\r\n\t\t\t\t\t<p>Typiquement, vous ne verrez pas le terme \u00ab\u00a0force majeure\u00a0\u00bb dans une police d\u2019assurance. Bien que ce terme puisse para\u00eetre dans certains types de contrat, c\u2019est plut\u00f4t un terme familier et vieillot.<\/p>\r\n\r\n\t\t\t\t\t<p>Les polices ou contrats ont des <a href=\"https:\/\/educaloi.qc.ca\/decryptage\/decryptage-la-force-majeure-oui-mais-encore\/\" title=\"Savez-vous vraiment ce qu\u2019est la force majeure?\" rel=\"noopener noreferrer\" target=\"_blank\">dispositions concernant la force majeure<\/a>. Ces dispositions permettent la suspension ou la r\u00e9siliation du contrat en raison des \u00e9v\u00e9nements extraordinaires, que certains appelleraient force majeure.<\/p>\r\n\r\n\t\t\t\t<h2 id=\"act-of-god-insurance\">L\u2019assurance couvre-t-elle la force majeure?<\/h2>\r\n\r\n\t\t\t\t\t<p>Il existe de nombreuses id\u00e9es fausses au sujet de la force majeure et l\u2019assurance, surtout l\u2019assurance habitation.<\/p>\r\n\r\n\t\t\t\t\t<p>Premi\u00e8rement, il y a une croyance selon laquelle l\u2019assurance ne couvre pas la force majeure. Ce qui est vrai pour certains types d\u2019assurance, mais ce n\u2019est pas le cas pour l\u2019assurance habitation. Les polices d\u2019assurance habitation couvrent beaucoup de sinistres issus de la cat\u00e9gorie de force majeure\u00a0: apr\u00e8s tout, c\u2019est la raison d\u2019\u00eatre de l\u2019assurance habitation.<\/p>\r\n\r\n\t\t\t\t\t<p>Cela dit, il y a certains \u00e9v\u00e9nements que l\u2019assurance habitation ne couvre pas, comme les glissements de terrain et l\u2019inondation c\u00f4ti\u00e8re. Dans cette optique, les polices d\u2019assurance habitation \u00e9vitent des termes vagues comme <em>force majeure<\/em>. Plut\u00f4t, elles sont tr\u00e8s claires en ce qui concerne les types de sinistres couverts ou non couverts.<\/p>\r\n\r\n\t\t\t\t\t<p>En assurance, les \u00e9v\u00e9nements qui cause les sinistres sont appel\u00e9s <a href=\"\/fr\/centres-ressources\/lexique-assurance\/risque\" title=\"D\u00e9finition : risque\">risques<\/a>. Dans une police de risques d\u00e9sign\u00e9s, le libell\u00e9 de la police \u00e9num\u00e8re chaque risque couvert par la police. En revanche, une police tous risques \u00e9num\u00e8re chaque risque qui <em>n\u2019est pas couvert<\/em>.<\/p> \r\n\r\n\t\t\t\t\t<p>Les risques suivants, qui s\u2019inscrivent dans la cat\u00e9gorie de force majeure, sont couverts par la vaste majorit\u00e9 des polices d\u2019assurance habitation au Canada\u00a0:<\/p>\r\n\r\n\t\t\t\t\t<ul>\r\n\t\t\t\t\t\t<li>les feux de for\u00eat<\/li>\r\n\t\t\t\t\t\t<li>Les temp\u00eates de gr\u00eale<\/li>\r\n\t\t\t\t\t\t<li>les temp\u00eates de vent<\/li>\r\n\t\t\t\t\t\t<li>le foudroiement<\/li>\r\n\t\t\t\t\t<\/ul>\r\n\r\n\t\t\t\t\t<p>Certains fournisseurs offrent une couverture facultative contre le tremblement de terre ou <a href=\"https:\/\/www.squareone.ca\/fr\/centres-ressources\/bases-assurance\/assurance-inondation\" title=\"Assurance inondation fluviale\">l\u2019inondation fluviale<\/a>. Effectivement, les seuls sinistres de force majeure enti\u00e8rement exclus sont le glissement de terrain et l\u2019inondation c\u00f4ti\u00e8re. Pourtant, ils sont exclus individuellement et nomm\u00e9ment\u00a0: le terme \u00ab\u00a0force majeure\u00bb\u00bb est sans importance.<\/p>\r\n\r\n\t\t\t\t\t<p>La seule fa\u00e7on d\u2019\u00eatre certain des risques couverts (ou <a href=\"\/fr\/centres-ressources\/bases-assurance\/exclusions-police-assurance-habitation\" title=\"Exclusions en assurance habitation\">exclus<\/a>) par votre assurance c\u2019est de v\u00e9rifier le libell\u00e9 de la police ou de consulter votre fournisseur\u00a0: ce n\u2019est pas la peine de rechercher le terme \u00ab\u00a0force majeure\u00a0\u00bb.<\/p>\r\n\r\n\t\t\t\t\t<p><strong>Vous recherchez une d\u00e9finition en assurance?<\/strong> Consultez notre <a href=\"\/fr\/centres-ressources\/lexique-assurance\" title=\"Centre de ressources : lexique de l'assurance\">Centre de ressources&nbsp;: lexique de l\u2019assurance<\/a> pour acc\u00e9der \u00e0 des d\u00e9finitions faciles \u00e0 comprendre des termes les plus courants de l'assurance. Ensuite, <a href=\"\/fr\/soumission-assurance-habitation-en-ligne\" title=\"Obtenir une soumission d\u2019assurance habitation en ligne\">obtenez une soumission d'assurance habitation en ligne<\/a> en moins de 5\u00a0minutes et d\u00e9couvrez \u00e0 quel point l\u2019assurance habitation personnalis\u00e9e peut \u00eatre abordable.<\/p>\r\n\r\n\t\t\t\t\t<div class=\"row py-3\">\r\n<div class=\"col-12\">\r\n<div class=\"card review\" style=\"box-shadow: 0 2px 4px rgba(0,0,0,0.07);background-color:#f4f4f4;\">\r\n<div class=\"card-body\">\r\n\t<p class=\"text-primary h4\">\u00c0 propos de l\u2019expert&nbsp;: Daniel Mirkovic<\/p>\r\n\t<p>Cofondateur de Square One comptant plus de 25&nbsp;ans dans le secteur de l\u2019assurance, Daniel \u00e9tait vice-pr\u00e9sident des services d\u2019assurance et de voyage de la British Columbia Automobile Association (BCAA). Daniel est titulaire d'un baccalaur\u00e9at \u00e8s commerce et d'une ma\u00eetrise \u00e8s administration des affaires, tous deux obtenus \u00e0 la Sauder School of Business de l'universit\u00e9 de la Colombie-Britannique. Daniel est muni de la d\u00e9signation CAAC et d\u2019un certificat en assurance de dommages niveau&nbsp;3 en Colombie-Britannique, en Alberta, en Saskatchewan, au Manitoba et en Ontario.<\/p>\r\n<\/div>\r\n<\/div>\r\n<\/div>\r\n<\/div>\r\n\r\n\t\t\t<\/div>\r\n\t\t<\/div>\r\n\t<\/div>\r\n<\/section>\r\n<script type=\"application\/ld+json\">\r\n{\r\n  \"@context\": \"https:\/\/schema.org\",\r\n  \"@graph\": [\r\n    {\r\n      \"@type\": [\"WebPage\", \"DefinedTerm\"],\r\n      \"@id\": \"https:\/\/www.squareone.ca\/fr\/centres-ressources\/lexique-assurance\/force-majeure\",\r\n      \"url\": \"https:\/\/www.squareone.ca\/fr\/centres-ressources\/lexique-assurance\/force-majeure\",\r\n      \"inLanguage\": \"fr-CA\",\r\n      \"isAccessibleForFree\": true,\r\n      \"name\": \"Force majeure\",\r\n      \"description\": \"\u00e9v\u00e9nement ext\u00e9rieur, impr\u00e9visible, irr\u00e9sistible et insurmontable de nature \u00e0 exon\u00e9rer totalement (\u00e0 d\u00e9gager de toute responsabilit\u00e9) la personne pr\u00e9sum\u00e9e responsable d\u2019un dommage.\",\r\n      \"inDefinedTermSet\": {\r\n        \"@type\": \"DefinedTermSet\",\r\n        \"name\": \"Lexique de l\u2019assurance de Square One\",\r\n        \"url\": \"https:\/\/www.squareone.ca\/fr\/centres-ressources\/lexique-assurance\"\r\n      },\r\n      \"publisher\": {\r\n        \"@id\": \"https:\/\/www.squareone.ca\/fr\"\r\n      },\r\n      \"author\": {\r\n        \"@id\": \"#seamus-mckale\"\r\n      },\r\n      \"reviewedBy\": {\r\n        \"@id\": \"https:\/\/www.squareone.ca\/fr\/a-propos-de-nous\/experts\/daniel-mirkovic\"\r\n      }\r\n    },\r\n    {\r\n      \"@type\": \"InsuranceAgency\",\r\n      \"@id\": \"https:\/\/www.squareone.ca\/fr\",\r\n      \"name\": \"Assurances Square One\",\r\n      \"url\": \"https:\/\/www.squareone.ca\/fr\",\r\n      \"logo\": \"https:\/\/cdn.squareone.ca\/wp-content\/uploads\/2021\/04\/09094743\/square-one-logomark-default-md-1.png\",\r\n      \"address\": {\r\n        \"@type\": \"PostalAddress\",\r\n        \"streetAddress\": \"1410-650 W Georgia St\",\r\n        \"addressLocality\": \"Vancouver\",\r\n        \"addressRegion\": \"BC\",\r\n        \"postalCode\": \"V6B 4N8\",\r\n        \"addressCountry\": \"CA\"\r\n      },\r\n      \"telephone\": \"+1-855-331-6933\",\r\n      \"areaServed\": [\"BC\", \"AB\", \"SK\", \"MB\", \"ON\", \"QC\"],\r\n      \"feesAndCommissionsSpecification\": \"https:\/\/www.squareone.ca\/fr\/transparence\"\r\n    },\r\n    {\r\n      \"@type\": \"Person\",\r\n      \"@id\": \"#seamus-mckale\",\r\n      \"name\": \"Seamus McKale\",\r\n      \"url\": \"https:\/\/www.squareone.ca\/fr\/a-propos-de-nous\/membres-equipe#seamus-mckale\",\r\n      \"description\": \"Seamus a 15 ans d\u2019exp\u00e9rience en marketing, avec sp\u00e9cialisation en publicit\u00e9 multim\u00e9dia, r\u00e9daction technique et contenu sur l\u2019assurance personnelle.\",\r\n      \"jobTitle\": \"Sp\u00e9cialiste de marketing de contenu\",\r\n      \"worksFor\": {\r\n        \"@id\": \"https:\/\/www.squareone.ca\/fr\"\r\n      },\r\n      \"hasCredential\": [\r\n        {\r\n          \"@type\": \"EducationalOccupationalCredential\",\r\n          \"name\": \"Certificat en assurance de dommages de la C.-B., niveau 1\"\r\n        },\r\n        {\r\n          \"@type\": \"EducationalOccupationalCredential\",\r\n          \"name\": \"Certificat en assurance de dommages de l\u2019Ontario\"\r\n        }\r\n      ],\r\n      \"knowsAbout\": [\r\n        \"Marketing\",\r\n        \"Publicit\u00e9 multim\u00e9dia\",\r\n        \"R\u00e9daction technique\",\r\n        \"Assurance des particuliers\"\r\n      ],\r\n      \"sameAs\": [\r\n        \"https:\/\/www.linkedin.com\/in\/seamus-m-83801a2b\/\"\r\n      ]\r\n    },\r\n    {\r\n      \"@type\": \"Person\",\r\n      \"@id\": \"https:\/\/www.squareone.ca\/fr\/a-propos-de-nous\/experts\/daniel-mirkovic\",\r\n      \"name\": \"Daniel Mirkovic\",\r\n      \"url\": \"https:\/\/www.squareone.ca\/fr\/a-propos-de-nous\/experts\/daniel-mirkovic\",\r\n      \"description\": \"Daniel poss\u00e8de de vastes connaissances en assurance, acquises au cours de plus de 25 ans d\u2019exp\u00e9rience dans le secteur.\",\r\n      \"jobTitle\": \"Cofondateur et PDG\",\r\n      \"worksFor\": {\r\n        \"@id\": \"https:\/\/www.squareone.ca\/fr\"\r\n      },\r\n      \"alumniOf\": {\r\n        \"@type\": \"CollegeOrUniversity\",\r\n        \"name\": \"Sauder School of Business at the University of British Columbia\"\r\n      },\r\n      \"hasCredential\": [\r\n        {\r\n          \"@type\": \"EducationalOccupationalCredential\",\r\n          \"name\": \"Courtier d\u2019assurance agr\u00e9\u00e9 du Canada (CAAC)\"\r\n        },\r\n        {\r\n          \"@type\": \"EducationalOccupationalCredential\",\r\n          \"name\": \"Certificat en assurance de dommages, niveau 3 (BC, AB, SK, MB, ON)\"\r\n        }\r\n      ],\r\n      \"knowsAbout\": [\r\n        \"Assurance propri\u00e9taire occupant\",\r\n        \"Assurance locataire\",\r\n        \"Assurance copropri\u00e9taire\",\r\n        \"Assurance auto\",\r\n        \"Assurance automobile de collection\",\r\n        \"Assurance maladie\",\r\n        \"Assurance-vie\",\r\n        \"L\u2019assurance invalidit\u00e9 de longue dur\u00e9e\",\r\n        \"Assurance v\u00e9t\u00e9rinaire\",\r\n        \"Assurance-voyage\",\r\n        \"Planification d\u2019affaires et strat\u00e9gique\",\r\n        \"Publicit\u00e9 s'adressant directement aux consommateurs\",\r\n        \"D\u00e9veloppement des produits\",\r\n        \"Conception de l\u2019exp\u00e9rience des utilisateurs\"\r\n      ],\r\n      \"sameAs\": [\r\n        \"https:\/\/www.linkedin.com\/in\/danielmirkovic\"\r\n      ]\r\n    }\r\n  ]\r\n}\r\n<\/script>\r\n<script type=\"application\/ld+json\">\r\n{\r\n  \"@context\": \"https:\/\/schema.org\",\r\n  \"@type\": \"FAQPage\",\r\n  \"mainEntity\": [{\r\n    \"@type\": \"Question\",\r\n    \"name\": \"Qu'est-ce que la force majeure en assurance?\",\r\n    \"acceptedAnswer\": {\r\n      \"@type\": \"Answer\",\r\n      \"text\": \"Force majeure est un terme qui est parfois \u00e9voqu\u00e9 dans les discussions au sujet de la couverture en assurance. Il s\u2019agit d\u2019un \u00e9v\u00e9nement en dehors de la ma\u00eetrise humaine, d\u2019habitude une catastrophe naturelle. Typiquement, vous ne verrez pas le terme \u00ab\u00a0force majeure\u00a0\u00bb dans une police d\u2019assurance. Bien que ce terme puisse para\u00eetre dans certains types de contrat, c\u2019est plut\u00f4t un terme familier et vieillot.\"\r\n    }\r\n  },{\r\n    \"@type\": \"Question\",\r\n    \"name\": \"L\u2019assurance couvre-t-elle la force majeure?\",\r\n    \"acceptedAnswer\": {\r\n      \"@type\": \"Answer\",\r\n      \"text\": \"En assurance, les \u00e9v\u00e9nements qui provoquent des sinistres constituent des risques. Dans une police de risques d\u00e9sign\u00e9s, le libell\u00e9 de la police \u00e9num\u00e8re chaque risque couvert par la police. En revanche, une police tous risques \u00e9num\u00e8re chaque risque qui n\u2019est pas couvert. Les risques suivants, qui s\u2019inscrivent dans la cat\u00e9gorie de force majeure, sont couverts par la vaste majorit\u00e9 des polices d\u2019assurance habitation au Canada : les feux de for\u00eat, les temp\u00eates de gr\u00eale et le foudroiement.\"\r\n    }\r\n  }]\r\n}\r\n<\/script>\r\n\t\t\t\t\r\n","protected":false},"excerpt":{"rendered":"<p>Force majeure Article \u00e9valu\u00e9 par Daniel Mirkovic Nom force-ma-jeure | f\u0254\u0281s\u0259 ma\u0292\u0153\u0281 D\u00e9finition\u00a0: \u00e9v\u00e9nement ext\u00e9rieur, impr\u00e9visible, irr\u00e9sistible et insurmontable de nature \u00e0 exon\u00e9rer totalement (\u00e0 d\u00e9gager de toute responsabilit\u00e9) la personne pr\u00e9sum\u00e9e responsable d\u2019un dommage. On a parl\u00e9 des crues d\u2019eau comme force majeure. Th\u00e8mes Qu\u2019est-ce que la force majeure? Force majeure et l\u2019assurance L\u2019essentiel [&hellip;]<\/p>\n","protected":false},"author":20,"featured_media":0,"parent":53157,"menu_order":0,"comment_status":"closed","ping_status":"closed","template":"page-article-new.php","meta":{"_acf_changed":false,"footnotes":""},"class_list":["post-61896","page","type-page","status-publish","hentry"],"acf":[],"_links":{"self":[{"href":"https:\/\/www.squareone.ca\/fr\/wp-json\/wp\/v2\/pages\/61896","targetHints":{"allow":["GET"]}}],"collection":[{"href":"https:\/\/www.squareone.ca\/fr\/wp-json\/wp\/v2\/pages"}],"about":[{"href":"https:\/\/www.squareone.ca\/fr\/wp-json\/wp\/v2\/types\/page"}],"author":[{"embeddable":true,"href":"https:\/\/www.squareone.ca\/fr\/wp-json\/wp\/v2\/users\/20"}],"replies":[{"embeddable":true,"href":"https:\/\/www.squareone.ca\/fr\/wp-json\/wp\/v2\/comments?post=61896"}],"version-history":[{"count":19,"href":"https:\/\/www.squareone.ca\/fr\/wp-json\/wp\/v2\/pages\/61896\/revisions"}],"predecessor-version":[{"id":77819,"href":"https:\/\/www.squareone.ca\/fr\/wp-json\/wp\/v2\/pages\/61896\/revisions\/77819"}],"up":[{"embeddable":true,"href":"https:\/\/www.squareone.ca\/fr\/wp-json\/wp\/v2\/pages\/53157"}],"wp:attachment":[{"href":"https:\/\/www.squareone.ca\/fr\/wp-json\/wp\/v2\/media?parent=61896"}],"curies":[{"name":"wp","href":"https:\/\/api.w.org\/{rel}","templated":true}]}}