{"id":62159,"date":"2023-03-06T10:37:46","date_gmt":"2023-03-06T18:37:46","guid":{"rendered":"https:\/\/www.squareone.ca\/appli-square-one\/conditions-concours-appli-mobile"},"modified":"2023-03-17T09:48:36","modified_gmt":"2023-03-17T16:48:36","slug":"conditions-concours-appli-mobile","status":"publish","type":"page","link":"https:\/\/www.squareone.ca\/fr\/appli\/conditions-concours","title":{"rendered":"Conditions du Concours appli mobile"},"content":{"rendered":"<section id=\"intro\" class=\"bg-shape-split bg-sub-page-hero\">\r\n\t<div class=\"bg-position\">\r\n\t\t<div class=\"container-fluid\">\r\n\t\t\t<h1>Conditions du Concours appli mobile (les \u00ab&nbsp;Conditions&nbsp;\u00bb)<\/h1>\r\n\t\t\t<p class=\"display-4\">Veuillez lire les Conditions du Concours appli mobile (le \u00ab&nbsp;Concours&nbsp;\u00bb) \u00e9tablies par Assurances Square One (\u00ab&nbsp;Square One&nbsp;\u00bb ou le \u00ab&nbsp;Commanditaire&nbsp;\u00bb). Nous vous prions de consulter r\u00e9guli\u00e8rement cette page pour obtenir des mises \u00e0 jour.<\/p>\r\n\t\t<\/div>\r\n\t<\/div>\r\n\t<div class=\"bg-bottom\"><\/div>\r\n<\/section>\r\n\t\r\n<section id=\"body\" class=\"mb-3 xwide-mobile py-6\">\r\n<div class=\"container-fluid\">\r\n\r\n<p><strong>AUCUN ACHAT REQUIS. LISEZ LA SUITE POUR CONNA\u00ceTRE TOUS LES D\u00c9TAILS DU CONCOURS. LE FAIT DE PARTICIPER AU PR\u00c9SENT CONCOURS CONSTITUE VOTRE ACCEPTATION INCONDITIONNELLE DES PR\u00c9SENTES CONDITIONS DU CONCOURS ET DE LA NATURE EX\u00c9CUTOIRE DE CELLES-CI.<\/strong><\/p>\r\n\r\n<h3>1. ACCEPTATION ET PARTICIPATION<\/h3>\r\n<ol type=\"a\">\r\n<li>Le Concours appli mobile (le \u00ab&nbsp;Concours&nbsp;\u00bb) est commandit\u00e9 et g\u00e9r\u00e9 par Assurances Square One (\u00ab&nbsp;Square One&nbsp;\u00bb).<\/li>\r\n<li>Sont admissibles au Concours (i) les personnes r\u00e9sidant au Canada seulement, \u00e0 l\u2019exception des personnes r\u00e9sidant dans la province du Qu\u00e9bec, qui ont atteint l\u2019\u00e2ge de la majorit\u00e9 dans la province ou le territoire dans lequel elles r\u00e9sident; (ii) les personnes qui ont un compte en ligne Square One actif et en r\u00e8gle; et (iii) les personnes qui n\u2019ont pas pay\u00e9 pour utiliser l\u2019Internet sp\u00e9cifiquement et exclusivement \u00e0 des fins de participer au Concours.<\/li>\r\n<li>Les personnes suivantes ne sont pas admissibles \u00e0 participer au Concours&nbsp;: (i) les employ\u00e9s, les agents et les repr\u00e9sentants de Square One ou des filiales de Square One ou des entreprises affili\u00e9es \u00e0 Square One; et (ii) les employ\u00e9s, les agents et les repr\u00e9sentants de toute agence publicitaire ou promotionnelle qui fournissent des services concernant le Concours \u00e0 Square One ou \u00e0 ses filiales ou entreprises affili\u00e9es.<\/li>\r\n<li>En participant au Concours, les participants acceptent automatiquement les pr\u00e9sentes Conditions, qui peuvent changer sans pr\u00e9avis aux participants au Concours.<\/li>\r\n<\/ol>\r\n\r\n<h3>2. SOUMISSIONS DES PARTICIPATIONS ET \u00c9CH\u00c9ANCES<\/h3>\r\n<ol type='a'>\r\n<li>Le Concours commence \u00e0 0&nbsp;h&nbsp;01&nbsp;HP le 17&nbsp;f\u00e9vrier&nbsp;2023 et se termine \u00e0 23&nbsp;h&nbsp;59&nbsp;HP le 17&nbsp;mai&nbsp;2023 (la \u00ab&nbsp;P\u00e9riode du Concours&nbsp;\u00bb).<\/li>\r\n<li>Les participations au tirage au sort seront accept\u00e9es jusqu\u2019\u00e0 23&nbsp;h&nbsp;59&nbsp;HP le 17&nbsp;mai&nbsp;2023.<\/li>\r\n<li>Afin de participer au Concours, une personne admissible (le \u00ab&nbsp;Client&nbsp;\u00bb) doit t\u00e9l\u00e9charger l\u2019appli mobile de Square One de l\u2019Apple Store ou de Google Play Store et ouvrir une session de son compte de police Square One sur l\u2019appli mobile.<\/li>\r\n<li>Une participation par Client. Les participations ne peuvent \u00eatre soumises que selon les d\u00e9marches d\u00e9crites ci-dessus.<\/li>\r\n<li>Aucun achat n\u2019est requis pour participer au Concours.<\/li>\r\n<li>L\u2019utilisation de l\u2019\u00e9quipement automatis\u00e9 pour participer au Concours est interdite.<\/li>\r\n<\/ol>\r\n\r\n<h3>3. S\u00c9LECTION DES GAGNANTS ET AVIS<\/h3>\r\n<ol type='a'>\r\n<li>Les participations gagnantes seront s\u00e9lectionn\u00e9es dans le cadre de cinq&nbsp;(5)&nbsp;tirages au sort s\u00e9par\u00e9s g\u00e9n\u00e9r\u00e9s par ordinateur. Les tirages au sort auront lieu le 20&nbsp;mai&nbsp;2023 au 650, rue Georgia Ouest, bureau 1410, Vancouver, BC V6B 4N8.<\/li>\r\n<li>Les participants s\u00e9lectionn\u00e9s seront inform\u00e9s par courrier \u00e9lectronique dans les cinq jours suivant le tirage au sort applicable. \u00c0 titre de condition de gagner, les participants s\u00e9lectionn\u00e9s doivent r\u00e9pondre correctement, sans aide et dans une \u00e9ch\u00e9ance \u00e9tablie, \u00e0 une question d\u2019habilet\u00e9 math\u00e9matique qui sera administr\u00e9e par un repr\u00e9sentant de Square One au t\u00e9l\u00e9phone.<\/li>\r\n<li>Au cas o\u00f9&nbsp;: (i) une participation est jug\u00e9e d\u2019\u00eatre inadmissible ou disqualifi\u00e9e; (ii) un participant ne respecte pas les Conditions du Concours; (iii) un participant s\u00e9lectionn\u00e9 ne r\u00e9pond pas correctement \u00e0 la question d\u2019habilet\u00e9 conform\u00e9ment aux conditions \u00e9tablies; (iv) un participant s\u00e9lectionn\u00e9 n\u2019a pas communiqu\u00e9 avec Square One dans les 48&nbsp;heures suivant la r\u00e9ception de l\u2019avis de courrier \u00e9lectronique de la part de Square One annon\u00e7ant sa participation gagnante ou le message au courriel du participant est non distribuable; ou (v) un participant s\u00e9lectionn\u00e9 refuse le prix, ou (vi) un participant s\u00e9lectionn\u00e9 a d\u00e9j\u00e0 gagn\u00e9 un prix dans le cadre du Concours, Square One pourrait disqualifier le participant et celui-ci ne sera plus admissible au prix, et Square One s\u00e9lectionnera au hasard un autre participant des participants admissibles jusqu\u2019\u00e0 ce qu\u2019un gagnant soit finalement d\u00e9clar\u00e9.<\/li>\r\n<li>Chaque participant n\u2019est admissible qu\u2019\u00e0 un prix.<\/li>\r\n<\/ol>\r\n\r\n<h3>4. PRIX<\/h3>\r\n<ol type='a'>\r\n<li>Il y aura cinq&nbsp;(5)&nbsp;participants qui seront d\u00e9clar\u00e9s gagnants, avec cinq&nbsp;(1)&nbsp;prix \u00e0 gagner. Les cinq&nbsp;(5)&nbsp;gagnants recevront chacun l&rsquo;un des cinq&nbsp;(5)&nbsp;prix. Chaque gagnant aura le choix entre un iPhone ou un t\u00e9l\u00e9phone intelligent Google d&rsquo;une valeur maximale au d\u00e9tail de 1&nbsp;250&nbsp;$&nbsp;CA.<\/li>\r\n<li>Les possibilit\u00e9s de gagner le prix varieront selon le nombre de participations au Concours.<\/li>\r\n<li>Square One peut, \u00e0 sa seule discr\u00e9tion, substituer \u00e0 tout prix sa valeur en esp\u00e8ces ou un autre prix de la m\u00eame valeur approximative. Le prix n&rsquo;est pas transf\u00e9rable, doit \u00eatre accept\u00e9 tel quel et ne peut pas \u00eatre \u00e9chang\u00e9 par un gagnant contre de l\u2019argent en esp\u00e8ces ou autre. Tout participant qui refuse d\u2019accepter le prix lib\u00e8re et d\u00e9charge d\u00e9finitivement Square One de toutes les obligations envers le participant en ce qui concerne le Concours, y compris la livraison du prix.<\/li>\r\n<\/ol>\r\n\r\n<h3>5.\tOBTENTION DES PRIX<\/h3>\r\n<ol type=\"a\">\r\n<li>Dans les 48&nbsp;heures suivant la r\u00e9ception, le participant doit signer et remettre \u00e0 Square One un formulaire de d\u00e9claration et de d\u00e9charge (le \u00ab&nbsp;Formulaire de d\u00e9claration&nbsp;\u00bb) qui confirme que le gagnant se conforme aux R\u00e8glements du Concours, accepte le prix tel quel, accepte de ne pas diffamer ou de publier des commentaires n\u00e9gatifs ou d\u00e9sobligeants en ce qui concerne le Concours, Square One, ses filiales ou entreprises affili\u00e9es, ou toute agence publicitaire ou promotionnelle fournissant des services concernant le Concours, et qui d\u00e9charge Square One, ses filiales, ses entreprises affili\u00e9es et ses repr\u00e9sentants (y compris les agences publicitaires fournissant des services concernant le Concours), et ses directeurs, ses dirigeants, ses employ\u00e9s, ses agents et ses repr\u00e9sentants, ses successeurs et ses cessionnaires de toute responsabilit\u00e9 relativement au Concours. Si le participant s\u00e9lectionn\u00e9 ne remet pas une copie du Formulaire de d\u00e9claration sign\u00e9e comme prescrit, le participant s\u00e9lectionn\u00e9 sera disqualifi\u00e9 et perdra son droit \u00e0 un prix.<\/li>\r\n<li>Le prix sera livr\u00e9 par la poste \u00e0 l\u2019adresse du gagnant dans les quinze&nbsp;(15)&nbsp;jours suivant la r\u00e9ception d\u2019un Formulaire de d\u00e9claration d\u00fbment rempli. Tout prix retourn\u00e9 ne sera pas octroy\u00e9 \u00e0 nouveau.<\/li>\r\n<\/ol>\r\n\r\n<h3>6. DIVERS<\/h3>\r\n<ol type=\"a\">\r\n<li>Les d\u00e9cisions de Square One dans toute question relative au Concours sont finales.<\/li>\r\n<li>En cas de dispute, les participations seront jug\u00e9es d\u2019\u00eatre soumises par le titulaire du compte autoris\u00e9 associ\u00e9 avec le compte de police de Square One. Toutes les participations sont soumises \u00e0 la v\u00e9rification en tout temps et pour quelque raison que ce soit, y compris mais sans s\u2019y limiter, l\u2019exigence de la part de Square One des preuves d\u2019identit\u00e9 et\/ou d\u2019admissibilit\u00e9 dans une forme acceptable \u00e0 Square One afin de v\u00e9rifier l\u2019identit\u00e9 et\/ou l\u2019admissibilit\u00e9 \u00e0 la participation au pr\u00e9sent Concours, et pour toute autre raison que Square One pourrait d\u00e9terminer, \u00e0 sa seule discr\u00e9tion, requise pour administrer le pr\u00e9sent Concours conform\u00e9ment aux Conditions du Concours. Si le participant ne fournit pas de telles preuves en temps opportun, il pourrait \u00eatre disqualifi\u00e9.<\/li>\r\n<li>Square One, ses filiales, ses entreprises affili\u00e9es et ses repr\u00e9sentants (y compris les agences publicitaires et promotionnelles), et ses dirigeants, ses directeurs, ses employ\u00e9s, ses agents et ses repr\u00e9sentants ne seront pas responsables de ce qui suit&nbsp;: (i) des participations qui sont en retard, perdues, vol\u00e9es, illisibles, contenant de l\u2019information fausse, endommag\u00e9es, mal achemin\u00e9es, brouill\u00e9es, incompl\u00e8tes, alt\u00e9r\u00e9es ou qui ne se conforment pas ou ne satisfont pas autrement \u00e0 une partie ou \u00e0 la totalit\u00e9 des Conditions; (ii) toute participation qui n\u2019arrive pas \u00e0 Square One en raison d\u2019une d\u00e9faillance technique, de la congestion du trafic ou d\u2019autres probl\u00e8mes relativement au site Web ou \u00e0 la plateforme, au r\u00e9seau ou aux lignes t\u00e9l\u00e9phoniques ou aux syst\u00e8mes informatiques, t\u00e9l\u00e9phoniques ou Internet pendant le Concours; (iii) toute condition caus\u00e9e par des \u00e9v\u00e9nements hors de son contr\u00f4le qui touche au Concours; ou (iv) toute blessure, toute perte, tout dommage ou toute responsabilit\u00e9 civile de quelque type que ce soit d\u00e9coulant de la participation au Concours, ou de l\u2019acceptation, de l\u2019utilisation ou de l\u2019abus du prix, y compris, mais sans s\u2019y limiter toute blessure ou tout dommage \u00e0 l\u2019ordinateur ou au t\u00e9l\u00e9phone ou \u00e0 tout autre appareil en ce qui a trait \u00e0, ou d\u00e9coulant de, la participation au Concours.<\/li>\r\n<li>Square One se r\u00e9serve le droit, \u00e0 sa seule discr\u00e9tion et sans pr\u00e9avis, de modifier, d\u2019annuler, de fermer, de suspendre ou de r\u00e9tablir le Concours en tout temps et pour quelque raison que ce soit.<\/li>\r\n<li>Les participations sont soumises \u00e0 la v\u00e9rification de Square One ou de ses repr\u00e9sentants. Les participations incompl\u00e8tes, frauduleuses, soumises en retard ou qui ne se conforment pas autrement aux Conditions du Concours seront automatiquement refus\u00e9es et le participant en question sera inadmissible au prix et pourrait \u00eatre inadmissible \u00e0 la participation aux concours et aux promotions \u00e0 l\u2019avenir.<\/li>\r\n<li>En participant, chaque participant convient de ce qui suit&nbsp;: (i) d\u2019\u00eatre li\u00e9 par les pr\u00e9sentes Conditions du Concours et par les d\u00e9cisions de Square One; (ii) de permettre \u00e0 Square One, \u00e0 ces filiales, \u00e0 ses entreprises affili\u00e9es et \u00e0 ses repr\u00e9sentants d\u2019utiliser le nom, la photographie, l\u2019image, les s\u00e9quences vid\u00e9o, la ressemblance, les d\u00e9clarations relativement au Concours ou au prix, \u00e0 la ville de r\u00e9sidence et\/ou \u00e0 la voix du participant \u00e0 des fins publicitaires dans tout m\u00e9dia, dans toute langue, partout au monde, pendant une p\u00e9riode sans limites, sans compensation suppl\u00e9mentaire; et (iii) de signer et de remettre \u00e0 Square One un Formulaire de d\u00e9claration dans ce sens.<\/li>\r\n<li>Si une section des Conditions du Concours est d\u00e9clar\u00e9e ou jug\u00e9e d\u2019\u00eatre ill\u00e9gale, inex\u00e9cutable ou nulle par un tribunal comp\u00e9tent, la section en question sera jug\u00e9e d\u2019\u00eatre nulle, mais les sections restantes demeureront en vigueur. En cas de tout conflit entre les conditions du Concours \u00e0 court terme et les pr\u00e9sentes Conditions du Concours \u00e0 long terme, les Conditions \u00e0 long terme auront cours.<\/li>\r\n<\/ol>\r\n\r\n<p>Veuillez diriger des questions ou commentaires au sujet du Concours \u00e0 Assurances Square One&nbsp;: <a href='mailto:aneel.mattu@squareone.ca'>aneel.mattu@squareone.ca<\/a> OU <a href='tel:18553316933'>1.855.331.6933<\/a>.<\/p>\r\n\r\n\r\n\t\t<\/div>\r\n\t\t<\/section>","protected":false},"excerpt":{"rendered":"<p>Conditions du Concours appli mobile (les \u00ab&nbsp;Conditions&nbsp;\u00bb) Veuillez lire les Conditions du Concours appli mobile (le \u00ab&nbsp;Concours&nbsp;\u00bb) \u00e9tablies par Assurances Square One (\u00ab&nbsp;Square One&nbsp;\u00bb ou le \u00ab&nbsp;Commanditaire&nbsp;\u00bb). Nous vous prions de consulter r\u00e9guli\u00e8rement cette page pour obtenir des mises \u00e0 jour. AUCUN ACHAT REQUIS. LISEZ LA SUITE POUR CONNA\u00ceTRE TOUS LES D\u00c9TAILS DU CONCOURS. LE [&hellip;]<\/p>\n","protected":false},"author":11,"featured_media":0,"parent":61785,"menu_order":0,"comment_status":"closed","ping_status":"closed","template":"","meta":{"_acf_changed":false,"footnotes":""},"class_list":["post-62159","page","type-page","status-publish","hentry"],"acf":[],"_links":{"self":[{"href":"https:\/\/www.squareone.ca\/fr\/wp-json\/wp\/v2\/pages\/62159","targetHints":{"allow":["GET"]}}],"collection":[{"href":"https:\/\/www.squareone.ca\/fr\/wp-json\/wp\/v2\/pages"}],"about":[{"href":"https:\/\/www.squareone.ca\/fr\/wp-json\/wp\/v2\/types\/page"}],"author":[{"embeddable":true,"href":"https:\/\/www.squareone.ca\/fr\/wp-json\/wp\/v2\/users\/11"}],"replies":[{"embeddable":true,"href":"https:\/\/www.squareone.ca\/fr\/wp-json\/wp\/v2\/comments?post=62159"}],"version-history":[{"count":8,"href":"https:\/\/www.squareone.ca\/fr\/wp-json\/wp\/v2\/pages\/62159\/revisions"}],"predecessor-version":[{"id":62335,"href":"https:\/\/www.squareone.ca\/fr\/wp-json\/wp\/v2\/pages\/62159\/revisions\/62335"}],"up":[{"embeddable":true,"href":"https:\/\/www.squareone.ca\/fr\/wp-json\/wp\/v2\/pages\/61785"}],"wp:attachment":[{"href":"https:\/\/www.squareone.ca\/fr\/wp-json\/wp\/v2\/media?parent=62159"}],"curies":[{"name":"wp","href":"https:\/\/api.w.org\/{rel}","templated":true}]}}