{"id":62277,"date":"2023-03-15T10:00:59","date_gmt":"2023-03-15T17:00:59","guid":{"rendered":"https:\/\/www.squareone.ca\/soutien\/bases-assurance-conseils\/proprietaires-maisons-et-coproprietes\/ocre-ferreuse"},"modified":"2025-09-26T10:04:25","modified_gmt":"2025-09-26T17:04:25","slug":"ocre-ferreuse","status":"publish","type":"page","link":"https:\/\/www.squareone.ca\/fr\/centres-ressources\/proprietaire-occupant\/ocre-ferreuse","title":{"rendered":"L\u2019ocre ferreuse dans votre maison"},"content":{"rendered":"<section id='intro' class=\"bg-shape-split bg-sub-page-hero\">\r\n    <div class=\"bg-position\">\r\n        <div class=\"container-fluid\">\r\n            <div class=\"row align-items-center\">\r\n                <div class=\"col-12 col-lg-8\">\r\n\t\t\t\t\t<h1>L\u2019ocre ferreuse dans votre maison<\/h1>\r\n<strong>Article r\u00e9dig\u00e9 par <a href=\"\/fr\/a-propos-de-nous\/contributeurs#anthony-michael\" title=\"Auteur : Anthony Michael\">Anthony Michael<\/a><\/strong>\r\n\t\t\t\t\t<div style=\"margin-top:48px;\"><p class=\"pb-4\" style=\"margin-top:-24px\">Mis \u00e0 jour le 18 juin 2024<\/p><\/div>\r\n                <\/div>\r\n            <\/div>\r\n\r\n            <div class=\"row\">\r\n                <div class=\"col-lg-8\">\r\n\r\n                    <p class=\"display-4\">Voyez-vous des taches oranges sur votre pelouse? Y a-t-il des taches de rouille dans le sous-sol? Avez-vous d\u00e9couvert une accumulation de la boue visqueuse orang\u00e9e dans le puisard d\u2019eau pluviale? D\u00e9tectez-vous une odeur semblable \u00e0 des \u0153ufs pourris?<\/p>\r\n\r\n                    <p class=\"display-4\">Si vous r\u00e9pondez oui \u00e0 au moins l\u2019une de ces questions, il est possible que l\u2019ocre ferreuse se trouve sur vos lieux. Dans cet article, nous expliquerons ce que c\u2019est l\u2019ocre ferreuse, comment emp\u00eacher sa formation, comment prot\u00e9ger votre maison et comment les dommages provoqu\u00e9s par l\u2019ocre ferreuse touchent votre assurance habitation.<\/p>\r\n\r\n               <p class=\"pt-2\"><img loading=\"lazy\" decoding=\"async\" src=\"https:\/\/cdn.squareone.ca\/wp-content\/uploads\/2023\/03\/10153518\/iron-ochre-home.jpg\" alt=\"Grande maison avec des d\u00e9p\u00f4ts d\u2019ocre ferreuse visibles sur la fondation et une cour am\u00e9nag\u00e9e\" title=\"L\u2019ocre ferreuse dans votre maison\" width=\"248\" height=\"185\" class=\"img-fluid\" rel=\"noopener noreferrer\"><\/p>\r\n             <\/div>\r\n             <div class=\"col-lg-3 offset-lg-1\">\r\n                    <p class=\"mb-2 display-4 pt-4 pt-lg-0 pt-mb-0\"><strong>Th\u00e8mes<\/strong><\/p>\r\n                    <ul class=\"list-unstyled link-list display-4\">\r\n        \t\t      <li><a href='#what-is'>Qu\u2019est-ce que l\u2019ocre ferreuse?<\/a><\/li>\r\n        \t\t      <li><a href='#favourable-conditions'>Causes de l\u2019ocre ferreuse<\/a><\/li>\r\n        \t\t      <li><a href='#identifying-iron-ochre'>Identification de l\u2019ocre ferreuse<\/a><\/li>\r\n                      <li><a href=\"#consequences\">Cons\u00e9quences<\/li>\r\n                      <li><a href=\"#prevention\">Pr\u00e9vention<\/a><\/li>\r\n                      <li><a href='#home-insurance'>Assurance habitation<\/a><\/li>\r\n        \t\t      <li><a href='#FAQ'>Questions fr\u00e9quemment pos\u00e9es<\/a><\/li>\r\n                        <ul class=\"link-list display-6\">\r\n                            <li type=\"disc\" style=\"font-size:18px\"><a href=\"#hidden-defect\">L\u2019ocre ferreuse est-elle un vice cach\u00e9?<\/a><\/li>\r\n                            <li type=\"disc\" style=\"font-size:18px\"><a href=\"#elimination\">Est-il possible d\u2019\u00e9liminer l\u2019ocre ferreuse?<\/a><\/li>\r\n                            <li type=\"disc\" style=\"font-size:18px\"><a href=\"#detection\">Comment d\u00e9celer l\u2019ocre ferreuse<\/a><\/li>\r\n                        <\/ul>\t\t\t\r\n                    <\/ul>\r\n                <\/div>\r\n            <\/div>  \r\n        <\/div>\r\n    <\/div>\r\n    <div class=\"bg-bottom\"><\/div>\r\n<\/section>    \t\t\r\n\r\n<section>\r\n<div class=\"container-fluid py-6\">\r\n    <div class=\"row\">\r\n        <div class=\"col-12 col-lg-8\">       \r\n\r\n<div class=\"row pb-6\">\r\n                <div class=\"col-12\">\r\n                    <div class=\"card review\" style='background-color:#FFE0C9'>\r\n                        <div class=\"card-body\">\r\n                            <p class=\"h3\">L&rsquo;essentiel<\/p>\r\n                            <ul class='mb-0'>\r\n                                <li>L&rsquo;ocre ferreuse est une substance visqueuse qui se forme d\u2019un processus chimique ou biologique entre le fer, l&rsquo;oxyg\u00e8ne et l&rsquo;eau.<\/li>\r\n                                <li>L&rsquo;ocre ferreuse peut causer indirectement des d\u00e9g\u00e2ts d&rsquo;eau en obstruant les drains, les robinets et les tuyaux.<\/li>\r\n                                <li>Bien que l&rsquo;ocre ferreuse se forme naturellement, il y a des mesures pr\u00e9ventives que vous pouvez prendre pour prot\u00e9ger votre maison.<\/li>\r\n                            <\/ul>\r\n                        <\/div>\r\n                    <\/div>\r\n                <\/div>\r\n            <\/div>\t       \r\n\r\n            <h2 id=\"what-is\">Qu\u2019est-ce que l\u2019ocre ferreuse?<\/h2>\r\n\r\n                    <p><strong>L\u2019ocre ferreuse<\/strong>, ou <strong>l\u2019ocre ferreux<\/strong> est une substance visqueuse ou g\u00e9latineuse caus\u00e9e par la pr\u00e9sence du fer, de l\u2019oxyg\u00e8ne et de l\u2019eau dans la terre. L\u2019ocre ferreuse se forme d\u2019un processus chimique ou biologique ou une combinaison des deux.<\/p>\r\n\r\n                    <p>La r\u00e9action chimique a lieu lorsque le fer dans la terre migre avec l\u2019eau vers le syst\u00e8me de drainage de la maison. Quand ce m\u00e9lange entre en contact avec l\u2019air, le r\u00e9sultat est l\u2019hydroxyde, une substance visqueuse.<\/p>\r\n\r\n                    <p>Dans le processus biologique, l\u2019ocre ferreuse se forme lorsque la ferrobact\u00e9rie dans la nappe phr\u00e9atique entre en contact avec l\u2019air. L\u2019oxydation du fer produit une masse g\u00e9latineuse orang\u00e9e.<\/p>\r\n\r\n            <h2 id=\"favourable-conditions\">Quelles sont les conditions qui favorisent l\u2019ocre ferreuse?<\/h2>\r\n\r\n                    <p>Certaines conditions favorisent la formation de l\u2019ocre ferreuse\u00a0:<\/p>\r\n\r\n                    <ul>\r\n                        <li>Un sol neutre (pH d\u2019environ 7)<\/li>\r\n                        <li>Un drain rainur\u00e9, ce qui permet l\u2019accumulation des d\u00e9p\u00f4ts de fer<\/li>\r\n                        <li>Un drain envelopp\u00e9 d\u2019une membrane filtrante<\/li>\r\n                        <li>Un drain courb\u00e9<\/li>\r\n                        <li>Un sol sableux, a\u00e9r\u00e9 avec du limon<\/li>\r\n                        <li>Un drain avec des ouvertures poin\u00e7onn\u00e9es au lieu d\u2019\u00eatre d\u00e9coup\u00e9es, ce qui donne plus de prise aux d\u00e9p\u00f4ts<\/li>\r\n                        <li>Une nappe phr\u00e9atique \u00e9lev\u00e9e<\/li>\r\n                        <li>Une r\u00e9gion o\u00f9 le risque d\u2019inondation est \u00e9lev\u00e9e<\/li>\r\n                    <\/ul>\r\n\r\n            <h2 id=\"identifying-iron-ochre\">Comment puis-je d\u00e9terminer s\u2019il y a l\u2019ocre ferreuse sur mes lieux?<\/h2>\r\n\r\n                    <p>Le signe r\u00e9v\u00e9lateur de l\u2019ocre ferreuse est sa couleur orang\u00e9e. Vous verrez des taches d\u2019orange sur la pelouse, dans le <a href=\"\/fr\/centres-ressources\/connaitre-votre-habitation\/drain-francais\" title=\"Drain fran\u00e7ais\">drain fran\u00e7ais<\/a> ou sur le sol et les murs du sous-sol. Une odeur semblable au soufre, comme les \u0153ufs pourris, peut \u00e9galement indiquer la pr\u00e9sence de l\u2019ocre ferreuse.<\/p>\r\n\r\n                    <p>La pr\u00e9sence de l\u2019ocre ferreuse peut \u00e9galement causer de l\u2019humidit\u00e9 tr\u00e8s \u00e9lev\u00e9e dans la maison. Cela se manifeste sous forme de la condensation ou de la <a href=\"\/fr\/centres-ressources\/securite-domiciliaire-personnelle\/moisissure\" title=\"La moisissure et votre habitation\">moisissure<\/a> sur les fen\u00eatres.<\/p>\r\n\r\n            <h2 id=\"consequences\">Quelles sont les cons\u00e9quences de l\u2019ocre ferreuse?<\/h2>\r\n\r\n                    <p>L\u2019ocre ferreuse peut causer des d\u00e9g\u00e2ts d\u2019eau dans votre maison, entre autres\u00a0:<\/p>\r\n\r\n                    <ul>\r\n                        <li>L\u2019accumulation de d\u00e9p\u00f4ts de boue visqueuse orang\u00e9e dans le puisard d\u2019eau pluviale et dans les foss\u00e9s.<\/li>\r\n                        <li>L\u2019obstruction du clapet anti-refoulement<\/a>.<\/li>\r\n                        <li>L\u2019accumulation des d\u00e9p\u00f4ts d\u2019ocre ferreuse sur les murs int\u00e9rieurs et ext\u00e9rieurs du drain fran\u00e7ais, ce qui emp\u00eache le drainage normal. En cons\u00e9quence, l\u2019eau s\u2019accumule autour de la fondation de la maison et en dessous de la dalle en b\u00e9ton.<\/li>\r\n                        <li>L\u2019obstruction des conduits d\u2019\u00e9gout pluvial et l\u2019aire de captage des eaux.<\/li>\r\n                    <\/ul>\r\n\r\n                    <p>Sur le plan sant\u00e9, l\u2019ocre ferreuse n\u2019est pas mortelle. Toutefois, si la substance entre en contact avec la peau, il faut laver l\u2019aire touch\u00e9e \u00e0 l\u2019eau savonneuse.<\/p>\r\n\r\n                    <p>Remarquez que l\u2019ocre ferreuse peut causer la formation de la moisissure, ce qui peut provoquer des probl\u00e8mes de sant\u00e9.<\/p>\r\n\r\n\t\t\t<\/div>\r\n        <\/div>\r\n    <\/div>\r\n<\/section>\r\n\r\n\t<section class=\"bg-transparent\">\n\t\t<img decoding=\"async\" src=\"\/sales\/images\/bgs\/bg-mid-page-cta-general-top.svg\" style=\"width: 100%; vertical-align: bottom; position: relative; top: 1px\"\/>\n\t\t\n\t\t<div class=\"bg-darkTeal py-3\">\t\t\t\n\t\t\t<div class=\"container-fluid\">\n\t\t\t\t<div class=\"row d-flex align-items-center pb-5\">\n\t\t\t\t\t<div class=\"col-12 col-md-8 offset-md-2 px-lg-5 pb-5 pb-lg-0\">\n\t\t\t\t\t\t<div class=\"h6 mb-4 text-primary text-uppercase text-center\">\n\t\t\t\t\t\t\tCela ne prend que 5\u00a0minutes \n\t\t\t\t\t\t<\/div>\t\t\n\t\t\t\t\t\t\t\t\t\t\t\n\t\t\t\t\t\t<p class=\"lead px-lg-5 text-white\">\n\t\t\t\t\t\t\t<strong class=\"d-inline-block text-uc-first\">Pr\u00eat \u00e0 obtenir une soumission en ligne? <\/strong> Votre temps est aussi pr\u00e9cieux que vos possessions. Obtenez une soumission d'assurance habitation en <strong>5 minutes<\/strong>. C\u2019est moins de temps qu\u2019il n\u2019en faut pour faire la file pour un caf\u00e9.\n\t\t\t\t\t\t<\/p>\t\t\t\n\t\n\t\t\t\t\t\t<div id=\"sq1-qw-e27e9e2fbcb7\" class=\"sq1-quote-widget mb-4 text-white\" data-quote-widget-type=\"HOME\" data-has-custom-text=\"true\">\n\t\t\t\t\t\t\t<div class=\"input-group input-group-focus-within bg-white my-4\">\n\t\t\t\t\t\t\t\t<div>\n\t\t\t\t\t\t\t\t\t<div class=\"input-group-text\">\n\t\t\t\t\t\t\t\t\t\t<i class=\"fa fa-map-marker d-block text-black\"><\/i>\n\t\t\t\t\t\t\t\t\t<\/div>\n\t\t\t\t\t\t\t\t<\/div>\n\t\t\t\t\t\t\t\t<input type=\"text\" class=\"form-control\" style=\"padding: 10px;\" placeholder=\"Enter an address\" aria-label=\"Inscrivez votre adresse pour obtenir une soumission\"\/>\n\t\t\t\t\t\t\t\t<div>\n\t\t\t\t\t\t\t\t\t<button class=\"btn btn-primary\">Obtenir une soumission en ligne d\u00e8s maintenant<\/button>\n\t\t\t\t\t\t\t\t<\/div>\n\t\t\t\t\t\t\t<\/div>\n\t\t\t\t\t\t<\/div>\n\t\t\t\t\t\t\n\t\t\t\t\t\t<p class=\"small text-white\">Avant de commencer, veuillez lire notre <a href=\"https:\/\/www.squareone.ca\/fr\/politique-confidentialite\" target=\"_blank\" rel=\"noreferrer noopener\">Politique de confidentialit\u00e9<\/a> et nos <a href=\"https:\/\/www.squareone.ca\/fr\/conditions-utilisation\" target=\"_blank\" rel=\"noreferrer noopener\">Conditions d\u2019utilisation<\/a>.<\/p>\t\n\t\n\t\t\t\t\t\t<script type=\"text\/javascript\">\n\t\t\t\t\t\t(function() {\n\t\t\t\t\t\t\tdocument.addEventListener('soiMiscJsLoaded', function() {\n\t\t\t\t\t\t        $(document).ready(function() {\n\t\t\t\t\t\t\t\t\tsoiQuoteWidget.processFormWidget('\/sales\/index.php\/json_quote_widget?rand=' +Math.random(), 'qwContainer'); \/\/populate quoting widget with content from symfony.\n\t\t\t\t\t\t\t\t});\n\t\t\t\t\t\t\t});\n\t\t\t\t\t\t})();\n\t\t\t\t\t\t<\/script>\n\t\t\t\t\t<\/div>\n\t\t\t\t<\/div>\n\t\t\t<\/div>\n\t\t<\/div>\n\t\t\n\t\t<img decoding=\"async\" src=\"\/sales\/images\/bgs\/bg-mid-page-cta-general-bottom.svg\" style=\"width: 100%; vertical-align: top\"\/>\t\t\n\t<\/section>\r\n\r\n<section>\r\n    <div class=\"container-fluid py-6\">\r\n        <div class=\"row\">\r\n            <div class=\"col-12 col-lg-8\">\r\n\r\n                <h2 id=\"prevention\">Comment emp\u00eacher la formation de l\u2019ocre ferreuse et prot\u00e9ger votre maison<\/h2>\r\n\r\n                        <p>\u00c9tant donn\u00e9 que l\u2019ocre ferreuse se forme naturellement en raison de la pr\u00e9sence du fer et de l\u2019eau dans la terre, il est impossible d\u2019emp\u00eacher les r\u00e9actions chimiques qui donnent lieu \u00e0 sa formation.<\/p>\r\n\r\n                        <p>Cela dit, vous pouvez toujours prendre des mesures pour prot\u00e9ger votre maison\u00a0:<\/p>\r\n\r\n                        <ul>\r\n                            <li>En modifiant la pente du terrain<\/li>\r\n                            <li>En scellant la jonction des murs de b\u00e9ton et de la fondation<\/li>\r\n                            <li>En installant des chemin\u00e9es de nettoyage<\/li>\r\n                            <li>En installant un enduit hydrofuge<\/li>\r\n                            <li>En posant une membrane d\u2019\u00e9tanch\u00e9it\u00e9 sur la fondation<\/li>\r\n                            <li>En rehaussant la dalle du sous-sol et le drainage sous la dalle<\/li>\r\n                            <li>En installant et en nettoyant les chemin\u00e9es de nettoyage dans le drain fran\u00e7ais<\/li>\r\n                        <\/ul>\r\n\r\n                        <p>Selon une \u00e9tude de l\u2019universit\u00e9 <a href=\"\/\/www.egr.msu.edu\/bae\/water\/drainage\/iron-ochre-clogging\" title=\"Iron ochre clogging\" rel=\"noopener noreferrer\" target=\"_blank\">Michigan State<\/a>, les propri\u00e9taires occupants peuvent prendre un nombre de mesures pour att\u00e9nuer les effets de l\u2019ocre ferreuse, comme l\u2019augmentation de l\u2019a\u00e9ration du sol, l\u2019emploi de certains types de tuyaux et l\u2019\u00e9limination de l\u2019alimentation en oxyg\u00e8ne.<\/p>\r\n\r\n                        <p>Nous savons que le fer migre avec l\u2019eau vers le syst\u00e8me de drainage de la maison. Le fait d\u2019a\u00e9rer le sol emp\u00eache que le fer devienne soluble et migre vers le drain.<\/p>\r\n\r\n                        <p>Les tuyaux avec des perforations circulaires plus grandes (de 0,5\u00a0cm \u00e0 1,3\u00a0cm) retarderont l\u2019accumulation de l\u2019ocre ferreuse. Les tuyaux \u00e0 fentes permettent \u00e0 l\u2019ocre ferreuse de combler plus rapidement l\u2019espace plus \u00e9troit et de bloquer le tuyau en cons\u00e9quence.<\/p>\r\n\r\n                        <p>\u00c9tant donn\u00e9 que le m\u00e9lange du fer, de l\u2019eau et de l\u2019oxyg\u00e8ne cause la formation de l\u2019ocre ferreuse, l\u2019\u00e9limination ou la r\u00e9duction de l\u2019alimentation en oxyg\u00e8ne aide \u00e0 emp\u00eacher la formation de la substance. L\u2019installation des tuyaux de drainage plus profonds (de 1,2\u00a0m \u00e0 1,5\u00a0m de profondeur) baisse le risque de la formation de l\u2019ocre ferreuse, car les tuyaux sont plus \u00e9loign\u00e9s de l\u2019air.<\/p>\r\n\r\n                <h2 id=\"home-insurance\">Consid\u00e9rations en assurance habitation<\/h2>\r\n\r\n                        <p>Pour une maison endommag\u00e9e par les cons\u00e9quences de l\u2019ocre ferreuse, l\u2019admissibilit\u00e9 \u00e0 la couverture en assurance est d\u00e9termin\u00e9e en fonction des circonstances.<\/p>\r\n\r\n                        <p>La plupart des dommages provoqu\u00e9s par l\u2019ocre ferreuse sont progressifs. Or, l\u2019assurance habitation ne couvre pas les dommages survenant au cours d&rsquo;une p\u00e9riode prolong\u00e9e. Par exemple, les dommages issus de l\u2019infiltration progressive des eaux souterraines caus\u00e9s par l\u2019obstruction de l\u2019ocre ferreuse dans le drain fran\u00e7ais ne seraient pas couverts.<\/p>\r\n\r\n                        <p>En revanche,  si l\u2019accumulation de l\u2019ocre ferreuse cause le refoulement ou l\u2019\u00e9clatement subit d\u2019un tuyau des eaux d\u2019\u00e9gout dans le sous-sol, par exemple, il est possible que les dommages en d\u00e9coulant soient admissibles \u00e0 la couverture.<\/p>\r\n\r\n                        <p>C\u2019est l\u2019aspect subit des dommages qui importe dans ce cas.<\/p>\r\n\r\n                        <p>Si l\u2019ocre ferreuse se r\u00e9pand dans le sous-sol apr\u00e8s l\u2019\u00e9clatement subit d\u2019un tuyau, il est possible que les dommages aux biens en d\u00e9coulant soient couverts. Par contre, les dommages caus\u00e9s par la p\u00e9n\u00e9tration progressive de l\u2019ocre ferreuse dans le sous-sol ou dans les murs ne seraient pas couverts, car le propri\u00e9taire occupant a n\u00e9glig\u00e9 de rem\u00e9dier au probl\u00e8me.<\/p>\r\n\r\n                <h2 id=\"FAQs\">Questions fr\u00e9quemment pos\u00e9es<\/h2>\r\n\r\n                    <h3 id=\"hidden-defect\">L\u2019ocre ferreuse constitue-t-elle un vice cach\u00e9?<\/h3>\r\n\r\n                        <p>Un <a href=\"\/fr\/centres-ressources\/achat-vente-demenagement-habitation\/vice-cache\" title=\"Les vices cach\u00e9s au Qu\u00e9bec\">vice cach\u00e9<\/a> est tout d\u00e9faut s\u00e9rieux, cach\u00e9, qui existait au moment de la vente de la maison et que l\u2019acheteur ignorait au moment de l\u2019achat. Selon la situation, la pr\u00e9sence de l\u2019ocre ferreuse peut constituer un vice cach\u00e9 qui est la responsabilit\u00e9 du vendeur.<\/p>\r\n\r\n                        <p>Par exemple, si le vendeur n\u2019a pas divulgu\u00e9 qu\u2019il y avait des d\u00e9p\u00f4ts de l\u2019ocre ferreuse dans le drain fran\u00e7ais, il s\u2019agirait d\u2019un vice cach\u00e9.<\/p>\r\n\r\n                        <p>Toutefois, si l\u2019ocre ferreuse se formait apr\u00e8s la vente de la maison, elle ne serait pas jug\u00e9e d\u2019\u00eatre un vice cach\u00e9, car il s\u2019agit d\u2019un probl\u00e8me qui n\u2019existait pas au moment de la vente. Dans le m\u00eame ordre d&rsquo;id\u00e9es, si l\u2019acheteur voyait des taches orang\u00e9es d\u2019ocre ferreuse sur la pelouse pendant une visite sur les lieux, la pr\u00e9sence de l\u2019ocre ferreuse ne constituerait pas un vice cach\u00e9, car l&rsquo;acheteur aurait \u00e9t\u00e9 au courant de l&rsquo;existence de l&rsquo;ocre ferreuse sur la propri\u00e9t\u00e9..<\/p>\r\n\r\n                    <h3 id=\"elimination\">Peut-on \u00e9liminer l\u2019ocre ferreuse?<\/h3>\r\n\r\n                        <p>Non. Le fer est une substance naturelle qui se trouve dans la terre et qui peut se m\u00e9langer avec l\u2019eau et l\u2019air, donc l\u2019\u00e9limination de l\u2019ocre ferreuse n\u2019est pas faisable.<\/p>\r\n\r\n                    <h3 id=\"detection\">\u00c0 part l\u2019\u00e9vidence visuelle des d\u00e9p\u00f4ts, y a-t-il d\u2019autres moyens de d\u00e9celer la pr\u00e9sence de l\u2019ocre ferreuse?<\/h3>\r\n\r\n                        <p>Une analyse de l\u2019ocre ferreuse faite par un professionnel peut r\u00e9v\u00e9ler la pr\u00e9sence de l\u2019ocre ferreuse.<\/p>\r\n\r\n                        <p>Typiquement, on prend un \u00e9chantillon de l\u2019eau de l\u2019int\u00e9rieur du syst\u00e8me de drainage ou des eaux souterraines pr\u00e8s de la surface. On analyse \u00e9galement le niveau de pH, l\u2019activit\u00e9 bact\u00e9rienne et la quantit\u00e9 de fer. Une bande indicatrice de fer mesure la concentration du fer ferreux en mg\/L. Un r\u00e9sultat inf\u00e9rieur \u00e0 1 signifie que la pr\u00e9sence de l\u2019ocre ferreuse est n\u00e9gligeable, de 1 \u00e0 5, faible, de 5 \u00e0 10, mod\u00e9r\u00e9, de 10 \u00e0 25, \u00e9lev\u00e9 et de 25 et plus, tr\u00e8s \u00e9lev\u00e9.<\/p>\r\n\r\n                        <p><strong>Vous voulez en savoir plus?<\/strong> Consultez notre <a href=\"\/fr\/centres-ressources\/proprietaire-occupant\" title=\"Centre de ressources : propri\u00e9taire occupant\">Centre de ressources&nbsp;: propri\u00e9taire occupant<\/a> pour acc\u00e9der \u00e0 des articles pour vous guider sur la vie de propri\u00e9taire. Ensuite, <a href=\"\/fr\/soumission-assurance-habitation-en-ligne\" title=\"Obtenir une soumission d\u2019assurance habitation en ligne\">obtenez une soumission d'assurance habitation en ligne<\/a> en moins de 5\u00a0minutes et d\u00e9couvrez \u00e0 quel point l\u2019assurance habitation personnalis\u00e9e peut \u00eatre abordable.<\/p>\r\n\r\n            <\/div>\r\n        <\/div>\r\n    <\/div>\r\n<\/section>\r\n<script type=\"application\/ld+json\">\r\n{\r\n  \"@context\": \"https:\/\/schema.org\",\r\n   \"@type\": \"WebPage\",\r\n  \"mainEntityOfPage\": {\r\n    \"@type\": \"Article\",\r\n    \"@id\": \"https:\/\/www.squareone.ca\/fr\/centres-ressources\/proprietaire-occupant\/ocre-ferreuse\"\r\n  },\r\n  \"author\": [\r\n    {\r\n      \"@type\": \"Person\",\r\n      \"name\": \"Anthony Michael\",\r\n      \"url\": \"https:\/\/www.squareone.ca\/fr\/a-propos-de-nous\/membres-equipe#anthony-michael\"\r\n    }\r\n  ],\r\n  \"headline\": \"L\u2019ocre ferreuse dans votre maison\",\r\n  \"datePublished\": \"\",\r\n  \"dateModified\": \"\",\r\n  \"inLanguage\": \"fr-CA\",\r\n  \"isAccessibleForFree\": true\r\n}\r\n<\/script>\r\n<script type=\"application\/ld+json\">\r\n{\r\n  \"@context\": \"https:\/\/schema.org\",\r\n  \"@type\": \"FAQPage\",\r\n  \"mainEntity\": [{\r\n    \"@type\": \"Question\",\r\n    \"name\": \"L\u2019ocre ferreuse constitue-t-elle un vice cach\u00e9?\",\r\n    \"acceptedAnswer\": {\r\n      \"@type\": \"Answer\",\r\n      \"text\": \"Un vice cach\u00e9 est tout d\u00e9faut s\u00e9rieux, cach\u00e9, qui existait au moment de la vente de la maison et que l\u2019acheteur ignorait au moment de l\u2019achat. Selon la situation, la pr\u00e9sence de l\u2019ocre ferreuse peut constituer un vice cach\u00e9 qui est la responsabilit\u00e9 du vendeur. Par exemple, si le vendeur n\u2019a pas divulgu\u00e9 qu\u2019il y avait des d\u00e9p\u00f4ts de l\u2019ocre ferreuse dans le drain fran\u00e7ais, il s\u2019agirait d\u2019un vice cach\u00e9. Toutefois, si l\u2019ocre ferreuse se formait apr\u00e8s la vente de la maison, elle ne serait pas jug\u00e9e d\u2019\u00eatre un vice cach\u00e9, car il s\u2019agit d\u2019un probl\u00e8me qui n\u2019existait pas au moment de la vente. Dans le m\u00eame ordre d'id\u00e9es, si l\u2019acheteur voyait des taches orang\u00e9es d\u2019ocre ferreuse sur la pelouse pendant une visite sur les lieux, la pr\u00e9sence de l\u2019ocre ferreuse ne constitueraient pas un vice cach\u00e9.\"\r\n    }\r\n  },{\r\n    \"@type\": \"Question\",\r\n    \"name\": \"Peut-on \u00e9liminer l\u2019ocre ferreuse?\",\r\n    \"acceptedAnswer\": {\r\n      \"@type\": \"Answer\",\r\n      \"text\": \"Non. Le fer est une substance naturelle qui se trouve dans la terre et qui peut se m\u00e9langer avec l\u2019eau et l\u2019air, donc l\u2019\u00e9limination de l\u2019ocre ferreuse n\u2019est pas faisable.\"\r\n    }\r\n  },{\r\n    \"@type\": \"Question\",\r\n    \"name\": \"\u00c0 part l\u2019\u00e9vidence visuelle des d\u00e9p\u00f4ts, y a-t-il d\u2019autres moyens de d\u00e9celer la pr\u00e9sence de l\u2019ocre ferreuse?\",\r\n    \"acceptedAnswer\": {\r\n      \"@type\": \"Answer\",\r\n      \"text\": \"Une analyse de l\u2019ocre ferreuse faite par un professionnel peut d\u00e9celer la pr\u00e9sence de l\u2019ocre ferreuse. Typiquement, on prend un \u00e9chantillon de l\u2019eau de l\u2019int\u00e9rieur du syst\u00e8me de drainage ou des eaux souterraines pr\u00e8s de la surface. On analyse \u00e9galement le niveau de Ph, l\u2019activit\u00e9 bact\u00e9rienne et la quantit\u00e9 de fer. Une bande indicatrice de fer mesure la concentration du fer ferreux en mg\/L. Un r\u00e9sultat inf\u00e9rieur \u00e0 1 signifie que la pr\u00e9sence de l\u2019ocre ferreuse est n\u00e9gligeable, de 1 \u00e0 5, faible, de 5 \u00e0 10, mod\u00e9r\u00e9, de 10 \u00e0 25, \u00e9lev\u00e9 et de 25 et plus, tr\u00e8s \u00e9lev\u00e9.\"\r\n    }\r\n  }]\r\n}\r\n<\/script>","protected":false},"excerpt":{"rendered":"<p>L\u2019ocre ferreuse dans votre maison Voyez-vous des taches oranges sur votre pelouse? Y a-t-il des taches de rouille dans le sous-sol? Avez-vous d\u00e9couvert une accumulation de la boue visqueuse orang\u00e9e dans le puisard d\u2019eau pluviale? D\u00e9tectez-vous une odeur semblable \u00e0 des \u0153ufs pourris? Si vous r\u00e9pondez oui \u00e0 au moins l\u2019une de ces questions, il [&hellip;]<\/p>\n","protected":false},"author":20,"featured_media":62256,"parent":48241,"menu_order":0,"comment_status":"closed","ping_status":"closed","template":"page-article-new.php","meta":{"_acf_changed":false,"footnotes":""},"class_list":["post-62277","page","type-page","status-publish","has-post-thumbnail","hentry"],"acf":[],"_links":{"self":[{"href":"https:\/\/www.squareone.ca\/fr\/wp-json\/wp\/v2\/pages\/62277","targetHints":{"allow":["GET"]}}],"collection":[{"href":"https:\/\/www.squareone.ca\/fr\/wp-json\/wp\/v2\/pages"}],"about":[{"href":"https:\/\/www.squareone.ca\/fr\/wp-json\/wp\/v2\/types\/page"}],"author":[{"embeddable":true,"href":"https:\/\/www.squareone.ca\/fr\/wp-json\/wp\/v2\/users\/20"}],"replies":[{"embeddable":true,"href":"https:\/\/www.squareone.ca\/fr\/wp-json\/wp\/v2\/comments?post=62277"}],"version-history":[{"count":9,"href":"https:\/\/www.squareone.ca\/fr\/wp-json\/wp\/v2\/pages\/62277\/revisions"}],"predecessor-version":[{"id":77025,"href":"https:\/\/www.squareone.ca\/fr\/wp-json\/wp\/v2\/pages\/62277\/revisions\/77025"}],"up":[{"embeddable":true,"href":"https:\/\/www.squareone.ca\/fr\/wp-json\/wp\/v2\/pages\/48241"}],"wp:featuredmedia":[{"embeddable":true,"href":"https:\/\/www.squareone.ca\/fr\/wp-json\/wp\/v2\/media\/62256"}],"wp:attachment":[{"href":"https:\/\/www.squareone.ca\/fr\/wp-json\/wp\/v2\/media?parent=62277"}],"curies":[{"name":"wp","href":"https:\/\/api.w.org\/{rel}","templated":true}]}}