{"id":62498,"date":"2023-04-05T15:55:56","date_gmt":"2023-04-05T22:55:56","guid":{"rendered":"https:\/\/www.squareone.ca\/soutien\/bases-assurance-conseils\/locataires\/assurance-locataire-au-canada"},"modified":"2025-06-19T12:17:18","modified_gmt":"2025-06-19T19:17:18","slug":"assurance-locataire-au-canada","status":"publish","type":"page","link":"https:\/\/www.squareone.ca\/fr\/centres-ressources\/locataire\/souscrire-assurance-locataire","title":{"rendered":"Pourquoi vous avez besoin de souscrire une assurance locataire"},"content":{"rendered":"<section id='intro' class=\"bg-shape-split bg-sub-page-hero\">\r\n    <div class=\"bg-position\">\r\n        <div class=\"container-fluid\">\r\n            <div class=\"row align-items-center\">\r\n                <div class=\"col-12\">\r\n                    <h1>Pourquoi vous avez besoin de souscrire une assurance locataire<\/h1>\r\n<strong>Article r\u00e9dig\u00e9 par l'\u00e9quipe de Square One<\/strong>\r\n                    <p><strong>Article \u00e9valu\u00e9 par <a href=\"\/fr\/a-propos-de-nous\/experts\/daniel-mirkovic\" title=\"Expert : Daniel Mirkovic\">Daniel Mirkovic<\/a><\/strong><\/p>\t\r\n                    <p class=\"pb-4\" style=\"margin-top:-24px\">Mis \u00e0 jour le 18 juin 2024<\/p>\r\n                <\/div>\r\n            <\/div>\r\n\r\n            <div class=\"row\">\r\n                <div class=\"col-lg-8\">\r\n                    <p class=\"display-4\">Si vous louez une petite place et n\u2019avez pas beaucoup de possessions, vous pensez sans doute que vous n\u2019avez pas besoin de souscrire une <a href=\"\/fr\/locataire\" title=\"Tenant insurance\">assurance locataire<\/a>.<\/p>\r\n                    <p class=\"pt-2\"><img decoding=\"async\" loading=\"lazy\" src=\"https:\/\/cdn.squareone.ca\/wp-content\/uploads\/2023\/04\/06132435\/signer-un-contrat.png\" alt=\"\" width=\"248px\" class=\"img-fluid\" rel=\"noopener noreferrer\" \/><\/a><\/p>        \r\n                <\/div>\r\n\r\n                <div class=\"col-lg-3 offset-lg-1\">\r\n                    <p class=\"mb-2 display-4 pt-4 pt-lg-0 pt-mb-0\"><strong>Th\u00e8mes<\/strong><\/p>\r\n                    <ul class=\"list-unstyled link-list display-4\">\r\n                      <li><a href='#Misconceptions'>Id\u00e9es re\u00e7ues<\/a><\/li>\r\n                      <li><a href='#Why-buy'>10\u00a0raisons pour souscrire une assurance locataire<\/a><\/li>\r\n                    <\/ul>\r\n                <\/div>\r\n            <\/div>  \r\n        <\/div>\r\n    <\/div>\r\n    <div class=\"bg-bottom\"><\/div>\r\n<\/section>\r\n\r\n\r\n<section>\r\n<div class=\"container-fluid py-6\">\r\n    <div class=\"row\">\r\n        <div class=\"col-12 col-lg-8\">\r\n\r\n                <h2 id=\"Misconceptions\">Id\u00e9es re\u00e7ues<\/h2>\r\n\r\n                <p>Voici quelques id\u00e9es re\u00e7ues au sujet de l\u2019assurance locataire\u00a0:<\/p>\r\n\r\n                <h3>Je n\u2019ai pas beaucoup de possessions \u00e0 prot\u00e9ger<\/h3> \r\n                <p>Si vous additionnez le co\u00fbt de remplacer vos v\u00eatements, chaussures et accessoires, ainsi que les \u00e9l\u00e9ments de base de votre cuisine et de votre salle de bain, vous serez peut-\u00eatre \u00e9tonn\u00e9 du montant, m\u00eame si vous croyez que vous n\u2019avez pas \u00e9norm\u00e9ment de possessions. T\u00e9l\u00e9chargez notre simple <a title=\"Liste d\u2019inventaire de la maison \u2013 fichier Excel\" href=\"https:\/\/cdn.squareone.ca\/wp-content\/uploads\/2021\/07\/19053851\/SQ1-Inventaire-maison.xlsx\">liste d\u2019inventaire de la maison<\/a> pour avoir une id\u00e9e approximative de la valeur de vos possessions. Vous pouvez \u00e9galement consulter la <a href=\"https:\/\/www.squareone.ca\/wp-content\/uploads\/2021\/07\/SQ1-Inventaire-maison.pdf\" title=\"Liste d\u2019inventaire de la maison - PDF\" target=\"_blank\" rel=\"noopener noreferrer\">version en ligne en PDF ici<\/a>.<\/p>\r\n\r\n                <h3>\u00c0 titre d\u2019\u00e9tudiant, je suis couvert en vertu de l\u2019assurance de mes parents, non?<\/h3> \r\n                <p>Remarquez que certaines polices d\u2019assurance limitent la valeur de la couverture des possessions des <a href=\"https:\/\/www.squareone.ca\/fr\/centres-ressources\/locataire\/assurance-etudiant-exterieur\" title=\"Assurance pour les \u00e9tudiants vivant \u00e0 l\u2019ext\u00e9rieur de la maison\">\u00e9tudiants qui vivent \u00e0 l\u2019ext\u00e9rieur de la maison<\/a>. La plupart des polices exigent que l\u2019\u00e9tudiant soit financi\u00e8rement d\u00e9pendant de ses parents et qu&rsquo;il vive temporairement \u00e0 l\u2019ext\u00e9rieur. Avez-vous pass\u00e9 en revue la police d\u2019assurance de vos parents? Savez-vous si vous seriez toujours admissible \u00e0 la couverture si vous obteniez un travail d\u2019\u00e9t\u00e9 et ne retourniez pas \u00e0 la maison de vos parents?<\/p>\r\n\r\n                <h3>Responsabilit\u00e9 civile? \u00c7a n\u2019a rien \u00e0 voir avec moi<\/h3> \r\n                <p>Si vous organisez une f\u00eate et quelqu\u2019un tr\u00e9buche sur votre tapis, il est possible que <a href=\"\/fr\/centres-ressources\/bases-assurance\/assurance-responsabilite-civile\" title=\"Qu\u2019est-ce que l\u2019assurance responsabilit\u00e9 civile?\">vous soyez tenu responsable d\u2019\u00e9ventuelles blessures<\/a>. Si vous blessez quelqu\u2019un involontairement pendant une activit\u00e9 sportive, vous pourriez \u00eatre tenu responsable des dommages corporels. Il est rare qu\u2019un ami vous poursuive en justice ou qu\u2019un accident survienne, mais voulez-vous prendre le risque?<\/p>\r\n\r\n                <h3>L\u2019assurance est trop dispendieuse<\/h3> \r\n                <p>Les primes d\u2019assurance d\u00e9pendent de la valeur de vos possessions. Vous pouvez r\u00e9duire votre prime mensuelle en augmentant votre franchise\u00a0: vous prenez un peu plus de risque, mais vous payez une prime moins \u00e9lev\u00e9e. Si le co\u00fbt de l\u2019assurance vous pr\u00e9occupe, pensez aux frais de <a href=\"\/fr\/centres-ressources\/bases-assurance\/telephone-cellulaire-portable-montre-intelligente\" title=\"Comment assurer les t\u00e9l\u00e9phones cellulaires, les portables et les montres intelligentes?\">remplacer votre portable ou t\u00e9l\u00e9phone intelligent<\/a>.<\/p>\r\n\t\t\t\t\r\n\t\t  <\/div>\r\n        <\/div>\r\n    <\/div>\r\n<\/section>\r\n\r\n\t<section class=\"bg-transparent\">\n\t\t<img decoding=\"async\" src=\"\/sales\/images\/bgs\/bg-mid-page-cta-general-top.svg\" style=\"width: 100%; vertical-align: bottom; position: relative; top: 1px\"\/>\n\t\t\n\t\t<div class=\"bg-darkTeal py-3\">\t\t\t\n\t\t\t<div class=\"container-fluid\">\n\t\t\t\t<div class=\"row d-flex align-items-center pb-5\">\n\t\t\t\t\t<div class=\"col-12 col-md-8 offset-md-2 px-lg-5 pb-5 pb-lg-0\">\n\t\t\t\t\t\t<div class=\"h6 mb-4 text-primary text-uppercase text-center\">\n\t\t\t\t\t\t\tCela ne prend que 5\u00a0minutes \n\t\t\t\t\t\t<\/div>\t\t\n\t\t\t\t\t\t\t\t\t\t\t\n\t\t\t\t\t\t<p class=\"lead px-lg-5 text-white\">\n\t\t\t\t\t\t\t<strong class=\"d-inline-block text-uc-first\">Pr\u00eat \u00e0 obtenir une soumission en ligne? <\/strong> Votre temps est aussi pr\u00e9cieux que vos possessions. Obtenez une soumission d'assurance habitation en <strong>5 minutes<\/strong>. C\u2019est moins de temps qu\u2019il n\u2019en faut pour faire la file pour un caf\u00e9.\n\t\t\t\t\t\t<\/p>\t\t\t\n\t\n\t\t\t\t\t\t<div id=\"sq1-qw-526c76383163\" class=\"sq1-quote-widget mb-4 text-white\" data-quote-widget-type=\"HOME\" data-has-custom-text=\"true\">\n\t\t\t\t\t\t\t<div class=\"input-group input-group-focus-within bg-white my-4\">\n\t\t\t\t\t\t\t\t<div>\n\t\t\t\t\t\t\t\t\t<div class=\"input-group-text\">\n\t\t\t\t\t\t\t\t\t\t<i class=\"fa fa-map-marker d-block text-black\"><\/i>\n\t\t\t\t\t\t\t\t\t<\/div>\n\t\t\t\t\t\t\t\t<\/div>\n\t\t\t\t\t\t\t\t<input type=\"text\" class=\"form-control\" style=\"padding: 10px;\" placeholder=\"Enter an address\" aria-label=\"Inscrivez votre adresse pour obtenir une soumission\"\/>\n\t\t\t\t\t\t\t\t<div>\n\t\t\t\t\t\t\t\t\t<button class=\"btn btn-primary\">Obtenir une soumission en ligne d\u00e8s maintenant<\/button>\n\t\t\t\t\t\t\t\t<\/div>\n\t\t\t\t\t\t\t<\/div>\n\t\t\t\t\t\t<\/div>\n\t\t\t\t\t\t\n\t\t\t\t\t\t<p class=\"small text-white\">Avant de commencer, veuillez lire notre <a href=\"https:\/\/www.squareone.ca\/fr\/politique-confidentialite\" target=\"_blank\" rel=\"noreferrer noopener\">Politique de confidentialit\u00e9<\/a> et nos <a href=\"https:\/\/www.squareone.ca\/fr\/conditions-utilisation\" target=\"_blank\" rel=\"noreferrer noopener\">Conditions d\u2019utilisation<\/a>.<\/p>\t\n\t\n\t\t\t\t\t\t<script type=\"text\/javascript\">\n\t\t\t\t\t\t(function() {\n\t\t\t\t\t\t\tdocument.addEventListener('soiMiscJsLoaded', function() {\n\t\t\t\t\t\t        $(document).ready(function() {\n\t\t\t\t\t\t\t\t\tsoiQuoteWidget.processFormWidget('\/sales\/index.php\/json_quote_widget?rand=' +Math.random(), 'qwContainer'); \/\/populate quoting widget with content from symfony.\n\t\t\t\t\t\t\t\t});\n\t\t\t\t\t\t\t});\n\t\t\t\t\t\t})();\n\t\t\t\t\t\t<\/script>\n\t\t\t\t\t<\/div>\n\t\t\t\t<\/div>\n\t\t\t<\/div>\n\t\t<\/div>\n\t\t\n\t\t<img decoding=\"async\" src=\"\/sales\/images\/bgs\/bg-mid-page-cta-general-bottom.svg\" style=\"width: 100%; vertical-align: top\"\/>\t\t\n\t<\/section>\r\n\r\n<section>\r\n    <div class=\"container-fluid py-6\">\r\n        <div class=\"row\">\r\n            <div class=\"col-12 col-lg-8\">\r\n\r\n                <h2 id=\"Why-buy\">10\u00a0super raisons pour souscrire une assurance locataire<\/h2>\r\n                <p>Si vous avez toujours des doutes, voici 10\u00a0excellentes raisons pour souscrire une assurance locataire\u00a0:<\/p>\r\n\r\n                <ol>\r\n\r\n                  <li><h3>Les propri\u00e9taires bailleurs l\u2019exigent<\/h3><p>Souvent, avant de vous accorder une habitation \u00e0 louer, le propri\u00e9taire bailleur insiste que vous souscriviez une police d\u2019assurance locataire. Il y a plusieurs raisons <a href=\"\/fr\/centres-ressources\/proprietaire-bailleur\/exigence-assurance-locataire\" title=\"Pourquoi les locataires ont-ils besoin d\u2019assurance?\">pour lesquelles un propri\u00e9taire bailleur voudrait que ses locataires souscrivent une assurance en r\u00e8gle<\/a>. L\u2019assurance locataire prot\u00e8ge l\u2019habitation contre les dommages involontaires provoqu\u00e9s par un locataire et peut \u00e9galement prot\u00e9ger le locataire contre l\u2019impr\u00e9vu.<\/p><\/li>\r\n\r\n                  <li><h3>R\u00e8glement selon la valeur \u00e0 neuf pour les biens meubles<\/h3><p>Vous avez achet\u00e9 un sofa lors d\u2019une ventre-d\u00e9barras et votre m\u00e8re vous a donn\u00e9 sa vieille vaisselle. Vous croyez sans doute que ces objets ne valent pas grand-chose, mais lorsque vous calculez <a href=\"\/fr\/centres-ressources\/bases-assurance\/remplacement-biens-meubles\" title=\"Comprendre la couverture pour le r\u00e8glement selon la valeur \u00e0 neuf\">le co\u00fbt de les remplacer<\/a> par des biens neufs, il est possible que vous changiez d\u2019avis. M\u00eame le co\u00fbt de remplacer vos v\u00eatements et chaussures pourrait vous \u00e9tonner.<\/p><\/li>\r\n\r\n                  <li><h3>Dommages \u00e0 l\u2019unit\u00e9 que vous louez<\/h3><p>Que se passe-t-il si votre domicile subit des dommages graves provoqu\u00e9s par l\u2019incendie ou l\u2019eau et vous devez l\u2019abandonnez pendant les r\u00e9novations ou la reconstruction? Bien que vous ne payiez pas de loyer pendant cette p\u00e9riode, les frais d\u2019h\u00f4tel ou d\u2019h\u00e9bergement dans un appartement meubl\u00e9 seront beaucoup plus \u00e9lev\u00e9s que votre loyer. L\u2019assurance locataire peut couvrir ces frais suppl\u00e9mentaires. Vous pouvez souscrire une <a href=\"\/fr\/locataire\/protection-locataire\" title=\"Garantie pour locataires\">couverture facultative<\/a> pour les dommages involontaires aux biens de votre propri\u00e9taire bailleur.<\/p><\/li>\r\n\r\n                  <li><h3>Responsabilit\u00e9 civile pour vos gestes personnels<\/h3><p>>Imaginez que vous vous endormez pendant que vous faites la cuisine. Une police d\u2019assurance locataire peut vous prot\u00e9ger contre les dommages provoqu\u00e9s par la fum\u00e9e dans l\u2019appartement que vous louez. Si vous entrez en collision contre quelqu\u2019un sur la piste de ski, vous pouvez causer des blessures graves, ce qui peut donner lieu \u00e0 une poursuite contre vous pour n\u00e9gligence. Votre assurance locataire offre <a href=\"\/fr\/centres-ressources\/bases-assurance\/assurance-responsabilite-civile\" title=\"Qu\u2019est-ce que l\u2019assurance responsabilit\u00e9 civile?\">une couverture de 1\u00a0000\u00a0000\u00a0$<\/a> ou plus pour la responsabilit\u00e9 civile.<\/p><\/li>\r\n\r\n                  <li><h3>Responsabilit\u00e9 du fait des lieux<\/h3><p>Si l\u2019un de vos invit\u00e9s glisse et tombe sur le plancher de votre salle de bain, vous pourriez encore une fois \u00eatre poursuivie pour dommages corporels. G\u00e9n\u00e9ralement, les polices d\u2019assurance habitation comprennent une assurance responsabilit\u00e9 du fait des lieux de 1\u00a0000\u00a0000\u00a0$.<\/li>\r\n\r\n                  <li><h3>Vol des objets dans votre auto<\/h3><p>Peut-\u00eatre votre appartement est s\u00e9curitaire, mais il est toujours possible que l\u2019on vole des objets dans votre auto. Ceci ne serait pas couvert par votre assurance auto, mais une police d\u2019assurance locataire peut venir \u00e0 votre rescousse dans ce cas.<\/p><\/li>\r\n\r\n                  <li><h3>Biens entrepos\u00e9s<\/h3><p> Si vous avez des possessions entrepos\u00e9es (peut-\u00eatre vous attendez la fin de la construction de votre maison ou il n\u2019y a pas assez d\u2019espace pour votre \u00e9quipement de sport dans votre suite au sous-sol), vous pouvez souscrire une assurance pour biens entrepos\u00e9s en vertu de votre police d\u2019assurance locataire. Certaines polices comprennent automatiquement cette couverture.<\/p><\/li>\r\n\r\n                  <li><h3>Couverture mondiale<\/h3><p>Vous comptez partir en voyage? Non seulement votre police d\u2019assurance habitation prot\u00e8ge vos biens meubles dans la maison pendant que vous \u00eates en vacances, elle couvre \u00e9galement les possessions que vous apportez avec vous.<\/p><\/li> \r\n                  <li><h3>Produits \u00e9lectroniques. Les ordinateurs, les t\u00e9l\u00e9phones intelligents, les PS5, les montres intelligentes et plus<\/h3><p>Nous les avons tous. Votre police d\u2019assurance locataire peut les prot\u00e9ger.<\/p><\/li>\r\n\r\n                  <li><h3>Couverture pour animaux de compagnie<\/h3><p>Que faire si votre chiot mord quelqu\u2019un? Les <a href=\"\/fr\/centres-ressources\/lexique-assurance\/reclamation\" title=\"D\u00e9finition : r\u00e9clamation\">r\u00e9clamations<\/a> en raison de la morsure de chien sont fr\u00e9quentes. Si vous avez un animal de compagnie, votre police d\u2019assurance locataire peut couvrir les r\u00e9clamations de ce genre.<\/p><\/li>\r\n\r\n                <\/ol>\r\n\r\n                <p>Le fait de souscrire une assurance locataire ne peut pas emp\u00eacher le malheur. Pourtant, il est rassurant de savoir que quelqu\u2019un sera l\u00e0 pour vous aider si le pire devait arriver. Chez Square One, les polices d\u2019assurance locataire commencent \u00e0 partir de 12\u00a0$\/mois seulement\u00a0: pourquoi prendre le risque de s\u2019en passer?<\/p>\r\n\t\t\t\t\r\n\t\t\t\t \r\n\r\n                <p><strong>Vous voulez en savoir plus?<\/strong> Consultez notre <a href=\"\/fr\/centres-ressources\/locataire\" title=\"Centre de ressources : locataire\">Centre de ressources&nbsp;: locataire<\/a> pour acc\u00e9der \u00e0 des tuyaux et conseils sur la vie de locataire. Ensuite, <a href=\"\/fr\/soumission-assurance-habitation-en-ligne\" title=\"Obtenir une soumission d\u2019assurance habitation en ligne\">obtenez une soumission d'assurance habitation en ligne<\/a> en moins de 5\u00a0minutes et d\u00e9couvrez \u00e0 quel point l\u2019assurance habitation personnalis\u00e9e peut \u00eatre abordable.<\/p>\r\n\r\n                <div class=\"row py-3\">\r\n<div class=\"col-12\">\r\n<div class=\"card review\" style=\"box-shadow: 0 2px 4px rgba(0,0,0,0.07);background-color:#f4f4f4;\">\r\n<div class=\"card-body\">\r\n\t<p class=\"text-primary h4\">\u00c0 propos de l\u2019expert&nbsp;: Daniel Mirkovic<\/p>\r\n\t<p>Cofondateur de Square One comptant plus de 25&nbsp;ans dans le secteur de l\u2019assurance, Daniel \u00e9tait vice-pr\u00e9sident des services d\u2019assurance et de voyage de la British Columbia Automobile Association (BCAA). Daniel est titulaire d'un baccalaur\u00e9at \u00e8s commerce et d'une ma\u00eetrise \u00e8s administration des affaires, tous deux obtenus \u00e0 la Sauder School of Business de l'universit\u00e9 de la Colombie-Britannique. Daniel est muni de la d\u00e9signation CAAC et d\u2019un certificat en assurance de dommages niveau&nbsp;3 en Colombie-Britannique, en Alberta, en Saskatchewan, au Manitoba et en Ontario.<\/p>\r\n<\/div>\r\n<\/div>\r\n<\/div>\r\n<\/div>\r\n\r\n<\/div>\r\n<\/div>\r\n<\/div>\r\n<\/section>\r\n<script type=\"application\/ld+json\">\r\n{\r\n  \"@context\": \"https:\/\/schema.org\",\r\n  \"@type\": \"WebPage\",\r\n  \"mainEntityOfPage\": {\r\n    \"@type\": \"Article\",\r\n    \"@id\": \"https:\/\/www.squareone.ca\/fr\/centres-ressources\/locataire\/souscrire-assurance-locataire\"\r\n  },\r\n  \"author\": [\r\n    {\r\n      \"@type\": \"Person\",\r\n      \"name\": \"Square One team\"\r\n    }\r\n  ],\r\n  \"reviewedBy\": [\r\n    {\r\n      \"@type\": \"Person\",\r\n      \"name\": \"Daniel Mirkovic\",\r\n      \"url\": \"https:\/\/www.squareone.ca\/fr\/a-propos-de-nous\/experts\/daniel-mirkovic\"\r\n    }\r\n  ],\r\n  \"headline\": \"Pourquoi vous avez besoin de souscrire une assurance locataire\",\r\n  \"datePublished\": \"\",\r\n  \"dateModified\": \"\",\r\n  \"inLanguage\": \"fr-CA\",\r\n  \"isAccessibleForFree\": true\r\n}\r\n<\/script>\r\n","protected":false},"excerpt":{"rendered":"<p>Pourquoi vous avez besoin de souscrire une assurance locataire Article \u00e9valu\u00e9 par Daniel Mirkovic Si vous louez une petite place et n\u2019avez pas beaucoup de possessions, vous pensez sans doute que vous n\u2019avez pas besoin de souscrire une assurance locataire. Th\u00e8mes Id\u00e9es re\u00e7ues 10\u00a0raisons pour souscrire une assurance locataire Id\u00e9es re\u00e7ues Voici quelques id\u00e9es re\u00e7ues [&hellip;]<\/p>\n","protected":false},"author":2,"featured_media":62514,"parent":53722,"menu_order":10,"comment_status":"open","ping_status":"closed","template":"page-article-new.php","meta":{"_acf_changed":false,"footnotes":""},"class_list":["post-62498","page","type-page","status-publish","has-post-thumbnail","hentry"],"acf":[],"_links":{"self":[{"href":"https:\/\/www.squareone.ca\/fr\/wp-json\/wp\/v2\/pages\/62498","targetHints":{"allow":["GET"]}}],"collection":[{"href":"https:\/\/www.squareone.ca\/fr\/wp-json\/wp\/v2\/pages"}],"about":[{"href":"https:\/\/www.squareone.ca\/fr\/wp-json\/wp\/v2\/types\/page"}],"author":[{"embeddable":true,"href":"https:\/\/www.squareone.ca\/fr\/wp-json\/wp\/v2\/users\/2"}],"replies":[{"embeddable":true,"href":"https:\/\/www.squareone.ca\/fr\/wp-json\/wp\/v2\/comments?post=62498"}],"version-history":[{"count":12,"href":"https:\/\/www.squareone.ca\/fr\/wp-json\/wp\/v2\/pages\/62498\/revisions"}],"predecessor-version":[{"id":75631,"href":"https:\/\/www.squareone.ca\/fr\/wp-json\/wp\/v2\/pages\/62498\/revisions\/75631"}],"up":[{"embeddable":true,"href":"https:\/\/www.squareone.ca\/fr\/wp-json\/wp\/v2\/pages\/53722"}],"wp:featuredmedia":[{"embeddable":true,"href":"https:\/\/www.squareone.ca\/fr\/wp-json\/wp\/v2\/media\/62514"}],"wp:attachment":[{"href":"https:\/\/www.squareone.ca\/fr\/wp-json\/wp\/v2\/media?parent=62498"}],"curies":[{"name":"wp","href":"https:\/\/api.w.org\/{rel}","templated":true}]}}