{"id":62548,"date":"2023-04-10T15:00:09","date_gmt":"2023-04-10T22:00:09","guid":{"rendered":"https:\/\/www.squareone.ca\/soutien\/bases-assurance-conseils\/lexique-assurance\/definition-perte-totale"},"modified":"2025-11-26T11:52:03","modified_gmt":"2025-11-26T19:52:03","slug":"definition-perte-totale","status":"publish","type":"page","link":"https:\/\/www.squareone.ca\/fr\/centres-ressources\/lexique-assurance\/perte-totale","title":{"rendered":"D\u00e9finition : perte totale"},"content":{"rendered":"<section id='intro' class=\"bg-shape-split bg-sub-page-hero\">\r\n\t<div class=\"bg-position\">\r\n\t\t<div class=\"container-fluid\">\r\n\t\t\t<div class=\"row align-items-center\">\r\n\t\t\t\t<div class=\"col-12 col-lg-8\">   \r\n\r\n\t\t\t\t\t<h1>Perte totale<\/h1>\r\n\r\n\t\t\t\t\t<strong>Article r\u00e9dig\u00e9 par <a href=\"\/fr\/a-propos-de-nous\/contributeurs#seamus-mckale\" title=\"Auteur : Seamus McKale\">Seamus McKale<\/a><\/strong>\r\n                                        <p class=\"pb-3\"><strong>Article \u00e9valu\u00e9 par <a href=\"\/fr\/a-propos-de-nous\/experts\/daniel-mirkovic\" title=\"Expert : Daniel Mirkovic\">Daniel Mirkovic<\/a><\/strong><\/p> \r\n\r\n\t\t\t\t\t<p class=\"pb-4\" style=\"margin-top:-24px\">Mis \u00e0 jour le 6 novembre 2025<\/p>\r\n\r\n\t\t\t\t<\/div>\r\n\t\t\t<\/div>\r\n\r\n\t\t\t<div class=\"row\">\r\n\t\t\t\t<div class=\"col-lg-8\">\r\n\r\n\t\t\t\t\t<p class='mb-0'>Nom<\/p>\r\n\r\n\t\t\t\t\t<p>perte-to-tale | p\u025b\u0281t\u0259 t\u0254tal<\/p>\r\n\r\n\t\t\t\t\t<p class=\"display-4\"><strong><span class='text-orange'>D\u00e9finition&nbsp;:<\/span> la destruction compl\u00e8te des biens assur\u00e9s o\u00f9 les co\u00fbts des r\u00e9parations d\u00e9passeraient les limitations d\u2019assurance.<\/strong><\/p>\r\n\r\n\t\t\t\t\t<p class=\"display-4\"><i>L\u2019incendie a caus\u00e9 la <strong>perte totale<\/strong> de la maison de Fran\u00e7ois et M\u00e9lanie.<\/i><\/p> \r\n\r\n\t\t\t\t<\/div>\r\n\r\n\t\t\t\t<div class=\"col-lg-3 offset-lg-1\">          \r\n\t\t\t\t\t<p class=\"mb-2 display-4 pt-4 pt-lg-0 pt-mb-0\"><strong>Th\u00e8mes<\/strong><\/p>\r\n\t\t\t\t\t<ul class=\"list-unstyled link-list display-4\">\r\n\t\t\t\t\t\t<li><a href='#total-loss'>Qu\u2019est-ce qu\u2019une perte totale?<\/a><\/li>\t\r\n\t\t\t\t\t\t<li><a href='#determines'>Quels sont les facteurs qui d\u00e9terminent une perte totale?<\/a><\/li>\t\t\t\r\n\t\t\t\t\t<\/ul>\r\n\t\t\t\t<\/div>\r\n\t\t\t<\/div>  \r\n\t\t<\/div>\r\n\t<\/div>\r\n\t<div class=\"bg-bottom\"><\/div>\r\n<\/section>\r\n\r\n<section>\r\n    <div class=\"container-fluid py-6\">\r\n        <div class=\"row\">\r\n            <div class=\"col-12 col-lg-8\">\r\n                <div class=\"row pb-6\">\r\n                    <div class=\"col-12\">\r\n                        <div class=\"card review\" style='background-color:#FFE0C9'>\r\n                            <div class=\"card-body\">\r\n                                <p class=\"h3\">L\u2019essentiel<\/p>\r\n                                <ul class='mb-0'>\r\n\t\t\t\t\t\t<li><p>En assurance, une perte totale a lieu lorsque la propri\u00e9t\u00e9 assur\u00e9e est endommag\u00e9e si gravement que le co\u00fbt de la reconstruire est sup\u00e9rieure \u00e0 la valeur assur\u00e9e de la propri\u00e9t\u00e9.<\/p><\/li>\r\n\t\t\t\t\t\t<li><p>Lorsqu\u2019une auto subit une parte totale, l\u2019assureur verse au propri\u00e9taire du v\u00e9hicule un r\u00e8glement en esp\u00e8ces selon la valeur du v\u00e9hicule. Ensuite, l\u2019assureur prendra le v\u00e9hicule d\u00e9truit \u00e0 titre de sauvetage.<\/p><\/li>\r\n\t\t\t\t\t\t<li><p>Lorsqu\u2019une maison subit une perte totale, la compagnie d\u2019assurance r\u00e9glera le co\u00fbt de reconstruction \u00e0 concurrence de la valeur assur\u00e9e totale et plus si le propri\u00e9taire occupant avait souscrit la couverture pour co\u00fbt de r\u00e9paration ou de reconstruction garanti.<\/p><\/li>\r\n\t\t\t\t\t\t<li><p>Une perte totale peut \u00eatre une perte totale effective ou une perte r\u00e9put\u00e9e totale.<\/p><\/li>\r\n                                <\/ul>\r\n                            <\/div>\r\n                        <\/div>\r\n                    <\/div>\r\n                <\/div>\r\n\r\n\t\t\t\t<h2 id=\"total-loss\">Qu\u2019est-ce qu\u2019une perte totale?<\/h2>\r\n\r\n\t\t\t\t\t<p>Une perte totale a lieu lorsqu\u2019un objet assur\u00e9 est endommag\u00e9 de fa\u00e7on \u00e0 ce que l\u2019on ne puisse pas la r\u00e9parer dans les limitations de la police d\u2019assurance. Perte totale signifie que l\u2019objet serait trop dispendieux \u00e0 r\u00e9parer soit parce que les frais de r\u00e9paration d\u00e9passeraient les limitations de la police soit parce qu\u2019il serait moins dispendieux de remplacer l\u2019objet, tout simplement.<\/p>\r\n\r\n\t\t\t\t\t<p>On entend souvent des phrases comme \u00ab&nbsp;la maison a \u00e9t\u00e9 an\u00e9antie&nbsp;\u00bb ou \u00ab&nbsp;ras\u00e9e&nbsp;\u00bb pour d\u00e9crire une perte totale. Il s\u2019agit d\u2019un terme qu\u2019on entend plus fr\u00e9quemment dans le monde de l\u2019assurance auto, mais les habitations peuvent subir des pertes totales elles aussi.<\/p> On a perte totale si le co\u00fbt de r\u00e9parer l\u2019auto endommag\u00e9e est sup\u00e9rieure \u00e0 la <a href=\"\/fr\/centres-ressources\/lexique-assurance\/valeur-jour-sinistre\" title=\"D\u00e9finition : valeur au jour du sinistre\">valeur au jour du sinistre<\/a> de l\u2019auto. Dans ce cas, l\u2019assurer offre au propri\u00e9taire du v\u00e9hicule un r\u00e8glement en esp\u00e8ces selon la valeur de l\u2019auto, avant de prendre le v\u00e9hicule d\u00e9truit \u00e0 titre de sauvetage.<\/p>\r\n\r\n\t\t\t\t\t<p>Chaque compagnie d\u2019assurance a ses propres m\u00e9thodes de calcul de la valeur au jour du sinistre d\u2019une auto. G\u00e9n\u00e9ralement, l\u2019assureur \u00e9tablit une valeur moyenne selon les prix de vente de v\u00e9hicules semblables dans la r\u00e9gion. L\u2019assureur compare ces prix avec l\u2019estimation des r\u00e9parations avant de d\u00e9cider de payer les r\u00e9parations ou de proposer un r\u00e8glement.<\/p>\r\n\r\n\t\t\t\t<h2 id=\"determines\">Comment d\u00e9finit-on la notion de perte totale dans le cas d\u2019une maison?<\/h2>\r\n\r\n\t\t\t\t\t<p>Pour ce qui est des contrats d\u2019assurance, la diff\u00e9rence entre \u00ab&nbsp;enti\u00e8rement d\u00e9truit&nbsp;\u00bb et \u00ab&nbsp;partiellement d\u00e9truit&nbsp;\u00bb est un peu ambigu\u00eb.<\/p>\r\n\r\n\t\t\t\t\t<p>Par cons\u00e9quent, la d\u00e9finition de perte totale d\u2019une maison est assez sp\u00e9cifique&nbsp;: il y a perte totale lorsque le co\u00fbt de r\u00e9parer les dommages \u00e0 la maison est sup\u00e9rieur \u00e0 la valeur assur\u00e9e de celle-ci.<\/p>\r\n\r\n\t\t\t\t\t<p>Il existe deux types de perte totale&nbsp;: perte totale effective et perte r\u00e9put\u00e9e totale.<\/p>\r\n\r\n\t\t\t\t\t<p class=\"mb-0\">Perte totale effective signifie que la maison est compl\u00e8tement d\u00e9truite et il ne reste plus rien de valeur.<\/p>\r\n\r\n\t\t\t\t\t<div class=\"row py-6\">\r\n\t\t\t\t\t\t<div class=\"col-12\">\r\n\t\t\t\t\t\t\t<div class=\"card review\" style='background-color:#B5E0EB'>\r\n\t\t\t\t\t\t\t\t<div class=\"card-body\">\r\n\t\t\t\t\t\t\t\t\t<p class=\"display-4\"><strong>Exemple<\/strong><\/p>\r\n\t\t\t\t\t\t\t\t\t<p><i>Lors d\u2019un feu de for\u00eat, la maison de Ren\u00e9 a \u00e9t\u00e9 compl\u00e8tement brul\u00e9e. Il \u00e9tait oblig\u00e9 de nettoyer les d\u00e9chets et de construire une maison neuve. Il s\u2019agissait d\u2019une perte totale effective.<\/i><\/p>\r\n\t\t\t\t\t\t\t\t<\/div>\r\n\t\t\t\t\t\t\t<\/div>\r\n\t\t\t\t\t\t<\/div>\r\n\t\t\t\t\t<\/div>\t\t\r\n\r\n\t\t\t\t\t<p class=\"mb-0\">Si la maison n\u2019est pas enti\u00e8rement d\u00e9truite, on parle de perte r\u00e9put\u00e9e totale, car les co\u00fbts de r\u00e9paration d\u00e9passeraient la valeur assur\u00e9e de la maison.<\/p>\r\n\r\n\t\t\t\t\t<div class=\"row py-6\">\r\n\t\t\t\t\t\t<div class=\"col-12\">\r\n\t\t\t\t\t\t\t<div class=\"card review\" style='background-color:#B5E0EB'>\r\n\t\t\t\t\t\t\t\t<div class=\"card-body\">\r\n\t\t\t\t\t\t\t\t\t<p class=\"display-4\"><strong>Exemple<\/strong><\/p>\r\n\t\t\t\t\t\t\t\t\t<p><i>Une inondation fluviale s\u00e9v\u00e8re dans le quartier a compl\u00e8tement d\u00e9truit le premier \u00e9tage et le sous-sol de la maison d\u2019Agn\u00e8s. La port\u00e9e des d\u00e9g\u00e2ts d\u2019eau \u00e9tait si s\u00e9v\u00e8re qu\u2019il fallait arracher la fondation et le premier \u00e9tage pour les reconstruire. M\u00eame si le deuxi\u00e8me \u00e9tage de la maison n\u2019a pas \u00e9t\u00e9 touch\u00e9, la port\u00e9e des r\u00e9parations \u00e9tait si importante que les co\u00fbts d\u00e9passaient la valeur assur\u00e9e de la maison. Celle-ci est une perte r\u00e9put\u00e9e totale.<\/i><\/p>\r\n\t\t\t\t\t\t\t\t<\/div>\r\n\t\t\t\t\t\t\t<\/div>\r\n\t\t\t\t\t\t<\/div>\r\n\t\t\t\t\t<\/div>\t\r\n\r\n\t\t\t\t\t<p>Le r\u00e9sultat est le m\u00eame pour le propri\u00e9taire occupant&nbsp;: la compagnie d\u2019assurance r\u00e9glera la valeur assur\u00e9e de l\u2019habitation (\u00e0 condition que la cause de la destruction soit un sinistre couvert en vertu de la police).<\/p>\r\n\r\n\t\t\t\t\t<p>Si la police d\u2019assurance habitation du propri\u00e9taire occupant comprend le co\u00fbt de r\u00e9paration ou de reconstruction garanti, la compagnie d\u2019assurance r\u00e9glera le co\u00fbt complet de la reconstruction de la maison, m\u00eame si le co\u00fbt d\u00e9passe la valeur assur\u00e9e de la maison. Autrement, le propri\u00e9taire occupant sera responsable de couvrir l\u2019insuffisance entre la couverture d\u2019assurance et le co\u00fbt de reconstruction de sa maison.<\/p>\t\t\r\n\r\n\t\t\t\t\t<p><strong>Vous recherchez une d\u00e9finition en assurance?<\/strong> Consultez notre <a href=\"\/fr\/centres-ressources\/lexique-assurance\" title=\"Centre de ressources : lexique de l'assurance\">Centre de ressources&nbsp;: lexique de l\u2019assurance<\/a> pour acc\u00e9der \u00e0 des d\u00e9finitions faciles \u00e0 comprendre des termes les plus courants de l'assurance. Ensuite, <a href=\"\/fr\/soumission-assurance-habitation-en-ligne\" title=\"Obtenir une soumission d\u2019assurance habitation en ligne\">obtenez une soumission d'assurance habitation en ligne<\/a> en moins de 5\u00a0minutes et d\u00e9couvrez \u00e0 quel point l\u2019assurance habitation personnalis\u00e9e peut \u00eatre abordable.<\/p>\r\n\r\n\t\t\t\t\t<div class=\"row py-3\">\r\n<div class=\"col-12\">\r\n<div class=\"card review\" style=\"box-shadow: 0 2px 4px rgba(0,0,0,0.07);background-color:#f4f4f4;\">\r\n<div class=\"card-body\">\r\n\t<p class=\"text-primary h4\">\u00c0 propos de l\u2019expert&nbsp;: Daniel Mirkovic<\/p>\r\n\t<p>Cofondateur de Square One comptant plus de 25&nbsp;ans dans le secteur de l\u2019assurance, Daniel \u00e9tait vice-pr\u00e9sident des services d\u2019assurance et de voyage de la British Columbia Automobile Association (BCAA). Daniel est titulaire d'un baccalaur\u00e9at \u00e8s commerce et d'une ma\u00eetrise \u00e8s administration des affaires, tous deux obtenus \u00e0 la Sauder School of Business de l'universit\u00e9 de la Colombie-Britannique. Daniel est muni de la d\u00e9signation CAAC et d\u2019un certificat en assurance de dommages niveau&nbsp;3 en Colombie-Britannique, en Alberta, en Saskatchewan, au Manitoba et en Ontario.<\/p>\r\n<\/div>\r\n<\/div>\r\n<\/div>\r\n<\/div>\r\n\r\n\t\t\t<\/div>\r\n\t\t<\/div>\r\n\t<\/div>\r\n<\/section>\r\n<script type=\"application\/ld+json\">\r\n{\r\n  \"@context\": \"https:\/\/schema.org\",\r\n  \"@graph\": [\r\n    {\r\n      \"@type\": [\"WebPage\", \"DefinedTerm\"],\r\n      \"@id\": \"https:\/\/www.squareone.ca\/fr\/centres-ressources\/lexique-assurance\/perte-totale\",\r\n      \"url\": \"https:\/\/www.squareone.ca\/fr\/centres-ressources\/lexique-assurance\/perte-totale\",\r\n      \"inLanguage\": \"fr-CA\",\r\n      \"isAccessibleForFree\": true,\r\n      \"name\": \"Perte totale\",\r\n      \"description\": \"La destruction compl\u00e8te des biens assur\u00e9s o\u00f9 les co\u00fbts des r\u00e9parations d\u00e9passeraient les limitations d\u2019assurance.\",\r\n      \"inDefinedTermSet\": {\r\n        \"@type\": \"DefinedTermSet\",\r\n        \"name\": \"Lexique de l\u2019assurance de Square One\",\r\n        \"url\": \"https:\/\/www.squareone.ca\/fr\/centres-ressources\/lexique-assurance\"\r\n      },\r\n      \"publisher\": {\r\n        \"@id\": \"https:\/\/www.squareone.ca\/fr\"\r\n      },\r\n      \"author\": {\r\n        \"@id\": \"#seamus-mckale\"\r\n      },\r\n      \"reviewedBy\": {\r\n        \"@id\": \"https:\/\/www.squareone.ca\/fr\/a-propos-de-nous\/experts\/daniel-mirkovic\"\r\n      }\r\n    },\r\n    {\r\n      \"@type\": \"InsuranceAgency\",\r\n      \"@id\": \"https:\/\/www.squareone.ca\/fr\",\r\n      \"name\": \"Assurances Square One\",\r\n      \"url\": \"https:\/\/www.squareone.ca\/fr\",\r\n      \"logo\": \"https:\/\/cdn.squareone.ca\/wp-content\/uploads\/2021\/04\/09094743\/square-one-logomark-default-md-1.png\",\r\n      \"address\": {\r\n        \"@type\": \"PostalAddress\",\r\n        \"streetAddress\": \"1410-650 W Georgia St\",\r\n        \"addressLocality\": \"Vancouver\",\r\n        \"addressRegion\": \"BC\",\r\n        \"postalCode\": \"V6B 4N8\",\r\n        \"addressCountry\": \"CA\"\r\n      },\r\n      \"telephone\": \"+1-855-331-6933\",\r\n      \"areaServed\": [\"BC\", \"AB\", \"SK\", \"MB\", \"ON\", \"QC\"],\r\n      \"feesAndCommissionsSpecification\": \"https:\/\/www.squareone.ca\/fr\/transparence\"\r\n    },\r\n    {\r\n      \"@type\": \"Person\",\r\n      \"@id\": \"#seamus-mckale\",\r\n      \"name\": \"Seamus McKale\",\r\n      \"url\": \"https:\/\/www.squareone.ca\/fr\/a-propos-de-nous\/membres-equipe#seamus-mckale\",\r\n      \"description\": \"Seamus a 15 ans d\u2019exp\u00e9rience en marketing, avec sp\u00e9cialisation en publicit\u00e9 multim\u00e9dia, r\u00e9daction technique et contenu sur l\u2019assurance personnelle.\",\r\n      \"jobTitle\": \"Sp\u00e9cialiste de marketing de contenu\",\r\n      \"worksFor\": {\r\n        \"@id\": \"https:\/\/www.squareone.ca\/fr\"\r\n      },\r\n      \"hasCredential\": [\r\n        {\r\n          \"@type\": \"EducationalOccupationalCredential\",\r\n          \"name\": \"Certificat en assurance de dommages de la C.-B., niveau 1\"\r\n        },\r\n        {\r\n          \"@type\": \"EducationalOccupationalCredential\",\r\n          \"name\": \"Certificat en assurance de dommages de l\u2019Ontario\"\r\n        }\r\n      ],\r\n      \"knowsAbout\": [\r\n        \"Marketing\",\r\n        \"Publicit\u00e9 multim\u00e9dia\",\r\n        \"R\u00e9daction technique\",\r\n        \"Assurance des particuliers\"\r\n      ],\r\n      \"sameAs\": [\r\n        \"https:\/\/www.linkedin.com\/in\/seamus-m-83801a2b\/\"\r\n      ]\r\n    },\r\n    {\r\n      \"@type\": \"Person\",\r\n      \"@id\": \"https:\/\/www.squareone.ca\/fr\/a-propos-de-nous\/experts\/daniel-mirkovic\",\r\n      \"name\": \"Daniel Mirkovic\",\r\n      \"url\": \"https:\/\/www.squareone.ca\/fr\/a-propos-de-nous\/experts\/daniel-mirkovic\",\r\n      \"description\": \"Daniel poss\u00e8de de vastes connaissances en assurance, acquises au cours de plus de 25 ans d\u2019exprience dans le secteur.\",\r\n      \"jobTitle\": \"Cofondateur et PDG\",\r\n      \"worksFor\": {\r\n        \"@id\": \"https:\/\/www.squareone.ca\/fr\"\r\n      },\r\n      \"alumniOf\": {\r\n        \"@type\": \"CollegeOrUniversity\",\r\n        \"name\": \"Sauder School of Business at the University of British Columbia\"\r\n      },\r\n      \"hasCredential\": [\r\n        {\r\n          \"@type\": \"EducationalOccupationalCredential\",\r\n          \"name\": \"Courtier d\u2019assurance agr\u00e9\u00e9 du Canada (CAAC)\"\r\n        },\r\n        {\r\n          \"@type\": \"EducationalOccupationalCredential\",\r\n          \"name\": \"Certificat en assurance de dommages, niveau 3 (BC, AB, SK, MB, ON)\"\r\n        }\r\n      ],\r\n      \"knowsAbout\": [\r\n        \"Assurance propri\u00e9taire occupant\",\r\n        \"Assurance locataire\",\r\n        \"Assurance copropri\u00e9taire\",\r\n        \"Assurance auto\",\r\n        \"Assurance automobile de collection\",\r\n        \"Assurance maladie\",\r\n        \"Assurance-vie\",\r\n        \"L\u2019assurance invalidit\u00e9 de longue dur\u00e9e\",\r\n        \"Assurance v\u00e9t\u00e9rinaire\",\r\n        \"Assurance-voyage\",\r\n        \"Planification d\u2019affaires et strat\u00e9gique\",\r\n        \"Publicit\u00e9 s'adressant directement aux consommateurs\",\r\n        \"D\u00e9veloppement des produits\",\r\n        \"Conception de l\u2019exp\u00e9rience des utilisateurs\"\r\n      ],\r\n      \"sameAs\": [\r\n        \"https:\/\/www.linkedin.com\/in\/danielmirkovic\"\r\n      ]\r\n    },\r\n    {\r\n      \"@type\": \"FAQPage\",\r\n      \"mainEntity\": [\r\n        {\r\n          \"@type\": \"Question\",\r\n          \"name\": \"Qu\u2019est-ce qu\u2019une perte totale?\",\r\n          \"acceptedAnswer\": {\r\n            \"@type\": \"Answer\",\r\n            \"text\": \"En assurance habitation, une perte totale a lieu lorsque l\u2019habitation est endommag\u00e9e de fa\u00e7on \u00e0 ce que l\u2019on ne puisse pas la r\u00e9parer. En outre, perte totale signifie la destruction compl\u00e8te de la propri\u00e9t\u00e9 et qu\u2019il ne reste rien de valeur.\"\r\n          }\r\n        },\r\n        {\r\n          \"@type\": \"Question\",\r\n          \"name\": \"Comment d\u00e9termine-t-on si les dommages subis par une maison constituent une perte totale?\",\r\n          \"acceptedAnswer\": {\r\n            \"@type\": \"Answer\",\r\n            \"text\": \"il y a perte totale lorsque le co\u00fbt de r\u00e9parer les dommages \u00e0 la maison est sup\u00e9rieur \u00e0 la valeur assur\u00e9e de celle-ci. Perte totale effective signifie que la maison est compl\u00e8tement d\u00e9truite et il ne reste plus rien de valeur. Si la maison n\u2019est pas enti\u00e8rement d\u00e9truite, il s\u2019agit de perte r\u00e9put\u00e9e totale, car les couts de r\u00e9paration d\u00e9passeraient la valeur assur\u00e9e de la maison.\"\r\n          }\r\n        }\r\n      ]\r\n    }\r\n  ]\r\n}\r\n<\/script>\r\n","protected":false},"excerpt":{"rendered":"<p>Perte totale Article \u00e9valu\u00e9 par Daniel Mirkovic Nom perte-to-tale | p\u025b\u0281t\u0259 t\u0254tal D\u00e9finition&nbsp;: la destruction compl\u00e8te des biens assur\u00e9s o\u00f9 les co\u00fbts des r\u00e9parations d\u00e9passeraient les limitations d\u2019assurance. L\u2019incendie a caus\u00e9 la perte totale de la maison de Fran\u00e7ois et M\u00e9lanie. Th\u00e8mes Qu\u2019est-ce qu\u2019une perte totale? Quels sont les facteurs qui d\u00e9terminent une perte totale? [&hellip;]<\/p>\n","protected":false},"author":11,"featured_media":0,"parent":53157,"menu_order":0,"comment_status":"closed","ping_status":"closed","template":"page-article-new.php","meta":{"_acf_changed":false,"footnotes":""},"class_list":["post-62548","page","type-page","status-publish","hentry"],"acf":[],"_links":{"self":[{"href":"https:\/\/www.squareone.ca\/fr\/wp-json\/wp\/v2\/pages\/62548","targetHints":{"allow":["GET"]}}],"collection":[{"href":"https:\/\/www.squareone.ca\/fr\/wp-json\/wp\/v2\/pages"}],"about":[{"href":"https:\/\/www.squareone.ca\/fr\/wp-json\/wp\/v2\/types\/page"}],"author":[{"embeddable":true,"href":"https:\/\/www.squareone.ca\/fr\/wp-json\/wp\/v2\/users\/11"}],"replies":[{"embeddable":true,"href":"https:\/\/www.squareone.ca\/fr\/wp-json\/wp\/v2\/comments?post=62548"}],"version-history":[{"count":12,"href":"https:\/\/www.squareone.ca\/fr\/wp-json\/wp\/v2\/pages\/62548\/revisions"}],"predecessor-version":[{"id":77535,"href":"https:\/\/www.squareone.ca\/fr\/wp-json\/wp\/v2\/pages\/62548\/revisions\/77535"}],"up":[{"embeddable":true,"href":"https:\/\/www.squareone.ca\/fr\/wp-json\/wp\/v2\/pages\/53157"}],"wp:attachment":[{"href":"https:\/\/www.squareone.ca\/fr\/wp-json\/wp\/v2\/media?parent=62548"}],"curies":[{"name":"wp","href":"https:\/\/api.w.org\/{rel}","templated":true}]}}