{"id":62597,"date":"2023-04-12T14:30:54","date_gmt":"2023-04-12T21:30:54","guid":{"rendered":"https:\/\/www.squareone.ca\/securiser-votre-telephone-intelligent"},"modified":"2025-09-29T09:53:21","modified_gmt":"2025-09-29T16:53:21","slug":"securiser-votre-telephone-intelligent","status":"publish","type":"page","link":"https:\/\/www.squareone.ca\/fr\/centres-ressources\/securite-domiciliaire-personnelle\/securiser-votre-identite","title":{"rendered":"Comment s\u00e9curiser votre identit\u00e9 et votre t\u00e9l\u00e9phone intelligent"},"content":{"rendered":"<section id='intro' class=\"bg-shape-split bg-sub-page-hero\">\r\n    <div class=\"bg-position\">\r\n        <div class=\"container-fluid\">\r\n            <div class=\"row align-items-center\">\r\n                <div class=\"col-12 col-lg-8\">\r\n                    <h1>Comment s\u00e9curiser votre identit\u00e9 et votre t\u00e9l\u00e9phone intelligent<\/h1>\r\n<strong>Article r\u00e9dig\u00e9 par l'\u00e9quipe de Square One<\/strong>\r\n                    <div style=\"margin-top:48px;\"><p class=\"pb-4\" style=\"margin-top:-24px\">Mis \u00e0 jour le 17 juin 2024<\/p><\/div>\r\n                <\/div>\r\n            <\/div>\r\n\r\n            <div class=\"row\">\r\n                <div class=\"col-lg-8\">\r\n                    <p class=\"display-4\">\u00c0 moins que cela ne vous soit arriv\u00e9 \u00e0 vous ou \u00e0 quelqu&rsquo;un que vous connaissez, il y a de fortes chances que vous n&rsquo;ayez aucune id\u00e9e des effets d\u00e9vastateurs que peut avoir le vol d&rsquo;identit\u00e9. En 2009, <a href=\"https:\/\/www.priv.gc.ca\/fr\/sujets-lies-a-la-protection-de-la-vie-privee\/identites\/vol-d-identite\/guide_idt\/\" title=\"Le vol d\u2019identit\u00e9 et vous\" target=\"_blank\" rel=\"noopener noreferrer\">plus de 11\u00a0000\u00a0Canadiens ont \u00e9t\u00e9 touch\u00e9s par le vol d\u2019identit\u00e9<\/a> et ce chiffre ne cesse de s\u2019accro\u00eetre.<\/p>\r\n                    <p class=\"display-4\">Si quelqu\u2019un obtient un acc\u00e8s \u00e0 votre nom, \u00e0 votre date de naissance, \u00e0 votre adresse, \u00e0 votre carte de cr\u00e9dit, \u00e0 votre num\u00e9ro d\u2019assurance sociale et \u00e0 d\u2019autres num\u00e9ros d\u2019identit\u00e9 personnelle, celui-ci peut obtenir une carte de cr\u00e9dit en votre nom, louer une auto, s\u2019enregistrer dans un h\u00f4tel ou m\u00eame obtenir un emploi, de quoi vous laisser une montagne de factures et des maux de t\u00eate.<\/p>\r\n                    <p class=\"pt-2\"><img decoding=\"async\" src=\"https:\/\/cdn.squareone.ca\/wp-content\/uploads\/2012\/05\/10090603\/credit-cards.jpg\" alt=\"Un cadenas et des cartes de carte de cr\u00e9dit\" width=\"248px\" class=\"img-fluid\" rel=\"noopener noreferrer\" \/><\/p>\r\n                <\/div>\r\n\r\n                <div class=\"col-lg-3 offset-lg-1\">          \r\n                    <p class=\"mb-2 display-4 pt-4 pt-lg-0 pt-mb-0\"><strong>Th\u00e8mes<\/strong><\/p>\r\n                        <ul class=\"list-unstyled link-list display-4\">\r\n                            <li><a href='#How'>Comment peut-on voler mon identit\u00e9?<\/a><\/li>\r\n                            <li><a href='#Protection'>Comment vous prot\u00e9ger<\/a><\/li>\r\n                            <li><a href='#Recovering'>Comment vous r\u00e9tablir apr\u00e8s le vol d\u2019identit\u00e9<\/a><\/li>\r\n                            <li><a href='#Smartphone'>Comment s\u00e9curiser votre t\u00e9l\u00e9phone intelligent<\/a><\/li>\r\n                        <\/ul>\r\n                <\/div>\r\n            <\/div>  \r\n        <\/div>\r\n    <\/div>\r\n    <div class=\"bg-bottom\"><\/div>\r\n<\/section>\r\n\r\n<section>\r\n    <div class=\"container-fluid py-6\">\r\n        <div class=\"row\">\r\n            <div class=\"col-12 col-lg-8\">\r\n\r\n<h2 id=\"How\">Comment peut-on voler mon identit\u00e9?<\/h2>\r\n<p>En plus du vol des donn\u00e9es dans votre t\u00e9l\u00e9phone intelligent, votre identit\u00e9 peut \u00eatre vol\u00e9e de nombreuses fa\u00e7ons. Les voleurs peuvent obtenir vos renseignements personnels en\u00a0:<\/p>\r\n\r\n<ul>\r\n<li>volant votre t\u00e9l\u00e9phone mobile pour acc\u00e9der \u00e0 vos donn\u00e9es;<\/li>\r\n<li>volant des factures d\u2019Hydro de votre bo\u00eete \u00e0 lettres;<\/li>\r\n<li>vous \u00e9coutant pendant que vous donnez votre num\u00e9ro de carte de cr\u00e9dit au t\u00e9l\u00e9phone dans un lieu public;<\/li>\r\n<li>photographiant votre carte bancaire pendant que vous magasinez ou utilisez un guichet automatique;<\/li>\r\n<li>volant des documents de votre maison, comme les passeports ou les d\u00e9clarations de revenus; et<\/li>\r\n<li> en fouillant dans les vidanges ou dans les bennes \u00e0 rebuts, \u00e0 la recherche des ch\u00e8ques annul\u00e9s ou des relev\u00e9s bancaires.<\/li>\r\n<\/ul>\r\n\r\n<h2 id=\"Protection\">Comment vous prot\u00e9ger<\/h2>\r\n\r\n<p>Malheureusement, votre identit\u00e9 peut \u00eatre vol\u00e9e de plusieurs fa\u00e7ons. Afin de vous prot\u00e9ger ad\u00e9quatement, recherchez une police d\u2019assurance habitation qui vous offre une <a href=\"\/fr\/habitation\/usurpation-identite\" title=\"Assurance usurpation d\u2019identit\u00e9\">couverture pour usurpation d\u2019identit\u00e9<\/a>. Voici quelques mesures simples que vous pouvez prendre pour vous prot\u00e9ger\u00a0:<\/p>\r\n\r\n<ul>\r\n<li><p>Il est recommand\u00e9 de ne pas apporter toutes vos pi\u00e8ces d\u2019identit\u00e9 dans votre portefeuille ou sac \u00e0 main; si vous les perdez, il est possible que vous soyez victime du vol d\u2019identit\u00e9; dans ce cas, vous devrez prendre des mesures d\u2019att\u00e9nuation tout de suite.<\/p><\/li>\r\n<li><p>Choisir des mots de passe complexes. Astuce\u00a0: un mot de passe comme 1234 ou le nom de jeune fille de votre m\u00e8re n\u2019est pas une bonne id\u00e9e tout comme le fait d\u2019avoir le m\u00eame mot de passe pour tous vos comptes.<\/p><\/li>\r\n<li><p>V\u00e9rifiez la facture de votre carte de cr\u00e9dit pour \u00eatre certain que les frais imput\u00e9s sont pour vos achats.<\/p><\/li>\r\n<li><p>Ne jetez pas de documents comprenant des renseignements personnels. Avant de les jeter, d\u00e9chiquetez-les; cela comprend les re\u00e7us de carte de cr\u00e9dit, les relev\u00e9s bancaires, les factures des services publics et m\u00eame le courrier poubelle qui comprend votre nom et votre adresse.<\/p><\/li>\r\n<li><p>N\u2019inscrivez jamais le num\u00e9ro de votre carte de cr\u00e9dit dans un courriel.<\/p><\/li>\r\n<\/ul>\r\n\r\n            <\/div>\r\n        <\/div>\r\n    <\/div>\r\n<\/section>\r\n\r\n\t<section class=\"bg-transparent\">\n\t\t<img decoding=\"async\" src=\"\/sales\/images\/bgs\/bg-mid-page-cta-general-top.svg\" style=\"width: 100%; vertical-align: bottom; position: relative; top: 1px\"\/>\n\t\t\n\t\t<div class=\"bg-darkTeal py-3\">\t\t\t\n\t\t\t<div class=\"container-fluid\">\n\t\t\t\t<div class=\"row d-flex align-items-center pb-5\">\n\t\t\t\t\t<div class=\"col-12 col-md-8 offset-md-2 px-lg-5 pb-5 pb-lg-0\">\n\t\t\t\t\t\t<div class=\"h6 mb-4 text-primary text-uppercase text-center\">\n\t\t\t\t\t\t\tCela ne prend que 5\u00a0minutes \n\t\t\t\t\t\t<\/div>\t\t\n\t\t\t\t\t\t\t\t\t\t\t\n\t\t\t\t\t\t<p class=\"lead px-lg-5 text-white\">\n\t\t\t\t\t\t\t<strong class=\"d-inline-block text-uc-first\">Pr\u00eat \u00e0 obtenir une soumission en ligne? <\/strong> Votre temps est aussi pr\u00e9cieux que vos possessions. Obtenez une soumission d'assurance habitation en <strong>5 minutes<\/strong>. C\u2019est moins de temps qu\u2019il n\u2019en faut pour faire la file pour un caf\u00e9.\n\t\t\t\t\t\t<\/p>\t\t\t\n\t\n\t\t\t\t\t\t<div id=\"sq1-qw-95ae741ba9c0\" class=\"sq1-quote-widget mb-4 text-white\" data-quote-widget-type=\"HOME\" data-has-custom-text=\"true\">\n\t\t\t\t\t\t\t<div class=\"input-group input-group-focus-within bg-white my-4\">\n\t\t\t\t\t\t\t\t<div>\n\t\t\t\t\t\t\t\t\t<div class=\"input-group-text\">\n\t\t\t\t\t\t\t\t\t\t<i class=\"fa fa-map-marker d-block text-black\"><\/i>\n\t\t\t\t\t\t\t\t\t<\/div>\n\t\t\t\t\t\t\t\t<\/div>\n\t\t\t\t\t\t\t\t<input type=\"text\" class=\"form-control\" style=\"padding: 10px;\" placeholder=\"Enter an address\" aria-label=\"Inscrivez votre adresse pour obtenir une soumission\"\/>\n\t\t\t\t\t\t\t\t<div>\n\t\t\t\t\t\t\t\t\t<button class=\"btn btn-primary\">Obtenir une soumission en ligne d\u00e8s maintenant<\/button>\n\t\t\t\t\t\t\t\t<\/div>\n\t\t\t\t\t\t\t<\/div>\n\t\t\t\t\t\t<\/div>\n\t\t\t\t\t\t\n\t\t\t\t\t\t<p class=\"small text-white\">Avant de commencer, veuillez lire notre <a href=\"https:\/\/www.squareone.ca\/fr\/politique-confidentialite\" target=\"_blank\" rel=\"noreferrer noopener\">Politique de confidentialit\u00e9<\/a> et nos <a href=\"https:\/\/www.squareone.ca\/fr\/conditions-utilisation\" target=\"_blank\" rel=\"noreferrer noopener\">Conditions d\u2019utilisation<\/a>.<\/p>\t\n\t\n\t\t\t\t\t\t<script type=\"text\/javascript\">\n\t\t\t\t\t\t(function() {\n\t\t\t\t\t\t\tdocument.addEventListener('soiMiscJsLoaded', function() {\n\t\t\t\t\t\t        $(document).ready(function() {\n\t\t\t\t\t\t\t\t\tsoiQuoteWidget.processFormWidget('\/sales\/index.php\/json_quote_widget?rand=' +Math.random(), 'qwContainer'); \/\/populate quoting widget with content from symfony.\n\t\t\t\t\t\t\t\t});\n\t\t\t\t\t\t\t});\n\t\t\t\t\t\t})();\n\t\t\t\t\t\t<\/script>\n\t\t\t\t\t<\/div>\n\t\t\t\t<\/div>\n\t\t\t<\/div>\n\t\t<\/div>\n\t\t\n\t\t<img decoding=\"async\" src=\"\/sales\/images\/bgs\/bg-mid-page-cta-general-bottom.svg\" style=\"width: 100%; vertical-align: top\"\/>\t\t\n\t<\/section>\r\n\r\n<section>\r\n    <div class=\"container-fluid py-6\">\r\n        <div class=\"row\">\r\n            <div class=\"col-12 col-lg-8\">\r\n\r\n<h2 id=\"Recovering\">Comment vous r\u00e9tablir apr\u00e8s un vol d\u2019identit\u00e9<\/h2>\r\n\r\n<p>Si vous \u00eates victime du vol d\u2019identit\u00e9\u00a0:<\/p>\r\n\r\n<ul>\r\n<li><p>Informez la police imm\u00e9diatement. Obtenez une copie du rapport de police pour pr\u00e9senter aux organisations que vous devrez contacter.<\/p><\/li>\r\n<li><p>Si vous avez souscrit une assurance usurpation d\u2019identit\u00e9, communiquez avec votre fournisseur d\u2019assurance pour lui donner tous les d\u00e9tails. Vous devrez documenter les mesures prises et les frais engag\u00e9s pour blanchir votre nom et pour r\u00e9tablir votre cr\u00e9dit.<\/p><\/li>\r\n<li><p>Il va sans dire que vous devrez \u00e9tablir de nouveaux mots de passe pour toutes les entreprises avec qui vous faites affaire.<\/p><\/li>\r\n<li><p>Communiquez avec les <a href=\"\/fr\/centres-ressources\/lexique-assurance\/verification-credit\" title=\"D\u00e9finition : v\u00e9rification de cr\u00e9dit\">soci\u00e9t\u00e9s effectuant des enqu\u00eates sur la solvabilit\u00e9<\/a> pour noter le vol d\u2019identit\u00e9 sur votre rapport de solvabilit\u00e9.<\/p><\/li> \r\n<li><p>Programmez un rendez-vous dans votre banque pour \u00e9tablir de nouveaux comptes, cr\u00e9er de nouveaux mots de passe et pour r\u00e9tablir l\u2019acc\u00e8s.<\/p><\/li>\r\n<li><p>Communiquez avec Postes Canada si vous croyez que votre courrier a \u00e9t\u00e9 d\u00e9tourn\u00e9.<\/p><\/li>\r\n<\/ul>\r\n\r\n<h2 id=\"Smartphone\">Comment s\u00e9curiser votre t\u00e9l\u00e9phone intelligent<\/h2>\r\n<p>Vous adorez votre iPhone ou appareil Android. Vous l\u2019utilisez pour tout\u00a0: prendre des photos, effectuer vos activit\u00e9s bancaires, et pour consulter votre courriel, votre calendrier et vos documents, entre autres. Les gens sont nombreux \u00e0 les utiliser \u00e0 des fins personnelles et <a href=\"\/fr\/centres-ressources\/bases-assurance\/assurance-entreprise-a-domicile\" title=\"Existe-t-il une assurance pour les entreprises \u00e0 domicile?\">professionnelles<\/a>.<\/p> C\u2019est peut-\u00eatre le moment d\u2019envisager des mesures de s\u00e9curit\u00e9!<\/p>\r\n\r\n<ul>\r\n<li><p><strong>Surveillez le t\u00e9l\u00e9phone.<\/strong> Ne posez pas votre t\u00e9l\u00e9phone; vous risquez que quelqu\u2019un le vole. Assurez-vous de savoir o\u00f9 se trouve votre t\u00e9l\u00e9phone en tout temps. Si vous le laissez sur la table sans surveillance pendant que vous cherchez un caf\u00e9, vous risquez de le perdre.<\/p><\/li> \r\n<li><p><strong>Rangez-le.<\/strong> Ne sortez pas votre t\u00e9l\u00e9phone si vous vous trouvez dans une zone douteuse, quand vous attendez le train ou si vous \u00eates dans un bus bond\u00e9. Il est facile de se faire voler dans ces situations. Et si vous le mettez dans votre sac ou sac \u00e0 main, assurez-vous qu\u2019il est bien rang\u00e9 dans un compartiment s\u00e9curis\u00e9.<\/p><\/li>\r\n<li><p><strong>D\u00e9sol\u00e9, je n\u2019ai pas l\u2019heure!<\/strong> Si quelqu\u2019un vous demande l\u2019heure, ne sortez pas votre t\u00e9l\u00e9phone. Il est possible que l\u2019individu \u00e9value le type de t\u00e9l\u00e9phone que vous avez. \u00c0 la place, regardez votre montre ou dites-lui que vous n\u2019avez pas l\u2019heure.<\/p><\/li>\r\n<li><p><strong>S\u00e9same, ouvre-toi!<\/strong> Cr\u00e9ez un mot de passe ou NIP et verrouillez le t\u00e9l\u00e9phone. C\u2019est l\u2019un des moyens les plus faciles de vous prot\u00e9ger; remarquez que tous les t\u00e9l\u00e9phones intelligents ont cette capacit\u00e9. Ne choisissez pas un NIP trop compliqu\u00e9, car vous devrez l\u2019inscrirez souvent. En revanche, il ne faut pas que le NIP soit trop facile \u00e0 deviner. Dissimulez le NIP quand vous l\u2019inscrivez s\u2019il y a d\u2019autres personnes \u00e0 proximit\u00e9.<\/p><\/li>\r\n<li><p><strong>Synchronisez-vous.<\/strong> Synchronisez souvent votre t\u00e9l\u00e9phone avec votre ordinateur. Si jamais vous perdez votre t\u00e9l\u00e9phone, vous pourrez au moins r\u00e9cup\u00e9rer les donn\u00e9es sauvegard\u00e9es.<\/p><\/li>\r\n<li><p><strong>\u00c9teignez-le.<\/strong> Si vous ne vous servez pas de Wi-Fi ou Bluetooth, \u00e9teignez le t\u00e9l\u00e9phone. D\u2019autres utilisateurs pourraient r\u00e9cup\u00e9rer de l\u2019information de votre liste de contacts, envoyer des messages SMS de votre t\u00e9l\u00e9phone et plus. Soyez prudent si vous vous connectez \u00e0 un r\u00e9seau Wi-Fi public. Les points d\u2019acc\u00e8s sans fil non s\u00e9curis\u00e9s sont vuln\u00e9rables \u00e0 <a href=\"https:\/\/vitrinelinguistique.oqlf.gouv.qc.ca\/fiche-gdt\/fiche\/2074359\/ecoute-electronique\" title=\"\u00c9coute \u00e9lectronique\" target=\"_blank\" rel=\"noopener noreferrer\">l\u2019\u00e9coute \u00e9lectronique<\/a> ou au vol.<\/p><\/li>\r\n<li><p><strong>Bridez-vous.<\/strong> Ne d\u00e9verrouillez ou d\u00e9bridez pas votre t\u00e9l\u00e9phone. Sinon, vous risquez de subir une attaque contre la s\u00e9curit\u00e9.<\/p><\/li>\r\n<li><p><strong>Soyez au courant.<\/strong> Assurez-vous de mettre \u00e0 jour votre t\u00e9l\u00e9phone. Les mises \u00e0 jour du syst\u00e8me d\u2019exploitation de votre votre t\u00e9l\u00e9phone comprennent souvent des fonctionnalit\u00e9s de s\u00e9curit\u00e9 suppl\u00e9mentaires, en plus des fonctionnalit\u00e9s g\u00e9n\u00e9rales.<\/p><\/li>\r\n<li><p><strong>Suppression \u00e0 distance.<\/strong> Activez la fonctionnalit\u00e9 de suppression des donn\u00e9es \u00e0 distance, \u00e0 l\u2019aide d\u2019un logiciel ou d\u2019un service. Si quelqu\u2019un vole votre t\u00e9l\u00e9phone, c\u2019est rassurant de savoir que vous pouvez l\u2019\u00e9purer \u00e0 distance et emp\u00eacher que quelqu\u2019un acc\u00e8de \u00e0 vos donn\u00e9es.<\/p><\/li>\r\n<\/ul>\r\n\r\n<p>Assurez-vous de souscrire une assurance habitation qui vous permet de <a href=\"\/fr\/centres-ressources\/bases-assurance\/telephone-cellulaire-portable-montre-intelligente\" title=\"Comment assurer les t\u00e9l\u00e9phones cellulaires, les portables et les montres intelligentes?\">remplacer votre t\u00e9l\u00e9phone intelligent<\/a> en cas de perte, de vol ou de dommages. Le vol de votre t\u00e9l\u00e9phone nuit \u00e0 votre <a href=\"\/fr\/centres-ressources\/bases-assurance\/cote-assurance\" title=\"Initiation \u00e0 votre cote d\u2019assurance\">cote de solvabilit\u00e9<\/a>, car votre identit\u00e9 est vol\u00e9e elle aussi. L\u2019assurance usurpation d\u2019identit\u00e9 couvre les frais engag\u00e9s pour r\u00e9tablir votre solvabilit\u00e9.<\/p>\r\n\r\n<p><strong>Vous voulez en savoir plus?<\/strong> Consultez notre <a href=\"\/fr\/centres-ressources\/securite-domiciliaire-personnelle\" title=\"Centre de ressources : s\u00e9curit\u00e9 domiciliaire et personnelle\">Centre de ressources&nbsp;: s\u00e9curit\u00e9 domiciliaire et personnelle<\/a> pour d\u00e9couvriri comment prot\u00e9ger votre famille et votre domicile. Ensuite, <a href=\"\/fr\/soumission-assurance-habitation-en-ligne\" title=\"Obtenir une soumission d\u2019assurance habitation en ligne\">obtenez une soumission d'assurance habitation en ligne<\/a> en moins de 5\u00a0minutes et d\u00e9couvrez \u00e0 quel point l\u2019assurance habitation personnalis\u00e9e peut \u00eatre abordable.<\/p>\r\n\r\n<\/div>\r\n    <\/div>\r\n<\/div>\r\n<\/section>\r\n<script type=\"application\/ld+json\">\r\n{\r\n  \"@context\": \"https:\/\/schema.org\",\r\n  \"@type\": \"WebPage\",\r\n  \"mainEntityOfPage\": {\r\n    \"@type\": \"Article\",\r\n    \"@id\": \"https:\/\/www.squareone.ca\/fr\/centres-ressources\/securite-domiciliaire-personnelle\/securiser-votre-identite\"\r\n  },\r\n  \"author\": [\r\n    {\r\n      \"@type\": \"Person\",\r\n      \"name\": \"Square One team\"\r\n    }\r\n  ],\r\n  \"headline\": \"Comment s\u00e9curiser votre identit\u00e9 et votre t\u00e9l\u00e9phone intelligent\",\r\n  \"datePublished\": \"\",\r\n  \"dateModified\": \"\",\r\n  \"inLanguage\": \"fr-CA\",\r\n  \"isAccessibleForFree\": true\r\n}\r\n<\/script>","protected":false},"excerpt":{"rendered":"<p>Comment s\u00e9curiser votre identit\u00e9 et votre t\u00e9l\u00e9phone intelligent \u00c0 moins que cela ne vous soit arriv\u00e9 \u00e0 vous ou \u00e0 quelqu&rsquo;un que vous connaissez, il y a de fortes chances que vous n&rsquo;ayez aucune id\u00e9e des effets d\u00e9vastateurs que peut avoir le vol d&rsquo;identit\u00e9. En 2009, plus de 11\u00a0000\u00a0Canadiens ont \u00e9t\u00e9 touch\u00e9s par le vol [&hellip;]<\/p>\n","protected":false},"author":2,"featured_media":62599,"parent":51337,"menu_order":0,"comment_status":"open","ping_status":"closed","template":"page-article-new.php","meta":{"_acf_changed":false,"footnotes":""},"class_list":["post-62597","page","type-page","status-publish","has-post-thumbnail","hentry"],"acf":[],"_links":{"self":[{"href":"https:\/\/www.squareone.ca\/fr\/wp-json\/wp\/v2\/pages\/62597","targetHints":{"allow":["GET"]}}],"collection":[{"href":"https:\/\/www.squareone.ca\/fr\/wp-json\/wp\/v2\/pages"}],"about":[{"href":"https:\/\/www.squareone.ca\/fr\/wp-json\/wp\/v2\/types\/page"}],"author":[{"embeddable":true,"href":"https:\/\/www.squareone.ca\/fr\/wp-json\/wp\/v2\/users\/2"}],"replies":[{"embeddable":true,"href":"https:\/\/www.squareone.ca\/fr\/wp-json\/wp\/v2\/comments?post=62597"}],"version-history":[{"count":10,"href":"https:\/\/www.squareone.ca\/fr\/wp-json\/wp\/v2\/pages\/62597\/revisions"}],"predecessor-version":[{"id":76276,"href":"https:\/\/www.squareone.ca\/fr\/wp-json\/wp\/v2\/pages\/62597\/revisions\/76276"}],"up":[{"embeddable":true,"href":"https:\/\/www.squareone.ca\/fr\/wp-json\/wp\/v2\/pages\/51337"}],"wp:featuredmedia":[{"embeddable":true,"href":"https:\/\/www.squareone.ca\/fr\/wp-json\/wp\/v2\/media\/62599"}],"wp:attachment":[{"href":"https:\/\/www.squareone.ca\/fr\/wp-json\/wp\/v2\/media?parent=62597"}],"curies":[{"name":"wp","href":"https:\/\/api.w.org\/{rel}","templated":true}]}}